{"id":9927,"date":"2018-05-30T11:12:13","date_gmt":"2018-05-30T16:12:13","guid":{"rendered":"https:\/\/uninavarra.edu.co\/?page_id=9927"},"modified":"2024-04-30T10:27:17","modified_gmt":"2024-04-30T15:27:17","slug":"presupuestosnacion","status":"publish","type":"page","link":"https:\/\/uninavarra.edu.co\/en\/ciina\/editorial-uninavarra\/libros\/presupuestosnacion\/","title":{"rendered":"Presuppositions for the formation of the idea of Nation in Hispanic America from the thought of Andr\u00e9s Bello."},"content":{"rendered":"<div class=\"wpb-content-wrapper\"><div class=\"wpb-container\"><div class=\"container\"><div class=\"vc_row wpb_row vc_row-fluid row\"><div class=\"col-sm-3  vc_\">\n\t\t<div class=\"wpb_wrapper\">\n\t\t\t<div class=\"wpb_single_image wpb_content_element vc_align_center\">\n\t\t<div class=\"wpb_wrapper\">\n\t\t\t\n\t\t\t<a href=\"https:\/\/uninavarra.edu.co\/wp-content\/uploads\/2020\/11\/Libro-Presupuestos-para-la-formacion-de-la-idea-de-Nacion-en-Hispanoamerica-desde-el-pensamiento-de-Andres-Bello.jpg\" target=\"_self\"><img fetchpriority=\"high\" decoding=\"async\" width=\"1650\" height=\"2550\" src=\"https:\/\/uninavarra.edu.co\/wp-content\/uploads\/2020\/11\/Libro-Presupuestos-para-la-formacion-de-la-idea-de-Nacion-en-Hispanoamerica-desde-el-pensamiento-de-Andres-Bello.jpg\" class=\"vc_box_border_grey attachment-full\" alt=\"\" title=\"Book Presupuestos para la formaci\u00f3n de la idea de Naci\u00f3n en Hispanoam\u00e9rica desde el pensamiento de Andr\u00e9s Bello (Presupuestos para la formaci\u00f3n de la idea de Naci\u00f3n en Hispanoam\u00e9rica desde el pensamiento de Andr\u00e9s Bello).\" srcset=\"https:\/\/uninavarra.edu.co\/wp-content\/uploads\/2020\/11\/Libro-Presupuestos-para-la-formacion-de-la-idea-de-Nacion-en-Hispanoamerica-desde-el-pensamiento-de-Andres-Bello.jpg 1650w, https:\/\/uninavarra.edu.co\/wp-content\/uploads\/2020\/11\/Libro-Presupuestos-para-la-formacion-de-la-idea-de-Nacion-en-Hispanoamerica-desde-el-pensamiento-de-Andres-Bello-97x150.jpg 97w, https:\/\/uninavarra.edu.co\/wp-content\/uploads\/2020\/11\/Libro-Presupuestos-para-la-formacion-de-la-idea-de-Nacion-en-Hispanoamerica-desde-el-pensamiento-de-Andres-Bello-194x300.jpg 194w, https:\/\/uninavarra.edu.co\/wp-content\/uploads\/2020\/11\/Libro-Presupuestos-para-la-formacion-de-la-idea-de-Nacion-en-Hispanoamerica-desde-el-pensamiento-de-Andres-Bello-768x1187.jpg 768w, https:\/\/uninavarra.edu.co\/wp-content\/uploads\/2020\/11\/Libro-Presupuestos-para-la-formacion-de-la-idea-de-Nacion-en-Hispanoamerica-desde-el-pensamiento-de-Andres-Bello-663x1024.jpg 663w, https:\/\/uninavarra.edu.co\/wp-content\/uploads\/2020\/11\/Libro-Presupuestos-para-la-formacion-de-la-idea-de-Nacion-en-Hispanoamerica-desde-el-pensamiento-de-Andres-Bello-994x1536.jpg 994w, https:\/\/uninavarra.edu.co\/wp-content\/uploads\/2020\/11\/Libro-Presupuestos-para-la-formacion-de-la-idea-de-Nacion-en-Hispanoamerica-desde-el-pensamiento-de-Andres-Bello-1325x2048.jpg 1325w\" sizes=\"(max-width: 1650px) 100vw, 1650px\" \/><\/a>\n\t\t<\/div> \n\t<\/div>\n\t\t<\/div> \n\t<\/div><div class=\"col-sm-9  vc_\">\n\t\t<div class=\"wpb_wrapper\">\n\t\t\t\n\t<div class=\"wpb_text_column wpb_content_element\" >\n\t\t<div class=\"wpb_wrapper\">\n\t\t\t<p style=\"text-align: justify;\"><strong>Author:<\/strong>\u00a0Piero Emmanuel Silva Arce<\/p>\n<p style=\"text-align: justify;\"><strong>ISBN:<\/strong> 978-958-56518-1-4<\/p>\n<p style=\"text-align: justify;\"><strong>Price:<\/strong>\u00a0$O<\/p>\n<p style=\"text-align: justify;\"><strong>Description:<\/strong> The book analyzes the constitutive elements of the nation for Andr\u00e9s Bello, in the context of the independence of the first half of the 19th century in Latin America. Its objective is to shed light on a path that, although it has been treated, has also lacked construction. This, with the hope of making us more aware of what we are today as Latin American peoples and as an independent nation-state. Likewise, this historical and conceptual construct is considered necessary, since the debates that took place around the nation at the beginning of the 19th century marked the subsequent path to our present. Today, we require adequate understandings that not only remain on paper, but also have an impact on our conflictive, unique and complex reality.<\/p>\n<p class=\"descargar\" style=\"text-align: justify;\"><a href=\"https:\/\/uninavarra.edu.co\/wp-content\/uploads\/2019\/12\/Libro-Presupuestos-para-la-formaci\u00f3n-de-la-idea-de-Naci\u00f3n-en-Hispanoam\u00e9rica-desde-el-pensamiento-de-Andr\u00e9s-Bello.pdf\">Table of Contents<\/a>\u00a0 \u00a0<a href=\"https:\/\/uninavarra.edu.co\/wp-content\/uploads\/2019\/12\/Libro-Presupuestos-para-la-formaci\u00f3n-de-la-idea-de-Naci\u00f3n-en-Hispanoam\u00e9rica-desde-el-pensamiento-de-Andr\u00e9s-Bello.pdf\">Download<\/a><\/p>\n<h4 style=\"text-align: justify;\"><\/h4>\n\n\t\t<\/div>\n\t<\/div>\n\n\t\t<\/div> \n\t<\/div><\/div><\/div><\/div>\n<\/div>","protected":false},"excerpt":{"rendered":"Autor:\u00a0Piero Emmanuel Silva Arce ISBN: 978-958-56518-1-4 Precio:\u00a0$O Descripci\u00f3n: El libro analiza los elementos constitutivos de la naci\u00f3n para Andr\u00e9s Bello, en el contexto de la independencia de la primera mitad [...]","protected":false},"author":13,"featured_media":0,"parent":31344,"menu_order":0,"comment_status":"closed","ping_status":"closed","template":"","meta":{"footnotes":""},"categories":[1],"tags":[],"class_list":["post-9927","page","type-page","status-publish","hentry","category-uncategorized"],"yoast_head":"<!-- This site is optimized with the Yoast SEO plugin v27.4 - https:\/\/yoast.com\/product\/yoast-seo-wordpress\/ -->\n<title>Presupuestos para la formaci\u00f3n de la idea de Naci\u00f3n en Hispanoam\u00e9rica desde el pensamiento de Andr\u00e9s Bello - Uninavarra<\/title>\n<meta name=\"robots\" content=\"index, follow, max-snippet:-1, max-image-preview:large, max-video-preview:-1\" \/>\n<link rel=\"canonical\" href=\"https:\/\/uninavarra.edu.co\/en\/ciina\/editorial-uninavarra\/libros\/presupuestosnacion\/\" \/>\n<meta property=\"og:locale\" content=\"en_US\" \/>\n<meta property=\"og:type\" content=\"article\" \/>\n<meta property=\"og:title\" content=\"Presupuestos para la formaci\u00f3n de la idea de Naci\u00f3n en Hispanoam\u00e9rica desde el pensamiento de Andr\u00e9s Bello - Uninavarra\" \/>\n<meta property=\"og:url\" content=\"https:\/\/uninavarra.edu.co\/en\/ciina\/editorial-uninavarra\/libros\/presupuestosnacion\/\" \/>\n<meta property=\"og:site_name\" content=\"Uninavarra\" \/>\n<meta property=\"article:publisher\" content=\"https:\/\/www.facebook.com\/UninavarraEduca\" \/>\n<meta property=\"article:modified_time\" content=\"2024-04-30T15:27:17+00:00\" \/>\n<meta name=\"twitter:card\" content=\"summary_large_image\" \/>\n<meta name=\"twitter:site\" content=\"@uninavarraeduca\" \/>\n<meta name=\"twitter:label1\" content=\"Est. reading time\" \/>\n\t<meta name=\"twitter:data1\" content=\"1 minute\" \/>\n<script type=\"application\/ld+json\" class=\"yoast-schema-graph\">{\"@context\":\"https:\\\/\\\/schema.org\",\"@graph\":[{\"@type\":\"WebPage\",\"@id\":\"https:\\\/\\\/uninavarra.edu.co\\\/ciina\\\/editorial-uninavarra\\\/libros\\\/presupuestosnacion\\\/\",\"url\":\"https:\\\/\\\/uninavarra.edu.co\\\/ciina\\\/editorial-uninavarra\\\/libros\\\/presupuestosnacion\\\/\",\"name\":\"Presupuestos para la formaci\u00f3n de la idea de Naci\u00f3n en Hispanoam\u00e9rica desde el pensamiento de Andr\u00e9s Bello - Uninavarra\",\"isPartOf\":{\"@id\":\"https:\\\/\\\/uninavarra.edu.co\\\/#website\"},\"datePublished\":\"2018-05-30T16:12:13+00:00\",\"dateModified\":\"2024-04-30T15:27:17+00:00\",\"breadcrumb\":{\"@id\":\"https:\\\/\\\/uninavarra.edu.co\\\/ciina\\\/editorial-uninavarra\\\/libros\\\/presupuestosnacion\\\/#breadcrumb\"},\"inLanguage\":\"en-US\",\"potentialAction\":[{\"@type\":\"ReadAction\",\"target\":[\"https:\\\/\\\/uninavarra.edu.co\\\/ciina\\\/editorial-uninavarra\\\/libros\\\/presupuestosnacion\\\/\"]}]},{\"@type\":\"BreadcrumbList\",\"@id\":\"https:\\\/\\\/uninavarra.edu.co\\\/ciina\\\/editorial-uninavarra\\\/libros\\\/presupuestosnacion\\\/#breadcrumb\",\"itemListElement\":[{\"@type\":\"ListItem\",\"position\":1,\"name\":\"Home\",\"item\":\"https:\\\/\\\/uninavarra.edu.co\\\/\"},{\"@type\":\"ListItem\",\"position\":2,\"name\":\"CIINA\",\"item\":\"https:\\\/\\\/uninavarra.edu.co\\\/ciina\\\/\"},{\"@type\":\"ListItem\",\"position\":3,\"name\":\"Editorial UNINAVARRA\",\"item\":\"https:\\\/\\\/uninavarra.edu.co\\\/ciina\\\/editorial-uninavarra\\\/\"},{\"@type\":\"ListItem\",\"position\":4,\"name\":\"Libros\",\"item\":\"https:\\\/\\\/uninavarra.edu.co\\\/ciina\\\/editorial-uninavarra\\\/libros\\\/\"},{\"@type\":\"ListItem\",\"position\":5,\"name\":\"Presupuestos para la formaci\u00f3n de la idea de Naci\u00f3n en Hispanoam\u00e9rica desde el pensamiento de Andr\u00e9s Bello\"}]},{\"@type\":\"WebSite\",\"@id\":\"https:\\\/\\\/uninavarra.edu.co\\\/#website\",\"url\":\"https:\\\/\\\/uninavarra.edu.co\\\/\",\"name\":\"UNINAVARRA\",\"description\":\"Haz realidad tu deseo de aprender\",\"publisher\":{\"@id\":\"https:\\\/\\\/uninavarra.edu.co\\\/#organization\"},\"potentialAction\":[{\"@type\":\"SearchAction\",\"target\":{\"@type\":\"EntryPoint\",\"urlTemplate\":\"https:\\\/\\\/uninavarra.edu.co\\\/?s={search_term_string}\"},\"query-input\":{\"@type\":\"PropertyValueSpecification\",\"valueRequired\":true,\"valueName\":\"search_term_string\"}}],\"inLanguage\":\"en-US\"},{\"@type\":\"Organization\",\"@id\":\"https:\\\/\\\/uninavarra.edu.co\\\/#organization\",\"name\":\"Fundaci\u00f3n Universitaria Navarra - UNINAVARRA\",\"url\":\"https:\\\/\\\/uninavarra.edu.co\\\/\",\"logo\":{\"@type\":\"ImageObject\",\"inLanguage\":\"en-US\",\"@id\":\"https:\\\/\\\/uninavarra.edu.co\\\/#\\\/schema\\\/logo\\\/image\\\/\",\"url\":\"https:\\\/\\\/uninavarra.edu.co\\\/wp-content\\\/uploads\\\/2024\\\/06\\\/Escudo-uninavarra-Solo.png\",\"contentUrl\":\"https:\\\/\\\/uninavarra.edu.co\\\/wp-content\\\/uploads\\\/2024\\\/06\\\/Escudo-uninavarra-Solo.png\",\"width\":1500,\"height\":1401,\"caption\":\"Fundaci\u00f3n Universitaria Navarra - UNINAVARRA\"},\"image\":{\"@id\":\"https:\\\/\\\/uninavarra.edu.co\\\/#\\\/schema\\\/logo\\\/image\\\/\"},\"sameAs\":[\"https:\\\/\\\/www.facebook.com\\\/UninavarraEduca\",\"https:\\\/\\\/x.com\\\/uninavarraeduca\",\"https:\\\/\\\/www.instagram.com\\\/uninavarra\\\/?hl=es\",\"https:\\\/\\\/www.linkedin.com\\\/in\\\/fundacin-universitaria-navarra-uninavarra-b41225222\\\/\"]}]}<\/script>\n<!-- \/ Yoast SEO plugin. -->","yoast_head_json":{"title":"Presupuestos para la formaci\u00f3n de la idea de Naci\u00f3n en Hispanoam\u00e9rica desde el pensamiento de Andr\u00e9s Bello - Uninavarra","robots":{"index":"index","follow":"follow","max-snippet":"max-snippet:-1","max-image-preview":"max-image-preview:large","max-video-preview":"max-video-preview:-1"},"canonical":"https:\/\/uninavarra.edu.co\/en\/ciina\/editorial-uninavarra\/libros\/presupuestosnacion\/","og_locale":"en_US","og_type":"article","og_title":"Presupuestos para la formaci\u00f3n de la idea de Naci\u00f3n en Hispanoam\u00e9rica desde el pensamiento de Andr\u00e9s Bello - Uninavarra","og_url":"https:\/\/uninavarra.edu.co\/en\/ciina\/editorial-uninavarra\/libros\/presupuestosnacion\/","og_site_name":"Uninavarra","article_publisher":"https:\/\/www.facebook.com\/UninavarraEduca","article_modified_time":"2024-04-30T15:27:17+00:00","twitter_card":"summary_large_image","twitter_site":"@uninavarraeduca","twitter_misc":{"Est. reading time":"1 minute"},"schema":{"@context":"https:\/\/schema.org","@graph":[{"@type":"WebPage","@id":"https:\/\/uninavarra.edu.co\/ciina\/editorial-uninavarra\/libros\/presupuestosnacion\/","url":"https:\/\/uninavarra.edu.co\/ciina\/editorial-uninavarra\/libros\/presupuestosnacion\/","name":"Presupuestos para la formaci\u00f3n de la idea de Naci\u00f3n en Hispanoam\u00e9rica desde el pensamiento de Andr\u00e9s Bello - Uninavarra","isPartOf":{"@id":"https:\/\/uninavarra.edu.co\/#website"},"datePublished":"2018-05-30T16:12:13+00:00","dateModified":"2024-04-30T15:27:17+00:00","breadcrumb":{"@id":"https:\/\/uninavarra.edu.co\/ciina\/editorial-uninavarra\/libros\/presupuestosnacion\/#breadcrumb"},"inLanguage":"en-US","potentialAction":[{"@type":"ReadAction","target":["https:\/\/uninavarra.edu.co\/ciina\/editorial-uninavarra\/libros\/presupuestosnacion\/"]}]},{"@type":"BreadcrumbList","@id":"https:\/\/uninavarra.edu.co\/ciina\/editorial-uninavarra\/libros\/presupuestosnacion\/#breadcrumb","itemListElement":[{"@type":"ListItem","position":1,"name":"Home","item":"https:\/\/uninavarra.edu.co\/"},{"@type":"ListItem","position":2,"name":"CIINA","item":"https:\/\/uninavarra.edu.co\/ciina\/"},{"@type":"ListItem","position":3,"name":"Editorial UNINAVARRA","item":"https:\/\/uninavarra.edu.co\/ciina\/editorial-uninavarra\/"},{"@type":"ListItem","position":4,"name":"Libros","item":"https:\/\/uninavarra.edu.co\/ciina\/editorial-uninavarra\/libros\/"},{"@type":"ListItem","position":5,"name":"Presupuestos para la formaci\u00f3n de la idea de Naci\u00f3n en Hispanoam\u00e9rica desde el pensamiento de Andr\u00e9s Bello"}]},{"@type":"WebSite","@id":"https:\/\/uninavarra.edu.co\/#website","url":"https:\/\/uninavarra.edu.co\/","name":"UNINAVARRA","description":"Make your desire to learn a reality","publisher":{"@id":"https:\/\/uninavarra.edu.co\/#organization"},"potentialAction":[{"@type":"SearchAction","target":{"@type":"EntryPoint","urlTemplate":"https:\/\/uninavarra.edu.co\/?s={search_term_string}"},"query-input":{"@type":"PropertyValueSpecification","valueRequired":true,"valueName":"search_term_string"}}],"inLanguage":"en-US"},{"@type":"Organization","@id":"https:\/\/uninavarra.edu.co\/#organization","name":"Navarre University Foundation - UNINAVARRA","url":"https:\/\/uninavarra.edu.co\/","logo":{"@type":"ImageObject","inLanguage":"en-US","@id":"https:\/\/uninavarra.edu.co\/#\/schema\/logo\/image\/","url":"https:\/\/uninavarra.edu.co\/wp-content\/uploads\/2024\/06\/Escudo-uninavarra-Solo.png","contentUrl":"https:\/\/uninavarra.edu.co\/wp-content\/uploads\/2024\/06\/Escudo-uninavarra-Solo.png","width":1500,"height":1401,"caption":"Fundaci\u00f3n Universitaria Navarra - UNINAVARRA"},"image":{"@id":"https:\/\/uninavarra.edu.co\/#\/schema\/logo\/image\/"},"sameAs":["https:\/\/www.facebook.com\/UninavarraEduca","https:\/\/x.com\/uninavarraeduca","https:\/\/www.instagram.com\/uninavarra\/?hl=es","https:\/\/www.linkedin.com\/in\/fundacin-universitaria-navarra-uninavarra-b41225222\/"]}]}},"_links":{"self":[{"href":"https:\/\/uninavarra.edu.co\/en\/wp-json\/wp\/v2\/pages\/9927","targetHints":{"allow":["GET"]}}],"collection":[{"href":"https:\/\/uninavarra.edu.co\/en\/wp-json\/wp\/v2\/pages"}],"about":[{"href":"https:\/\/uninavarra.edu.co\/en\/wp-json\/wp\/v2\/types\/page"}],"author":[{"embeddable":true,"href":"https:\/\/uninavarra.edu.co\/en\/wp-json\/wp\/v2\/users\/13"}],"replies":[{"embeddable":true,"href":"https:\/\/uninavarra.edu.co\/en\/wp-json\/wp\/v2\/comments?post=9927"}],"version-history":[{"count":0,"href":"https:\/\/uninavarra.edu.co\/en\/wp-json\/wp\/v2\/pages\/9927\/revisions"}],"up":[{"embeddable":true,"href":"https:\/\/uninavarra.edu.co\/en\/wp-json\/wp\/v2\/pages\/31344"}],"wp:attachment":[{"href":"https:\/\/uninavarra.edu.co\/en\/wp-json\/wp\/v2\/media?parent=9927"}],"wp:term":[{"taxonomy":"category","embeddable":true,"href":"https:\/\/uninavarra.edu.co\/en\/wp-json\/wp\/v2\/categories?post=9927"},{"taxonomy":"post_tag","embeddable":true,"href":"https:\/\/uninavarra.edu.co\/en\/wp-json\/wp\/v2\/tags?post=9927"}],"curies":[{"name":"wp","href":"https:\/\/api.w.org\/{rel}","templated":true}]}}