{"id":9923,"date":"2018-05-30T11:04:16","date_gmt":"2018-05-30T16:04:16","guid":{"rendered":"https:\/\/uninavarra.edu.co\/?page_id=9923"},"modified":"2024-04-30T09:51:17","modified_gmt":"2024-04-30T14:51:17","slug":"neurohandbook","status":"publish","type":"page","link":"https:\/\/uninavarra.edu.co\/en\/ciina\/editorial-uninavarra\/libros\/neurohandbook\/","title":{"rendered":"Neuro Handbook"},"content":{"rendered":"<div class=\"wpb-content-wrapper\"><div class=\"wpb-container\"><div class=\"container\"><div class=\"vc_row wpb_row vc_row-fluid row\"><div class=\"col-sm-3  vc_\">\n\t\t<div class=\"wpb_wrapper\">\n\t\t\t<div class=\"wpb_single_image wpb_content_element vc_align_center\">\n\t\t<div class=\"wpb_wrapper\">\n\t\t\t\n\t\t\t<a href=\"https:\/\/uninavarra.edu.co\/wp-content\/uploads\/2020\/11\/Libro-Neuro-Handbook-scaled.jpg\" target=\"_self\"><img fetchpriority=\"high\" decoding=\"async\" width=\"2165\" height=\"3072\" src=\"https:\/\/uninavarra.edu.co\/wp-content\/uploads\/2020\/11\/Libro-Neuro-Handbook-scaled.jpg\" class=\"vc_box_border_grey attachment-full\" alt=\"\" title=\"Book Neuro Handbook\" \/><\/a>\n\t\t<\/div> \n\t<\/div>\n\t\t<\/div> \n\t<\/div><div class=\"col-sm-9  vc_\">\n\t\t<div class=\"wpb_wrapper\">\n\t\t\t\n\t<div class=\"wpb_text_column wpb_content_element\" >\n\t\t<div class=\"wpb_wrapper\">\n\t\t\t<p style=\"text-align: justify;\"><strong>Editors:<\/strong> Jose Daniel Charry, Juan Pablo Solano<\/p>\n<p style=\"text-align: justify;\"><strong>ISBN:<\/strong> 978-958-56518-8-3<\/p>\n<p style=\"text-align: justify;\"><strong>Price:<\/strong> $60.000<\/p>\n<p style=\"text-align: justify;\"><strong>Description:<\/strong> This Neuro Handbook is a comprehensive guide, useful for medical students and health professionals who require a practical and complete reference on the nervous system and its neurological disorders. It addresses the basic fundamentals of the anatomy, physiology and embryology of the central nervous system. In addition, it provides a succinct description of neuroimaging and semiology techniques for the accurate diagnosis of neurological diseases. Infectious diseases of the central nervous system, such as meningitis and encephalitis, as well as the main causes of ischemic stroke and subarachnoid hemorrhage are also explained. Similarly, tumors of the central nervous system are described in detail, with information on their diagnosis, treatment and prognosis. Next, the book discusses cranioencephalic and spinal trauma, as well as convulsive syndrome and neurological care of the ICU patient. Finally, the book explores brain death and its importance in organ donation. This comprehensive, detailed and practical work has become a reference on neurology.<\/p>\n<p class=\"comprar\" style=\"text-align: justify;\"><a href=\"https:\/\/uninavarra.edu.co\/wp-content\/uploads\/2023\/04\/NeuroHandbook-1-12.pdf\">Table of Contents<\/a>\u00a0 \u00a0 <a href=\"https:\/\/uninavarra.edu.co\/?page_id=9826&amp;preview=true\">Buy<\/a><\/p>\n<h4 style=\"text-align: justify;\"><\/h4>\n\n\t\t<\/div>\n\t<\/div>\n\n\t\t<\/div> \n\t<\/div><\/div><\/div><\/div>\n<\/div>","protected":false},"excerpt":{"rendered":"Editores: Jose Daniel Charry, Juan Pablo Solano ISBN: 978-958-56518-8-3 Precio: $60.000 Descripci\u00f3n: Este Neuro Handbook es una gu\u00eda completa, \u00fatil para estudiantes de medicina y profesionales de la salud que [...]","protected":false},"author":13,"featured_media":0,"parent":31344,"menu_order":0,"comment_status":"closed","ping_status":"closed","template":"","meta":{"footnotes":""},"categories":[1],"tags":[],"class_list":["post-9923","page","type-page","status-publish","hentry","category-uncategorized"],"yoast_head":"<!-- This site is optimized with the Yoast SEO plugin v27.4 - https:\/\/yoast.com\/product\/yoast-seo-wordpress\/ -->\n<title>Neuro Handbook - Uninavarra<\/title>\n<meta name=\"robots\" content=\"index, follow, max-snippet:-1, max-image-preview:large, max-video-preview:-1\" \/>\n<link rel=\"canonical\" href=\"https:\/\/uninavarra.edu.co\/en\/ciina\/editorial-uninavarra\/libros\/neurohandbook\/\" \/>\n<meta property=\"og:locale\" content=\"en_US\" \/>\n<meta property=\"og:type\" content=\"article\" \/>\n<meta property=\"og:title\" content=\"Neuro Handbook - Uninavarra\" \/>\n<meta property=\"og:url\" content=\"https:\/\/uninavarra.edu.co\/en\/ciina\/editorial-uninavarra\/libros\/neurohandbook\/\" \/>\n<meta property=\"og:site_name\" content=\"Uninavarra\" \/>\n<meta property=\"article:publisher\" content=\"https:\/\/www.facebook.com\/UninavarraEduca\" \/>\n<meta property=\"article:modified_time\" content=\"2024-04-30T14:51:17+00:00\" \/>\n<meta name=\"twitter:card\" content=\"summary_large_image\" \/>\n<meta name=\"twitter:site\" content=\"@uninavarraeduca\" \/>\n<meta name=\"twitter:label1\" content=\"Est. reading time\" \/>\n\t<meta name=\"twitter:data1\" content=\"1 minute\" \/>\n<script type=\"application\/ld+json\" class=\"yoast-schema-graph\">{\"@context\":\"https:\\\/\\\/schema.org\",\"@graph\":[{\"@type\":\"WebPage\",\"@id\":\"https:\\\/\\\/uninavarra.edu.co\\\/ciina\\\/editorial-uninavarra\\\/libros\\\/neurohandbook\\\/\",\"url\":\"https:\\\/\\\/uninavarra.edu.co\\\/ciina\\\/editorial-uninavarra\\\/libros\\\/neurohandbook\\\/\",\"name\":\"Neuro Handbook - Uninavarra\",\"isPartOf\":{\"@id\":\"https:\\\/\\\/uninavarra.edu.co\\\/#website\"},\"datePublished\":\"2018-05-30T16:04:16+00:00\",\"dateModified\":\"2024-04-30T14:51:17+00:00\",\"breadcrumb\":{\"@id\":\"https:\\\/\\\/uninavarra.edu.co\\\/ciina\\\/editorial-uninavarra\\\/libros\\\/neurohandbook\\\/#breadcrumb\"},\"inLanguage\":\"en-US\",\"potentialAction\":[{\"@type\":\"ReadAction\",\"target\":[\"https:\\\/\\\/uninavarra.edu.co\\\/ciina\\\/editorial-uninavarra\\\/libros\\\/neurohandbook\\\/\"]}]},{\"@type\":\"BreadcrumbList\",\"@id\":\"https:\\\/\\\/uninavarra.edu.co\\\/ciina\\\/editorial-uninavarra\\\/libros\\\/neurohandbook\\\/#breadcrumb\",\"itemListElement\":[{\"@type\":\"ListItem\",\"position\":1,\"name\":\"Home\",\"item\":\"https:\\\/\\\/uninavarra.edu.co\\\/\"},{\"@type\":\"ListItem\",\"position\":2,\"name\":\"CIINA\",\"item\":\"https:\\\/\\\/uninavarra.edu.co\\\/ciina\\\/\"},{\"@type\":\"ListItem\",\"position\":3,\"name\":\"Editorial UNINAVARRA\",\"item\":\"https:\\\/\\\/uninavarra.edu.co\\\/ciina\\\/editorial-uninavarra\\\/\"},{\"@type\":\"ListItem\",\"position\":4,\"name\":\"Libros\",\"item\":\"https:\\\/\\\/uninavarra.edu.co\\\/ciina\\\/editorial-uninavarra\\\/libros\\\/\"},{\"@type\":\"ListItem\",\"position\":5,\"name\":\"Neuro Handbook\"}]},{\"@type\":\"WebSite\",\"@id\":\"https:\\\/\\\/uninavarra.edu.co\\\/#website\",\"url\":\"https:\\\/\\\/uninavarra.edu.co\\\/\",\"name\":\"UNINAVARRA\",\"description\":\"Haz realidad tu deseo de aprender\",\"publisher\":{\"@id\":\"https:\\\/\\\/uninavarra.edu.co\\\/#organization\"},\"potentialAction\":[{\"@type\":\"SearchAction\",\"target\":{\"@type\":\"EntryPoint\",\"urlTemplate\":\"https:\\\/\\\/uninavarra.edu.co\\\/?s={search_term_string}\"},\"query-input\":{\"@type\":\"PropertyValueSpecification\",\"valueRequired\":true,\"valueName\":\"search_term_string\"}}],\"inLanguage\":\"en-US\"},{\"@type\":\"Organization\",\"@id\":\"https:\\\/\\\/uninavarra.edu.co\\\/#organization\",\"name\":\"Fundaci\u00f3n Universitaria Navarra - UNINAVARRA\",\"url\":\"https:\\\/\\\/uninavarra.edu.co\\\/\",\"logo\":{\"@type\":\"ImageObject\",\"inLanguage\":\"en-US\",\"@id\":\"https:\\\/\\\/uninavarra.edu.co\\\/#\\\/schema\\\/logo\\\/image\\\/\",\"url\":\"https:\\\/\\\/uninavarra.edu.co\\\/wp-content\\\/uploads\\\/2024\\\/06\\\/Escudo-uninavarra-Solo.png\",\"contentUrl\":\"https:\\\/\\\/uninavarra.edu.co\\\/wp-content\\\/uploads\\\/2024\\\/06\\\/Escudo-uninavarra-Solo.png\",\"width\":1500,\"height\":1401,\"caption\":\"Fundaci\u00f3n Universitaria Navarra - UNINAVARRA\"},\"image\":{\"@id\":\"https:\\\/\\\/uninavarra.edu.co\\\/#\\\/schema\\\/logo\\\/image\\\/\"},\"sameAs\":[\"https:\\\/\\\/www.facebook.com\\\/UninavarraEduca\",\"https:\\\/\\\/x.com\\\/uninavarraeduca\",\"https:\\\/\\\/www.instagram.com\\\/uninavarra\\\/?hl=es\",\"https:\\\/\\\/www.linkedin.com\\\/in\\\/fundacin-universitaria-navarra-uninavarra-b41225222\\\/\"]}]}<\/script>\n<!-- \/ Yoast SEO plugin. -->","yoast_head_json":{"title":"Neuro Handbook - Uninavarra","robots":{"index":"index","follow":"follow","max-snippet":"max-snippet:-1","max-image-preview":"max-image-preview:large","max-video-preview":"max-video-preview:-1"},"canonical":"https:\/\/uninavarra.edu.co\/en\/ciina\/editorial-uninavarra\/libros\/neurohandbook\/","og_locale":"en_US","og_type":"article","og_title":"Neuro Handbook - Uninavarra","og_url":"https:\/\/uninavarra.edu.co\/en\/ciina\/editorial-uninavarra\/libros\/neurohandbook\/","og_site_name":"Uninavarra","article_publisher":"https:\/\/www.facebook.com\/UninavarraEduca","article_modified_time":"2024-04-30T14:51:17+00:00","twitter_card":"summary_large_image","twitter_site":"@uninavarraeduca","twitter_misc":{"Est. reading time":"1 minute"},"schema":{"@context":"https:\/\/schema.org","@graph":[{"@type":"WebPage","@id":"https:\/\/uninavarra.edu.co\/ciina\/editorial-uninavarra\/libros\/neurohandbook\/","url":"https:\/\/uninavarra.edu.co\/ciina\/editorial-uninavarra\/libros\/neurohandbook\/","name":"Neuro Handbook - Uninavarra","isPartOf":{"@id":"https:\/\/uninavarra.edu.co\/#website"},"datePublished":"2018-05-30T16:04:16+00:00","dateModified":"2024-04-30T14:51:17+00:00","breadcrumb":{"@id":"https:\/\/uninavarra.edu.co\/ciina\/editorial-uninavarra\/libros\/neurohandbook\/#breadcrumb"},"inLanguage":"en-US","potentialAction":[{"@type":"ReadAction","target":["https:\/\/uninavarra.edu.co\/ciina\/editorial-uninavarra\/libros\/neurohandbook\/"]}]},{"@type":"BreadcrumbList","@id":"https:\/\/uninavarra.edu.co\/ciina\/editorial-uninavarra\/libros\/neurohandbook\/#breadcrumb","itemListElement":[{"@type":"ListItem","position":1,"name":"Home","item":"https:\/\/uninavarra.edu.co\/"},{"@type":"ListItem","position":2,"name":"CIINA","item":"https:\/\/uninavarra.edu.co\/ciina\/"},{"@type":"ListItem","position":3,"name":"Editorial UNINAVARRA","item":"https:\/\/uninavarra.edu.co\/ciina\/editorial-uninavarra\/"},{"@type":"ListItem","position":4,"name":"Libros","item":"https:\/\/uninavarra.edu.co\/ciina\/editorial-uninavarra\/libros\/"},{"@type":"ListItem","position":5,"name":"Neuro Handbook"}]},{"@type":"WebSite","@id":"https:\/\/uninavarra.edu.co\/#website","url":"https:\/\/uninavarra.edu.co\/","name":"UNINAVARRA","description":"Make your desire to learn a reality","publisher":{"@id":"https:\/\/uninavarra.edu.co\/#organization"},"potentialAction":[{"@type":"SearchAction","target":{"@type":"EntryPoint","urlTemplate":"https:\/\/uninavarra.edu.co\/?s={search_term_string}"},"query-input":{"@type":"PropertyValueSpecification","valueRequired":true,"valueName":"search_term_string"}}],"inLanguage":"en-US"},{"@type":"Organization","@id":"https:\/\/uninavarra.edu.co\/#organization","name":"Navarre University Foundation - UNINAVARRA","url":"https:\/\/uninavarra.edu.co\/","logo":{"@type":"ImageObject","inLanguage":"en-US","@id":"https:\/\/uninavarra.edu.co\/#\/schema\/logo\/image\/","url":"https:\/\/uninavarra.edu.co\/wp-content\/uploads\/2024\/06\/Escudo-uninavarra-Solo.png","contentUrl":"https:\/\/uninavarra.edu.co\/wp-content\/uploads\/2024\/06\/Escudo-uninavarra-Solo.png","width":1500,"height":1401,"caption":"Fundaci\u00f3n Universitaria Navarra - UNINAVARRA"},"image":{"@id":"https:\/\/uninavarra.edu.co\/#\/schema\/logo\/image\/"},"sameAs":["https:\/\/www.facebook.com\/UninavarraEduca","https:\/\/x.com\/uninavarraeduca","https:\/\/www.instagram.com\/uninavarra\/?hl=es","https:\/\/www.linkedin.com\/in\/fundacin-universitaria-navarra-uninavarra-b41225222\/"]}]}},"_links":{"self":[{"href":"https:\/\/uninavarra.edu.co\/en\/wp-json\/wp\/v2\/pages\/9923","targetHints":{"allow":["GET"]}}],"collection":[{"href":"https:\/\/uninavarra.edu.co\/en\/wp-json\/wp\/v2\/pages"}],"about":[{"href":"https:\/\/uninavarra.edu.co\/en\/wp-json\/wp\/v2\/types\/page"}],"author":[{"embeddable":true,"href":"https:\/\/uninavarra.edu.co\/en\/wp-json\/wp\/v2\/users\/13"}],"replies":[{"embeddable":true,"href":"https:\/\/uninavarra.edu.co\/en\/wp-json\/wp\/v2\/comments?post=9923"}],"version-history":[{"count":0,"href":"https:\/\/uninavarra.edu.co\/en\/wp-json\/wp\/v2\/pages\/9923\/revisions"}],"up":[{"embeddable":true,"href":"https:\/\/uninavarra.edu.co\/en\/wp-json\/wp\/v2\/pages\/31344"}],"wp:attachment":[{"href":"https:\/\/uninavarra.edu.co\/en\/wp-json\/wp\/v2\/media?parent=9923"}],"wp:term":[{"taxonomy":"category","embeddable":true,"href":"https:\/\/uninavarra.edu.co\/en\/wp-json\/wp\/v2\/categories?post=9923"},{"taxonomy":"post_tag","embeddable":true,"href":"https:\/\/uninavarra.edu.co\/en\/wp-json\/wp\/v2\/tags?post=9923"}],"curies":[{"name":"wp","href":"https:\/\/api.w.org\/{rel}","templated":true}]}}