{"id":98757,"date":"2026-04-01T14:55:46","date_gmt":"2026-04-01T19:55:46","guid":{"rendered":"https:\/\/uninavarra.edu.co\/?page_id=98757"},"modified":"2026-04-01T14:55:46","modified_gmt":"2026-04-01T19:55:46","slug":"eventos-2026-enfermeria","status":"publish","type":"page","link":"https:\/\/uninavarra.edu.co\/en\/landing\/enfermeria\/eventos-enfermeria\/eventos-2026-enfermeria\/","title":{"rendered":"Eventos 2026 &#8211; Enfermer\u00eda"},"content":{"rendered":"<div class=\"wpb-content-wrapper\"><div class=\"wpb-container\"><div class=\"container\"><div class=\"vc_row wpb_row vc_row-fluid row\"><div class=\"col-sm-12  vc_\">\n\t\t<div class=\"wpb_wrapper\">\n\t\t\t<div class=\"vc_empty_space\"   style=\"height: 32px\"><span class=\"vc_empty_space_inner\"><\/span><\/div>\n\t<div class=\"wpb_raw_code wpb_raw_html wpb_content_element\" >\n\t\t<div class=\"wpb_wrapper\">\n\t\t\t<div class=\"container2 extension\" id=\"extension\">\n\n\n              \n                <!-- evento # 1 -->\n                <a class=\"popmake-98759\">\n                    <div class='card exte'>\n                        <div class='card-header'>\n                            <img src='https:\/\/uninavarra.edu.co\/wp-content\/uploads\/2026\/04\/IMG_8737.jpg'alt='' \/>\n                            <div class='card-body'>\n                                <p style='color:#393434'> Ceremonia de Imposici\u00f3n de S\u00edmbolos 2026-1 del programa de enfermer\u00eda. <\/p>\n                            <\/div>\n                        <\/div>\n                    <\/div>\n                <\/a>\n                \n<\/div>\n\t\t<\/div>\n\t<\/div>\n\n\t<div class=\"wpb_raw_code wpb_raw_html wpb_content_element\" >\n\t\t<div class=\"wpb_wrapper\">\n\t\t\t<style>\n.container2 {\n    display: flex;\n    justify-content: space-evenly;\n    flex-wrap: wrap;\n    max-width: 100%;\n}\n\n.card {\n    margin: 10px;\n    background-color: #fff;\n    border-radius: 10px;\n    transition: transform 0.3s ease;\n    box-shadow: 0 2px 20px rgba(0, 0, 0, 0.2);\n    overflow: hidden;\n    width: 250px !important;\n    min-height: 270px;\n}\n\n.card:hover {\n    transform: scale(1.1);\n}\n\n.card-header img {\n    width: 100%;\n    height: 150px;\n    object-fit: cover;\n    object-position: center center;\n    image-rendering: auto;\n}\n\n.card-body {\n    display: flex;\n    flex-direction: column;\n    justify-content: center;\n    align-items: center; \/* Cambiado a 'center' para centrar el contenido *\/\n    padding: 17px;\n    min-height: 108px;\n    max-height: 126px;\n}\n\n.tag {\n    background: #cccccc;\n    border-radius: 50px;\n    font-size: 12px;\n    margin: 0;\n    padding: 20px;\n    color: #fff;\n    padding: 2px 10px;\n    text-transform: uppercase;\n    cursor: pointer;\n}\n\n.tag-teal {\n    background-color: #47bcd4;\n}\n\n.tag-purple {\n    background-color: #5e76bf;\n}\n\n.tag-pink {\n    background-color: #cd5b9f;\n}\n\n.card-body p {\n    font-size: 14px !important;\n    margin: 0 0 10px;\n    line-height: 1.2;\n    text-align: center;\n}\n\n.card-footer {\n    text-align: center;\n    margin-bottom: -5px;\n}\n\n.user {\n    display: flex;\n    margin-top: auto;\n}\n\n.user img {\n    border-radius: 50%;\n    width: 40px;\n    height: 40px;\n    margin-right: 10px;\n}\n\n.user-info h5 {\n    margin: 0;\n}\n\n.user-info small {\n    color: #545d7a;\n}\n\n.floating-menu {\n    display: none;\n}\n\na:hover, a:focus, a:active {\n    text-decoration: none;\n}\n<\/style>\n\n\t\t<\/div>\n\t<\/div>\n\n\t<div class=\"wpb_raw_code wpb_raw_html wpb_content_element\" >\n\t\t<div class=\"wpb_wrapper\">\n\t\t\t<link rel=\"preconnect\" href=\"https:\/\/fonts.gstatic.com\">\n<link href=\"https:\/\/fonts.googleapis.com\/css2?family=Raleway:ital,wght@0,400;0,700;1,400&display=swap\" rel=\"stylesheet\">\n<link href=\"https:\/\/fonts.googleapis.com\/css2?family=Lato:wght@400;700&display=swap\" rel=\"stylesheet\">\n<link href=\"https:\/\/fonts.googleapis.com\/icon?family=Material+Icons\" rel=\"stylesheet\">\n\n<style>\n\/* Arregla el tama\u00f1o de la letra del slider cina ya que esta en 'rem' *\/ html {font-size: 100%} .navbar-mega .navbar-nav > li .dropdown-menu li a {font-size: 14px !important;}\n\n\/* CAMBIO COLOR DE LA LETRA Y ESTILO *\/\n#wpo-mainbody, #wpo-mainbody h2, #wpo-mainbody h3, #wpo-mainbody h4, #wpo-mainbody p, #wpo-mainbody a, #wpo-mainbody strong, #wpo-mainbody em, #wpo-mainbody th, #wpo-mainbody tr, #wpo-mainbody td, #wpo-mainbody ol, #wpo-mainbody ul, #wpo-mainbody li, #wpo-mainbody :after {\n    font-family: 'Raleway', sans-serif\n}\n\n#wpo-mainbody p {\n    font-size: 18px;\n    line-height: 15px;\n}\n\n#wpo-mainbody li {\n    font-size: 18px;\n    line-height: 15px;\n}\n\n#wpo-mainbody a {\n    text-decoration: none;\n    \/*color: #555;*\/\n}\n\n#wpo-mainbody a:hover {\n    transition: 0.4s;\n    \/*color: rgb(239, 184, 16);*\/\n}\n\n#wpo-mainbody strong {\n    line-height: 15px\n}\n\n\/* Estilo Aplicado en Listas de Semilleros de los Grupos de Investigaci\u00f3n *\/\n#wpo-mainbody .lista_semilleros ul {\n    padding-inline-start: 35px;\n}\n\n#wpo-mainbody .lista_semilleros li {\n\tline-height: 20px\n}\n\n#wpo-mainbody .lista_semilleros ul li {\n\tfont-size: 15px;\n\tmargin-left: 20px;\n\tmargin-bottom: 15px\n}\n\n#wpo-mainbody .lista_semilleros li:last-child ul li {\n\tmargin-bottom: 0\n}\n\n#wpo-mainbody .lista_semilleros ul li:before {\n    position: absolute;\n    background: none;\n}\n<\/style>\n\t\t<\/div>\n\t<\/div>\n\n\t\t<\/div> \n\t<\/div><\/div><\/div><\/div>\n<\/div>","protected":false},"excerpt":{"rendered":"Ceremonia de Imposici\u00f3n de S\u00edmbolos 2026-1 del programa de enfermer\u00eda.","protected":false},"author":13,"featured_media":68058,"parent":91176,"menu_order":0,"comment_status":"closed","ping_status":"closed","template":"","meta":{"footnotes":""},"categories":[],"tags":[],"class_list":["post-98757","page","type-page","status-publish","has-post-thumbnail","hentry"],"yoast_head":"<!-- This site is optimized with the Yoast SEO plugin v27.2 - https:\/\/yoast.com\/product\/yoast-seo-wordpress\/ -->\n<title>Eventos 2026 - Enfermer\u00eda - Uninavarra<\/title>\n<meta name=\"robots\" content=\"index, follow, max-snippet:-1, max-image-preview:large, max-video-preview:-1\" \/>\n<link rel=\"canonical\" href=\"https:\/\/uninavarra.edu.co\/en\/landing\/enfermeria\/eventos-enfermeria\/eventos-2026-enfermeria\/\" \/>\n<meta property=\"og:locale\" content=\"en_US\" \/>\n<meta property=\"og:type\" content=\"article\" \/>\n<meta property=\"og:title\" content=\"Eventos 2026 - Enfermer\u00eda - Uninavarra\" \/>\n<meta property=\"og:url\" content=\"https:\/\/uninavarra.edu.co\/en\/landing\/enfermeria\/eventos-enfermeria\/eventos-2026-enfermeria\/\" \/>\n<meta property=\"og:site_name\" content=\"Uninavarra\" \/>\n<meta property=\"article:publisher\" content=\"https:\/\/www.facebook.com\/UninavarraEduca\" \/>\n<meta property=\"og:image\" content=\"https:\/\/uninavarra.edu.co\/wp-content\/uploads\/2023\/12\/banner-generico.png\" \/>\n\t<meta property=\"og:image:width\" content=\"2480\" \/>\n\t<meta property=\"og:image:height\" content=\"276\" \/>\n\t<meta property=\"og:image:type\" content=\"image\/png\" \/>\n<meta name=\"twitter:card\" content=\"summary_large_image\" \/>\n<meta name=\"twitter:site\" content=\"@uninavarraeduca\" \/>\n<meta name=\"twitter:label1\" content=\"Est. reading time\" \/>\n\t<meta name=\"twitter:data1\" content=\"1 minute\" \/>\n<script type=\"application\/ld+json\" class=\"yoast-schema-graph\">{\"@context\":\"https:\/\/schema.org\",\"@graph\":[{\"@type\":\"WebPage\",\"@id\":\"https:\/\/uninavarra.edu.co\/landing\/enfermeria\/eventos-enfermeria\/eventos-2026-enfermeria\/\",\"url\":\"https:\/\/uninavarra.edu.co\/landing\/enfermeria\/eventos-enfermeria\/eventos-2026-enfermeria\/\",\"name\":\"Eventos 2026 - Enfermer\u00eda - Uninavarra\",\"isPartOf\":{\"@id\":\"https:\/\/uninavarra.edu.co\/#website\"},\"primaryImageOfPage\":{\"@id\":\"https:\/\/uninavarra.edu.co\/landing\/enfermeria\/eventos-enfermeria\/eventos-2026-enfermeria\/#primaryimage\"},\"image\":{\"@id\":\"https:\/\/uninavarra.edu.co\/landing\/enfermeria\/eventos-enfermeria\/eventos-2026-enfermeria\/#primaryimage\"},\"thumbnailUrl\":\"https:\/\/uninavarra.edu.co\/wp-content\/uploads\/2023\/12\/banner-generico.png\",\"datePublished\":\"2026-04-01T19:55:46+00:00\",\"breadcrumb\":{\"@id\":\"https:\/\/uninavarra.edu.co\/landing\/enfermeria\/eventos-enfermeria\/eventos-2026-enfermeria\/#breadcrumb\"},\"inLanguage\":\"en-US\",\"potentialAction\":[{\"@type\":\"ReadAction\",\"target\":[\"https:\/\/uninavarra.edu.co\/landing\/enfermeria\/eventos-enfermeria\/eventos-2026-enfermeria\/\"]}]},{\"@type\":\"ImageObject\",\"inLanguage\":\"en-US\",\"@id\":\"https:\/\/uninavarra.edu.co\/landing\/enfermeria\/eventos-enfermeria\/eventos-2026-enfermeria\/#primaryimage\",\"url\":\"https:\/\/uninavarra.edu.co\/wp-content\/uploads\/2023\/12\/banner-generico.png\",\"contentUrl\":\"https:\/\/uninavarra.edu.co\/wp-content\/uploads\/2023\/12\/banner-generico.png\",\"width\":2480,\"height\":276,\"caption\":\"banner generico\"},{\"@type\":\"BreadcrumbList\",\"@id\":\"https:\/\/uninavarra.edu.co\/landing\/enfermeria\/eventos-enfermeria\/eventos-2026-enfermeria\/#breadcrumb\",\"itemListElement\":[{\"@type\":\"ListItem\",\"position\":1,\"name\":\"Home\",\"item\":\"https:\/\/uninavarra.edu.co\/\"},{\"@type\":\"ListItem\",\"position\":2,\"name\":\"Oferta acad\u00e9mica &#8211; Programas UNINAVARRA\",\"item\":\"https:\/\/uninavarra.edu.co\/landing\/\"},{\"@type\":\"ListItem\",\"position\":3,\"name\":\"Enfermer\u00eda\",\"item\":\"https:\/\/uninavarra.edu.co\/landing\/enfermeria\/\"},{\"@type\":\"ListItem\",\"position\":4,\"name\":\"Eventos Enfermer\u00eda\",\"item\":\"https:\/\/uninavarra.edu.co\/landing\/enfermeria\/eventos-enfermeria\/\"},{\"@type\":\"ListItem\",\"position\":5,\"name\":\"Eventos 2026 &#8211; Enfermer\u00eda\"}]},{\"@type\":\"WebSite\",\"@id\":\"https:\/\/uninavarra.edu.co\/#website\",\"url\":\"https:\/\/uninavarra.edu.co\/\",\"name\":\"UNINAVARRA\",\"description\":\"Haz realidad tu deseo de aprender\",\"publisher\":{\"@id\":\"https:\/\/uninavarra.edu.co\/#organization\"},\"potentialAction\":[{\"@type\":\"SearchAction\",\"target\":{\"@type\":\"EntryPoint\",\"urlTemplate\":\"https:\/\/uninavarra.edu.co\/?s={search_term_string}\"},\"query-input\":{\"@type\":\"PropertyValueSpecification\",\"valueRequired\":true,\"valueName\":\"search_term_string\"}}],\"inLanguage\":\"en-US\"},{\"@type\":\"Organization\",\"@id\":\"https:\/\/uninavarra.edu.co\/#organization\",\"name\":\"Fundaci\u00f3n Universitaria Navarra - UNINAVARRA\",\"url\":\"https:\/\/uninavarra.edu.co\/\",\"logo\":{\"@type\":\"ImageObject\",\"inLanguage\":\"en-US\",\"@id\":\"https:\/\/uninavarra.edu.co\/#\/schema\/logo\/image\/\",\"url\":\"https:\/\/uninavarra.edu.co\/wp-content\/uploads\/2024\/06\/Escudo-uninavarra-Solo.png\",\"contentUrl\":\"https:\/\/uninavarra.edu.co\/wp-content\/uploads\/2024\/06\/Escudo-uninavarra-Solo.png\",\"width\":1500,\"height\":1401,\"caption\":\"Fundaci\u00f3n Universitaria Navarra - UNINAVARRA\"},\"image\":{\"@id\":\"https:\/\/uninavarra.edu.co\/#\/schema\/logo\/image\/\"},\"sameAs\":[\"https:\/\/www.facebook.com\/UninavarraEduca\",\"https:\/\/x.com\/uninavarraeduca\",\"https:\/\/www.instagram.com\/uninavarra\/?hl=es\",\"https:\/\/www.linkedin.com\/in\/fundacin-universitaria-navarra-uninavarra-b41225222\/\"]}]}<\/script>\n<!-- \/ Yoast SEO plugin. -->","yoast_head_json":{"title":"Eventos 2026 - Enfermer\u00eda - Uninavarra","robots":{"index":"index","follow":"follow","max-snippet":"max-snippet:-1","max-image-preview":"max-image-preview:large","max-video-preview":"max-video-preview:-1"},"canonical":"https:\/\/uninavarra.edu.co\/en\/landing\/enfermeria\/eventos-enfermeria\/eventos-2026-enfermeria\/","og_locale":"en_US","og_type":"article","og_title":"Eventos 2026 - Enfermer\u00eda - Uninavarra","og_url":"https:\/\/uninavarra.edu.co\/en\/landing\/enfermeria\/eventos-enfermeria\/eventos-2026-enfermeria\/","og_site_name":"Uninavarra","article_publisher":"https:\/\/www.facebook.com\/UninavarraEduca","og_image":[{"width":2480,"height":276,"url":"https:\/\/uninavarra.edu.co\/wp-content\/uploads\/2023\/12\/banner-generico.png","type":"image\/png"}],"twitter_card":"summary_large_image","twitter_site":"@uninavarraeduca","twitter_misc":{"Est. reading time":"1 minute"},"schema":{"@context":"https:\/\/schema.org","@graph":[{"@type":"WebPage","@id":"https:\/\/uninavarra.edu.co\/landing\/enfermeria\/eventos-enfermeria\/eventos-2026-enfermeria\/","url":"https:\/\/uninavarra.edu.co\/landing\/enfermeria\/eventos-enfermeria\/eventos-2026-enfermeria\/","name":"Eventos 2026 - Enfermer\u00eda - Uninavarra","isPartOf":{"@id":"https:\/\/uninavarra.edu.co\/#website"},"primaryImageOfPage":{"@id":"https:\/\/uninavarra.edu.co\/landing\/enfermeria\/eventos-enfermeria\/eventos-2026-enfermeria\/#primaryimage"},"image":{"@id":"https:\/\/uninavarra.edu.co\/landing\/enfermeria\/eventos-enfermeria\/eventos-2026-enfermeria\/#primaryimage"},"thumbnailUrl":"https:\/\/uninavarra.edu.co\/wp-content\/uploads\/2023\/12\/banner-generico.png","datePublished":"2026-04-01T19:55:46+00:00","breadcrumb":{"@id":"https:\/\/uninavarra.edu.co\/landing\/enfermeria\/eventos-enfermeria\/eventos-2026-enfermeria\/#breadcrumb"},"inLanguage":"en-US","potentialAction":[{"@type":"ReadAction","target":["https:\/\/uninavarra.edu.co\/landing\/enfermeria\/eventos-enfermeria\/eventos-2026-enfermeria\/"]}]},{"@type":"ImageObject","inLanguage":"en-US","@id":"https:\/\/uninavarra.edu.co\/landing\/enfermeria\/eventos-enfermeria\/eventos-2026-enfermeria\/#primaryimage","url":"https:\/\/uninavarra.edu.co\/wp-content\/uploads\/2023\/12\/banner-generico.png","contentUrl":"https:\/\/uninavarra.edu.co\/wp-content\/uploads\/2023\/12\/banner-generico.png","width":2480,"height":276,"caption":"banner generico"},{"@type":"BreadcrumbList","@id":"https:\/\/uninavarra.edu.co\/landing\/enfermeria\/eventos-enfermeria\/eventos-2026-enfermeria\/#breadcrumb","itemListElement":[{"@type":"ListItem","position":1,"name":"Home","item":"https:\/\/uninavarra.edu.co\/"},{"@type":"ListItem","position":2,"name":"Oferta acad\u00e9mica &#8211; Programas UNINAVARRA","item":"https:\/\/uninavarra.edu.co\/landing\/"},{"@type":"ListItem","position":3,"name":"Enfermer\u00eda","item":"https:\/\/uninavarra.edu.co\/landing\/enfermeria\/"},{"@type":"ListItem","position":4,"name":"Eventos Enfermer\u00eda","item":"https:\/\/uninavarra.edu.co\/landing\/enfermeria\/eventos-enfermeria\/"},{"@type":"ListItem","position":5,"name":"Eventos 2026 &#8211; Enfermer\u00eda"}]},{"@type":"WebSite","@id":"https:\/\/uninavarra.edu.co\/#website","url":"https:\/\/uninavarra.edu.co\/","name":"UNINAVARRA","description":"Make your desire to learn a reality","publisher":{"@id":"https:\/\/uninavarra.edu.co\/#organization"},"potentialAction":[{"@type":"SearchAction","target":{"@type":"EntryPoint","urlTemplate":"https:\/\/uninavarra.edu.co\/?s={search_term_string}"},"query-input":{"@type":"PropertyValueSpecification","valueRequired":true,"valueName":"search_term_string"}}],"inLanguage":"en-US"},{"@type":"Organization","@id":"https:\/\/uninavarra.edu.co\/#organization","name":"Navarre University Foundation - UNINAVARRA","url":"https:\/\/uninavarra.edu.co\/","logo":{"@type":"ImageObject","inLanguage":"en-US","@id":"https:\/\/uninavarra.edu.co\/#\/schema\/logo\/image\/","url":"https:\/\/uninavarra.edu.co\/wp-content\/uploads\/2024\/06\/Escudo-uninavarra-Solo.png","contentUrl":"https:\/\/uninavarra.edu.co\/wp-content\/uploads\/2024\/06\/Escudo-uninavarra-Solo.png","width":1500,"height":1401,"caption":"Fundaci\u00f3n Universitaria Navarra - UNINAVARRA"},"image":{"@id":"https:\/\/uninavarra.edu.co\/#\/schema\/logo\/image\/"},"sameAs":["https:\/\/www.facebook.com\/UninavarraEduca","https:\/\/x.com\/uninavarraeduca","https:\/\/www.instagram.com\/uninavarra\/?hl=es","https:\/\/www.linkedin.com\/in\/fundacin-universitaria-navarra-uninavarra-b41225222\/"]}]}},"_links":{"self":[{"href":"https:\/\/uninavarra.edu.co\/en\/wp-json\/wp\/v2\/pages\/98757","targetHints":{"allow":["GET"]}}],"collection":[{"href":"https:\/\/uninavarra.edu.co\/en\/wp-json\/wp\/v2\/pages"}],"about":[{"href":"https:\/\/uninavarra.edu.co\/en\/wp-json\/wp\/v2\/types\/page"}],"author":[{"embeddable":true,"href":"https:\/\/uninavarra.edu.co\/en\/wp-json\/wp\/v2\/users\/13"}],"replies":[{"embeddable":true,"href":"https:\/\/uninavarra.edu.co\/en\/wp-json\/wp\/v2\/comments?post=98757"}],"version-history":[{"count":3,"href":"https:\/\/uninavarra.edu.co\/en\/wp-json\/wp\/v2\/pages\/98757\/revisions"}],"predecessor-version":[{"id":98763,"href":"https:\/\/uninavarra.edu.co\/en\/wp-json\/wp\/v2\/pages\/98757\/revisions\/98763"}],"up":[{"embeddable":true,"href":"https:\/\/uninavarra.edu.co\/en\/wp-json\/wp\/v2\/pages\/91176"}],"wp:featuredmedia":[{"embeddable":true,"href":"https:\/\/uninavarra.edu.co\/en\/wp-json\/wp\/v2\/media\/68058"}],"wp:attachment":[{"href":"https:\/\/uninavarra.edu.co\/en\/wp-json\/wp\/v2\/media?parent=98757"}],"wp:term":[{"taxonomy":"category","embeddable":true,"href":"https:\/\/uninavarra.edu.co\/en\/wp-json\/wp\/v2\/categories?post=98757"},{"taxonomy":"post_tag","embeddable":true,"href":"https:\/\/uninavarra.edu.co\/en\/wp-json\/wp\/v2\/tags?post=98757"}],"curies":[{"name":"wp","href":"https:\/\/api.w.org\/{rel}","templated":true}]}}