{"id":96072,"date":"2025-12-19T08:34:38","date_gmt":"2025-12-19T13:34:38","guid":{"rendered":"https:\/\/uninavarra.edu.co\/?page_id=96072"},"modified":"2025-12-19T08:50:16","modified_gmt":"2025-12-19T13:50:16","slug":"epidemiologia-e-investigacion-biomedica-manual-de-bolsillo","status":"publish","type":"page","link":"https:\/\/uninavarra.edu.co\/en\/ciina\/editorial-uninavarra\/libros\/epidemiologia-e-investigacion-biomedica-manual-de-bolsillo\/","title":{"rendered":"Epidemiolog\u00eda e Investigaci\u00f3n Biom\u00e9dica: Manual de Bolsillo."},"content":{"rendered":"<div class=\"wpb-content-wrapper\"><div class=\"wpb-container\"><div class=\"container\"><div class=\"vc_row wpb_row vc_row-fluid row\"><div class=\"col-sm-3  vc_\">\n\t\t<div class=\"wpb_wrapper\">\n\t\t\t<div class=\"wpb_single_image wpb_content_element vc_align_center\">\n\t\t<div class=\"wpb_wrapper\">\n\t\t\t\n\t\t\t<a href=\"https:\/\/uninavarra.edu.co\/wp-content\/uploads\/2025\/12\/Epidemiologia-e-Investigacion-Biomedica-Manual-de-Bolsillo.jpg\" target=\"_self\"><img fetchpriority=\"high\" decoding=\"async\" width=\"462\" height=\"722\" src=\"https:\/\/uninavarra.edu.co\/wp-content\/uploads\/2025\/12\/Epidemiologia-e-Investigacion-Biomedica-Manual-de-Bolsillo.jpg\" class=\"vc_box_border_grey attachment-full\" alt=\"\" title=\"Epidemiolog\u00eda e Investigaci\u00f3n Biom\u00e9dica Manual de Bolsillo\" srcset=\"https:\/\/uninavarra.edu.co\/wp-content\/uploads\/2025\/12\/Epidemiologia-e-Investigacion-Biomedica-Manual-de-Bolsillo.jpg 462w, https:\/\/uninavarra.edu.co\/wp-content\/uploads\/2025\/12\/Epidemiologia-e-Investigacion-Biomedica-Manual-de-Bolsillo-192x300.jpg 192w, https:\/\/uninavarra.edu.co\/wp-content\/uploads\/2025\/12\/Epidemiologia-e-Investigacion-Biomedica-Manual-de-Bolsillo-96x150.jpg 96w, https:\/\/uninavarra.edu.co\/wp-content\/uploads\/2025\/12\/Epidemiologia-e-Investigacion-Biomedica-Manual-de-Bolsillo-8x12.jpg 8w\" sizes=\"(max-width: 462px) 100vw, 462px\" \/><\/a>\n\t\t<\/div> \n\t<\/div>\n\t\t<\/div> \n\t<\/div><div class=\"col-sm-9  vc_\">\n\t\t<div class=\"wpb_wrapper\">\n\t\t\t\n\t<div class=\"wpb_text_column wpb_content_element\" >\n\t\t<div class=\"wpb_wrapper\">\n\t\t\t<div style=\"font-family: tahoma, sans-serif; font-size: large; text-align: justify;\">\n<p><strong>Authors:<\/strong> Jose Daniel Charry Cuellar,Ricardo Andr\u00e9s Novoa \u00c1lvarez,Elizabeh Sophia Perdomo Gait\u00e1n<\/p>\n<p><strong>Price:<\/strong> open access.<\/p>\n<p><strong>Year:<\/strong> 2025<\/p>\n<p><strong>ISBN:<\/strong> 978-628-97056-3-8<\/p>\n<p><strong>DOI:<\/strong> <a href=\"https:\/\/doi.org\/10.61182\/9786289705638\">https:\/\/doi.org\/10.61182\/9786289705638<\/a><\/p>\n<p><strong>Description:<\/strong> En el transcurrir del texto, el lector tendr\u00e1 una visi\u00f3n integral de la epidemiolog\u00eda y la investigaci\u00f3n biom\u00e9dica, partiendo desde una mirada como disciplinas fundamentales para comprender, prevenir y controlar los problemas de salud en las poblaciones. Siendo as\u00ed una orientaci\u00f3n al an\u00e1lisis de la distribuci\u00f3n, los determinantes y la aplicaci\u00f3n del conocimiento para mejorar la salud p\u00fablica, destacando su car\u00e1cter interdisciplinario y su compromiso social. Adem\u00e1s expone la evoluci\u00f3n hist\u00f3rica de la epidemiolog\u00eda y su consolidaci\u00f3n, por ello, resalta c\u00f3mo estos avances permitieron pasar de interpretaciones m\u00edticas de la enfermedad a modelos racionales y basados en evidencia.<\/p>\n<p class=\"descargar\"><a href=\"https:\/\/uninavarra.edu.co\/wp-content\/uploads\/2025\/12\/Epidemiologia-e-Investigacion-Biomedica_Manual-de-Bolsillo.pdf\">Download book<\/a><\/p>\n<\/div>\n<p><!--more--><\/p>\n<p><!--more--><\/p>\n\n\t\t<\/div>\n\t<\/div>\n\n\t\t<\/div> \n\t<\/div><\/div><\/div><\/div>\n<\/div>","protected":false},"excerpt":{"rendered":"<p>Autores: Jose Daniel Charry Cuellar,Ricardo Andr\u00e9s Novoa \u00c1lvarez,Elizabeh Sophia Perdomo Gait\u00e1n Precio: acceso abierto. A\u00f1o: 2025 ISBN: 978-628-97056-3-8 DOI: https:\/\/doi.org\/10.61182\/9786289705638 Descripci\u00f3n: En el transcurrir del texto, el lector tendr\u00e1 una [&hellip;]<\/p>\n","protected":false},"author":13,"featured_media":0,"parent":31344,"menu_order":0,"comment_status":"closed","ping_status":"closed","template":"","meta":{"footnotes":""},"categories":[],"tags":[],"class_list":["post-96072","page","type-page","status-publish","hentry"],"yoast_head":"<!-- This site is optimized with the Yoast SEO plugin v27.2 - https:\/\/yoast.com\/product\/yoast-seo-wordpress\/ -->\n<title>Epidemiolog\u00eda e Investigaci\u00f3n Biom\u00e9dica: Manual de Bolsillo. - Uninavarra<\/title>\n<meta name=\"robots\" content=\"index, follow, max-snippet:-1, max-image-preview:large, max-video-preview:-1\" \/>\n<link rel=\"canonical\" href=\"https:\/\/uninavarra.edu.co\/en\/ciina\/editorial-uninavarra\/libros\/epidemiologia-e-investigacion-biomedica-manual-de-bolsillo\/\" \/>\n<meta property=\"og:locale\" content=\"en_US\" \/>\n<meta property=\"og:type\" content=\"article\" \/>\n<meta property=\"og:title\" content=\"Epidemiolog\u00eda e Investigaci\u00f3n Biom\u00e9dica: Manual de Bolsillo. - Uninavarra\" \/>\n<meta property=\"og:description\" content=\"Autores: Jose Daniel Charry Cuellar,Ricardo Andr\u00e9s Novoa \u00c1lvarez,Elizabeh Sophia Perdomo Gait\u00e1n Precio: acceso abierto. A\u00f1o: 2025 ISBN: 978-628-97056-3-8 DOI: https:\/\/doi.org\/10.61182\/9786289705638 Descripci\u00f3n: En el transcurrir del texto, el lector tendr\u00e1 una [&hellip;]\" \/>\n<meta property=\"og:url\" content=\"https:\/\/uninavarra.edu.co\/en\/ciina\/editorial-uninavarra\/libros\/epidemiologia-e-investigacion-biomedica-manual-de-bolsillo\/\" \/>\n<meta property=\"og:site_name\" content=\"Uninavarra\" \/>\n<meta property=\"article:publisher\" content=\"https:\/\/www.facebook.com\/UninavarraEduca\" \/>\n<meta property=\"article:modified_time\" content=\"2025-12-19T13:50:16+00:00\" \/>\n<meta name=\"twitter:card\" content=\"summary_large_image\" \/>\n<meta name=\"twitter:site\" content=\"@uninavarraeduca\" \/>\n<meta name=\"twitter:label1\" content=\"Est. reading time\" \/>\n\t<meta name=\"twitter:data1\" content=\"1 minute\" \/>\n<script type=\"application\/ld+json\" class=\"yoast-schema-graph\">{\"@context\":\"https:\/\/schema.org\",\"@graph\":[{\"@type\":\"WebPage\",\"@id\":\"https:\/\/uninavarra.edu.co\/ciina\/editorial-uninavarra\/libros\/epidemiologia-e-investigacion-biomedica-manual-de-bolsillo\/\",\"url\":\"https:\/\/uninavarra.edu.co\/ciina\/editorial-uninavarra\/libros\/epidemiologia-e-investigacion-biomedica-manual-de-bolsillo\/\",\"name\":\"Epidemiolog\u00eda e Investigaci\u00f3n Biom\u00e9dica: Manual de Bolsillo. - Uninavarra\",\"isPartOf\":{\"@id\":\"https:\/\/uninavarra.edu.co\/#website\"},\"datePublished\":\"2025-12-19T13:34:38+00:00\",\"dateModified\":\"2025-12-19T13:50:16+00:00\",\"breadcrumb\":{\"@id\":\"https:\/\/uninavarra.edu.co\/ciina\/editorial-uninavarra\/libros\/epidemiologia-e-investigacion-biomedica-manual-de-bolsillo\/#breadcrumb\"},\"inLanguage\":\"en-US\",\"potentialAction\":[{\"@type\":\"ReadAction\",\"target\":[\"https:\/\/uninavarra.edu.co\/ciina\/editorial-uninavarra\/libros\/epidemiologia-e-investigacion-biomedica-manual-de-bolsillo\/\"]}]},{\"@type\":\"BreadcrumbList\",\"@id\":\"https:\/\/uninavarra.edu.co\/ciina\/editorial-uninavarra\/libros\/epidemiologia-e-investigacion-biomedica-manual-de-bolsillo\/#breadcrumb\",\"itemListElement\":[{\"@type\":\"ListItem\",\"position\":1,\"name\":\"Home\",\"item\":\"https:\/\/uninavarra.edu.co\/\"},{\"@type\":\"ListItem\",\"position\":2,\"name\":\"CIINA\",\"item\":\"https:\/\/uninavarra.edu.co\/ciina\/\"},{\"@type\":\"ListItem\",\"position\":3,\"name\":\"Editorial UNINAVARRA\",\"item\":\"https:\/\/uninavarra.edu.co\/ciina\/editorial-uninavarra\/\"},{\"@type\":\"ListItem\",\"position\":4,\"name\":\"Libros\",\"item\":\"https:\/\/uninavarra.edu.co\/ciina\/editorial-uninavarra\/libros\/\"},{\"@type\":\"ListItem\",\"position\":5,\"name\":\"Epidemiolog\u00eda e Investigaci\u00f3n Biom\u00e9dica: Manual de Bolsillo.\"}]},{\"@type\":\"WebSite\",\"@id\":\"https:\/\/uninavarra.edu.co\/#website\",\"url\":\"https:\/\/uninavarra.edu.co\/\",\"name\":\"UNINAVARRA\",\"description\":\"Haz realidad tu deseo de aprender\",\"publisher\":{\"@id\":\"https:\/\/uninavarra.edu.co\/#organization\"},\"potentialAction\":[{\"@type\":\"SearchAction\",\"target\":{\"@type\":\"EntryPoint\",\"urlTemplate\":\"https:\/\/uninavarra.edu.co\/?s={search_term_string}\"},\"query-input\":{\"@type\":\"PropertyValueSpecification\",\"valueRequired\":true,\"valueName\":\"search_term_string\"}}],\"inLanguage\":\"en-US\"},{\"@type\":\"Organization\",\"@id\":\"https:\/\/uninavarra.edu.co\/#organization\",\"name\":\"Fundaci\u00f3n Universitaria Navarra - UNINAVARRA\",\"url\":\"https:\/\/uninavarra.edu.co\/\",\"logo\":{\"@type\":\"ImageObject\",\"inLanguage\":\"en-US\",\"@id\":\"https:\/\/uninavarra.edu.co\/#\/schema\/logo\/image\/\",\"url\":\"https:\/\/uninavarra.edu.co\/wp-content\/uploads\/2024\/06\/Escudo-uninavarra-Solo.png\",\"contentUrl\":\"https:\/\/uninavarra.edu.co\/wp-content\/uploads\/2024\/06\/Escudo-uninavarra-Solo.png\",\"width\":1500,\"height\":1401,\"caption\":\"Fundaci\u00f3n Universitaria Navarra - UNINAVARRA\"},\"image\":{\"@id\":\"https:\/\/uninavarra.edu.co\/#\/schema\/logo\/image\/\"},\"sameAs\":[\"https:\/\/www.facebook.com\/UninavarraEduca\",\"https:\/\/x.com\/uninavarraeduca\",\"https:\/\/www.instagram.com\/uninavarra\/?hl=es\",\"https:\/\/www.linkedin.com\/in\/fundacin-universitaria-navarra-uninavarra-b41225222\/\"]}]}<\/script>\n<!-- \/ Yoast SEO plugin. -->","yoast_head_json":{"title":"Epidemiolog\u00eda e Investigaci\u00f3n Biom\u00e9dica: Manual de Bolsillo. - Uninavarra","robots":{"index":"index","follow":"follow","max-snippet":"max-snippet:-1","max-image-preview":"max-image-preview:large","max-video-preview":"max-video-preview:-1"},"canonical":"https:\/\/uninavarra.edu.co\/en\/ciina\/editorial-uninavarra\/libros\/epidemiologia-e-investigacion-biomedica-manual-de-bolsillo\/","og_locale":"en_US","og_type":"article","og_title":"Epidemiolog\u00eda e Investigaci\u00f3n Biom\u00e9dica: Manual de Bolsillo. - Uninavarra","og_description":"Autores: Jose Daniel Charry Cuellar,Ricardo Andr\u00e9s Novoa \u00c1lvarez,Elizabeh Sophia Perdomo Gait\u00e1n Precio: acceso abierto. A\u00f1o: 2025 ISBN: 978-628-97056-3-8 DOI: https:\/\/doi.org\/10.61182\/9786289705638 Descripci\u00f3n: En el transcurrir del texto, el lector tendr\u00e1 una [&hellip;]","og_url":"https:\/\/uninavarra.edu.co\/en\/ciina\/editorial-uninavarra\/libros\/epidemiologia-e-investigacion-biomedica-manual-de-bolsillo\/","og_site_name":"Uninavarra","article_publisher":"https:\/\/www.facebook.com\/UninavarraEduca","article_modified_time":"2025-12-19T13:50:16+00:00","twitter_card":"summary_large_image","twitter_site":"@uninavarraeduca","twitter_misc":{"Est. reading time":"1 minute"},"schema":{"@context":"https:\/\/schema.org","@graph":[{"@type":"WebPage","@id":"https:\/\/uninavarra.edu.co\/ciina\/editorial-uninavarra\/libros\/epidemiologia-e-investigacion-biomedica-manual-de-bolsillo\/","url":"https:\/\/uninavarra.edu.co\/ciina\/editorial-uninavarra\/libros\/epidemiologia-e-investigacion-biomedica-manual-de-bolsillo\/","name":"Epidemiolog\u00eda e Investigaci\u00f3n Biom\u00e9dica: Manual de Bolsillo. - Uninavarra","isPartOf":{"@id":"https:\/\/uninavarra.edu.co\/#website"},"datePublished":"2025-12-19T13:34:38+00:00","dateModified":"2025-12-19T13:50:16+00:00","breadcrumb":{"@id":"https:\/\/uninavarra.edu.co\/ciina\/editorial-uninavarra\/libros\/epidemiologia-e-investigacion-biomedica-manual-de-bolsillo\/#breadcrumb"},"inLanguage":"en-US","potentialAction":[{"@type":"ReadAction","target":["https:\/\/uninavarra.edu.co\/ciina\/editorial-uninavarra\/libros\/epidemiologia-e-investigacion-biomedica-manual-de-bolsillo\/"]}]},{"@type":"BreadcrumbList","@id":"https:\/\/uninavarra.edu.co\/ciina\/editorial-uninavarra\/libros\/epidemiologia-e-investigacion-biomedica-manual-de-bolsillo\/#breadcrumb","itemListElement":[{"@type":"ListItem","position":1,"name":"Home","item":"https:\/\/uninavarra.edu.co\/"},{"@type":"ListItem","position":2,"name":"CIINA","item":"https:\/\/uninavarra.edu.co\/ciina\/"},{"@type":"ListItem","position":3,"name":"Editorial UNINAVARRA","item":"https:\/\/uninavarra.edu.co\/ciina\/editorial-uninavarra\/"},{"@type":"ListItem","position":4,"name":"Libros","item":"https:\/\/uninavarra.edu.co\/ciina\/editorial-uninavarra\/libros\/"},{"@type":"ListItem","position":5,"name":"Epidemiolog\u00eda e Investigaci\u00f3n Biom\u00e9dica: Manual de Bolsillo."}]},{"@type":"WebSite","@id":"https:\/\/uninavarra.edu.co\/#website","url":"https:\/\/uninavarra.edu.co\/","name":"UNINAVARRA","description":"Make your desire to learn a reality","publisher":{"@id":"https:\/\/uninavarra.edu.co\/#organization"},"potentialAction":[{"@type":"SearchAction","target":{"@type":"EntryPoint","urlTemplate":"https:\/\/uninavarra.edu.co\/?s={search_term_string}"},"query-input":{"@type":"PropertyValueSpecification","valueRequired":true,"valueName":"search_term_string"}}],"inLanguage":"en-US"},{"@type":"Organization","@id":"https:\/\/uninavarra.edu.co\/#organization","name":"Navarre University Foundation - UNINAVARRA","url":"https:\/\/uninavarra.edu.co\/","logo":{"@type":"ImageObject","inLanguage":"en-US","@id":"https:\/\/uninavarra.edu.co\/#\/schema\/logo\/image\/","url":"https:\/\/uninavarra.edu.co\/wp-content\/uploads\/2024\/06\/Escudo-uninavarra-Solo.png","contentUrl":"https:\/\/uninavarra.edu.co\/wp-content\/uploads\/2024\/06\/Escudo-uninavarra-Solo.png","width":1500,"height":1401,"caption":"Fundaci\u00f3n Universitaria Navarra - UNINAVARRA"},"image":{"@id":"https:\/\/uninavarra.edu.co\/#\/schema\/logo\/image\/"},"sameAs":["https:\/\/www.facebook.com\/UninavarraEduca","https:\/\/x.com\/uninavarraeduca","https:\/\/www.instagram.com\/uninavarra\/?hl=es","https:\/\/www.linkedin.com\/in\/fundacin-universitaria-navarra-uninavarra-b41225222\/"]}]}},"_links":{"self":[{"href":"https:\/\/uninavarra.edu.co\/en\/wp-json\/wp\/v2\/pages\/96072","targetHints":{"allow":["GET"]}}],"collection":[{"href":"https:\/\/uninavarra.edu.co\/en\/wp-json\/wp\/v2\/pages"}],"about":[{"href":"https:\/\/uninavarra.edu.co\/en\/wp-json\/wp\/v2\/types\/page"}],"author":[{"embeddable":true,"href":"https:\/\/uninavarra.edu.co\/en\/wp-json\/wp\/v2\/users\/13"}],"replies":[{"embeddable":true,"href":"https:\/\/uninavarra.edu.co\/en\/wp-json\/wp\/v2\/comments?post=96072"}],"version-history":[{"count":0,"href":"https:\/\/uninavarra.edu.co\/en\/wp-json\/wp\/v2\/pages\/96072\/revisions"}],"up":[{"embeddable":true,"href":"https:\/\/uninavarra.edu.co\/en\/wp-json\/wp\/v2\/pages\/31344"}],"wp:attachment":[{"href":"https:\/\/uninavarra.edu.co\/en\/wp-json\/wp\/v2\/media?parent=96072"}],"wp:term":[{"taxonomy":"category","embeddable":true,"href":"https:\/\/uninavarra.edu.co\/en\/wp-json\/wp\/v2\/categories?post=96072"},{"taxonomy":"post_tag","embeddable":true,"href":"https:\/\/uninavarra.edu.co\/en\/wp-json\/wp\/v2\/tags?post=96072"}],"curies":[{"name":"wp","href":"https:\/\/api.w.org\/{rel}","templated":true}]}}