{"id":92631,"date":"2025-07-21T08:44:55","date_gmt":"2025-07-21T13:44:55","guid":{"rendered":"https:\/\/uninavarra.edu.co\/?page_id=92631"},"modified":"2026-02-21T10:16:49","modified_gmt":"2026-02-21T15:16:49","slug":"capacitaciones-en-bases-de-datos","status":"publish","type":"page","link":"https:\/\/uninavarra.edu.co\/en\/estudiantes\/biblioteca\/capacitaciones-en-bases-de-datos\/","title":{"rendered":"Database Training"},"content":{"rendered":"<div class=\"wpb-content-wrapper\"><div class=\"wpb-container\"><div class=\"container\"><div class=\"vc_row wpb_row vc_row-fluid row\"><div class=\"col-sm-12  vc_\">\n\t\t<div class=\"wpb_wrapper\">\n\t\t\t\n\t<div class=\"wpb_raw_code wpb_raw_html wpb_content_element\" >\n\t\t<div class=\"wpb_wrapper\">\n\t\t\t<link rel=\"preconnect\" href=\"https:\/\/fonts.gstatic.com\">\n<link href=\"https:\/\/fonts.googleapis.com\/css2?family=Raleway:ital,wght@0,400;0,700;1,400&display=swap\" rel=\"stylesheet\">\n<link href=\"https:\/\/fonts.googleapis.com\/css2?family=Lato:wght@400;700&display=swap\" rel=\"stylesheet\">\n<link href=\"https:\/\/fonts.googleapis.com\/icon?family=Material+Icons\" rel=\"stylesheet\">\n\n<style>\n\/* Arregla el tama\u00f1o de la letra del slider cina ya que esta en 'rem' *\/ html {font-size: 100%} .navbar-mega .navbar-nav > li .dropdown-menu li a {font-size: 14px !important;}\n\n\/* CAMBIO COLOR DE LA LETRA Y ESTILO *\/\n#wpo-mainbody, #wpo-mainbody h2, #wpo-mainbody h3, #wpo-mainbody h4, #wpo-mainbody p, #wpo-mainbody a, #wpo-mainbody strong, #wpo-mainbody em, #wpo-mainbody th, #wpo-mainbody tr, #wpo-mainbody td, #wpo-mainbody ol, #wpo-mainbody ul, #wpo-mainbody li, #wpo-mainbody :after {\n    font-family: 'Raleway', sans-serif\n}\n\n#wpo-mainbody p {\n    font-size: 16px;\n    line-height: 20px;\n}\n\n#wpo-mainbody h4{\n        \/*overflow: hidden;\n   text-overflow: ellipsis;\n   display: -webkit-box;\n   -webkit-line-clamp: 2; \/* number of lines to show *\/\n           line-clamp: 2; \n   -webkit-box-orient: vertical;*\/\n    }\n\n#wpo-mainbody li {\n    font-size: 18px;\n    line-height: 30px;\n}\n\n#wpo-mainbody a {\n    text-decoration: none;\n    color: #555;\n}\n\n#wpo-mainbody a:hover {\n    transition: 0.4s;\n    color: rgb(239, 184, 16);\n}\n\n#wpo-mainbody strong {\n    line-height: 30px\n}\n\n\/* Estilo Aplicado en Listas de Semilleros de los Grupos de Investigaci\u00f3n *\/\n#wpo-mainbody .lista_semilleros ul {\n    padding-inline-start: 35px;\n}\n\n#wpo-mainbody .lista_semilleros li {\n\tline-height: 20px\n}\n\n#wpo-mainbody .lista_semilleros ul li {\n\tfont-size: 15px;\n\tmargin-left: 20px;\n\tmargin-bottom: 15px\n}\n\n#wpo-mainbody .lista_semilleros li:last-child ul li {\n\tmargin-bottom: 0\n}\n\n#wpo-mainbody .lista_semilleros ul li:before {\n    position: absolute;\n    background: none;\n}\n<\/style>\n\t\t<\/div>\n\t<\/div>\n\n\t\t<\/div> \n\t<\/div><\/div><\/div><\/div><div class=\"wpb-container\"><div class=\"container\"><div class=\"vc_row wpb_row vc_row-fluid row\"><div class=\"col-sm-2  vc_\">\n\t\t<div class=\"wpb_wrapper\">\n\t\t\t\n\t\t<\/div> \n\t<\/div><div class=\"col-sm-8  vc_\">\n\t\t<div class=\"wpb_wrapper\">\n\t\t\t\n\t<div class=\"wpb_text_column wpb_content_element\" >\n\t\t<div class=\"wpb_wrapper\">\n\t\t\t<p><span style=\"font-size: 18px;\">Get to know our training agenda on the different databases we have under subscription. Take advantage of the training offered by our suppliers and connect with the wide universe of knowledge.<\/span><\/p>\n\n\t\t<\/div>\n\t<\/div>\n\n\t\t<\/div> \n\t<\/div><div class=\"col-sm-2  vc_\">\n\t\t<div class=\"wpb_wrapper\">\n\t\t\t\n\t\t<\/div> \n\t<\/div><\/div><\/div><\/div><div class=\"wpb-container\"><div class=\"container\"><div class=\"vc_row wpb_row vc_row-fluid row  tarjetas\"><div class=\"col-sm-12  vc_\">\n\t\t<div class=\"wpb_wrapper\">\n\t\t\t<div class=\"vc_empty_space\"   style=\"height: 32px\"><span class=\"vc_empty_space_inner\"><\/span><\/div>\n\t<div class=\"wpb_raw_code wpb_raw_html wpb_content_element\" >\n\t\t<div class=\"wpb_wrapper\">\n\t\t\t<div class=\"container2\">\n\n<!-- \tAprende a optimizar el uso de Clinicalkey -->\n\n<div class=\"card\">\n    <div class=\"card-header\">\n        <img decoding=\"async\" src=\"https:\/\/uninavarra.edu.co\/wp-content\/uploads\/2025\/04\/BANNER-BIBLIOTECA-scaled.jpg\" \/>\n    <\/div>\n    <div class=\"card-body\">\n        <span class=\"tag\">Training<\/span>\n        <h4>Learn how to optimize the use of Clinicalkey<\/h4>\n        <p>Did you know that ClinicalKey can help you save time, make better clinical decisions and access evidence-based content? Join our monthly session and find out how to get the most out of ClinicalKey in your daily practice. <\/p> <br>\n<p> You may choose to attend one or more of the following webinars:<\/p><br>\n        <p>\n            \n          Date:Thursday, February 28 <\/br> Time:09:00hs Colombia<\/br><\/br>\n          Date:Thursday, March 26 <\/br> Time:09:00hs Colombia<\/br><\/br>\n          Date:Thursday, April 23 <\/br> Time:08:00hs Colombia<\/br><\/br>\n          Date:Thursday, May 28 <\/br> Time:08:00hs Colombia<\/br><\/br>\n          Date:Thursday, June 25  <\/br>Time:08:00hs Colombia<\/br><\/br>\n        <\/p>\n    <\/div>\n    <div class=\"card-footer\">\n        <a class=\"btn\" href=\"https:\/\/elsevier.zoom.us\/webinar\/register\/6517683096827\/WN_4aRWQjAMRyuaL_slJ1dZmA#\/registration\" target=\"_blank\">REGISTER HERE!<\/a>\n    <\/div>\n<\/div>\n\n\n\n\n<!-- ClinicalKey Student Nursing +NNN- 16 de abril 2026 -->\n\n<div class=\"card\">\n    <div class=\"card-header\">\n        <img decoding=\"async\" src=\"https:\/\/uninavarra.edu.co\/wp-content\/uploads\/2025\/04\/BANNER-BIBLIOTECA-scaled.jpg\" \/>\n    <\/div>\n    <div class=\"card-body\">\n        <span class=\"tag\">Training<\/span>\n        <h4>Boost your nursing education with ClinicalKey Student Nursing +NNNN<\/h4>\n        <p>Discover how to transform your nursing learning through ClinicalKey Student Nursing, a platform that integrates up-to-date content, leading textbooks and interactive tools. Learn how to use NNN Consult to practically apply nursing diagnoses, interventions and outcomes in real clinical scenarios. <\/p> <br>\n        <p>\n            Start: Thursday, April 16 <\/br>\n            Time: 3:00 pm - 4:00 pm<\/br>\n            Mode: Virtual\n        <\/p>\n    <\/div>\n    <div class=\"card-footer\">\n        <a class=\"btn\" href=\"https:\/\/events.teams.microsoft.com\/event\/6bd38e7e-d9de-4ff5-9993-a0d38baf2ea8@449988ad-bc94-4b3c-bce0-4a57da430394\" target=\"_blank\">REGISTER HERE!<\/a>\n    <\/div>\n<\/div>\n\n<!-- New England Journal of Medicine - 18 de marzo -->\n\n<div class=\"card\">\n    <div class=\"card-header\">\n        <img decoding=\"async\" src=\"https:\/\/uninavarra.edu.co\/wp-content\/uploads\/2025\/04\/BANNER-BIBLIOTECA-scaled.jpg\" \/>\n    <\/div>\n    <div class=\"card-body\">\n        <span class=\"tag\">Training<\/span>\n        <h4>New England Journal of Medicine<\/h4>\n        <p>The objective of this training is to develop competencies in the search, retrieval and management of scientific information using the New England Journal of Medicine as a resource of high impact clinical evidence. <\/p> <br>\n        <p>\n            Start: Wednesday, March 18 <\/br>\n            Time: 11:00 a.m.<\/br>\n            Mode: Virtual\n        <\/p>\n    <\/div>\n    <div class=\"card-footer\">\n        <a class=\"btn\" href=\"https:\/\/acortar.link\/PGqi5d\" target=\"_blank\">REGISTER HERE!<\/a>\n    <\/div>\n<\/div>\n\n\n\n\n\n\n\n<!-- Ovid Medline y Revistas Biom\u00e9dicas - 4 de marzo -->\n\n<div class=\"card\">\n    <div class=\"card-header\">\n        <img decoding=\"async\" src=\"https:\/\/uninavarra.edu.co\/wp-content\/uploads\/2025\/04\/BANNER-BIBLIOTECA-scaled.jpg\" \/>\n    <\/div>\n    <div class=\"card-body\">\n        <span class=\"tag\">Training<\/span>\n        <h4>Ovid Medline and Biomedical Journals<\/h4>\n        <p>This training will enable you to efficiently navigate medical journals and Ovid Medline, finding answers to research questions through basic and advanced search modes.\nAttendees will learn how to develop and refine search strategies, create research projects, and save their searches for future use. At the end of the session, participants will be able to perform comprehensive literature searches, optimize their workflow and improve the quality of their medical research. <\/p> <br>\n        <p>\n            Start: Wednesday, March 4 <\/br>\n            Time: 11:00 a.m.<\/br>\n            Mode: Virtual\n        <\/p>\n    <\/div>\n    <div class=\"card-footer\">\n        <a class=\"btn\" href=\" https:\/\/acortar.link\/7t6jJv\" target=\"_blank\">REGISTER HERE!<\/a>\n    <\/div>\n<\/div>\n\n\n\n<\/div>\n\t\t<\/div>\n\t<\/div>\n\n\t\t<\/div> \n\t<\/div><\/div><\/div><\/div>\n<\/div>","protected":false},"excerpt":{"rendered":"Conoce nuestra agenda de formaci\u00f3n sobre las diferentes bases de datos que tenemos en suscripci\u00f3n. Aprovecha las capacitaciones que ofrecen nuestros proveedores y con\u00e9ctate con el amplio universo del conocimiento. [...]","protected":false},"author":13,"featured_media":68058,"parent":20778,"menu_order":2,"comment_status":"closed","ping_status":"closed","template":"","meta":{"footnotes":""},"categories":[1],"tags":[],"class_list":["post-92631","page","type-page","status-publish","has-post-thumbnail","hentry","category-uncategorized"],"yoast_head":"<!-- This site is optimized with the Yoast SEO plugin v27.4 - https:\/\/yoast.com\/product\/yoast-seo-wordpress\/ -->\n<title>Capacitaciones en Bases de Datos - Uninavarra<\/title>\n<meta name=\"robots\" content=\"index, follow, max-snippet:-1, max-image-preview:large, max-video-preview:-1\" \/>\n<link rel=\"canonical\" href=\"https:\/\/uninavarra.edu.co\/en\/estudiantes\/biblioteca\/capacitaciones-en-bases-de-datos\/\" \/>\n<meta property=\"og:locale\" content=\"en_US\" \/>\n<meta property=\"og:type\" content=\"article\" \/>\n<meta property=\"og:title\" content=\"Capacitaciones en Bases de Datos - Uninavarra\" \/>\n<meta property=\"og:url\" content=\"https:\/\/uninavarra.edu.co\/en\/estudiantes\/biblioteca\/capacitaciones-en-bases-de-datos\/\" \/>\n<meta property=\"og:site_name\" content=\"Uninavarra\" \/>\n<meta property=\"article:publisher\" content=\"https:\/\/www.facebook.com\/UninavarraEduca\" \/>\n<meta property=\"article:modified_time\" content=\"2026-02-21T15:16:49+00:00\" \/>\n<meta property=\"og:image\" content=\"https:\/\/uninavarra.edu.co\/wp-content\/uploads\/2023\/12\/banner-generico.png\" \/>\n\t<meta property=\"og:image:width\" content=\"2480\" \/>\n\t<meta property=\"og:image:height\" content=\"276\" \/>\n\t<meta property=\"og:image:type\" content=\"image\/png\" \/>\n<meta name=\"twitter:card\" content=\"summary_large_image\" \/>\n<meta name=\"twitter:site\" content=\"@uninavarraeduca\" \/>\n<meta name=\"twitter:label1\" content=\"Est. reading time\" \/>\n\t<meta name=\"twitter:data1\" content=\"1 minute\" \/>\n<script type=\"application\/ld+json\" class=\"yoast-schema-graph\">{\"@context\":\"https:\\\/\\\/schema.org\",\"@graph\":[{\"@type\":\"WebPage\",\"@id\":\"https:\\\/\\\/uninavarra.edu.co\\\/estudiantes\\\/biblioteca\\\/capacitaciones-en-bases-de-datos\\\/\",\"url\":\"https:\\\/\\\/uninavarra.edu.co\\\/estudiantes\\\/biblioteca\\\/capacitaciones-en-bases-de-datos\\\/\",\"name\":\"Capacitaciones en Bases de Datos - Uninavarra\",\"isPartOf\":{\"@id\":\"https:\\\/\\\/uninavarra.edu.co\\\/#website\"},\"primaryImageOfPage\":{\"@id\":\"https:\\\/\\\/uninavarra.edu.co\\\/estudiantes\\\/biblioteca\\\/capacitaciones-en-bases-de-datos\\\/#primaryimage\"},\"image\":{\"@id\":\"https:\\\/\\\/uninavarra.edu.co\\\/estudiantes\\\/biblioteca\\\/capacitaciones-en-bases-de-datos\\\/#primaryimage\"},\"thumbnailUrl\":\"https:\\\/\\\/uninavarra.edu.co\\\/wp-content\\\/uploads\\\/2023\\\/12\\\/banner-generico.png\",\"datePublished\":\"2025-07-21T13:44:55+00:00\",\"dateModified\":\"2026-02-21T15:16:49+00:00\",\"breadcrumb\":{\"@id\":\"https:\\\/\\\/uninavarra.edu.co\\\/estudiantes\\\/biblioteca\\\/capacitaciones-en-bases-de-datos\\\/#breadcrumb\"},\"inLanguage\":\"en-US\",\"potentialAction\":[{\"@type\":\"ReadAction\",\"target\":[\"https:\\\/\\\/uninavarra.edu.co\\\/estudiantes\\\/biblioteca\\\/capacitaciones-en-bases-de-datos\\\/\"]}]},{\"@type\":\"ImageObject\",\"inLanguage\":\"en-US\",\"@id\":\"https:\\\/\\\/uninavarra.edu.co\\\/estudiantes\\\/biblioteca\\\/capacitaciones-en-bases-de-datos\\\/#primaryimage\",\"url\":\"https:\\\/\\\/uninavarra.edu.co\\\/wp-content\\\/uploads\\\/2023\\\/12\\\/banner-generico.png\",\"contentUrl\":\"https:\\\/\\\/uninavarra.edu.co\\\/wp-content\\\/uploads\\\/2023\\\/12\\\/banner-generico.png\",\"width\":2480,\"height\":276,\"caption\":\"banner generico\"},{\"@type\":\"BreadcrumbList\",\"@id\":\"https:\\\/\\\/uninavarra.edu.co\\\/estudiantes\\\/biblioteca\\\/capacitaciones-en-bases-de-datos\\\/#breadcrumb\",\"itemListElement\":[{\"@type\":\"ListItem\",\"position\":1,\"name\":\"Home\",\"item\":\"https:\\\/\\\/uninavarra.edu.co\\\/\"},{\"@type\":\"ListItem\",\"position\":2,\"name\":\"Estudiantes\",\"item\":\"https:\\\/\\\/uninavarra.edu.co\\\/estudiantes\\\/\"},{\"@type\":\"ListItem\",\"position\":3,\"name\":\"Biblioteca\",\"item\":\"https:\\\/\\\/uninavarra.edu.co\\\/estudiantes\\\/biblioteca\\\/\"},{\"@type\":\"ListItem\",\"position\":4,\"name\":\"Capacitaciones en Bases de Datos\"}]},{\"@type\":\"WebSite\",\"@id\":\"https:\\\/\\\/uninavarra.edu.co\\\/#website\",\"url\":\"https:\\\/\\\/uninavarra.edu.co\\\/\",\"name\":\"UNINAVARRA\",\"description\":\"Haz realidad tu deseo de aprender\",\"publisher\":{\"@id\":\"https:\\\/\\\/uninavarra.edu.co\\\/#organization\"},\"potentialAction\":[{\"@type\":\"SearchAction\",\"target\":{\"@type\":\"EntryPoint\",\"urlTemplate\":\"https:\\\/\\\/uninavarra.edu.co\\\/?s={search_term_string}\"},\"query-input\":{\"@type\":\"PropertyValueSpecification\",\"valueRequired\":true,\"valueName\":\"search_term_string\"}}],\"inLanguage\":\"en-US\"},{\"@type\":\"Organization\",\"@id\":\"https:\\\/\\\/uninavarra.edu.co\\\/#organization\",\"name\":\"Fundaci\u00f3n Universitaria Navarra - UNINAVARRA\",\"url\":\"https:\\\/\\\/uninavarra.edu.co\\\/\",\"logo\":{\"@type\":\"ImageObject\",\"inLanguage\":\"en-US\",\"@id\":\"https:\\\/\\\/uninavarra.edu.co\\\/#\\\/schema\\\/logo\\\/image\\\/\",\"url\":\"https:\\\/\\\/uninavarra.edu.co\\\/wp-content\\\/uploads\\\/2024\\\/06\\\/Escudo-uninavarra-Solo.png\",\"contentUrl\":\"https:\\\/\\\/uninavarra.edu.co\\\/wp-content\\\/uploads\\\/2024\\\/06\\\/Escudo-uninavarra-Solo.png\",\"width\":1500,\"height\":1401,\"caption\":\"Fundaci\u00f3n Universitaria Navarra - UNINAVARRA\"},\"image\":{\"@id\":\"https:\\\/\\\/uninavarra.edu.co\\\/#\\\/schema\\\/logo\\\/image\\\/\"},\"sameAs\":[\"https:\\\/\\\/www.facebook.com\\\/UninavarraEduca\",\"https:\\\/\\\/x.com\\\/uninavarraeduca\",\"https:\\\/\\\/www.instagram.com\\\/uninavarra\\\/?hl=es\",\"https:\\\/\\\/www.linkedin.com\\\/in\\\/fundacin-universitaria-navarra-uninavarra-b41225222\\\/\"]}]}<\/script>\n<!-- \/ Yoast SEO plugin. -->","yoast_head_json":{"title":"Capacitaciones en Bases de Datos - Uninavarra","robots":{"index":"index","follow":"follow","max-snippet":"max-snippet:-1","max-image-preview":"max-image-preview:large","max-video-preview":"max-video-preview:-1"},"canonical":"https:\/\/uninavarra.edu.co\/en\/estudiantes\/biblioteca\/capacitaciones-en-bases-de-datos\/","og_locale":"en_US","og_type":"article","og_title":"Capacitaciones en Bases de Datos - Uninavarra","og_url":"https:\/\/uninavarra.edu.co\/en\/estudiantes\/biblioteca\/capacitaciones-en-bases-de-datos\/","og_site_name":"Uninavarra","article_publisher":"https:\/\/www.facebook.com\/UninavarraEduca","article_modified_time":"2026-02-21T15:16:49+00:00","og_image":[{"width":2480,"height":276,"url":"https:\/\/uninavarra.edu.co\/wp-content\/uploads\/2023\/12\/banner-generico.png","type":"image\/png"}],"twitter_card":"summary_large_image","twitter_site":"@uninavarraeduca","twitter_misc":{"Est. reading time":"1 minute"},"schema":{"@context":"https:\/\/schema.org","@graph":[{"@type":"WebPage","@id":"https:\/\/uninavarra.edu.co\/estudiantes\/biblioteca\/capacitaciones-en-bases-de-datos\/","url":"https:\/\/uninavarra.edu.co\/estudiantes\/biblioteca\/capacitaciones-en-bases-de-datos\/","name":"Capacitaciones en Bases de Datos - Uninavarra","isPartOf":{"@id":"https:\/\/uninavarra.edu.co\/#website"},"primaryImageOfPage":{"@id":"https:\/\/uninavarra.edu.co\/estudiantes\/biblioteca\/capacitaciones-en-bases-de-datos\/#primaryimage"},"image":{"@id":"https:\/\/uninavarra.edu.co\/estudiantes\/biblioteca\/capacitaciones-en-bases-de-datos\/#primaryimage"},"thumbnailUrl":"https:\/\/uninavarra.edu.co\/wp-content\/uploads\/2023\/12\/banner-generico.png","datePublished":"2025-07-21T13:44:55+00:00","dateModified":"2026-02-21T15:16:49+00:00","breadcrumb":{"@id":"https:\/\/uninavarra.edu.co\/estudiantes\/biblioteca\/capacitaciones-en-bases-de-datos\/#breadcrumb"},"inLanguage":"en-US","potentialAction":[{"@type":"ReadAction","target":["https:\/\/uninavarra.edu.co\/estudiantes\/biblioteca\/capacitaciones-en-bases-de-datos\/"]}]},{"@type":"ImageObject","inLanguage":"en-US","@id":"https:\/\/uninavarra.edu.co\/estudiantes\/biblioteca\/capacitaciones-en-bases-de-datos\/#primaryimage","url":"https:\/\/uninavarra.edu.co\/wp-content\/uploads\/2023\/12\/banner-generico.png","contentUrl":"https:\/\/uninavarra.edu.co\/wp-content\/uploads\/2023\/12\/banner-generico.png","width":2480,"height":276,"caption":"banner generico"},{"@type":"BreadcrumbList","@id":"https:\/\/uninavarra.edu.co\/estudiantes\/biblioteca\/capacitaciones-en-bases-de-datos\/#breadcrumb","itemListElement":[{"@type":"ListItem","position":1,"name":"Home","item":"https:\/\/uninavarra.edu.co\/"},{"@type":"ListItem","position":2,"name":"Estudiantes","item":"https:\/\/uninavarra.edu.co\/estudiantes\/"},{"@type":"ListItem","position":3,"name":"Biblioteca","item":"https:\/\/uninavarra.edu.co\/estudiantes\/biblioteca\/"},{"@type":"ListItem","position":4,"name":"Capacitaciones en Bases de Datos"}]},{"@type":"WebSite","@id":"https:\/\/uninavarra.edu.co\/#website","url":"https:\/\/uninavarra.edu.co\/","name":"UNINAVARRA","description":"Make your desire to learn a reality","publisher":{"@id":"https:\/\/uninavarra.edu.co\/#organization"},"potentialAction":[{"@type":"SearchAction","target":{"@type":"EntryPoint","urlTemplate":"https:\/\/uninavarra.edu.co\/?s={search_term_string}"},"query-input":{"@type":"PropertyValueSpecification","valueRequired":true,"valueName":"search_term_string"}}],"inLanguage":"en-US"},{"@type":"Organization","@id":"https:\/\/uninavarra.edu.co\/#organization","name":"Navarre University Foundation - UNINAVARRA","url":"https:\/\/uninavarra.edu.co\/","logo":{"@type":"ImageObject","inLanguage":"en-US","@id":"https:\/\/uninavarra.edu.co\/#\/schema\/logo\/image\/","url":"https:\/\/uninavarra.edu.co\/wp-content\/uploads\/2024\/06\/Escudo-uninavarra-Solo.png","contentUrl":"https:\/\/uninavarra.edu.co\/wp-content\/uploads\/2024\/06\/Escudo-uninavarra-Solo.png","width":1500,"height":1401,"caption":"Fundaci\u00f3n Universitaria Navarra - UNINAVARRA"},"image":{"@id":"https:\/\/uninavarra.edu.co\/#\/schema\/logo\/image\/"},"sameAs":["https:\/\/www.facebook.com\/UninavarraEduca","https:\/\/x.com\/uninavarraeduca","https:\/\/www.instagram.com\/uninavarra\/?hl=es","https:\/\/www.linkedin.com\/in\/fundacin-universitaria-navarra-uninavarra-b41225222\/"]}]}},"_links":{"self":[{"href":"https:\/\/uninavarra.edu.co\/en\/wp-json\/wp\/v2\/pages\/92631","targetHints":{"allow":["GET"]}}],"collection":[{"href":"https:\/\/uninavarra.edu.co\/en\/wp-json\/wp\/v2\/pages"}],"about":[{"href":"https:\/\/uninavarra.edu.co\/en\/wp-json\/wp\/v2\/types\/page"}],"author":[{"embeddable":true,"href":"https:\/\/uninavarra.edu.co\/en\/wp-json\/wp\/v2\/users\/13"}],"replies":[{"embeddable":true,"href":"https:\/\/uninavarra.edu.co\/en\/wp-json\/wp\/v2\/comments?post=92631"}],"version-history":[{"count":0,"href":"https:\/\/uninavarra.edu.co\/en\/wp-json\/wp\/v2\/pages\/92631\/revisions"}],"up":[{"embeddable":true,"href":"https:\/\/uninavarra.edu.co\/en\/wp-json\/wp\/v2\/pages\/20778"}],"wp:featuredmedia":[{"embeddable":true,"href":"https:\/\/uninavarra.edu.co\/en\/wp-json\/wp\/v2\/media\/68058"}],"wp:attachment":[{"href":"https:\/\/uninavarra.edu.co\/en\/wp-json\/wp\/v2\/media?parent=92631"}],"wp:term":[{"taxonomy":"category","embeddable":true,"href":"https:\/\/uninavarra.edu.co\/en\/wp-json\/wp\/v2\/categories?post=92631"},{"taxonomy":"post_tag","embeddable":true,"href":"https:\/\/uninavarra.edu.co\/en\/wp-json\/wp\/v2\/tags?post=92631"}],"curies":[{"name":"wp","href":"https:\/\/api.w.org\/{rel}","templated":true}]}}