{"id":91956,"date":"2025-07-09T16:13:46","date_gmt":"2025-07-09T21:13:46","guid":{"rendered":"https:\/\/uninavarra.edu.co\/?page_id=91956"},"modified":"2025-07-09T16:28:35","modified_gmt":"2025-07-09T21:28:35","slug":"consulta-de-diploma-virtual","status":"publish","type":"page","link":"https:\/\/uninavarra.edu.co\/en\/egresados\/consulta-de-diploma-virtual\/","title":{"rendered":"Virtual diploma consultation"},"content":{"rendered":"<div class=\"wpb-content-wrapper\"><div class=\"wpb-container\"><div class=\"container\"><div class=\"vc_row wpb_row vc_row-fluid row  internacionalizacion\"><div class=\"col-sm-12  vc_\">\n\t\t<div class=\"wpb_wrapper\">\n\t\t\t\n\t<div class=\"wpb_raw_code wpb_raw_html wpb_content_element\" >\n\t\t<div class=\"wpb_wrapper\">\n\t\t\t<link rel=\"preconnect\" href=\"https:\/\/fonts.gstatic.com\">\n<link href=\"https:\/\/fonts.googleapis.com\/css2?family=Raleway:ital,wght@0,400;0,700;1,400&display=swap\" rel=\"stylesheet\">\n<link href=\"https:\/\/fonts.googleapis.com\/css2?family=Lato:wght@400;700&display=swap\" rel=\"stylesheet\">\n<link href=\"https:\/\/fonts.googleapis.com\/icon?family=Material+Icons\" rel=\"stylesheet\">\n\n<style>\n\/* Arregla el tama\u00f1o de la letra del slider cina ya que esta en 'rem' *\/ html {font-size: 100%} .navbar-mega .navbar-nav > li .dropdown-menu li a {font-size: 14px !important;}\n\n\/* CAMBIO COLOR DE LA LETRA Y ESTILO *\/\n#wpo-mainbody, #wpo-mainbody h2, #wpo-mainbody h3, #wpo-mainbody h4, #wpo-mainbody p, #wpo-mainbody a, #wpo-mainbody strong, #wpo-mainbody em, #wpo-mainbody th, #wpo-mainbody tr, #wpo-mainbody td, #wpo-mainbody ol, #wpo-mainbody ul, #wpo-mainbody li, #wpo-mainbody :after {\n    font-family: 'Raleway', sans-serif\n}\n\n#wpo-mainbody p {\n    font-size: 18px;\n    line-height: 30px;\n}\n\n#wpo-mainbody li {\n    font-size: 18px;\n    line-height: 30px;\n}\n\n#wpo-mainbody a {\n    text-decoration: none;\n    color: #555;\n}\n\n#wpo-mainbody a:hover {\n    transition: 0.4s;\n    color: rgb(239, 184, 16);\n}\n\n#wpo-mainbody strong {\n    line-height: 30px\n}\n\n\/* Estilo Aplicado en Listas de Semilleros de los Grupos de Investigaci\u00f3n *\/\n#wpo-mainbody .lista_semilleros ul {\n    padding-inline-start: 35px;\n}\n\n#wpo-mainbody .lista_semilleros li {\n\tline-height: 20px\n}\n\n#wpo-mainbody .lista_semilleros ul li {\n\tfont-size: 15px;\n\tmargin-left: 20px;\n\tmargin-bottom: 15px\n}\n\n#wpo-mainbody .lista_semilleros li:last-child ul li {\n\tmargin-bottom: 0\n}\n\n#wpo-mainbody .lista_semilleros ul li:before {\n    position: absolute;\n    background: none;\n}\n<\/style>\n\t\t<\/div>\n\t<\/div>\n\n\t\t<\/div> \n\t<\/div><\/div><\/div><\/div><div class=\"wpb-container\"><div class=\"container\"><div class=\"vc_row wpb_row vc_row-fluid row\"><div class=\"col-sm-12  vc_\">\n\t\t<div class=\"wpb_wrapper\">\n\t\t\t\n\t<div class=\"wpb_text_column wpb_content_element\" >\n\t\t<div class=\"wpb_wrapper\">\n\t\t\t<h2 class=\"section-title\" style=\"text-align: center;\"><strong>Electronic Documents with Legal Validity for Graduates<\/strong><\/h2>\n\n\t\t<\/div>\n\t<\/div>\n\n\t\t<\/div> \n\t<\/div><\/div><\/div><\/div><div class=\"wpb-container\"><div class=\"container\"><div class=\"vc_row wpb_row vc_row-fluid row\"><div class=\"col-sm-12  vc_\">\n\t\t<div class=\"wpb_wrapper\">\n\t\t\t\n\t<div class=\"wpb_text_column wpb_content_element\" >\n\t\t<div class=\"wpb_wrapper\">\n\t\t\t<p style=\"font-weight: 400;\">As part of our digital transformation process, the University Foundation of Navarra - UNINAVARRA has implemented a new technological solution that allows us to make available to our graduates\u00a0<strong>electronic documents with full legal validity<\/strong>thanks to the integration of the services offered by\u00a0<strong>EVOLUSIGN<\/strong>.<\/p>\n<h3 style=\"text-align: center;\">What do we offer you?<\/h3>\n<ul style=\"font-weight: 400;\">\n<li><strong>Electronic legal documents:<\/strong>\u00a0Electronically generated diplomas and degree certificates, with certified digital signature and chronological stamp, which guarantee their authenticity and legal validity.<\/li>\n<li><strong>Validation by encrypted code and QR code:<\/strong>\u00a0Each document has a\u00a0<strong>QR code<\/strong>which can be verified from any mobile device to ensure its legitimacy against third parties.<\/li>\n<li><strong>Documentary repository:<\/strong>\u00a0Access your legal documents from anywhere and at any time, through a secure digital repository, available 24\/7 with internet connection.<\/li>\n<\/ul>\n<h3 style=\"text-align: center;\">How to access?<\/h3>\n<p style=\"font-weight: 400;\">Through the Web page of Electronic Titles\u00a0<a href=\"https:\/\/uninavarra.evolutool.com\/home.php\" data-saferedirecturl=\"https:\/\/www.google.com\/url?q=https:\/\/uninavarra.evolutool.com\/home.php&amp;source=gmail&amp;ust=1752175856177000&amp;usg=AOvVaw307xvurvwx1x9ud1pDifQm\">Portal access<\/a>If you wish to secure your account or if you cannot log in with the credentials used, you can request a Token from the \"Get new Token\" button.<\/p>\n<h3 style=\"text-align: center;\">Why does this service make a difference?<\/h3>\n<p style=\"font-weight: 400;\">These Electronic Degree Packages (Diploma and Degree Certificate) have a QR code with certified digital signature, which will allow the validation of content and authenticity.<\/p>\n<p style=\"font-weight: 400;\">This space has been created to facilitate your processes, provide greater security and efficient access to institutional documentation.<\/p>\n<p style=\"font-weight: 400;\">At the same time, this same portal, through a QR code, allows the verification of the academic degree that you receive today, so that any interested third party can verify that these documents (diploma and degree certificate) provided or shared by you are true and authentic.<\/p>\n<p style=\"font-weight: 400;\">We consider that this tool, which allows access to and automatic generation of digital certificates of diploma and degree certificates, facilitates the verification of information in real time, favoring the employability processes of our graduates, as well as the continuation of their studies both in the country and abroad.<\/p>\n<p style=\"font-weight: 400;\">In order for you to access this service and, with the purpose of strictly complying with the General Regime of Personal Data Protection established in Colombia, as well as with UNINAVARRA's Information Treatment Policy, we inform you that, with the digital certificate request, you must previously, voluntarily and expressly authorize the subsequent verification of the same by any interested third party, through the respective QR code.<\/p>\n<p>If you have any questions please do not hesitate to write us at whatsapp\u00a0<strong>315 498 7324 o\u00a0<\/strong>write to the mail\u00a0<a href=\"mailto:admisiones@uninavarra.edu.co\">admisiones@uninavarra.edu.co<\/a><strong>,<\/strong>\u00a0From the Admissions and Registration Unit we will be ready to support you.<\/p>\n\n\t\t<\/div>\n\t<\/div>\n\n\t\t<\/div> \n\t<\/div><\/div><\/div><\/div>\n<\/div>","protected":false},"excerpt":{"rendered":"Documentos Electr\u00f3nicos con Validez Jur\u00eddica para Graduados En el marco de nuestro proceso de transformaci\u00f3n digital, la Fundaci\u00f3n Universitaria Navarra - UNINAVARRA ha implementado una nueva soluci\u00f3n tecnol\u00f3gica que nos [...]","protected":false},"author":13,"featured_media":68058,"parent":10,"menu_order":0,"comment_status":"closed","ping_status":"closed","template":"","meta":{"footnotes":""},"categories":[1],"tags":[],"class_list":["post-91956","page","type-page","status-publish","has-post-thumbnail","hentry","category-uncategorized"],"yoast_head":"<!-- This site is optimized with the Yoast SEO plugin v27.4 - https:\/\/yoast.com\/product\/yoast-seo-wordpress\/ -->\n<title>Consulta de diploma virtual - Uninavarra<\/title>\n<meta name=\"robots\" content=\"index, follow, max-snippet:-1, max-image-preview:large, max-video-preview:-1\" \/>\n<link rel=\"canonical\" href=\"https:\/\/uninavarra.edu.co\/en\/egresados\/consulta-de-diploma-virtual\/\" \/>\n<meta property=\"og:locale\" content=\"en_US\" \/>\n<meta property=\"og:type\" content=\"article\" \/>\n<meta property=\"og:title\" content=\"Consulta de diploma virtual - Uninavarra\" \/>\n<meta property=\"og:url\" content=\"https:\/\/uninavarra.edu.co\/en\/egresados\/consulta-de-diploma-virtual\/\" \/>\n<meta property=\"og:site_name\" content=\"Uninavarra\" \/>\n<meta property=\"article:publisher\" content=\"https:\/\/www.facebook.com\/UninavarraEduca\" \/>\n<meta property=\"article:modified_time\" content=\"2025-07-09T21:28:35+00:00\" \/>\n<meta property=\"og:image\" content=\"https:\/\/uninavarra.edu.co\/wp-content\/uploads\/2023\/12\/banner-generico.png\" \/>\n\t<meta property=\"og:image:width\" content=\"2480\" \/>\n\t<meta property=\"og:image:height\" content=\"276\" \/>\n\t<meta property=\"og:image:type\" content=\"image\/png\" \/>\n<meta name=\"twitter:card\" content=\"summary_large_image\" \/>\n<meta name=\"twitter:site\" content=\"@uninavarraeduca\" \/>\n<meta name=\"twitter:label1\" content=\"Est. reading time\" \/>\n\t<meta name=\"twitter:data1\" content=\"3 minutes\" \/>\n<script type=\"application\/ld+json\" class=\"yoast-schema-graph\">{\"@context\":\"https:\\\/\\\/schema.org\",\"@graph\":[{\"@type\":\"WebPage\",\"@id\":\"https:\\\/\\\/uninavarra.edu.co\\\/egresados\\\/consulta-de-diploma-virtual\\\/\",\"url\":\"https:\\\/\\\/uninavarra.edu.co\\\/egresados\\\/consulta-de-diploma-virtual\\\/\",\"name\":\"Consulta de diploma virtual - Uninavarra\",\"isPartOf\":{\"@id\":\"https:\\\/\\\/uninavarra.edu.co\\\/#website\"},\"primaryImageOfPage\":{\"@id\":\"https:\\\/\\\/uninavarra.edu.co\\\/egresados\\\/consulta-de-diploma-virtual\\\/#primaryimage\"},\"image\":{\"@id\":\"https:\\\/\\\/uninavarra.edu.co\\\/egresados\\\/consulta-de-diploma-virtual\\\/#primaryimage\"},\"thumbnailUrl\":\"https:\\\/\\\/uninavarra.edu.co\\\/wp-content\\\/uploads\\\/2023\\\/12\\\/banner-generico.png\",\"datePublished\":\"2025-07-09T21:13:46+00:00\",\"dateModified\":\"2025-07-09T21:28:35+00:00\",\"breadcrumb\":{\"@id\":\"https:\\\/\\\/uninavarra.edu.co\\\/egresados\\\/consulta-de-diploma-virtual\\\/#breadcrumb\"},\"inLanguage\":\"en-US\",\"potentialAction\":[{\"@type\":\"ReadAction\",\"target\":[\"https:\\\/\\\/uninavarra.edu.co\\\/egresados\\\/consulta-de-diploma-virtual\\\/\"]}]},{\"@type\":\"ImageObject\",\"inLanguage\":\"en-US\",\"@id\":\"https:\\\/\\\/uninavarra.edu.co\\\/egresados\\\/consulta-de-diploma-virtual\\\/#primaryimage\",\"url\":\"https:\\\/\\\/uninavarra.edu.co\\\/wp-content\\\/uploads\\\/2023\\\/12\\\/banner-generico.png\",\"contentUrl\":\"https:\\\/\\\/uninavarra.edu.co\\\/wp-content\\\/uploads\\\/2023\\\/12\\\/banner-generico.png\",\"width\":2480,\"height\":276,\"caption\":\"banner generico\"},{\"@type\":\"BreadcrumbList\",\"@id\":\"https:\\\/\\\/uninavarra.edu.co\\\/egresados\\\/consulta-de-diploma-virtual\\\/#breadcrumb\",\"itemListElement\":[{\"@type\":\"ListItem\",\"position\":1,\"name\":\"Home\",\"item\":\"https:\\\/\\\/uninavarra.edu.co\\\/\"},{\"@type\":\"ListItem\",\"position\":2,\"name\":\"Graduados\",\"item\":\"https:\\\/\\\/uninavarra.edu.co\\\/egresados\\\/\"},{\"@type\":\"ListItem\",\"position\":3,\"name\":\"Consulta de diploma virtual\"}]},{\"@type\":\"WebSite\",\"@id\":\"https:\\\/\\\/uninavarra.edu.co\\\/#website\",\"url\":\"https:\\\/\\\/uninavarra.edu.co\\\/\",\"name\":\"UNINAVARRA\",\"description\":\"Haz realidad tu deseo de aprender\",\"publisher\":{\"@id\":\"https:\\\/\\\/uninavarra.edu.co\\\/#organization\"},\"potentialAction\":[{\"@type\":\"SearchAction\",\"target\":{\"@type\":\"EntryPoint\",\"urlTemplate\":\"https:\\\/\\\/uninavarra.edu.co\\\/?s={search_term_string}\"},\"query-input\":{\"@type\":\"PropertyValueSpecification\",\"valueRequired\":true,\"valueName\":\"search_term_string\"}}],\"inLanguage\":\"en-US\"},{\"@type\":\"Organization\",\"@id\":\"https:\\\/\\\/uninavarra.edu.co\\\/#organization\",\"name\":\"Fundaci\u00f3n Universitaria Navarra - UNINAVARRA\",\"url\":\"https:\\\/\\\/uninavarra.edu.co\\\/\",\"logo\":{\"@type\":\"ImageObject\",\"inLanguage\":\"en-US\",\"@id\":\"https:\\\/\\\/uninavarra.edu.co\\\/#\\\/schema\\\/logo\\\/image\\\/\",\"url\":\"https:\\\/\\\/uninavarra.edu.co\\\/wp-content\\\/uploads\\\/2024\\\/06\\\/Escudo-uninavarra-Solo.png\",\"contentUrl\":\"https:\\\/\\\/uninavarra.edu.co\\\/wp-content\\\/uploads\\\/2024\\\/06\\\/Escudo-uninavarra-Solo.png\",\"width\":1500,\"height\":1401,\"caption\":\"Fundaci\u00f3n Universitaria Navarra - UNINAVARRA\"},\"image\":{\"@id\":\"https:\\\/\\\/uninavarra.edu.co\\\/#\\\/schema\\\/logo\\\/image\\\/\"},\"sameAs\":[\"https:\\\/\\\/www.facebook.com\\\/UninavarraEduca\",\"https:\\\/\\\/x.com\\\/uninavarraeduca\",\"https:\\\/\\\/www.instagram.com\\\/uninavarra\\\/?hl=es\",\"https:\\\/\\\/www.linkedin.com\\\/in\\\/fundacin-universitaria-navarra-uninavarra-b41225222\\\/\"]}]}<\/script>\n<!-- \/ Yoast SEO plugin. -->","yoast_head_json":{"title":"Consulta de diploma virtual - Uninavarra","robots":{"index":"index","follow":"follow","max-snippet":"max-snippet:-1","max-image-preview":"max-image-preview:large","max-video-preview":"max-video-preview:-1"},"canonical":"https:\/\/uninavarra.edu.co\/en\/egresados\/consulta-de-diploma-virtual\/","og_locale":"en_US","og_type":"article","og_title":"Consulta de diploma virtual - Uninavarra","og_url":"https:\/\/uninavarra.edu.co\/en\/egresados\/consulta-de-diploma-virtual\/","og_site_name":"Uninavarra","article_publisher":"https:\/\/www.facebook.com\/UninavarraEduca","article_modified_time":"2025-07-09T21:28:35+00:00","og_image":[{"width":2480,"height":276,"url":"https:\/\/uninavarra.edu.co\/wp-content\/uploads\/2023\/12\/banner-generico.png","type":"image\/png"}],"twitter_card":"summary_large_image","twitter_site":"@uninavarraeduca","twitter_misc":{"Est. reading time":"3 minutes"},"schema":{"@context":"https:\/\/schema.org","@graph":[{"@type":"WebPage","@id":"https:\/\/uninavarra.edu.co\/egresados\/consulta-de-diploma-virtual\/","url":"https:\/\/uninavarra.edu.co\/egresados\/consulta-de-diploma-virtual\/","name":"Consulta de diploma virtual - Uninavarra","isPartOf":{"@id":"https:\/\/uninavarra.edu.co\/#website"},"primaryImageOfPage":{"@id":"https:\/\/uninavarra.edu.co\/egresados\/consulta-de-diploma-virtual\/#primaryimage"},"image":{"@id":"https:\/\/uninavarra.edu.co\/egresados\/consulta-de-diploma-virtual\/#primaryimage"},"thumbnailUrl":"https:\/\/uninavarra.edu.co\/wp-content\/uploads\/2023\/12\/banner-generico.png","datePublished":"2025-07-09T21:13:46+00:00","dateModified":"2025-07-09T21:28:35+00:00","breadcrumb":{"@id":"https:\/\/uninavarra.edu.co\/egresados\/consulta-de-diploma-virtual\/#breadcrumb"},"inLanguage":"en-US","potentialAction":[{"@type":"ReadAction","target":["https:\/\/uninavarra.edu.co\/egresados\/consulta-de-diploma-virtual\/"]}]},{"@type":"ImageObject","inLanguage":"en-US","@id":"https:\/\/uninavarra.edu.co\/egresados\/consulta-de-diploma-virtual\/#primaryimage","url":"https:\/\/uninavarra.edu.co\/wp-content\/uploads\/2023\/12\/banner-generico.png","contentUrl":"https:\/\/uninavarra.edu.co\/wp-content\/uploads\/2023\/12\/banner-generico.png","width":2480,"height":276,"caption":"banner generico"},{"@type":"BreadcrumbList","@id":"https:\/\/uninavarra.edu.co\/egresados\/consulta-de-diploma-virtual\/#breadcrumb","itemListElement":[{"@type":"ListItem","position":1,"name":"Home","item":"https:\/\/uninavarra.edu.co\/"},{"@type":"ListItem","position":2,"name":"Graduados","item":"https:\/\/uninavarra.edu.co\/egresados\/"},{"@type":"ListItem","position":3,"name":"Consulta de diploma virtual"}]},{"@type":"WebSite","@id":"https:\/\/uninavarra.edu.co\/#website","url":"https:\/\/uninavarra.edu.co\/","name":"UNINAVARRA","description":"Make your desire to learn a reality","publisher":{"@id":"https:\/\/uninavarra.edu.co\/#organization"},"potentialAction":[{"@type":"SearchAction","target":{"@type":"EntryPoint","urlTemplate":"https:\/\/uninavarra.edu.co\/?s={search_term_string}"},"query-input":{"@type":"PropertyValueSpecification","valueRequired":true,"valueName":"search_term_string"}}],"inLanguage":"en-US"},{"@type":"Organization","@id":"https:\/\/uninavarra.edu.co\/#organization","name":"Navarre University Foundation - UNINAVARRA","url":"https:\/\/uninavarra.edu.co\/","logo":{"@type":"ImageObject","inLanguage":"en-US","@id":"https:\/\/uninavarra.edu.co\/#\/schema\/logo\/image\/","url":"https:\/\/uninavarra.edu.co\/wp-content\/uploads\/2024\/06\/Escudo-uninavarra-Solo.png","contentUrl":"https:\/\/uninavarra.edu.co\/wp-content\/uploads\/2024\/06\/Escudo-uninavarra-Solo.png","width":1500,"height":1401,"caption":"Fundaci\u00f3n Universitaria Navarra - UNINAVARRA"},"image":{"@id":"https:\/\/uninavarra.edu.co\/#\/schema\/logo\/image\/"},"sameAs":["https:\/\/www.facebook.com\/UninavarraEduca","https:\/\/x.com\/uninavarraeduca","https:\/\/www.instagram.com\/uninavarra\/?hl=es","https:\/\/www.linkedin.com\/in\/fundacin-universitaria-navarra-uninavarra-b41225222\/"]}]}},"_links":{"self":[{"href":"https:\/\/uninavarra.edu.co\/en\/wp-json\/wp\/v2\/pages\/91956","targetHints":{"allow":["GET"]}}],"collection":[{"href":"https:\/\/uninavarra.edu.co\/en\/wp-json\/wp\/v2\/pages"}],"about":[{"href":"https:\/\/uninavarra.edu.co\/en\/wp-json\/wp\/v2\/types\/page"}],"author":[{"embeddable":true,"href":"https:\/\/uninavarra.edu.co\/en\/wp-json\/wp\/v2\/users\/13"}],"replies":[{"embeddable":true,"href":"https:\/\/uninavarra.edu.co\/en\/wp-json\/wp\/v2\/comments?post=91956"}],"version-history":[{"count":0,"href":"https:\/\/uninavarra.edu.co\/en\/wp-json\/wp\/v2\/pages\/91956\/revisions"}],"up":[{"embeddable":true,"href":"https:\/\/uninavarra.edu.co\/en\/wp-json\/wp\/v2\/pages\/10"}],"wp:featuredmedia":[{"embeddable":true,"href":"https:\/\/uninavarra.edu.co\/en\/wp-json\/wp\/v2\/media\/68058"}],"wp:attachment":[{"href":"https:\/\/uninavarra.edu.co\/en\/wp-json\/wp\/v2\/media?parent=91956"}],"wp:term":[{"taxonomy":"category","embeddable":true,"href":"https:\/\/uninavarra.edu.co\/en\/wp-json\/wp\/v2\/categories?post=91956"},{"taxonomy":"post_tag","embeddable":true,"href":"https:\/\/uninavarra.edu.co\/en\/wp-json\/wp\/v2\/tags?post=91956"}],"curies":[{"name":"wp","href":"https:\/\/api.w.org\/{rel}","templated":true}]}}