{"id":91175,"date":"2025-06-17T16:22:34","date_gmt":"2025-06-17T21:22:34","guid":{"rendered":"https:\/\/uninavarra.edu.co\/?page_id=91175"},"modified":"2025-12-10T16:31:09","modified_gmt":"2025-12-10T21:31:09","slug":"eventos-tecnologia-en-radiologia-e-imagenes-diagnosticas","status":"publish","type":"page","link":"https:\/\/uninavarra.edu.co\/en\/landing\/tecnologia-en-radiologia-e-imagenes-diagnosticas\/eventos-tecnologia-en-radiologia-e-imagenes-diagnosticas\/","title":{"rendered":"Eventos Tecnolog\u00eda en Radiolog\u00eda e Im\u00e1genes Diagn\u00f3sticas"},"content":{"rendered":"<div class=\"wpb-content-wrapper\"><section id=\"contenido_cina\" class=\"vc_section\"><div class=\"wpb-container\"><div class=\"container\"><div class=\"vc_row wpb_row vc_row-fluid row\"><div class=\"col-sm-12  vc_\">\n\t\t<div class=\"wpb_wrapper\">\n\t\t\t<div class=\"vc_empty_space\"   style=\"height: 32px\"><span class=\"vc_empty_space_inner\"><\/span><\/div>\n\t<div class=\"wpb_raw_code wpb_raw_html wpb_content_element\" >\n\t\t<div class=\"wpb_wrapper\">\n\t\t\t <div class=\"container2 extension\" id=\"extension\">\n\n<!-- evento # 9 -->\n                <a class=\"popmake-95837\">\n                    <div class='card exte'>\n                        <div class='card-header'>\n                            <img src='https:\/\/uninavarra.edu.co\/wp-content\/uploads\/2025\/12\/IV-CONGRESO-RADIOLOGIA.jpeg' \/>\n                            <div class='card-body'>\n                                <p style='color:#393434'>IV National and International Congress on Innovation and Research in Radiology and Diagnostic Imaging <\/p>\n                            <\/div>\n                        <\/div>\n                    <\/div>\n                <\/a>\n\n\n<!-- evento # 8 -->\n                <a class=\"popmake-95545\">\n                    <div class='card exte'>\n                        <div class='card-header'>\n                            <img src='https:\/\/uninavarra.edu.co\/wp-content\/uploads\/2025\/11\/V-Encuentro-Interinstitucional-de-Semilleros-de-Investigacion-de-Programas-de-Tecnologia-en-Radiologia-y-Radioterapia-EISITEC-1-scaled.jpg' \/>\n                            <div class='card-body'>\n                                <p style='color:#393434'>V Interinstitutional Meeting of Research Semilleros of the Radiology and Radiotherapy Technology Programs EISITEC. <\/p>\n                            <\/div>\n                        <\/div>\n                    <\/div>\n                <\/a>\n\n               \n                <!-- evento # 7 -->\n\n                <a class=\"popmake-91561\">\n                    <div class='card exte'>\n                        <div class='card-header'>\n                            <img src='https:\/\/uninavarra.edu.co\/wp-content\/uploads\/2025\/06\/image-2.png'alt='' \/>\n                            <div class='card-body'>\n                                <p style='color:#393434'>IV Jornada Internacional de Actualizaci\u00f3n en Im\u00e1genes Diagn\u00f3sticas \"Tendencias Tecnol\u00f3gicas y Aplicaciones Avanzadas en Radiolog\u00eda Convencional\"<\/p>\n                            <\/div>\n                        <\/div>\n                    <\/div>\n                <\/a>\n\n                <!-- evento # 6 -->\n\n                <a class=\"popmake-91258\">\n                    <div class='card exte'>\n                        <div class='card-header'>\n                            <img src='https:\/\/uninavarra.edu.co\/wp-content\/uploads\/2024\/10\/III-Jornada-de-actualizacion-1.jpg'alt='' \/>\n                            <div class='card-body'>\n                                <p style='color:#393434'>III Jornada Internacional de Actualizaci\u00f3n en Im\u00e1genes Diagn\u00f3sticas. \u201cLa Revoluci\u00f3n De La Resonancia Magn\u00e9tica\u201d<\/p>\n                            <\/div>\n                        <\/div>\n                    <\/div>\n                <\/a>\n\n                <!-- evento # 5 -->\n\n                <a class=\"popmake-91256\">\n                    <div class='card exte'>\n                        <div class='card-header'>\n                            <img src='https:\/\/uninavarra.edu.co\/wp-content\/uploads\/2024\/10\/II-Jornada.jpg'alt='' \/>\n                            <div class='card-body'>\n                                <p style='color:#393434'>II Jornada Internacional de Actualizaci\u00f3n en Im\u00e1genes Diagn\u00f3sticas \u2013 Tomograf\u00eda Computarizada. \u201cLa evoluci\u00f3n en el diagn\u00f3stico\u201d<\/p>\n                            <\/div>\n                        <\/div>\n                    <\/div>\n                <\/a>\n\n                <!-- evento # 4 -->\n\n                <a class=\"popmake-94734\">\n                    <div class='card exte'>\n                        <div class='card-header'>\n                            <img src='https:\/\/uninavarra.edu.co\/wp-content\/uploads\/2025\/10\/III-Congreso-Internacional-e-internacional.jpg'alt='' \/>\n                            <div class='card-body'>\n                                <p style='color:#393434'>III National and International Congress on Innovation and Research in Radiology and Diagnostic Imaging<\/p>\n                            <\/div>\n                        <\/div>\n                    <\/div>\n                <\/a>\n\n                <!-- evento # 3 -->\n\n                <a class=\"popmake-91284\">\n                    <div class='card exte'>\n                        <div class='card-header'>\n                            <img src='https:\/\/uninavarra.edu.co\/wp-content\/uploads\/2024\/10\/II-Congreso-2.jpg'alt='' \/>\n                            <div class='card-body'>\n                                <p style='color:#393434'>2nd National and International Congress on Innovation and Research in Radiology and Diagnostic Imaging<\/p>\n                            <\/div>\n                        <\/div>\n                    <\/div>\n                <\/a>\n\n                <!-- evento # 2 -->\n\n                <a class=\"popmake-91285\">\n                    <div class='card exte'>\n                        <div class='card-header'>\n                            <img src='https:\/\/uninavarra.edu.co\/wp-content\/uploads\/2024\/10\/I-Jornada-1.jpg'alt='' \/>\n                            <div class='card-body'>\n                                <p style='color:#393434'>I International Conference on Breast Imaging Update New realities in Early Diagnosis \"Prevention is detection and detection is cure\".<\/p>\n                            <\/div>\n                        <\/div>\n                    <\/div>\n                <\/a>\n\n                <!-- evento # 1 -->\n\n                <a class=\"popmake-91253\">\n                    <div class='card exte'>\n                        <div class='card-header'>\n                            <img src='https:\/\/uninavarra.edu.co\/wp-content\/uploads\/2025\/10\/I-congreso-nacional-e-internacional.jpg'alt='' \/>\n                            <div class='card-body'>\n                                <p style='color:#393434'>1st National and International Congress on Innovation and Research in Radiology and Diagnostic Imaging<\/p>\n                            <\/div>\n                        <\/div>\n                    <\/div>\n                <\/a>\n                \n<\/div>\n\t\t<\/div>\n\t<\/div>\n\n\t<div class=\"wpb_raw_code wpb_raw_html wpb_content_element\" >\n\t\t<div class=\"wpb_wrapper\">\n\t\t\t<style>\n.container2 {\n    display: flex;\n    justify-content: space-evenly;\n    flex-wrap: wrap;\n    max-width: 100%;\n}\n\n.card {\n    margin: 10px;\n    background-color: #fff;\n    border-radius: 10px;\n    transition: transform 0.3s ease;\n    box-shadow: 0 2px 20px rgba(0, 0, 0, 0.2);\n    overflow: hidden;\n    width: 250px !important;\n    min-height: 270px;\n}\n\n.card:hover {\n    transform: scale(1.1);\n}\n\n.card-header img {\n    width: 100%;\n    height: 150px;\n    object-fit: cover;\n    object-position: center center;\n    image-rendering: auto;\n}\n\n.card-body {\n    display: flex;\n    flex-direction: column;\n    justify-content: center;\n    align-items: center; \/* Cambiado a 'center' para centrar el contenido *\/\n    padding: 17px;\n    min-height: 108px;\n    max-height: 126px;\n}\n\n.tag {\n    background: #cccccc;\n    border-radius: 50px;\n    font-size: 12px;\n    margin: 0;\n    padding: 20px;\n    color: #fff;\n    padding: 2px 10px;\n    text-transform: uppercase;\n    cursor: pointer;\n}\n\n.tag-teal {\n    background-color: #47bcd4;\n}\n\n.tag-purple {\n    background-color: #5e76bf;\n}\n\n.tag-pink {\n    background-color: #cd5b9f;\n}\n\n.card-body p {\n    font-size: 14px !important;\n    margin: 0 0 10px;\n    line-height: 1.2;\n    text-align: center;\n}\n\n.card-footer {\n    text-align: center;\n    margin-bottom: -5px;\n}\n\n.user {\n    display: flex;\n    margin-top: auto;\n}\n\n.user img {\n    border-radius: 50%;\n    width: 40px;\n    height: 40px;\n    margin-right: 10px;\n}\n\n.user-info h5 {\n    margin: 0;\n}\n\n.user-info small {\n    color: #545d7a;\n}\n\n.floating-menu {\n    display: none;\n}\n\na:hover, a:focus, a:active {\n    text-decoration: none;\n}\n<\/style>\n\n\t\t<\/div>\n\t<\/div>\n\n\t<div class=\"wpb_raw_code wpb_raw_html wpb_content_element\" >\n\t\t<div class=\"wpb_wrapper\">\n\t\t\t<link rel=\"preconnect\" href=\"https:\/\/fonts.gstatic.com\">\n<link href=\"https:\/\/fonts.googleapis.com\/css2?family=Raleway:ital,wght@0,400;0,700;1,400&display=swap\" rel=\"stylesheet\">\n<link href=\"https:\/\/fonts.googleapis.com\/css2?family=Lato:wght@400;700&display=swap\" rel=\"stylesheet\">\n<link href=\"https:\/\/fonts.googleapis.com\/icon?family=Material+Icons\" rel=\"stylesheet\">\n\n<style>\n\/* Arregla el tama\u00f1o de la letra del slider cina ya que esta en 'rem' *\/ html {font-size: 100%} .navbar-mega .navbar-nav > li .dropdown-menu li a {font-size: 14px !important;}\n\n\/* CAMBIO COLOR DE LA LETRA Y ESTILO *\/\n#wpo-mainbody, #wpo-mainbody h2, #wpo-mainbody h3, #wpo-mainbody h4, #wpo-mainbody p, #wpo-mainbody a, #wpo-mainbody strong, #wpo-mainbody em, #wpo-mainbody th, #wpo-mainbody tr, #wpo-mainbody td, #wpo-mainbody ol, #wpo-mainbody ul, #wpo-mainbody li, #wpo-mainbody :after {\n    font-family: 'Raleway', sans-serif\n}\n\n#wpo-mainbody p {\n    font-size: 18px;\n    line-height: 15px;\n}\n\n#wpo-mainbody li {\n    font-size: 18px;\n    line-height: 15px;\n}\n\n#wpo-mainbody a {\n    text-decoration: none;\n    \/*color: #555;*\/\n}\n\n#wpo-mainbody a:hover {\n    transition: 0.4s;\n    \/*color: rgb(239, 184, 16);*\/\n}\n\n#wpo-mainbody strong {\n    line-height: 15px\n}\n\n\/* Estilo Aplicado en Listas de Semilleros de los Grupos de Investigaci\u00f3n *\/\n#wpo-mainbody .lista_semilleros ul {\n    padding-inline-start: 35px;\n}\n\n#wpo-mainbody .lista_semilleros li {\n\tline-height: 20px\n}\n\n#wpo-mainbody .lista_semilleros ul li {\n\tfont-size: 15px;\n\tmargin-left: 20px;\n\tmargin-bottom: 15px\n}\n\n#wpo-mainbody .lista_semilleros li:last-child ul li {\n\tmargin-bottom: 0\n}\n\n#wpo-mainbody .lista_semilleros ul li:before {\n    position: absolute;\n    background: none;\n}\n<\/style>\n\t\t<\/div>\n\t<\/div>\n\n\t\t<\/div> \n\t<\/div><\/div><\/div><\/div><\/section>\n<\/div>","protected":false},"excerpt":{"rendered":"IV Congreso Nacional e Internacional de Innovaci\u00f3n e Investigaci\u00f3n en Radiolog\u00eda e Im\u00e1genes Diagn\u00f3sticas V Encuentro interinstitucional de Semilleros de Investigaci\u00f3n de los Programas de Tecnolog\u00eda en Radiolog\u00eda y Radioterapia [...]","protected":false},"author":13,"featured_media":68058,"parent":75062,"menu_order":0,"comment_status":"closed","ping_status":"closed","template":"","meta":{"footnotes":""},"categories":[],"tags":[],"class_list":["post-91175","page","type-page","status-publish","has-post-thumbnail","hentry"],"yoast_head":"<!-- This site is optimized with the Yoast SEO plugin v27.2 - https:\/\/yoast.com\/product\/yoast-seo-wordpress\/ -->\n<title>Eventos Tecnolog\u00eda en Radiolog\u00eda e Im\u00e1genes Diagn\u00f3sticas - Uninavarra<\/title>\n<meta name=\"robots\" content=\"index, follow, max-snippet:-1, max-image-preview:large, max-video-preview:-1\" \/>\n<link rel=\"canonical\" href=\"https:\/\/uninavarra.edu.co\/en\/landing\/tecnologia-en-radiologia-e-imagenes-diagnosticas\/eventos-tecnologia-en-radiologia-e-imagenes-diagnosticas\/\" \/>\n<meta property=\"og:locale\" content=\"en_US\" \/>\n<meta property=\"og:type\" content=\"article\" \/>\n<meta property=\"og:title\" content=\"Eventos Tecnolog\u00eda en Radiolog\u00eda e Im\u00e1genes Diagn\u00f3sticas - Uninavarra\" \/>\n<meta property=\"og:url\" content=\"https:\/\/uninavarra.edu.co\/en\/landing\/tecnologia-en-radiologia-e-imagenes-diagnosticas\/eventos-tecnologia-en-radiologia-e-imagenes-diagnosticas\/\" \/>\n<meta property=\"og:site_name\" content=\"Uninavarra\" \/>\n<meta property=\"article:publisher\" content=\"https:\/\/www.facebook.com\/UninavarraEduca\" \/>\n<meta property=\"article:modified_time\" content=\"2025-12-10T21:31:09+00:00\" \/>\n<meta property=\"og:image\" content=\"https:\/\/uninavarra.edu.co\/wp-content\/uploads\/2023\/12\/banner-generico.png\" \/>\n\t<meta property=\"og:image:width\" content=\"2480\" \/>\n\t<meta property=\"og:image:height\" content=\"276\" \/>\n\t<meta property=\"og:image:type\" content=\"image\/png\" \/>\n<meta name=\"twitter:card\" content=\"summary_large_image\" \/>\n<meta name=\"twitter:site\" content=\"@uninavarraeduca\" \/>\n<meta name=\"twitter:label1\" content=\"Est. reading time\" \/>\n\t<meta name=\"twitter:data1\" content=\"1 minute\" \/>\n<script type=\"application\/ld+json\" class=\"yoast-schema-graph\">{\"@context\":\"https:\/\/schema.org\",\"@graph\":[{\"@type\":\"WebPage\",\"@id\":\"https:\/\/uninavarra.edu.co\/landing\/tecnologia-en-radiologia-e-imagenes-diagnosticas\/eventos-tecnologia-en-radiologia-e-imagenes-diagnosticas\/\",\"url\":\"https:\/\/uninavarra.edu.co\/landing\/tecnologia-en-radiologia-e-imagenes-diagnosticas\/eventos-tecnologia-en-radiologia-e-imagenes-diagnosticas\/\",\"name\":\"Eventos Tecnolog\u00eda en Radiolog\u00eda e Im\u00e1genes Diagn\u00f3sticas - Uninavarra\",\"isPartOf\":{\"@id\":\"https:\/\/uninavarra.edu.co\/#website\"},\"primaryImageOfPage\":{\"@id\":\"https:\/\/uninavarra.edu.co\/landing\/tecnologia-en-radiologia-e-imagenes-diagnosticas\/eventos-tecnologia-en-radiologia-e-imagenes-diagnosticas\/#primaryimage\"},\"image\":{\"@id\":\"https:\/\/uninavarra.edu.co\/landing\/tecnologia-en-radiologia-e-imagenes-diagnosticas\/eventos-tecnologia-en-radiologia-e-imagenes-diagnosticas\/#primaryimage\"},\"thumbnailUrl\":\"https:\/\/uninavarra.edu.co\/wp-content\/uploads\/2023\/12\/banner-generico.png\",\"datePublished\":\"2025-06-17T21:22:34+00:00\",\"dateModified\":\"2025-12-10T21:31:09+00:00\",\"breadcrumb\":{\"@id\":\"https:\/\/uninavarra.edu.co\/landing\/tecnologia-en-radiologia-e-imagenes-diagnosticas\/eventos-tecnologia-en-radiologia-e-imagenes-diagnosticas\/#breadcrumb\"},\"inLanguage\":\"en-US\",\"potentialAction\":[{\"@type\":\"ReadAction\",\"target\":[\"https:\/\/uninavarra.edu.co\/landing\/tecnologia-en-radiologia-e-imagenes-diagnosticas\/eventos-tecnologia-en-radiologia-e-imagenes-diagnosticas\/\"]}]},{\"@type\":\"ImageObject\",\"inLanguage\":\"en-US\",\"@id\":\"https:\/\/uninavarra.edu.co\/landing\/tecnologia-en-radiologia-e-imagenes-diagnosticas\/eventos-tecnologia-en-radiologia-e-imagenes-diagnosticas\/#primaryimage\",\"url\":\"https:\/\/uninavarra.edu.co\/wp-content\/uploads\/2023\/12\/banner-generico.png\",\"contentUrl\":\"https:\/\/uninavarra.edu.co\/wp-content\/uploads\/2023\/12\/banner-generico.png\",\"width\":2480,\"height\":276,\"caption\":\"banner generico\"},{\"@type\":\"BreadcrumbList\",\"@id\":\"https:\/\/uninavarra.edu.co\/landing\/tecnologia-en-radiologia-e-imagenes-diagnosticas\/eventos-tecnologia-en-radiologia-e-imagenes-diagnosticas\/#breadcrumb\",\"itemListElement\":[{\"@type\":\"ListItem\",\"position\":1,\"name\":\"Home\",\"item\":\"https:\/\/uninavarra.edu.co\/\"},{\"@type\":\"ListItem\",\"position\":2,\"name\":\"Oferta acad\u00e9mica &#8211; Programas UNINAVARRA\",\"item\":\"https:\/\/uninavarra.edu.co\/landing\/\"},{\"@type\":\"ListItem\",\"position\":3,\"name\":\"Tecnolog\u00eda en Radiolog\u00eda e Im\u00e1genes Diagn\u00f3sticas\",\"item\":\"https:\/\/uninavarra.edu.co\/landing\/tecnologia-en-radiologia-e-imagenes-diagnosticas\/\"},{\"@type\":\"ListItem\",\"position\":4,\"name\":\"Eventos Tecnolog\u00eda en Radiolog\u00eda e Im\u00e1genes Diagn\u00f3sticas\"}]},{\"@type\":\"WebSite\",\"@id\":\"https:\/\/uninavarra.edu.co\/#website\",\"url\":\"https:\/\/uninavarra.edu.co\/\",\"name\":\"UNINAVARRA\",\"description\":\"Haz realidad tu deseo de aprender\",\"publisher\":{\"@id\":\"https:\/\/uninavarra.edu.co\/#organization\"},\"potentialAction\":[{\"@type\":\"SearchAction\",\"target\":{\"@type\":\"EntryPoint\",\"urlTemplate\":\"https:\/\/uninavarra.edu.co\/?s={search_term_string}\"},\"query-input\":{\"@type\":\"PropertyValueSpecification\",\"valueRequired\":true,\"valueName\":\"search_term_string\"}}],\"inLanguage\":\"en-US\"},{\"@type\":\"Organization\",\"@id\":\"https:\/\/uninavarra.edu.co\/#organization\",\"name\":\"Fundaci\u00f3n Universitaria Navarra - UNINAVARRA\",\"url\":\"https:\/\/uninavarra.edu.co\/\",\"logo\":{\"@type\":\"ImageObject\",\"inLanguage\":\"en-US\",\"@id\":\"https:\/\/uninavarra.edu.co\/#\/schema\/logo\/image\/\",\"url\":\"https:\/\/uninavarra.edu.co\/wp-content\/uploads\/2024\/06\/Escudo-uninavarra-Solo.png\",\"contentUrl\":\"https:\/\/uninavarra.edu.co\/wp-content\/uploads\/2024\/06\/Escudo-uninavarra-Solo.png\",\"width\":1500,\"height\":1401,\"caption\":\"Fundaci\u00f3n Universitaria Navarra - UNINAVARRA\"},\"image\":{\"@id\":\"https:\/\/uninavarra.edu.co\/#\/schema\/logo\/image\/\"},\"sameAs\":[\"https:\/\/www.facebook.com\/UninavarraEduca\",\"https:\/\/x.com\/uninavarraeduca\",\"https:\/\/www.instagram.com\/uninavarra\/?hl=es\",\"https:\/\/www.linkedin.com\/in\/fundacin-universitaria-navarra-uninavarra-b41225222\/\"]}]}<\/script>\n<!-- \/ Yoast SEO plugin. -->","yoast_head_json":{"title":"Eventos Tecnolog\u00eda en Radiolog\u00eda e Im\u00e1genes Diagn\u00f3sticas - Uninavarra","robots":{"index":"index","follow":"follow","max-snippet":"max-snippet:-1","max-image-preview":"max-image-preview:large","max-video-preview":"max-video-preview:-1"},"canonical":"https:\/\/uninavarra.edu.co\/en\/landing\/tecnologia-en-radiologia-e-imagenes-diagnosticas\/eventos-tecnologia-en-radiologia-e-imagenes-diagnosticas\/","og_locale":"en_US","og_type":"article","og_title":"Eventos Tecnolog\u00eda en Radiolog\u00eda e Im\u00e1genes Diagn\u00f3sticas - Uninavarra","og_url":"https:\/\/uninavarra.edu.co\/en\/landing\/tecnologia-en-radiologia-e-imagenes-diagnosticas\/eventos-tecnologia-en-radiologia-e-imagenes-diagnosticas\/","og_site_name":"Uninavarra","article_publisher":"https:\/\/www.facebook.com\/UninavarraEduca","article_modified_time":"2025-12-10T21:31:09+00:00","og_image":[{"width":2480,"height":276,"url":"https:\/\/uninavarra.edu.co\/wp-content\/uploads\/2023\/12\/banner-generico.png","type":"image\/png"}],"twitter_card":"summary_large_image","twitter_site":"@uninavarraeduca","twitter_misc":{"Est. reading time":"1 minute"},"schema":{"@context":"https:\/\/schema.org","@graph":[{"@type":"WebPage","@id":"https:\/\/uninavarra.edu.co\/landing\/tecnologia-en-radiologia-e-imagenes-diagnosticas\/eventos-tecnologia-en-radiologia-e-imagenes-diagnosticas\/","url":"https:\/\/uninavarra.edu.co\/landing\/tecnologia-en-radiologia-e-imagenes-diagnosticas\/eventos-tecnologia-en-radiologia-e-imagenes-diagnosticas\/","name":"Eventos Tecnolog\u00eda en Radiolog\u00eda e Im\u00e1genes Diagn\u00f3sticas - Uninavarra","isPartOf":{"@id":"https:\/\/uninavarra.edu.co\/#website"},"primaryImageOfPage":{"@id":"https:\/\/uninavarra.edu.co\/landing\/tecnologia-en-radiologia-e-imagenes-diagnosticas\/eventos-tecnologia-en-radiologia-e-imagenes-diagnosticas\/#primaryimage"},"image":{"@id":"https:\/\/uninavarra.edu.co\/landing\/tecnologia-en-radiologia-e-imagenes-diagnosticas\/eventos-tecnologia-en-radiologia-e-imagenes-diagnosticas\/#primaryimage"},"thumbnailUrl":"https:\/\/uninavarra.edu.co\/wp-content\/uploads\/2023\/12\/banner-generico.png","datePublished":"2025-06-17T21:22:34+00:00","dateModified":"2025-12-10T21:31:09+00:00","breadcrumb":{"@id":"https:\/\/uninavarra.edu.co\/landing\/tecnologia-en-radiologia-e-imagenes-diagnosticas\/eventos-tecnologia-en-radiologia-e-imagenes-diagnosticas\/#breadcrumb"},"inLanguage":"en-US","potentialAction":[{"@type":"ReadAction","target":["https:\/\/uninavarra.edu.co\/landing\/tecnologia-en-radiologia-e-imagenes-diagnosticas\/eventos-tecnologia-en-radiologia-e-imagenes-diagnosticas\/"]}]},{"@type":"ImageObject","inLanguage":"en-US","@id":"https:\/\/uninavarra.edu.co\/landing\/tecnologia-en-radiologia-e-imagenes-diagnosticas\/eventos-tecnologia-en-radiologia-e-imagenes-diagnosticas\/#primaryimage","url":"https:\/\/uninavarra.edu.co\/wp-content\/uploads\/2023\/12\/banner-generico.png","contentUrl":"https:\/\/uninavarra.edu.co\/wp-content\/uploads\/2023\/12\/banner-generico.png","width":2480,"height":276,"caption":"banner generico"},{"@type":"BreadcrumbList","@id":"https:\/\/uninavarra.edu.co\/landing\/tecnologia-en-radiologia-e-imagenes-diagnosticas\/eventos-tecnologia-en-radiologia-e-imagenes-diagnosticas\/#breadcrumb","itemListElement":[{"@type":"ListItem","position":1,"name":"Home","item":"https:\/\/uninavarra.edu.co\/"},{"@type":"ListItem","position":2,"name":"Oferta acad\u00e9mica &#8211; Programas UNINAVARRA","item":"https:\/\/uninavarra.edu.co\/landing\/"},{"@type":"ListItem","position":3,"name":"Tecnolog\u00eda en Radiolog\u00eda e Im\u00e1genes Diagn\u00f3sticas","item":"https:\/\/uninavarra.edu.co\/landing\/tecnologia-en-radiologia-e-imagenes-diagnosticas\/"},{"@type":"ListItem","position":4,"name":"Eventos Tecnolog\u00eda en Radiolog\u00eda e Im\u00e1genes Diagn\u00f3sticas"}]},{"@type":"WebSite","@id":"https:\/\/uninavarra.edu.co\/#website","url":"https:\/\/uninavarra.edu.co\/","name":"UNINAVARRA","description":"Make your desire to learn a reality","publisher":{"@id":"https:\/\/uninavarra.edu.co\/#organization"},"potentialAction":[{"@type":"SearchAction","target":{"@type":"EntryPoint","urlTemplate":"https:\/\/uninavarra.edu.co\/?s={search_term_string}"},"query-input":{"@type":"PropertyValueSpecification","valueRequired":true,"valueName":"search_term_string"}}],"inLanguage":"en-US"},{"@type":"Organization","@id":"https:\/\/uninavarra.edu.co\/#organization","name":"Navarre University Foundation - UNINAVARRA","url":"https:\/\/uninavarra.edu.co\/","logo":{"@type":"ImageObject","inLanguage":"en-US","@id":"https:\/\/uninavarra.edu.co\/#\/schema\/logo\/image\/","url":"https:\/\/uninavarra.edu.co\/wp-content\/uploads\/2024\/06\/Escudo-uninavarra-Solo.png","contentUrl":"https:\/\/uninavarra.edu.co\/wp-content\/uploads\/2024\/06\/Escudo-uninavarra-Solo.png","width":1500,"height":1401,"caption":"Fundaci\u00f3n Universitaria Navarra - UNINAVARRA"},"image":{"@id":"https:\/\/uninavarra.edu.co\/#\/schema\/logo\/image\/"},"sameAs":["https:\/\/www.facebook.com\/UninavarraEduca","https:\/\/x.com\/uninavarraeduca","https:\/\/www.instagram.com\/uninavarra\/?hl=es","https:\/\/www.linkedin.com\/in\/fundacin-universitaria-navarra-uninavarra-b41225222\/"]}]}},"_links":{"self":[{"href":"https:\/\/uninavarra.edu.co\/en\/wp-json\/wp\/v2\/pages\/91175","targetHints":{"allow":["GET"]}}],"collection":[{"href":"https:\/\/uninavarra.edu.co\/en\/wp-json\/wp\/v2\/pages"}],"about":[{"href":"https:\/\/uninavarra.edu.co\/en\/wp-json\/wp\/v2\/types\/page"}],"author":[{"embeddable":true,"href":"https:\/\/uninavarra.edu.co\/en\/wp-json\/wp\/v2\/users\/13"}],"replies":[{"embeddable":true,"href":"https:\/\/uninavarra.edu.co\/en\/wp-json\/wp\/v2\/comments?post=91175"}],"version-history":[{"count":0,"href":"https:\/\/uninavarra.edu.co\/en\/wp-json\/wp\/v2\/pages\/91175\/revisions"}],"up":[{"embeddable":true,"href":"https:\/\/uninavarra.edu.co\/en\/wp-json\/wp\/v2\/pages\/75062"}],"wp:featuredmedia":[{"embeddable":true,"href":"https:\/\/uninavarra.edu.co\/en\/wp-json\/wp\/v2\/media\/68058"}],"wp:attachment":[{"href":"https:\/\/uninavarra.edu.co\/en\/wp-json\/wp\/v2\/media?parent=91175"}],"wp:term":[{"taxonomy":"category","embeddable":true,"href":"https:\/\/uninavarra.edu.co\/en\/wp-json\/wp\/v2\/categories?post=91175"},{"taxonomy":"post_tag","embeddable":true,"href":"https:\/\/uninavarra.edu.co\/en\/wp-json\/wp\/v2\/tags?post=91175"}],"curies":[{"name":"wp","href":"https:\/\/api.w.org\/{rel}","templated":true}]}}