{"id":89664,"date":"2025-05-12T08:21:14","date_gmt":"2025-05-12T13:21:14","guid":{"rendered":"https:\/\/uninavarra.edu.co\/?page_id=89664"},"modified":"2025-05-12T08:21:14","modified_gmt":"2025-05-12T13:21:14","slug":"validacion-de-certificados-vii-jornada-internacional-imagenes-diagnosticas-y-radiologia","status":"publish","type":"page","link":"https:\/\/uninavarra.edu.co\/en\/educacion-continua\/validacion-de-certificados-vii-jornada-internacional-imagenes-diagnosticas-y-radiologia\/","title":{"rendered":"Validation of Certificates VII International Conference of Diagnostic Imaging and Radiology"},"content":{"rendered":"<div class=\"wpb-content-wrapper\"><div class=\"wpb-container \"><div class=\"container\"><div class=\"vc_row wpb_row vc_row-fluid row \"><div class=\"col-sm-12  vc_\">\n\t\t<div class=\"wpb_wrapper \">\n\t\t\t\n\t<div class=\"wpb_raw_code wpb_raw_html wpb_content_element\" >\n\t\t<div class=\"wpb_wrapper\">\n\t\t\t<style>\n\/* Contenedor principal *\/\n.container1 {\n    width: 90%;\n    max-width: 400px;\n    border-radius: 50px;\n    background: rgba(255, 255, 255, 0.2);\nborder-radius: 16px;\nbox-shadow: 0 4px 30px rgba(0, 0, 0, 0.1);\nbackdrop-filter: blur(5px);\n-webkit-backdrop-filter: blur(5px);\nborder: 1px solid rgba(255, 255, 255, 0.3);\n    padding: 20px;\n    text-align: center;\n\n    \/* Centrado *\/\n    position: relative;\n    top: 50%;\n    left: 50%;\n    transform: translate(-50%, -50%);\nmargin-top: 300px;\n}\n\n\/* Header *\/\n.header1 {\n    margin-bottom: 20px;\n}\n\n.logo1 {\n    max-width: 120px;\n    width: 100%; \/* Asegurar que la imagen se ajuste a su contenedor *\/\n    margin-bottom: 10px;\n}\n\n.header1 h1 {\n    font-size: 2.5rem;\n    color: #E30613;\n \n}\n\n\/* Resultado *\/\n.result1 {\n    padding: 20px;\n    border: 1px solid #ffffff;\n    border-radius: 5px;\n    background-color: #ffffff;\n}\n\n.result1 h2 {\n    font-size: 2rem;\n    color: #E30613;\n    margin-bottom: 10px;\n}\n\n.result1 p {\n    font-size: 2rem;\n    margin: 5px 0;\n}\n\n#result-message {\n    font-weight: bold;\n    color: #333;\n}\n\n#additional-info {\n    color: #555;\n}\n\n\/* Footer *\/\n.footer1 {\n    margin-top: 20px;\n    font-size: 1.5rem;\n    color: #000000;\n}\n\n\/* Responsividad *\/\n@media (max-width: 768px) {\n    .container1 {\n        padding: 15px;\n        max-width: 90%; \/* Reducir el ancho m\u00e1ximo en pantallas medianas *\/\n    }\n}\n\n@media (max-width: 480px) {\n    .container1 {\n        padding: 10px;\n        max-width: 95%; \/* Reducir a\u00fan m\u00e1s en pantallas peque\u00f1as *\/\n        margin-bottom: 50px;\n    }\n}\n<\/style>\n\t\t<\/div>\n\t<\/div>\n\n\t<div class=\"wpb_raw_code wpb_raw_html wpb_content_element\" >\n\t\t<div class=\"wpb_wrapper\">\n\t\t\t<div class=\"container1\">\n    <header class=\"header1\">\n        <img decoding=\"async\" src=\"https:\/\/uninavarra.edu.co\/wp-content\/uploads\/2024\/06\/Escudo-uninavarra-Solo.png\" alt=\"Logo de la organizaci\u00f3n\" class=\"logo1\">\n        <h1>Verificaci\u00f3n de Certificado<\/h1>\n    <\/header>\n\n    <main class=\"main-content\">\n        <div id=\"result1\" class=\"result1\">\n            <h2>Resultado:<\/h2>\n            <p id=\"result-message\">Buscando certificado...<\/p>\n            <p id=\"additional-info\"><\/p>\n        <\/div>\n    <\/main>\n\n    <footer class=\"footer1\">\n        <p>&copy; 2025 Verificaci\u00f3n de Certificados. Todos los derechos reservados.<\/p>\n    <\/footer>\n<\/div>\n\t\t<\/div>\n\t<\/div>\n\n\t<div class=\"wpb_raw_code wpb_raw_js\" >\n\t\t<div class=\"wpb_wrapper\">\n\t\t\t<script>\n\/\/ Obtener el par\u00e1metro 'cedula1' de la URL\nfunction getParameterByName(name) {\n    const urlParams = new URLSearchParams(window.location.search);\n    return urlParams.get(name);\n}\n\n\/\/ Cargar datos de Google Sheets\nasync function getCSVFByDocId(id, rango, key) {\n    let url = `https:\/\/sheets.googleapis.com\/v4\/spreadsheets\/${id}\/values\/${rango}?key=${key}`;\n    try {\n        const response = await fetch(url);\n        if (!response.ok) {\n            throw new Error(`Error al obtener datos: ${response.statusText}`);\n        }\n        return await response.json();\n    } catch (error) {\n        console.error('Error al obtener datos del Google Sheets:', error);\n        return null;\n    }\n}\n\n\/\/ Verificar coincidencias en una hoja espec\u00edfica\nasync function verificarHoja(spreadsheetId, rango, apiKey, cedula) {\n    const data = await getCSVFByDocId(spreadsheetId, rango, apiKey);\n    if (!data || !data.values) {\n        console.error(`No se pudieron obtener datos de la hoja ${rango}.`);\n        return null;\n    }\n    const entries = data.values;\n    const headers = entries[0];\n    const rows = entries.slice(1);\n\n    for (const row of rows) {\n        let rowData = {};\n        row.forEach((value, index) => {\n            rowData[headers[index]] = value;\n        });\n\n        if (rowData['numero_documento'] === cedula) {\n            return rowData;\n        }\n    }\n\n    return null;\n}\n\n\/\/ Procesar los datos y buscar coincidencias en varias hojas\nasync function procesaDatosAJSON() {\n    const cedula = getParameterByName('cedula1');\n    if (!cedula) {\n        document.getElementById('result-message').innerHTML = \n            \"No se proporcion\u00f3 un n\u00famero de documento v\u00e1lido\";\n        document.getElementById('additional-info').innerHTML = \"\";\n        return;\n    }\n\n    const spreadsheetId = '1FkIUywOpnoOgU0lZv2jDvwxqHLOslCvyOSfLwgrdHS0';\n    const apiKey = 'AIzaSyBnk4I7IbLq1GV4wVuIypF6lAXijdVknSw';\n    const hojas = ['poster', 'evaluador', 'logistica', 'ponente_evaluador'];\n\n    for (const hoja of hojas) {\n        const registro = await verificarHoja(spreadsheetId, `${hoja}!A:Z`, apiKey, cedula);\n        if (registro) {\n            const hoy = new Date().toLocaleDateString();\n\n            document.getElementById('result-message').innerHTML = \n                `El certificado corresponde a: <strong>${registro.nombre}<\/strong>, encontrado en la categor\u00eda: <strong>${hoja}<\/strong>.`;\n            document.getElementById('additional-info').innerHTML = \n                `Validado el: <strong>${hoy}<\/strong>`;\n            return; \/\/ Terminar al encontrar la coincidencia\n        }\n    }\n\n    \/\/ Si no se encontr\u00f3 en ninguna hoja\n    document.getElementById('result-message').innerHTML = \n        \"No se encontr\u00f3 ning\u00fan registro para este n\u00famero de documento en ninguna hoja.\";\n    document.getElementById('additional-info').innerHTML = \"\";\n}\n\n\/\/ Llamar a la funci\u00f3n principal\nprocesaDatosAJSON();\n<\/script>\n\n\t\t<\/div>\n\t<\/div>\n\n\t\t<\/div> \n\t<\/div><\/div><\/div><\/div>\n<\/div>","protected":false},"excerpt":{"rendered":"Verificaci\u00f3n de Certificado Resultado: Buscando certificado... &copy; 2025 Verificaci\u00f3n de Certificados. Todos los derechos reservados.","protected":false},"author":13,"featured_media":68058,"parent":54541,"menu_order":0,"comment_status":"closed","ping_status":"closed","template":"","meta":{"footnotes":""},"categories":[173],"tags":[],"class_list":["post-89664","page","type-page","status-publish","has-post-thumbnail","hentry","category-extension"],"yoast_head":"<!-- This site is optimized with the Yoast SEO plugin v27.2 - https:\/\/yoast.com\/product\/yoast-seo-wordpress\/ -->\n<title>Validaci\u00f3n de Certificados VII Jornada Internacional Im\u00e1genes Diagn\u00f3sticas y Radiolog\u00eda - Uninavarra<\/title>\n<meta name=\"robots\" content=\"index, follow, max-snippet:-1, max-image-preview:large, max-video-preview:-1\" \/>\n<link rel=\"canonical\" href=\"https:\/\/uninavarra.edu.co\/en\/educacion-continua\/validacion-de-certificados-vii-jornada-internacional-imagenes-diagnosticas-y-radiologia\/\" \/>\n<meta property=\"og:locale\" content=\"en_US\" \/>\n<meta property=\"og:type\" content=\"article\" \/>\n<meta property=\"og:title\" content=\"Validaci\u00f3n de Certificados VII Jornada Internacional Im\u00e1genes Diagn\u00f3sticas y Radiolog\u00eda - Uninavarra\" \/>\n<meta property=\"og:url\" content=\"https:\/\/uninavarra.edu.co\/en\/educacion-continua\/validacion-de-certificados-vii-jornada-internacional-imagenes-diagnosticas-y-radiologia\/\" \/>\n<meta property=\"og:site_name\" content=\"Uninavarra\" \/>\n<meta property=\"article:publisher\" content=\"https:\/\/www.facebook.com\/UninavarraEduca\" \/>\n<meta property=\"og:image\" content=\"https:\/\/uninavarra.edu.co\/wp-content\/uploads\/2023\/12\/banner-generico.png\" \/>\n\t<meta property=\"og:image:width\" content=\"2480\" \/>\n\t<meta property=\"og:image:height\" content=\"276\" \/>\n\t<meta property=\"og:image:type\" content=\"image\/png\" \/>\n<meta name=\"twitter:card\" content=\"summary_large_image\" \/>\n<meta name=\"twitter:site\" content=\"@uninavarraeduca\" \/>\n<meta name=\"twitter:label1\" content=\"Est. reading time\" \/>\n\t<meta name=\"twitter:data1\" content=\"1 minute\" \/>\n<script type=\"application\/ld+json\" class=\"yoast-schema-graph\">{\"@context\":\"https:\/\/schema.org\",\"@graph\":[{\"@type\":\"WebPage\",\"@id\":\"https:\/\/uninavarra.edu.co\/educacion-continua\/validacion-de-certificados-vii-jornada-internacional-imagenes-diagnosticas-y-radiologia\/\",\"url\":\"https:\/\/uninavarra.edu.co\/educacion-continua\/validacion-de-certificados-vii-jornada-internacional-imagenes-diagnosticas-y-radiologia\/\",\"name\":\"Validaci\u00f3n de Certificados VII Jornada Internacional Im\u00e1genes Diagn\u00f3sticas y Radiolog\u00eda - Uninavarra\",\"isPartOf\":{\"@id\":\"https:\/\/uninavarra.edu.co\/#website\"},\"primaryImageOfPage\":{\"@id\":\"https:\/\/uninavarra.edu.co\/educacion-continua\/validacion-de-certificados-vii-jornada-internacional-imagenes-diagnosticas-y-radiologia\/#primaryimage\"},\"image\":{\"@id\":\"https:\/\/uninavarra.edu.co\/educacion-continua\/validacion-de-certificados-vii-jornada-internacional-imagenes-diagnosticas-y-radiologia\/#primaryimage\"},\"thumbnailUrl\":\"https:\/\/uninavarra.edu.co\/wp-content\/uploads\/2023\/12\/banner-generico.png\",\"datePublished\":\"2025-05-12T13:21:14+00:00\",\"breadcrumb\":{\"@id\":\"https:\/\/uninavarra.edu.co\/educacion-continua\/validacion-de-certificados-vii-jornada-internacional-imagenes-diagnosticas-y-radiologia\/#breadcrumb\"},\"inLanguage\":\"en-US\",\"potentialAction\":[{\"@type\":\"ReadAction\",\"target\":[\"https:\/\/uninavarra.edu.co\/educacion-continua\/validacion-de-certificados-vii-jornada-internacional-imagenes-diagnosticas-y-radiologia\/\"]}]},{\"@type\":\"ImageObject\",\"inLanguage\":\"en-US\",\"@id\":\"https:\/\/uninavarra.edu.co\/educacion-continua\/validacion-de-certificados-vii-jornada-internacional-imagenes-diagnosticas-y-radiologia\/#primaryimage\",\"url\":\"https:\/\/uninavarra.edu.co\/wp-content\/uploads\/2023\/12\/banner-generico.png\",\"contentUrl\":\"https:\/\/uninavarra.edu.co\/wp-content\/uploads\/2023\/12\/banner-generico.png\",\"width\":2480,\"height\":276,\"caption\":\"banner generico\"},{\"@type\":\"BreadcrumbList\",\"@id\":\"https:\/\/uninavarra.edu.co\/educacion-continua\/validacion-de-certificados-vii-jornada-internacional-imagenes-diagnosticas-y-radiologia\/#breadcrumb\",\"itemListElement\":[{\"@type\":\"ListItem\",\"position\":1,\"name\":\"Home\",\"item\":\"https:\/\/uninavarra.edu.co\/\"},{\"@type\":\"ListItem\",\"position\":2,\"name\":\"Educaci\u00f3n Continua\",\"item\":\"https:\/\/uninavarra.edu.co\/educacion-continua\/\"},{\"@type\":\"ListItem\",\"position\":3,\"name\":\"Validaci\u00f3n de Certificados VII Jornada Internacional Im\u00e1genes Diagn\u00f3sticas y Radiolog\u00eda\"}]},{\"@type\":\"WebSite\",\"@id\":\"https:\/\/uninavarra.edu.co\/#website\",\"url\":\"https:\/\/uninavarra.edu.co\/\",\"name\":\"UNINAVARRA\",\"description\":\"Haz realidad tu deseo de aprender\",\"publisher\":{\"@id\":\"https:\/\/uninavarra.edu.co\/#organization\"},\"potentialAction\":[{\"@type\":\"SearchAction\",\"target\":{\"@type\":\"EntryPoint\",\"urlTemplate\":\"https:\/\/uninavarra.edu.co\/?s={search_term_string}\"},\"query-input\":{\"@type\":\"PropertyValueSpecification\",\"valueRequired\":true,\"valueName\":\"search_term_string\"}}],\"inLanguage\":\"en-US\"},{\"@type\":\"Organization\",\"@id\":\"https:\/\/uninavarra.edu.co\/#organization\",\"name\":\"Fundaci\u00f3n Universitaria Navarra - UNINAVARRA\",\"url\":\"https:\/\/uninavarra.edu.co\/\",\"logo\":{\"@type\":\"ImageObject\",\"inLanguage\":\"en-US\",\"@id\":\"https:\/\/uninavarra.edu.co\/#\/schema\/logo\/image\/\",\"url\":\"https:\/\/uninavarra.edu.co\/wp-content\/uploads\/2024\/06\/Escudo-uninavarra-Solo.png\",\"contentUrl\":\"https:\/\/uninavarra.edu.co\/wp-content\/uploads\/2024\/06\/Escudo-uninavarra-Solo.png\",\"width\":1500,\"height\":1401,\"caption\":\"Fundaci\u00f3n Universitaria Navarra - UNINAVARRA\"},\"image\":{\"@id\":\"https:\/\/uninavarra.edu.co\/#\/schema\/logo\/image\/\"},\"sameAs\":[\"https:\/\/www.facebook.com\/UninavarraEduca\",\"https:\/\/x.com\/uninavarraeduca\",\"https:\/\/www.instagram.com\/uninavarra\/?hl=es\",\"https:\/\/www.linkedin.com\/in\/fundacin-universitaria-navarra-uninavarra-b41225222\/\"]}]}<\/script>\n<!-- \/ Yoast SEO plugin. -->","yoast_head_json":{"title":"Validaci\u00f3n de Certificados VII Jornada Internacional Im\u00e1genes Diagn\u00f3sticas y Radiolog\u00eda - Uninavarra","robots":{"index":"index","follow":"follow","max-snippet":"max-snippet:-1","max-image-preview":"max-image-preview:large","max-video-preview":"max-video-preview:-1"},"canonical":"https:\/\/uninavarra.edu.co\/en\/educacion-continua\/validacion-de-certificados-vii-jornada-internacional-imagenes-diagnosticas-y-radiologia\/","og_locale":"en_US","og_type":"article","og_title":"Validaci\u00f3n de Certificados VII Jornada Internacional Im\u00e1genes Diagn\u00f3sticas y Radiolog\u00eda - Uninavarra","og_url":"https:\/\/uninavarra.edu.co\/en\/educacion-continua\/validacion-de-certificados-vii-jornada-internacional-imagenes-diagnosticas-y-radiologia\/","og_site_name":"Uninavarra","article_publisher":"https:\/\/www.facebook.com\/UninavarraEduca","og_image":[{"width":2480,"height":276,"url":"https:\/\/uninavarra.edu.co\/wp-content\/uploads\/2023\/12\/banner-generico.png","type":"image\/png"}],"twitter_card":"summary_large_image","twitter_site":"@uninavarraeduca","twitter_misc":{"Est. reading time":"1 minute"},"schema":{"@context":"https:\/\/schema.org","@graph":[{"@type":"WebPage","@id":"https:\/\/uninavarra.edu.co\/educacion-continua\/validacion-de-certificados-vii-jornada-internacional-imagenes-diagnosticas-y-radiologia\/","url":"https:\/\/uninavarra.edu.co\/educacion-continua\/validacion-de-certificados-vii-jornada-internacional-imagenes-diagnosticas-y-radiologia\/","name":"Validaci\u00f3n de Certificados VII Jornada Internacional Im\u00e1genes Diagn\u00f3sticas y Radiolog\u00eda - Uninavarra","isPartOf":{"@id":"https:\/\/uninavarra.edu.co\/#website"},"primaryImageOfPage":{"@id":"https:\/\/uninavarra.edu.co\/educacion-continua\/validacion-de-certificados-vii-jornada-internacional-imagenes-diagnosticas-y-radiologia\/#primaryimage"},"image":{"@id":"https:\/\/uninavarra.edu.co\/educacion-continua\/validacion-de-certificados-vii-jornada-internacional-imagenes-diagnosticas-y-radiologia\/#primaryimage"},"thumbnailUrl":"https:\/\/uninavarra.edu.co\/wp-content\/uploads\/2023\/12\/banner-generico.png","datePublished":"2025-05-12T13:21:14+00:00","breadcrumb":{"@id":"https:\/\/uninavarra.edu.co\/educacion-continua\/validacion-de-certificados-vii-jornada-internacional-imagenes-diagnosticas-y-radiologia\/#breadcrumb"},"inLanguage":"en-US","potentialAction":[{"@type":"ReadAction","target":["https:\/\/uninavarra.edu.co\/educacion-continua\/validacion-de-certificados-vii-jornada-internacional-imagenes-diagnosticas-y-radiologia\/"]}]},{"@type":"ImageObject","inLanguage":"en-US","@id":"https:\/\/uninavarra.edu.co\/educacion-continua\/validacion-de-certificados-vii-jornada-internacional-imagenes-diagnosticas-y-radiologia\/#primaryimage","url":"https:\/\/uninavarra.edu.co\/wp-content\/uploads\/2023\/12\/banner-generico.png","contentUrl":"https:\/\/uninavarra.edu.co\/wp-content\/uploads\/2023\/12\/banner-generico.png","width":2480,"height":276,"caption":"banner generico"},{"@type":"BreadcrumbList","@id":"https:\/\/uninavarra.edu.co\/educacion-continua\/validacion-de-certificados-vii-jornada-internacional-imagenes-diagnosticas-y-radiologia\/#breadcrumb","itemListElement":[{"@type":"ListItem","position":1,"name":"Home","item":"https:\/\/uninavarra.edu.co\/"},{"@type":"ListItem","position":2,"name":"Educaci\u00f3n Continua","item":"https:\/\/uninavarra.edu.co\/educacion-continua\/"},{"@type":"ListItem","position":3,"name":"Validaci\u00f3n de Certificados VII Jornada Internacional Im\u00e1genes Diagn\u00f3sticas y Radiolog\u00eda"}]},{"@type":"WebSite","@id":"https:\/\/uninavarra.edu.co\/#website","url":"https:\/\/uninavarra.edu.co\/","name":"UNINAVARRA","description":"Make your desire to learn a reality","publisher":{"@id":"https:\/\/uninavarra.edu.co\/#organization"},"potentialAction":[{"@type":"SearchAction","target":{"@type":"EntryPoint","urlTemplate":"https:\/\/uninavarra.edu.co\/?s={search_term_string}"},"query-input":{"@type":"PropertyValueSpecification","valueRequired":true,"valueName":"search_term_string"}}],"inLanguage":"en-US"},{"@type":"Organization","@id":"https:\/\/uninavarra.edu.co\/#organization","name":"Navarre University Foundation - UNINAVARRA","url":"https:\/\/uninavarra.edu.co\/","logo":{"@type":"ImageObject","inLanguage":"en-US","@id":"https:\/\/uninavarra.edu.co\/#\/schema\/logo\/image\/","url":"https:\/\/uninavarra.edu.co\/wp-content\/uploads\/2024\/06\/Escudo-uninavarra-Solo.png","contentUrl":"https:\/\/uninavarra.edu.co\/wp-content\/uploads\/2024\/06\/Escudo-uninavarra-Solo.png","width":1500,"height":1401,"caption":"Fundaci\u00f3n Universitaria Navarra - UNINAVARRA"},"image":{"@id":"https:\/\/uninavarra.edu.co\/#\/schema\/logo\/image\/"},"sameAs":["https:\/\/www.facebook.com\/UninavarraEduca","https:\/\/x.com\/uninavarraeduca","https:\/\/www.instagram.com\/uninavarra\/?hl=es","https:\/\/www.linkedin.com\/in\/fundacin-universitaria-navarra-uninavarra-b41225222\/"]}]}},"_links":{"self":[{"href":"https:\/\/uninavarra.edu.co\/en\/wp-json\/wp\/v2\/pages\/89664","targetHints":{"allow":["GET"]}}],"collection":[{"href":"https:\/\/uninavarra.edu.co\/en\/wp-json\/wp\/v2\/pages"}],"about":[{"href":"https:\/\/uninavarra.edu.co\/en\/wp-json\/wp\/v2\/types\/page"}],"author":[{"embeddable":true,"href":"https:\/\/uninavarra.edu.co\/en\/wp-json\/wp\/v2\/users\/13"}],"replies":[{"embeddable":true,"href":"https:\/\/uninavarra.edu.co\/en\/wp-json\/wp\/v2\/comments?post=89664"}],"version-history":[{"count":0,"href":"https:\/\/uninavarra.edu.co\/en\/wp-json\/wp\/v2\/pages\/89664\/revisions"}],"up":[{"embeddable":true,"href":"https:\/\/uninavarra.edu.co\/en\/wp-json\/wp\/v2\/pages\/54541"}],"wp:featuredmedia":[{"embeddable":true,"href":"https:\/\/uninavarra.edu.co\/en\/wp-json\/wp\/v2\/media\/68058"}],"wp:attachment":[{"href":"https:\/\/uninavarra.edu.co\/en\/wp-json\/wp\/v2\/media?parent=89664"}],"wp:term":[{"taxonomy":"category","embeddable":true,"href":"https:\/\/uninavarra.edu.co\/en\/wp-json\/wp\/v2\/categories?post=89664"},{"taxonomy":"post_tag","embeddable":true,"href":"https:\/\/uninavarra.edu.co\/en\/wp-json\/wp\/v2\/tags?post=89664"}],"curies":[{"name":"wp","href":"https:\/\/api.w.org\/{rel}","templated":true}]}}