{"id":8726,"date":"2018-04-02T16:46:41","date_gmt":"2018-04-02T21:46:41","guid":{"rendered":"https:\/\/uninavarra.edu.co\/?page_id=8726"},"modified":"2025-05-21T10:50:51","modified_gmt":"2025-05-21T15:50:51","slug":"convocatoria-interna-no-001-2018","status":"publish","type":"page","link":"https:\/\/uninavarra.edu.co\/en\/ciina\/convocatorias\/convocatoria-interna-no-001-2018\/","title":{"rendered":"Internal Call No 001 - 2018"},"content":{"rendered":"<div class=\"wpb-content-wrapper\"><div class=\"wpb-container\"><div class=\"container\"><div class=\"vc_row wpb_row vc_row-fluid row\"><div class=\"col-sm-12  vc_\">\n\t\t<div class=\"wpb_wrapper\">\n\t\t\t\n\t<div class=\"wpb_text_column wpb_content_element\" >\n\t\t<div class=\"wpb_wrapper\">\n\t\t\t<p style=\"text-align: justify;\"><strong>Number:<\/strong>\u00a0001<br \/>\n<strong>Objective:<\/strong> Encourage the culture of formative research through the financing of research projects presented by the Research Semilleros of the Fundaci\u00f3n Universitaria Navarra - UNINAVARRA, promoting the training of undergraduate students in the development of research, creation and innovation processes and strengthening the institutional lines of research.<\/p>\n<div class=\"tabla_scroll\">\n<table class=\"convocatoria_1_2018\" style=\"border-color: #ffffff; width: 870px; height: 696px;\" align=\"center\">\n<tbody>\n<tr style=\"background-color: #e30613; font-size: 16px;\">\n<th style=\"width: 319.203125px; height: 24px;\"><strong>Activity<\/strong><\/th>\n<th style=\"width: 221.3125px; height: 24px;\"><strong>Date<\/strong><\/th>\n<th style=\"width: 307.5px; height: 24px;\"><strong>Documents<\/strong><\/th>\n<\/tr>\n<tr style=\"height: 48px;\">\n<td style=\"width: 319.203125px; height: 48px;\">Opening of the call for proposals<br \/>\n<span style=\"font-size: 12px;\"><strong>*Through UNINAVARRA's institutional portal.<\/strong><\/span><\/td>\n<td style=\"width: 221.3125px; height: 48px; text-align: center;\">From April 02, 2018 to April 21<br \/>\nApril 2018<\/td>\n<td style=\"width: 307.5px; height: 672px; vertical-align: top;\" rowspan=\"12\">\n<div style=\"padding-left: 30px;\">\n<ul style=\"list-style-type: disc; color: #e30613;\">\n<li style=\"text-align: left;\"><a href=\"https:\/\/uninavarra.edu.co\/wp-content\/uploads\/2018\/04\/Terminos-de-Referencia_CINA.pdf\">Terms of Reference<\/a><\/li>\n<li style=\"text-align: left;\">Annex 1<\/li>\n<li style=\"text-align: left;\">IN-FO-02 Presentation of Research Projects<\/li>\n<li style=\"text-align: left;\"><a href=\"https:\/\/uninavarra.edu.co\/wp-content\/uploads\/2018\/04\/CIRCULAR-N\u00ba-002.pdf\">Circular No. 002<\/a><\/li>\n<li style=\"text-align: left;\"><a href=\"https:\/\/uninavarra.edu.co\/wp-content\/uploads\/2018\/04\/Propuestas-de-Investigaci\u00f3n-habilitadas-para-participar-en-Convocatoria-Interna-No.-001-2018_-Semilleros-de-Investigaci\u00f3n.pdf\">Research Proposals qualified to participate in Internal Call for Proposals No. 001 - 2018_ Research Seedbeds<\/a><\/li>\n<li style=\"text-align: left;\">Final list of research proposals eligible to participate in Internal Call for Proposals No. 001 - 2018<\/li>\n<li style=\"text-align: left;\">List of pre-selected research proposals for submission to the Uninavarra Research Center _CINA<\/li>\n<li style=\"text-align: left;\">Submission date of research proposals selected for presentation to the UNINAVARRA Research Center - CINA<\/li>\n<li style=\"text-align: left;\">Substantiation Presentation Call N\u00ba001<\/li>\n<li style=\"text-align: left;\">Final list of eligible research proposals<\/li>\n<\/ul>\n<\/div>\n<\/td>\n<\/tr>\n<tr style=\"height: 24px;\">\n<td style=\"width: 319.203125px; height: 24px;\">Closing of the call for applications<\/td>\n<td style=\"width: 221.3125px; text-align: center; height: 24px;\">April 21, 2018<\/td>\n<\/tr>\n<tr style=\"height: 48px;\">\n<td style=\"width: 319.203125px; height: 48px;\">Requirements review period<\/td>\n<td style=\"width: 221.3125px; text-align: center; height: 48px;\">April 23, 2018 to April 25, 2018<\/td>\n<\/tr>\n<tr style=\"height: 72px;\">\n<td style=\"width: 319.203125px; height: 72px;\">Publication of proposals eligible to participate in the call for proposals<br \/>\n<span style=\"font-size: 12px;\"><strong>*Through UNINAVARRA's institutional portal.<\/strong><\/span><\/td>\n<td style=\"width: 221.3125px; text-align: center; height: 72px;\">\u00a0April 26, 2018<\/td>\n<\/tr>\n<tr style=\"height: 72px;\">\n<td style=\"width: 319.203125px; height: 72px;\">\u00a0Presentation of claims<br \/>\n<span style=\"font-size: 12px;\"><strong>*They must be sent to the e-mail address of the Center.<\/strong><\/span><br \/>\n<span style=\"font-size: 12px;\"><strong>Research - CINA<\/strong><\/span><\/td>\n<td style=\"width: 221.3125px; text-align: center; height: 72px;\">From April 27, 2018<\/td>\n<\/tr>\n<tr style=\"height: 72px;\">\n<td style=\"width: 319.203125px; height: 72px;\">\u00a0Responses to complaints and final list of eligible proposals<br \/>\n<strong><span style=\"font-size: 12px;\">*Through UNINAVARRA's institutional portal.<\/span><\/strong><\/td>\n<td style=\"width: 221.3125px; text-align: center; height: 72px;\">\u00a0April 30, 2018<\/td>\n<\/tr>\n<tr style=\"height: 48px;\">\n<td style=\"width: 319.203125px; height: 48px;\">\u00a0Proposal evaluation<\/td>\n<td style=\"width: 221.3125px; text-align: center; height: 48px;\">\u00a0From May 02, 2018 to 12<br \/>\nMay 2018<\/td>\n<\/tr>\n<tr style=\"height: 48px;\">\n<td style=\"width: 319.203125px; height: 48px;\">\u00a0Publication of pre-selected proposals<br \/>\n<strong><span style=\"font-size: 12px;\">*Through UNINAVARRA's institutional portal.<\/span><\/strong><\/td>\n<td style=\"width: 221.3125px; text-align: center; height: 48px;\">\u00a0May 15, 2018<\/td>\n<\/tr>\n<tr style=\"height: 72px;\">\n<td style=\"width: 319.203125px; height: 72px;\">\u00a0Presentation of claims<br \/>\n<span style=\"font-size: 12px;\"><strong>*They must be sent to the e-mail address of the Center.<\/strong><\/span><br \/>\n<span style=\"font-size: 12px;\"><strong> Research - CINA<\/strong><\/span><\/td>\n<td style=\"width: 221.3125px; text-align: center; height: 72px;\">\u00a0May 16, 2018<\/td>\n<\/tr>\n<tr style=\"height: 57px;\">\n<td style=\"width: 319.203125px; height: 72px;\">Responses to complaints and final list of short-listed proposals<br \/>\n<span style=\"font-size: 12px;\"><strong>*Through UNINAVARRA's institutional portal.<\/strong><\/span><\/td>\n<td style=\"width: 221.3125px; text-align: center; height: 72px;\">\u00a0May 18, 2018<\/td>\n<\/tr>\n<tr style=\"height: 48px;\">\n<td style=\"width: 319.203125px; height: 48px;\">\u00a0Substantiation of Proposals<\/td>\n<td style=\"width: 221.3125px; text-align: center; height: 48px;\">\u00a0From May 21, 2018 to 28<br \/>\nMay 2018<\/td>\n<\/tr>\n<tr style=\"height: 48px;\">\n<td style=\"width: 319.203125px; height: 48px;\">\u00a0Publication of final results<br \/>\n<span style=\"font-size: 12px;\"><strong>*Through UNINAVARRA's institutional portal.<\/strong><\/span><\/td>\n<td style=\"width: 221.3125px; text-align: center; height: 48px;\">\u00a0May 30, 2018<\/td>\n<\/tr>\n<\/tbody>\n<\/table>\n<\/div>\n\n\t\t<\/div>\n\t<\/div>\n\n\t\t<\/div> \n\t<\/div><\/div><\/div><\/div>\n<\/div>","protected":false},"excerpt":{"rendered":"N\u00famero:\u00a0001 Objetivo: Incentivar la cultura de la investigaci\u00f3n formativa a trav\u00e9s de la financiaci\u00f3n de proyectos de investigaci\u00f3n presentados por los Semilleros de Investigaci\u00f3n de la Fundaci\u00f3n Universitaria Navarra \u2013 [...]","protected":false},"author":13,"featured_media":0,"parent":7681,"menu_order":0,"comment_status":"closed","ping_status":"closed","template":"","meta":{"footnotes":""},"categories":[1],"tags":[],"class_list":["post-8726","page","type-page","status-publish","hentry","category-uncategorized"],"yoast_head":"<!-- This site is optimized with the Yoast SEO plugin v27.2 - https:\/\/yoast.com\/product\/yoast-seo-wordpress\/ -->\n<title>Convocatoria Interna No 001 \u2013 2018 - Uninavarra<\/title>\n<meta name=\"robots\" content=\"index, follow, max-snippet:-1, max-image-preview:large, max-video-preview:-1\" \/>\n<link rel=\"canonical\" href=\"https:\/\/uninavarra.edu.co\/en\/ciina\/convocatorias\/convocatoria-interna-no-001-2018\/\" \/>\n<meta property=\"og:locale\" content=\"en_US\" \/>\n<meta property=\"og:type\" content=\"article\" \/>\n<meta property=\"og:title\" content=\"Convocatoria Interna No 001 \u2013 2018 - Uninavarra\" \/>\n<meta property=\"og:url\" content=\"https:\/\/uninavarra.edu.co\/en\/ciina\/convocatorias\/convocatoria-interna-no-001-2018\/\" \/>\n<meta property=\"og:site_name\" content=\"Uninavarra\" \/>\n<meta property=\"article:publisher\" content=\"https:\/\/www.facebook.com\/UninavarraEduca\" \/>\n<meta property=\"article:modified_time\" content=\"2025-05-21T15:50:51+00:00\" \/>\n<meta name=\"twitter:card\" content=\"summary_large_image\" \/>\n<meta name=\"twitter:site\" content=\"@uninavarraeduca\" \/>\n<meta name=\"twitter:label1\" content=\"Est. reading time\" \/>\n\t<meta name=\"twitter:data1\" content=\"2 minutes\" \/>\n<script type=\"application\/ld+json\" class=\"yoast-schema-graph\">{\"@context\":\"https:\/\/schema.org\",\"@graph\":[{\"@type\":\"WebPage\",\"@id\":\"https:\/\/uninavarra.edu.co\/ciina\/convocatorias\/convocatoria-interna-no-001-2018\/\",\"url\":\"https:\/\/uninavarra.edu.co\/ciina\/convocatorias\/convocatoria-interna-no-001-2018\/\",\"name\":\"Convocatoria Interna No 001 \u2013 2018 - Uninavarra\",\"isPartOf\":{\"@id\":\"https:\/\/uninavarra.edu.co\/#website\"},\"datePublished\":\"2018-04-02T21:46:41+00:00\",\"dateModified\":\"2025-05-21T15:50:51+00:00\",\"breadcrumb\":{\"@id\":\"https:\/\/uninavarra.edu.co\/ciina\/convocatorias\/convocatoria-interna-no-001-2018\/#breadcrumb\"},\"inLanguage\":\"en-US\",\"potentialAction\":[{\"@type\":\"ReadAction\",\"target\":[\"https:\/\/uninavarra.edu.co\/ciina\/convocatorias\/convocatoria-interna-no-001-2018\/\"]}]},{\"@type\":\"BreadcrumbList\",\"@id\":\"https:\/\/uninavarra.edu.co\/ciina\/convocatorias\/convocatoria-interna-no-001-2018\/#breadcrumb\",\"itemListElement\":[{\"@type\":\"ListItem\",\"position\":1,\"name\":\"Home\",\"item\":\"https:\/\/uninavarra.edu.co\/\"},{\"@type\":\"ListItem\",\"position\":2,\"name\":\"CIINA\",\"item\":\"https:\/\/uninavarra.edu.co\/ciina\/\"},{\"@type\":\"ListItem\",\"position\":3,\"name\":\"Convocatorias\",\"item\":\"https:\/\/uninavarra.edu.co\/ciina\/convocatorias\/\"},{\"@type\":\"ListItem\",\"position\":4,\"name\":\"Convocatoria Interna No 001 \u2013 2018\"}]},{\"@type\":\"WebSite\",\"@id\":\"https:\/\/uninavarra.edu.co\/#website\",\"url\":\"https:\/\/uninavarra.edu.co\/\",\"name\":\"UNINAVARRA\",\"description\":\"Haz realidad tu deseo de aprender\",\"publisher\":{\"@id\":\"https:\/\/uninavarra.edu.co\/#organization\"},\"potentialAction\":[{\"@type\":\"SearchAction\",\"target\":{\"@type\":\"EntryPoint\",\"urlTemplate\":\"https:\/\/uninavarra.edu.co\/?s={search_term_string}\"},\"query-input\":{\"@type\":\"PropertyValueSpecification\",\"valueRequired\":true,\"valueName\":\"search_term_string\"}}],\"inLanguage\":\"en-US\"},{\"@type\":\"Organization\",\"@id\":\"https:\/\/uninavarra.edu.co\/#organization\",\"name\":\"Fundaci\u00f3n Universitaria Navarra - UNINAVARRA\",\"url\":\"https:\/\/uninavarra.edu.co\/\",\"logo\":{\"@type\":\"ImageObject\",\"inLanguage\":\"en-US\",\"@id\":\"https:\/\/uninavarra.edu.co\/#\/schema\/logo\/image\/\",\"url\":\"https:\/\/uninavarra.edu.co\/wp-content\/uploads\/2024\/06\/Escudo-uninavarra-Solo.png\",\"contentUrl\":\"https:\/\/uninavarra.edu.co\/wp-content\/uploads\/2024\/06\/Escudo-uninavarra-Solo.png\",\"width\":1500,\"height\":1401,\"caption\":\"Fundaci\u00f3n Universitaria Navarra - UNINAVARRA\"},\"image\":{\"@id\":\"https:\/\/uninavarra.edu.co\/#\/schema\/logo\/image\/\"},\"sameAs\":[\"https:\/\/www.facebook.com\/UninavarraEduca\",\"https:\/\/x.com\/uninavarraeduca\",\"https:\/\/www.instagram.com\/uninavarra\/?hl=es\",\"https:\/\/www.linkedin.com\/in\/fundacin-universitaria-navarra-uninavarra-b41225222\/\"]}]}<\/script>\n<!-- \/ Yoast SEO plugin. -->","yoast_head_json":{"title":"Convocatoria Interna No 001 \u2013 2018 - Uninavarra","robots":{"index":"index","follow":"follow","max-snippet":"max-snippet:-1","max-image-preview":"max-image-preview:large","max-video-preview":"max-video-preview:-1"},"canonical":"https:\/\/uninavarra.edu.co\/en\/ciina\/convocatorias\/convocatoria-interna-no-001-2018\/","og_locale":"en_US","og_type":"article","og_title":"Convocatoria Interna No 001 \u2013 2018 - Uninavarra","og_url":"https:\/\/uninavarra.edu.co\/en\/ciina\/convocatorias\/convocatoria-interna-no-001-2018\/","og_site_name":"Uninavarra","article_publisher":"https:\/\/www.facebook.com\/UninavarraEduca","article_modified_time":"2025-05-21T15:50:51+00:00","twitter_card":"summary_large_image","twitter_site":"@uninavarraeduca","twitter_misc":{"Est. reading time":"2 minutes"},"schema":{"@context":"https:\/\/schema.org","@graph":[{"@type":"WebPage","@id":"https:\/\/uninavarra.edu.co\/ciina\/convocatorias\/convocatoria-interna-no-001-2018\/","url":"https:\/\/uninavarra.edu.co\/ciina\/convocatorias\/convocatoria-interna-no-001-2018\/","name":"Convocatoria Interna No 001 \u2013 2018 - Uninavarra","isPartOf":{"@id":"https:\/\/uninavarra.edu.co\/#website"},"datePublished":"2018-04-02T21:46:41+00:00","dateModified":"2025-05-21T15:50:51+00:00","breadcrumb":{"@id":"https:\/\/uninavarra.edu.co\/ciina\/convocatorias\/convocatoria-interna-no-001-2018\/#breadcrumb"},"inLanguage":"en-US","potentialAction":[{"@type":"ReadAction","target":["https:\/\/uninavarra.edu.co\/ciina\/convocatorias\/convocatoria-interna-no-001-2018\/"]}]},{"@type":"BreadcrumbList","@id":"https:\/\/uninavarra.edu.co\/ciina\/convocatorias\/convocatoria-interna-no-001-2018\/#breadcrumb","itemListElement":[{"@type":"ListItem","position":1,"name":"Home","item":"https:\/\/uninavarra.edu.co\/"},{"@type":"ListItem","position":2,"name":"CIINA","item":"https:\/\/uninavarra.edu.co\/ciina\/"},{"@type":"ListItem","position":3,"name":"Convocatorias","item":"https:\/\/uninavarra.edu.co\/ciina\/convocatorias\/"},{"@type":"ListItem","position":4,"name":"Convocatoria Interna No 001 \u2013 2018"}]},{"@type":"WebSite","@id":"https:\/\/uninavarra.edu.co\/#website","url":"https:\/\/uninavarra.edu.co\/","name":"UNINAVARRA","description":"Make your desire to learn a reality","publisher":{"@id":"https:\/\/uninavarra.edu.co\/#organization"},"potentialAction":[{"@type":"SearchAction","target":{"@type":"EntryPoint","urlTemplate":"https:\/\/uninavarra.edu.co\/?s={search_term_string}"},"query-input":{"@type":"PropertyValueSpecification","valueRequired":true,"valueName":"search_term_string"}}],"inLanguage":"en-US"},{"@type":"Organization","@id":"https:\/\/uninavarra.edu.co\/#organization","name":"Navarre University Foundation - UNINAVARRA","url":"https:\/\/uninavarra.edu.co\/","logo":{"@type":"ImageObject","inLanguage":"en-US","@id":"https:\/\/uninavarra.edu.co\/#\/schema\/logo\/image\/","url":"https:\/\/uninavarra.edu.co\/wp-content\/uploads\/2024\/06\/Escudo-uninavarra-Solo.png","contentUrl":"https:\/\/uninavarra.edu.co\/wp-content\/uploads\/2024\/06\/Escudo-uninavarra-Solo.png","width":1500,"height":1401,"caption":"Fundaci\u00f3n Universitaria Navarra - UNINAVARRA"},"image":{"@id":"https:\/\/uninavarra.edu.co\/#\/schema\/logo\/image\/"},"sameAs":["https:\/\/www.facebook.com\/UninavarraEduca","https:\/\/x.com\/uninavarraeduca","https:\/\/www.instagram.com\/uninavarra\/?hl=es","https:\/\/www.linkedin.com\/in\/fundacin-universitaria-navarra-uninavarra-b41225222\/"]}]}},"_links":{"self":[{"href":"https:\/\/uninavarra.edu.co\/en\/wp-json\/wp\/v2\/pages\/8726","targetHints":{"allow":["GET"]}}],"collection":[{"href":"https:\/\/uninavarra.edu.co\/en\/wp-json\/wp\/v2\/pages"}],"about":[{"href":"https:\/\/uninavarra.edu.co\/en\/wp-json\/wp\/v2\/types\/page"}],"author":[{"embeddable":true,"href":"https:\/\/uninavarra.edu.co\/en\/wp-json\/wp\/v2\/users\/13"}],"replies":[{"embeddable":true,"href":"https:\/\/uninavarra.edu.co\/en\/wp-json\/wp\/v2\/comments?post=8726"}],"version-history":[{"count":0,"href":"https:\/\/uninavarra.edu.co\/en\/wp-json\/wp\/v2\/pages\/8726\/revisions"}],"up":[{"embeddable":true,"href":"https:\/\/uninavarra.edu.co\/en\/wp-json\/wp\/v2\/pages\/7681"}],"wp:attachment":[{"href":"https:\/\/uninavarra.edu.co\/en\/wp-json\/wp\/v2\/media?parent=8726"}],"wp:term":[{"taxonomy":"category","embeddable":true,"href":"https:\/\/uninavarra.edu.co\/en\/wp-json\/wp\/v2\/categories?post=8726"},{"taxonomy":"post_tag","embeddable":true,"href":"https:\/\/uninavarra.edu.co\/en\/wp-json\/wp\/v2\/tags?post=8726"}],"curies":[{"name":"wp","href":"https:\/\/api.w.org\/{rel}","templated":true}]}}