{"id":87124,"date":"2025-02-19T16:31:52","date_gmt":"2025-02-19T21:31:52","guid":{"rendered":"https:\/\/uninavarra.edu.co\/?page_id=87124"},"modified":"2025-04-15T15:48:56","modified_gmt":"2025-04-15T20:48:56","slug":"liderazgo-y-emprendimiento-con-perspectiva-de-genero-casos-de-exito-en-colombia-y-mexico","status":"publish","type":"page","link":"https:\/\/uninavarra.edu.co\/en\/ciina\/editorial-uninavarra\/libros\/liderazgo-y-emprendimiento-con-perspectiva-de-genero-casos-de-exito-en-colombia-y-mexico\/","title":{"rendered":"Leadership and entrepreneurship with a gender perspective. Success stories in Colombia and Mexico"},"content":{"rendered":"<div class=\"wpb-content-wrapper\"><div class=\"wpb-container\"><div class=\"container\"><div class=\"vc_row wpb_row vc_row-fluid row\"><div class=\"col-sm-3  vc_\">\n\t\t<div class=\"wpb_wrapper\">\n\t\t\t<div class=\"wpb_single_image wpb_content_element vc_align_center\">\n\t\t<div class=\"wpb_wrapper\">\n\t\t\t\n\t\t\t<a href=\"https:\/\/uninavarra.edu.co\/wp-content\/uploads\/2025\/02\/Portada-Liderazgo-2-scaled.jpg\" target=\"_self\"><img fetchpriority=\"high\" decoding=\"async\" width=\"1710\" height=\"2560\" src=\"https:\/\/uninavarra.edu.co\/wp-content\/uploads\/2025\/02\/Portada-Liderazgo-2-scaled.jpg\" class=\"vc_box_border_grey attachment-full\" alt=\"\" title=\"Home-Leadership (2)\" srcset=\"https:\/\/uninavarra.edu.co\/wp-content\/uploads\/2025\/02\/Portada-Liderazgo-2-scaled.jpg 1710w, https:\/\/uninavarra.edu.co\/wp-content\/uploads\/2025\/02\/Portada-Liderazgo-2-200x300.jpg 200w, https:\/\/uninavarra.edu.co\/wp-content\/uploads\/2025\/02\/Portada-Liderazgo-2-684x1024.jpg 684w, https:\/\/uninavarra.edu.co\/wp-content\/uploads\/2025\/02\/Portada-Liderazgo-2-100x150.jpg 100w, https:\/\/uninavarra.edu.co\/wp-content\/uploads\/2025\/02\/Portada-Liderazgo-2-768x1149.jpg 768w, https:\/\/uninavarra.edu.co\/wp-content\/uploads\/2025\/02\/Portada-Liderazgo-2-1026x1536.jpg 1026w, https:\/\/uninavarra.edu.co\/wp-content\/uploads\/2025\/02\/Portada-Liderazgo-2-1368x2048.jpg 1368w, https:\/\/uninavarra.edu.co\/wp-content\/uploads\/2025\/02\/Portada-Liderazgo-2-8x12.jpg 8w\" sizes=\"(max-width: 1710px) 100vw, 1710px\" \/><\/a>\n\t\t<\/div> \n\t<\/div>\n\t\t<\/div> \n\t<\/div><div class=\"col-sm-9  vc_\">\n\t\t<div class=\"wpb_wrapper\">\n\t\t\t\n\t<div class=\"wpb_text_column wpb_content_element\" >\n\t\t<div class=\"wpb_wrapper\">\n\t\t\t<p style=\"text-align: justify;\"><strong>Editors:<\/strong><\/p>\n<ul>\n<li style=\"text-align: justify;\">Judith Aurora Ruiz Godoy<\/li>\n<li style=\"text-align: justify;\">Sandra Liliana Navarro Parra,<\/li>\n<li style=\"text-align: justify;\">Luis Miguel P\u00e9rez G\u00f3mez<\/li>\n<li style=\"text-align: justify;\"><span data-teams=\"true\">Jos\u00e9 Carlos V\u00e1zquez Parra<\/span><\/li>\n<\/ul>\n<p style=\"text-align: justify;\"><strong>ISBN:<\/strong> 978-628-9877-98-4<\/p>\n<p><strong>Year:<\/strong> 2025<\/p>\n<p style=\"text-align: justify;\"><strong>Price:<\/strong> $60.000<\/p>\n<p><strong>Doi: <\/strong><a href=\"https:\/\/doi.org\/10.60514\/6xgg-2020\">https:\/\/doi.org\/10.60514\/6xgg-2020<\/a><\/p>\n<p style=\"text-align: justify;\"><strong>Description:<\/strong> This book takes an in-depth look at the inspiring stories of women who are part of the region's vibrant entrepreneurial ecosystem. Thanks to the compilation carried out between the Fundaci\u00f3n Universitaria Navarra (Colombia) and the Tecnol\u00f3gico de Monterrey (Mexico), these testimonies of business construction are revealed, which are expected to encourage other women who wish to join the entrepreneurial fabric.<\/p>\n<p class=\"comprar\" style=\"text-align: justify;\"><a href=\"https:\/\/uninavarra.edu.co\/wp-content\/uploads\/2025\/02\/Contenido-Liderazgo-1.pdf\">Table of Contents<\/a><\/p>\n<h4 style=\"text-align: justify;\"><\/h4>\n\n\t\t<\/div>\n\t<\/div>\n\n\t\t<\/div> \n\t<\/div><\/div><\/div><\/div>\n<\/div>","protected":false},"excerpt":{"rendered":"Editores: Judith Aurora Ruiz Godoy Sandra Liliana Navarro Parra, Luis Miguel P\u00e9rez G\u00f3mez Jos\u00e9 Carlos V\u00e1zquez Parra ISBN: 978-628-9877-98-4 A\u00f1o: 2025 Precio: $60.000 Doi: https:\/\/doi.org\/10.60514\/6xgg-2020 Descripci\u00f3n: Esta obra analiza a [...]","protected":false},"author":13,"featured_media":0,"parent":31344,"menu_order":0,"comment_status":"closed","ping_status":"closed","template":"","meta":{"footnotes":""},"categories":[1],"tags":[],"class_list":["post-87124","page","type-page","status-publish","hentry","category-uncategorized"],"yoast_head":"<!-- This site is optimized with the Yoast SEO plugin v27.4 - https:\/\/yoast.com\/product\/yoast-seo-wordpress\/ -->\n<title>Liderazgo y emprendimiento con perspectiva de g\u00e9nero. Casos de \u00e9xito en Colombia y M\u00e9xico - Uninavarra<\/title>\n<meta name=\"robots\" content=\"index, follow, max-snippet:-1, max-image-preview:large, max-video-preview:-1\" \/>\n<link rel=\"canonical\" href=\"https:\/\/uninavarra.edu.co\/en\/ciina\/editorial-uninavarra\/libros\/liderazgo-y-emprendimiento-con-perspectiva-de-genero-casos-de-exito-en-colombia-y-mexico\/\" \/>\n<meta property=\"og:locale\" content=\"en_US\" \/>\n<meta property=\"og:type\" content=\"article\" \/>\n<meta property=\"og:title\" content=\"Liderazgo y emprendimiento con perspectiva de g\u00e9nero. Casos de \u00e9xito en Colombia y M\u00e9xico - Uninavarra\" \/>\n<meta property=\"og:url\" content=\"https:\/\/uninavarra.edu.co\/en\/ciina\/editorial-uninavarra\/libros\/liderazgo-y-emprendimiento-con-perspectiva-de-genero-casos-de-exito-en-colombia-y-mexico\/\" \/>\n<meta property=\"og:site_name\" content=\"Uninavarra\" \/>\n<meta property=\"article:publisher\" content=\"https:\/\/www.facebook.com\/UninavarraEduca\" \/>\n<meta property=\"article:modified_time\" content=\"2025-04-15T20:48:56+00:00\" \/>\n<meta name=\"twitter:card\" content=\"summary_large_image\" \/>\n<meta name=\"twitter:site\" content=\"@uninavarraeduca\" \/>\n<meta name=\"twitter:label1\" content=\"Est. reading time\" \/>\n\t<meta name=\"twitter:data1\" content=\"1 minute\" \/>\n<script type=\"application\/ld+json\" class=\"yoast-schema-graph\">{\"@context\":\"https:\\\/\\\/schema.org\",\"@graph\":[{\"@type\":\"WebPage\",\"@id\":\"https:\\\/\\\/uninavarra.edu.co\\\/ciina\\\/editorial-uninavarra\\\/libros\\\/liderazgo-y-emprendimiento-con-perspectiva-de-genero-casos-de-exito-en-colombia-y-mexico\\\/\",\"url\":\"https:\\\/\\\/uninavarra.edu.co\\\/ciina\\\/editorial-uninavarra\\\/libros\\\/liderazgo-y-emprendimiento-con-perspectiva-de-genero-casos-de-exito-en-colombia-y-mexico\\\/\",\"name\":\"Liderazgo y emprendimiento con perspectiva de g\u00e9nero. Casos de \u00e9xito en Colombia y M\u00e9xico - Uninavarra\",\"isPartOf\":{\"@id\":\"https:\\\/\\\/uninavarra.edu.co\\\/#website\"},\"datePublished\":\"2025-02-19T21:31:52+00:00\",\"dateModified\":\"2025-04-15T20:48:56+00:00\",\"breadcrumb\":{\"@id\":\"https:\\\/\\\/uninavarra.edu.co\\\/ciina\\\/editorial-uninavarra\\\/libros\\\/liderazgo-y-emprendimiento-con-perspectiva-de-genero-casos-de-exito-en-colombia-y-mexico\\\/#breadcrumb\"},\"inLanguage\":\"en-US\",\"potentialAction\":[{\"@type\":\"ReadAction\",\"target\":[\"https:\\\/\\\/uninavarra.edu.co\\\/ciina\\\/editorial-uninavarra\\\/libros\\\/liderazgo-y-emprendimiento-con-perspectiva-de-genero-casos-de-exito-en-colombia-y-mexico\\\/\"]}]},{\"@type\":\"BreadcrumbList\",\"@id\":\"https:\\\/\\\/uninavarra.edu.co\\\/ciina\\\/editorial-uninavarra\\\/libros\\\/liderazgo-y-emprendimiento-con-perspectiva-de-genero-casos-de-exito-en-colombia-y-mexico\\\/#breadcrumb\",\"itemListElement\":[{\"@type\":\"ListItem\",\"position\":1,\"name\":\"Home\",\"item\":\"https:\\\/\\\/uninavarra.edu.co\\\/\"},{\"@type\":\"ListItem\",\"position\":2,\"name\":\"CIINA\",\"item\":\"https:\\\/\\\/uninavarra.edu.co\\\/ciina\\\/\"},{\"@type\":\"ListItem\",\"position\":3,\"name\":\"Editorial UNINAVARRA\",\"item\":\"https:\\\/\\\/uninavarra.edu.co\\\/ciina\\\/editorial-uninavarra\\\/\"},{\"@type\":\"ListItem\",\"position\":4,\"name\":\"Libros\",\"item\":\"https:\\\/\\\/uninavarra.edu.co\\\/ciina\\\/editorial-uninavarra\\\/libros\\\/\"},{\"@type\":\"ListItem\",\"position\":5,\"name\":\"Liderazgo y emprendimiento con perspectiva de g\u00e9nero. Casos de \u00e9xito en Colombia y M\u00e9xico\"}]},{\"@type\":\"WebSite\",\"@id\":\"https:\\\/\\\/uninavarra.edu.co\\\/#website\",\"url\":\"https:\\\/\\\/uninavarra.edu.co\\\/\",\"name\":\"UNINAVARRA\",\"description\":\"Haz realidad tu deseo de aprender\",\"publisher\":{\"@id\":\"https:\\\/\\\/uninavarra.edu.co\\\/#organization\"},\"potentialAction\":[{\"@type\":\"SearchAction\",\"target\":{\"@type\":\"EntryPoint\",\"urlTemplate\":\"https:\\\/\\\/uninavarra.edu.co\\\/?s={search_term_string}\"},\"query-input\":{\"@type\":\"PropertyValueSpecification\",\"valueRequired\":true,\"valueName\":\"search_term_string\"}}],\"inLanguage\":\"en-US\"},{\"@type\":\"Organization\",\"@id\":\"https:\\\/\\\/uninavarra.edu.co\\\/#organization\",\"name\":\"Fundaci\u00f3n Universitaria Navarra - UNINAVARRA\",\"url\":\"https:\\\/\\\/uninavarra.edu.co\\\/\",\"logo\":{\"@type\":\"ImageObject\",\"inLanguage\":\"en-US\",\"@id\":\"https:\\\/\\\/uninavarra.edu.co\\\/#\\\/schema\\\/logo\\\/image\\\/\",\"url\":\"https:\\\/\\\/uninavarra.edu.co\\\/wp-content\\\/uploads\\\/2024\\\/06\\\/Escudo-uninavarra-Solo.png\",\"contentUrl\":\"https:\\\/\\\/uninavarra.edu.co\\\/wp-content\\\/uploads\\\/2024\\\/06\\\/Escudo-uninavarra-Solo.png\",\"width\":1500,\"height\":1401,\"caption\":\"Fundaci\u00f3n Universitaria Navarra - UNINAVARRA\"},\"image\":{\"@id\":\"https:\\\/\\\/uninavarra.edu.co\\\/#\\\/schema\\\/logo\\\/image\\\/\"},\"sameAs\":[\"https:\\\/\\\/www.facebook.com\\\/UninavarraEduca\",\"https:\\\/\\\/x.com\\\/uninavarraeduca\",\"https:\\\/\\\/www.instagram.com\\\/uninavarra\\\/?hl=es\",\"https:\\\/\\\/www.linkedin.com\\\/in\\\/fundacin-universitaria-navarra-uninavarra-b41225222\\\/\"]}]}<\/script>\n<!-- \/ Yoast SEO plugin. -->","yoast_head_json":{"title":"Liderazgo y emprendimiento con perspectiva de g\u00e9nero. Casos de \u00e9xito en Colombia y M\u00e9xico - Uninavarra","robots":{"index":"index","follow":"follow","max-snippet":"max-snippet:-1","max-image-preview":"max-image-preview:large","max-video-preview":"max-video-preview:-1"},"canonical":"https:\/\/uninavarra.edu.co\/en\/ciina\/editorial-uninavarra\/libros\/liderazgo-y-emprendimiento-con-perspectiva-de-genero-casos-de-exito-en-colombia-y-mexico\/","og_locale":"en_US","og_type":"article","og_title":"Liderazgo y emprendimiento con perspectiva de g\u00e9nero. Casos de \u00e9xito en Colombia y M\u00e9xico - Uninavarra","og_url":"https:\/\/uninavarra.edu.co\/en\/ciina\/editorial-uninavarra\/libros\/liderazgo-y-emprendimiento-con-perspectiva-de-genero-casos-de-exito-en-colombia-y-mexico\/","og_site_name":"Uninavarra","article_publisher":"https:\/\/www.facebook.com\/UninavarraEduca","article_modified_time":"2025-04-15T20:48:56+00:00","twitter_card":"summary_large_image","twitter_site":"@uninavarraeduca","twitter_misc":{"Est. reading time":"1 minute"},"schema":{"@context":"https:\/\/schema.org","@graph":[{"@type":"WebPage","@id":"https:\/\/uninavarra.edu.co\/ciina\/editorial-uninavarra\/libros\/liderazgo-y-emprendimiento-con-perspectiva-de-genero-casos-de-exito-en-colombia-y-mexico\/","url":"https:\/\/uninavarra.edu.co\/ciina\/editorial-uninavarra\/libros\/liderazgo-y-emprendimiento-con-perspectiva-de-genero-casos-de-exito-en-colombia-y-mexico\/","name":"Liderazgo y emprendimiento con perspectiva de g\u00e9nero. Casos de \u00e9xito en Colombia y M\u00e9xico - Uninavarra","isPartOf":{"@id":"https:\/\/uninavarra.edu.co\/#website"},"datePublished":"2025-02-19T21:31:52+00:00","dateModified":"2025-04-15T20:48:56+00:00","breadcrumb":{"@id":"https:\/\/uninavarra.edu.co\/ciina\/editorial-uninavarra\/libros\/liderazgo-y-emprendimiento-con-perspectiva-de-genero-casos-de-exito-en-colombia-y-mexico\/#breadcrumb"},"inLanguage":"en-US","potentialAction":[{"@type":"ReadAction","target":["https:\/\/uninavarra.edu.co\/ciina\/editorial-uninavarra\/libros\/liderazgo-y-emprendimiento-con-perspectiva-de-genero-casos-de-exito-en-colombia-y-mexico\/"]}]},{"@type":"BreadcrumbList","@id":"https:\/\/uninavarra.edu.co\/ciina\/editorial-uninavarra\/libros\/liderazgo-y-emprendimiento-con-perspectiva-de-genero-casos-de-exito-en-colombia-y-mexico\/#breadcrumb","itemListElement":[{"@type":"ListItem","position":1,"name":"Home","item":"https:\/\/uninavarra.edu.co\/"},{"@type":"ListItem","position":2,"name":"CIINA","item":"https:\/\/uninavarra.edu.co\/ciina\/"},{"@type":"ListItem","position":3,"name":"Editorial UNINAVARRA","item":"https:\/\/uninavarra.edu.co\/ciina\/editorial-uninavarra\/"},{"@type":"ListItem","position":4,"name":"Libros","item":"https:\/\/uninavarra.edu.co\/ciina\/editorial-uninavarra\/libros\/"},{"@type":"ListItem","position":5,"name":"Liderazgo y emprendimiento con perspectiva de g\u00e9nero. Casos de \u00e9xito en Colombia y M\u00e9xico"}]},{"@type":"WebSite","@id":"https:\/\/uninavarra.edu.co\/#website","url":"https:\/\/uninavarra.edu.co\/","name":"UNINAVARRA","description":"Make your desire to learn a reality","publisher":{"@id":"https:\/\/uninavarra.edu.co\/#organization"},"potentialAction":[{"@type":"SearchAction","target":{"@type":"EntryPoint","urlTemplate":"https:\/\/uninavarra.edu.co\/?s={search_term_string}"},"query-input":{"@type":"PropertyValueSpecification","valueRequired":true,"valueName":"search_term_string"}}],"inLanguage":"en-US"},{"@type":"Organization","@id":"https:\/\/uninavarra.edu.co\/#organization","name":"Navarre University Foundation - UNINAVARRA","url":"https:\/\/uninavarra.edu.co\/","logo":{"@type":"ImageObject","inLanguage":"en-US","@id":"https:\/\/uninavarra.edu.co\/#\/schema\/logo\/image\/","url":"https:\/\/uninavarra.edu.co\/wp-content\/uploads\/2024\/06\/Escudo-uninavarra-Solo.png","contentUrl":"https:\/\/uninavarra.edu.co\/wp-content\/uploads\/2024\/06\/Escudo-uninavarra-Solo.png","width":1500,"height":1401,"caption":"Fundaci\u00f3n Universitaria Navarra - UNINAVARRA"},"image":{"@id":"https:\/\/uninavarra.edu.co\/#\/schema\/logo\/image\/"},"sameAs":["https:\/\/www.facebook.com\/UninavarraEduca","https:\/\/x.com\/uninavarraeduca","https:\/\/www.instagram.com\/uninavarra\/?hl=es","https:\/\/www.linkedin.com\/in\/fundacin-universitaria-navarra-uninavarra-b41225222\/"]}]}},"_links":{"self":[{"href":"https:\/\/uninavarra.edu.co\/en\/wp-json\/wp\/v2\/pages\/87124","targetHints":{"allow":["GET"]}}],"collection":[{"href":"https:\/\/uninavarra.edu.co\/en\/wp-json\/wp\/v2\/pages"}],"about":[{"href":"https:\/\/uninavarra.edu.co\/en\/wp-json\/wp\/v2\/types\/page"}],"author":[{"embeddable":true,"href":"https:\/\/uninavarra.edu.co\/en\/wp-json\/wp\/v2\/users\/13"}],"replies":[{"embeddable":true,"href":"https:\/\/uninavarra.edu.co\/en\/wp-json\/wp\/v2\/comments?post=87124"}],"version-history":[{"count":0,"href":"https:\/\/uninavarra.edu.co\/en\/wp-json\/wp\/v2\/pages\/87124\/revisions"}],"up":[{"embeddable":true,"href":"https:\/\/uninavarra.edu.co\/en\/wp-json\/wp\/v2\/pages\/31344"}],"wp:attachment":[{"href":"https:\/\/uninavarra.edu.co\/en\/wp-json\/wp\/v2\/media?parent=87124"}],"wp:term":[{"taxonomy":"category","embeddable":true,"href":"https:\/\/uninavarra.edu.co\/en\/wp-json\/wp\/v2\/categories?post=87124"},{"taxonomy":"post_tag","embeddable":true,"href":"https:\/\/uninavarra.edu.co\/en\/wp-json\/wp\/v2\/tags?post=87124"}],"curies":[{"name":"wp","href":"https:\/\/api.w.org\/{rel}","templated":true}]}}