{"id":85324,"date":"2024-12-19T16:34:20","date_gmt":"2024-12-19T21:34:20","guid":{"rendered":"https:\/\/uninavarra.edu.co\/?page_id=85324"},"modified":"2024-12-19T16:37:04","modified_gmt":"2024-12-19T21:37:04","slug":"manual-de-metodologia-de-la-investigacion-y-principios-en-publicacion-cientifica","status":"publish","type":"page","link":"https:\/\/uninavarra.edu.co\/en\/ciina\/editorial-uninavarra\/libros\/manual-de-metodologia-de-la-investigacion-y-principios-en-publicacion-cientifica\/","title":{"rendered":"Handbook of research methodology and principles in scientific publishing"},"content":{"rendered":"<div class=\"wpb-content-wrapper\"><div class=\"wpb-container\"><div class=\"container\"><div class=\"vc_row wpb_row vc_row-fluid row\"><div class=\"col-sm-3  vc_\">\n\t\t<div class=\"wpb_wrapper\">\n\t\t\t<div class=\"wpb_single_image wpb_content_element vc_align_center\">\n\t\t<div class=\"wpb_wrapper\">\n\t\t\t\n\t\t\t<a href=\"https:\/\/uninavarra.edu.co\/wp-content\/uploads\/2024\/12\/metod_def_pages-to-jpg-0001.jpg\" target=\"_self\"><img fetchpriority=\"high\" decoding=\"async\" width=\"1749\" height=\"2481\" src=\"https:\/\/uninavarra.edu.co\/wp-content\/uploads\/2024\/12\/metod_def_pages-to-jpg-0001.jpg\" class=\"vc_box_border_grey attachment-full\" alt=\"\" title=\"metod_def_pages-to-jpg-0001\" srcset=\"https:\/\/uninavarra.edu.co\/wp-content\/uploads\/2024\/12\/metod_def_pages-to-jpg-0001.jpg 1749w, https:\/\/uninavarra.edu.co\/wp-content\/uploads\/2024\/12\/metod_def_pages-to-jpg-0001-211x300.jpg 211w, https:\/\/uninavarra.edu.co\/wp-content\/uploads\/2024\/12\/metod_def_pages-to-jpg-0001-722x1024.jpg 722w, https:\/\/uninavarra.edu.co\/wp-content\/uploads\/2024\/12\/metod_def_pages-to-jpg-0001-106x150.jpg 106w, https:\/\/uninavarra.edu.co\/wp-content\/uploads\/2024\/12\/metod_def_pages-to-jpg-0001-768x1089.jpg 768w, https:\/\/uninavarra.edu.co\/wp-content\/uploads\/2024\/12\/metod_def_pages-to-jpg-0001-1083x1536.jpg 1083w, https:\/\/uninavarra.edu.co\/wp-content\/uploads\/2024\/12\/metod_def_pages-to-jpg-0001-1444x2048.jpg 1444w, https:\/\/uninavarra.edu.co\/wp-content\/uploads\/2024\/12\/metod_def_pages-to-jpg-0001-8x12.jpg 8w\" sizes=\"(max-width: 1749px) 100vw, 1749px\" \/><\/a>\n\t\t<\/div> \n\t<\/div>\n\t\t<\/div> \n\t<\/div><div class=\"col-sm-9  vc_\">\n\t\t<div class=\"wpb_wrapper\">\n\t\t\t\n\t<div class=\"wpb_text_column wpb_content_element\" >\n\t\t<div class=\"wpb_wrapper\">\n\t\t\t<div style=\"font-family: tahoma, sans-serif; font-size: large; text-align: justify;\"><b>Year:<\/b>\u00a02018<\/div>\n<div style=\"font-family: tahoma, sans-serif; font-size: large; text-align: justify;\">\n<p><strong>Authors:<\/strong><br \/>\nJos\u00e9 Daniel Charry<br \/>\nSandra Navarro Parra<br \/>\n<strong>ISBN:<\/strong> 978-958-56518-7-6<br \/>\n<strong>Description:<\/strong><br \/>\n<span style=\"font-family: tahoma, sans-serif; font-size: large;\">The\u00a0<\/span>\u00a0<i>Manual of\u00a0<span class=\"gmail_default\">m<\/span>etodology of the\u00a0<span class=\"gmail_default\">i<\/span>nvestigation and\u00a0<span class=\"gmail_default\">p<\/span>rciples in\u00a0<span class=\"gmail_default\">p<\/span>ublication\u00a0<span class=\"gmail_default\">c<\/span>Scientific<\/i>\u00a0\u00a0<span style=\"font-family: tahoma, sans-serif; font-size: large;\">is an introductory guide designed for those new to the world of academic research and publishing. With clear and accessible language, this book addresses basic concepts on how to structure research projects, collect and analyze data, and write scientific papers. It also offers practical guidelines for understanding the publication process and sharing results in the academic environment. An ideal book for students and beginners looking to take their first steps in scientific research.\u00a0\u00a0<\/span><\/p>\n<p>&nbsp;<\/p>\n<\/div>\n<p class=\"descargar\" style=\"text-align: justify;\"><a href=\"https:\/\/uninavarra.edu.co\/wp-content\/uploads\/2024\/12\/metod_def.pdf\">Download book<\/a><\/p>\n\n\t\t<\/div>\n\t<\/div>\n\n\t\t<\/div> \n\t<\/div><\/div><\/div><\/div>\n<\/div>","protected":false},"excerpt":{"rendered":"A\u00f1o:\u00a02018 Autores: Jos\u00e9 Daniel Charry Sandra Navarro Parra ISBN: 978-958-56518-7-6 Descripci\u00f3n: El\u00a0\u00a0Manual de\u00a0metodolog\u00eda de la\u00a0investigaci\u00f3n y\u00a0principios en\u00a0publicaci\u00f3n\u00a0cient\u00edfica\u00a0\u00a0es una gu\u00eda introductoria dise\u00f1ada para quienes se inician en el mundo de la [...]","protected":false},"author":13,"featured_media":0,"parent":31344,"menu_order":0,"comment_status":"closed","ping_status":"closed","template":"","meta":{"footnotes":""},"categories":[],"tags":[],"class_list":["post-85324","page","type-page","status-publish","hentry"],"yoast_head":"<!-- This site is optimized with the Yoast SEO plugin v27.2 - https:\/\/yoast.com\/product\/yoast-seo-wordpress\/ -->\n<title>Manual de metodolog\u00eda de la investigaci\u00f3n y principios en publicaci\u00f3n cient\u00edfica - Uninavarra<\/title>\n<meta name=\"robots\" content=\"index, follow, max-snippet:-1, max-image-preview:large, max-video-preview:-1\" \/>\n<link rel=\"canonical\" href=\"https:\/\/uninavarra.edu.co\/en\/ciina\/editorial-uninavarra\/libros\/manual-de-metodologia-de-la-investigacion-y-principios-en-publicacion-cientifica\/\" \/>\n<meta property=\"og:locale\" content=\"en_US\" \/>\n<meta property=\"og:type\" content=\"article\" \/>\n<meta property=\"og:title\" content=\"Manual de metodolog\u00eda de la investigaci\u00f3n y principios en publicaci\u00f3n cient\u00edfica - Uninavarra\" \/>\n<meta property=\"og:url\" content=\"https:\/\/uninavarra.edu.co\/en\/ciina\/editorial-uninavarra\/libros\/manual-de-metodologia-de-la-investigacion-y-principios-en-publicacion-cientifica\/\" \/>\n<meta property=\"og:site_name\" content=\"Uninavarra\" \/>\n<meta property=\"article:publisher\" content=\"https:\/\/www.facebook.com\/UninavarraEduca\" \/>\n<meta property=\"article:modified_time\" content=\"2024-12-19T21:37:04+00:00\" \/>\n<meta name=\"twitter:card\" content=\"summary_large_image\" \/>\n<meta name=\"twitter:site\" content=\"@uninavarraeduca\" \/>\n<meta name=\"twitter:label1\" content=\"Est. reading time\" \/>\n\t<meta name=\"twitter:data1\" content=\"1 minute\" \/>\n<script type=\"application\/ld+json\" class=\"yoast-schema-graph\">{\"@context\":\"https:\/\/schema.org\",\"@graph\":[{\"@type\":\"WebPage\",\"@id\":\"https:\/\/uninavarra.edu.co\/ciina\/editorial-uninavarra\/libros\/manual-de-metodologia-de-la-investigacion-y-principios-en-publicacion-cientifica\/\",\"url\":\"https:\/\/uninavarra.edu.co\/ciina\/editorial-uninavarra\/libros\/manual-de-metodologia-de-la-investigacion-y-principios-en-publicacion-cientifica\/\",\"name\":\"Manual de metodolog\u00eda de la investigaci\u00f3n y principios en publicaci\u00f3n cient\u00edfica - Uninavarra\",\"isPartOf\":{\"@id\":\"https:\/\/uninavarra.edu.co\/#website\"},\"datePublished\":\"2024-12-19T21:34:20+00:00\",\"dateModified\":\"2024-12-19T21:37:04+00:00\",\"breadcrumb\":{\"@id\":\"https:\/\/uninavarra.edu.co\/ciina\/editorial-uninavarra\/libros\/manual-de-metodologia-de-la-investigacion-y-principios-en-publicacion-cientifica\/#breadcrumb\"},\"inLanguage\":\"en-US\",\"potentialAction\":[{\"@type\":\"ReadAction\",\"target\":[\"https:\/\/uninavarra.edu.co\/ciina\/editorial-uninavarra\/libros\/manual-de-metodologia-de-la-investigacion-y-principios-en-publicacion-cientifica\/\"]}]},{\"@type\":\"BreadcrumbList\",\"@id\":\"https:\/\/uninavarra.edu.co\/ciina\/editorial-uninavarra\/libros\/manual-de-metodologia-de-la-investigacion-y-principios-en-publicacion-cientifica\/#breadcrumb\",\"itemListElement\":[{\"@type\":\"ListItem\",\"position\":1,\"name\":\"Home\",\"item\":\"https:\/\/uninavarra.edu.co\/\"},{\"@type\":\"ListItem\",\"position\":2,\"name\":\"CIINA\",\"item\":\"https:\/\/uninavarra.edu.co\/ciina\/\"},{\"@type\":\"ListItem\",\"position\":3,\"name\":\"Editorial UNINAVARRA\",\"item\":\"https:\/\/uninavarra.edu.co\/ciina\/editorial-uninavarra\/\"},{\"@type\":\"ListItem\",\"position\":4,\"name\":\"Libros\",\"item\":\"https:\/\/uninavarra.edu.co\/ciina\/editorial-uninavarra\/libros\/\"},{\"@type\":\"ListItem\",\"position\":5,\"name\":\"Manual de metodolog\u00eda de la investigaci\u00f3n y principios en publicaci\u00f3n cient\u00edfica\"}]},{\"@type\":\"WebSite\",\"@id\":\"https:\/\/uninavarra.edu.co\/#website\",\"url\":\"https:\/\/uninavarra.edu.co\/\",\"name\":\"UNINAVARRA\",\"description\":\"Haz realidad tu deseo de aprender\",\"publisher\":{\"@id\":\"https:\/\/uninavarra.edu.co\/#organization\"},\"potentialAction\":[{\"@type\":\"SearchAction\",\"target\":{\"@type\":\"EntryPoint\",\"urlTemplate\":\"https:\/\/uninavarra.edu.co\/?s={search_term_string}\"},\"query-input\":{\"@type\":\"PropertyValueSpecification\",\"valueRequired\":true,\"valueName\":\"search_term_string\"}}],\"inLanguage\":\"en-US\"},{\"@type\":\"Organization\",\"@id\":\"https:\/\/uninavarra.edu.co\/#organization\",\"name\":\"Fundaci\u00f3n Universitaria Navarra - UNINAVARRA\",\"url\":\"https:\/\/uninavarra.edu.co\/\",\"logo\":{\"@type\":\"ImageObject\",\"inLanguage\":\"en-US\",\"@id\":\"https:\/\/uninavarra.edu.co\/#\/schema\/logo\/image\/\",\"url\":\"https:\/\/uninavarra.edu.co\/wp-content\/uploads\/2024\/06\/Escudo-uninavarra-Solo.png\",\"contentUrl\":\"https:\/\/uninavarra.edu.co\/wp-content\/uploads\/2024\/06\/Escudo-uninavarra-Solo.png\",\"width\":1500,\"height\":1401,\"caption\":\"Fundaci\u00f3n Universitaria Navarra - UNINAVARRA\"},\"image\":{\"@id\":\"https:\/\/uninavarra.edu.co\/#\/schema\/logo\/image\/\"},\"sameAs\":[\"https:\/\/www.facebook.com\/UninavarraEduca\",\"https:\/\/x.com\/uninavarraeduca\",\"https:\/\/www.instagram.com\/uninavarra\/?hl=es\",\"https:\/\/www.linkedin.com\/in\/fundacin-universitaria-navarra-uninavarra-b41225222\/\"]}]}<\/script>\n<!-- \/ Yoast SEO plugin. -->","yoast_head_json":{"title":"Manual de metodolog\u00eda de la investigaci\u00f3n y principios en publicaci\u00f3n cient\u00edfica - Uninavarra","robots":{"index":"index","follow":"follow","max-snippet":"max-snippet:-1","max-image-preview":"max-image-preview:large","max-video-preview":"max-video-preview:-1"},"canonical":"https:\/\/uninavarra.edu.co\/en\/ciina\/editorial-uninavarra\/libros\/manual-de-metodologia-de-la-investigacion-y-principios-en-publicacion-cientifica\/","og_locale":"en_US","og_type":"article","og_title":"Manual de metodolog\u00eda de la investigaci\u00f3n y principios en publicaci\u00f3n cient\u00edfica - Uninavarra","og_url":"https:\/\/uninavarra.edu.co\/en\/ciina\/editorial-uninavarra\/libros\/manual-de-metodologia-de-la-investigacion-y-principios-en-publicacion-cientifica\/","og_site_name":"Uninavarra","article_publisher":"https:\/\/www.facebook.com\/UninavarraEduca","article_modified_time":"2024-12-19T21:37:04+00:00","twitter_card":"summary_large_image","twitter_site":"@uninavarraeduca","twitter_misc":{"Est. reading time":"1 minute"},"schema":{"@context":"https:\/\/schema.org","@graph":[{"@type":"WebPage","@id":"https:\/\/uninavarra.edu.co\/ciina\/editorial-uninavarra\/libros\/manual-de-metodologia-de-la-investigacion-y-principios-en-publicacion-cientifica\/","url":"https:\/\/uninavarra.edu.co\/ciina\/editorial-uninavarra\/libros\/manual-de-metodologia-de-la-investigacion-y-principios-en-publicacion-cientifica\/","name":"Manual de metodolog\u00eda de la investigaci\u00f3n y principios en publicaci\u00f3n cient\u00edfica - Uninavarra","isPartOf":{"@id":"https:\/\/uninavarra.edu.co\/#website"},"datePublished":"2024-12-19T21:34:20+00:00","dateModified":"2024-12-19T21:37:04+00:00","breadcrumb":{"@id":"https:\/\/uninavarra.edu.co\/ciina\/editorial-uninavarra\/libros\/manual-de-metodologia-de-la-investigacion-y-principios-en-publicacion-cientifica\/#breadcrumb"},"inLanguage":"en-US","potentialAction":[{"@type":"ReadAction","target":["https:\/\/uninavarra.edu.co\/ciina\/editorial-uninavarra\/libros\/manual-de-metodologia-de-la-investigacion-y-principios-en-publicacion-cientifica\/"]}]},{"@type":"BreadcrumbList","@id":"https:\/\/uninavarra.edu.co\/ciina\/editorial-uninavarra\/libros\/manual-de-metodologia-de-la-investigacion-y-principios-en-publicacion-cientifica\/#breadcrumb","itemListElement":[{"@type":"ListItem","position":1,"name":"Home","item":"https:\/\/uninavarra.edu.co\/"},{"@type":"ListItem","position":2,"name":"CIINA","item":"https:\/\/uninavarra.edu.co\/ciina\/"},{"@type":"ListItem","position":3,"name":"Editorial UNINAVARRA","item":"https:\/\/uninavarra.edu.co\/ciina\/editorial-uninavarra\/"},{"@type":"ListItem","position":4,"name":"Libros","item":"https:\/\/uninavarra.edu.co\/ciina\/editorial-uninavarra\/libros\/"},{"@type":"ListItem","position":5,"name":"Manual de metodolog\u00eda de la investigaci\u00f3n y principios en publicaci\u00f3n cient\u00edfica"}]},{"@type":"WebSite","@id":"https:\/\/uninavarra.edu.co\/#website","url":"https:\/\/uninavarra.edu.co\/","name":"UNINAVARRA","description":"Make your desire to learn a reality","publisher":{"@id":"https:\/\/uninavarra.edu.co\/#organization"},"potentialAction":[{"@type":"SearchAction","target":{"@type":"EntryPoint","urlTemplate":"https:\/\/uninavarra.edu.co\/?s={search_term_string}"},"query-input":{"@type":"PropertyValueSpecification","valueRequired":true,"valueName":"search_term_string"}}],"inLanguage":"en-US"},{"@type":"Organization","@id":"https:\/\/uninavarra.edu.co\/#organization","name":"Navarre University Foundation - UNINAVARRA","url":"https:\/\/uninavarra.edu.co\/","logo":{"@type":"ImageObject","inLanguage":"en-US","@id":"https:\/\/uninavarra.edu.co\/#\/schema\/logo\/image\/","url":"https:\/\/uninavarra.edu.co\/wp-content\/uploads\/2024\/06\/Escudo-uninavarra-Solo.png","contentUrl":"https:\/\/uninavarra.edu.co\/wp-content\/uploads\/2024\/06\/Escudo-uninavarra-Solo.png","width":1500,"height":1401,"caption":"Fundaci\u00f3n Universitaria Navarra - UNINAVARRA"},"image":{"@id":"https:\/\/uninavarra.edu.co\/#\/schema\/logo\/image\/"},"sameAs":["https:\/\/www.facebook.com\/UninavarraEduca","https:\/\/x.com\/uninavarraeduca","https:\/\/www.instagram.com\/uninavarra\/?hl=es","https:\/\/www.linkedin.com\/in\/fundacin-universitaria-navarra-uninavarra-b41225222\/"]}]}},"_links":{"self":[{"href":"https:\/\/uninavarra.edu.co\/en\/wp-json\/wp\/v2\/pages\/85324","targetHints":{"allow":["GET"]}}],"collection":[{"href":"https:\/\/uninavarra.edu.co\/en\/wp-json\/wp\/v2\/pages"}],"about":[{"href":"https:\/\/uninavarra.edu.co\/en\/wp-json\/wp\/v2\/types\/page"}],"author":[{"embeddable":true,"href":"https:\/\/uninavarra.edu.co\/en\/wp-json\/wp\/v2\/users\/13"}],"replies":[{"embeddable":true,"href":"https:\/\/uninavarra.edu.co\/en\/wp-json\/wp\/v2\/comments?post=85324"}],"version-history":[{"count":0,"href":"https:\/\/uninavarra.edu.co\/en\/wp-json\/wp\/v2\/pages\/85324\/revisions"}],"up":[{"embeddable":true,"href":"https:\/\/uninavarra.edu.co\/en\/wp-json\/wp\/v2\/pages\/31344"}],"wp:attachment":[{"href":"https:\/\/uninavarra.edu.co\/en\/wp-json\/wp\/v2\/media?parent=85324"}],"wp:term":[{"taxonomy":"category","embeddable":true,"href":"https:\/\/uninavarra.edu.co\/en\/wp-json\/wp\/v2\/categories?post=85324"},{"taxonomy":"post_tag","embeddable":true,"href":"https:\/\/uninavarra.edu.co\/en\/wp-json\/wp\/v2\/tags?post=85324"}],"curies":[{"name":"wp","href":"https:\/\/api.w.org\/{rel}","templated":true}]}}