{"id":84935,"date":"2024-12-04T10:20:44","date_gmt":"2024-12-04T15:20:44","guid":{"rendered":"https:\/\/uninavarra.edu.co\/?page_id=84935"},"modified":"2024-12-04T10:20:44","modified_gmt":"2024-12-04T15:20:44","slug":"cursos-cortos","status":"publish","type":"page","link":"https:\/\/uninavarra.edu.co\/en\/define-tu-vocacion-dev\/cursos-cortos\/","title":{"rendered":"Short courses"},"content":{"rendered":"<div class=\"wpb-content-wrapper\"><div data-vc-full-width=\"true\" data-vc-full-width-init=\"false\" data-vc-stretch-content=\"true\" class=\"wpb-container\"><div class=\"container-full\"><div class=\"vc_row wpb_row vc_row-fluid row\"><div class=\"col-sm-12  vc_\">\n\t\t<div class=\"wpb_wrapper\">\n\t\t\t\n\t<div class=\"wpb_raw_code wpb_raw_html wpb_content_element\" >\n\t\t<div class=\"wpb_wrapper\">\n\t\t\t<header id=\"nav-top-1\"><span class=\"abrir material-icons\">menu<\/span><\/header><nav id=\"menu-plan-padrino\" class=\"topnav\"><header id=\"nav-top-2\"><span class=\"cerrar material-icons\">clear<\/span><\/header><!-- Widget Shortcode --><div id=\"nav_menu-40\" class=\"widget widget_nav_menu widget-shortcode area-se431_2466vwp\"><h2 class=\"widgettitle\">Research<\/h2><div class=\"menu-investigacion-container\"><ul id=\"menu-investigacion\" class=\"menu\"><li id=\"menu-item-23718\" class=\"menu-item menu-item-type-post_type menu-item-object-page menu-item-23718\"><a href=\"https:\/\/uninavarra.edu.co\/en\/ciina\/\">CIINA<\/a><\/li>\n<li id=\"menu-item-23720\" class=\"menu-item menu-item-type-post_type menu-item-object-page menu-item-has-children menu-item-23720\"><a href=\"https:\/\/uninavarra.edu.co\/en\/ciina\/grupos-de-investigacion\/\">Research Groups<\/a>\n<ul class=\"sub-menu\">\n\t<li id=\"menu-item-31682\" class=\"menu-item menu-item-type-post_type menu-item-object-page menu-item-31682\"><a href=\"https:\/\/uninavarra.edu.co\/en\/ciina\/grupos-de-investigacion\/navarra-medicina\/\">Navarra Medicine<\/a><\/li>\n\t<li id=\"menu-item-31686\" class=\"menu-item menu-item-type-post_type menu-item-object-page menu-item-31686\"><a href=\"https:\/\/uninavarra.edu.co\/en\/ciina\/grupos-de-investigacion\/dialogos\/\">Dialogues<\/a><\/li>\n\t<li id=\"menu-item-31685\" class=\"menu-item menu-item-type-post_type menu-item-object-page menu-item-31685\"><a href=\"https:\/\/uninavarra.edu.co\/en\/ciina\/grupos-de-investigacion\/navarra-ingenierias\/\">Navarra Engineering<\/a><\/li>\n\t<li id=\"menu-item-31687\" class=\"menu-item menu-item-type-post_type menu-item-object-page menu-item-31687\"><a href=\"https:\/\/uninavarra.edu.co\/en\/ciina\/grupos-de-investigacion\/cuidados-salud-imagenes-diagnosticas\/\">Health Care and Diagnostic Imaging<\/a><\/li>\n\t<li id=\"menu-item-31684\" class=\"menu-item menu-item-type-post_type menu-item-object-page menu-item-31684\"><a href=\"https:\/\/uninavarra.edu.co\/en\/ciina\/grupos-de-investigacion\/navarra-emprende\/\">Navarra Emprende<\/a><\/li>\n<\/ul>\n<\/li>\n<li id=\"menu-item-34233\" class=\"menu-item menu-item-type-post_type menu-item-object-page menu-item-34233\"><a href=\"https:\/\/uninavarra.edu.co\/en\/ciina\/banco-proyectos\/\">Project Bank<\/a><\/li>\n<li id=\"menu-item-23736\" class=\"menu-item menu-item-type-post_type menu-item-object-page menu-item-has-children menu-item-23736\"><a href=\"https:\/\/uninavarra.edu.co\/en\/ciina\/eventos\/\">Events<\/a>\n<ul class=\"sub-menu\">\n\t<li id=\"menu-item-31691\" class=\"menu-item menu-item-type-post_type menu-item-object-page menu-item-31691\"><a href=\"https:\/\/uninavarra.edu.co\/en\/ciina\/eventos\/2017_\/\">2017<\/a><\/li>\n\t<li id=\"menu-item-31690\" class=\"menu-item menu-item-type-post_type menu-item-object-page menu-item-31690\"><a href=\"https:\/\/uninavarra.edu.co\/en\/ciina\/eventos\/2018_\/\">2018<\/a><\/li>\n\t<li id=\"menu-item-31689\" class=\"menu-item menu-item-type-post_type menu-item-object-page menu-item-31689\"><a href=\"https:\/\/uninavarra.edu.co\/en\/ciina\/eventos\/2019_\/\">2019<\/a><\/li>\n\t<li id=\"menu-item-31688\" class=\"menu-item menu-item-type-post_type menu-item-object-page menu-item-31688\"><a href=\"https:\/\/uninavarra.edu.co\/en\/ciina\/eventos\/2020_\/\">2020<\/a><\/li>\n\t<li id=\"menu-item-38944\" class=\"menu-item menu-item-type-post_type menu-item-object-page menu-item-38944\"><a href=\"https:\/\/uninavarra.edu.co\/en\/ciina\/eventos\/2021_\/\">2021<\/a><\/li>\n\t<li id=\"menu-item-62500\" class=\"menu-item menu-item-type-post_type menu-item-object-page menu-item-62500\"><a href=\"https:\/\/uninavarra.edu.co\/en\/ciina\/eventos\/eventos-2022\/\">2022<\/a><\/li>\n\t<li id=\"menu-item-62498\" class=\"menu-item menu-item-type-post_type menu-item-object-page menu-item-62498\"><a href=\"https:\/\/uninavarra.edu.co\/en\/ciina\/eventos\/eventos-2023\/\">2023<\/a><\/li>\n\t<li id=\"menu-item-70994\" class=\"menu-item menu-item-type-post_type menu-item-object-page menu-item-70994\"><a href=\"https:\/\/uninavarra.edu.co\/en\/ciina\/eventos\/eventos-2024\/\">2024<\/a><\/li>\n\t<li id=\"menu-item-89996\" class=\"menu-item menu-item-type-post_type menu-item-object-page menu-item-89996\"><a href=\"https:\/\/uninavarra.edu.co\/en\/ciina\/eventos\/eventos-2025\/\">2025<\/a><\/li>\n<\/ul>\n<\/li>\n<li id=\"menu-item-23738\" class=\"menu-item menu-item-type-post_type menu-item-object-page menu-item-23738\"><a href=\"https:\/\/uninavarra.edu.co\/en\/ciina\/procedimientos\/\">Procedures<\/a><\/li>\n<li id=\"menu-item-23750\" class=\"menu-item menu-item-type-post_type menu-item-object-page menu-item-23750\"><a href=\"https:\/\/uninavarra.edu.co\/en\/ciina\/formatos\/\">Formats<\/a><\/li>\n<li id=\"menu-item-23740\" class=\"menu-item menu-item-type-post_type menu-item-object-page menu-item-has-children menu-item-23740\"><a href=\"https:\/\/uninavarra.edu.co\/en\/ciina\/editorial-uninavarra\/\">Editorial UNINAVARRA<\/a>\n<ul class=\"sub-menu\">\n\t<li id=\"menu-item-23739\" class=\"menu-item menu-item-type-custom menu-item-object-custom menu-item-23739\"><a href=\"https:\/\/uninavarra.edu.co\/cina\/editorial-uninavarra\/libros\/\">Books<\/a><\/li>\n\t<li id=\"menu-item-23741\" class=\"menu-item menu-item-type-custom menu-item-object-custom menu-item-23741\"><a href=\"https:\/\/journals.uninavarra.edu.co\/\">Magazines<\/a><\/li>\n<\/ul>\n<\/li>\n<li id=\"menu-item-52768\" class=\"menu-item menu-item-type-post_type menu-item-object-page menu-item-52768\"><a href=\"https:\/\/uninavarra.edu.co\/en\/red-aves-huila\/\">Huila Bird Network<\/a><\/li>\n<li id=\"menu-item-23719\" class=\"menu-item menu-item-type-post_type menu-item-object-page menu-item-23719\"><a href=\"https:\/\/uninavarra.edu.co\/en\/ciina\/noticias\/\">News<\/a><\/li>\n<\/ul><\/div><\/div><!-- \/Widget Shortcode -->\n\n<\/nav>\n\t\t<\/div>\n\t<\/div>\n\n\t\t<\/div> \n\t<\/div><\/div><\/div><\/div><div class=\"vc_row-full-width\"><\/div><div class=\"wpb-container\"><div class=\"container\"><div class=\"vc_row wpb_row vc_row-fluid row\"><div class=\"col-sm-12  vc_\">\n\t\t<div class=\"wpb_wrapper\">\n\t\t\t\n\t<div class=\"wpb_raw_code wpb_raw_html wpb_content_element\" >\n\t\t<div class=\"wpb_wrapper\">\n\t\t\t    <div class=\"tarjetas-container\">\n        <div class=\"tarjetas-card\">\n            <img decoding=\"async\" src=\"https:\/\/wcms.com.co\/wp-content\/uploads\/2024\/11\/Diseno-sin-titulo-18-1.jpg\" alt=\"Inteligencia Artificial\" class=\"tarjetas-card-image\">\n            <div class=\"tarjetas-card-content\">\n                <h3 class=\"tarjetas-card-title\">Project<\/h3>\n                <a href=\"#\" class=\"tarjetas-card-button\">Learn more!<\/a>\n            <\/div>\n        <\/div>\n        <div class=\"tarjetas-card\">\n            <img decoding=\"async\" src=\"https:\/\/wcms.com.co\/wp-content\/uploads\/2024\/11\/Diseno-sin-titulo-18-1.jpg\" alt=\"Dise\u00f1o 3D\" class=\"tarjetas-card-image\">\n            <div class=\"tarjetas-card-content\">\n                <h3 class=\"tarjetas-card-title\">Short courses<\/h3>\n                <a href=\"#\" class=\"tarjetas-card-button\">Learn more!<\/a>\n            <\/div>\n        <\/div>\n        <div class=\"tarjetas-card\">\n            <img decoding=\"async\" src=\"https:\/\/wcms.com.co\/wp-content\/uploads\/2024\/11\/Diseno-sin-titulo-18-1.jpg\" alt=\"Marketing Digital\" class=\"tarjetas-card-image\">\n            <div class=\"tarjetas-card-content\">\n                <h3 class=\"tarjetas-card-title\">SteamLab<\/h3>\n                <a href=\"#\" class=\"tarjetas-card-button\">Learn more!<\/a>\n            <\/div>\n        <\/div>\n        <div class=\"tarjetas-card\">\n            <img decoding=\"async\" src=\"https:\/\/wcms.com.co\/wp-content\/uploads\/2024\/11\/Diseno-sin-titulo-18-1.jpg\" alt=\"Rob\u00f3tica y Automatizaci\u00f3n\" class=\"tarjetas-card-image\">\n            <div class=\"tarjetas-card-content\">\n                <h3 class=\"tarjetas-card-title\">HACKATHON<\/h3>\n                <a href=\"#\" class=\"tarjetas-card-button\">Learn more!<\/a>\n            <\/div>\n        <\/div>\n        <div class=\"tarjetas-card\">\n            <img decoding=\"async\" src=\"https:\/\/wcms.com.co\/wp-content\/uploads\/2024\/11\/Diseno-sin-titulo-18-1.jpg\" alt=\"Programaci\u00f3n Avanzada\" class=\"tarjetas-card-image\">\n            <div class=\"tarjetas-card-content\">\n                <h3 class=\"tarjetas-card-title\">FEEDBACK<\/h3>\n                <a href=\"#\" class=\"tarjetas-card-button\">Learn more!<\/a>\n            <\/div>\n        <\/div>\n    <\/div>\n\t\t<\/div>\n\t<\/div>\n\n\t\t<\/div> \n\t<\/div><\/div><\/div><\/div><div class=\"wpb-container\"><div class=\"container\"><div class=\"vc_row wpb_row vc_row-fluid row\"><div class=\"col-sm-12  vc_\">\n\t\t<div class=\"wpb_wrapper\">\n\t\t\t\n\t<div class=\"wpb_raw_code wpb_raw_js\" >\n\t\t<div class=\"wpb_wrapper\">\n\t\t\t<script>\n        \/\/ Potential future JavaScript interactions can be added here\n        document.querySelectorAll('.card-button').forEach(button => {\n            button.addEventListener('click', (e) => {\n                e.preventDefault();\n                \/\/ Future: Add modal or navigation logic\n                alert('Funcionalidad pr\u00f3ximamente');\n            });\n        });\n<\/script>\n\t\t<\/div>\n\t<\/div>\n\n\t\t<\/div> \n\t<\/div><\/div><\/div><\/div>\n<\/div>","protected":false},"excerpt":{"rendered":"menuclearInvestigaci\u00f3nCIINA Grupos de Investigaci\u00f3n Navarra Medicina Di\u00e1logos Navarra Ingenier\u00edas Cuidados de la Salud e Im\u00e1genes Diagn\u00f3sticas Navarra Emprende Banco de Proyectos Eventos 2017 2018 2019 2020 2021 2022 2023 2024 [...]","protected":false},"author":13,"featured_media":68058,"parent":77067,"menu_order":0,"comment_status":"closed","ping_status":"closed","template":"","meta":{"footnotes":""},"categories":[],"tags":[],"class_list":["post-84935","page","type-page","status-publish","has-post-thumbnail","hentry"],"yoast_head":"<!-- This site is optimized with the Yoast SEO plugin v27.4 - https:\/\/yoast.com\/product\/yoast-seo-wordpress\/ -->\n<title>Cursos cortos - Uninavarra<\/title>\n<meta name=\"robots\" content=\"index, follow, max-snippet:-1, max-image-preview:large, max-video-preview:-1\" \/>\n<link rel=\"canonical\" href=\"https:\/\/uninavarra.edu.co\/en\/define-tu-vocacion-dev\/cursos-cortos\/\" \/>\n<meta property=\"og:locale\" content=\"en_US\" \/>\n<meta property=\"og:type\" content=\"article\" \/>\n<meta property=\"og:title\" content=\"Cursos cortos - Uninavarra\" \/>\n<meta property=\"og:url\" content=\"https:\/\/uninavarra.edu.co\/en\/define-tu-vocacion-dev\/cursos-cortos\/\" \/>\n<meta property=\"og:site_name\" content=\"Uninavarra\" \/>\n<meta property=\"article:publisher\" content=\"https:\/\/www.facebook.com\/UninavarraEduca\" \/>\n<meta property=\"og:image\" content=\"https:\/\/uninavarra.edu.co\/wp-content\/uploads\/2023\/12\/banner-generico.png\" \/>\n\t<meta property=\"og:image:width\" content=\"2480\" \/>\n\t<meta property=\"og:image:height\" content=\"276\" \/>\n\t<meta property=\"og:image:type\" content=\"image\/png\" \/>\n<meta name=\"twitter:card\" content=\"summary_large_image\" \/>\n<meta name=\"twitter:site\" content=\"@uninavarraeduca\" \/>\n<meta name=\"twitter:label1\" content=\"Est. reading time\" \/>\n\t<meta name=\"twitter:data1\" content=\"2 minutes\" \/>\n<script type=\"application\/ld+json\" class=\"yoast-schema-graph\">{\"@context\":\"https:\\\/\\\/schema.org\",\"@graph\":[{\"@type\":\"WebPage\",\"@id\":\"https:\\\/\\\/uninavarra.edu.co\\\/define-tu-vocacion-dev\\\/cursos-cortos\\\/\",\"url\":\"https:\\\/\\\/uninavarra.edu.co\\\/define-tu-vocacion-dev\\\/cursos-cortos\\\/\",\"name\":\"Cursos cortos - Uninavarra\",\"isPartOf\":{\"@id\":\"https:\\\/\\\/uninavarra.edu.co\\\/#website\"},\"primaryImageOfPage\":{\"@id\":\"https:\\\/\\\/uninavarra.edu.co\\\/define-tu-vocacion-dev\\\/cursos-cortos\\\/#primaryimage\"},\"image\":{\"@id\":\"https:\\\/\\\/uninavarra.edu.co\\\/define-tu-vocacion-dev\\\/cursos-cortos\\\/#primaryimage\"},\"thumbnailUrl\":\"https:\\\/\\\/uninavarra.edu.co\\\/wp-content\\\/uploads\\\/2023\\\/12\\\/banner-generico.png\",\"datePublished\":\"2024-12-04T15:20:44+00:00\",\"breadcrumb\":{\"@id\":\"https:\\\/\\\/uninavarra.edu.co\\\/define-tu-vocacion-dev\\\/cursos-cortos\\\/#breadcrumb\"},\"inLanguage\":\"en-US\",\"potentialAction\":[{\"@type\":\"ReadAction\",\"target\":[\"https:\\\/\\\/uninavarra.edu.co\\\/define-tu-vocacion-dev\\\/cursos-cortos\\\/\"]}]},{\"@type\":\"ImageObject\",\"inLanguage\":\"en-US\",\"@id\":\"https:\\\/\\\/uninavarra.edu.co\\\/define-tu-vocacion-dev\\\/cursos-cortos\\\/#primaryimage\",\"url\":\"https:\\\/\\\/uninavarra.edu.co\\\/wp-content\\\/uploads\\\/2023\\\/12\\\/banner-generico.png\",\"contentUrl\":\"https:\\\/\\\/uninavarra.edu.co\\\/wp-content\\\/uploads\\\/2023\\\/12\\\/banner-generico.png\",\"width\":2480,\"height\":276,\"caption\":\"banner generico\"},{\"@type\":\"BreadcrumbList\",\"@id\":\"https:\\\/\\\/uninavarra.edu.co\\\/define-tu-vocacion-dev\\\/cursos-cortos\\\/#breadcrumb\",\"itemListElement\":[{\"@type\":\"ListItem\",\"position\":1,\"name\":\"Home\",\"item\":\"https:\\\/\\\/uninavarra.edu.co\\\/\"},{\"@type\":\"ListItem\",\"position\":2,\"name\":\"DEFINE TU VOCACI\u00d3N\",\"item\":\"https:\\\/\\\/uninavarra.edu.co\\\/define-tu-vocacion-dev\\\/\"},{\"@type\":\"ListItem\",\"position\":3,\"name\":\"Cursos cortos\"}]},{\"@type\":\"WebSite\",\"@id\":\"https:\\\/\\\/uninavarra.edu.co\\\/#website\",\"url\":\"https:\\\/\\\/uninavarra.edu.co\\\/\",\"name\":\"UNINAVARRA\",\"description\":\"Haz realidad tu deseo de aprender\",\"publisher\":{\"@id\":\"https:\\\/\\\/uninavarra.edu.co\\\/#organization\"},\"potentialAction\":[{\"@type\":\"SearchAction\",\"target\":{\"@type\":\"EntryPoint\",\"urlTemplate\":\"https:\\\/\\\/uninavarra.edu.co\\\/?s={search_term_string}\"},\"query-input\":{\"@type\":\"PropertyValueSpecification\",\"valueRequired\":true,\"valueName\":\"search_term_string\"}}],\"inLanguage\":\"en-US\"},{\"@type\":\"Organization\",\"@id\":\"https:\\\/\\\/uninavarra.edu.co\\\/#organization\",\"name\":\"Fundaci\u00f3n Universitaria Navarra - UNINAVARRA\",\"url\":\"https:\\\/\\\/uninavarra.edu.co\\\/\",\"logo\":{\"@type\":\"ImageObject\",\"inLanguage\":\"en-US\",\"@id\":\"https:\\\/\\\/uninavarra.edu.co\\\/#\\\/schema\\\/logo\\\/image\\\/\",\"url\":\"https:\\\/\\\/uninavarra.edu.co\\\/wp-content\\\/uploads\\\/2024\\\/06\\\/Escudo-uninavarra-Solo.png\",\"contentUrl\":\"https:\\\/\\\/uninavarra.edu.co\\\/wp-content\\\/uploads\\\/2024\\\/06\\\/Escudo-uninavarra-Solo.png\",\"width\":1500,\"height\":1401,\"caption\":\"Fundaci\u00f3n Universitaria Navarra - UNINAVARRA\"},\"image\":{\"@id\":\"https:\\\/\\\/uninavarra.edu.co\\\/#\\\/schema\\\/logo\\\/image\\\/\"},\"sameAs\":[\"https:\\\/\\\/www.facebook.com\\\/UninavarraEduca\",\"https:\\\/\\\/x.com\\\/uninavarraeduca\",\"https:\\\/\\\/www.instagram.com\\\/uninavarra\\\/?hl=es\",\"https:\\\/\\\/www.linkedin.com\\\/in\\\/fundacin-universitaria-navarra-uninavarra-b41225222\\\/\"]}]}<\/script>\n<!-- \/ Yoast SEO plugin. -->","yoast_head_json":{"title":"Cursos cortos - Uninavarra","robots":{"index":"index","follow":"follow","max-snippet":"max-snippet:-1","max-image-preview":"max-image-preview:large","max-video-preview":"max-video-preview:-1"},"canonical":"https:\/\/uninavarra.edu.co\/en\/define-tu-vocacion-dev\/cursos-cortos\/","og_locale":"en_US","og_type":"article","og_title":"Cursos cortos - Uninavarra","og_url":"https:\/\/uninavarra.edu.co\/en\/define-tu-vocacion-dev\/cursos-cortos\/","og_site_name":"Uninavarra","article_publisher":"https:\/\/www.facebook.com\/UninavarraEduca","og_image":[{"width":2480,"height":276,"url":"https:\/\/uninavarra.edu.co\/wp-content\/uploads\/2023\/12\/banner-generico.png","type":"image\/png"}],"twitter_card":"summary_large_image","twitter_site":"@uninavarraeduca","twitter_misc":{"Est. reading time":"2 minutes"},"schema":{"@context":"https:\/\/schema.org","@graph":[{"@type":"WebPage","@id":"https:\/\/uninavarra.edu.co\/define-tu-vocacion-dev\/cursos-cortos\/","url":"https:\/\/uninavarra.edu.co\/define-tu-vocacion-dev\/cursos-cortos\/","name":"Cursos cortos - Uninavarra","isPartOf":{"@id":"https:\/\/uninavarra.edu.co\/#website"},"primaryImageOfPage":{"@id":"https:\/\/uninavarra.edu.co\/define-tu-vocacion-dev\/cursos-cortos\/#primaryimage"},"image":{"@id":"https:\/\/uninavarra.edu.co\/define-tu-vocacion-dev\/cursos-cortos\/#primaryimage"},"thumbnailUrl":"https:\/\/uninavarra.edu.co\/wp-content\/uploads\/2023\/12\/banner-generico.png","datePublished":"2024-12-04T15:20:44+00:00","breadcrumb":{"@id":"https:\/\/uninavarra.edu.co\/define-tu-vocacion-dev\/cursos-cortos\/#breadcrumb"},"inLanguage":"en-US","potentialAction":[{"@type":"ReadAction","target":["https:\/\/uninavarra.edu.co\/define-tu-vocacion-dev\/cursos-cortos\/"]}]},{"@type":"ImageObject","inLanguage":"en-US","@id":"https:\/\/uninavarra.edu.co\/define-tu-vocacion-dev\/cursos-cortos\/#primaryimage","url":"https:\/\/uninavarra.edu.co\/wp-content\/uploads\/2023\/12\/banner-generico.png","contentUrl":"https:\/\/uninavarra.edu.co\/wp-content\/uploads\/2023\/12\/banner-generico.png","width":2480,"height":276,"caption":"banner generico"},{"@type":"BreadcrumbList","@id":"https:\/\/uninavarra.edu.co\/define-tu-vocacion-dev\/cursos-cortos\/#breadcrumb","itemListElement":[{"@type":"ListItem","position":1,"name":"Home","item":"https:\/\/uninavarra.edu.co\/"},{"@type":"ListItem","position":2,"name":"DEFINE TU VOCACI\u00d3N","item":"https:\/\/uninavarra.edu.co\/define-tu-vocacion-dev\/"},{"@type":"ListItem","position":3,"name":"Cursos cortos"}]},{"@type":"WebSite","@id":"https:\/\/uninavarra.edu.co\/#website","url":"https:\/\/uninavarra.edu.co\/","name":"UNINAVARRA","description":"Make your desire to learn a reality","publisher":{"@id":"https:\/\/uninavarra.edu.co\/#organization"},"potentialAction":[{"@type":"SearchAction","target":{"@type":"EntryPoint","urlTemplate":"https:\/\/uninavarra.edu.co\/?s={search_term_string}"},"query-input":{"@type":"PropertyValueSpecification","valueRequired":true,"valueName":"search_term_string"}}],"inLanguage":"en-US"},{"@type":"Organization","@id":"https:\/\/uninavarra.edu.co\/#organization","name":"Navarre University Foundation - UNINAVARRA","url":"https:\/\/uninavarra.edu.co\/","logo":{"@type":"ImageObject","inLanguage":"en-US","@id":"https:\/\/uninavarra.edu.co\/#\/schema\/logo\/image\/","url":"https:\/\/uninavarra.edu.co\/wp-content\/uploads\/2024\/06\/Escudo-uninavarra-Solo.png","contentUrl":"https:\/\/uninavarra.edu.co\/wp-content\/uploads\/2024\/06\/Escudo-uninavarra-Solo.png","width":1500,"height":1401,"caption":"Fundaci\u00f3n Universitaria Navarra - UNINAVARRA"},"image":{"@id":"https:\/\/uninavarra.edu.co\/#\/schema\/logo\/image\/"},"sameAs":["https:\/\/www.facebook.com\/UninavarraEduca","https:\/\/x.com\/uninavarraeduca","https:\/\/www.instagram.com\/uninavarra\/?hl=es","https:\/\/www.linkedin.com\/in\/fundacin-universitaria-navarra-uninavarra-b41225222\/"]}]}},"_links":{"self":[{"href":"https:\/\/uninavarra.edu.co\/en\/wp-json\/wp\/v2\/pages\/84935","targetHints":{"allow":["GET"]}}],"collection":[{"href":"https:\/\/uninavarra.edu.co\/en\/wp-json\/wp\/v2\/pages"}],"about":[{"href":"https:\/\/uninavarra.edu.co\/en\/wp-json\/wp\/v2\/types\/page"}],"author":[{"embeddable":true,"href":"https:\/\/uninavarra.edu.co\/en\/wp-json\/wp\/v2\/users\/13"}],"replies":[{"embeddable":true,"href":"https:\/\/uninavarra.edu.co\/en\/wp-json\/wp\/v2\/comments?post=84935"}],"version-history":[{"count":0,"href":"https:\/\/uninavarra.edu.co\/en\/wp-json\/wp\/v2\/pages\/84935\/revisions"}],"up":[{"embeddable":true,"href":"https:\/\/uninavarra.edu.co\/en\/wp-json\/wp\/v2\/pages\/77067"}],"wp:featuredmedia":[{"embeddable":true,"href":"https:\/\/uninavarra.edu.co\/en\/wp-json\/wp\/v2\/media\/68058"}],"wp:attachment":[{"href":"https:\/\/uninavarra.edu.co\/en\/wp-json\/wp\/v2\/media?parent=84935"}],"wp:term":[{"taxonomy":"category","embeddable":true,"href":"https:\/\/uninavarra.edu.co\/en\/wp-json\/wp\/v2\/categories?post=84935"},{"taxonomy":"post_tag","embeddable":true,"href":"https:\/\/uninavarra.edu.co\/en\/wp-json\/wp\/v2\/tags?post=84935"}],"curies":[{"name":"wp","href":"https:\/\/api.w.org\/{rel}","templated":true}]}}