{"id":83392,"date":"2024-10-31T17:52:01","date_gmt":"2024-10-31T22:52:01","guid":{"rendered":"https:\/\/uninavarra.edu.co\/?page_id=83392"},"modified":"2024-10-31T17:58:51","modified_gmt":"2024-10-31T22:58:51","slug":"estrategias-educativas-y-experiencias-de-la-red-de-ninos-observadores-de-aves-del-huila","status":"publish","type":"page","link":"https:\/\/uninavarra.edu.co\/en\/ciina\/editorial-uninavarra\/libros\/estrategias-educativas-y-experiencias-de-la-red-de-ninos-observadores-de-aves-del-huila\/","title":{"rendered":"Educational strategies and experiences of the Huila Child Birdwatchers' Network"},"content":{"rendered":"<div class=\"wpb-content-wrapper\"><div class=\"wpb-container\"><div class=\"container\"><div class=\"vc_row wpb_row vc_row-fluid row\"><div class=\"col-sm-3  vc_\">\n\t\t<div class=\"wpb_wrapper\">\n\t\t\t<div class=\"wpb_single_image wpb_content_element vc_align_center\">\n\t\t<div class=\"wpb_wrapper\">\n\t\t\t\n\t\t\t<a href=\"https:\/\/uninavarra.edu.co\/wp-content\/uploads\/2023\/10\/Portada-libro-Aves.jpg\" target=\"_self\"><img fetchpriority=\"high\" decoding=\"async\" width=\"1692\" height=\"2560\" src=\"https:\/\/uninavarra.edu.co\/wp-content\/uploads\/2024\/10\/portada-aves-copia-scaled.jpg\" class=\"vc_box_border_grey attachment-full\" alt=\"portada aves new\" title=\"cover aves- - copy\" srcset=\"https:\/\/uninavarra.edu.co\/wp-content\/uploads\/2024\/10\/portada-aves-copia-scaled.jpg 1692w, https:\/\/uninavarra.edu.co\/wp-content\/uploads\/2024\/10\/portada-aves-copia-198x300.jpg 198w, https:\/\/uninavarra.edu.co\/wp-content\/uploads\/2024\/10\/portada-aves-copia-677x1024.jpg 677w, https:\/\/uninavarra.edu.co\/wp-content\/uploads\/2024\/10\/portada-aves-copia-99x150.jpg 99w, https:\/\/uninavarra.edu.co\/wp-content\/uploads\/2024\/10\/portada-aves-copia-768x1162.jpg 768w, https:\/\/uninavarra.edu.co\/wp-content\/uploads\/2024\/10\/portada-aves-copia-1015x1536.jpg 1015w, https:\/\/uninavarra.edu.co\/wp-content\/uploads\/2024\/10\/portada-aves-copia-1354x2048.jpg 1354w, https:\/\/uninavarra.edu.co\/wp-content\/uploads\/2024\/10\/portada-aves-copia-8x12.jpg 8w\" sizes=\"(max-width: 1692px) 100vw, 1692px\" \/><\/a>\n\t\t<\/div> \n\t<\/div>\n\t\t<\/div> \n\t<\/div><div class=\"col-sm-9  vc_\">\n\t\t<div class=\"wpb_wrapper\">\n\t\t\t\n\t<div class=\"wpb_text_column wpb_content_element\" >\n\t\t<div class=\"wpb_wrapper\">\n\t\t\t<div style=\"font-family: tahoma, sans-serif; font-size: large; text-align: justify;\">\n<p><strong>Authors:<\/strong> Sandra Liliana Navarro Parra, Thiago Navarro \u00c1lvarez, William Eduardo Navarro Parra, Jaime Antonio Navarro Parra, Edna Gicela Ortiz Morea, Erik Camilo Gait\u00e1n L\u00f3pez, Mar\u00eda Daniela Pulido Osorio<\/p>\n<p><strong>Price:<\/strong> open access.<\/p>\n<p><strong>Year:<\/strong> 2024<\/p>\n<p><strong>ISBN:<\/strong> 978-628-98779-5-3<\/p>\n<p><strong>Description:<\/strong> This publication is part of the project \"Implementation of strategies to promote the culture of social appropriation of knowledge in the protection and conservation of birds in the department of Huila\", funded by the General System of Royalties (SGR) and executed by the University Foundation Navarra. The book brings together 24 educational strategies aimed at the protection of local avifauna, developed within the framework of the Network of Children Birdwatchers of Huila, which involves young people from 12 municipalities in the department.<\/p>\n<p>Among the initiatives highlighted are artistic activities inspired by the \"Children's guide to bird watching in Huila\", which stimulated children's understanding and creativity. The book also documents the network's participation in national and international events, highlighting the relevance of environmental education and ecotourism as pillars for bird conservation in the region.<\/p>\n<p class=\"descargar\"><a href=\"https:\/\/arbapublishing.com\/project\/estrategias-educativas-y-experiencias-de-la-red-de-ninos-observadores-de-aves-del-huila\/\">Download book<\/a><\/p>\n<\/div>\n\n\t\t<\/div>\n\t<\/div>\n\n\t\t<\/div> \n\t<\/div><\/div><\/div><\/div>\n<\/div>","protected":false},"excerpt":{"rendered":"Autores: Sandra Liliana Navarro Parra, Thiago Navarro \u00c1lvarez, William Eduardo Navarro Parra, Jaime Antonio Navarro Parra, Edna Gicela Ortiz Morea, Erik Camilo Gait\u00e1n L\u00f3pez, Mar\u00eda Daniela Pulido Osorio Precio: acceso [...]","protected":false},"author":13,"featured_media":0,"parent":31344,"menu_order":0,"comment_status":"closed","ping_status":"closed","template":"","meta":{"footnotes":""},"categories":[1],"tags":[],"class_list":["post-83392","page","type-page","status-publish","hentry","category-uncategorized"],"yoast_head":"<!-- This site is optimized with the Yoast SEO plugin v27.4 - https:\/\/yoast.com\/product\/yoast-seo-wordpress\/ -->\n<title>Estrategias educativas y experiencias de la Red de Ni\u00f1os Observadores de Aves del Huila - Uninavarra<\/title>\n<meta name=\"robots\" content=\"index, follow, max-snippet:-1, max-image-preview:large, max-video-preview:-1\" \/>\n<link rel=\"canonical\" href=\"https:\/\/uninavarra.edu.co\/en\/ciina\/editorial-uninavarra\/libros\/estrategias-educativas-y-experiencias-de-la-red-de-ninos-observadores-de-aves-del-huila\/\" \/>\n<meta property=\"og:locale\" content=\"en_US\" \/>\n<meta property=\"og:type\" content=\"article\" \/>\n<meta property=\"og:title\" content=\"Estrategias educativas y experiencias de la Red de Ni\u00f1os Observadores de Aves del Huila - Uninavarra\" \/>\n<meta property=\"og:url\" content=\"https:\/\/uninavarra.edu.co\/en\/ciina\/editorial-uninavarra\/libros\/estrategias-educativas-y-experiencias-de-la-red-de-ninos-observadores-de-aves-del-huila\/\" \/>\n<meta property=\"og:site_name\" content=\"Uninavarra\" \/>\n<meta property=\"article:publisher\" content=\"https:\/\/www.facebook.com\/UninavarraEduca\" \/>\n<meta property=\"article:modified_time\" content=\"2024-10-31T22:58:51+00:00\" \/>\n<meta name=\"twitter:card\" content=\"summary_large_image\" \/>\n<meta name=\"twitter:site\" content=\"@uninavarraeduca\" \/>\n<meta name=\"twitter:label1\" content=\"Est. reading time\" \/>\n\t<meta name=\"twitter:data1\" content=\"1 minute\" \/>\n<script type=\"application\/ld+json\" class=\"yoast-schema-graph\">{\"@context\":\"https:\\\/\\\/schema.org\",\"@graph\":[{\"@type\":\"WebPage\",\"@id\":\"https:\\\/\\\/uninavarra.edu.co\\\/ciina\\\/editorial-uninavarra\\\/libros\\\/estrategias-educativas-y-experiencias-de-la-red-de-ninos-observadores-de-aves-del-huila\\\/\",\"url\":\"https:\\\/\\\/uninavarra.edu.co\\\/ciina\\\/editorial-uninavarra\\\/libros\\\/estrategias-educativas-y-experiencias-de-la-red-de-ninos-observadores-de-aves-del-huila\\\/\",\"name\":\"Estrategias educativas y experiencias de la Red de Ni\u00f1os Observadores de Aves del Huila - Uninavarra\",\"isPartOf\":{\"@id\":\"https:\\\/\\\/uninavarra.edu.co\\\/#website\"},\"datePublished\":\"2024-10-31T22:52:01+00:00\",\"dateModified\":\"2024-10-31T22:58:51+00:00\",\"breadcrumb\":{\"@id\":\"https:\\\/\\\/uninavarra.edu.co\\\/ciina\\\/editorial-uninavarra\\\/libros\\\/estrategias-educativas-y-experiencias-de-la-red-de-ninos-observadores-de-aves-del-huila\\\/#breadcrumb\"},\"inLanguage\":\"en-US\",\"potentialAction\":[{\"@type\":\"ReadAction\",\"target\":[\"https:\\\/\\\/uninavarra.edu.co\\\/ciina\\\/editorial-uninavarra\\\/libros\\\/estrategias-educativas-y-experiencias-de-la-red-de-ninos-observadores-de-aves-del-huila\\\/\"]}]},{\"@type\":\"BreadcrumbList\",\"@id\":\"https:\\\/\\\/uninavarra.edu.co\\\/ciina\\\/editorial-uninavarra\\\/libros\\\/estrategias-educativas-y-experiencias-de-la-red-de-ninos-observadores-de-aves-del-huila\\\/#breadcrumb\",\"itemListElement\":[{\"@type\":\"ListItem\",\"position\":1,\"name\":\"Home\",\"item\":\"https:\\\/\\\/uninavarra.edu.co\\\/\"},{\"@type\":\"ListItem\",\"position\":2,\"name\":\"CIINA\",\"item\":\"https:\\\/\\\/uninavarra.edu.co\\\/ciina\\\/\"},{\"@type\":\"ListItem\",\"position\":3,\"name\":\"Editorial UNINAVARRA\",\"item\":\"https:\\\/\\\/uninavarra.edu.co\\\/ciina\\\/editorial-uninavarra\\\/\"},{\"@type\":\"ListItem\",\"position\":4,\"name\":\"Libros\",\"item\":\"https:\\\/\\\/uninavarra.edu.co\\\/ciina\\\/editorial-uninavarra\\\/libros\\\/\"},{\"@type\":\"ListItem\",\"position\":5,\"name\":\"Estrategias educativas y experiencias de la Red de Ni\u00f1os Observadores de Aves del Huila\"}]},{\"@type\":\"WebSite\",\"@id\":\"https:\\\/\\\/uninavarra.edu.co\\\/#website\",\"url\":\"https:\\\/\\\/uninavarra.edu.co\\\/\",\"name\":\"UNINAVARRA\",\"description\":\"Haz realidad tu deseo de aprender\",\"publisher\":{\"@id\":\"https:\\\/\\\/uninavarra.edu.co\\\/#organization\"},\"potentialAction\":[{\"@type\":\"SearchAction\",\"target\":{\"@type\":\"EntryPoint\",\"urlTemplate\":\"https:\\\/\\\/uninavarra.edu.co\\\/?s={search_term_string}\"},\"query-input\":{\"@type\":\"PropertyValueSpecification\",\"valueRequired\":true,\"valueName\":\"search_term_string\"}}],\"inLanguage\":\"en-US\"},{\"@type\":\"Organization\",\"@id\":\"https:\\\/\\\/uninavarra.edu.co\\\/#organization\",\"name\":\"Fundaci\u00f3n Universitaria Navarra - UNINAVARRA\",\"url\":\"https:\\\/\\\/uninavarra.edu.co\\\/\",\"logo\":{\"@type\":\"ImageObject\",\"inLanguage\":\"en-US\",\"@id\":\"https:\\\/\\\/uninavarra.edu.co\\\/#\\\/schema\\\/logo\\\/image\\\/\",\"url\":\"https:\\\/\\\/uninavarra.edu.co\\\/wp-content\\\/uploads\\\/2024\\\/06\\\/Escudo-uninavarra-Solo.png\",\"contentUrl\":\"https:\\\/\\\/uninavarra.edu.co\\\/wp-content\\\/uploads\\\/2024\\\/06\\\/Escudo-uninavarra-Solo.png\",\"width\":1500,\"height\":1401,\"caption\":\"Fundaci\u00f3n Universitaria Navarra - UNINAVARRA\"},\"image\":{\"@id\":\"https:\\\/\\\/uninavarra.edu.co\\\/#\\\/schema\\\/logo\\\/image\\\/\"},\"sameAs\":[\"https:\\\/\\\/www.facebook.com\\\/UninavarraEduca\",\"https:\\\/\\\/x.com\\\/uninavarraeduca\",\"https:\\\/\\\/www.instagram.com\\\/uninavarra\\\/?hl=es\",\"https:\\\/\\\/www.linkedin.com\\\/in\\\/fundacin-universitaria-navarra-uninavarra-b41225222\\\/\"]}]}<\/script>\n<!-- \/ Yoast SEO plugin. -->","yoast_head_json":{"title":"Estrategias educativas y experiencias de la Red de Ni\u00f1os Observadores de Aves del Huila - Uninavarra","robots":{"index":"index","follow":"follow","max-snippet":"max-snippet:-1","max-image-preview":"max-image-preview:large","max-video-preview":"max-video-preview:-1"},"canonical":"https:\/\/uninavarra.edu.co\/en\/ciina\/editorial-uninavarra\/libros\/estrategias-educativas-y-experiencias-de-la-red-de-ninos-observadores-de-aves-del-huila\/","og_locale":"en_US","og_type":"article","og_title":"Estrategias educativas y experiencias de la Red de Ni\u00f1os Observadores de Aves del Huila - Uninavarra","og_url":"https:\/\/uninavarra.edu.co\/en\/ciina\/editorial-uninavarra\/libros\/estrategias-educativas-y-experiencias-de-la-red-de-ninos-observadores-de-aves-del-huila\/","og_site_name":"Uninavarra","article_publisher":"https:\/\/www.facebook.com\/UninavarraEduca","article_modified_time":"2024-10-31T22:58:51+00:00","twitter_card":"summary_large_image","twitter_site":"@uninavarraeduca","twitter_misc":{"Est. reading time":"1 minute"},"schema":{"@context":"https:\/\/schema.org","@graph":[{"@type":"WebPage","@id":"https:\/\/uninavarra.edu.co\/ciina\/editorial-uninavarra\/libros\/estrategias-educativas-y-experiencias-de-la-red-de-ninos-observadores-de-aves-del-huila\/","url":"https:\/\/uninavarra.edu.co\/ciina\/editorial-uninavarra\/libros\/estrategias-educativas-y-experiencias-de-la-red-de-ninos-observadores-de-aves-del-huila\/","name":"Estrategias educativas y experiencias de la Red de Ni\u00f1os Observadores de Aves del Huila - Uninavarra","isPartOf":{"@id":"https:\/\/uninavarra.edu.co\/#website"},"datePublished":"2024-10-31T22:52:01+00:00","dateModified":"2024-10-31T22:58:51+00:00","breadcrumb":{"@id":"https:\/\/uninavarra.edu.co\/ciina\/editorial-uninavarra\/libros\/estrategias-educativas-y-experiencias-de-la-red-de-ninos-observadores-de-aves-del-huila\/#breadcrumb"},"inLanguage":"en-US","potentialAction":[{"@type":"ReadAction","target":["https:\/\/uninavarra.edu.co\/ciina\/editorial-uninavarra\/libros\/estrategias-educativas-y-experiencias-de-la-red-de-ninos-observadores-de-aves-del-huila\/"]}]},{"@type":"BreadcrumbList","@id":"https:\/\/uninavarra.edu.co\/ciina\/editorial-uninavarra\/libros\/estrategias-educativas-y-experiencias-de-la-red-de-ninos-observadores-de-aves-del-huila\/#breadcrumb","itemListElement":[{"@type":"ListItem","position":1,"name":"Home","item":"https:\/\/uninavarra.edu.co\/"},{"@type":"ListItem","position":2,"name":"CIINA","item":"https:\/\/uninavarra.edu.co\/ciina\/"},{"@type":"ListItem","position":3,"name":"Editorial UNINAVARRA","item":"https:\/\/uninavarra.edu.co\/ciina\/editorial-uninavarra\/"},{"@type":"ListItem","position":4,"name":"Libros","item":"https:\/\/uninavarra.edu.co\/ciina\/editorial-uninavarra\/libros\/"},{"@type":"ListItem","position":5,"name":"Estrategias educativas y experiencias de la Red de Ni\u00f1os Observadores de Aves del Huila"}]},{"@type":"WebSite","@id":"https:\/\/uninavarra.edu.co\/#website","url":"https:\/\/uninavarra.edu.co\/","name":"UNINAVARRA","description":"Make your desire to learn a reality","publisher":{"@id":"https:\/\/uninavarra.edu.co\/#organization"},"potentialAction":[{"@type":"SearchAction","target":{"@type":"EntryPoint","urlTemplate":"https:\/\/uninavarra.edu.co\/?s={search_term_string}"},"query-input":{"@type":"PropertyValueSpecification","valueRequired":true,"valueName":"search_term_string"}}],"inLanguage":"en-US"},{"@type":"Organization","@id":"https:\/\/uninavarra.edu.co\/#organization","name":"Navarre University Foundation - UNINAVARRA","url":"https:\/\/uninavarra.edu.co\/","logo":{"@type":"ImageObject","inLanguage":"en-US","@id":"https:\/\/uninavarra.edu.co\/#\/schema\/logo\/image\/","url":"https:\/\/uninavarra.edu.co\/wp-content\/uploads\/2024\/06\/Escudo-uninavarra-Solo.png","contentUrl":"https:\/\/uninavarra.edu.co\/wp-content\/uploads\/2024\/06\/Escudo-uninavarra-Solo.png","width":1500,"height":1401,"caption":"Fundaci\u00f3n Universitaria Navarra - UNINAVARRA"},"image":{"@id":"https:\/\/uninavarra.edu.co\/#\/schema\/logo\/image\/"},"sameAs":["https:\/\/www.facebook.com\/UninavarraEduca","https:\/\/x.com\/uninavarraeduca","https:\/\/www.instagram.com\/uninavarra\/?hl=es","https:\/\/www.linkedin.com\/in\/fundacin-universitaria-navarra-uninavarra-b41225222\/"]}]}},"_links":{"self":[{"href":"https:\/\/uninavarra.edu.co\/en\/wp-json\/wp\/v2\/pages\/83392","targetHints":{"allow":["GET"]}}],"collection":[{"href":"https:\/\/uninavarra.edu.co\/en\/wp-json\/wp\/v2\/pages"}],"about":[{"href":"https:\/\/uninavarra.edu.co\/en\/wp-json\/wp\/v2\/types\/page"}],"author":[{"embeddable":true,"href":"https:\/\/uninavarra.edu.co\/en\/wp-json\/wp\/v2\/users\/13"}],"replies":[{"embeddable":true,"href":"https:\/\/uninavarra.edu.co\/en\/wp-json\/wp\/v2\/comments?post=83392"}],"version-history":[{"count":0,"href":"https:\/\/uninavarra.edu.co\/en\/wp-json\/wp\/v2\/pages\/83392\/revisions"}],"up":[{"embeddable":true,"href":"https:\/\/uninavarra.edu.co\/en\/wp-json\/wp\/v2\/pages\/31344"}],"wp:attachment":[{"href":"https:\/\/uninavarra.edu.co\/en\/wp-json\/wp\/v2\/media?parent=83392"}],"wp:term":[{"taxonomy":"category","embeddable":true,"href":"https:\/\/uninavarra.edu.co\/en\/wp-json\/wp\/v2\/categories?post=83392"},{"taxonomy":"post_tag","embeddable":true,"href":"https:\/\/uninavarra.edu.co\/en\/wp-json\/wp\/v2\/tags?post=83392"}],"curies":[{"name":"wp","href":"https:\/\/api.w.org\/{rel}","templated":true}]}}