{"id":833,"date":"2016-01-21T15:40:43","date_gmt":"2016-01-21T20:40:43","guid":{"rendered":"https:\/\/uninavarra.edu.co\/?page_id=833"},"modified":"2021-08-09T11:42:14","modified_gmt":"2021-08-09T16:42:14","slug":"personero-municipal-palestina","status":"publish","type":"page","link":"https:\/\/uninavarra.edu.co\/en\/personero-municipal-palestina\/","title":{"rendered":"Election of Municipal Personero - Palestina"},"content":{"rendered":"<div class=\"wpb-content-wrapper\"><div class=\"wpb-container\"><div class=\"container\"><div class=\"vc_row wpb_row vc_row-fluid row\"><div class=\"col-sm-6  vc_\">\n\t\t<div class=\"wpb_wrapper\">\n\t\t\t\n\t<div class=\"wpb_text_column wpb_content_element\" >\n\t\t<div class=\"wpb_wrapper\">\n\t\t\t<div style=\"text-align: center;\">\n<p><img decoding=\"async\" class=\"alignnone size-full wp-image-852\" src=\"https:\/\/uninavarra.edu.co\/wp-content\/uploads\/2016\/01\/convocatorias.png\" alt=\"convocatorias\" width=\"441\" height=\"99\" srcset=\"https:\/\/uninavarra.edu.co\/wp-content\/uploads\/2016\/01\/convocatorias.png 441w, https:\/\/uninavarra.edu.co\/wp-content\/uploads\/2016\/01\/convocatorias-150x34.png 150w, https:\/\/uninavarra.edu.co\/wp-content\/uploads\/2016\/01\/convocatorias-300x67.png 300w\" sizes=\"(max-width: 441px) 100vw, 441px\" \/><\/p>\n<p><img fetchpriority=\"high\" decoding=\"async\" class=\"alignnone size-full wp-image-851\" src=\"https:\/\/uninavarra.edu.co\/wp-content\/uploads\/2016\/01\/palestina.jpg\" alt=\"palestina\" width=\"300\" height=\"368\" srcset=\"https:\/\/uninavarra.edu.co\/wp-content\/uploads\/2016\/01\/palestina.jpg 300w, https:\/\/uninavarra.edu.co\/wp-content\/uploads\/2016\/01\/palestina-122x150.jpg 122w, https:\/\/uninavarra.edu.co\/wp-content\/uploads\/2016\/01\/palestina-245x300.jpg 245w\" sizes=\"(max-width: 300px) 100vw, 300px\" \/><\/p>\n<div class=\"\"><a href=\"https:\/\/uninavarra.edu.co\/wp-content\/uploads\/2016\/01\/CONVOCATORIA394.pdf\" target=\"_self\" class=\"emd_dl_uninavarra1\" download>Download Now<\/a><\/div>    <style>            \r\n    .emd_dl_uninavarra1 {\r\n        -moz-box-shadow:inset 0px 1px 0px 0px #f5978e;\r\n        -webkit-box-shadow:inset 0px 1px 0px 0px #f5978e;\r\n        box-shadow:inset 0px 1px 0px 0px #f5978e;\r\n        background:-webkit-gradient( linear, left top, left bottom, color-stop(0.05, #f24537), color-stop(1, #c62d1f) );\r\n        background:-moz-linear-gradient( center top, #f24537 5%, #c62d1f 100% );\r\n        filter:progid:DXImageTransform.Microsoft.gradient(startColorstr='#f24537', endColorstr='#c62d1f');\r\n        background-color:#f24537;\r\n        -webkit-border-top-left-radius:0px;\r\n        -moz-border-radius-topleft:0px;\r\n        border-top-left-radius:0px;\r\n        -webkit-border-top-right-radius:0px;\r\n        -moz-border-radius-topright:0px;\r\n        border-top-right-radius:0px;\r\n        -webkit-border-bottom-right-radius:0px;\r\n        -moz-border-radius-bottomright:0px;\r\n        border-bottom-right-radius:0px;\r\n        -webkit-border-bottom-left-radius:0px;\r\n        -moz-border-radius-bottomleft:0px;\r\n        border-bottom-left-radius:0px;\r\n        text-indent:0;\r\n        border:1px solid #d02718;\r\n        display:inline-block;\r\n        color:#ffffff !important;\r\n        font-family:Georgia;\r\n        font-size:15px;\r\n        font-weight:bold;\r\n        font-style:normal;\r\n        height:41px;\r\n        line-height:41px;\r\n        width:153px;\r\n        text-decoration:none;\r\n        text-align:center;\r\n        text-shadow:1px 1px 0px #810e05;\r\n    }\r\n    .emd_dl_uninavarra1:hover {\r\n        background:-webkit-gradient( linear, left top, left bottom, color-stop(0.05, #c62d1f), color-stop(1, #f24537) );\r\n        background:-moz-linear-gradient( center top, #c62d1f 5%, #f24537 100% );\r\n        filter:progid:DXImageTransform.Microsoft.gradient(startColorstr='#c62d1f', endColorstr='#f24537');\r\n        background-color:#c62d1f;\r\n    }.emd_dl_uninavarra1:active {\r\n        position:relative;\r\n        top:1px;\r\n    }<\/style><\/div>\n\n\t\t<\/div>\n\t<\/div>\n\n\t<div class=\"wpb_text_column wpb_content_element\" >\n\t\t<div class=\"wpb_wrapper\">\n\t\t\t<ul class=\"icon\">\n<li><a href=\"https:\/\/uninavarra.edu.co\/wp-content\/uploads\/2016\/02\/LISTADO-DE-ADMITIDOS-Y-NO-ADMITIDOS-PERSONER\u00cdA-PALESTINA.pdf\">LIST OF ADMITTED AND NON-ADMITTED MEMBERS OF THE PALESTINIAN STAFF<\/a><\/li>\n<\/ul>\n\n\t\t<\/div>\n\t<\/div>\n\n\t<div class=\"wpb_text_column wpb_content_element\" >\n\t\t<div class=\"wpb_wrapper\">\n\t\t\t<ul class=\"icon\">\n<li><a href=\"https:\/\/uninavarra.edu.co\/wp-content\/uploads\/2016\/02\/LISTADO-DEFINITIVO-DE-ADMITIDOS-Y-NO-ADMITIDOS-PALESTINA.pdf\" target=\"_blank\" rel=\"noopener\">FINAL LIST OF ADMITTED AND NON-ADMITTED STUDENTS PALESTINE<\/a><\/li>\n<li><a href=\"https:\/\/uninavarra.edu.co\/wp-content\/uploads\/2016\/02\/RESPUESTA-RECLAMACI\u00d3N-MUNICIPIO-DE-PALESTINA.pdf\" target=\"_blank\" rel=\"noopener\">RESPONSE TO CLAIM FROM THE MUNICIPALITY OF PALESTINE<\/a><\/li>\n<li><a href=\"https:\/\/uninavarra.edu.co\/wp-content\/uploads\/2016\/02\/CITACION-A-PRUEBAS-PERSONER\u00cdAS.pdf\">SUMMONS FOR TESTS<\/a><\/li>\n<li><a href=\"https:\/\/uninavarra.edu.co\/wp-content\/uploads\/2016\/02\/CONCEJO-2.pdf\" target=\"_blank\" rel=\"noopener\">EXPLANATORY NOTE CALL FOR APPLICATIONS<\/a><\/li>\n<li><a href=\"https:\/\/uninavarra.edu.co\/wp-content\/uploads\/2016\/02\/ACTA-DE-RESPUESTA-A-LAS-RECLAMACIONES-VALORACI\u00d3N-HOJA-DE-VIDA.pdf\" target=\"_blank\" rel=\"noopener\">Record of Response to Complaints against the Results of the Resume Evaluation and its Annexes.<\/a><\/li>\n<li><a href=\"https:\/\/uninavarra.edu.co\/wp-content\/uploads\/2016\/02\/img001.jpg\" target=\"_blank\" rel=\"noopener\">Summons to Interview Public Merit-based Public Contest for the election of Municipal Personero (a)<\/a><\/li>\n<li><a href=\"https:\/\/uninavarra.edu.co\/wp-content\/uploads\/2016\/02\/ACTA-CONCEJO.pdf\" target=\"_blank\" rel=\"noopener\">Results 100% Merit-based competition for the election of Municipal Personero(a).<\/a><\/li>\n<\/ul>\n\n\t\t<\/div>\n\t<\/div>\n\n\t\t<\/div> \n\t<\/div><\/div><\/div><\/div>\n<\/div>","protected":false},"excerpt":{"rendered":"Download Now LISTADO DE ADMITIDOS Y NO ADMITIDOS PERSONER\u00cdA PALESTINA LISTADO DEFINITIVO DE ADMITIDOS Y NO ADMITIDOS PALESTINA RESPUESTA RECLAMACI\u00d3N MUNICIPIO DE PALESTINA CITACI\u00d3N A PRUEBAS NOTA ACLARATORIA CONVOCATORIA Acta [...]","protected":false},"author":165,"featured_media":0,"parent":0,"menu_order":0,"comment_status":"closed","ping_status":"closed","template":"","meta":{"footnotes":""},"categories":[1],"tags":[],"class_list":["post-833","page","type-page","status-publish","hentry","category-uncategorized"],"yoast_head":"<!-- This site is optimized with the Yoast SEO plugin v27.4 - https:\/\/yoast.com\/product\/yoast-seo-wordpress\/ -->\n<title>Elecci\u00f3n Personero Municipal - Palestina - Uninavarra<\/title>\n<meta name=\"robots\" content=\"index, follow, max-snippet:-1, max-image-preview:large, max-video-preview:-1\" \/>\n<link rel=\"canonical\" href=\"https:\/\/uninavarra.edu.co\/en\/personero-municipal-palestina\/\" \/>\n<meta property=\"og:locale\" content=\"en_US\" \/>\n<meta property=\"og:type\" content=\"article\" \/>\n<meta property=\"og:title\" content=\"Elecci\u00f3n Personero Municipal - Palestina - Uninavarra\" \/>\n<meta property=\"og:url\" content=\"https:\/\/uninavarra.edu.co\/en\/personero-municipal-palestina\/\" \/>\n<meta property=\"og:site_name\" content=\"Uninavarra\" \/>\n<meta property=\"article:publisher\" content=\"https:\/\/www.facebook.com\/UninavarraEduca\" \/>\n<meta property=\"article:modified_time\" content=\"2021-08-09T16:42:14+00:00\" \/>\n<meta property=\"og:image\" content=\"https:\/\/uninavarra.edu.co\/wp-content\/uploads\/2016\/01\/convocatorias.png\" \/>\n<meta name=\"twitter:card\" content=\"summary_large_image\" \/>\n<meta name=\"twitter:site\" content=\"@uninavarraeduca\" \/>\n<meta name=\"twitter:label1\" content=\"Est. reading time\" \/>\n\t<meta name=\"twitter:data1\" content=\"1 minute\" \/>\n<script type=\"application\/ld+json\" class=\"yoast-schema-graph\">{\"@context\":\"https:\\\/\\\/schema.org\",\"@graph\":[{\"@type\":\"WebPage\",\"@id\":\"https:\\\/\\\/uninavarra.edu.co\\\/personero-municipal-palestina\\\/\",\"url\":\"https:\\\/\\\/uninavarra.edu.co\\\/personero-municipal-palestina\\\/\",\"name\":\"Elecci\u00f3n Personero Municipal - Palestina - Uninavarra\",\"isPartOf\":{\"@id\":\"https:\\\/\\\/uninavarra.edu.co\\\/#website\"},\"primaryImageOfPage\":{\"@id\":\"https:\\\/\\\/uninavarra.edu.co\\\/personero-municipal-palestina\\\/#primaryimage\"},\"image\":{\"@id\":\"https:\\\/\\\/uninavarra.edu.co\\\/personero-municipal-palestina\\\/#primaryimage\"},\"thumbnailUrl\":\"https:\\\/\\\/uninavarra.edu.co\\\/wp-content\\\/uploads\\\/2016\\\/01\\\/convocatorias.png\",\"datePublished\":\"2016-01-21T20:40:43+00:00\",\"dateModified\":\"2021-08-09T16:42:14+00:00\",\"breadcrumb\":{\"@id\":\"https:\\\/\\\/uninavarra.edu.co\\\/personero-municipal-palestina\\\/#breadcrumb\"},\"inLanguage\":\"en-US\",\"potentialAction\":[{\"@type\":\"ReadAction\",\"target\":[\"https:\\\/\\\/uninavarra.edu.co\\\/personero-municipal-palestina\\\/\"]}]},{\"@type\":\"ImageObject\",\"inLanguage\":\"en-US\",\"@id\":\"https:\\\/\\\/uninavarra.edu.co\\\/personero-municipal-palestina\\\/#primaryimage\",\"url\":\"https:\\\/\\\/uninavarra.edu.co\\\/wp-content\\\/uploads\\\/2016\\\/01\\\/convocatorias.png\",\"contentUrl\":\"https:\\\/\\\/uninavarra.edu.co\\\/wp-content\\\/uploads\\\/2016\\\/01\\\/convocatorias.png\"},{\"@type\":\"BreadcrumbList\",\"@id\":\"https:\\\/\\\/uninavarra.edu.co\\\/personero-municipal-palestina\\\/#breadcrumb\",\"itemListElement\":[{\"@type\":\"ListItem\",\"position\":1,\"name\":\"Home\",\"item\":\"https:\\\/\\\/uninavarra.edu.co\\\/\"},{\"@type\":\"ListItem\",\"position\":2,\"name\":\"Elecci\u00f3n Personero Municipal &#8211; Palestina\"}]},{\"@type\":\"WebSite\",\"@id\":\"https:\\\/\\\/uninavarra.edu.co\\\/#website\",\"url\":\"https:\\\/\\\/uninavarra.edu.co\\\/\",\"name\":\"UNINAVARRA\",\"description\":\"Haz realidad tu deseo de aprender\",\"publisher\":{\"@id\":\"https:\\\/\\\/uninavarra.edu.co\\\/#organization\"},\"potentialAction\":[{\"@type\":\"SearchAction\",\"target\":{\"@type\":\"EntryPoint\",\"urlTemplate\":\"https:\\\/\\\/uninavarra.edu.co\\\/?s={search_term_string}\"},\"query-input\":{\"@type\":\"PropertyValueSpecification\",\"valueRequired\":true,\"valueName\":\"search_term_string\"}}],\"inLanguage\":\"en-US\"},{\"@type\":\"Organization\",\"@id\":\"https:\\\/\\\/uninavarra.edu.co\\\/#organization\",\"name\":\"Fundaci\u00f3n Universitaria Navarra - UNINAVARRA\",\"url\":\"https:\\\/\\\/uninavarra.edu.co\\\/\",\"logo\":{\"@type\":\"ImageObject\",\"inLanguage\":\"en-US\",\"@id\":\"https:\\\/\\\/uninavarra.edu.co\\\/#\\\/schema\\\/logo\\\/image\\\/\",\"url\":\"https:\\\/\\\/uninavarra.edu.co\\\/wp-content\\\/uploads\\\/2024\\\/06\\\/Escudo-uninavarra-Solo.png\",\"contentUrl\":\"https:\\\/\\\/uninavarra.edu.co\\\/wp-content\\\/uploads\\\/2024\\\/06\\\/Escudo-uninavarra-Solo.png\",\"width\":1500,\"height\":1401,\"caption\":\"Fundaci\u00f3n Universitaria Navarra - UNINAVARRA\"},\"image\":{\"@id\":\"https:\\\/\\\/uninavarra.edu.co\\\/#\\\/schema\\\/logo\\\/image\\\/\"},\"sameAs\":[\"https:\\\/\\\/www.facebook.com\\\/UninavarraEduca\",\"https:\\\/\\\/x.com\\\/uninavarraeduca\",\"https:\\\/\\\/www.instagram.com\\\/uninavarra\\\/?hl=es\",\"https:\\\/\\\/www.linkedin.com\\\/in\\\/fundacin-universitaria-navarra-uninavarra-b41225222\\\/\"]}]}<\/script>\n<!-- \/ Yoast SEO plugin. -->","yoast_head_json":{"title":"Elecci\u00f3n Personero Municipal - Palestina - Uninavarra","robots":{"index":"index","follow":"follow","max-snippet":"max-snippet:-1","max-image-preview":"max-image-preview:large","max-video-preview":"max-video-preview:-1"},"canonical":"https:\/\/uninavarra.edu.co\/en\/personero-municipal-palestina\/","og_locale":"en_US","og_type":"article","og_title":"Elecci\u00f3n Personero Municipal - Palestina - Uninavarra","og_url":"https:\/\/uninavarra.edu.co\/en\/personero-municipal-palestina\/","og_site_name":"Uninavarra","article_publisher":"https:\/\/www.facebook.com\/UninavarraEduca","article_modified_time":"2021-08-09T16:42:14+00:00","og_image":[{"url":"https:\/\/uninavarra.edu.co\/wp-content\/uploads\/2016\/01\/convocatorias.png","type":"","width":"","height":""}],"twitter_card":"summary_large_image","twitter_site":"@uninavarraeduca","twitter_misc":{"Est. reading time":"1 minute"},"schema":{"@context":"https:\/\/schema.org","@graph":[{"@type":"WebPage","@id":"https:\/\/uninavarra.edu.co\/personero-municipal-palestina\/","url":"https:\/\/uninavarra.edu.co\/personero-municipal-palestina\/","name":"Elecci\u00f3n Personero Municipal - Palestina - Uninavarra","isPartOf":{"@id":"https:\/\/uninavarra.edu.co\/#website"},"primaryImageOfPage":{"@id":"https:\/\/uninavarra.edu.co\/personero-municipal-palestina\/#primaryimage"},"image":{"@id":"https:\/\/uninavarra.edu.co\/personero-municipal-palestina\/#primaryimage"},"thumbnailUrl":"https:\/\/uninavarra.edu.co\/wp-content\/uploads\/2016\/01\/convocatorias.png","datePublished":"2016-01-21T20:40:43+00:00","dateModified":"2021-08-09T16:42:14+00:00","breadcrumb":{"@id":"https:\/\/uninavarra.edu.co\/personero-municipal-palestina\/#breadcrumb"},"inLanguage":"en-US","potentialAction":[{"@type":"ReadAction","target":["https:\/\/uninavarra.edu.co\/personero-municipal-palestina\/"]}]},{"@type":"ImageObject","inLanguage":"en-US","@id":"https:\/\/uninavarra.edu.co\/personero-municipal-palestina\/#primaryimage","url":"https:\/\/uninavarra.edu.co\/wp-content\/uploads\/2016\/01\/convocatorias.png","contentUrl":"https:\/\/uninavarra.edu.co\/wp-content\/uploads\/2016\/01\/convocatorias.png"},{"@type":"BreadcrumbList","@id":"https:\/\/uninavarra.edu.co\/personero-municipal-palestina\/#breadcrumb","itemListElement":[{"@type":"ListItem","position":1,"name":"Home","item":"https:\/\/uninavarra.edu.co\/"},{"@type":"ListItem","position":2,"name":"Elecci\u00f3n Personero Municipal &#8211; Palestina"}]},{"@type":"WebSite","@id":"https:\/\/uninavarra.edu.co\/#website","url":"https:\/\/uninavarra.edu.co\/","name":"UNINAVARRA","description":"Make your desire to learn a reality","publisher":{"@id":"https:\/\/uninavarra.edu.co\/#organization"},"potentialAction":[{"@type":"SearchAction","target":{"@type":"EntryPoint","urlTemplate":"https:\/\/uninavarra.edu.co\/?s={search_term_string}"},"query-input":{"@type":"PropertyValueSpecification","valueRequired":true,"valueName":"search_term_string"}}],"inLanguage":"en-US"},{"@type":"Organization","@id":"https:\/\/uninavarra.edu.co\/#organization","name":"Navarre University Foundation - UNINAVARRA","url":"https:\/\/uninavarra.edu.co\/","logo":{"@type":"ImageObject","inLanguage":"en-US","@id":"https:\/\/uninavarra.edu.co\/#\/schema\/logo\/image\/","url":"https:\/\/uninavarra.edu.co\/wp-content\/uploads\/2024\/06\/Escudo-uninavarra-Solo.png","contentUrl":"https:\/\/uninavarra.edu.co\/wp-content\/uploads\/2024\/06\/Escudo-uninavarra-Solo.png","width":1500,"height":1401,"caption":"Fundaci\u00f3n Universitaria Navarra - UNINAVARRA"},"image":{"@id":"https:\/\/uninavarra.edu.co\/#\/schema\/logo\/image\/"},"sameAs":["https:\/\/www.facebook.com\/UninavarraEduca","https:\/\/x.com\/uninavarraeduca","https:\/\/www.instagram.com\/uninavarra\/?hl=es","https:\/\/www.linkedin.com\/in\/fundacin-universitaria-navarra-uninavarra-b41225222\/"]}]}},"_links":{"self":[{"href":"https:\/\/uninavarra.edu.co\/en\/wp-json\/wp\/v2\/pages\/833","targetHints":{"allow":["GET"]}}],"collection":[{"href":"https:\/\/uninavarra.edu.co\/en\/wp-json\/wp\/v2\/pages"}],"about":[{"href":"https:\/\/uninavarra.edu.co\/en\/wp-json\/wp\/v2\/types\/page"}],"author":[{"embeddable":true,"href":"https:\/\/uninavarra.edu.co\/en\/wp-json\/wp\/v2\/users\/165"}],"replies":[{"embeddable":true,"href":"https:\/\/uninavarra.edu.co\/en\/wp-json\/wp\/v2\/comments?post=833"}],"version-history":[{"count":0,"href":"https:\/\/uninavarra.edu.co\/en\/wp-json\/wp\/v2\/pages\/833\/revisions"}],"wp:attachment":[{"href":"https:\/\/uninavarra.edu.co\/en\/wp-json\/wp\/v2\/media?parent=833"}],"wp:term":[{"taxonomy":"category","embeddable":true,"href":"https:\/\/uninavarra.edu.co\/en\/wp-json\/wp\/v2\/categories?post=833"},{"taxonomy":"post_tag","embeddable":true,"href":"https:\/\/uninavarra.edu.co\/en\/wp-json\/wp\/v2\/tags?post=833"}],"curies":[{"name":"wp","href":"https:\/\/api.w.org\/{rel}","templated":true}]}}