{"id":82627,"date":"2024-10-23T11:41:52","date_gmt":"2024-10-23T16:41:52","guid":{"rendered":"https:\/\/uninavarra.edu.co\/?page_id=82627"},"modified":"2024-12-02T08:38:07","modified_gmt":"2024-12-02T13:38:07","slug":"regulacion-uso-cookies","status":"publish","type":"page","link":"https:\/\/uninavarra.edu.co\/en\/regulacion-uso-cookies\/","title":{"rendered":"REGULATION OF THE USE OF COOKIES BY THE NAVARRA UNIVERSITY FOUNDATION - UNINAVARRA"},"content":{"rendered":"<div class=\"wpb-content-wrapper\"><div class=\"wpb-container vc_custom_1733146677093\"><div class=\"container\"><div class=\"vc_row wpb_row vc_row-fluid row\"><div class=\"col-sm-2  vc_\">\n\t\t<div class=\"wpb_wrapper\">\n\t\t\t\n\t\t<\/div> \n\t<\/div><div class=\"col-sm-8  vc_\">\n\t\t<div class=\"wpb_wrapper  vc_custom_1729710163792\">\n\t\t\t<div class=\"wpb_single_image wpb_content_element vc_align_center\">\n\t\t<div class=\"wpb_wrapper\">\n\t\t\t\n\t\t\t<a href=\"#\" target=\"_self\"><img loading=\"lazy\" decoding=\"async\" class=\"vc_box_border_grey\" src=\"https:\/\/uninavarra.edu.co\/wp-content\/uploads\/2024\/06\/Escudo-uninavarra-Nuevo-270x270.png\" width=\"270\" height=\"270\" alt=\"Escudo-uninavarra-Nuevo\" title=\"Escudo-uninavarra-Nuevo\" \/><\/a>\n\t\t<\/div> \n\t<\/div><div class=\"vc_empty_space\"   style=\"height: 32px\"><span class=\"vc_empty_space_inner\"><\/span><\/div>\n\t<div class=\"wpb_text_column wpb_content_element\" >\n\t\t<div class=\"wpb_wrapper\">\n\t\t\t<p>Fundaci\u00f3n Universitaria Navarra - UNINAVARRA, located in Neiva, Huila, Colombia, is a private non-profit university institution, which is committed to guarantee the protection of its users' personal data and to comply with the Personal Data Protection Law (Law 1581 of 2012).<\/p>\n<h3><span style=\"color: #e30613;\">1. What is a Cookie?<\/span><\/h3>\n<p>Cookies are small files that are downloaded to users' devices when browsing our website. These cookies allow us to improve the functionality and browsing experience by remembering preferences, automatically logging in and collecting information about site usage.<\/p>\n<h3><span style=\"color: #e30613;\">2. How are Cookies obtained?<\/span><\/h3>\n<p>When visiting our website, a cookie may be stored on the user's device, which helps us to learn about your browsing habits and the pages you have visited on our site.<\/p>\n<h3><span style=\"color: #e30613;\">3. What data do we not collect from Cookies?<\/span><\/h3>\n<p>Cookies do not identify individuals, only the associated devices. They do not contain contact information, location, financial data or emails.<\/p>\n<h3><span style=\"color: #e30613;\">4. How do we use Cookies?<\/span><\/h3>\n<p>We use essential cookies to:<\/p>\n<ul>\n<li>Improve the functionality of the website.<\/li>\n<li>Facilitate navigation.<\/li>\n<li>Generate statistics about the use of our site.<\/li>\n<li>Identify the most visited sections.<\/li>\n<\/ul>\n<h3><span style=\"color: #e30613;\">5. Authorization<\/span><\/h3>\n<p>By accessing our website, the user authorizes the use of essential cookies in accordance with this regulation, since they are necessary for the basic functionality of the website.<\/p>\n<p>Likewise, change the name of COOKIES USE POLICY to COOKIES USE REGULATION.<\/p>\n<h3><span style=\"color: #e30613;\">6. Where are Cookies stored?<\/span><\/h3>\n<p>Cookies are stored on the user's device, and their duration will depend on the type of cookie used.<\/p>\n<h3><span style=\"color: #e30613;\">7. How do I delete Cookies?<\/span><\/h3>\n<p>Users can delete cookies from their devices by following the instructions of their browser (Google Chrome, Firefox, Safari, etc.), or by browsing in incognito mode.<\/p>\n<h3><span style=\"color: #e30613;\">8. Rights of the holders of personal data<\/span><\/h3>\n<p>According to Law 1581 of 2012, data subjects have rights that include:<\/p>\n<ul>\n<li>Know and rectify your personal data.<\/li>\n<li>Request proof of the authorization granted.<\/li>\n<li>Be informed about the use of their data.<\/li>\n<li>File complaints before the Superintendence of Industry and Commerce.<\/li>\n<li>To revoke the authorization and request the deletion of data.<\/li>\n<\/ul>\n<h3><span style=\"color: #e30613;\">9. Communication channels<\/span><\/h3>\n<p>Users can submit requests through our website:<\/p>\n<ul>\n<li>For PQR: <a href=\"https:\/\/uninavarra.edu.co\/pqr\/\" target=\"_new\" rel=\"noopener\">Send request<\/a><\/li>\n<li>For appointment scheduling: <a href=\"https:\/\/uninavarra.edu.co\/atencion-usuario\/#1671549226219-9ad80a93-d200\" target=\"_new\" rel=\"noopener\">Schedule an appointment<\/a><\/li>\n<li>For allegations of corruption: <a href=\"https:\/\/uninavarra.edu.co\/atencion-usuario\/#1671832849282-2712093d-6126\" target=\"_new\" rel=\"noopener\">Corruption Form<\/a><\/li>\n<\/ul>\n<p>In addition, you can contact us by mail: <a rel=\"noopener\">pqrs@uninavarra.edu.co<\/a>.<\/p>\n<h3><span style=\"color: #e30613;\">10. Contact Information<\/span><\/h3>\n<p><strong>University Foundation of Navarra - UNINAVARRA<\/strong><br \/>\nSNIES 9907<br \/>\nSupervised MINEDUCATION<br \/>\nNIT 900480042-2<br \/>\nNeiva, Huila, Colombia<br \/>\nTelephone numbers: (8) 874 0089 - 871 1199<br \/>\nHours of operation:<br \/>\nMonday to Friday: 7:00 a.m. - 12:00 m \/ 2:00 p.m. - 6:00 p.m.<br \/>\nSaturdays: 9:00 a.m. - 5:00 p.m.<\/p>\n<h3><span style=\"color: #e30613;\">11. Personal Data Processing Policy<\/span><\/h3>\n<p>For more information on how we treat personal data, please see our <a href=\"https:\/\/uninavarra.edu.co\/wp-content\/uploads\/2019\/09\/ACUERDO-002-Manual-de-Pol%C3%ADticas-para-el-Tratamiento-de-Datos-Personales.pdf\" target=\"_new\" rel=\"noopener\">Policy Manual for the Processing of Personal Data<\/a>.<\/p>\n\n\t\t<\/div>\n\t<\/div>\n\n\t\t<\/div> \n\t<\/div><div class=\"col-sm-2  vc_\">\n\t\t<div class=\"wpb_wrapper\">\n\t\t\t\n\t\t<\/div> \n\t<\/div><\/div><\/div><\/div>\n<\/div>","protected":false},"excerpt":{"rendered":"La Fundaci\u00f3n Universitaria Navarra \u2013 UNINAVARRA, ubicada en Neiva, Huila, Colombia, es una instituci\u00f3n universitaria privada sin \u00e1nimo de lucro, que se compromete a garantizar la protecci\u00f3n de los datos [...]","protected":false},"author":13,"featured_media":68058,"parent":0,"menu_order":0,"comment_status":"closed","ping_status":"closed","template":"","meta":{"footnotes":""},"categories":[],"tags":[],"class_list":["post-82627","page","type-page","status-publish","has-post-thumbnail","hentry"],"yoast_head":"<!-- This site is optimized with the Yoast SEO plugin v27.2 - https:\/\/yoast.com\/product\/yoast-seo-wordpress\/ -->\n<title>REGULACI\u00d3N DEL USO DE COOKIES DE LA FUNDACI\u00d3N UNIVERSITARIA NAVARRA \u2013 UNINAVARRA - Uninavarra<\/title>\n<meta name=\"robots\" content=\"index, follow, max-snippet:-1, max-image-preview:large, max-video-preview:-1\" \/>\n<link rel=\"canonical\" href=\"https:\/\/uninavarra.edu.co\/en\/regulacion-uso-cookies\/\" \/>\n<meta property=\"og:locale\" content=\"en_US\" \/>\n<meta property=\"og:type\" content=\"article\" \/>\n<meta property=\"og:title\" content=\"REGULACI\u00d3N DEL USO DE COOKIES DE LA FUNDACI\u00d3N UNIVERSITARIA NAVARRA \u2013 UNINAVARRA - Uninavarra\" \/>\n<meta property=\"og:url\" content=\"https:\/\/uninavarra.edu.co\/en\/regulacion-uso-cookies\/\" \/>\n<meta property=\"og:site_name\" content=\"Uninavarra\" \/>\n<meta property=\"article:publisher\" content=\"https:\/\/www.facebook.com\/UninavarraEduca\" \/>\n<meta property=\"article:modified_time\" content=\"2024-12-02T13:38:07+00:00\" \/>\n<meta property=\"og:image\" content=\"https:\/\/uninavarra.edu.co\/wp-content\/uploads\/2023\/12\/banner-generico.png\" \/>\n\t<meta property=\"og:image:width\" content=\"2480\" \/>\n\t<meta property=\"og:image:height\" content=\"276\" \/>\n\t<meta property=\"og:image:type\" content=\"image\/png\" \/>\n<meta name=\"twitter:card\" content=\"summary_large_image\" \/>\n<meta name=\"twitter:site\" content=\"@uninavarraeduca\" \/>\n<meta name=\"twitter:label1\" content=\"Est. reading time\" \/>\n\t<meta name=\"twitter:data1\" content=\"3 minutes\" \/>\n<script type=\"application\/ld+json\" class=\"yoast-schema-graph\">{\"@context\":\"https:\/\/schema.org\",\"@graph\":[{\"@type\":\"WebPage\",\"@id\":\"https:\/\/uninavarra.edu.co\/regulacion-uso-cookies\/\",\"url\":\"https:\/\/uninavarra.edu.co\/regulacion-uso-cookies\/\",\"name\":\"REGULACI\u00d3N DEL USO DE COOKIES DE LA FUNDACI\u00d3N UNIVERSITARIA NAVARRA \u2013 UNINAVARRA - Uninavarra\",\"isPartOf\":{\"@id\":\"https:\/\/uninavarra.edu.co\/#website\"},\"primaryImageOfPage\":{\"@id\":\"https:\/\/uninavarra.edu.co\/regulacion-uso-cookies\/#primaryimage\"},\"image\":{\"@id\":\"https:\/\/uninavarra.edu.co\/regulacion-uso-cookies\/#primaryimage\"},\"thumbnailUrl\":\"https:\/\/uninavarra.edu.co\/wp-content\/uploads\/2023\/12\/banner-generico.png\",\"datePublished\":\"2024-10-23T16:41:52+00:00\",\"dateModified\":\"2024-12-02T13:38:07+00:00\",\"breadcrumb\":{\"@id\":\"https:\/\/uninavarra.edu.co\/regulacion-uso-cookies\/#breadcrumb\"},\"inLanguage\":\"en-US\",\"potentialAction\":[{\"@type\":\"ReadAction\",\"target\":[\"https:\/\/uninavarra.edu.co\/regulacion-uso-cookies\/\"]}]},{\"@type\":\"ImageObject\",\"inLanguage\":\"en-US\",\"@id\":\"https:\/\/uninavarra.edu.co\/regulacion-uso-cookies\/#primaryimage\",\"url\":\"https:\/\/uninavarra.edu.co\/wp-content\/uploads\/2023\/12\/banner-generico.png\",\"contentUrl\":\"https:\/\/uninavarra.edu.co\/wp-content\/uploads\/2023\/12\/banner-generico.png\",\"width\":2480,\"height\":276,\"caption\":\"banner generico\"},{\"@type\":\"BreadcrumbList\",\"@id\":\"https:\/\/uninavarra.edu.co\/regulacion-uso-cookies\/#breadcrumb\",\"itemListElement\":[{\"@type\":\"ListItem\",\"position\":1,\"name\":\"Home\",\"item\":\"https:\/\/uninavarra.edu.co\/\"},{\"@type\":\"ListItem\",\"position\":2,\"name\":\"REGULACI\u00d3N DEL USO DE COOKIES DE LA FUNDACI\u00d3N UNIVERSITARIA NAVARRA \u2013 UNINAVARRA\"}]},{\"@type\":\"WebSite\",\"@id\":\"https:\/\/uninavarra.edu.co\/#website\",\"url\":\"https:\/\/uninavarra.edu.co\/\",\"name\":\"UNINAVARRA\",\"description\":\"Haz realidad tu deseo de aprender\",\"publisher\":{\"@id\":\"https:\/\/uninavarra.edu.co\/#organization\"},\"potentialAction\":[{\"@type\":\"SearchAction\",\"target\":{\"@type\":\"EntryPoint\",\"urlTemplate\":\"https:\/\/uninavarra.edu.co\/?s={search_term_string}\"},\"query-input\":{\"@type\":\"PropertyValueSpecification\",\"valueRequired\":true,\"valueName\":\"search_term_string\"}}],\"inLanguage\":\"en-US\"},{\"@type\":\"Organization\",\"@id\":\"https:\/\/uninavarra.edu.co\/#organization\",\"name\":\"Fundaci\u00f3n Universitaria Navarra - UNINAVARRA\",\"url\":\"https:\/\/uninavarra.edu.co\/\",\"logo\":{\"@type\":\"ImageObject\",\"inLanguage\":\"en-US\",\"@id\":\"https:\/\/uninavarra.edu.co\/#\/schema\/logo\/image\/\",\"url\":\"https:\/\/uninavarra.edu.co\/wp-content\/uploads\/2024\/06\/Escudo-uninavarra-Solo.png\",\"contentUrl\":\"https:\/\/uninavarra.edu.co\/wp-content\/uploads\/2024\/06\/Escudo-uninavarra-Solo.png\",\"width\":1500,\"height\":1401,\"caption\":\"Fundaci\u00f3n Universitaria Navarra - UNINAVARRA\"},\"image\":{\"@id\":\"https:\/\/uninavarra.edu.co\/#\/schema\/logo\/image\/\"},\"sameAs\":[\"https:\/\/www.facebook.com\/UninavarraEduca\",\"https:\/\/x.com\/uninavarraeduca\",\"https:\/\/www.instagram.com\/uninavarra\/?hl=es\",\"https:\/\/www.linkedin.com\/in\/fundacin-universitaria-navarra-uninavarra-b41225222\/\"]}]}<\/script>\n<!-- \/ Yoast SEO plugin. -->","yoast_head_json":{"title":"REGULACI\u00d3N DEL USO DE COOKIES DE LA FUNDACI\u00d3N UNIVERSITARIA NAVARRA \u2013 UNINAVARRA - Uninavarra","robots":{"index":"index","follow":"follow","max-snippet":"max-snippet:-1","max-image-preview":"max-image-preview:large","max-video-preview":"max-video-preview:-1"},"canonical":"https:\/\/uninavarra.edu.co\/en\/regulacion-uso-cookies\/","og_locale":"en_US","og_type":"article","og_title":"REGULACI\u00d3N DEL USO DE COOKIES DE LA FUNDACI\u00d3N UNIVERSITARIA NAVARRA \u2013 UNINAVARRA - Uninavarra","og_url":"https:\/\/uninavarra.edu.co\/en\/regulacion-uso-cookies\/","og_site_name":"Uninavarra","article_publisher":"https:\/\/www.facebook.com\/UninavarraEduca","article_modified_time":"2024-12-02T13:38:07+00:00","og_image":[{"width":2480,"height":276,"url":"https:\/\/uninavarra.edu.co\/wp-content\/uploads\/2023\/12\/banner-generico.png","type":"image\/png"}],"twitter_card":"summary_large_image","twitter_site":"@uninavarraeduca","twitter_misc":{"Est. reading time":"3 minutes"},"schema":{"@context":"https:\/\/schema.org","@graph":[{"@type":"WebPage","@id":"https:\/\/uninavarra.edu.co\/regulacion-uso-cookies\/","url":"https:\/\/uninavarra.edu.co\/regulacion-uso-cookies\/","name":"REGULACI\u00d3N DEL USO DE COOKIES DE LA FUNDACI\u00d3N UNIVERSITARIA NAVARRA \u2013 UNINAVARRA - Uninavarra","isPartOf":{"@id":"https:\/\/uninavarra.edu.co\/#website"},"primaryImageOfPage":{"@id":"https:\/\/uninavarra.edu.co\/regulacion-uso-cookies\/#primaryimage"},"image":{"@id":"https:\/\/uninavarra.edu.co\/regulacion-uso-cookies\/#primaryimage"},"thumbnailUrl":"https:\/\/uninavarra.edu.co\/wp-content\/uploads\/2023\/12\/banner-generico.png","datePublished":"2024-10-23T16:41:52+00:00","dateModified":"2024-12-02T13:38:07+00:00","breadcrumb":{"@id":"https:\/\/uninavarra.edu.co\/regulacion-uso-cookies\/#breadcrumb"},"inLanguage":"en-US","potentialAction":[{"@type":"ReadAction","target":["https:\/\/uninavarra.edu.co\/regulacion-uso-cookies\/"]}]},{"@type":"ImageObject","inLanguage":"en-US","@id":"https:\/\/uninavarra.edu.co\/regulacion-uso-cookies\/#primaryimage","url":"https:\/\/uninavarra.edu.co\/wp-content\/uploads\/2023\/12\/banner-generico.png","contentUrl":"https:\/\/uninavarra.edu.co\/wp-content\/uploads\/2023\/12\/banner-generico.png","width":2480,"height":276,"caption":"banner generico"},{"@type":"BreadcrumbList","@id":"https:\/\/uninavarra.edu.co\/regulacion-uso-cookies\/#breadcrumb","itemListElement":[{"@type":"ListItem","position":1,"name":"Home","item":"https:\/\/uninavarra.edu.co\/"},{"@type":"ListItem","position":2,"name":"REGULACI\u00d3N DEL USO DE COOKIES DE LA FUNDACI\u00d3N UNIVERSITARIA NAVARRA \u2013 UNINAVARRA"}]},{"@type":"WebSite","@id":"https:\/\/uninavarra.edu.co\/#website","url":"https:\/\/uninavarra.edu.co\/","name":"UNINAVARRA","description":"Make your desire to learn a reality","publisher":{"@id":"https:\/\/uninavarra.edu.co\/#organization"},"potentialAction":[{"@type":"SearchAction","target":{"@type":"EntryPoint","urlTemplate":"https:\/\/uninavarra.edu.co\/?s={search_term_string}"},"query-input":{"@type":"PropertyValueSpecification","valueRequired":true,"valueName":"search_term_string"}}],"inLanguage":"en-US"},{"@type":"Organization","@id":"https:\/\/uninavarra.edu.co\/#organization","name":"Navarre University Foundation - UNINAVARRA","url":"https:\/\/uninavarra.edu.co\/","logo":{"@type":"ImageObject","inLanguage":"en-US","@id":"https:\/\/uninavarra.edu.co\/#\/schema\/logo\/image\/","url":"https:\/\/uninavarra.edu.co\/wp-content\/uploads\/2024\/06\/Escudo-uninavarra-Solo.png","contentUrl":"https:\/\/uninavarra.edu.co\/wp-content\/uploads\/2024\/06\/Escudo-uninavarra-Solo.png","width":1500,"height":1401,"caption":"Fundaci\u00f3n Universitaria Navarra - UNINAVARRA"},"image":{"@id":"https:\/\/uninavarra.edu.co\/#\/schema\/logo\/image\/"},"sameAs":["https:\/\/www.facebook.com\/UninavarraEduca","https:\/\/x.com\/uninavarraeduca","https:\/\/www.instagram.com\/uninavarra\/?hl=es","https:\/\/www.linkedin.com\/in\/fundacin-universitaria-navarra-uninavarra-b41225222\/"]}]}},"_links":{"self":[{"href":"https:\/\/uninavarra.edu.co\/en\/wp-json\/wp\/v2\/pages\/82627","targetHints":{"allow":["GET"]}}],"collection":[{"href":"https:\/\/uninavarra.edu.co\/en\/wp-json\/wp\/v2\/pages"}],"about":[{"href":"https:\/\/uninavarra.edu.co\/en\/wp-json\/wp\/v2\/types\/page"}],"author":[{"embeddable":true,"href":"https:\/\/uninavarra.edu.co\/en\/wp-json\/wp\/v2\/users\/13"}],"replies":[{"embeddable":true,"href":"https:\/\/uninavarra.edu.co\/en\/wp-json\/wp\/v2\/comments?post=82627"}],"version-history":[{"count":0,"href":"https:\/\/uninavarra.edu.co\/en\/wp-json\/wp\/v2\/pages\/82627\/revisions"}],"wp:featuredmedia":[{"embeddable":true,"href":"https:\/\/uninavarra.edu.co\/en\/wp-json\/wp\/v2\/media\/68058"}],"wp:attachment":[{"href":"https:\/\/uninavarra.edu.co\/en\/wp-json\/wp\/v2\/media?parent=82627"}],"wp:term":[{"taxonomy":"category","embeddable":true,"href":"https:\/\/uninavarra.edu.co\/en\/wp-json\/wp\/v2\/categories?post=82627"},{"taxonomy":"post_tag","embeddable":true,"href":"https:\/\/uninavarra.edu.co\/en\/wp-json\/wp\/v2\/tags?post=82627"}],"curies":[{"name":"wp","href":"https:\/\/api.w.org\/{rel}","templated":true}]}}