{"id":81654,"date":"2024-10-09T11:25:24","date_gmt":"2024-10-09T16:25:24","guid":{"rendered":"https:\/\/uninavarra.edu.co\/?page_id=81654"},"modified":"2025-02-24T17:03:32","modified_gmt":"2025-02-24T22:03:32","slug":"responsabilidad-medica-estatal-infecciones-intrahospitalarias","status":"publish","type":"page","link":"https:\/\/uninavarra.edu.co\/en\/ciina\/editorial-uninavarra\/libros\/responsabilidad-medica-estatal-infecciones-intrahospitalarias\/","title":{"rendered":"State medical liability. Hospital-acquired infections"},"content":{"rendered":"<div class=\"wpb-content-wrapper\"><div class=\"wpb-container\"><div class=\"container\"><div class=\"vc_row wpb_row vc_row-fluid row\"><div class=\"col-sm-3  vc_\">\n\t\t<div class=\"wpb_wrapper\">\n\t\t\t<div class=\"wpb_single_image wpb_content_element vc_align_center\">\n\t\t<div class=\"wpb_wrapper\">\n\t\t\t\n\t\t\t<a href=\"https:\/\/uninavarra.edu.co\/wp-content\/uploads\/2024\/10\/Portada-Responsabilidad-Medica-1-1-cropped_page-0001.jpg\" target=\"_self\"><img fetchpriority=\"high\" decoding=\"async\" width=\"1092\" height=\"1417\" src=\"https:\/\/uninavarra.edu.co\/wp-content\/uploads\/2024\/10\/Portada-Responsabilidad-Medica-1-1-cropped_page-0001.jpg\" class=\"vc_box_border_grey attachment-full\" alt=\"Portada Responsabilidad M\u00e9dica (1) (1)-cropped_page-0001\" title=\"Home Medical Liability (1) (1)-cropped_page-0001\" srcset=\"https:\/\/uninavarra.edu.co\/wp-content\/uploads\/2024\/10\/Portada-Responsabilidad-Medica-1-1-cropped_page-0001.jpg 1092w, https:\/\/uninavarra.edu.co\/wp-content\/uploads\/2024\/10\/Portada-Responsabilidad-Medica-1-1-cropped_page-0001-231x300.jpg 231w, https:\/\/uninavarra.edu.co\/wp-content\/uploads\/2024\/10\/Portada-Responsabilidad-Medica-1-1-cropped_page-0001-789x1024.jpg 789w, https:\/\/uninavarra.edu.co\/wp-content\/uploads\/2024\/10\/Portada-Responsabilidad-Medica-1-1-cropped_page-0001-116x150.jpg 116w, https:\/\/uninavarra.edu.co\/wp-content\/uploads\/2024\/10\/Portada-Responsabilidad-Medica-1-1-cropped_page-0001-768x997.jpg 768w, https:\/\/uninavarra.edu.co\/wp-content\/uploads\/2024\/10\/Portada-Responsabilidad-Medica-1-1-cropped_page-0001-9x12.jpg 9w\" sizes=\"(max-width: 1092px) 100vw, 1092px\" \/><\/a>\n\t\t<\/div> \n\t<\/div>\n\t\t<\/div> \n\t<\/div><div class=\"col-sm-9  vc_\">\n\t\t<div class=\"wpb_wrapper\">\n\t\t\t\n\t<div class=\"wpb_text_column wpb_content_element\" >\n\t\t<div class=\"wpb_wrapper\">\n\t\t\t<p style=\"text-align: justify;\"><strong>Authors: <\/strong><span style=\"font-family: tahoma, sans-serif; font-size: large;\">N\u00e9stor Farid Montiel, <\/span><span style=\"font-family: tahoma, sans-serif; font-size: large;\">Thiago Andr\u00e9s Navarro \u00c1lvarez, Jaime Antonio Navarro Parra, Jos\u00e9 Daniel Charry Cuellar, Sandra Liliana Navarro Parra<\/span><\/p>\n<p style=\"text-align: justify;\"><span class=\"gmail_default\"><b>ISBN (2024):<\/b>\u00a0<\/span>978-628-98779-7-7<\/p>\n<p style=\"text-align: justify;\"><span class=\"gmail_default\"><b>eISBN (2023):<\/b>\u00a0<\/span>978-958-53898-4-7<\/p>\n<p style=\"text-align: justify;\"><strong>Price:<\/strong> $165.000<\/p>\n<p style=\"text-align: justify;\"><strong>Description:<\/strong> Medical liability is an issue that is becoming increasingly relevant in the field of liability for damages. Currently, there is an increase in the number of malpractice claims at different levels of care and in all types of health entities, whether public or private. This book aims to expose the different variables that should be taken into account from the field of law and medicine at the time of managing the risk derived from possible claims for damages caused by hospital-acquired infections.<br \/>\nIt is hoped that this text will be a contribution that will support different healthcare institutions in their decision making when managing medical-legal risk and, for lawyers, will serve as a reference text for litigation related to hospital-acquired infections.<\/p>\n<p class=\"comprar\" style=\"text-align: justify;\"><a href=\"https:\/\/uninavarra.edu.co\/wp-content\/uploads\/2025\/02\/Responsabilidad-Medica-Estatal-Tab-conten.pdf\">Table of Contents<\/a>\u00a0 \u00a0<a href=\"https:\/\/uninavarra.edu.co\/ciina\/editorial-uninavarra\/formadepago\/?amp%3Bpreview=true\">Buy<\/a><\/p>\n<h4 style=\"text-align: justify;\"><\/h4>\n\n\t\t<\/div>\n\t<\/div>\n\n\t\t<\/div> \n\t<\/div><\/div><\/div><\/div>\n<\/div>","protected":false},"excerpt":{"rendered":"Autores: N\u00e9stor Farid Montiel, Thiago Andr\u00e9s Navarro \u00c1lvarez, Jaime Antonio Navarro Parra, Jos\u00e9 Daniel Charry Cuellar, Sandra Liliana Navarro Parra ISBN (2024):\u00a0978-628-98779-7-7 eISBN (2023):\u00a0978-958-53898-4-7 Precio: $165.000 Descripci\u00f3n: La responsabilidad m\u00e9dica [...]","protected":false},"author":13,"featured_media":0,"parent":31344,"menu_order":0,"comment_status":"closed","ping_status":"closed","template":"","meta":{"footnotes":""},"categories":[1],"tags":[],"class_list":["post-81654","page","type-page","status-publish","hentry","category-uncategorized"],"yoast_head":"<!-- This site is optimized with the Yoast SEO plugin v27.4 - https:\/\/yoast.com\/product\/yoast-seo-wordpress\/ -->\n<title>Responsabilidad m\u00e9dica estatal. Infecciones intrahospitalarias - Uninavarra<\/title>\n<meta name=\"robots\" content=\"index, follow, max-snippet:-1, max-image-preview:large, max-video-preview:-1\" \/>\n<link rel=\"canonical\" href=\"https:\/\/uninavarra.edu.co\/en\/ciina\/editorial-uninavarra\/libros\/responsabilidad-medica-estatal-infecciones-intrahospitalarias\/\" \/>\n<meta property=\"og:locale\" content=\"en_US\" \/>\n<meta property=\"og:type\" content=\"article\" \/>\n<meta property=\"og:title\" content=\"Responsabilidad m\u00e9dica estatal. Infecciones intrahospitalarias - Uninavarra\" \/>\n<meta property=\"og:url\" content=\"https:\/\/uninavarra.edu.co\/en\/ciina\/editorial-uninavarra\/libros\/responsabilidad-medica-estatal-infecciones-intrahospitalarias\/\" \/>\n<meta property=\"og:site_name\" content=\"Uninavarra\" \/>\n<meta property=\"article:publisher\" content=\"https:\/\/www.facebook.com\/UninavarraEduca\" \/>\n<meta property=\"article:modified_time\" content=\"2025-02-24T22:03:32+00:00\" \/>\n<meta name=\"twitter:card\" content=\"summary_large_image\" \/>\n<meta name=\"twitter:site\" content=\"@uninavarraeduca\" \/>\n<meta name=\"twitter:label1\" content=\"Est. reading time\" \/>\n\t<meta name=\"twitter:data1\" content=\"1 minute\" \/>\n<script type=\"application\/ld+json\" class=\"yoast-schema-graph\">{\"@context\":\"https:\\\/\\\/schema.org\",\"@graph\":[{\"@type\":\"WebPage\",\"@id\":\"https:\\\/\\\/uninavarra.edu.co\\\/ciina\\\/editorial-uninavarra\\\/libros\\\/responsabilidad-medica-estatal-infecciones-intrahospitalarias\\\/\",\"url\":\"https:\\\/\\\/uninavarra.edu.co\\\/ciina\\\/editorial-uninavarra\\\/libros\\\/responsabilidad-medica-estatal-infecciones-intrahospitalarias\\\/\",\"name\":\"Responsabilidad m\u00e9dica estatal. Infecciones intrahospitalarias - Uninavarra\",\"isPartOf\":{\"@id\":\"https:\\\/\\\/uninavarra.edu.co\\\/#website\"},\"datePublished\":\"2024-10-09T16:25:24+00:00\",\"dateModified\":\"2025-02-24T22:03:32+00:00\",\"breadcrumb\":{\"@id\":\"https:\\\/\\\/uninavarra.edu.co\\\/ciina\\\/editorial-uninavarra\\\/libros\\\/responsabilidad-medica-estatal-infecciones-intrahospitalarias\\\/#breadcrumb\"},\"inLanguage\":\"en-US\",\"potentialAction\":[{\"@type\":\"ReadAction\",\"target\":[\"https:\\\/\\\/uninavarra.edu.co\\\/ciina\\\/editorial-uninavarra\\\/libros\\\/responsabilidad-medica-estatal-infecciones-intrahospitalarias\\\/\"]}]},{\"@type\":\"BreadcrumbList\",\"@id\":\"https:\\\/\\\/uninavarra.edu.co\\\/ciina\\\/editorial-uninavarra\\\/libros\\\/responsabilidad-medica-estatal-infecciones-intrahospitalarias\\\/#breadcrumb\",\"itemListElement\":[{\"@type\":\"ListItem\",\"position\":1,\"name\":\"Home\",\"item\":\"https:\\\/\\\/uninavarra.edu.co\\\/\"},{\"@type\":\"ListItem\",\"position\":2,\"name\":\"CIINA\",\"item\":\"https:\\\/\\\/uninavarra.edu.co\\\/ciina\\\/\"},{\"@type\":\"ListItem\",\"position\":3,\"name\":\"Editorial UNINAVARRA\",\"item\":\"https:\\\/\\\/uninavarra.edu.co\\\/ciina\\\/editorial-uninavarra\\\/\"},{\"@type\":\"ListItem\",\"position\":4,\"name\":\"Libros\",\"item\":\"https:\\\/\\\/uninavarra.edu.co\\\/ciina\\\/editorial-uninavarra\\\/libros\\\/\"},{\"@type\":\"ListItem\",\"position\":5,\"name\":\"Responsabilidad m\u00e9dica estatal. Infecciones intrahospitalarias\"}]},{\"@type\":\"WebSite\",\"@id\":\"https:\\\/\\\/uninavarra.edu.co\\\/#website\",\"url\":\"https:\\\/\\\/uninavarra.edu.co\\\/\",\"name\":\"UNINAVARRA\",\"description\":\"Haz realidad tu deseo de aprender\",\"publisher\":{\"@id\":\"https:\\\/\\\/uninavarra.edu.co\\\/#organization\"},\"potentialAction\":[{\"@type\":\"SearchAction\",\"target\":{\"@type\":\"EntryPoint\",\"urlTemplate\":\"https:\\\/\\\/uninavarra.edu.co\\\/?s={search_term_string}\"},\"query-input\":{\"@type\":\"PropertyValueSpecification\",\"valueRequired\":true,\"valueName\":\"search_term_string\"}}],\"inLanguage\":\"en-US\"},{\"@type\":\"Organization\",\"@id\":\"https:\\\/\\\/uninavarra.edu.co\\\/#organization\",\"name\":\"Fundaci\u00f3n Universitaria Navarra - UNINAVARRA\",\"url\":\"https:\\\/\\\/uninavarra.edu.co\\\/\",\"logo\":{\"@type\":\"ImageObject\",\"inLanguage\":\"en-US\",\"@id\":\"https:\\\/\\\/uninavarra.edu.co\\\/#\\\/schema\\\/logo\\\/image\\\/\",\"url\":\"https:\\\/\\\/uninavarra.edu.co\\\/wp-content\\\/uploads\\\/2024\\\/06\\\/Escudo-uninavarra-Solo.png\",\"contentUrl\":\"https:\\\/\\\/uninavarra.edu.co\\\/wp-content\\\/uploads\\\/2024\\\/06\\\/Escudo-uninavarra-Solo.png\",\"width\":1500,\"height\":1401,\"caption\":\"Fundaci\u00f3n Universitaria Navarra - UNINAVARRA\"},\"image\":{\"@id\":\"https:\\\/\\\/uninavarra.edu.co\\\/#\\\/schema\\\/logo\\\/image\\\/\"},\"sameAs\":[\"https:\\\/\\\/www.facebook.com\\\/UninavarraEduca\",\"https:\\\/\\\/x.com\\\/uninavarraeduca\",\"https:\\\/\\\/www.instagram.com\\\/uninavarra\\\/?hl=es\",\"https:\\\/\\\/www.linkedin.com\\\/in\\\/fundacin-universitaria-navarra-uninavarra-b41225222\\\/\"]}]}<\/script>\n<!-- \/ Yoast SEO plugin. -->","yoast_head_json":{"title":"Responsabilidad m\u00e9dica estatal. Infecciones intrahospitalarias - Uninavarra","robots":{"index":"index","follow":"follow","max-snippet":"max-snippet:-1","max-image-preview":"max-image-preview:large","max-video-preview":"max-video-preview:-1"},"canonical":"https:\/\/uninavarra.edu.co\/en\/ciina\/editorial-uninavarra\/libros\/responsabilidad-medica-estatal-infecciones-intrahospitalarias\/","og_locale":"en_US","og_type":"article","og_title":"Responsabilidad m\u00e9dica estatal. Infecciones intrahospitalarias - Uninavarra","og_url":"https:\/\/uninavarra.edu.co\/en\/ciina\/editorial-uninavarra\/libros\/responsabilidad-medica-estatal-infecciones-intrahospitalarias\/","og_site_name":"Uninavarra","article_publisher":"https:\/\/www.facebook.com\/UninavarraEduca","article_modified_time":"2025-02-24T22:03:32+00:00","twitter_card":"summary_large_image","twitter_site":"@uninavarraeduca","twitter_misc":{"Est. reading time":"1 minute"},"schema":{"@context":"https:\/\/schema.org","@graph":[{"@type":"WebPage","@id":"https:\/\/uninavarra.edu.co\/ciina\/editorial-uninavarra\/libros\/responsabilidad-medica-estatal-infecciones-intrahospitalarias\/","url":"https:\/\/uninavarra.edu.co\/ciina\/editorial-uninavarra\/libros\/responsabilidad-medica-estatal-infecciones-intrahospitalarias\/","name":"Responsabilidad m\u00e9dica estatal. Infecciones intrahospitalarias - Uninavarra","isPartOf":{"@id":"https:\/\/uninavarra.edu.co\/#website"},"datePublished":"2024-10-09T16:25:24+00:00","dateModified":"2025-02-24T22:03:32+00:00","breadcrumb":{"@id":"https:\/\/uninavarra.edu.co\/ciina\/editorial-uninavarra\/libros\/responsabilidad-medica-estatal-infecciones-intrahospitalarias\/#breadcrumb"},"inLanguage":"en-US","potentialAction":[{"@type":"ReadAction","target":["https:\/\/uninavarra.edu.co\/ciina\/editorial-uninavarra\/libros\/responsabilidad-medica-estatal-infecciones-intrahospitalarias\/"]}]},{"@type":"BreadcrumbList","@id":"https:\/\/uninavarra.edu.co\/ciina\/editorial-uninavarra\/libros\/responsabilidad-medica-estatal-infecciones-intrahospitalarias\/#breadcrumb","itemListElement":[{"@type":"ListItem","position":1,"name":"Home","item":"https:\/\/uninavarra.edu.co\/"},{"@type":"ListItem","position":2,"name":"CIINA","item":"https:\/\/uninavarra.edu.co\/ciina\/"},{"@type":"ListItem","position":3,"name":"Editorial UNINAVARRA","item":"https:\/\/uninavarra.edu.co\/ciina\/editorial-uninavarra\/"},{"@type":"ListItem","position":4,"name":"Libros","item":"https:\/\/uninavarra.edu.co\/ciina\/editorial-uninavarra\/libros\/"},{"@type":"ListItem","position":5,"name":"Responsabilidad m\u00e9dica estatal. Infecciones intrahospitalarias"}]},{"@type":"WebSite","@id":"https:\/\/uninavarra.edu.co\/#website","url":"https:\/\/uninavarra.edu.co\/","name":"UNINAVARRA","description":"Make your desire to learn a reality","publisher":{"@id":"https:\/\/uninavarra.edu.co\/#organization"},"potentialAction":[{"@type":"SearchAction","target":{"@type":"EntryPoint","urlTemplate":"https:\/\/uninavarra.edu.co\/?s={search_term_string}"},"query-input":{"@type":"PropertyValueSpecification","valueRequired":true,"valueName":"search_term_string"}}],"inLanguage":"en-US"},{"@type":"Organization","@id":"https:\/\/uninavarra.edu.co\/#organization","name":"Navarre University Foundation - UNINAVARRA","url":"https:\/\/uninavarra.edu.co\/","logo":{"@type":"ImageObject","inLanguage":"en-US","@id":"https:\/\/uninavarra.edu.co\/#\/schema\/logo\/image\/","url":"https:\/\/uninavarra.edu.co\/wp-content\/uploads\/2024\/06\/Escudo-uninavarra-Solo.png","contentUrl":"https:\/\/uninavarra.edu.co\/wp-content\/uploads\/2024\/06\/Escudo-uninavarra-Solo.png","width":1500,"height":1401,"caption":"Fundaci\u00f3n Universitaria Navarra - UNINAVARRA"},"image":{"@id":"https:\/\/uninavarra.edu.co\/#\/schema\/logo\/image\/"},"sameAs":["https:\/\/www.facebook.com\/UninavarraEduca","https:\/\/x.com\/uninavarraeduca","https:\/\/www.instagram.com\/uninavarra\/?hl=es","https:\/\/www.linkedin.com\/in\/fundacin-universitaria-navarra-uninavarra-b41225222\/"]}]}},"_links":{"self":[{"href":"https:\/\/uninavarra.edu.co\/en\/wp-json\/wp\/v2\/pages\/81654","targetHints":{"allow":["GET"]}}],"collection":[{"href":"https:\/\/uninavarra.edu.co\/en\/wp-json\/wp\/v2\/pages"}],"about":[{"href":"https:\/\/uninavarra.edu.co\/en\/wp-json\/wp\/v2\/types\/page"}],"author":[{"embeddable":true,"href":"https:\/\/uninavarra.edu.co\/en\/wp-json\/wp\/v2\/users\/13"}],"replies":[{"embeddable":true,"href":"https:\/\/uninavarra.edu.co\/en\/wp-json\/wp\/v2\/comments?post=81654"}],"version-history":[{"count":0,"href":"https:\/\/uninavarra.edu.co\/en\/wp-json\/wp\/v2\/pages\/81654\/revisions"}],"up":[{"embeddable":true,"href":"https:\/\/uninavarra.edu.co\/en\/wp-json\/wp\/v2\/pages\/31344"}],"wp:attachment":[{"href":"https:\/\/uninavarra.edu.co\/en\/wp-json\/wp\/v2\/media?parent=81654"}],"wp:term":[{"taxonomy":"category","embeddable":true,"href":"https:\/\/uninavarra.edu.co\/en\/wp-json\/wp\/v2\/categories?post=81654"},{"taxonomy":"post_tag","embeddable":true,"href":"https:\/\/uninavarra.edu.co\/en\/wp-json\/wp\/v2\/tags?post=81654"}],"curies":[{"name":"wp","href":"https:\/\/api.w.org\/{rel}","templated":true}]}}