{"id":81123,"date":"2024-09-24T16:23:42","date_gmt":"2024-09-24T21:23:42","guid":{"rendered":"https:\/\/uninavarra.edu.co\/?page_id=81123"},"modified":"2024-12-16T09:13:17","modified_gmt":"2024-12-16T14:13:17","slug":"que-tu-marca-brille-guia-facil-para-el-registro-en-colombia","status":"publish","type":"page","link":"https:\/\/uninavarra.edu.co\/en\/ciina\/editorial-uninavarra\/libros\/que-tu-marca-brille-guia-facil-para-el-registro-en-colombia\/","title":{"rendered":"Let your brand shine! Easy guide to registration in Colombia"},"content":{"rendered":"<div class=\"wpb-content-wrapper\"><div class=\"wpb-container\"><div class=\"container\"><div class=\"vc_row wpb_row vc_row-fluid row\"><div class=\"col-sm-3  vc_\">\n\t\t<div class=\"wpb_wrapper\">\n\t\t\t<div class=\"wpb_single_image wpb_content_element vc_align_center\">\n\t\t<div class=\"wpb_wrapper\">\n\t\t\t\n\t\t\t<a href=\"https:\/\/uninavarra.edu.co\/wp-content\/uploads\/2024\/12\/Portada-Cartilla-Que-tu-marca-brille-scaled.jpg\" target=\"_self\"><img fetchpriority=\"high\" decoding=\"async\" width=\"1811\" height=\"2560\" src=\"https:\/\/uninavarra.edu.co\/wp-content\/uploads\/2024\/12\/Portada-Cartilla-Que-tu-marca-brille-scaled.jpg\" class=\"vc_box_border_grey attachment-full\" alt=\"Portada Cartilla Qu\u00e9 tu marca brille\" title=\"Cover Letter Let your brand shine\" srcset=\"https:\/\/uninavarra.edu.co\/wp-content\/uploads\/2024\/12\/Portada-Cartilla-Que-tu-marca-brille-scaled.jpg 1811w, https:\/\/uninavarra.edu.co\/wp-content\/uploads\/2024\/12\/Portada-Cartilla-Que-tu-marca-brille-212x300.jpg 212w, https:\/\/uninavarra.edu.co\/wp-content\/uploads\/2024\/12\/Portada-Cartilla-Que-tu-marca-brille-724x1024.jpg 724w, https:\/\/uninavarra.edu.co\/wp-content\/uploads\/2024\/12\/Portada-Cartilla-Que-tu-marca-brille-106x150.jpg 106w, https:\/\/uninavarra.edu.co\/wp-content\/uploads\/2024\/12\/Portada-Cartilla-Que-tu-marca-brille-768x1086.jpg 768w, https:\/\/uninavarra.edu.co\/wp-content\/uploads\/2024\/12\/Portada-Cartilla-Que-tu-marca-brille-1086x1536.jpg 1086w, https:\/\/uninavarra.edu.co\/wp-content\/uploads\/2024\/12\/Portada-Cartilla-Que-tu-marca-brille-1448x2048.jpg 1448w, https:\/\/uninavarra.edu.co\/wp-content\/uploads\/2024\/12\/Portada-Cartilla-Que-tu-marca-brille-8x12.jpg 8w\" sizes=\"(max-width: 1811px) 100vw, 1811px\" \/><\/a>\n\t\t<\/div> \n\t<\/div>\n\t\t<\/div> \n\t<\/div><div class=\"col-sm-9  vc_\">\n\t\t<div class=\"wpb_wrapper\">\n\t\t\t\n\t<div class=\"wpb_text_column wpb_content_element\" >\n\t\t<div class=\"wpb_wrapper\">\n\t\t\t<div style=\"font-family: tahoma, sans-serif; font-size: large; text-align: justify;\">\n<p><strong>Authors:<\/strong><\/p>\n<p>John Fabio Mar\u00edn Larrahondo<br \/>\nYerly Tatiana C\u00f3rdoba Vargas<br \/>\nC\u00e9sar Augusto Pastrana<br \/>\nCristian Mauricio Ben\u00edtez D\u00edaz<br \/>\nCristian Alexis Losada P\u00e9rez<br \/>\nJohn Alirio Rinc\u00f3n Malpica<br \/>\nAndr\u00e9s Joanny Valenzuela Arias<br \/>\nJuan Carlos Barbosa Hern\u00e1ndez<br \/>\nMartha Cecilia Abella<br \/>\nKatherin Torres Posada<\/p>\n<p><strong>Price:<\/strong> open access.<br \/>\n<strong>Year:<\/strong> 2024<br \/>\n<strong>DOI:<\/strong> <a href=\"https:\/\/doi.org\/10.61182\/registromarca.2024\">https:\/\/doi.org\/10.61182\/registromarca.2024<\/a><br \/>\n<strong>Description:<\/strong><br \/>\nThe booklet \"Let your brand shine! Easy guide for registration in Colombia\" is a practical tool aimed at entrepreneurs and traders who wish to strengthen the identity of their businesses. Developed by the Law program, with the support of the Martin Luther King Legal Clinic and Conciliation Center of the Fundaci\u00f3n Universitaria Navarra - UNINAVARRA, this document addresses fundamental aspects related to the registration and protection of trademarks before the Superintendence of Industry and Commerce (SIC) in Colombia.<\/p>\n<p>The content offers a detailed explanation of what a trademark is, the essential steps for its registration and strategies to protect its exclusivity. It also highlights the relevance of legal advice as an indispensable resource to prevent legal complications and ensure efficient management.<\/p>\n<p>&nbsp;<\/p>\n<\/div>\n<p class=\"descargar\" style=\"text-align: justify;\"><a href=\"https:\/\/arbapublishing.com\/project\/que-tu-marca-brille\/\">Download book<\/a><\/p>\n\n\t\t<\/div>\n\t<\/div>\n\n\t\t<\/div> \n\t<\/div><\/div><\/div><\/div>\n<\/div>","protected":false},"excerpt":{"rendered":"Autores: John Fabio Mar\u00edn Larrahondo Yerly Tatiana C\u00f3rdoba Vargas C\u00e9sar Augusto Pastrana Cristian Mauricio Ben\u00edtez D\u00edaz Cristian Alexis Losada P\u00e9rez John Alirio Rinc\u00f3n Malpica Andr\u00e9s Joanny Valenzuela Arias Juan Carlos [...]","protected":false},"author":13,"featured_media":0,"parent":31344,"menu_order":0,"comment_status":"closed","ping_status":"closed","template":"","meta":{"footnotes":""},"categories":[],"tags":[],"class_list":["post-81123","page","type-page","status-publish","hentry"],"yoast_head":"<!-- This site is optimized with the Yoast SEO plugin v27.4 - https:\/\/yoast.com\/product\/yoast-seo-wordpress\/ -->\n<title>\u00a1Qu\u00e9 tu marca brille! Gu\u00eda f\u00e1cil para el registro en Colombia - Uninavarra<\/title>\n<meta name=\"robots\" content=\"index, follow, max-snippet:-1, max-image-preview:large, max-video-preview:-1\" \/>\n<link rel=\"canonical\" href=\"https:\/\/uninavarra.edu.co\/en\/ciina\/editorial-uninavarra\/libros\/que-tu-marca-brille-guia-facil-para-el-registro-en-colombia\/\" \/>\n<meta property=\"og:locale\" content=\"en_US\" \/>\n<meta property=\"og:type\" content=\"article\" \/>\n<meta property=\"og:title\" content=\"\u00a1Qu\u00e9 tu marca brille! Gu\u00eda f\u00e1cil para el registro en Colombia - Uninavarra\" \/>\n<meta property=\"og:url\" content=\"https:\/\/uninavarra.edu.co\/en\/ciina\/editorial-uninavarra\/libros\/que-tu-marca-brille-guia-facil-para-el-registro-en-colombia\/\" \/>\n<meta property=\"og:site_name\" content=\"Uninavarra\" \/>\n<meta property=\"article:publisher\" content=\"https:\/\/www.facebook.com\/UninavarraEduca\" \/>\n<meta property=\"article:modified_time\" content=\"2024-12-16T14:13:17+00:00\" \/>\n<meta name=\"twitter:card\" content=\"summary_large_image\" \/>\n<meta name=\"twitter:site\" content=\"@uninavarraeduca\" \/>\n<meta name=\"twitter:label1\" content=\"Est. reading time\" \/>\n\t<meta name=\"twitter:data1\" content=\"1 minute\" \/>\n<script type=\"application\/ld+json\" class=\"yoast-schema-graph\">{\"@context\":\"https:\\\/\\\/schema.org\",\"@graph\":[{\"@type\":\"WebPage\",\"@id\":\"https:\\\/\\\/uninavarra.edu.co\\\/ciina\\\/editorial-uninavarra\\\/libros\\\/que-tu-marca-brille-guia-facil-para-el-registro-en-colombia\\\/\",\"url\":\"https:\\\/\\\/uninavarra.edu.co\\\/ciina\\\/editorial-uninavarra\\\/libros\\\/que-tu-marca-brille-guia-facil-para-el-registro-en-colombia\\\/\",\"name\":\"\u00a1Qu\u00e9 tu marca brille! Gu\u00eda f\u00e1cil para el registro en Colombia - Uninavarra\",\"isPartOf\":{\"@id\":\"https:\\\/\\\/uninavarra.edu.co\\\/#website\"},\"datePublished\":\"2024-09-24T21:23:42+00:00\",\"dateModified\":\"2024-12-16T14:13:17+00:00\",\"breadcrumb\":{\"@id\":\"https:\\\/\\\/uninavarra.edu.co\\\/ciina\\\/editorial-uninavarra\\\/libros\\\/que-tu-marca-brille-guia-facil-para-el-registro-en-colombia\\\/#breadcrumb\"},\"inLanguage\":\"en-US\",\"potentialAction\":[{\"@type\":\"ReadAction\",\"target\":[\"https:\\\/\\\/uninavarra.edu.co\\\/ciina\\\/editorial-uninavarra\\\/libros\\\/que-tu-marca-brille-guia-facil-para-el-registro-en-colombia\\\/\"]}]},{\"@type\":\"BreadcrumbList\",\"@id\":\"https:\\\/\\\/uninavarra.edu.co\\\/ciina\\\/editorial-uninavarra\\\/libros\\\/que-tu-marca-brille-guia-facil-para-el-registro-en-colombia\\\/#breadcrumb\",\"itemListElement\":[{\"@type\":\"ListItem\",\"position\":1,\"name\":\"Home\",\"item\":\"https:\\\/\\\/uninavarra.edu.co\\\/\"},{\"@type\":\"ListItem\",\"position\":2,\"name\":\"CIINA\",\"item\":\"https:\\\/\\\/uninavarra.edu.co\\\/ciina\\\/\"},{\"@type\":\"ListItem\",\"position\":3,\"name\":\"Editorial UNINAVARRA\",\"item\":\"https:\\\/\\\/uninavarra.edu.co\\\/ciina\\\/editorial-uninavarra\\\/\"},{\"@type\":\"ListItem\",\"position\":4,\"name\":\"Libros\",\"item\":\"https:\\\/\\\/uninavarra.edu.co\\\/ciina\\\/editorial-uninavarra\\\/libros\\\/\"},{\"@type\":\"ListItem\",\"position\":5,\"name\":\"\u00a1Qu\u00e9 tu marca brille! Gu\u00eda f\u00e1cil para el registro en Colombia\"}]},{\"@type\":\"WebSite\",\"@id\":\"https:\\\/\\\/uninavarra.edu.co\\\/#website\",\"url\":\"https:\\\/\\\/uninavarra.edu.co\\\/\",\"name\":\"UNINAVARRA\",\"description\":\"Haz realidad tu deseo de aprender\",\"publisher\":{\"@id\":\"https:\\\/\\\/uninavarra.edu.co\\\/#organization\"},\"potentialAction\":[{\"@type\":\"SearchAction\",\"target\":{\"@type\":\"EntryPoint\",\"urlTemplate\":\"https:\\\/\\\/uninavarra.edu.co\\\/?s={search_term_string}\"},\"query-input\":{\"@type\":\"PropertyValueSpecification\",\"valueRequired\":true,\"valueName\":\"search_term_string\"}}],\"inLanguage\":\"en-US\"},{\"@type\":\"Organization\",\"@id\":\"https:\\\/\\\/uninavarra.edu.co\\\/#organization\",\"name\":\"Fundaci\u00f3n Universitaria Navarra - UNINAVARRA\",\"url\":\"https:\\\/\\\/uninavarra.edu.co\\\/\",\"logo\":{\"@type\":\"ImageObject\",\"inLanguage\":\"en-US\",\"@id\":\"https:\\\/\\\/uninavarra.edu.co\\\/#\\\/schema\\\/logo\\\/image\\\/\",\"url\":\"https:\\\/\\\/uninavarra.edu.co\\\/wp-content\\\/uploads\\\/2024\\\/06\\\/Escudo-uninavarra-Solo.png\",\"contentUrl\":\"https:\\\/\\\/uninavarra.edu.co\\\/wp-content\\\/uploads\\\/2024\\\/06\\\/Escudo-uninavarra-Solo.png\",\"width\":1500,\"height\":1401,\"caption\":\"Fundaci\u00f3n Universitaria Navarra - UNINAVARRA\"},\"image\":{\"@id\":\"https:\\\/\\\/uninavarra.edu.co\\\/#\\\/schema\\\/logo\\\/image\\\/\"},\"sameAs\":[\"https:\\\/\\\/www.facebook.com\\\/UninavarraEduca\",\"https:\\\/\\\/x.com\\\/uninavarraeduca\",\"https:\\\/\\\/www.instagram.com\\\/uninavarra\\\/?hl=es\",\"https:\\\/\\\/www.linkedin.com\\\/in\\\/fundacin-universitaria-navarra-uninavarra-b41225222\\\/\"]}]}<\/script>\n<!-- \/ Yoast SEO plugin. -->","yoast_head_json":{"title":"\u00a1Qu\u00e9 tu marca brille! Gu\u00eda f\u00e1cil para el registro en Colombia - Uninavarra","robots":{"index":"index","follow":"follow","max-snippet":"max-snippet:-1","max-image-preview":"max-image-preview:large","max-video-preview":"max-video-preview:-1"},"canonical":"https:\/\/uninavarra.edu.co\/en\/ciina\/editorial-uninavarra\/libros\/que-tu-marca-brille-guia-facil-para-el-registro-en-colombia\/","og_locale":"en_US","og_type":"article","og_title":"\u00a1Qu\u00e9 tu marca brille! Gu\u00eda f\u00e1cil para el registro en Colombia - Uninavarra","og_url":"https:\/\/uninavarra.edu.co\/en\/ciina\/editorial-uninavarra\/libros\/que-tu-marca-brille-guia-facil-para-el-registro-en-colombia\/","og_site_name":"Uninavarra","article_publisher":"https:\/\/www.facebook.com\/UninavarraEduca","article_modified_time":"2024-12-16T14:13:17+00:00","twitter_card":"summary_large_image","twitter_site":"@uninavarraeduca","twitter_misc":{"Est. reading time":"1 minute"},"schema":{"@context":"https:\/\/schema.org","@graph":[{"@type":"WebPage","@id":"https:\/\/uninavarra.edu.co\/ciina\/editorial-uninavarra\/libros\/que-tu-marca-brille-guia-facil-para-el-registro-en-colombia\/","url":"https:\/\/uninavarra.edu.co\/ciina\/editorial-uninavarra\/libros\/que-tu-marca-brille-guia-facil-para-el-registro-en-colombia\/","name":"\u00a1Qu\u00e9 tu marca brille! Gu\u00eda f\u00e1cil para el registro en Colombia - Uninavarra","isPartOf":{"@id":"https:\/\/uninavarra.edu.co\/#website"},"datePublished":"2024-09-24T21:23:42+00:00","dateModified":"2024-12-16T14:13:17+00:00","breadcrumb":{"@id":"https:\/\/uninavarra.edu.co\/ciina\/editorial-uninavarra\/libros\/que-tu-marca-brille-guia-facil-para-el-registro-en-colombia\/#breadcrumb"},"inLanguage":"en-US","potentialAction":[{"@type":"ReadAction","target":["https:\/\/uninavarra.edu.co\/ciina\/editorial-uninavarra\/libros\/que-tu-marca-brille-guia-facil-para-el-registro-en-colombia\/"]}]},{"@type":"BreadcrumbList","@id":"https:\/\/uninavarra.edu.co\/ciina\/editorial-uninavarra\/libros\/que-tu-marca-brille-guia-facil-para-el-registro-en-colombia\/#breadcrumb","itemListElement":[{"@type":"ListItem","position":1,"name":"Home","item":"https:\/\/uninavarra.edu.co\/"},{"@type":"ListItem","position":2,"name":"CIINA","item":"https:\/\/uninavarra.edu.co\/ciina\/"},{"@type":"ListItem","position":3,"name":"Editorial UNINAVARRA","item":"https:\/\/uninavarra.edu.co\/ciina\/editorial-uninavarra\/"},{"@type":"ListItem","position":4,"name":"Libros","item":"https:\/\/uninavarra.edu.co\/ciina\/editorial-uninavarra\/libros\/"},{"@type":"ListItem","position":5,"name":"\u00a1Qu\u00e9 tu marca brille! Gu\u00eda f\u00e1cil para el registro en Colombia"}]},{"@type":"WebSite","@id":"https:\/\/uninavarra.edu.co\/#website","url":"https:\/\/uninavarra.edu.co\/","name":"UNINAVARRA","description":"Make your desire to learn a reality","publisher":{"@id":"https:\/\/uninavarra.edu.co\/#organization"},"potentialAction":[{"@type":"SearchAction","target":{"@type":"EntryPoint","urlTemplate":"https:\/\/uninavarra.edu.co\/?s={search_term_string}"},"query-input":{"@type":"PropertyValueSpecification","valueRequired":true,"valueName":"search_term_string"}}],"inLanguage":"en-US"},{"@type":"Organization","@id":"https:\/\/uninavarra.edu.co\/#organization","name":"Navarre University Foundation - UNINAVARRA","url":"https:\/\/uninavarra.edu.co\/","logo":{"@type":"ImageObject","inLanguage":"en-US","@id":"https:\/\/uninavarra.edu.co\/#\/schema\/logo\/image\/","url":"https:\/\/uninavarra.edu.co\/wp-content\/uploads\/2024\/06\/Escudo-uninavarra-Solo.png","contentUrl":"https:\/\/uninavarra.edu.co\/wp-content\/uploads\/2024\/06\/Escudo-uninavarra-Solo.png","width":1500,"height":1401,"caption":"Fundaci\u00f3n Universitaria Navarra - UNINAVARRA"},"image":{"@id":"https:\/\/uninavarra.edu.co\/#\/schema\/logo\/image\/"},"sameAs":["https:\/\/www.facebook.com\/UninavarraEduca","https:\/\/x.com\/uninavarraeduca","https:\/\/www.instagram.com\/uninavarra\/?hl=es","https:\/\/www.linkedin.com\/in\/fundacin-universitaria-navarra-uninavarra-b41225222\/"]}]}},"_links":{"self":[{"href":"https:\/\/uninavarra.edu.co\/en\/wp-json\/wp\/v2\/pages\/81123","targetHints":{"allow":["GET"]}}],"collection":[{"href":"https:\/\/uninavarra.edu.co\/en\/wp-json\/wp\/v2\/pages"}],"about":[{"href":"https:\/\/uninavarra.edu.co\/en\/wp-json\/wp\/v2\/types\/page"}],"author":[{"embeddable":true,"href":"https:\/\/uninavarra.edu.co\/en\/wp-json\/wp\/v2\/users\/13"}],"replies":[{"embeddable":true,"href":"https:\/\/uninavarra.edu.co\/en\/wp-json\/wp\/v2\/comments?post=81123"}],"version-history":[{"count":0,"href":"https:\/\/uninavarra.edu.co\/en\/wp-json\/wp\/v2\/pages\/81123\/revisions"}],"up":[{"embeddable":true,"href":"https:\/\/uninavarra.edu.co\/en\/wp-json\/wp\/v2\/pages\/31344"}],"wp:attachment":[{"href":"https:\/\/uninavarra.edu.co\/en\/wp-json\/wp\/v2\/media?parent=81123"}],"wp:term":[{"taxonomy":"category","embeddable":true,"href":"https:\/\/uninavarra.edu.co\/en\/wp-json\/wp\/v2\/categories?post=81123"},{"taxonomy":"post_tag","embeddable":true,"href":"https:\/\/uninavarra.edu.co\/en\/wp-json\/wp\/v2\/tags?post=81123"}],"curies":[{"name":"wp","href":"https:\/\/api.w.org\/{rel}","templated":true}]}}