{"id":799,"date":"2016-01-20T12:23:52","date_gmt":"2016-01-20T17:23:52","guid":{"rendered":"https:\/\/uninavarra.edu.co\/?page_id=799"},"modified":"2024-07-28T07:25:44","modified_gmt":"2024-07-28T12:25:44","slug":"convocatorias-y-becas","status":"publish","type":"page","link":"https:\/\/uninavarra.edu.co\/en\/internacionalizacion\/convocatorias-y-becas\/","title":{"rendered":"Announcements and Scholarships"},"content":{"rendered":"<div class=\"wpb-content-wrapper\"><div class=\"wpb-container\"><div class=\"container\"><div class=\"vc_row wpb_row vc_row-fluid row\"><div class=\"col-sm-12  vc_\">\n\t\t<div class=\"wpb_wrapper\">\n\t\t\t\n\t<div class=\"wpb_text_column wpb_content_element\" >\n\t\t<div class=\"wpb_wrapper\">\n\t\t\t<h2>Scholarships<\/h2>\n<h4><b style=\"font-size: 16px;\">Germany<\/b><\/h4>\n<p>German Academic Exchange Service.\u00a0<a href=\"http:\/\/www.daad.co\/\" target=\"_blank\" rel=\"noopener noreferrer\">http:\/\/www.daad.co\/<\/a><\/p>\n<p>Humboldt Foundation for the promotion, support and cooperation in research.\u00a0<a href=\"http:\/\/www.humboldt-foundation.de\/\" target=\"_blank\" rel=\"noopener noreferrer\">http:\/\/www.humboldt-foundation.de\/<\/a><\/p>\n<h4><b>Australia<\/b><\/h4>\n<p>Scholarships granted by some universities or by the Australian government are handled through ICETEX. \u00a0<a href=\"http:\/\/www.icetex.gov.co\/\" target=\"_blank\" rel=\"noopener noreferrer\">http:\/\/www.icetex.gov.co\/<\/a><\/p>\n<h4><b>Belgium<\/b><\/h4>\n<p>Scholarship offerings search for \"programmes\" in the English version.\u00a0<a href=\"http:\/\/www.vlir.be\/\" target=\"_blank\" rel=\"noopener noreferrer\">http:\/\/www.vlir.be\/<\/a><\/p>\n<h4><b>Brazil<\/b><\/h4>\n<p>Postgraduate and Doctoral Studies.\u00a0<a href=\"http:\/\/www.crub.org.br\/\" target=\"_blank\" rel=\"noopener noreferrer\">http:\/\/www.crub.org.br\/<\/a><\/p>\n<h4><b>Canada<\/b><\/h4>\n<p>http:\/\/www.dfait-maeci.gc.ca\/bogota<\/p>\n<p><a href=\"http:\/\/www.studyincanada.com\/\" target=\"_blank\" rel=\"noopener noreferrer\">http:\/\/www.studyincanada.com\/<\/a><\/p>\n<p><a href=\"http:\/\/www.scholarships-bourses-ca.org\/\" target=\"_blank\" rel=\"noopener noreferrer\">http:\/\/www.scholarships-bourses-ca.org\/<\/a><\/p>\n<h4><b>Colombia<\/b><\/h4>\n<p>ACCI: Colombian Agency for International Cooperation. \u00a0<a href=\"https:\/\/www.banrep.gov.co\/es\">http:\/\/www.banrep.gov.co\/<\/a><\/p>\n<p>COLCIENCIAS: Offer of scholarships for graduate studies abroad.\u00a0<a href=\"http:\/\/www.colciencias.gov.co\/\" target=\"_blank\" rel=\"noopener noreferrer\">http:\/\/www.colciencias.gov.co\/<\/a><\/p>\n<p>COLFUTURO: Credit - Calls for applications open in March.\u00a0<a href=\"http:\/\/www.colfuturo.org\/\" target=\"_blank\" rel=\"noopener noreferrer\">http:\/\/www.colfuturo.org\/<\/a><\/p>\n<p>ICETEX: Scholarships and credits from the Colombian Government to study abroad, or to receive foreigners.\u00a0<a href=\"http:\/\/www.icetex.gov.co\/\" target=\"_blank\" rel=\"noopener noreferrer\">http:\/\/www.icetex.gov.co\/<\/a><\/p>\n<p>News about grants, subsidies and job opportunities.\u00a0<a href=\"http:\/\/www.becas.com\/\" target=\"_blank\" rel=\"noopener noreferrer\">http:\/\/www.becas.com\/<\/a><\/p>\n<h4><b>Spain<\/b><\/h4>\n<p>All cooperation programs with Ibero-America managed by the Spanish Agency for International Cooperation. http:\/\/www.aeci.es\/<\/p>\n<p>Scholarships from the Ministry of Foreign Affairs for foreigners in Spain. Mutis Scholarships, for postgraduate studies in Science. Scholarships for stays in Rome for young Spanish and Latin American artists, in the area of Arts, Archeology or Heritage Restoration.\u00a0<a href=\"http:\/\/www.becasmae.com\/\" target=\"_blank\" rel=\"noopener noreferrer\">http:\/\/www.becasmae.com\/<\/a><\/p>\n<p>Carolina Foundation:\u00a0<a href=\"http:\/\/www.fundacioncarolina.es\/\" target=\"_blank\" rel=\"noopener noreferrer\">http:\/\/www.fundacioncarolina.es\/<\/a><\/p>\n<p>Fundaci\u00f3n MAPFRE Studies:\u00a0<a href=\"http:\/\/www.mapfre.com\/\" target=\"_blank\" rel=\"noopener noreferrer\">http:\/\/www.mapfre.com\/<\/a><\/p>\n<h4><b>United States<\/b><\/h4>\n<p>Inter-American Development Bank. http:\/\/www.iadb.org\/vacancies_scholarships\/index.cfm?lang=es<\/p>\n<p>World Bank:\u00a0<a href=\"http:\/\/www.worldbank.org\/wbi\/scholarships\" target=\"_blank\" rel=\"noopener noreferrer\">http:\/\/www.worldbank.org\/wbi\/scholarships<\/a><\/p>\n<p><a href=\"http:\/\/www.fastweb.com\/\" target=\"_blank\" rel=\"noopener noreferrer\">http:\/\/www.fastweb.com\/<\/a><\/p>\n<p>Fulbright\u00a0<a href=\"http:\/\/www.fulbright.edu.co\/\" target=\"_blank\" rel=\"noopener noreferrer\">http:\/\/www.fulbright.edu.co\/<\/a><\/p>\n<p><a href=\"http:\/\/www.gf.org\/\" target=\"_blank\" rel=\"noopener noreferrer\">http:\/\/www.gf.org\/<\/a><\/p>\n<h4><b>Europa<\/b><\/h4>\n<p>Offering high-level scholarships for Latin Americans in the European Union: the ALBAN Program.\u00a0<a href=\"http:\/\/www.programalban.org\/\" target=\"_blank\" rel=\"noopener noreferrer\">http:\/\/www.programalban.org\/<\/a><\/p>\n<p>ERASMUS-MUNDUS Program: http:\/\/europa.eu.int\/ploteus\/portal\/home.jsp<\/p>\n<p>International Research Cooperation Program - INCODEV. http:\/\/www.cordis.lu\/<\/p>\n<p>Marie Curie Fellowships, for researchers <a href=\"http:\/\/ec.europa.eu\/\" target=\"_blank\" rel=\"noopener noreferrer\">http:\/\/ec.europa.eu\/<\/a>.<\/p>\n<h4><b>France<\/b><\/h4>\n<p>http:\/\/www.diplomatie.gouv.fr\/es\/rubrique_imprim.php3?id_rubrique=672<\/p>\n<p>http:\/\/www.egide.asso.fr\/eiffel<\/p>\n<p>http:\/\/www.cnes.fr\/web\/CNES-fr\/7111-resultats-de-la-recherche.php<\/p>\n<h4><b>Netherlands<\/b><\/h4>\n<p>Scholarships offered by the Dutch government.\u00a0<a href=\"http:\/\/www.nuffic.nl\/\" target=\"_blank\" rel=\"noopener noreferrer\">http:\/\/www.nuffic.nl\/<\/a><\/p>\n<p><a href=\"http:\/\/www.grantfinder.nl\/\" target=\"_blank\" rel=\"noopener noreferrer\">http:\/\/www.grantfinder.nl\/<\/a><\/p>\n<h4><b>Japan<\/b><\/h4>\n<p>http:\/\/www.studyjapan.go.jp\/<\/p>\n<p>http:\/\/www.grips.ac.jp\/<\/p>\n<h4><b>Mexico<\/b><\/h4>\n<p><a href=\"http:\/\/becas.sre.gob.mx\/\" target=\"_blank\" rel=\"noopener noreferrer\">http:\/\/becas.sre.gob.mx\/<\/a><\/p>\n<p>OAS: Educational Portal of the Americas. Short-term scholarships for professionals.<\/p>\n<p>http:\/\/www.educoas.org\/<\/p>\n<h4><b>United Kingdom<\/b><\/h4>\n<p>Chevining Scholarships (former Simon Bolivar Scholarships) Information at ICETEX or the British Council. https:\/\/www.britishcouncil.org\/<\/p>\n<p>Academic Excellence Scholarships to study at prestigious universities in the United Kingdom.\u00a0<a href=\"http:\/\/www.shellscholar.org\/\" target=\"_blank\" rel=\"noopener noreferrer\">http:\/\/www.shellscholar.org\/<\/a><\/p>\n<h4><b>Sweden<\/b><\/h4>\n<p>General information page, scholarships and instructions for filling out forms.<\/p>\n<p><a href=\"http:\/\/www.studyinsweden.se\/\" target=\"_blank\" rel=\"noopener noreferrer\">http:\/\/www.studyinsweden.se\/<\/a><\/p>\n<p>http:\/\/www.sweden.se\/templates\/cs\/Article____5001.aspx<\/p>\n<p>UNESCO:\u00a0<a href=\"http:\/\/www.unesco.org\/culture\/ifpc\" target=\"_blank\" rel=\"noopener noreferrer\">http:\/\/www.unesco.org\/culture\/ifpc<\/a><\/p>\n<p>L'or\u00e9al-Unesco Prize \"For Women in Science\" http:\/\/portal.unesco.org\/<\/p>\n\n\t\t<\/div>\n\t<\/div>\n\n\t\t<\/div> \n\t<\/div><\/div><\/div><\/div>\n<\/div>","protected":false},"excerpt":{"rendered":"Becas Alemania Servicio Alem\u00e1n de Intercambio Acad\u00e9mico.\u00a0http:\/\/www.daad.co\/ Fundaci\u00f3n Humboldt para la promoci\u00f3n, apoyo y cooperaci\u00f3n en investigaci\u00f3n.\u00a0http:\/\/www.humboldt-foundation.de\/ Australia Las Becas concedidas por algunas universidades o por el gobierno australiano se [...]","protected":false},"author":3,"featured_media":0,"parent":11,"menu_order":3,"comment_status":"closed","ping_status":"closed","template":"","meta":{"footnotes":""},"categories":[1],"tags":[],"class_list":["post-799","page","type-page","status-publish","hentry","category-uncategorized"],"yoast_head":"<!-- This site is optimized with the Yoast SEO plugin v27.2 - https:\/\/yoast.com\/product\/yoast-seo-wordpress\/ -->\n<title>Convocatorias y Becas - Uninavarra<\/title>\n<meta name=\"robots\" content=\"index, follow, max-snippet:-1, max-image-preview:large, max-video-preview:-1\" \/>\n<link rel=\"canonical\" href=\"https:\/\/uninavarra.edu.co\/en\/internacionalizacion\/convocatorias-y-becas\/\" \/>\n<meta property=\"og:locale\" content=\"en_US\" \/>\n<meta property=\"og:type\" content=\"article\" \/>\n<meta property=\"og:title\" content=\"Convocatorias y Becas - Uninavarra\" \/>\n<meta property=\"og:url\" content=\"https:\/\/uninavarra.edu.co\/en\/internacionalizacion\/convocatorias-y-becas\/\" \/>\n<meta property=\"og:site_name\" content=\"Uninavarra\" \/>\n<meta property=\"article:publisher\" content=\"https:\/\/www.facebook.com\/UninavarraEduca\" \/>\n<meta property=\"article:modified_time\" content=\"2024-07-28T12:25:44+00:00\" \/>\n<meta name=\"twitter:card\" content=\"summary_large_image\" \/>\n<meta name=\"twitter:site\" content=\"@uninavarraeduca\" \/>\n<meta name=\"twitter:label1\" content=\"Est. reading time\" \/>\n\t<meta name=\"twitter:data1\" content=\"3 minutes\" \/>\n<script type=\"application\/ld+json\" class=\"yoast-schema-graph\">{\"@context\":\"https:\/\/schema.org\",\"@graph\":[{\"@type\":\"WebPage\",\"@id\":\"https:\/\/uninavarra.edu.co\/internacionalizacion\/convocatorias-y-becas\/\",\"url\":\"https:\/\/uninavarra.edu.co\/internacionalizacion\/convocatorias-y-becas\/\",\"name\":\"Convocatorias y Becas - Uninavarra\",\"isPartOf\":{\"@id\":\"https:\/\/uninavarra.edu.co\/#website\"},\"datePublished\":\"2016-01-20T17:23:52+00:00\",\"dateModified\":\"2024-07-28T12:25:44+00:00\",\"breadcrumb\":{\"@id\":\"https:\/\/uninavarra.edu.co\/internacionalizacion\/convocatorias-y-becas\/#breadcrumb\"},\"inLanguage\":\"en-US\",\"potentialAction\":[{\"@type\":\"ReadAction\",\"target\":[\"https:\/\/uninavarra.edu.co\/internacionalizacion\/convocatorias-y-becas\/\"]}]},{\"@type\":\"BreadcrumbList\",\"@id\":\"https:\/\/uninavarra.edu.co\/internacionalizacion\/convocatorias-y-becas\/#breadcrumb\",\"itemListElement\":[{\"@type\":\"ListItem\",\"position\":1,\"name\":\"Home\",\"item\":\"https:\/\/uninavarra.edu.co\/\"},{\"@type\":\"ListItem\",\"position\":2,\"name\":\"Internacionalizaci\u00f3n\",\"item\":\"https:\/\/uninavarra.edu.co\/internacionalizacion\/\"},{\"@type\":\"ListItem\",\"position\":3,\"name\":\"Convocatorias y Becas\"}]},{\"@type\":\"WebSite\",\"@id\":\"https:\/\/uninavarra.edu.co\/#website\",\"url\":\"https:\/\/uninavarra.edu.co\/\",\"name\":\"UNINAVARRA\",\"description\":\"Haz realidad tu deseo de aprender\",\"publisher\":{\"@id\":\"https:\/\/uninavarra.edu.co\/#organization\"},\"potentialAction\":[{\"@type\":\"SearchAction\",\"target\":{\"@type\":\"EntryPoint\",\"urlTemplate\":\"https:\/\/uninavarra.edu.co\/?s={search_term_string}\"},\"query-input\":{\"@type\":\"PropertyValueSpecification\",\"valueRequired\":true,\"valueName\":\"search_term_string\"}}],\"inLanguage\":\"en-US\"},{\"@type\":\"Organization\",\"@id\":\"https:\/\/uninavarra.edu.co\/#organization\",\"name\":\"Fundaci\u00f3n Universitaria Navarra - UNINAVARRA\",\"url\":\"https:\/\/uninavarra.edu.co\/\",\"logo\":{\"@type\":\"ImageObject\",\"inLanguage\":\"en-US\",\"@id\":\"https:\/\/uninavarra.edu.co\/#\/schema\/logo\/image\/\",\"url\":\"https:\/\/uninavarra.edu.co\/wp-content\/uploads\/2024\/06\/Escudo-uninavarra-Solo.png\",\"contentUrl\":\"https:\/\/uninavarra.edu.co\/wp-content\/uploads\/2024\/06\/Escudo-uninavarra-Solo.png\",\"width\":1500,\"height\":1401,\"caption\":\"Fundaci\u00f3n Universitaria Navarra - UNINAVARRA\"},\"image\":{\"@id\":\"https:\/\/uninavarra.edu.co\/#\/schema\/logo\/image\/\"},\"sameAs\":[\"https:\/\/www.facebook.com\/UninavarraEduca\",\"https:\/\/x.com\/uninavarraeduca\",\"https:\/\/www.instagram.com\/uninavarra\/?hl=es\",\"https:\/\/www.linkedin.com\/in\/fundacin-universitaria-navarra-uninavarra-b41225222\/\"]}]}<\/script>\n<!-- \/ Yoast SEO plugin. -->","yoast_head_json":{"title":"Convocatorias y Becas - Uninavarra","robots":{"index":"index","follow":"follow","max-snippet":"max-snippet:-1","max-image-preview":"max-image-preview:large","max-video-preview":"max-video-preview:-1"},"canonical":"https:\/\/uninavarra.edu.co\/en\/internacionalizacion\/convocatorias-y-becas\/","og_locale":"en_US","og_type":"article","og_title":"Convocatorias y Becas - Uninavarra","og_url":"https:\/\/uninavarra.edu.co\/en\/internacionalizacion\/convocatorias-y-becas\/","og_site_name":"Uninavarra","article_publisher":"https:\/\/www.facebook.com\/UninavarraEduca","article_modified_time":"2024-07-28T12:25:44+00:00","twitter_card":"summary_large_image","twitter_site":"@uninavarraeduca","twitter_misc":{"Est. reading time":"3 minutes"},"schema":{"@context":"https:\/\/schema.org","@graph":[{"@type":"WebPage","@id":"https:\/\/uninavarra.edu.co\/internacionalizacion\/convocatorias-y-becas\/","url":"https:\/\/uninavarra.edu.co\/internacionalizacion\/convocatorias-y-becas\/","name":"Convocatorias y Becas - Uninavarra","isPartOf":{"@id":"https:\/\/uninavarra.edu.co\/#website"},"datePublished":"2016-01-20T17:23:52+00:00","dateModified":"2024-07-28T12:25:44+00:00","breadcrumb":{"@id":"https:\/\/uninavarra.edu.co\/internacionalizacion\/convocatorias-y-becas\/#breadcrumb"},"inLanguage":"en-US","potentialAction":[{"@type":"ReadAction","target":["https:\/\/uninavarra.edu.co\/internacionalizacion\/convocatorias-y-becas\/"]}]},{"@type":"BreadcrumbList","@id":"https:\/\/uninavarra.edu.co\/internacionalizacion\/convocatorias-y-becas\/#breadcrumb","itemListElement":[{"@type":"ListItem","position":1,"name":"Home","item":"https:\/\/uninavarra.edu.co\/"},{"@type":"ListItem","position":2,"name":"Internacionalizaci\u00f3n","item":"https:\/\/uninavarra.edu.co\/internacionalizacion\/"},{"@type":"ListItem","position":3,"name":"Convocatorias y Becas"}]},{"@type":"WebSite","@id":"https:\/\/uninavarra.edu.co\/#website","url":"https:\/\/uninavarra.edu.co\/","name":"UNINAVARRA","description":"Make your desire to learn a reality","publisher":{"@id":"https:\/\/uninavarra.edu.co\/#organization"},"potentialAction":[{"@type":"SearchAction","target":{"@type":"EntryPoint","urlTemplate":"https:\/\/uninavarra.edu.co\/?s={search_term_string}"},"query-input":{"@type":"PropertyValueSpecification","valueRequired":true,"valueName":"search_term_string"}}],"inLanguage":"en-US"},{"@type":"Organization","@id":"https:\/\/uninavarra.edu.co\/#organization","name":"Navarre University Foundation - UNINAVARRA","url":"https:\/\/uninavarra.edu.co\/","logo":{"@type":"ImageObject","inLanguage":"en-US","@id":"https:\/\/uninavarra.edu.co\/#\/schema\/logo\/image\/","url":"https:\/\/uninavarra.edu.co\/wp-content\/uploads\/2024\/06\/Escudo-uninavarra-Solo.png","contentUrl":"https:\/\/uninavarra.edu.co\/wp-content\/uploads\/2024\/06\/Escudo-uninavarra-Solo.png","width":1500,"height":1401,"caption":"Fundaci\u00f3n Universitaria Navarra - UNINAVARRA"},"image":{"@id":"https:\/\/uninavarra.edu.co\/#\/schema\/logo\/image\/"},"sameAs":["https:\/\/www.facebook.com\/UninavarraEduca","https:\/\/x.com\/uninavarraeduca","https:\/\/www.instagram.com\/uninavarra\/?hl=es","https:\/\/www.linkedin.com\/in\/fundacin-universitaria-navarra-uninavarra-b41225222\/"]}]}},"_links":{"self":[{"href":"https:\/\/uninavarra.edu.co\/en\/wp-json\/wp\/v2\/pages\/799","targetHints":{"allow":["GET"]}}],"collection":[{"href":"https:\/\/uninavarra.edu.co\/en\/wp-json\/wp\/v2\/pages"}],"about":[{"href":"https:\/\/uninavarra.edu.co\/en\/wp-json\/wp\/v2\/types\/page"}],"author":[{"embeddable":true,"href":"https:\/\/uninavarra.edu.co\/en\/wp-json\/wp\/v2\/users\/3"}],"replies":[{"embeddable":true,"href":"https:\/\/uninavarra.edu.co\/en\/wp-json\/wp\/v2\/comments?post=799"}],"version-history":[{"count":0,"href":"https:\/\/uninavarra.edu.co\/en\/wp-json\/wp\/v2\/pages\/799\/revisions"}],"up":[{"embeddable":true,"href":"https:\/\/uninavarra.edu.co\/en\/wp-json\/wp\/v2\/pages\/11"}],"wp:attachment":[{"href":"https:\/\/uninavarra.edu.co\/en\/wp-json\/wp\/v2\/media?parent=799"}],"wp:term":[{"taxonomy":"category","embeddable":true,"href":"https:\/\/uninavarra.edu.co\/en\/wp-json\/wp\/v2\/categories?post=799"},{"taxonomy":"post_tag","embeddable":true,"href":"https:\/\/uninavarra.edu.co\/en\/wp-json\/wp\/v2\/tags?post=799"}],"curies":[{"name":"wp","href":"https:\/\/api.w.org\/{rel}","templated":true}]}}