{"id":79575,"date":"2024-09-04T16:14:03","date_gmt":"2024-09-04T21:14:03","guid":{"rendered":"https:\/\/uninavarra.edu.co\/?page_id=79575"},"modified":"2025-12-26T08:20:28","modified_gmt":"2025-12-26T13:20:28","slug":"certificado-iii-jornada","status":"publish","type":"page","link":"https:\/\/uninavarra.edu.co\/en\/educacion-continua\/jornada-actualizacion-enfermeria\/certificado-iii-jornada\/","title":{"rendered":"Certificate - III Day"},"content":{"rendered":"<div class=\"wpb-content-wrapper\"><div class=\"wpb-container \"><div class=\"container\"><div class=\"vc_row wpb_row vc_row-fluid row \"><div class=\"col-sm-12  vc_\">\n\t\t<div class=\"wpb_wrapper \">\n\t\t\t\n\t<div class=\"wpb_text_column wpb_content_element\" >\n\t\t<div class=\"wpb_wrapper\">\n\t\t\t        <div class=\"certificados-container\" data-evento-id=\"16\" data-logo-url=\"https:\/\/uninavarra.edu.co\/wp-content\/plugins\/certificate-pro\/public\/img\/loader.png\">\r\n            \r\n            <!-- Pantalla de carga -->\r\n            <div class=\"certificados-loader\" style=\"display: none;\">\r\n                <div class=\"certificados-loader-content\">\r\n                    <div class=\"certificados-loader-spinner\">\r\n                        <img decoding=\"async\" src=\"\" alt=\"Loading\" class=\"certificados-loader-img\" \/>\r\n                    <\/div>\r\n                <\/div>\r\n            <\/div>\r\n            \r\n            <div class=\"certificados-header\">\r\n                <h2>Certificados - ||| Jornada de actualizaci\u00f3n de enfermer\u00eda<\/h2>\r\n                            <\/div>\r\n\r\n                            <!-- Pesta\u00f1as de navegaci\u00f3n -->\r\n                <div class=\"certificados-tabs\">\r\n                                            <button class=\"certificados-tab active\" \r\n                                data-tab=\"tab-32\">\r\n                            Asistentes                        <\/button>\r\n                                            <button class=\"certificados-tab \" \r\n                                data-tab=\"tab-33\">\r\n                            Ponentes                        <\/button>\r\n                                    <\/div>\r\n            \r\n            <!-- Contenido de las pesta\u00f1as -->\r\n            <div class=\"certificados-tabs-content\">\r\n                                    <div class=\"certificados-tab-panel active\" \r\n                         id=\"tab-32\"\r\n                         data-pestana-id=\"32\">\r\n                        \r\n                        <div class=\"certificados-form-container\">\r\n                    <p class=\"certificados-subtitulo\">Certificado de Asistentes<\/p>\r\n                \r\n                    <form class=\"certificados-form\">\r\n                                <div class=\"form-group\">\r\n                                    <label for=\"documento-32\">\r\n                                        N\u00famero de Documento                                    <\/label>\r\n                                    <input type=\"text\"\r\n                                           id=\"documento-32\"\r\n                                           name=\"numero_documento\"\r\n                                           class=\"certificados-input\"\r\n                                           placeholder=\"Ingresa tu n\u00famero de documento\"\r\n                                           maxlength=\"20\"\r\n                                           pattern=\"[a-zA-Z0-9\\-\\s]+\"\r\n                                           title=\"Solo se permiten letras, n\u00fameros, guiones y espacios (m\u00e1ximo 20 caracteres)\"\r\n                                           required>\r\n                                <\/div>\r\n\r\n                                <button type=\"submit\" class=\"certificados-btn-buscar\">\r\n                                    <span class=\"btn-text\">\ud83d\udd0d Buscar Certificado<\/span>\r\n                                    <span class=\"btn-loading\" style=\"display: none;\">\u23f3 Buscando...<\/span>\r\n                                <\/button>\r\n                            <\/form>\r\n\r\n                            <div class=\"certificados-result\" style=\"display: none;\">\r\n                                <div class=\"result-success\">\r\n                                    <p class=\"result-message\"><\/p>\r\n                                    <button class=\"certificados-btn-download\">\r\n                                        \ud83d\udce5 Descargar Certificado                                    <\/button>\r\n                                <\/div>\r\n                                <div class=\"result-error\">\r\n                                    <p class=\"error-message\"><\/p>\r\n                                <\/div>\r\n                            <\/div>\r\n                        <\/div>\r\n\r\n                    <\/div>\r\n                                    <div class=\"certificados-tab-panel \" \r\n                         id=\"tab-33\"\r\n                         data-pestana-id=\"33\">\r\n                        \r\n                        <div class=\"certificados-form-container\">\r\n                    <p class=\"certificados-subtitulo\">Certificado de Ponentes<\/p>\r\n                \r\n                    <form class=\"certificados-form\">\r\n                                <div class=\"form-group\">\r\n                                    <label for=\"documento-33\">\r\n                                        N\u00famero de Documento                                    <\/label>\r\n                                    <input type=\"text\"\r\n                                           id=\"documento-33\"\r\n                                           name=\"numero_documento\"\r\n                                           class=\"certificados-input\"\r\n                                           placeholder=\"Ingresa tu n\u00famero de documento\"\r\n                                           maxlength=\"20\"\r\n                                           pattern=\"[a-zA-Z0-9\\-\\s]+\"\r\n                                           title=\"Solo se permiten letras, n\u00fameros, guiones y espacios (m\u00e1ximo 20 caracteres)\"\r\n                                           required>\r\n                                <\/div>\r\n\r\n                                <button type=\"submit\" class=\"certificados-btn-buscar\">\r\n                                    <span class=\"btn-text\">\ud83d\udd0d Buscar Certificado<\/span>\r\n                                    <span class=\"btn-loading\" style=\"display: none;\">\u23f3 Buscando...<\/span>\r\n                                <\/button>\r\n                            <\/form>\r\n\r\n                            <div class=\"certificados-result\" style=\"display: none;\">\r\n                                <div class=\"result-success\">\r\n                                    <p class=\"result-message\"><\/p>\r\n                                    <button class=\"certificados-btn-download\">\r\n                                        \ud83d\udce5 Descargar Certificado                                    <\/button>\r\n                                <\/div>\r\n                                <div class=\"result-error\">\r\n                                    <p class=\"error-message\"><\/p>\r\n                                <\/div>\r\n                            <\/div>\r\n                        <\/div>\r\n\r\n                    <\/div>\r\n                            <\/div>\r\n\r\n        <\/div>\r\n\r\n        <!-- Modal de validaci\u00f3n de certificado -->\r\n        <div id=\"certificados-modal-validacion\" class=\"certificados-modal certificados-modal-validacion\" style=\"display: none;\">\r\n            <div class=\"modal-content modal-validacion-content\">\r\n                <div class=\"modal-header\">\r\n                    <h3>Validaci\u00f3n de Certificado<\/h3>\r\n                    <button class=\"modal-close\">&times;<\/button>\r\n                <\/div>\r\n                <div class=\"modal-body\">\r\n                    <div class=\"validacion-loading\" style=\"display: none;\">\r\n                        <div class=\"spinner\"><\/div>\r\n                        <p>Verificando certificado...<\/p>\r\n                    <\/div>\r\n                    <div class=\"validacion-resultado\" style=\"display: none;\">\r\n                        <!-- Se llenar\u00e1 din\u00e1micamente con JavaScript -->\r\n                    <\/div>\r\n                <\/div>\r\n            <\/div>\r\n        <\/div>\r\n\r\n                    <!-- Modal de encuesta -->\r\n            <div id=\"certificados-modal-encuesta\" class=\"certificados-modal\" style=\"display: none;\">\r\n                <div class=\"modal-content\">\r\n                    <div class=\"modal-header\">\r\n                        <h3>\u00a1Tu certificado est\u00e1 listo!<\/h3>\r\n                        <button class=\"modal-close\">&times;<\/button>\r\n                    <\/div>\r\n                    <div class=\"modal-body\">\r\n                        <p>\u00bfTe gustar\u00eda ayudarnos completando una breve encuesta?<\/p>\r\n                        <div class=\"modal-actions\">\r\n                            <a href=\"https:\/\/docs.google.com\/forms\/d\/e\/1FAIpQLSc0xjULalI5jhf17V-Su7pYwXyAg4qU0bIvgE0pnNKGKPHKhA\/viewform\"\r\n                               target=\"_blank\"\r\n                               class=\"certificados-btn-primary\">\r\n                                S\u00ed, completar encuesta                            <\/a>\r\n                            <button class=\"certificados-btn-secondary modal-close\">\r\n                                No, gracias                            <\/button>\r\n                        <\/div>\r\n                    <\/div>\r\n                <\/div>\r\n            <\/div>\r\n        \r\n        \n\n\t\t<\/div>\n\t<\/div>\n\n\t\t<\/div> \n\t<\/div><\/div><\/div><\/div>\n<\/div>","protected":false},"excerpt":{"rendered":"Certificados - ||| Jornada de actualizaci\u00f3n de enfermer\u00eda Asistentes Ponentes Certificado de Asistentes N\u00famero de Documento \ud83d\udd0d Buscar Certificado \u23f3 Buscando... \ud83d\udce5 Descargar Certificado Certificado de Ponentes N\u00famero de Documento [...]","protected":false},"author":13,"featured_media":68058,"parent":77227,"menu_order":0,"comment_status":"closed","ping_status":"closed","template":"","meta":{"footnotes":""},"categories":[],"tags":[],"class_list":["post-79575","page","type-page","status-publish","has-post-thumbnail","hentry"],"yoast_head":"<!-- This site is optimized with the Yoast SEO plugin v27.4 - https:\/\/yoast.com\/product\/yoast-seo-wordpress\/ -->\n<title>Certificado \u2013 III Jornada - Uninavarra<\/title>\n<meta name=\"robots\" content=\"index, follow, max-snippet:-1, max-image-preview:large, max-video-preview:-1\" \/>\n<link rel=\"canonical\" href=\"https:\/\/uninavarra.edu.co\/en\/educacion-continua\/jornada-actualizacion-enfermeria\/certificado-iii-jornada\/\" \/>\n<meta property=\"og:locale\" content=\"en_US\" \/>\n<meta property=\"og:type\" content=\"article\" \/>\n<meta property=\"og:title\" content=\"Certificado \u2013 III Jornada - Uninavarra\" \/>\n<meta property=\"og:url\" content=\"https:\/\/uninavarra.edu.co\/en\/educacion-continua\/jornada-actualizacion-enfermeria\/certificado-iii-jornada\/\" \/>\n<meta property=\"og:site_name\" content=\"Uninavarra\" \/>\n<meta property=\"article:publisher\" content=\"https:\/\/www.facebook.com\/UninavarraEduca\" \/>\n<meta property=\"article:modified_time\" content=\"2025-12-26T13:20:28+00:00\" \/>\n<meta property=\"og:image\" content=\"https:\/\/uninavarra.edu.co\/wp-content\/uploads\/2023\/12\/banner-generico.png\" \/>\n\t<meta property=\"og:image:width\" content=\"2480\" \/>\n\t<meta property=\"og:image:height\" content=\"276\" \/>\n\t<meta property=\"og:image:type\" content=\"image\/png\" \/>\n<meta name=\"twitter:card\" content=\"summary_large_image\" \/>\n<meta name=\"twitter:site\" content=\"@uninavarraeduca\" \/>\n<meta name=\"twitter:label1\" content=\"Est. reading time\" \/>\n\t<meta name=\"twitter:data1\" content=\"1 minute\" \/>\n<script type=\"application\/ld+json\" class=\"yoast-schema-graph\">{\"@context\":\"https:\\\/\\\/schema.org\",\"@graph\":[{\"@type\":\"WebPage\",\"@id\":\"https:\\\/\\\/uninavarra.edu.co\\\/educacion-continua\\\/jornada-actualizacion-enfermeria\\\/certificado-iii-jornada\\\/\",\"url\":\"https:\\\/\\\/uninavarra.edu.co\\\/educacion-continua\\\/jornada-actualizacion-enfermeria\\\/certificado-iii-jornada\\\/\",\"name\":\"Certificado \u2013 III Jornada - Uninavarra\",\"isPartOf\":{\"@id\":\"https:\\\/\\\/uninavarra.edu.co\\\/#website\"},\"primaryImageOfPage\":{\"@id\":\"https:\\\/\\\/uninavarra.edu.co\\\/educacion-continua\\\/jornada-actualizacion-enfermeria\\\/certificado-iii-jornada\\\/#primaryimage\"},\"image\":{\"@id\":\"https:\\\/\\\/uninavarra.edu.co\\\/educacion-continua\\\/jornada-actualizacion-enfermeria\\\/certificado-iii-jornada\\\/#primaryimage\"},\"thumbnailUrl\":\"https:\\\/\\\/uninavarra.edu.co\\\/wp-content\\\/uploads\\\/2023\\\/12\\\/banner-generico.png\",\"datePublished\":\"2024-09-04T21:14:03+00:00\",\"dateModified\":\"2025-12-26T13:20:28+00:00\",\"breadcrumb\":{\"@id\":\"https:\\\/\\\/uninavarra.edu.co\\\/educacion-continua\\\/jornada-actualizacion-enfermeria\\\/certificado-iii-jornada\\\/#breadcrumb\"},\"inLanguage\":\"en-US\",\"potentialAction\":[{\"@type\":\"ReadAction\",\"target\":[\"https:\\\/\\\/uninavarra.edu.co\\\/educacion-continua\\\/jornada-actualizacion-enfermeria\\\/certificado-iii-jornada\\\/\"]}]},{\"@type\":\"ImageObject\",\"inLanguage\":\"en-US\",\"@id\":\"https:\\\/\\\/uninavarra.edu.co\\\/educacion-continua\\\/jornada-actualizacion-enfermeria\\\/certificado-iii-jornada\\\/#primaryimage\",\"url\":\"https:\\\/\\\/uninavarra.edu.co\\\/wp-content\\\/uploads\\\/2023\\\/12\\\/banner-generico.png\",\"contentUrl\":\"https:\\\/\\\/uninavarra.edu.co\\\/wp-content\\\/uploads\\\/2023\\\/12\\\/banner-generico.png\",\"width\":2480,\"height\":276,\"caption\":\"banner generico\"},{\"@type\":\"BreadcrumbList\",\"@id\":\"https:\\\/\\\/uninavarra.edu.co\\\/educacion-continua\\\/jornada-actualizacion-enfermeria\\\/certificado-iii-jornada\\\/#breadcrumb\",\"itemListElement\":[{\"@type\":\"ListItem\",\"position\":1,\"name\":\"Home\",\"item\":\"https:\\\/\\\/uninavarra.edu.co\\\/\"},{\"@type\":\"ListItem\",\"position\":2,\"name\":\"Educaci\u00f3n Continua\",\"item\":\"https:\\\/\\\/uninavarra.edu.co\\\/educacion-continua\\\/\"},{\"@type\":\"ListItem\",\"position\":3,\"name\":\"Farmacolog\u00eda Cl\u00ednica: Cuidando la salud en cada etapa de la vida\",\"item\":\"https:\\\/\\\/uninavarra.edu.co\\\/educacion-continua\\\/jornada-actualizacion-enfermeria\\\/\"},{\"@type\":\"ListItem\",\"position\":4,\"name\":\"Certificado \u2013 III Jornada\"}]},{\"@type\":\"WebSite\",\"@id\":\"https:\\\/\\\/uninavarra.edu.co\\\/#website\",\"url\":\"https:\\\/\\\/uninavarra.edu.co\\\/\",\"name\":\"UNINAVARRA\",\"description\":\"Haz realidad tu deseo de aprender\",\"publisher\":{\"@id\":\"https:\\\/\\\/uninavarra.edu.co\\\/#organization\"},\"potentialAction\":[{\"@type\":\"SearchAction\",\"target\":{\"@type\":\"EntryPoint\",\"urlTemplate\":\"https:\\\/\\\/uninavarra.edu.co\\\/?s={search_term_string}\"},\"query-input\":{\"@type\":\"PropertyValueSpecification\",\"valueRequired\":true,\"valueName\":\"search_term_string\"}}],\"inLanguage\":\"en-US\"},{\"@type\":\"Organization\",\"@id\":\"https:\\\/\\\/uninavarra.edu.co\\\/#organization\",\"name\":\"Fundaci\u00f3n Universitaria Navarra - UNINAVARRA\",\"url\":\"https:\\\/\\\/uninavarra.edu.co\\\/\",\"logo\":{\"@type\":\"ImageObject\",\"inLanguage\":\"en-US\",\"@id\":\"https:\\\/\\\/uninavarra.edu.co\\\/#\\\/schema\\\/logo\\\/image\\\/\",\"url\":\"https:\\\/\\\/uninavarra.edu.co\\\/wp-content\\\/uploads\\\/2024\\\/06\\\/Escudo-uninavarra-Solo.png\",\"contentUrl\":\"https:\\\/\\\/uninavarra.edu.co\\\/wp-content\\\/uploads\\\/2024\\\/06\\\/Escudo-uninavarra-Solo.png\",\"width\":1500,\"height\":1401,\"caption\":\"Fundaci\u00f3n Universitaria Navarra - UNINAVARRA\"},\"image\":{\"@id\":\"https:\\\/\\\/uninavarra.edu.co\\\/#\\\/schema\\\/logo\\\/image\\\/\"},\"sameAs\":[\"https:\\\/\\\/www.facebook.com\\\/UninavarraEduca\",\"https:\\\/\\\/x.com\\\/uninavarraeduca\",\"https:\\\/\\\/www.instagram.com\\\/uninavarra\\\/?hl=es\",\"https:\\\/\\\/www.linkedin.com\\\/in\\\/fundacin-universitaria-navarra-uninavarra-b41225222\\\/\"]}]}<\/script>\n<!-- \/ Yoast SEO plugin. -->","yoast_head_json":{"title":"Certificado \u2013 III Jornada - Uninavarra","robots":{"index":"index","follow":"follow","max-snippet":"max-snippet:-1","max-image-preview":"max-image-preview:large","max-video-preview":"max-video-preview:-1"},"canonical":"https:\/\/uninavarra.edu.co\/en\/educacion-continua\/jornada-actualizacion-enfermeria\/certificado-iii-jornada\/","og_locale":"en_US","og_type":"article","og_title":"Certificado \u2013 III Jornada - Uninavarra","og_url":"https:\/\/uninavarra.edu.co\/en\/educacion-continua\/jornada-actualizacion-enfermeria\/certificado-iii-jornada\/","og_site_name":"Uninavarra","article_publisher":"https:\/\/www.facebook.com\/UninavarraEduca","article_modified_time":"2025-12-26T13:20:28+00:00","og_image":[{"width":2480,"height":276,"url":"https:\/\/uninavarra.edu.co\/wp-content\/uploads\/2023\/12\/banner-generico.png","type":"image\/png"}],"twitter_card":"summary_large_image","twitter_site":"@uninavarraeduca","twitter_misc":{"Est. reading time":"1 minute"},"schema":{"@context":"https:\/\/schema.org","@graph":[{"@type":"WebPage","@id":"https:\/\/uninavarra.edu.co\/educacion-continua\/jornada-actualizacion-enfermeria\/certificado-iii-jornada\/","url":"https:\/\/uninavarra.edu.co\/educacion-continua\/jornada-actualizacion-enfermeria\/certificado-iii-jornada\/","name":"Certificado \u2013 III Jornada - Uninavarra","isPartOf":{"@id":"https:\/\/uninavarra.edu.co\/#website"},"primaryImageOfPage":{"@id":"https:\/\/uninavarra.edu.co\/educacion-continua\/jornada-actualizacion-enfermeria\/certificado-iii-jornada\/#primaryimage"},"image":{"@id":"https:\/\/uninavarra.edu.co\/educacion-continua\/jornada-actualizacion-enfermeria\/certificado-iii-jornada\/#primaryimage"},"thumbnailUrl":"https:\/\/uninavarra.edu.co\/wp-content\/uploads\/2023\/12\/banner-generico.png","datePublished":"2024-09-04T21:14:03+00:00","dateModified":"2025-12-26T13:20:28+00:00","breadcrumb":{"@id":"https:\/\/uninavarra.edu.co\/educacion-continua\/jornada-actualizacion-enfermeria\/certificado-iii-jornada\/#breadcrumb"},"inLanguage":"en-US","potentialAction":[{"@type":"ReadAction","target":["https:\/\/uninavarra.edu.co\/educacion-continua\/jornada-actualizacion-enfermeria\/certificado-iii-jornada\/"]}]},{"@type":"ImageObject","inLanguage":"en-US","@id":"https:\/\/uninavarra.edu.co\/educacion-continua\/jornada-actualizacion-enfermeria\/certificado-iii-jornada\/#primaryimage","url":"https:\/\/uninavarra.edu.co\/wp-content\/uploads\/2023\/12\/banner-generico.png","contentUrl":"https:\/\/uninavarra.edu.co\/wp-content\/uploads\/2023\/12\/banner-generico.png","width":2480,"height":276,"caption":"banner generico"},{"@type":"BreadcrumbList","@id":"https:\/\/uninavarra.edu.co\/educacion-continua\/jornada-actualizacion-enfermeria\/certificado-iii-jornada\/#breadcrumb","itemListElement":[{"@type":"ListItem","position":1,"name":"Home","item":"https:\/\/uninavarra.edu.co\/"},{"@type":"ListItem","position":2,"name":"Educaci\u00f3n Continua","item":"https:\/\/uninavarra.edu.co\/educacion-continua\/"},{"@type":"ListItem","position":3,"name":"Farmacolog\u00eda Cl\u00ednica: Cuidando la salud en cada etapa de la vida","item":"https:\/\/uninavarra.edu.co\/educacion-continua\/jornada-actualizacion-enfermeria\/"},{"@type":"ListItem","position":4,"name":"Certificado \u2013 III Jornada"}]},{"@type":"WebSite","@id":"https:\/\/uninavarra.edu.co\/#website","url":"https:\/\/uninavarra.edu.co\/","name":"UNINAVARRA","description":"Make your desire to learn a reality","publisher":{"@id":"https:\/\/uninavarra.edu.co\/#organization"},"potentialAction":[{"@type":"SearchAction","target":{"@type":"EntryPoint","urlTemplate":"https:\/\/uninavarra.edu.co\/?s={search_term_string}"},"query-input":{"@type":"PropertyValueSpecification","valueRequired":true,"valueName":"search_term_string"}}],"inLanguage":"en-US"},{"@type":"Organization","@id":"https:\/\/uninavarra.edu.co\/#organization","name":"Navarre University Foundation - UNINAVARRA","url":"https:\/\/uninavarra.edu.co\/","logo":{"@type":"ImageObject","inLanguage":"en-US","@id":"https:\/\/uninavarra.edu.co\/#\/schema\/logo\/image\/","url":"https:\/\/uninavarra.edu.co\/wp-content\/uploads\/2024\/06\/Escudo-uninavarra-Solo.png","contentUrl":"https:\/\/uninavarra.edu.co\/wp-content\/uploads\/2024\/06\/Escudo-uninavarra-Solo.png","width":1500,"height":1401,"caption":"Fundaci\u00f3n Universitaria Navarra - UNINAVARRA"},"image":{"@id":"https:\/\/uninavarra.edu.co\/#\/schema\/logo\/image\/"},"sameAs":["https:\/\/www.facebook.com\/UninavarraEduca","https:\/\/x.com\/uninavarraeduca","https:\/\/www.instagram.com\/uninavarra\/?hl=es","https:\/\/www.linkedin.com\/in\/fundacin-universitaria-navarra-uninavarra-b41225222\/"]}]}},"_links":{"self":[{"href":"https:\/\/uninavarra.edu.co\/en\/wp-json\/wp\/v2\/pages\/79575","targetHints":{"allow":["GET"]}}],"collection":[{"href":"https:\/\/uninavarra.edu.co\/en\/wp-json\/wp\/v2\/pages"}],"about":[{"href":"https:\/\/uninavarra.edu.co\/en\/wp-json\/wp\/v2\/types\/page"}],"author":[{"embeddable":true,"href":"https:\/\/uninavarra.edu.co\/en\/wp-json\/wp\/v2\/users\/13"}],"replies":[{"embeddable":true,"href":"https:\/\/uninavarra.edu.co\/en\/wp-json\/wp\/v2\/comments?post=79575"}],"version-history":[{"count":0,"href":"https:\/\/uninavarra.edu.co\/en\/wp-json\/wp\/v2\/pages\/79575\/revisions"}],"up":[{"embeddable":true,"href":"https:\/\/uninavarra.edu.co\/en\/wp-json\/wp\/v2\/pages\/77227"}],"wp:featuredmedia":[{"embeddable":true,"href":"https:\/\/uninavarra.edu.co\/en\/wp-json\/wp\/v2\/media\/68058"}],"wp:attachment":[{"href":"https:\/\/uninavarra.edu.co\/en\/wp-json\/wp\/v2\/media?parent=79575"}],"wp:term":[{"taxonomy":"category","embeddable":true,"href":"https:\/\/uninavarra.edu.co\/en\/wp-json\/wp\/v2\/categories?post=79575"},{"taxonomy":"post_tag","embeddable":true,"href":"https:\/\/uninavarra.edu.co\/en\/wp-json\/wp\/v2\/tags?post=79575"}],"curies":[{"name":"wp","href":"https:\/\/api.w.org\/{rel}","templated":true}]}}