{"id":7682,"date":"2018-01-25T08:25:38","date_gmt":"2018-01-25T13:25:38","guid":{"rendered":"https:\/\/uninavarra.edu.co\/?page_id=7682"},"modified":"2022-06-28T17:46:28","modified_gmt":"2022-06-28T22:46:28","slug":"procedimientos","status":"publish","type":"page","link":"https:\/\/uninavarra.edu.co\/en\/ciina\/procedimientos\/","title":{"rendered":"Procedures"},"content":{"rendered":"<div class=\"wpb-content-wrapper\"><section id=\"contenido_cina\" class=\"vc_section\"><div id=\"paso_a_paso\" data-vc-full-width=\"true\" data-vc-full-width-init=\"false\" data-vc-stretch-content=\"true\" class=\"wpb-container\"><div class=\"container\"><div class=\"vc_row wpb_row vc_row-fluid row\"><div class=\"col-sm-4  vc_\">\n\t\t<div class=\"wpb_wrapper\">\n\t\t\t<div class=\"wpb_single_image wpb_content_element wpb_animate_when_almost_visible wpb_top-to-bottom top-to-bottom vc_align_center\">\n\t\t<div class=\"wpb_wrapper\">\n\t\t\t\n\t\t\t<a href=\"https:\/\/uninavarra.edu.co\/ciina\/procedimientos\/proyectos-modalidad-de-grado\/\" target=\"_self\"><img decoding=\"async\" width=\"150\" height=\"150\" src=\"https:\/\/uninavarra.edu.co\/wp-content\/uploads\/2020\/11\/3-copia-150x150.jpg\" class=\"vc_box_border_grey attachment-thumbnail\" alt=\"\" title=\"3 copies\" srcset=\"https:\/\/uninavarra.edu.co\/wp-content\/uploads\/2020\/11\/3-copia-150x150.jpg 150w, https:\/\/uninavarra.edu.co\/wp-content\/uploads\/2020\/11\/3-copia-300x300.jpg 300w, https:\/\/uninavarra.edu.co\/wp-content\/uploads\/2020\/11\/3-copia-768x768.jpg 768w, https:\/\/uninavarra.edu.co\/wp-content\/uploads\/2020\/11\/3-copia-1024x1024.jpg 1024w, https:\/\/uninavarra.edu.co\/wp-content\/uploads\/2020\/11\/3-copia.jpg 1280w\" sizes=\"(max-width: 150px) 100vw, 150px\" \/><\/a>\n\t\t<\/div> \n\t<\/div>\n\t<div class=\"wpb_text_column wpb_content_element\" >\n\t\t<div class=\"wpb_wrapper\">\n\t\t\t<h4 style=\"text-align: center;\"><a href=\"https:\/\/uninavarra.edu.co\/ciina\/procedimientos\/proyectos-modalidad-de-grado\/\">Undergraduate Projects<\/a><\/h4>\n\n\t\t<\/div>\n\t<\/div>\n\n\t\t<\/div> \n\t<\/div><div class=\"col-sm-4  vc_\">\n\t\t<div class=\"wpb_wrapper\">\n\t\t\t<div class=\"wpb_single_image wpb_content_element wpb_animate_when_almost_visible wpb_top-to-bottom top-to-bottom vc_align_center\">\n\t\t<div class=\"wpb_wrapper\">\n\t\t\t\n\t\t\t<a href=\"https:\/\/uninavarra.edu.co\/ciina\/procedimientos\/grupos-de-investigacion\/\" target=\"_self\"><img decoding=\"async\" width=\"150\" height=\"150\" src=\"https:\/\/uninavarra.edu.co\/wp-content\/uploads\/2020\/11\/1-copia-2-150x150.jpg\" class=\"vc_box_border_grey attachment-thumbnail\" alt=\"\" title=\"1 copy 2\" srcset=\"https:\/\/uninavarra.edu.co\/wp-content\/uploads\/2020\/11\/1-copia-2-150x150.jpg 150w, https:\/\/uninavarra.edu.co\/wp-content\/uploads\/2020\/11\/1-copia-2-300x300.jpg 300w, https:\/\/uninavarra.edu.co\/wp-content\/uploads\/2020\/11\/1-copia-2-768x768.jpg 768w, https:\/\/uninavarra.edu.co\/wp-content\/uploads\/2020\/11\/1-copia-2-1024x1024.jpg 1024w, https:\/\/uninavarra.edu.co\/wp-content\/uploads\/2020\/11\/1-copia-2.jpg 1365w\" sizes=\"(max-width: 150px) 100vw, 150px\" \/><\/a>\n\t\t<\/div> \n\t<\/div>\n\t<div class=\"wpb_text_column wpb_content_element\" >\n\t\t<div class=\"wpb_wrapper\">\n\t\t\t<h4 style=\"text-align: center;\"><a href=\"https:\/\/uninavarra.edu.co\/ciina\/procedimientos\/grupos-de-investigacion\/\">Research Groups<\/a><\/h4>\n\n\t\t<\/div>\n\t<\/div>\n\n\t\t<\/div> \n\t<\/div><div class=\"col-sm-4  vc_\">\n\t\t<div class=\"wpb_wrapper\">\n\t\t\t<div class=\"wpb_single_image wpb_content_element wpb_animate_when_almost_visible wpb_top-to-bottom top-to-bottom vc_align_center\">\n\t\t<div class=\"wpb_wrapper\">\n\t\t\t\n\t\t\t<a href=\"https:\/\/uninavarra.edu.co\/ciina\/procedimientos\/semilleros-de-investigacion\/\" target=\"_self\"><img decoding=\"async\" width=\"150\" height=\"150\" src=\"https:\/\/uninavarra.edu.co\/wp-content\/uploads\/2020\/11\/989-copia-150x150.jpg\" class=\"vc_box_border_grey attachment-thumbnail\" alt=\"\" title=\"Multi-ethnic group of young men and women studying indoors.\" srcset=\"https:\/\/uninavarra.edu.co\/wp-content\/uploads\/2020\/11\/989-copia-150x150.jpg 150w, https:\/\/uninavarra.edu.co\/wp-content\/uploads\/2020\/11\/989-copia-300x300.jpg 300w, https:\/\/uninavarra.edu.co\/wp-content\/uploads\/2020\/11\/989-copia-768x768.jpg 768w, https:\/\/uninavarra.edu.co\/wp-content\/uploads\/2020\/11\/989-copia-1024x1024.jpg 1024w, https:\/\/uninavarra.edu.co\/wp-content\/uploads\/2020\/11\/989-copia-1536x1536.jpg 1536w, https:\/\/uninavarra.edu.co\/wp-content\/uploads\/2020\/11\/989-copia-2048x2048.jpg 2048w\" sizes=\"(max-width: 150px) 100vw, 150px\" \/><\/a>\n\t\t<\/div> \n\t<\/div>\n\t<div class=\"wpb_text_column wpb_content_element\" >\n\t\t<div class=\"wpb_wrapper\">\n\t\t\t<h4 style=\"text-align: center;\"><a href=\"https:\/\/uninavarra.edu.co\/ciina\/procedimientos\/semilleros-de-investigacion\/\">Research Seminars<\/a><\/h4>\n\n\t\t<\/div>\n\t<\/div>\n\n\t\t<\/div> \n\t<\/div><\/div><\/div><\/div><div class=\"vc_row-full-width\"><\/div><div id=\"documentos\" data-vc-full-width=\"true\" data-vc-full-width-init=\"false\" data-vc-stretch-content=\"true\" class=\"wpb-container\"><div class=\"container\"><div class=\"vc_row wpb_row vc_row-fluid row\"><div class=\"col-sm-12  vc_\">\n\t\t<div class=\"wpb_wrapper\">\n\t\t\t\n\t<div class=\"wpb_text_column wpb_content_element\" >\n\t\t<div class=\"wpb_wrapper\">\n\t\t\t<h2 style=\"text-align: left;\">Other Instructions<\/h2>\n\n\t\t<\/div>\n\t<\/div>\n\n\t\t<\/div> \n\t<\/div><\/div><\/div><\/div><div class=\"vc_row-full-width\"><\/div><div id=\"otros_procedimientos\" class=\"wpb-container\"><div class=\"container\"><div class=\"vc_row wpb_row vc_row-fluid row  procedimientos\"><div class=\"col-sm-10  vc_\">\n\t\t<div class=\"wpb_wrapper\">\n\t\t\t\n\t<div class=\"wpb_text_column wpb_content_element\" >\n\t\t<div class=\"wpb_wrapper\">\n\t\t\t<div id=\"contenedor_1\">\n<div id=\"contenedor_2\">\n<div id=\"otros_procedimientos_2\">\n<ul>\n<li><a href=\"https:\/\/uninavarra.edu.co\/wp-content\/uploads\/2020\/06\/IN-PR-06-PROCEDIMIENTO-PARA-LA-PUBLICACI\u00d3N-DE-LIBROS.pdf\"><strong>IN-PR-06<\/strong> Procedure for the publication of books<\/a><\/li>\n<li><a href=\"https:\/\/uninavarra.edu.co\/wp-content\/uploads\/2020\/06\/IN-PR-07-PROCEDIMIENTO-PARA-LA-PUBLICACI\u00d3N-DE-MANUSCRITOS-EN-LAS-REVISTAS-CIENT\u00cdFICAS.pdf\"><strong>IN-PR-07<\/strong> Procedure for the publication of manuscripts in scientific journals<\/a><\/li>\n<li><a href=\"https:\/\/uninavarra.edu.co\/wp-content\/uploads\/2020\/06\/IN-PR-08-PROCEDIMIENTO-PARA-AVAL-DE-EVENTOS-Y-ACTIVIDADES-CIENT\u00cdFICAS.pdf\"><strong>IN-PR-08<\/strong> Procedure for endorsement of scientific events and activities<\/a><\/li>\n<\/ul>\n<\/div>\n<\/div>\n<\/div>\n\n\t\t<\/div>\n\t<\/div>\n\n\t\t<\/div> \n\t<\/div><div class=\"col-sm-2  vc_\">\n\t\t<div class=\"wpb_wrapper\">\n\t\t\t\n\t\t<\/div> \n\t<\/div><\/div><\/div><\/div><\/section>\n<\/div>","protected":false},"excerpt":{"rendered":"Proyectos Modalidad de Grado Grupos de Investigaci\u00f3n Semilleros de Investigaci\u00f3n Otros Instructivos IN-PR-06 Procedimiento para la publicaci\u00f3n de libros IN-PR-07 Procedimiento para la publicaci\u00f3n de manuscritos en las revistas cient\u00edficas [...]","protected":false},"author":13,"featured_media":0,"parent":23059,"menu_order":40,"comment_status":"closed","ping_status":"closed","template":"","meta":{"footnotes":""},"categories":[1],"tags":[],"class_list":["post-7682","page","type-page","status-publish","hentry","category-uncategorized"],"yoast_head":"<!-- This site is optimized with the Yoast SEO plugin v27.2 - https:\/\/yoast.com\/product\/yoast-seo-wordpress\/ -->\n<title>Procedimientos - Uninavarra<\/title>\n<meta name=\"robots\" content=\"index, follow, max-snippet:-1, max-image-preview:large, max-video-preview:-1\" \/>\n<link rel=\"canonical\" href=\"https:\/\/uninavarra.edu.co\/en\/ciina\/procedimientos\/\" \/>\n<meta property=\"og:locale\" content=\"en_US\" \/>\n<meta property=\"og:type\" content=\"article\" \/>\n<meta property=\"og:title\" content=\"Procedimientos - Uninavarra\" \/>\n<meta property=\"og:url\" content=\"https:\/\/uninavarra.edu.co\/en\/ciina\/procedimientos\/\" \/>\n<meta property=\"og:site_name\" content=\"Uninavarra\" \/>\n<meta property=\"article:publisher\" content=\"https:\/\/www.facebook.com\/UninavarraEduca\" \/>\n<meta property=\"article:modified_time\" content=\"2022-06-28T22:46:28+00:00\" \/>\n<meta name=\"twitter:card\" content=\"summary_large_image\" \/>\n<meta name=\"twitter:site\" content=\"@uninavarraeduca\" \/>\n<meta name=\"twitter:label1\" content=\"Est. reading time\" \/>\n\t<meta name=\"twitter:data1\" content=\"1 minute\" \/>\n<script type=\"application\/ld+json\" class=\"yoast-schema-graph\">{\"@context\":\"https:\/\/schema.org\",\"@graph\":[{\"@type\":\"WebPage\",\"@id\":\"https:\/\/uninavarra.edu.co\/ciina\/procedimientos\/\",\"url\":\"https:\/\/uninavarra.edu.co\/ciina\/procedimientos\/\",\"name\":\"Procedimientos - Uninavarra\",\"isPartOf\":{\"@id\":\"https:\/\/uninavarra.edu.co\/#website\"},\"datePublished\":\"2018-01-25T13:25:38+00:00\",\"dateModified\":\"2022-06-28T22:46:28+00:00\",\"breadcrumb\":{\"@id\":\"https:\/\/uninavarra.edu.co\/ciina\/procedimientos\/#breadcrumb\"},\"inLanguage\":\"en-US\",\"potentialAction\":[{\"@type\":\"ReadAction\",\"target\":[\"https:\/\/uninavarra.edu.co\/ciina\/procedimientos\/\"]}]},{\"@type\":\"BreadcrumbList\",\"@id\":\"https:\/\/uninavarra.edu.co\/ciina\/procedimientos\/#breadcrumb\",\"itemListElement\":[{\"@type\":\"ListItem\",\"position\":1,\"name\":\"Home\",\"item\":\"https:\/\/uninavarra.edu.co\/\"},{\"@type\":\"ListItem\",\"position\":2,\"name\":\"CIINA\",\"item\":\"https:\/\/uninavarra.edu.co\/ciina\/\"},{\"@type\":\"ListItem\",\"position\":3,\"name\":\"Procedimientos\"}]},{\"@type\":\"WebSite\",\"@id\":\"https:\/\/uninavarra.edu.co\/#website\",\"url\":\"https:\/\/uninavarra.edu.co\/\",\"name\":\"UNINAVARRA\",\"description\":\"Haz realidad tu deseo de aprender\",\"publisher\":{\"@id\":\"https:\/\/uninavarra.edu.co\/#organization\"},\"potentialAction\":[{\"@type\":\"SearchAction\",\"target\":{\"@type\":\"EntryPoint\",\"urlTemplate\":\"https:\/\/uninavarra.edu.co\/?s={search_term_string}\"},\"query-input\":{\"@type\":\"PropertyValueSpecification\",\"valueRequired\":true,\"valueName\":\"search_term_string\"}}],\"inLanguage\":\"en-US\"},{\"@type\":\"Organization\",\"@id\":\"https:\/\/uninavarra.edu.co\/#organization\",\"name\":\"Fundaci\u00f3n Universitaria Navarra - UNINAVARRA\",\"url\":\"https:\/\/uninavarra.edu.co\/\",\"logo\":{\"@type\":\"ImageObject\",\"inLanguage\":\"en-US\",\"@id\":\"https:\/\/uninavarra.edu.co\/#\/schema\/logo\/image\/\",\"url\":\"https:\/\/uninavarra.edu.co\/wp-content\/uploads\/2024\/06\/Escudo-uninavarra-Solo.png\",\"contentUrl\":\"https:\/\/uninavarra.edu.co\/wp-content\/uploads\/2024\/06\/Escudo-uninavarra-Solo.png\",\"width\":1500,\"height\":1401,\"caption\":\"Fundaci\u00f3n Universitaria Navarra - UNINAVARRA\"},\"image\":{\"@id\":\"https:\/\/uninavarra.edu.co\/#\/schema\/logo\/image\/\"},\"sameAs\":[\"https:\/\/www.facebook.com\/UninavarraEduca\",\"https:\/\/x.com\/uninavarraeduca\",\"https:\/\/www.instagram.com\/uninavarra\/?hl=es\",\"https:\/\/www.linkedin.com\/in\/fundacin-universitaria-navarra-uninavarra-b41225222\/\"]}]}<\/script>\n<!-- \/ Yoast SEO plugin. -->","yoast_head_json":{"title":"Procedimientos - Uninavarra","robots":{"index":"index","follow":"follow","max-snippet":"max-snippet:-1","max-image-preview":"max-image-preview:large","max-video-preview":"max-video-preview:-1"},"canonical":"https:\/\/uninavarra.edu.co\/en\/ciina\/procedimientos\/","og_locale":"en_US","og_type":"article","og_title":"Procedimientos - Uninavarra","og_url":"https:\/\/uninavarra.edu.co\/en\/ciina\/procedimientos\/","og_site_name":"Uninavarra","article_publisher":"https:\/\/www.facebook.com\/UninavarraEduca","article_modified_time":"2022-06-28T22:46:28+00:00","twitter_card":"summary_large_image","twitter_site":"@uninavarraeduca","twitter_misc":{"Est. reading time":"1 minute"},"schema":{"@context":"https:\/\/schema.org","@graph":[{"@type":"WebPage","@id":"https:\/\/uninavarra.edu.co\/ciina\/procedimientos\/","url":"https:\/\/uninavarra.edu.co\/ciina\/procedimientos\/","name":"Procedimientos - Uninavarra","isPartOf":{"@id":"https:\/\/uninavarra.edu.co\/#website"},"datePublished":"2018-01-25T13:25:38+00:00","dateModified":"2022-06-28T22:46:28+00:00","breadcrumb":{"@id":"https:\/\/uninavarra.edu.co\/ciina\/procedimientos\/#breadcrumb"},"inLanguage":"en-US","potentialAction":[{"@type":"ReadAction","target":["https:\/\/uninavarra.edu.co\/ciina\/procedimientos\/"]}]},{"@type":"BreadcrumbList","@id":"https:\/\/uninavarra.edu.co\/ciina\/procedimientos\/#breadcrumb","itemListElement":[{"@type":"ListItem","position":1,"name":"Home","item":"https:\/\/uninavarra.edu.co\/"},{"@type":"ListItem","position":2,"name":"CIINA","item":"https:\/\/uninavarra.edu.co\/ciina\/"},{"@type":"ListItem","position":3,"name":"Procedimientos"}]},{"@type":"WebSite","@id":"https:\/\/uninavarra.edu.co\/#website","url":"https:\/\/uninavarra.edu.co\/","name":"UNINAVARRA","description":"Make your desire to learn a reality","publisher":{"@id":"https:\/\/uninavarra.edu.co\/#organization"},"potentialAction":[{"@type":"SearchAction","target":{"@type":"EntryPoint","urlTemplate":"https:\/\/uninavarra.edu.co\/?s={search_term_string}"},"query-input":{"@type":"PropertyValueSpecification","valueRequired":true,"valueName":"search_term_string"}}],"inLanguage":"en-US"},{"@type":"Organization","@id":"https:\/\/uninavarra.edu.co\/#organization","name":"Navarre University Foundation - UNINAVARRA","url":"https:\/\/uninavarra.edu.co\/","logo":{"@type":"ImageObject","inLanguage":"en-US","@id":"https:\/\/uninavarra.edu.co\/#\/schema\/logo\/image\/","url":"https:\/\/uninavarra.edu.co\/wp-content\/uploads\/2024\/06\/Escudo-uninavarra-Solo.png","contentUrl":"https:\/\/uninavarra.edu.co\/wp-content\/uploads\/2024\/06\/Escudo-uninavarra-Solo.png","width":1500,"height":1401,"caption":"Fundaci\u00f3n Universitaria Navarra - UNINAVARRA"},"image":{"@id":"https:\/\/uninavarra.edu.co\/#\/schema\/logo\/image\/"},"sameAs":["https:\/\/www.facebook.com\/UninavarraEduca","https:\/\/x.com\/uninavarraeduca","https:\/\/www.instagram.com\/uninavarra\/?hl=es","https:\/\/www.linkedin.com\/in\/fundacin-universitaria-navarra-uninavarra-b41225222\/"]}]}},"_links":{"self":[{"href":"https:\/\/uninavarra.edu.co\/en\/wp-json\/wp\/v2\/pages\/7682","targetHints":{"allow":["GET"]}}],"collection":[{"href":"https:\/\/uninavarra.edu.co\/en\/wp-json\/wp\/v2\/pages"}],"about":[{"href":"https:\/\/uninavarra.edu.co\/en\/wp-json\/wp\/v2\/types\/page"}],"author":[{"embeddable":true,"href":"https:\/\/uninavarra.edu.co\/en\/wp-json\/wp\/v2\/users\/13"}],"replies":[{"embeddable":true,"href":"https:\/\/uninavarra.edu.co\/en\/wp-json\/wp\/v2\/comments?post=7682"}],"version-history":[{"count":0,"href":"https:\/\/uninavarra.edu.co\/en\/wp-json\/wp\/v2\/pages\/7682\/revisions"}],"up":[{"embeddable":true,"href":"https:\/\/uninavarra.edu.co\/en\/wp-json\/wp\/v2\/pages\/23059"}],"wp:attachment":[{"href":"https:\/\/uninavarra.edu.co\/en\/wp-json\/wp\/v2\/media?parent=7682"}],"wp:term":[{"taxonomy":"category","embeddable":true,"href":"https:\/\/uninavarra.edu.co\/en\/wp-json\/wp\/v2\/categories?post=7682"},{"taxonomy":"post_tag","embeddable":true,"href":"https:\/\/uninavarra.edu.co\/en\/wp-json\/wp\/v2\/tags?post=7682"}],"curies":[{"name":"wp","href":"https:\/\/api.w.org\/{rel}","templated":true}]}}