{"id":76333,"date":"2024-05-15T07:50:11","date_gmt":"2024-05-15T12:50:11","guid":{"rendered":"https:\/\/uninavarra.edu.co\/?page_id=76333"},"modified":"2024-05-30T17:35:51","modified_gmt":"2024-05-30T22:35:51","slug":"ui-greenmetric-world-university","status":"publish","type":"page","link":"https:\/\/uninavarra.edu.co\/en\/sistema-gestion-calidad-publica\/sistema-de-gestion-ambiental-publico\/ui-greenmetric-world-university\/","title":{"rendered":"UI GreenMetric World University"},"content":{"rendered":"<div class=\"wpb-content-wrapper\"><div class=\"wpb-container\"><div class=\"container\"><div class=\"vc_row wpb_row vc_row-fluid row\"><div class=\"col-sm-3  vc_\">\n\t\t<div class=\"wpb_wrapper\">\n\t\t\t<div class=\"wpb_single_image wpb_content_element wpb_animate_when_almost_visible wpb_flipInX flipInX vc_align_center\">\n\t\t<div class=\"wpb_wrapper\">\n\t\t\t\n\t\t\t<a href=\"https:\/\/uninavarra.edu.co\/sistema-de-gestion-de-calidad\/sgc-quienes-somos\" target=\"_self\"><img fetchpriority=\"high\" decoding=\"async\" width=\"300\" height=\"282\" src=\"https:\/\/uninavarra.edu.co\/wp-content\/uploads\/2022\/06\/iconos-de-calidad-300x282.png\" class=\"vc_box_border_grey attachment-medium\" alt=\"\" title=\"quality-icons\" srcset=\"https:\/\/uninavarra.edu.co\/wp-content\/uploads\/2022\/06\/iconos-de-calidad-300x282.png 300w, https:\/\/uninavarra.edu.co\/wp-content\/uploads\/2022\/06\/iconos-de-calidad-150x141.png 150w, https:\/\/uninavarra.edu.co\/wp-content\/uploads\/2022\/06\/iconos-de-calidad-768x722.png 768w, https:\/\/uninavarra.edu.co\/wp-content\/uploads\/2022\/06\/iconos-de-calidad-1024x963.png 1024w, https:\/\/uninavarra.edu.co\/wp-content\/uploads\/2022\/06\/iconos-de-calidad.png 1200w\" sizes=\"(max-width: 300px) 100vw, 300px\" \/><\/a>\n\t\t<\/div> \n\t<\/div><div class=\"vc_btn3-container  wpb_animate_when_almost_visible wpb_flipInX flipInX vc_btn3-center vc_do_btn\" ><a class=\"vc_general vc_btn3 vc_btn3-size-md vc_btn3-shape-rounded vc_btn3-style-modern vc_btn3-color-navarra\" href=\"https:\/\/uninavarra.edu.co\/sistema-de-gestion-de-calidad\/sgc-quienes-somos\" title=\"\">Quality Management System UNINAVARRA<\/a><\/div><div class=\"wpb_single_image wpb_content_element wpb_animate_when_almost_visible wpb_flipInX flipInX vc_align_center\">\n\t\t<div class=\"wpb_wrapper\">\n\t\t\t\n\t\t\t<a href=\"https:\/\/uninavarra.edu.co\/sistema-gestion-calidad\/culturapaz\/\" target=\"_self\"><img decoding=\"async\" width=\"300\" height=\"300\" src=\"https:\/\/uninavarra.edu.co\/wp-content\/uploads\/2022\/06\/oficina-de-paz-1024x1024-1-300x300.png\" class=\"vc_box_border_grey attachment-medium\" alt=\"oficina-de-paz--1024x1024\" title=\"oficina-de-paz--1024x1024\" srcset=\"https:\/\/uninavarra.edu.co\/wp-content\/uploads\/2022\/06\/oficina-de-paz-1024x1024-1-300x300.png 300w, https:\/\/uninavarra.edu.co\/wp-content\/uploads\/2022\/06\/oficina-de-paz-1024x1024-1-150x150.png 150w, https:\/\/uninavarra.edu.co\/wp-content\/uploads\/2022\/06\/oficina-de-paz-1024x1024-1-768x768.png 768w, https:\/\/uninavarra.edu.co\/wp-content\/uploads\/2022\/06\/oficina-de-paz-1024x1024-1.png 1024w\" sizes=\"(max-width: 300px) 100vw, 300px\" \/><\/a>\n\t\t<\/div> \n\t<\/div><div class=\"vc_btn3-container  wpb_animate_when_almost_visible wpb_flipInX flipInX vc_btn3-center vc_do_btn\" ><a class=\"vc_general vc_btn3 vc_btn3-size-md vc_btn3-shape-rounded vc_btn3-style-modern vc_btn3-color-navarra\" href=\"https:\/\/uninavarra.edu.co\/sistema-gestion-calidad\/culturapaz\/\" title=\"\">Organizational Culture of Peace Management System<\/a><\/div><div class=\"wpb_single_image wpb_content_element wpb_animate_when_almost_visible wpb_flipInX flipInX vc_align_center\">\n\t\t<div class=\"wpb_wrapper\">\n\t\t\t\n\t\t\t<a href=\"https:\/\/uninavarra.edu.co\/sistema-gestion-calidad\/sgc-ciina\/\" target=\"_self\"><img decoding=\"async\" width=\"286\" height=\"300\" src=\"https:\/\/uninavarra.edu.co\/wp-content\/uploads\/2022\/06\/logo_CIINA-1-286x300.jpg\" class=\"vc_box_border_grey attachment-medium\" alt=\"\" title=\"logo_CIINA (1)\" srcset=\"https:\/\/uninavarra.edu.co\/wp-content\/uploads\/2022\/06\/logo_CIINA-1-286x300.jpg 286w, https:\/\/uninavarra.edu.co\/wp-content\/uploads\/2022\/06\/logo_CIINA-1-143x150.jpg 143w, https:\/\/uninavarra.edu.co\/wp-content\/uploads\/2022\/06\/logo_CIINA-1-768x805.jpg 768w, https:\/\/uninavarra.edu.co\/wp-content\/uploads\/2022\/06\/logo_CIINA-1-977x1024.jpg 977w, https:\/\/uninavarra.edu.co\/wp-content\/uploads\/2022\/06\/logo_CIINA-1-1465x1536.jpg 1465w, https:\/\/uninavarra.edu.co\/wp-content\/uploads\/2022\/06\/logo_CIINA-1-1954x2048.jpg 1954w\" sizes=\"(max-width: 286px) 100vw, 286px\" \/><\/a>\n\t\t<\/div> \n\t<\/div><div class=\"vc_btn3-container  wpb_animate_when_almost_visible wpb_flipInX flipInX vc_btn3-center vc_do_btn\" ><a class=\"vc_general vc_btn3 vc_btn3-size-md vc_btn3-shape-rounded vc_btn3-style-modern vc_btn3-color-navarra\" href=\"https:\/\/uninavarra.edu.co\/sistema-gestion-calidad\/sgc-ciina\/\" title=\"\">CIINA Quality Management System<\/a><\/div><div class=\"wpb_single_image wpb_content_element wpb_animate_when_almost_visible wpb_flipInX flipInX vc_align_center\">\n\t\t<div class=\"wpb_wrapper\">\n\t\t\t\n\t\t\t<a href=\"https:\/\/uninavarra.edu.co\/sistema-gestion-calidad\/inicio-gestion-de-seguridad-y-salud-en-el-trabajo\/\" target=\"_self\"><img loading=\"lazy\" decoding=\"async\" width=\"300\" height=\"233\" src=\"https:\/\/uninavarra.edu.co\/wp-content\/uploads\/2022\/06\/iconosSeguridad-300x233.png\" class=\"vc_box_border_grey attachment-medium\" alt=\"\" title=\"iconsSecurity\" srcset=\"https:\/\/uninavarra.edu.co\/wp-content\/uploads\/2022\/06\/iconosSeguridad-300x233.png 300w, https:\/\/uninavarra.edu.co\/wp-content\/uploads\/2022\/06\/iconosSeguridad-150x116.png 150w, https:\/\/uninavarra.edu.co\/wp-content\/uploads\/2022\/06\/iconosSeguridad-768x595.png 768w, https:\/\/uninavarra.edu.co\/wp-content\/uploads\/2022\/06\/iconosSeguridad-1024x794.png 1024w, https:\/\/uninavarra.edu.co\/wp-content\/uploads\/2022\/06\/iconosSeguridad.png 1200w\" sizes=\"(max-width: 300px) 100vw, 300px\" \/><\/a>\n\t\t<\/div> \n\t<\/div><div class=\"vc_btn3-container  wpb_animate_when_almost_visible wpb_flipInX flipInX vc_btn3-center vc_do_btn\" ><a class=\"vc_general vc_btn3 vc_btn3-size-md vc_btn3-shape-rounded vc_btn3-style-modern vc_btn3-color-navarra\" href=\"https:\/\/uninavarra.edu.co\/sistema-gestion-calidad\/inicio-gestion-de-seguridad-y-salud-en-el-trabajo\/\" title=\"\">Occupational Health and Safety Management System<\/a><\/div><div class=\"wpb_single_image wpb_content_element wpb_animate_when_almost_visible wpb_flipInX flipInX vc_align_center\">\n\t\t<div class=\"wpb_wrapper\">\n\t\t\t\n\t\t\t<a href=\"https:\/\/uninavarra.edu.co\/sistema-gestion-calidad-2\/sistema-de-gestion-ambiental\/\" target=\"_self\"><img loading=\"lazy\" decoding=\"async\" width=\"300\" height=\"300\" src=\"https:\/\/uninavarra.edu.co\/wp-content\/uploads\/2024\/05\/icono-ambiental-3-300x300.png\" class=\"vc_box_border_grey attachment-medium\" alt=\"\" title=\"icon-environmental-3\" srcset=\"https:\/\/uninavarra.edu.co\/wp-content\/uploads\/2024\/05\/icono-ambiental-3-300x300.png 300w, https:\/\/uninavarra.edu.co\/wp-content\/uploads\/2024\/05\/icono-ambiental-3-150x150.png 150w, https:\/\/uninavarra.edu.co\/wp-content\/uploads\/2024\/05\/icono-ambiental-3-768x768.png 768w, https:\/\/uninavarra.edu.co\/wp-content\/uploads\/2024\/05\/icono-ambiental-3-500x500.png 500w, https:\/\/uninavarra.edu.co\/wp-content\/uploads\/2024\/05\/icono-ambiental-3-800x800.png 800w, https:\/\/uninavarra.edu.co\/wp-content\/uploads\/2024\/05\/icono-ambiental-3.png 1000w\" sizes=\"(max-width: 300px) 100vw, 300px\" \/><\/a>\n\t\t<\/div> \n\t<\/div><div class=\"vc_btn3-container  wpb_animate_when_almost_visible wpb_flipInX flipInX vc_btn3-center vc_do_btn\" ><a class=\"vc_general vc_btn3 vc_btn3-size-md vc_btn3-shape-rounded vc_btn3-style-modern vc_btn3-color-navarra\" href=\"https:\/\/uninavarra.edu.co\/sistema-gestion-calidad-2\/sistema-de-gestion-ambiental\/\" title=\"\">Environmental Management System<\/a><\/div>\n\t\t<\/div> \n\t<\/div><div class=\"col-sm-9  vc_\">\n\t\t<div class=\"wpb_wrapper\">\n\t\t\t<div class=\"vc_row wpb_row vc_inner vc_row-fluid\"><div class=\"vc_ col-sm-2\"><div class=\"vc_column-inner\"><div class=\"wpb_wrapper\"><\/div><\/div><\/div><div class=\"vc_ col-sm-8\"><div class=\"vc_column-inner\"><div class=\"wpb_wrapper\"><div class=\"wpb_single_image wpb_content_element vc_align_center\">\n\t\t<div class=\"wpb_wrapper\">\n\t\t\t\n\t\t\t<a href=\"#\" target=\"_self\"><img loading=\"lazy\" decoding=\"async\" width=\"300\" height=\"297\" src=\"https:\/\/uninavarra.edu.co\/wp-content\/uploads\/2024\/05\/Navarrito-ODS-scaled-e1716390076204-300x297.jpg\" class=\"vc_box_border_grey attachment-medium\" alt=\"\" title=\"Navarrito ODS\" srcset=\"https:\/\/uninavarra.edu.co\/wp-content\/uploads\/2024\/05\/Navarrito-ODS-scaled-e1716390076204-300x297.jpg 300w, https:\/\/uninavarra.edu.co\/wp-content\/uploads\/2024\/05\/Navarrito-ODS-scaled-e1716390076204-1024x1015.jpg 1024w, https:\/\/uninavarra.edu.co\/wp-content\/uploads\/2024\/05\/Navarrito-ODS-scaled-e1716390076204-150x150.jpg 150w, https:\/\/uninavarra.edu.co\/wp-content\/uploads\/2024\/05\/Navarrito-ODS-scaled-e1716390076204-768x761.jpg 768w, https:\/\/uninavarra.edu.co\/wp-content\/uploads\/2024\/05\/Navarrito-ODS-scaled-e1716390076204.jpg 1493w\" sizes=\"(max-width: 300px) 100vw, 300px\" \/><\/a>\n\t\t<\/div> \n\t<\/div><\/div><\/div><\/div><div class=\"vc_ col-sm-2\"><div class=\"vc_column-inner\"><div class=\"wpb_wrapper\"><\/div><\/div><\/div><\/div>\n\t<div class=\"wpb_text_column wpb_content_element\" >\n\t\t<div class=\"wpb_wrapper\">\n\t\t\t<p style=\"text-align: justify;\"><span style=\"font-size: 16px; color: #000000;\">The continuous work in favor of sustainability placed the Fundaci\u00f3n Universitaria Navarra - UNINAVARRA, in the 2023 version of the list of the international organization Green Metric as one of the higher education institutions that strengthen collective processes in favor of sustainability and the environment in the world.<\/span><\/p>\n<p style=\"text-align: justify;\"><span style=\"font-size: 16px; color: #000000;\">This is the World University Rankings, an annual categorization that evaluates the actions undertaken within the company and with components of environment and infrastructure, energy and climate change, waste, water, transportation, education and development.<\/span><\/p>\n<p style=\"text-align: justify;\"><span style=\"font-size: 16px; color: #000000;\">This is the first time that UNINAVARRA applies for this measurement, with the resolution of a demanding questionnaire supported by evidence, as a self-evaluation in order to establish a diagnosis of how it is performing in this field.<\/span><\/p>\n<p style=\"text-align: justify;\"><span style=\"font-size: 16px; color: #000000;\">This application was supported by the Uninavarra campus management, Dorecci\u00f3n of the environmental engineering program and HSE coordination, CIINA management and other processes, which gathered updated information on the aforementioned criteria.<\/span><\/p>\n\n\t\t<\/div>\n\t<\/div>\n<div class=\"vc_row wpb_row vc_inner vc_row-fluid\"><div class=\"vc_ col-sm-12\"><div class=\"vc_column-inner\"><div class=\"wpb_wrapper\"><div class=\"vc_empty_space\"   style=\"height: 32px\"><span class=\"vc_empty_space_inner\"><\/span><\/div>\n\t<div class=\"wpb_text_column wpb_content_element\" >\n\t\t<div class=\"wpb_wrapper\">\n\t\t\t\n\n\t\t<\/div>\n\t<\/div>\n<\/div><\/div><\/div><\/div>\n\t<div class=\"wpb_text_column wpb_content_element\" >\n\t\t<div class=\"wpb_wrapper\">\n\t\t\t<p style=\"text-align: justify;\"><span style=\"font-size: 16px; color: #000000;\">\"It is an achievement for UNINAVARRA, a diagnosis of what is being done and a proposal of challenges for the next term,\" adds the office, based on the result that places UNINAVARRA in position 735 among 1183 global education institutions, and 38th in Colombia.<\/span><\/p>\n<p style=\"text-align: justify;\"><span style=\"font-size: 16px; color: #000000;\">GreenMetric is a University of Indonesia initiative launched in 2010, which aims to provide the result of an online survey on the current status and policies related to Green Campuses and Sustainability at universities worldwide.<\/span><\/p>\n\n\t\t<\/div>\n\t<\/div>\n<div class=\"vc_empty_space\"   style=\"height: 12px\"><span class=\"vc_empty_space_inner\"><\/span><\/div>\n\t<div class=\"wpb_text_column wpb_content_element\" >\n\t\t<div class=\"wpb_wrapper\">\n\t\t\t<p style=\"text-align: justify;\"><span style=\"font-size: 16px; color: #000000;\">The GreenMetric international sustainability ranking reflects UNINAVARRA's efforts to implement actions to mitigate environmental impacts, such as reducing the consumption of natural resources and comprehensive waste management, among other fundamental aspects of sustainability.<\/span><\/p>\n\n\t\t<\/div>\n\t<\/div>\n<div class=\"vc_row wpb_row vc_inner vc_row-fluid\"><div class=\"vc_ col-sm-3\"><div class=\"vc_column-inner\"><div class=\"wpb_wrapper\"><\/div><\/div><\/div><div class=\"vc_ col-sm-6\"><div class=\"vc_column-inner\"><div class=\"wpb_wrapper\"><div class=\"vc_empty_space\"   style=\"height: 32px\"><span class=\"vc_empty_space_inner\"><\/span><\/div><div class=\"wpb_single_image wpb_content_element vc_align_left\">\n\t\t<div class=\"wpb_wrapper\">\n\t\t\t\n\t\t\t<a href=\"#\" target=\"_self\"><img loading=\"lazy\" decoding=\"async\" width=\"583\" height=\"451\" src=\"https:\/\/uninavarra.edu.co\/wp-content\/uploads\/2024\/05\/Green-Metric-2.jpg\" class=\"vc_box_border_grey attachment-full\" alt=\"\" title=\"Green Metric (2)\" srcset=\"https:\/\/uninavarra.edu.co\/wp-content\/uploads\/2024\/05\/Green-Metric-2.jpg 583w, https:\/\/uninavarra.edu.co\/wp-content\/uploads\/2024\/05\/Green-Metric-2-300x232.jpg 300w, https:\/\/uninavarra.edu.co\/wp-content\/uploads\/2024\/05\/Green-Metric-2-150x116.jpg 150w\" sizes=\"(max-width: 583px) 100vw, 583px\" \/><\/a>\n\t\t<\/div> \n\t<\/div><\/div><\/div><\/div><div class=\"vc_ col-sm-3\"><div class=\"vc_column-inner\"><div class=\"wpb_wrapper\"><\/div><\/div><\/div><\/div>\n\t\t<\/div> \n\t<\/div><\/div><\/div><\/div>\n<\/div>","protected":false},"excerpt":{"rendered":"Sistema de Gesti\u00f3n de Calidad UNINAVARRA Sistema de gesti\u00f3n Cultura de Paz Organizacional Sistema de Gesti\u00f3n de Calidad CIINA Sistema de Gesti\u00f3n de Seguridad y Salud en el Trabajo Sistema [...]","protected":false},"author":1174,"featured_media":55459,"parent":72412,"menu_order":0,"comment_status":"closed","ping_status":"closed","template":"","meta":{"footnotes":""},"categories":[139],"tags":[],"class_list":["post-76333","page","type-page","status-publish","has-post-thumbnail","hentry","category-sistema-calidad"],"yoast_head":"<!-- This site is optimized with the Yoast SEO plugin v27.2 - https:\/\/yoast.com\/product\/yoast-seo-wordpress\/ -->\n<title>UI GreenMetric World University - Uninavarra<\/title>\n<meta name=\"robots\" content=\"index, follow, max-snippet:-1, max-image-preview:large, max-video-preview:-1\" \/>\n<link rel=\"canonical\" href=\"https:\/\/uninavarra.edu.co\/en\/sistema-gestion-calidad-publica\/sistema-de-gestion-ambiental-publico\/ui-greenmetric-world-university\/\" \/>\n<meta property=\"og:locale\" content=\"en_US\" \/>\n<meta property=\"og:type\" content=\"article\" \/>\n<meta property=\"og:title\" content=\"UI GreenMetric World University - Uninavarra\" \/>\n<meta property=\"og:url\" content=\"https:\/\/uninavarra.edu.co\/en\/sistema-gestion-calidad-publica\/sistema-de-gestion-ambiental-publico\/ui-greenmetric-world-university\/\" \/>\n<meta property=\"og:site_name\" content=\"Uninavarra\" \/>\n<meta property=\"article:publisher\" content=\"https:\/\/www.facebook.com\/UninavarraEduca\" \/>\n<meta property=\"article:modified_time\" content=\"2024-05-30T22:35:51+00:00\" \/>\n<meta property=\"og:image\" content=\"https:\/\/uninavarra.edu.co\/wp-content\/uploads\/2022\/12\/sistema-de-gestio\u0301n-banner-2.jpg\" \/>\n\t<meta property=\"og:image:width\" content=\"2480\" \/>\n\t<meta property=\"og:image:height\" content=\"276\" \/>\n\t<meta property=\"og:image:type\" content=\"image\/jpeg\" \/>\n<meta name=\"twitter:card\" content=\"summary_large_image\" \/>\n<meta name=\"twitter:site\" content=\"@uninavarraeduca\" \/>\n<meta name=\"twitter:label1\" content=\"Est. reading time\" \/>\n\t<meta name=\"twitter:data1\" content=\"4 minutes\" \/>\n<script type=\"application\/ld+json\" class=\"yoast-schema-graph\">{\"@context\":\"https:\/\/schema.org\",\"@graph\":[{\"@type\":\"WebPage\",\"@id\":\"https:\/\/uninavarra.edu.co\/sistema-gestion-calidad-publica\/sistema-de-gestion-ambiental-publico\/ui-greenmetric-world-university\/\",\"url\":\"https:\/\/uninavarra.edu.co\/sistema-gestion-calidad-publica\/sistema-de-gestion-ambiental-publico\/ui-greenmetric-world-university\/\",\"name\":\"UI GreenMetric World University - Uninavarra\",\"isPartOf\":{\"@id\":\"https:\/\/uninavarra.edu.co\/#website\"},\"primaryImageOfPage\":{\"@id\":\"https:\/\/uninavarra.edu.co\/sistema-gestion-calidad-publica\/sistema-de-gestion-ambiental-publico\/ui-greenmetric-world-university\/#primaryimage\"},\"image\":{\"@id\":\"https:\/\/uninavarra.edu.co\/sistema-gestion-calidad-publica\/sistema-de-gestion-ambiental-publico\/ui-greenmetric-world-university\/#primaryimage\"},\"thumbnailUrl\":\"https:\/\/uninavarra.edu.co\/wp-content\/uploads\/2022\/12\/sistema-de-gestio\u0301n-banner-2.jpg\",\"datePublished\":\"2024-05-15T12:50:11+00:00\",\"dateModified\":\"2024-05-30T22:35:51+00:00\",\"breadcrumb\":{\"@id\":\"https:\/\/uninavarra.edu.co\/sistema-gestion-calidad-publica\/sistema-de-gestion-ambiental-publico\/ui-greenmetric-world-university\/#breadcrumb\"},\"inLanguage\":\"en-US\",\"potentialAction\":[{\"@type\":\"ReadAction\",\"target\":[\"https:\/\/uninavarra.edu.co\/sistema-gestion-calidad-publica\/sistema-de-gestion-ambiental-publico\/ui-greenmetric-world-university\/\"]}]},{\"@type\":\"ImageObject\",\"inLanguage\":\"en-US\",\"@id\":\"https:\/\/uninavarra.edu.co\/sistema-gestion-calidad-publica\/sistema-de-gestion-ambiental-publico\/ui-greenmetric-world-university\/#primaryimage\",\"url\":\"https:\/\/uninavarra.edu.co\/wp-content\/uploads\/2022\/12\/sistema-de-gestio\u0301n-banner-2.jpg\",\"contentUrl\":\"https:\/\/uninavarra.edu.co\/wp-content\/uploads\/2022\/12\/sistema-de-gestio\u0301n-banner-2.jpg\",\"width\":2480,\"height\":276,\"caption\":\"sistema-de-gestio\u0301n-banner-2\"},{\"@type\":\"BreadcrumbList\",\"@id\":\"https:\/\/uninavarra.edu.co\/sistema-gestion-calidad-publica\/sistema-de-gestion-ambiental-publico\/ui-greenmetric-world-university\/#breadcrumb\",\"itemListElement\":[{\"@type\":\"ListItem\",\"position\":1,\"name\":\"Home\",\"item\":\"https:\/\/uninavarra.edu.co\/\"},{\"@type\":\"ListItem\",\"position\":2,\"name\":\"Sistemas de Gesti\u00f3n\",\"item\":\"https:\/\/uninavarra.edu.co\/sistema-gestion-calidad-publica\/\"},{\"@type\":\"ListItem\",\"position\":3,\"name\":\"Sistema de Gesti\u00f3n Ambiental\",\"item\":\"https:\/\/uninavarra.edu.co\/en\/sistema-gestion-calidad-publica\/sistema-de-gestion-ambiental-publico\/\"},{\"@type\":\"ListItem\",\"position\":4,\"name\":\"UI GreenMetric World University\"}]},{\"@type\":\"WebSite\",\"@id\":\"https:\/\/uninavarra.edu.co\/#website\",\"url\":\"https:\/\/uninavarra.edu.co\/\",\"name\":\"UNINAVARRA\",\"description\":\"Haz realidad tu deseo de aprender\",\"publisher\":{\"@id\":\"https:\/\/uninavarra.edu.co\/#organization\"},\"potentialAction\":[{\"@type\":\"SearchAction\",\"target\":{\"@type\":\"EntryPoint\",\"urlTemplate\":\"https:\/\/uninavarra.edu.co\/?s={search_term_string}\"},\"query-input\":{\"@type\":\"PropertyValueSpecification\",\"valueRequired\":true,\"valueName\":\"search_term_string\"}}],\"inLanguage\":\"en-US\"},{\"@type\":\"Organization\",\"@id\":\"https:\/\/uninavarra.edu.co\/#organization\",\"name\":\"Fundaci\u00f3n Universitaria Navarra - UNINAVARRA\",\"url\":\"https:\/\/uninavarra.edu.co\/\",\"logo\":{\"@type\":\"ImageObject\",\"inLanguage\":\"en-US\",\"@id\":\"https:\/\/uninavarra.edu.co\/#\/schema\/logo\/image\/\",\"url\":\"https:\/\/uninavarra.edu.co\/wp-content\/uploads\/2024\/06\/Escudo-uninavarra-Solo.png\",\"contentUrl\":\"https:\/\/uninavarra.edu.co\/wp-content\/uploads\/2024\/06\/Escudo-uninavarra-Solo.png\",\"width\":1500,\"height\":1401,\"caption\":\"Fundaci\u00f3n Universitaria Navarra - UNINAVARRA\"},\"image\":{\"@id\":\"https:\/\/uninavarra.edu.co\/#\/schema\/logo\/image\/\"},\"sameAs\":[\"https:\/\/www.facebook.com\/UninavarraEduca\",\"https:\/\/x.com\/uninavarraeduca\",\"https:\/\/www.instagram.com\/uninavarra\/?hl=es\",\"https:\/\/www.linkedin.com\/in\/fundacin-universitaria-navarra-uninavarra-b41225222\/\"]}]}<\/script>\n<!-- \/ Yoast SEO plugin. -->","yoast_head_json":{"title":"UI GreenMetric World University - Uninavarra","robots":{"index":"index","follow":"follow","max-snippet":"max-snippet:-1","max-image-preview":"max-image-preview:large","max-video-preview":"max-video-preview:-1"},"canonical":"https:\/\/uninavarra.edu.co\/en\/sistema-gestion-calidad-publica\/sistema-de-gestion-ambiental-publico\/ui-greenmetric-world-university\/","og_locale":"en_US","og_type":"article","og_title":"UI GreenMetric World University - Uninavarra","og_url":"https:\/\/uninavarra.edu.co\/en\/sistema-gestion-calidad-publica\/sistema-de-gestion-ambiental-publico\/ui-greenmetric-world-university\/","og_site_name":"Uninavarra","article_publisher":"https:\/\/www.facebook.com\/UninavarraEduca","article_modified_time":"2024-05-30T22:35:51+00:00","og_image":[{"width":2480,"height":276,"url":"https:\/\/uninavarra.edu.co\/wp-content\/uploads\/2022\/12\/sistema-de-gestio\u0301n-banner-2.jpg","type":"image\/jpeg"}],"twitter_card":"summary_large_image","twitter_site":"@uninavarraeduca","twitter_misc":{"Est. reading time":"4 minutes"},"schema":{"@context":"https:\/\/schema.org","@graph":[{"@type":"WebPage","@id":"https:\/\/uninavarra.edu.co\/sistema-gestion-calidad-publica\/sistema-de-gestion-ambiental-publico\/ui-greenmetric-world-university\/","url":"https:\/\/uninavarra.edu.co\/sistema-gestion-calidad-publica\/sistema-de-gestion-ambiental-publico\/ui-greenmetric-world-university\/","name":"UI GreenMetric World University - Uninavarra","isPartOf":{"@id":"https:\/\/uninavarra.edu.co\/#website"},"primaryImageOfPage":{"@id":"https:\/\/uninavarra.edu.co\/sistema-gestion-calidad-publica\/sistema-de-gestion-ambiental-publico\/ui-greenmetric-world-university\/#primaryimage"},"image":{"@id":"https:\/\/uninavarra.edu.co\/sistema-gestion-calidad-publica\/sistema-de-gestion-ambiental-publico\/ui-greenmetric-world-university\/#primaryimage"},"thumbnailUrl":"https:\/\/uninavarra.edu.co\/wp-content\/uploads\/2022\/12\/sistema-de-gestio\u0301n-banner-2.jpg","datePublished":"2024-05-15T12:50:11+00:00","dateModified":"2024-05-30T22:35:51+00:00","breadcrumb":{"@id":"https:\/\/uninavarra.edu.co\/sistema-gestion-calidad-publica\/sistema-de-gestion-ambiental-publico\/ui-greenmetric-world-university\/#breadcrumb"},"inLanguage":"en-US","potentialAction":[{"@type":"ReadAction","target":["https:\/\/uninavarra.edu.co\/sistema-gestion-calidad-publica\/sistema-de-gestion-ambiental-publico\/ui-greenmetric-world-university\/"]}]},{"@type":"ImageObject","inLanguage":"en-US","@id":"https:\/\/uninavarra.edu.co\/sistema-gestion-calidad-publica\/sistema-de-gestion-ambiental-publico\/ui-greenmetric-world-university\/#primaryimage","url":"https:\/\/uninavarra.edu.co\/wp-content\/uploads\/2022\/12\/sistema-de-gestio\u0301n-banner-2.jpg","contentUrl":"https:\/\/uninavarra.edu.co\/wp-content\/uploads\/2022\/12\/sistema-de-gestio\u0301n-banner-2.jpg","width":2480,"height":276,"caption":"sistema-de-gestio\u0301n-banner-2"},{"@type":"BreadcrumbList","@id":"https:\/\/uninavarra.edu.co\/sistema-gestion-calidad-publica\/sistema-de-gestion-ambiental-publico\/ui-greenmetric-world-university\/#breadcrumb","itemListElement":[{"@type":"ListItem","position":1,"name":"Home","item":"https:\/\/uninavarra.edu.co\/"},{"@type":"ListItem","position":2,"name":"Sistemas de Gesti\u00f3n","item":"https:\/\/uninavarra.edu.co\/sistema-gestion-calidad-publica\/"},{"@type":"ListItem","position":3,"name":"Sistema de Gesti\u00f3n Ambiental","item":"https:\/\/uninavarra.edu.co\/en\/sistema-gestion-calidad-publica\/sistema-de-gestion-ambiental-publico\/"},{"@type":"ListItem","position":4,"name":"UI GreenMetric World University"}]},{"@type":"WebSite","@id":"https:\/\/uninavarra.edu.co\/#website","url":"https:\/\/uninavarra.edu.co\/","name":"UNINAVARRA","description":"Make your desire to learn a reality","publisher":{"@id":"https:\/\/uninavarra.edu.co\/#organization"},"potentialAction":[{"@type":"SearchAction","target":{"@type":"EntryPoint","urlTemplate":"https:\/\/uninavarra.edu.co\/?s={search_term_string}"},"query-input":{"@type":"PropertyValueSpecification","valueRequired":true,"valueName":"search_term_string"}}],"inLanguage":"en-US"},{"@type":"Organization","@id":"https:\/\/uninavarra.edu.co\/#organization","name":"Navarre University Foundation - UNINAVARRA","url":"https:\/\/uninavarra.edu.co\/","logo":{"@type":"ImageObject","inLanguage":"en-US","@id":"https:\/\/uninavarra.edu.co\/#\/schema\/logo\/image\/","url":"https:\/\/uninavarra.edu.co\/wp-content\/uploads\/2024\/06\/Escudo-uninavarra-Solo.png","contentUrl":"https:\/\/uninavarra.edu.co\/wp-content\/uploads\/2024\/06\/Escudo-uninavarra-Solo.png","width":1500,"height":1401,"caption":"Fundaci\u00f3n Universitaria Navarra - UNINAVARRA"},"image":{"@id":"https:\/\/uninavarra.edu.co\/#\/schema\/logo\/image\/"},"sameAs":["https:\/\/www.facebook.com\/UninavarraEduca","https:\/\/x.com\/uninavarraeduca","https:\/\/www.instagram.com\/uninavarra\/?hl=es","https:\/\/www.linkedin.com\/in\/fundacin-universitaria-navarra-uninavarra-b41225222\/"]}]}},"_links":{"self":[{"href":"https:\/\/uninavarra.edu.co\/en\/wp-json\/wp\/v2\/pages\/76333","targetHints":{"allow":["GET"]}}],"collection":[{"href":"https:\/\/uninavarra.edu.co\/en\/wp-json\/wp\/v2\/pages"}],"about":[{"href":"https:\/\/uninavarra.edu.co\/en\/wp-json\/wp\/v2\/types\/page"}],"author":[{"embeddable":true,"href":"https:\/\/uninavarra.edu.co\/en\/wp-json\/wp\/v2\/users\/1174"}],"replies":[{"embeddable":true,"href":"https:\/\/uninavarra.edu.co\/en\/wp-json\/wp\/v2\/comments?post=76333"}],"version-history":[{"count":0,"href":"https:\/\/uninavarra.edu.co\/en\/wp-json\/wp\/v2\/pages\/76333\/revisions"}],"up":[{"embeddable":true,"href":"https:\/\/uninavarra.edu.co\/en\/wp-json\/wp\/v2\/pages\/72412"}],"wp:featuredmedia":[{"embeddable":true,"href":"https:\/\/uninavarra.edu.co\/en\/wp-json\/wp\/v2\/media\/55459"}],"wp:attachment":[{"href":"https:\/\/uninavarra.edu.co\/en\/wp-json\/wp\/v2\/media?parent=76333"}],"wp:term":[{"taxonomy":"category","embeddable":true,"href":"https:\/\/uninavarra.edu.co\/en\/wp-json\/wp\/v2\/categories?post=76333"},{"taxonomy":"post_tag","embeddable":true,"href":"https:\/\/uninavarra.edu.co\/en\/wp-json\/wp\/v2\/tags?post=76333"}],"curies":[{"name":"wp","href":"https:\/\/api.w.org\/{rel}","templated":true}]}}