{"id":7579,"date":"2018-01-17T14:32:27","date_gmt":"2018-01-17T19:32:27","guid":{"rendered":"https:\/\/uninavarra.edu.co\/?page_id=7579"},"modified":"2026-02-05T07:22:10","modified_gmt":"2026-02-05T12:22:10","slug":"dialogos","status":"publish","type":"page","link":"https:\/\/uninavarra.edu.co\/en\/ciina\/grupos-de-investigacion\/dialogos\/","title":{"rendered":"Research Group: Di\u00e1logos"},"content":{"rendered":"<div class=\"wpb-content-wrapper\"><div class=\"wpb-container\"><div class=\"container\"><div class=\"vc_row wpb_row vc_row-fluid row\"><div class=\"col-sm-12  vc_\">\n\t\t<div class=\"wpb_wrapper\">\n\t\t\t\n\t<div class=\"wpb_text_column wpb_content_element\" >\n\t\t<div class=\"wpb_wrapper\">\n\t\t\t\n\t\t<\/div>\n\t<\/div>\n\n\t\t<\/div> \n\t<\/div><\/div><\/div><\/div><div class=\"wpb-container\"><div class=\"container\"><div class=\"vc_row wpb_row vc_row-fluid row\"><div class=\"col-sm-3  vc_\">\n\t\t<div class=\"wpb_wrapper\">\n\t\t\t<div class=\"wpb_single_image wpb_content_element vc_align_right\">\n\t\t<div class=\"wpb_wrapper\">\n\t\t\t\n\t\t\t<a href=\"#\" target=\"_self\"><img fetchpriority=\"high\" decoding=\"async\" width=\"272\" height=\"272\" src=\"https:\/\/uninavarra.edu.co\/wp-content\/uploads\/2016\/02\/Grupo-Dialogos-PWC-2-1.jpg\" class=\"vc_box_border_grey attachment-medium\" alt=\"\" title=\"Group-Dialogos-PWC-2 (1)\" srcset=\"https:\/\/uninavarra.edu.co\/wp-content\/uploads\/2016\/02\/Grupo-Dialogos-PWC-2-1.jpg 272w, https:\/\/uninavarra.edu.co\/wp-content\/uploads\/2016\/02\/Grupo-Dialogos-PWC-2-1-150x150.jpg 150w\" sizes=\"(max-width: 272px) 100vw, 272px\" \/><\/a>\n\t\t<\/div> \n\t<\/div>\n\t\t<\/div> \n\t<\/div><div class=\"col-sm-9  vc_\">\n\t\t<div class=\"wpb_wrapper\">\n\t\t\t\n\t<div class=\"wpb_text_column wpb_content_element\" >\n\t\t<div class=\"wpb_wrapper\">\n\t\t\t<p><strong>Name of the Research Group:<\/strong> <span style=\"text-decoration: underline; color: #0000ff;\"><span style=\"font-size: 20px;\"><a style=\"color: #0000ff; text-decoration: underline;\" href=\"https:\/\/scienti.colciencias.gov.co\/gruplac\/jsp\/visualiza\/visualizagr.jsp?nro=00000000016364\">Dialogues<\/a><\/span><\/span><br \/>\n<strong>Classification before MINCIENCIAS : <span style=\"font-size: 20px; color: #e30613;\">Category C<\/span><\/strong><br \/>\n<strong>Group Code:\u00a0<\/strong>COL0161604<\/p>\n<p><strong>Call 957 of 2024<\/strong><\/p>\n<p><strong>Research Group Leader: CHRISTIAN MEDINA ROJA<\/strong><br \/>\n<strong>Contact us:<\/strong> \u00a0decanafacultadhcs@uninavarra.<wbr \/>edu.co<\/p>\n<p><strong>Lines of Research: <\/strong><\/p>\n<ul class=\"icon\">\n<li>Development Studies and International Relations<\/li>\n<li>Convergence of Private Law With Public Law<\/li>\n<li>Private Law<\/li>\n<\/ul>\n<p><strong>Members of the Research Group:<\/strong><\/p>\n<ul class=\"icon\">\n<li>Christian Medina Rojas<\/li>\n<li><span style=\"font-weight: 400;\">\u00a0<\/span><span style=\"font-weight: 400;\">Martha Cecilia Abella<\/span><\/li>\n<li>Katherin Torres P.<\/li>\n<li>Jos\u00e9 Daniel Charry<\/li>\n<li>Sandra Navarro Parra<\/li>\n<li>Cesar Mauricio Nieto Polania<\/li>\n<li>\u00a0Brayan Plazas Molano<\/li>\n<li>Aristides Pe\u00f1a Zu\u00f1iga<\/li>\n<li>Astrid Xiomara Fl\u00f3rez Quesada<\/li>\n<li>David de la Torre Vargas<\/li>\n<li>David Rodr\u00edguez Guzm\u00e1n<\/li>\n<li>Germ\u00e1n Gonzalo Bar\u00f3 Rojas<\/li>\n<li>Jacobo Quintero Manchola<\/li>\n<li>Juan Corredor Garc\u00eda<\/li>\n<li>Katherin Torres Posada<\/li>\n<li>Leidy Esmeralda Herrera Jara<\/li>\n<li>Mar\u00eda del Pilar Ahumada Mej\u00eda<\/li>\n<li>Mar\u00eda del Pilar Moreno Gonzales<\/li>\n<li>Piero Emmanuel Silva Arce<\/li>\n<li>Sandra Liliana Navarro Parra<\/li>\n<li>William Javier Salazar Medina<\/li>\n<\/ul>\n<p><strong>Research Seminars:<\/strong><\/p>\n<ul class=\"icon lista_semilleros\">\n<li>MALALA\n<ul>\n<li>Leader: Martha Cecilia Abella<\/li>\n<\/ul>\n<\/li>\n<\/ul>\n<ul class=\"icon lista_semilleros\">\n<li>NELSON MANDELA\n<ul>\n<li>Leader: Jairo Humberto Mu\u00f1oz - Cesar Mauricio Nieto<\/li>\n<\/ul>\n<\/li>\n<\/ul>\n<ul class=\"icon lista_semilleros\">\n<li>ESMERALDA ARBOLEDA\n<ul>\n<li>Leader: Jairo Humberto Mu\u00f1oz<\/li>\n<\/ul>\n<\/li>\n<\/ul>\n\n\t\t<\/div>\n\t<\/div>\n\n\t\t<\/div> \n\t<\/div><\/div><\/div><\/div><div class=\"wpb-container\"><div class=\"container\"><div class=\"vc_row wpb_row vc_row-fluid row\"><div class=\"col-sm-12  vc_\">\n\t\t<div class=\"wpb_wrapper\">\n\t\t\t\n\t<div class=\"wpb_text_column wpb_content_element\" >\n\t\t<div class=\"wpb_wrapper\">\n\t\t\t\n\t\t<\/div>\n\t<\/div>\n\n\t\t<\/div> \n\t<\/div><\/div><\/div><\/div>\n<\/div>","protected":false},"excerpt":{"rendered":"Nombre del Grupo de Investigaci\u00f3n: Di\u00e1logos Clasificaci\u00f3n ante MINCIENCIAS : Categor\u00eda C C\u00f3digo Grupo:\u00a0COL0161604 Convocatoria 957 de 2024 L\u00edder del Grupo de Investigaci\u00f3n: CHRISTIAN MEDINA ROJA Contacto: \u00a0decanafacultadhcs@uninavarra.edu.co L\u00edneas de [...]","protected":false},"author":13,"featured_media":0,"parent":9765,"menu_order":0,"comment_status":"closed","ping_status":"closed","template":"","meta":{"footnotes":""},"categories":[1],"tags":[],"class_list":["post-7579","page","type-page","status-publish","hentry","category-uncategorized"],"yoast_head":"<!-- This site is optimized with the Yoast SEO plugin v27.2 - https:\/\/yoast.com\/product\/yoast-seo-wordpress\/ -->\n<title>Grupo de Investigaci\u00f3n: Di\u00e1logos - Uninavarra<\/title>\n<meta name=\"robots\" content=\"index, follow, max-snippet:-1, max-image-preview:large, max-video-preview:-1\" \/>\n<link rel=\"canonical\" href=\"https:\/\/uninavarra.edu.co\/en\/ciina\/grupos-de-investigacion\/dialogos\/\" \/>\n<meta property=\"og:locale\" content=\"en_US\" \/>\n<meta property=\"og:type\" content=\"article\" \/>\n<meta property=\"og:title\" content=\"Grupo de Investigaci\u00f3n: Di\u00e1logos - Uninavarra\" \/>\n<meta property=\"og:url\" content=\"https:\/\/uninavarra.edu.co\/en\/ciina\/grupos-de-investigacion\/dialogos\/\" \/>\n<meta property=\"og:site_name\" content=\"Uninavarra\" \/>\n<meta property=\"article:publisher\" content=\"https:\/\/www.facebook.com\/UninavarraEduca\" \/>\n<meta property=\"article:modified_time\" content=\"2026-02-05T12:22:10+00:00\" \/>\n<meta name=\"twitter:card\" content=\"summary_large_image\" \/>\n<meta name=\"twitter:site\" content=\"@uninavarraeduca\" \/>\n<meta name=\"twitter:label1\" content=\"Est. reading time\" \/>\n\t<meta name=\"twitter:data1\" content=\"1 minute\" \/>\n<script type=\"application\/ld+json\" class=\"yoast-schema-graph\">{\"@context\":\"https:\/\/schema.org\",\"@graph\":[{\"@type\":\"WebPage\",\"@id\":\"https:\/\/uninavarra.edu.co\/ciina\/grupos-de-investigacion\/dialogos\/\",\"url\":\"https:\/\/uninavarra.edu.co\/ciina\/grupos-de-investigacion\/dialogos\/\",\"name\":\"Grupo de Investigaci\u00f3n: Di\u00e1logos - Uninavarra\",\"isPartOf\":{\"@id\":\"https:\/\/uninavarra.edu.co\/#website\"},\"datePublished\":\"2018-01-17T19:32:27+00:00\",\"dateModified\":\"2026-02-05T12:22:10+00:00\",\"breadcrumb\":{\"@id\":\"https:\/\/uninavarra.edu.co\/ciina\/grupos-de-investigacion\/dialogos\/#breadcrumb\"},\"inLanguage\":\"en-US\",\"potentialAction\":[{\"@type\":\"ReadAction\",\"target\":[\"https:\/\/uninavarra.edu.co\/ciina\/grupos-de-investigacion\/dialogos\/\"]}]},{\"@type\":\"BreadcrumbList\",\"@id\":\"https:\/\/uninavarra.edu.co\/ciina\/grupos-de-investigacion\/dialogos\/#breadcrumb\",\"itemListElement\":[{\"@type\":\"ListItem\",\"position\":1,\"name\":\"Home\",\"item\":\"https:\/\/uninavarra.edu.co\/\"},{\"@type\":\"ListItem\",\"position\":2,\"name\":\"CIINA\",\"item\":\"https:\/\/uninavarra.edu.co\/ciina\/\"},{\"@type\":\"ListItem\",\"position\":3,\"name\":\"Grupos de Investigaci\u00f3n\",\"item\":\"https:\/\/uninavarra.edu.co\/ciina\/grupos-de-investigacion\/\"},{\"@type\":\"ListItem\",\"position\":4,\"name\":\"Grupo de Investigaci\u00f3n: Di\u00e1logos\"}]},{\"@type\":\"WebSite\",\"@id\":\"https:\/\/uninavarra.edu.co\/#website\",\"url\":\"https:\/\/uninavarra.edu.co\/\",\"name\":\"UNINAVARRA\",\"description\":\"Haz realidad tu deseo de aprender\",\"publisher\":{\"@id\":\"https:\/\/uninavarra.edu.co\/#organization\"},\"potentialAction\":[{\"@type\":\"SearchAction\",\"target\":{\"@type\":\"EntryPoint\",\"urlTemplate\":\"https:\/\/uninavarra.edu.co\/?s={search_term_string}\"},\"query-input\":{\"@type\":\"PropertyValueSpecification\",\"valueRequired\":true,\"valueName\":\"search_term_string\"}}],\"inLanguage\":\"en-US\"},{\"@type\":\"Organization\",\"@id\":\"https:\/\/uninavarra.edu.co\/#organization\",\"name\":\"Fundaci\u00f3n Universitaria Navarra - UNINAVARRA\",\"url\":\"https:\/\/uninavarra.edu.co\/\",\"logo\":{\"@type\":\"ImageObject\",\"inLanguage\":\"en-US\",\"@id\":\"https:\/\/uninavarra.edu.co\/#\/schema\/logo\/image\/\",\"url\":\"https:\/\/uninavarra.edu.co\/wp-content\/uploads\/2024\/06\/Escudo-uninavarra-Solo.png\",\"contentUrl\":\"https:\/\/uninavarra.edu.co\/wp-content\/uploads\/2024\/06\/Escudo-uninavarra-Solo.png\",\"width\":1500,\"height\":1401,\"caption\":\"Fundaci\u00f3n Universitaria Navarra - UNINAVARRA\"},\"image\":{\"@id\":\"https:\/\/uninavarra.edu.co\/#\/schema\/logo\/image\/\"},\"sameAs\":[\"https:\/\/www.facebook.com\/UninavarraEduca\",\"https:\/\/x.com\/uninavarraeduca\",\"https:\/\/www.instagram.com\/uninavarra\/?hl=es\",\"https:\/\/www.linkedin.com\/in\/fundacin-universitaria-navarra-uninavarra-b41225222\/\"]}]}<\/script>\n<!-- \/ Yoast SEO plugin. -->","yoast_head_json":{"title":"Grupo de Investigaci\u00f3n: Di\u00e1logos - Uninavarra","robots":{"index":"index","follow":"follow","max-snippet":"max-snippet:-1","max-image-preview":"max-image-preview:large","max-video-preview":"max-video-preview:-1"},"canonical":"https:\/\/uninavarra.edu.co\/en\/ciina\/grupos-de-investigacion\/dialogos\/","og_locale":"en_US","og_type":"article","og_title":"Grupo de Investigaci\u00f3n: Di\u00e1logos - Uninavarra","og_url":"https:\/\/uninavarra.edu.co\/en\/ciina\/grupos-de-investigacion\/dialogos\/","og_site_name":"Uninavarra","article_publisher":"https:\/\/www.facebook.com\/UninavarraEduca","article_modified_time":"2026-02-05T12:22:10+00:00","twitter_card":"summary_large_image","twitter_site":"@uninavarraeduca","twitter_misc":{"Est. reading time":"1 minute"},"schema":{"@context":"https:\/\/schema.org","@graph":[{"@type":"WebPage","@id":"https:\/\/uninavarra.edu.co\/ciina\/grupos-de-investigacion\/dialogos\/","url":"https:\/\/uninavarra.edu.co\/ciina\/grupos-de-investigacion\/dialogos\/","name":"Grupo de Investigaci\u00f3n: Di\u00e1logos - Uninavarra","isPartOf":{"@id":"https:\/\/uninavarra.edu.co\/#website"},"datePublished":"2018-01-17T19:32:27+00:00","dateModified":"2026-02-05T12:22:10+00:00","breadcrumb":{"@id":"https:\/\/uninavarra.edu.co\/ciina\/grupos-de-investigacion\/dialogos\/#breadcrumb"},"inLanguage":"en-US","potentialAction":[{"@type":"ReadAction","target":["https:\/\/uninavarra.edu.co\/ciina\/grupos-de-investigacion\/dialogos\/"]}]},{"@type":"BreadcrumbList","@id":"https:\/\/uninavarra.edu.co\/ciina\/grupos-de-investigacion\/dialogos\/#breadcrumb","itemListElement":[{"@type":"ListItem","position":1,"name":"Home","item":"https:\/\/uninavarra.edu.co\/"},{"@type":"ListItem","position":2,"name":"CIINA","item":"https:\/\/uninavarra.edu.co\/ciina\/"},{"@type":"ListItem","position":3,"name":"Grupos de Investigaci\u00f3n","item":"https:\/\/uninavarra.edu.co\/ciina\/grupos-de-investigacion\/"},{"@type":"ListItem","position":4,"name":"Grupo de Investigaci\u00f3n: Di\u00e1logos"}]},{"@type":"WebSite","@id":"https:\/\/uninavarra.edu.co\/#website","url":"https:\/\/uninavarra.edu.co\/","name":"UNINAVARRA","description":"Make your desire to learn a reality","publisher":{"@id":"https:\/\/uninavarra.edu.co\/#organization"},"potentialAction":[{"@type":"SearchAction","target":{"@type":"EntryPoint","urlTemplate":"https:\/\/uninavarra.edu.co\/?s={search_term_string}"},"query-input":{"@type":"PropertyValueSpecification","valueRequired":true,"valueName":"search_term_string"}}],"inLanguage":"en-US"},{"@type":"Organization","@id":"https:\/\/uninavarra.edu.co\/#organization","name":"Navarre University Foundation - UNINAVARRA","url":"https:\/\/uninavarra.edu.co\/","logo":{"@type":"ImageObject","inLanguage":"en-US","@id":"https:\/\/uninavarra.edu.co\/#\/schema\/logo\/image\/","url":"https:\/\/uninavarra.edu.co\/wp-content\/uploads\/2024\/06\/Escudo-uninavarra-Solo.png","contentUrl":"https:\/\/uninavarra.edu.co\/wp-content\/uploads\/2024\/06\/Escudo-uninavarra-Solo.png","width":1500,"height":1401,"caption":"Fundaci\u00f3n Universitaria Navarra - UNINAVARRA"},"image":{"@id":"https:\/\/uninavarra.edu.co\/#\/schema\/logo\/image\/"},"sameAs":["https:\/\/www.facebook.com\/UninavarraEduca","https:\/\/x.com\/uninavarraeduca","https:\/\/www.instagram.com\/uninavarra\/?hl=es","https:\/\/www.linkedin.com\/in\/fundacin-universitaria-navarra-uninavarra-b41225222\/"]}]}},"_links":{"self":[{"href":"https:\/\/uninavarra.edu.co\/en\/wp-json\/wp\/v2\/pages\/7579","targetHints":{"allow":["GET"]}}],"collection":[{"href":"https:\/\/uninavarra.edu.co\/en\/wp-json\/wp\/v2\/pages"}],"about":[{"href":"https:\/\/uninavarra.edu.co\/en\/wp-json\/wp\/v2\/types\/page"}],"author":[{"embeddable":true,"href":"https:\/\/uninavarra.edu.co\/en\/wp-json\/wp\/v2\/users\/13"}],"replies":[{"embeddable":true,"href":"https:\/\/uninavarra.edu.co\/en\/wp-json\/wp\/v2\/comments?post=7579"}],"version-history":[{"count":0,"href":"https:\/\/uninavarra.edu.co\/en\/wp-json\/wp\/v2\/pages\/7579\/revisions"}],"up":[{"embeddable":true,"href":"https:\/\/uninavarra.edu.co\/en\/wp-json\/wp\/v2\/pages\/9765"}],"wp:attachment":[{"href":"https:\/\/uninavarra.edu.co\/en\/wp-json\/wp\/v2\/media?parent=7579"}],"wp:term":[{"taxonomy":"category","embeddable":true,"href":"https:\/\/uninavarra.edu.co\/en\/wp-json\/wp\/v2\/categories?post=7579"},{"taxonomy":"post_tag","embeddable":true,"href":"https:\/\/uninavarra.edu.co\/en\/wp-json\/wp\/v2\/tags?post=7579"}],"curies":[{"name":"wp","href":"https:\/\/api.w.org\/{rel}","templated":true}]}}