{"id":7572,"date":"2018-01-17T13:46:09","date_gmt":"2018-01-17T18:46:09","guid":{"rendered":"https:\/\/uninavarra.edu.co\/?page_id=7572"},"modified":"2026-02-04T16:43:01","modified_gmt":"2026-02-04T21:43:01","slug":"navarra-medicina","status":"publish","type":"page","link":"https:\/\/uninavarra.edu.co\/en\/ciina\/grupos-de-investigacion\/navarra-medicina\/","title":{"rendered":"Research Group: Navarra Medicine"},"content":{"rendered":"<div class=\"wpb-content-wrapper\"><div class=\"wpb-container\"><div class=\"container\"><div class=\"vc_row wpb_row vc_row-fluid row\"><div class=\"col-sm-3  vc_\">\n\t\t<div class=\"wpb_wrapper\">\n\t\t\t<div class=\"wpb_single_image wpb_content_element wpb_animate_when_almost_visible wpb_top-to-bottom top-to-bottom vc_align_right\">\n\t\t<div class=\"wpb_wrapper\">\n\t\t\t\n\t\t\t<a href=\"#\" target=\"_self\"><img fetchpriority=\"high\" decoding=\"async\" width=\"3796\" height=\"3796\" src=\"https:\/\/uninavarra.edu.co\/wp-content\/uploads\/2020\/11\/Medicina-scaled.jpg\" class=\"vc_box_border_grey attachment-full\" alt=\"\" title=\"Doctor with stethoscope in the hands\" \/><\/a>\n\t\t<\/div> \n\t<\/div>\n\t\t<\/div> \n\t<\/div><div class=\"col-sm-9  vc_\">\n\t\t<div class=\"wpb_wrapper\">\n\t\t\t\n\t<div class=\"wpb_text_column wpb_content_element\" >\n\t\t<div class=\"wpb_wrapper\">\n\t\t\t<p><strong>Name of the Research Group:<\/strong> <span style=\"text-decoration: underline; color: #0000ff;\"><a style=\"color: #0000ff; text-decoration: underline;\" href=\"https:\/\/scienti.colciencias.gov.co\/gruplac\/jsp\/visualiza\/visualizagr.jsp?nro=00000000016325\"><span style=\"font-size: 20px;\"> Navarra Medicine<\/span><\/a><\/span><br \/>\n<strong>Classification before MINCIENCIAS (Call 957 of 2024): <span style=\"font-size: 20px; color: #cf2e2e;\">Category B<\/span><\/strong><\/p>\n<p><strong>Group Code:<\/strong> COL0161219<\/p>\n<p><strong>Research Group Leader:<\/strong> <span style=\"text-decoration: underline; font-size: 20px; color: #0000ff;\"><a style=\"color: #0000ff; text-decoration: underline;\" href=\"https:\/\/scienti.minciencias.gov.co\/cvlac\/visualizador\/generarCurriculoCv.do?cod_rh=0001440743\" target=\"_blank\" rel=\"noopener noreferrer\">Sandra Liliana Navarro Parra<\/a><\/span><br \/>\n<strong>Contact us:<\/strong> <span style=\"text-decoration: underline;\"><span style=\"color: #0000ff;\"><a style=\"color: #0000ff; font-size: 20px; text-decoration: underline;\" href=\"mailto:gestorinvestigacionsalud@uninavarra.edu.co\" target=\"_blank\" rel=\"noopener noreferrer\">gestorinvestigacionmedicina@uninavarra.edu.co<\/a><\/span><\/span><\/p>\n<p><strong>Lines of Research:<\/strong><\/p>\n<ul class=\"icon\">\n<li>Basic Sciences<\/li>\n<li>Medical-surgical sciences.<\/li>\n<li>Public Health<\/li>\n<li>Interrogative health.<\/li>\n<\/ul>\n<p><strong>Members of the Research Group:<\/strong><\/p>\n<ul class=\"icon\">\n<li>Sandra Liliana Navarro Parra<\/li>\n<li>Nelson Hamid Hermida Guti\u00e9rrez<\/li>\n<li>Adriana Paola Bornacelly Mendoza<\/li>\n<li>Ana Gasc\u00f3n Catal\u00e1n<\/li>\n<li>Cesar Alberto Sarria Villa<\/li>\n<li>Claudia Yaneth Rodr\u00edguez Trivi\u00f1o<\/li>\n<li>Cristina Hennig Manzuoli<\/li>\n<li>Edison Peralta Pineda<\/li>\n<li>Eduardo Mahecha Reyes<\/li>\n<li>Giovani Orozco Arbel\u00e1ez<\/li>\n<li>Isidro Torres Castro<\/li>\n<li>Juan Carlos Zambrano Arteaga<\/li>\n<li>Juan Manuel G\u00f3mez Cerquera<\/li>\n<li>Karen Yulieth Fiesco Sep\u00falveda<\/li>\n<li>Lina Mar\u00eda Molina S\u00e1nchez<\/li>\n<li>Luis Alfonso Laverde Gaona<\/li>\n<li>Luis Carlos Quintero Malo<\/li>\n<li>Luz Angela Pe\u00f1a Losada<\/li>\n<li>Marcela Paredes Laverde<\/li>\n<li>Maria Eugenia Hern\u00e1ndez Valenzuela<\/li>\n<li>Nubia Amparo Ruiz Suarez<\/li>\n<li>Ricardo Andr\u00e9s Novoa \u00c1lvarez<\/li>\n<li>Robert Andres Ramon Collazos<\/li>\n<li>Ronald Saul Guti\u00e9rrez R\u00edos<\/li>\n<li>Thiago Andr\u00e9s Navarro \u00c1lvarez<\/li>\n<li>William Arbey Guti\u00e9rrez Cortes<\/li>\n<li>Yaliana Tafurt Cardona<\/li>\n<\/ul>\n<p><strong>Research Seminars:<\/strong><\/p>\n<ul class=\"icon lista_semilleros\">\n<li>Applied Practical Physiology - FIPA\n<ul>\n<li><strong>Leader:<\/strong> Claudia Rodriguez and Lida Pacho<\/li>\n<\/ul>\n<\/li>\n<li>Chronic Diseases in Adults\n<ul>\n<li><strong>Leader:<\/strong> Sandra Navarro Parra and Marvin Pe\u00f1a Altamar<\/li>\n<\/ul>\n<\/li>\n<li>Infectious Diseases\n<ul>\n<li><strong>Leader:<\/strong> Mar\u00eda Eugenia Hern\u00e1ndez Valenzuela<\/li>\n<\/ul>\n<\/li>\n<li>Public Health\n<ul>\n<li><strong>Leader:<\/strong> Yaliana Tafurt Cardona<\/li>\n<\/ul>\n<\/li>\n<\/ul>\n\n\t\t<\/div>\n\t<\/div>\n\n\t\t<\/div> \n\t<\/div><\/div><\/div><\/div>\n<\/div>","protected":false},"excerpt":{"rendered":"Nombre del Grupo de Investigaci\u00f3n: Navarra Medicina Clasificaci\u00f3n ante MINCIENCIAS (Convocatoria 957 de 2024): Categor\u00eda B C\u00f3digo Grupo: COL0161219 L\u00edder del Grupo de Investigaci\u00f3n: Sandra Liliana Navarro Parra Contacto: gestorinvestigacionmedicina@uninavarra.edu.co [...]","protected":false},"author":13,"featured_media":0,"parent":9765,"menu_order":0,"comment_status":"closed","ping_status":"closed","template":"","meta":{"footnotes":""},"categories":[1],"tags":[],"class_list":["post-7572","page","type-page","status-publish","hentry","category-uncategorized"],"yoast_head":"<!-- This site is optimized with the Yoast SEO plugin v27.2 - https:\/\/yoast.com\/product\/yoast-seo-wordpress\/ -->\n<title>Grupo de Investigaci\u00f3n: Navarra Medicina - Uninavarra<\/title>\n<meta name=\"robots\" content=\"index, follow, max-snippet:-1, max-image-preview:large, max-video-preview:-1\" \/>\n<link rel=\"canonical\" href=\"https:\/\/uninavarra.edu.co\/en\/ciina\/grupos-de-investigacion\/navarra-medicina\/\" \/>\n<meta property=\"og:locale\" content=\"en_US\" \/>\n<meta property=\"og:type\" content=\"article\" \/>\n<meta property=\"og:title\" content=\"Grupo de Investigaci\u00f3n: Navarra Medicina - Uninavarra\" \/>\n<meta property=\"og:url\" content=\"https:\/\/uninavarra.edu.co\/en\/ciina\/grupos-de-investigacion\/navarra-medicina\/\" \/>\n<meta property=\"og:site_name\" content=\"Uninavarra\" \/>\n<meta property=\"article:publisher\" content=\"https:\/\/www.facebook.com\/UninavarraEduca\" \/>\n<meta property=\"article:modified_time\" content=\"2026-02-04T21:43:01+00:00\" \/>\n<meta name=\"twitter:card\" content=\"summary_large_image\" \/>\n<meta name=\"twitter:site\" content=\"@uninavarraeduca\" \/>\n<meta name=\"twitter:label1\" content=\"Est. reading time\" \/>\n\t<meta name=\"twitter:data1\" content=\"1 minute\" \/>\n<script type=\"application\/ld+json\" class=\"yoast-schema-graph\">{\"@context\":\"https:\/\/schema.org\",\"@graph\":[{\"@type\":\"WebPage\",\"@id\":\"https:\/\/uninavarra.edu.co\/ciina\/grupos-de-investigacion\/navarra-medicina\/\",\"url\":\"https:\/\/uninavarra.edu.co\/ciina\/grupos-de-investigacion\/navarra-medicina\/\",\"name\":\"Grupo de Investigaci\u00f3n: Navarra Medicina - Uninavarra\",\"isPartOf\":{\"@id\":\"https:\/\/uninavarra.edu.co\/#website\"},\"datePublished\":\"2018-01-17T18:46:09+00:00\",\"dateModified\":\"2026-02-04T21:43:01+00:00\",\"breadcrumb\":{\"@id\":\"https:\/\/uninavarra.edu.co\/ciina\/grupos-de-investigacion\/navarra-medicina\/#breadcrumb\"},\"inLanguage\":\"en-US\",\"potentialAction\":[{\"@type\":\"ReadAction\",\"target\":[\"https:\/\/uninavarra.edu.co\/ciina\/grupos-de-investigacion\/navarra-medicina\/\"]}]},{\"@type\":\"BreadcrumbList\",\"@id\":\"https:\/\/uninavarra.edu.co\/ciina\/grupos-de-investigacion\/navarra-medicina\/#breadcrumb\",\"itemListElement\":[{\"@type\":\"ListItem\",\"position\":1,\"name\":\"Home\",\"item\":\"https:\/\/uninavarra.edu.co\/\"},{\"@type\":\"ListItem\",\"position\":2,\"name\":\"CIINA\",\"item\":\"https:\/\/uninavarra.edu.co\/ciina\/\"},{\"@type\":\"ListItem\",\"position\":3,\"name\":\"Grupos de Investigaci\u00f3n\",\"item\":\"https:\/\/uninavarra.edu.co\/ciina\/grupos-de-investigacion\/\"},{\"@type\":\"ListItem\",\"position\":4,\"name\":\"Grupo de Investigaci\u00f3n: Navarra Medicina\"}]},{\"@type\":\"WebSite\",\"@id\":\"https:\/\/uninavarra.edu.co\/#website\",\"url\":\"https:\/\/uninavarra.edu.co\/\",\"name\":\"UNINAVARRA\",\"description\":\"Haz realidad tu deseo de aprender\",\"publisher\":{\"@id\":\"https:\/\/uninavarra.edu.co\/#organization\"},\"potentialAction\":[{\"@type\":\"SearchAction\",\"target\":{\"@type\":\"EntryPoint\",\"urlTemplate\":\"https:\/\/uninavarra.edu.co\/?s={search_term_string}\"},\"query-input\":{\"@type\":\"PropertyValueSpecification\",\"valueRequired\":true,\"valueName\":\"search_term_string\"}}],\"inLanguage\":\"en-US\"},{\"@type\":\"Organization\",\"@id\":\"https:\/\/uninavarra.edu.co\/#organization\",\"name\":\"Fundaci\u00f3n Universitaria Navarra - UNINAVARRA\",\"url\":\"https:\/\/uninavarra.edu.co\/\",\"logo\":{\"@type\":\"ImageObject\",\"inLanguage\":\"en-US\",\"@id\":\"https:\/\/uninavarra.edu.co\/#\/schema\/logo\/image\/\",\"url\":\"https:\/\/uninavarra.edu.co\/wp-content\/uploads\/2024\/06\/Escudo-uninavarra-Solo.png\",\"contentUrl\":\"https:\/\/uninavarra.edu.co\/wp-content\/uploads\/2024\/06\/Escudo-uninavarra-Solo.png\",\"width\":1500,\"height\":1401,\"caption\":\"Fundaci\u00f3n Universitaria Navarra - UNINAVARRA\"},\"image\":{\"@id\":\"https:\/\/uninavarra.edu.co\/#\/schema\/logo\/image\/\"},\"sameAs\":[\"https:\/\/www.facebook.com\/UninavarraEduca\",\"https:\/\/x.com\/uninavarraeduca\",\"https:\/\/www.instagram.com\/uninavarra\/?hl=es\",\"https:\/\/www.linkedin.com\/in\/fundacin-universitaria-navarra-uninavarra-b41225222\/\"]}]}<\/script>\n<!-- \/ Yoast SEO plugin. -->","yoast_head_json":{"title":"Grupo de Investigaci\u00f3n: Navarra Medicina - Uninavarra","robots":{"index":"index","follow":"follow","max-snippet":"max-snippet:-1","max-image-preview":"max-image-preview:large","max-video-preview":"max-video-preview:-1"},"canonical":"https:\/\/uninavarra.edu.co\/en\/ciina\/grupos-de-investigacion\/navarra-medicina\/","og_locale":"en_US","og_type":"article","og_title":"Grupo de Investigaci\u00f3n: Navarra Medicina - Uninavarra","og_url":"https:\/\/uninavarra.edu.co\/en\/ciina\/grupos-de-investigacion\/navarra-medicina\/","og_site_name":"Uninavarra","article_publisher":"https:\/\/www.facebook.com\/UninavarraEduca","article_modified_time":"2026-02-04T21:43:01+00:00","twitter_card":"summary_large_image","twitter_site":"@uninavarraeduca","twitter_misc":{"Est. reading time":"1 minute"},"schema":{"@context":"https:\/\/schema.org","@graph":[{"@type":"WebPage","@id":"https:\/\/uninavarra.edu.co\/ciina\/grupos-de-investigacion\/navarra-medicina\/","url":"https:\/\/uninavarra.edu.co\/ciina\/grupos-de-investigacion\/navarra-medicina\/","name":"Grupo de Investigaci\u00f3n: Navarra Medicina - Uninavarra","isPartOf":{"@id":"https:\/\/uninavarra.edu.co\/#website"},"datePublished":"2018-01-17T18:46:09+00:00","dateModified":"2026-02-04T21:43:01+00:00","breadcrumb":{"@id":"https:\/\/uninavarra.edu.co\/ciina\/grupos-de-investigacion\/navarra-medicina\/#breadcrumb"},"inLanguage":"en-US","potentialAction":[{"@type":"ReadAction","target":["https:\/\/uninavarra.edu.co\/ciina\/grupos-de-investigacion\/navarra-medicina\/"]}]},{"@type":"BreadcrumbList","@id":"https:\/\/uninavarra.edu.co\/ciina\/grupos-de-investigacion\/navarra-medicina\/#breadcrumb","itemListElement":[{"@type":"ListItem","position":1,"name":"Home","item":"https:\/\/uninavarra.edu.co\/"},{"@type":"ListItem","position":2,"name":"CIINA","item":"https:\/\/uninavarra.edu.co\/ciina\/"},{"@type":"ListItem","position":3,"name":"Grupos de Investigaci\u00f3n","item":"https:\/\/uninavarra.edu.co\/ciina\/grupos-de-investigacion\/"},{"@type":"ListItem","position":4,"name":"Grupo de Investigaci\u00f3n: Navarra Medicina"}]},{"@type":"WebSite","@id":"https:\/\/uninavarra.edu.co\/#website","url":"https:\/\/uninavarra.edu.co\/","name":"UNINAVARRA","description":"Make your desire to learn a reality","publisher":{"@id":"https:\/\/uninavarra.edu.co\/#organization"},"potentialAction":[{"@type":"SearchAction","target":{"@type":"EntryPoint","urlTemplate":"https:\/\/uninavarra.edu.co\/?s={search_term_string}"},"query-input":{"@type":"PropertyValueSpecification","valueRequired":true,"valueName":"search_term_string"}}],"inLanguage":"en-US"},{"@type":"Organization","@id":"https:\/\/uninavarra.edu.co\/#organization","name":"Navarre University Foundation - UNINAVARRA","url":"https:\/\/uninavarra.edu.co\/","logo":{"@type":"ImageObject","inLanguage":"en-US","@id":"https:\/\/uninavarra.edu.co\/#\/schema\/logo\/image\/","url":"https:\/\/uninavarra.edu.co\/wp-content\/uploads\/2024\/06\/Escudo-uninavarra-Solo.png","contentUrl":"https:\/\/uninavarra.edu.co\/wp-content\/uploads\/2024\/06\/Escudo-uninavarra-Solo.png","width":1500,"height":1401,"caption":"Fundaci\u00f3n Universitaria Navarra - UNINAVARRA"},"image":{"@id":"https:\/\/uninavarra.edu.co\/#\/schema\/logo\/image\/"},"sameAs":["https:\/\/www.facebook.com\/UninavarraEduca","https:\/\/x.com\/uninavarraeduca","https:\/\/www.instagram.com\/uninavarra\/?hl=es","https:\/\/www.linkedin.com\/in\/fundacin-universitaria-navarra-uninavarra-b41225222\/"]}]}},"_links":{"self":[{"href":"https:\/\/uninavarra.edu.co\/en\/wp-json\/wp\/v2\/pages\/7572","targetHints":{"allow":["GET"]}}],"collection":[{"href":"https:\/\/uninavarra.edu.co\/en\/wp-json\/wp\/v2\/pages"}],"about":[{"href":"https:\/\/uninavarra.edu.co\/en\/wp-json\/wp\/v2\/types\/page"}],"author":[{"embeddable":true,"href":"https:\/\/uninavarra.edu.co\/en\/wp-json\/wp\/v2\/users\/13"}],"replies":[{"embeddable":true,"href":"https:\/\/uninavarra.edu.co\/en\/wp-json\/wp\/v2\/comments?post=7572"}],"version-history":[{"count":0,"href":"https:\/\/uninavarra.edu.co\/en\/wp-json\/wp\/v2\/pages\/7572\/revisions"}],"up":[{"embeddable":true,"href":"https:\/\/uninavarra.edu.co\/en\/wp-json\/wp\/v2\/pages\/9765"}],"wp:attachment":[{"href":"https:\/\/uninavarra.edu.co\/en\/wp-json\/wp\/v2\/media?parent=7572"}],"wp:term":[{"taxonomy":"category","embeddable":true,"href":"https:\/\/uninavarra.edu.co\/en\/wp-json\/wp\/v2\/categories?post=7572"},{"taxonomy":"post_tag","embeddable":true,"href":"https:\/\/uninavarra.edu.co\/en\/wp-json\/wp\/v2\/tags?post=7572"}],"curies":[{"name":"wp","href":"https:\/\/api.w.org\/{rel}","templated":true}]}}