{"id":74789,"date":"2024-04-16T15:58:41","date_gmt":"2024-04-16T20:58:41","guid":{"rendered":"https:\/\/uninavarra.edu.co\/?page_id=74789"},"modified":"2025-04-01T08:35:32","modified_gmt":"2025-04-01T13:35:32","slug":"convilab","status":"publish","type":"page","link":"https:\/\/uninavarra.edu.co\/en\/bienestar-universitario\/promocion-y-prevencion-en-salud-fisica-y-mental\/salud-y-seguridad-en-el-trabajo\/convilab\/","title":{"rendered":"CONVILAB"},"content":{"rendered":"<div class=\"wpb-content-wrapper\"><div class=\"wpb-container \"><div class=\"container\"><div class=\"vc_row wpb_row vc_row-fluid row \"><div class=\"col-sm-12  vc_\">\n\t\t<div class=\"wpb_wrapper \">\n\t\t\t\n\t<div class=\"wpb_raw_code wpb_raw_html wpb_content_element\" >\n\t\t<div class=\"wpb_wrapper\">\n\t\t\t<link rel=\"preconnect\" href=\"https:\/\/fonts.gstatic.com\">\n<link href=\"https:\/\/fonts.googleapis.com\/css2?family=Raleway:ital,wght@0,400;0,700;1,400&display=swap\" rel=\"stylesheet\">\n<link href=\"https:\/\/fonts.googleapis.com\/css2?family=Lato:wght@400;700&display=swap\" rel=\"stylesheet\">\n<link href=\"https:\/\/fonts.googleapis.com\/icon?family=Material+Icons\" rel=\"stylesheet\">\n\n<style>\n\/* Arregla el tama\u00f1o de la letra del slider cina ya que esta en 'rem' *\/ html {font-size: 100%} .navbar-mega .navbar-nav > li .dropdown-menu li a {font-size: 14px !important;}\n\n\/* CAMBIO COLOR DE LA LETRA Y ESTILO *\/\n#wpo-mainbody, #wpo-mainbody h2, #wpo-mainbody h3, #wpo-mainbody h4, #wpo-mainbody p, #wpo-mainbody a, #wpo-mainbody strong, #wpo-mainbody em, #wpo-mainbody th, #wpo-mainbody tr, #wpo-mainbody td, #wpo-mainbody ol, #wpo-mainbody ul, #wpo-mainbody li, #wpo-mainbody :after {\n    font-family: 'Raleway', sans-serif\n}\n\n#wpo-mainbody p {\n    font-size: 16px;\n    line-height: 20px;\n}\n\n#wpo-mainbody h4{\n        overflow: hidden;\n   text-overflow: ellipsis;\n   display: -webkit-box;\n   -webkit-line-clamp: 2; \/* number of lines to show *\/\n           line-clamp: 2; \n   -webkit-box-orient: vertical;\n    }\n\n#wpo-mainbody li {\n    font-size: 18px;\n    line-height: 30px;\n}\n\n\n\n#wpo-mainbody strong {\n    line-height: 30px\n}\n\n\/* Estilo Aplicado en Listas de Semilleros de los Grupos de Investigaci\u00f3n *\/\n#wpo-mainbody .lista_semilleros ul {\n    padding-inline-start: 35px;\n}\n\n#wpo-mainbody .lista_semilleros li {\n\tline-height: 20px\n}\n\n#wpo-mainbody .lista_semilleros ul li {\n\tfont-size: 15px;\n\tmargin-left: 20px;\n\tmargin-bottom: 15px\n}\n\n#wpo-mainbody .lista_semilleros li:last-child ul li {\n\tmargin-bottom: 0\n}\n\n#wpo-mainbody .lista_semilleros ul li:before {\n    position: absolute;\n    background: none;\n}\n<\/style>\n\t\t<\/div>\n\t<\/div>\n\n\t\t<\/div> \n\t<\/div><\/div><\/div><\/div><div class=\"wpb-container \"><div class=\"container\"><div class=\"vc_row wpb_row vc_row-fluid row \"><div class=\"col-sm-12  vc_\">\n\t\t<div class=\"wpb_wrapper \">\n\t\t\t\n\t<div class=\"wpb_text_column wpb_content_element\" >\n\t\t<div class=\"wpb_wrapper\">\n\t\t\t\n\t\t\t<!-- START Convilab REVOLUTION SLIDER 6.7.21 --><p class=\"rs-p-wp-fix\"><\/p>\n\t\t\t<rs-module-wrap id=\"rev_slider_67_1_wrapper\" data-source=\"gallery\" style=\"visibility:hidden;background:rgba(255,255,255,0);padding:0;margin:0px auto;margin-top:0;margin-bottom:0;\">\n\t\t\t\t<rs-module id=\"rev_slider_67_1\" style=\"\" data-version=\"6.7.21\">\n\t\t\t\t\t<rs-slides style=\"overflow: hidden; position: absolute;\">\n\t\t\t\t\t\t<rs-slide style=\"position: absolute;\" data-key=\"rs-651\" data-title=\"Pausas activas\" data-anim=\"adpr:false;ms:200;\" data-in=\"o:0;x:(100%);\" data-out=\"a:false;\">\n\t\t\t\t\t\t\t<img decoding=\"async\" src=\"\/\/uninavarra.edu.co\/wp-content\/plugins\/revslider\/sr6\/assets\/assets\/dummy.png\" alt=\"Pausas activas\" title=\"CONVILAB\" class=\"rev-slidebg tp-rs-img rs-lazyload\" data-lazyload=\"\/\/uninavarra.edu.co\/wp-content\/plugins\/revslider\/sr6\/assets\/assets\/transparent.png\" data-bg=\"c:#E7E7E7;\" data-no-retina>\n<!--\n\t\t\t\t\t\t\t--><a\n\t\t\t\t\t\t\t\tid=\"slider-67-slide-651-layer-3\" \n\t\t\t\t\t\t\t\tclass=\"rs-layer\"\n\t\t\t\t\t\t\t\thref=\"http:\/\/campus.uninavarra.edu.co\/psc\/cs92prod_21\/EMPLOYEE\/SA\/c\/TYG_SAD_OLA_MENU.LC_CRL_FORMULARIO.GBL?&#038;\" target=\"_self\"\n\t\t\t\t\t\t\t\tdata-type=\"image\"\n\t\t\t\t\t\t\t\tdata-rsp_ch=\"on\"\n\t\t\t\t\t\t\t\tdata-xy=\"x:c;y:c;\"\n\t\t\t\t\t\t\t\tdata-text=\"l:22;a:inherit;\"\n\t\t\t\t\t\t\t\tdata-dim=\"w:100%;h:100%;\"\n\t\t\t\t\t\t\t\tdata-frame_0=\"sX:2;sY:2;\"\n\t\t\t\t\t\t\t\tdata-frame_0_mask=\"u:t;\"\n\t\t\t\t\t\t\t\tdata-frame_1=\"e:power2.out;sp:1000;\"\n\t\t\t\t\t\t\t\tdata-frame_1_mask=\"u:t;\"\n\t\t\t\t\t\t\t\tdata-frame_999=\"o:0;st:w;sR:5700;\"\n\t\t\t\t\t\t\t\tstyle=\"z-index:6;\"\n\t\t\t\t\t\t\t><img fetchpriority=\"high\" decoding=\"async\" src=\"\/\/uninavarra.edu.co\/wp-content\/plugins\/revslider\/sr6\/assets\/assets\/dummy.png\" alt=\"\" class=\"tp-rs-img rs-lazyload\" width=\"2048\" height=\"609\" data-lazyload=\"\/\/uninavarra.edu.co\/wp-content\/uploads\/2024\/04\/Banner-Bienestar-Universitario-3-1-2048x609.jpg\" data-c=\"cover\" data-no-retina> \n\t\t\t\t\t\t\t<\/a><!--\n-->\t\t\t\t\t<\/rs-slide>\n\t\t\t\t\t<\/rs-slides>\n\t\t\t\t<\/rs-module>\n\t\t\t\t<script>\n\t\t\t\t\tsetREVStartSize({c: 'rev_slider_67_1',rl:[1240,1024,778,480],el:[540],gw:[1920],gh:[540],type:'standard',justify:'',layout:'fullwidth',mh:\"100%\"});if (window.RS_MODULES!==undefined && window.RS_MODULES.modules!==undefined && window.RS_MODULES.modules[\"revslider671\"]!==undefined) {window.RS_MODULES.modules[\"revslider671\"].once = false;window.revapi67 = undefined;if (window.RS_MODULES.checkMinimal!==undefined) window.RS_MODULES.checkMinimal()}\n\t\t\t\t<\/script>\n\t\t\t<\/rs-module-wrap>\n\t\t\t<!-- END REVOLUTION SLIDER -->\n\n\n\t\t<\/div>\n\t<\/div>\n\n\t\t<\/div> \n\t<\/div><\/div><\/div><\/div><div class=\"wpb-container \"><div class=\"container\"><div class=\"vc_row wpb_row vc_row-fluid row \"><div class=\"col-sm-12  vc_\">\n\t\t<div class=\"wpb_wrapper \">\n\t\t\t\n\t<div class=\"wpb_text_column wpb_content_element\" >\n\t\t<div class=\"wpb_wrapper\">\n\t\t\t<h2 style=\"text-align: center;\">CONVILAB<\/h2>\n<hr \/>\n\n\t\t<\/div>\n\t<\/div>\n\n\t<div class=\"wpb_text_column wpb_content_element\" >\n\t\t<div class=\"wpb_wrapper\">\n\t\t\t\t\t\t<!-- Flexy Breadcrumb -->\r\n\t\t\t<div class=\"fbc fbc-page\">\r\n\r\n\t\t\t\t<!-- Breadcrumb wrapper -->\r\n\t\t\t\t<div class=\"fbc-wrap\">\r\n\r\n\t\t\t\t\t<!-- Ordered list-->\r\n\t\t\t\t\t<ol class=\"fbc-items\" itemscope itemtype=\"https:\/\/schema.org\/BreadcrumbList\">\r\n\t\t\t\t\t\t            <li itemprop=\"itemListElement\" itemscope itemtype=\"https:\/\/schema.org\/ListItem\">\r\n                <span itemprop=\"name\">\r\n                    <!-- Home Link -->\r\n                    <a itemprop=\"item\" href=\"https:\/\/uninavarra.edu.co\">\r\n                    \r\n                                                    <i class=\"fa fa-home\" aria-hidden=\"true\"><\/i>Home                    <\/a>\r\n                <\/span>\r\n                <meta itemprop=\"position\" content=\"1\" \/><!-- Meta Position-->\r\n             <\/li><li><span class=\"fbc-separator\">\/<\/span><\/li><li class=\"active\" itemprop=\"itemListElement\" itemscope itemtype=\"https:\/\/schema.org\/ListItem\"><span itemprop=\"name\" title=\"CONVILAB\">CONVILAB<\/span><meta itemprop=\"position\" content=\"2\" \/><\/li>\t\t\t\t\t<\/ol>\r\n\t\t\t\t\t<div class=\"clearfix\"><\/div>\r\n\t\t\t\t<\/div>\r\n\t\t\t<\/div>\r\n\t\t\t\n\n\t\t<\/div>\n\t<\/div>\n\n\t\t<\/div> \n\t<\/div><\/div><\/div><\/div><div class=\"wpb-container \"><div class=\"container\"><div class=\"vc_row wpb_row vc_row-fluid row \"><div class=\"col-sm-12  vc_\">\n\t\t<div class=\"wpb_wrapper \">\n\t\t\t<section class=\"vc_cta3-container\"><div class=\"vc_general vc_do_cta3 vc_cta3 vc_cta3-style-classic vc_cta3-shape-rounded vc_cta3-align-center vc_cta3-color-classic vc_cta3-icon-size-md\"><div class=\"vc_cta3_content-container\"><div class=\"vc_cta3-content\"><header class=\"vc_cta3-content-header\"><\/header><p style=\"text-align: justify;\"><span style=\"font-size: 16px;\">El comit\u00e9 de convivencia laboral se conforma &#8221; como medida preventiva de acoso laboral&#8221; seg\u00fan lo establecido en la resoluci\u00f3n 652 de 2012 y con las funciones establecida en la ley 1010 de 2006, por lo tanto , es importante conocer y tener claridad en cuanto a que se considera acoso laboral y que no se considera acoso laboral.\u00a0\u00a0<\/span><\/p>\n<\/div><\/div><\/div><\/section><section class=\"vc_cta3-container\"><div class=\"vc_general vc_do_cta3 vc_cta3 vc_cta3-style-classic vc_cta3-shape-rounded vc_cta3-align-center vc_cta3-color-classic vc_cta3-icon-size-md\"><div class=\"vc_cta3_content-container\"><div class=\"vc_cta3-content\"><header class=\"vc_cta3-content-header\"><h3 style=\"font-size: 24px;color: #e30613;text-align: center\" class=\"vc_custom_heading vc_do_custom_heading\" >FUNCIONES<\/h3><\/header><ul style=\"list-style-type: disc;\">\n<li style=\"text-align: left;\"><span style=\"font-size: 16px;\">Recibir y dar tr\u00e1mite a las quejas presentadas en las que se describan situaciones que puedan constituir acoso laboral, as\u00ed como las pruebas que las soportan.<\/span><\/li>\n<li style=\"text-align: left;\"><span style=\"font-size: 16px;\">Examinar de manera confidencial los casos espec\u00edficos o puntuales en los que se formule queja o reclamo, que pudieran tipificar conductas o circunstancias de acoso laboral, al interior de la entidad p\u00fablica o empresa privada.<\/span><\/li>\n<li style=\"text-align: left;\"><span style=\"font-size: 16px;\">Escuchar a las partes involucradas de manera individual sobre los hechos que dieron lugar a la queja.<\/span><\/li>\n<li style=\"text-align: left;\"><span style=\"font-size: 16px;\">Adelantar reuniones con el fin de crear un espacio de di\u00e1logo entre las partes involucradas, promoviendo compromisos mutuos para llegar a una soluci\u00f3n efectiva de las controversias.<\/span><\/li>\n<li style=\"text-align: left;\"><span style=\"font-size: 16px;\">Formular un plan de mejora concertado entre las partes, para construir, renovar y promover la convivencia laboral, garantizando en todos los casos el principio de la confidencialidad.<\/span><\/li>\n<li style=\"text-align: left;\"><span style=\"font-size: 16px;\">Hacer seguimiento a los compromisos adquiridos por las partes involucradas en la queja, verificando su cumplimiento de acuerdo con lo pactado.<\/span><\/li>\n<li style=\"text-align: left;\"><span style=\"font-size: 16px;\">En aquellos casos en que no se llegue a un acuerdo entre las partes, no se cumplan las recomendaciones formuladas o la conducta persista, el Comit\u00e9 de Convivencia Laboral, deber\u00e1 remitir la queja a la Procuradur\u00eda General de la Naci\u00f3n, trat\u00e1ndose del sector p\u00fablico. En el sector privado, el Comit\u00e9 informar\u00e1 a la alta direcci\u00f3n de la empresa, cerrar\u00e1 el caso y el trabajador puede presentar la queja ante el inspector de trabajo o demandar ante el juez competente.<\/span><\/li>\n<li style=\"text-align: left;\"><span style=\"font-size: 16px;\">Presentar a la alta direcci\u00f3n de la entidad p\u00fablica o la empresa privada las recomendaciones para el desarrollo efectivo de las medidas preventivas y correctivas del acoso laboral, as\u00ed como el informe anual de resultados de la gesti\u00f3n del comit\u00e9 de convivencia laboral y los informes requeridos por los organismos de control.<\/span><\/li>\n<li style=\"text-align: left;\"><span style=\"font-size: 16px;\">Hacer seguimiento al cumplimiento de las recomendaciones dadas por el Comit\u00e9 de Convivencia a las dependencias de gesti\u00f3n del recurso humano y salud ocupacional de las empresas e instituciones p\u00fablicas y privadas.<\/span><\/li>\n<li style=\"text-align: left;\"><span style=\"font-size: 16px;\">Elaborar informes trimestrales sobre la gesti\u00f3n del Comit\u00e9 que incluya estad\u00edsticas de las quejas, seguimiento de los casos y recomendaciones, los cuales ser\u00e1n presentados a la alta direcci\u00f3n de la entidad p\u00fablica o empresa privada.<\/span><\/li>\n<\/ul>\n<\/div><\/div><\/div><\/section><div class=\"vc_row wpb_row vc_inner vc_row-fluid\"><div class=\"vc_ col-sm-12\"><div class=\"vc_column-inner\"><div class=\"wpb_wrapper\">\n\t<div class=\"wpb_text_column wpb_content_element\" >\n\t\t<div class=\"wpb_wrapper\">\n\t\t\t<p style=\"text-align: center;\"><span style=\"font-size: 24px; color: #e30613;\"><strong>REPRESENTANTES POR EL EMPLEADOR<\/strong><\/span><\/p>\n\n\t\t<\/div>\n\t<\/div>\n<\/div><\/div><\/div><\/div>\n\t<div class=\"wpb_raw_code wpb_raw_html wpb_content_element\" >\n\t\t<div class=\"wpb_wrapper\">\n\t\t\t<div class=\"gallery-invitados\">\n<div class=\"card\">\n  <div class=\"image-invitado\">\n    <img decoding=\"async\" src=\"https:\/\/uninavarra.edu.co\/wp-content\/uploads\/2024\/09\/Juan-Carlos-Camargo-Cuellar--scaled.jpg\">\n  <\/div>\n  <div class=\"card-body\">\n    <h4 class=\"card-title\">Juan Carlos Camargo Cuellar<\/h4>\n<p class=\"description\">Principal 1<\/p><br>\n\n  <\/div>\n<\/div>\n\n\n<div class=\"card\">\n  <div class=\"image-invitado\">\n    <img decoding=\"async\" src=\"https:\/\/uninavarra.edu.co\/wp-content\/uploads\/2024\/09\/Elizabeth-Sofia-Medina-Reyes--scaled.jpg\">\n  <\/div>\n  <div class=\"card-body\">\n    <h4 class=\"card-title\"> Elizabeth Sofia Medina Reyes <\/h4>\n    <p class=\"description\">Suplente Principal 1<\/p>\n  <\/div>\n<\/div>\n\n<div class=\"card\">\n  <div class=\"image-invitado\">\n    <img decoding=\"async\" src=\"https:\/\/uninavarra.edu.co\/wp-content\/uploads\/2024\/09\/Diana-Carolina-Ibarra--scaled.jpg\">\n  <\/div>\n  <div class=\"card-body\">\n    <h4 class=\"card-title\">Diana Carolina Ibarra<\/h4>\n    <p class=\"description\">Principal 2<\/p>\n  <\/div>\n<\/div>\n\n<div class=\"card\">\n  <div class=\"image-invitado\">\n    <img decoding=\"async\" src=\"https:\/\/uninavarra.edu.co\/wp-content\/uploads\/2024\/09\/Johana-Milena-Diaz-Hincapie-scaled.jpg\">\n  <\/div>\n  <div class=\"card-body\">\n    <h4 class=\"card-title\">Johana Milena Diaz Hincapi\u00e9<\/h4>\n    <p class=\"description\">Suplente Principal 2<\/p>\n  <\/div>\n<\/div>\n\n\n\n<\/div>\n\n\t\t<\/div>\n\t<\/div>\n\n\t\t<\/div> \n\t<\/div><\/div><\/div><\/div><div class=\"wpb-container \"><div class=\"container\"><div class=\"vc_row wpb_row vc_row-fluid row \"><div class=\"col-sm-12  vc_\">\n\t\t<div class=\"wpb_wrapper \">\n\t\t\t<div class=\"vc_row wpb_row vc_inner vc_row-fluid\"><div class=\"vc_ col-sm-12\"><div class=\"vc_column-inner\"><div class=\"wpb_wrapper\">\n\t<div class=\"wpb_text_column wpb_content_element\" >\n\t\t<div class=\"wpb_wrapper\">\n\t\t\t<p style=\"text-align: center;\"><span style=\"color: #b22020; font-size: 24px;\"><strong><span style=\"color: #e30613;\">REPRESENTANTES POR LOS COLABORADORES<\/span>\u00a0<\/strong><\/span><\/p>\n\n\t\t<\/div>\n\t<\/div>\n<\/div><\/div><\/div><\/div><div class=\"vc_row wpb_row vc_inner vc_row-fluid\"><div class=\"vc_ col-sm-12\"><div class=\"vc_column-inner\"><div class=\"wpb_wrapper\">\n\t<div class=\"wpb_raw_code wpb_raw_html wpb_content_element\" >\n\t\t<div class=\"wpb_wrapper\">\n\t\t\t<div class=\"gallery-invitados\">\n<div class=\"card\">\n  <div class=\"image-invitado\">\n    <img decoding=\"async\" src=\"https:\/\/uninavarra.edu.co\/wp-content\/uploads\/2024\/02\/Yuranny-Andrea-Macias-Ceballos.png\">\n  <\/div>\n  <div class=\"card-body\">\n    <h4 class=\"card-title\">Yuranny Andrea Macias Ceballos<\/h4>\n<p class=\"description\">Principal 1<\/p><br>\n\n  <\/div>\n<\/div>\n\n\n<div class=\"card\">\n  <div class=\"image-invitado\">\n    <img decoding=\"async\" src=\"https:\/\/uninavarra.edu.co\/wp-content\/uploads\/2024\/04\/pin-circular-1.png\">\n  <\/div>\n  <div class=\"card-body\">\n    <h4 class=\"card-title\">Suplente Principal 1<\/h4>\n    <p class=\"description\">Suplente Principal 1<\/p>\n  <\/div>\n<\/div>\n\n<div class=\"card\">\n  <div class=\"image-invitado\">\n    <img decoding=\"async\" src=\"https:\/\/uninavarra.edu.co\/wp-content\/uploads\/2024\/09\/Juan-Jose-Alvarez-Diaz--scaled.jpg\">\n  <\/div>\n  <div class=\"card-body\">\n    <h4 class=\"card-title\">Juan Jose Alvarez Diaz<\/h4>\n    <p class=\"description\">Principal 2<\/p>\n  <\/div>\n<\/div>\n\n<div class=\"card\">\n  <div class=\"image-invitado\">\n    <img decoding=\"async\" src=\"https:\/\/uninavarra.edu.co\/wp-content\/uploads\/2024\/09\/Nataly-Ruiz-Quinones--scaled.jpg\">\n  <\/div>\n  <div class=\"card-body\">\n    <h4 class=\"card-title\">Nataly Ruiz Qui\u00f1ones <\/h4>\n    <p class=\"description\">Suplente Principal 2<\/p>\n  <\/div>\n<\/div>\n\n\n\n<\/div>\n\n\t\t<\/div>\n\t<\/div>\n<\/div><\/div><\/div><\/div>\n\t\t<\/div> \n\t<\/div><\/div><\/div><\/div>\n<\/div>","protected":false},"excerpt":{"rendered":"CONVILAB Home \/CONVILAB El comit\u00e9 de convivencia laboral se conforma \" como medida preventiva de acoso laboral\" seg\u00fan lo establecido en la resoluci\u00f3n 652 de 2012 y con las funciones [...]","protected":false},"author":1174,"featured_media":0,"parent":73758,"menu_order":0,"comment_status":"closed","ping_status":"closed","template":"","meta":{"footnotes":""},"categories":[],"tags":[],"class_list":["post-74789","page","type-page","status-publish","hentry"],"yoast_head":"<!-- This site is optimized with the Yoast SEO plugin v27.2 - https:\/\/yoast.com\/product\/yoast-seo-wordpress\/ -->\n<title>CONVILAB - Uninavarra<\/title>\n<meta name=\"robots\" content=\"index, follow, max-snippet:-1, max-image-preview:large, max-video-preview:-1\" \/>\n<link rel=\"canonical\" href=\"https:\/\/uninavarra.edu.co\/en\/bienestar-universitario\/promocion-y-prevencion-en-salud-fisica-y-mental\/salud-y-seguridad-en-el-trabajo\/convilab\/\" \/>\n<meta property=\"og:locale\" content=\"en_US\" \/>\n<meta property=\"og:type\" content=\"article\" \/>\n<meta property=\"og:title\" content=\"CONVILAB - Uninavarra\" \/>\n<meta property=\"og:url\" content=\"https:\/\/uninavarra.edu.co\/en\/bienestar-universitario\/promocion-y-prevencion-en-salud-fisica-y-mental\/salud-y-seguridad-en-el-trabajo\/convilab\/\" \/>\n<meta property=\"og:site_name\" content=\"Uninavarra\" \/>\n<meta property=\"article:publisher\" content=\"https:\/\/www.facebook.com\/UninavarraEduca\" \/>\n<meta property=\"article:modified_time\" content=\"2025-04-01T13:35:32+00:00\" \/>\n<meta name=\"twitter:card\" content=\"summary_large_image\" \/>\n<meta name=\"twitter:site\" content=\"@uninavarraeduca\" \/>\n<meta name=\"twitter:label1\" content=\"Est. reading time\" \/>\n\t<meta name=\"twitter:data1\" content=\"3 minutes\" \/>\n<script type=\"application\/ld+json\" class=\"yoast-schema-graph\">{\"@context\":\"https:\/\/schema.org\",\"@graph\":[{\"@type\":\"WebPage\",\"@id\":\"https:\/\/uninavarra.edu.co\/bienestar-universitario\/promocion-y-prevencion-en-salud-fisica-y-mental\/salud-y-seguridad-en-el-trabajo\/convilab\/\",\"url\":\"https:\/\/uninavarra.edu.co\/bienestar-universitario\/promocion-y-prevencion-en-salud-fisica-y-mental\/salud-y-seguridad-en-el-trabajo\/convilab\/\",\"name\":\"CONVILAB - Uninavarra\",\"isPartOf\":{\"@id\":\"https:\/\/uninavarra.edu.co\/#website\"},\"datePublished\":\"2024-04-16T20:58:41+00:00\",\"dateModified\":\"2025-04-01T13:35:32+00:00\",\"breadcrumb\":{\"@id\":\"https:\/\/uninavarra.edu.co\/bienestar-universitario\/promocion-y-prevencion-en-salud-fisica-y-mental\/salud-y-seguridad-en-el-trabajo\/convilab\/#breadcrumb\"},\"inLanguage\":\"en-US\",\"potentialAction\":[{\"@type\":\"ReadAction\",\"target\":[\"https:\/\/uninavarra.edu.co\/bienestar-universitario\/promocion-y-prevencion-en-salud-fisica-y-mental\/salud-y-seguridad-en-el-trabajo\/convilab\/\"]}]},{\"@type\":\"BreadcrumbList\",\"@id\":\"https:\/\/uninavarra.edu.co\/bienestar-universitario\/promocion-y-prevencion-en-salud-fisica-y-mental\/salud-y-seguridad-en-el-trabajo\/convilab\/#breadcrumb\",\"itemListElement\":[{\"@type\":\"ListItem\",\"position\":1,\"name\":\"Home\",\"item\":\"https:\/\/uninavarra.edu.co\/\"},{\"@type\":\"ListItem\",\"position\":2,\"name\":\"Bienestar Universitario\",\"item\":\"https:\/\/uninavarra.edu.co\/bienestar-universitario\/\"},{\"@type\":\"ListItem\",\"position\":3,\"name\":\"Promoci\u00f3n y Prevenci\u00f3n en Salud Fisica y Mental\",\"item\":\"https:\/\/uninavarra.edu.co\/bienestar-universitario\/promocion-y-prevencion-en-salud-fisica-y-mental\/\"},{\"@type\":\"ListItem\",\"position\":4,\"name\":\"Seguridad y Salud en el Trabajo\",\"item\":\"https:\/\/uninavarra.edu.co\/bienestar-universitario\/promocion-y-prevencion-en-salud-fisica-y-mental\/salud-y-seguridad-en-el-trabajo\/\"},{\"@type\":\"ListItem\",\"position\":5,\"name\":\"CONVILAB\"}]},{\"@type\":\"WebSite\",\"@id\":\"https:\/\/uninavarra.edu.co\/#website\",\"url\":\"https:\/\/uninavarra.edu.co\/\",\"name\":\"UNINAVARRA\",\"description\":\"Haz realidad tu deseo de aprender\",\"publisher\":{\"@id\":\"https:\/\/uninavarra.edu.co\/#organization\"},\"potentialAction\":[{\"@type\":\"SearchAction\",\"target\":{\"@type\":\"EntryPoint\",\"urlTemplate\":\"https:\/\/uninavarra.edu.co\/?s={search_term_string}\"},\"query-input\":{\"@type\":\"PropertyValueSpecification\",\"valueRequired\":true,\"valueName\":\"search_term_string\"}}],\"inLanguage\":\"en-US\"},{\"@type\":\"Organization\",\"@id\":\"https:\/\/uninavarra.edu.co\/#organization\",\"name\":\"Fundaci\u00f3n Universitaria Navarra - UNINAVARRA\",\"url\":\"https:\/\/uninavarra.edu.co\/\",\"logo\":{\"@type\":\"ImageObject\",\"inLanguage\":\"en-US\",\"@id\":\"https:\/\/uninavarra.edu.co\/#\/schema\/logo\/image\/\",\"url\":\"https:\/\/uninavarra.edu.co\/wp-content\/uploads\/2024\/06\/Escudo-uninavarra-Solo.png\",\"contentUrl\":\"https:\/\/uninavarra.edu.co\/wp-content\/uploads\/2024\/06\/Escudo-uninavarra-Solo.png\",\"width\":1500,\"height\":1401,\"caption\":\"Fundaci\u00f3n Universitaria Navarra - UNINAVARRA\"},\"image\":{\"@id\":\"https:\/\/uninavarra.edu.co\/#\/schema\/logo\/image\/\"},\"sameAs\":[\"https:\/\/www.facebook.com\/UninavarraEduca\",\"https:\/\/x.com\/uninavarraeduca\",\"https:\/\/www.instagram.com\/uninavarra\/?hl=es\",\"https:\/\/www.linkedin.com\/in\/fundacin-universitaria-navarra-uninavarra-b41225222\/\"]}]}<\/script>\n<!-- \/ Yoast SEO plugin. -->","yoast_head_json":{"title":"CONVILAB - Uninavarra","robots":{"index":"index","follow":"follow","max-snippet":"max-snippet:-1","max-image-preview":"max-image-preview:large","max-video-preview":"max-video-preview:-1"},"canonical":"https:\/\/uninavarra.edu.co\/en\/bienestar-universitario\/promocion-y-prevencion-en-salud-fisica-y-mental\/salud-y-seguridad-en-el-trabajo\/convilab\/","og_locale":"en_US","og_type":"article","og_title":"CONVILAB - Uninavarra","og_url":"https:\/\/uninavarra.edu.co\/en\/bienestar-universitario\/promocion-y-prevencion-en-salud-fisica-y-mental\/salud-y-seguridad-en-el-trabajo\/convilab\/","og_site_name":"Uninavarra","article_publisher":"https:\/\/www.facebook.com\/UninavarraEduca","article_modified_time":"2025-04-01T13:35:32+00:00","twitter_card":"summary_large_image","twitter_site":"@uninavarraeduca","twitter_misc":{"Est. reading time":"3 minutes"},"schema":{"@context":"https:\/\/schema.org","@graph":[{"@type":"WebPage","@id":"https:\/\/uninavarra.edu.co\/bienestar-universitario\/promocion-y-prevencion-en-salud-fisica-y-mental\/salud-y-seguridad-en-el-trabajo\/convilab\/","url":"https:\/\/uninavarra.edu.co\/bienestar-universitario\/promocion-y-prevencion-en-salud-fisica-y-mental\/salud-y-seguridad-en-el-trabajo\/convilab\/","name":"CONVILAB - Uninavarra","isPartOf":{"@id":"https:\/\/uninavarra.edu.co\/#website"},"datePublished":"2024-04-16T20:58:41+00:00","dateModified":"2025-04-01T13:35:32+00:00","breadcrumb":{"@id":"https:\/\/uninavarra.edu.co\/bienestar-universitario\/promocion-y-prevencion-en-salud-fisica-y-mental\/salud-y-seguridad-en-el-trabajo\/convilab\/#breadcrumb"},"inLanguage":"en-US","potentialAction":[{"@type":"ReadAction","target":["https:\/\/uninavarra.edu.co\/bienestar-universitario\/promocion-y-prevencion-en-salud-fisica-y-mental\/salud-y-seguridad-en-el-trabajo\/convilab\/"]}]},{"@type":"BreadcrumbList","@id":"https:\/\/uninavarra.edu.co\/bienestar-universitario\/promocion-y-prevencion-en-salud-fisica-y-mental\/salud-y-seguridad-en-el-trabajo\/convilab\/#breadcrumb","itemListElement":[{"@type":"ListItem","position":1,"name":"Home","item":"https:\/\/uninavarra.edu.co\/"},{"@type":"ListItem","position":2,"name":"Bienestar Universitario","item":"https:\/\/uninavarra.edu.co\/bienestar-universitario\/"},{"@type":"ListItem","position":3,"name":"Promoci\u00f3n y Prevenci\u00f3n en Salud Fisica y Mental","item":"https:\/\/uninavarra.edu.co\/bienestar-universitario\/promocion-y-prevencion-en-salud-fisica-y-mental\/"},{"@type":"ListItem","position":4,"name":"Seguridad y Salud en el Trabajo","item":"https:\/\/uninavarra.edu.co\/bienestar-universitario\/promocion-y-prevencion-en-salud-fisica-y-mental\/salud-y-seguridad-en-el-trabajo\/"},{"@type":"ListItem","position":5,"name":"CONVILAB"}]},{"@type":"WebSite","@id":"https:\/\/uninavarra.edu.co\/#website","url":"https:\/\/uninavarra.edu.co\/","name":"UNINAVARRA","description":"Make your desire to learn a reality","publisher":{"@id":"https:\/\/uninavarra.edu.co\/#organization"},"potentialAction":[{"@type":"SearchAction","target":{"@type":"EntryPoint","urlTemplate":"https:\/\/uninavarra.edu.co\/?s={search_term_string}"},"query-input":{"@type":"PropertyValueSpecification","valueRequired":true,"valueName":"search_term_string"}}],"inLanguage":"en-US"},{"@type":"Organization","@id":"https:\/\/uninavarra.edu.co\/#organization","name":"Navarre University Foundation - UNINAVARRA","url":"https:\/\/uninavarra.edu.co\/","logo":{"@type":"ImageObject","inLanguage":"en-US","@id":"https:\/\/uninavarra.edu.co\/#\/schema\/logo\/image\/","url":"https:\/\/uninavarra.edu.co\/wp-content\/uploads\/2024\/06\/Escudo-uninavarra-Solo.png","contentUrl":"https:\/\/uninavarra.edu.co\/wp-content\/uploads\/2024\/06\/Escudo-uninavarra-Solo.png","width":1500,"height":1401,"caption":"Fundaci\u00f3n Universitaria Navarra - UNINAVARRA"},"image":{"@id":"https:\/\/uninavarra.edu.co\/#\/schema\/logo\/image\/"},"sameAs":["https:\/\/www.facebook.com\/UninavarraEduca","https:\/\/x.com\/uninavarraeduca","https:\/\/www.instagram.com\/uninavarra\/?hl=es","https:\/\/www.linkedin.com\/in\/fundacin-universitaria-navarra-uninavarra-b41225222\/"]}]}},"_links":{"self":[{"href":"https:\/\/uninavarra.edu.co\/en\/wp-json\/wp\/v2\/pages\/74789","targetHints":{"allow":["GET"]}}],"collection":[{"href":"https:\/\/uninavarra.edu.co\/en\/wp-json\/wp\/v2\/pages"}],"about":[{"href":"https:\/\/uninavarra.edu.co\/en\/wp-json\/wp\/v2\/types\/page"}],"author":[{"embeddable":true,"href":"https:\/\/uninavarra.edu.co\/en\/wp-json\/wp\/v2\/users\/1174"}],"replies":[{"embeddable":true,"href":"https:\/\/uninavarra.edu.co\/en\/wp-json\/wp\/v2\/comments?post=74789"}],"version-history":[{"count":0,"href":"https:\/\/uninavarra.edu.co\/en\/wp-json\/wp\/v2\/pages\/74789\/revisions"}],"up":[{"embeddable":true,"href":"https:\/\/uninavarra.edu.co\/en\/wp-json\/wp\/v2\/pages\/73758"}],"wp:attachment":[{"href":"https:\/\/uninavarra.edu.co\/en\/wp-json\/wp\/v2\/media?parent=74789"}],"wp:term":[{"taxonomy":"category","embeddable":true,"href":"https:\/\/uninavarra.edu.co\/en\/wp-json\/wp\/v2\/categories?post=74789"},{"taxonomy":"post_tag","embeddable":true,"href":"https:\/\/uninavarra.edu.co\/en\/wp-json\/wp\/v2\/tags?post=74789"}],"curies":[{"name":"wp","href":"https:\/\/api.w.org\/{rel}","templated":true}]}}