{"id":73462,"date":"2024-04-01T08:28:51","date_gmt":"2024-04-01T13:28:51","guid":{"rendered":"https:\/\/uninavarra.edu.co\/?page_id=73462"},"modified":"2024-08-20T08:21:32","modified_gmt":"2024-08-20T13:21:32","slug":"fomento-artistico-y-cultural","status":"publish","type":"page","link":"https:\/\/uninavarra.edu.co\/en\/bienestar-universitario\/desarrollo-humano\/fomento-artistico-y-cultural\/","title":{"rendered":"Artistic and Cultural Promotion"},"content":{"rendered":"<div class=\"wpb-content-wrapper\"><div class=\"wpb-container \"><div class=\"container\"><div class=\"vc_row wpb_row vc_row-fluid row \"><div class=\"col-sm-12  vc_\">\n\t\t<div class=\"wpb_wrapper \">\n\t\t\t\n\t\t\t<!-- START Fomento artistico y cultural REVOLUTION SLIDER 6.7.21 --><p class=\"rs-p-wp-fix\"><\/p>\n\t\t\t<rs-module-wrap id=\"rev_slider_46_1_wrapper\" data-source=\"gallery\" style=\"visibility:hidden;background:rgba(255,255,255,0);padding:0;margin:0px auto;margin-top:0;margin-bottom:0;\">\n\t\t\t\t<rs-module id=\"rev_slider_46_1\" style=\"\" data-version=\"6.7.21\">\n\t\t\t\t\t<rs-slides style=\"overflow: hidden; position: absolute;\">\n\t\t\t\t\t\t<rs-slide style=\"position: absolute;\" data-key=\"rs-596\" data-title=\"Promoci\u00f3n art\u00edstica y cultural\" data-anim=\"adpr:false;ms:10;\" data-in=\"o:0;\" data-out=\"a:false;\">\n\t\t\t\t\t\t\t<img decoding=\"async\" src=\"\/\/uninavarra.edu.co\/wp-content\/plugins\/revslider\/sr6\/assets\/assets\/dummy.png\" alt=\"Promoci\u00f3n art\u00edstica y cultural\" title=\"PREMIOS Y RECONOCIMIENTOS\" class=\"rev-slidebg tp-rs-img rs-lazyload\" data-lazyload=\"\/\/uninavarra.edu.co\/wp-content\/plugins\/revslider\/sr6\/assets\/assets\/transparent.png\" data-bg=\"c:#E7E7E7;\" data-no-retina>\n<!--\n\t\t\t\t\t\t\t--><a\n\t\t\t\t\t\t\t\tid=\"slider-46-slide-596-layer-11\" \n\t\t\t\t\t\t\t\tclass=\"rs-layer\"\n\t\t\t\t\t\t\t\thref=\"#\" target=\"_self\"\n\t\t\t\t\t\t\t\tdata-type=\"image\"\n\t\t\t\t\t\t\t\tdata-rsp_ch=\"on\"\n\t\t\t\t\t\t\t\tdata-xy=\"x:c;xo:-1px;y:c;\"\n\t\t\t\t\t\t\t\tdata-text=\"l:22;a:inherit;\"\n\t\t\t\t\t\t\t\tdata-dim=\"w:100%;h:100%;\"\n\t\t\t\t\t\t\t\tdata-frame_0=\"sX:2;sY:2;\"\n\t\t\t\t\t\t\t\tdata-frame_0_mask=\"u:t;\"\n\t\t\t\t\t\t\t\tdata-frame_1=\"e:power2.out;sp:1000;\"\n\t\t\t\t\t\t\t\tdata-frame_1_mask=\"u:t;\"\n\t\t\t\t\t\t\t\tdata-frame_999=\"o:0;e:nothing;st:w;sR:5000;\"\n\t\t\t\t\t\t\t\tstyle=\"z-index:5;\"\n\t\t\t\t\t\t\t><img fetchpriority=\"high\" decoding=\"async\" src=\"\/\/uninavarra.edu.co\/wp-content\/plugins\/revslider\/sr6\/assets\/assets\/dummy.png\" alt=\"\" class=\"tp-rs-img rs-lazyload\" width=\"2560\" height=\"761\" data-lazyload=\"\/\/uninavarra.edu.co\/wp-content\/uploads\/2024\/04\/3-10-scaled.jpg\" data-c=\"cover-proportional\" data-no-retina> \n\t\t\t\t\t\t\t<\/a><!--\n-->\t\t\t\t\t<\/rs-slide>\n\t\t\t\t\t<\/rs-slides>\n\t\t\t\t<\/rs-module>\n\t\t\t\t<script>\n\t\t\t\t\tsetREVStartSize({c: 'rev_slider_46_1',rl:[1240,1024,778,480],el:[540],gw:[1920],gh:[540],type:'standard',justify:'',layout:'fullwidth',mh:\"100%\"});if (window.RS_MODULES!==undefined && window.RS_MODULES.modules!==undefined && window.RS_MODULES.modules[\"revslider461\"]!==undefined) {window.RS_MODULES.modules[\"revslider461\"].once = false;window.revapi46 = undefined;if (window.RS_MODULES.checkMinimal!==undefined) window.RS_MODULES.checkMinimal()}\n\t\t\t\t<\/script>\n\t\t\t<\/rs-module-wrap>\n\t\t\t<!-- END REVOLUTION SLIDER -->\n\n\t\t<\/div> \n\t<\/div><\/div><\/div><\/div><div class=\"wpb-container \"><div class=\"container\"><div class=\"vc_row wpb_row vc_row-fluid row \"><div class=\"col-sm-12  vc_\">\n\t\t<div class=\"wpb_wrapper \">\n\t\t\t\n\t<div class=\"wpb_text_column wpb_content_element\" >\n\t\t<div class=\"wpb_wrapper\">\n\t\t\t<h2 class=\"divisor\" style=\"text-align: center;\"><span style=\"font-family: helvetica, arial, sans-serif;\">FOMENTO ART\u00cdSTICO Y CULTURAL<\/span><\/h2>\n<hr \/>\n\n\t\t<\/div>\n\t<\/div>\n\n\t<div class=\"wpb_raw_code wpb_raw_html wpb_content_element\" >\n\t\t<div class=\"wpb_wrapper\">\n\t\t\t<link rel=\"preconnect\" href=\"https:\/\/fonts.gstatic.com\">\n<link href=\"https:\/\/fonts.googleapis.com\/css2?family=Raleway:ital,wght@0,400;0,700;1,400&display=swap\" rel=\"stylesheet\">\n<link href=\"https:\/\/fonts.googleapis.com\/css2?family=Lato:wght@400;700&display=swap\" rel=\"stylesheet\">\n<link href=\"https:\/\/fonts.googleapis.com\/icon?family=Material+Icons\" rel=\"stylesheet\">\n\n<style>\n\/* Arregla el tama\u00f1o de la letra del slider cina ya que esta en 'rem' *\/ html {font-size: 100%} .navbar-mega .navbar-nav > li .dropdown-menu li a {font-size: 14px !important;}\n\n\/* CAMBIO COLOR DE LA LETRA Y ESTILO *\/\n#wpo-mainbody, #wpo-mainbody h2, #wpo-mainbody h3, #wpo-mainbody h4, #wpo-mainbody p, #wpo-mainbody a, #wpo-mainbody strong, #wpo-mainbody em, #wpo-mainbody th, #wpo-mainbody tr, #wpo-mainbody td, #wpo-mainbody ol, #wpo-mainbody ul, #wpo-mainbody li, #wpo-mainbody :after {\n    font-family: 'Raleway', sans-serif\n}\n\n#wpo-mainbody p {\n    font-size: 16px;\n    line-height: 20px;\n}\n\n#wpo-mainbody h4{\n        overflow: hidden;\n   text-overflow: ellipsis;\n   display: -webkit-box;\n   -webkit-line-clamp: 2; \/* number of lines to show *\/\n           line-clamp: 2; \n   -webkit-box-orient: vertical;\n    }\n\n#wpo-mainbody li {\n    font-size: 18px;\n    line-height: 30px;\n}\n\n\n\n#wpo-mainbody strong {\n    line-height: 30px\n}\n\n\/* Estilo Aplicado en Listas de Semilleros de los Grupos de Investigaci\u00f3n *\/\n#wpo-mainbody .lista_semilleros ul {\n    padding-inline-start: 35px;\n}\n\n#wpo-mainbody .lista_semilleros li {\n\tline-height: 20px\n}\n\n#wpo-mainbody .lista_semilleros ul li {\n\tfont-size: 15px;\n\tmargin-left: 20px;\n\tmargin-bottom: 15px\n}\n\n#wpo-mainbody .lista_semilleros li:last-child ul li {\n\tmargin-bottom: 0\n}\n\n#wpo-mainbody .lista_semilleros ul li:before {\n    position: absolute;\n    background: none;\n}\n<\/style>\n\t\t<\/div>\n\t<\/div>\n\n\t<div class=\"wpb_text_column wpb_content_element\" >\n\t\t<div class=\"wpb_wrapper\">\n\t\t\t\t\t\t<!-- Flexy Breadcrumb -->\r\n\t\t\t<div class=\"fbc fbc-page\">\r\n\r\n\t\t\t\t<!-- Breadcrumb wrapper -->\r\n\t\t\t\t<div class=\"fbc-wrap\">\r\n\r\n\t\t\t\t\t<!-- Ordered list-->\r\n\t\t\t\t\t<ol class=\"fbc-items\" itemscope itemtype=\"https:\/\/schema.org\/BreadcrumbList\">\r\n\t\t\t\t\t\t            <li itemprop=\"itemListElement\" itemscope itemtype=\"https:\/\/schema.org\/ListItem\">\r\n                <span itemprop=\"name\">\r\n                    <!-- Home Link -->\r\n                    <a itemprop=\"item\" href=\"https:\/\/uninavarra.edu.co\">\r\n                    \r\n                                                    <i class=\"fa fa-home\" aria-hidden=\"true\"><\/i>Home                    <\/a>\r\n                <\/span>\r\n                <meta itemprop=\"position\" content=\"1\" \/><!-- Meta Position-->\r\n             <\/li><li><span class=\"fbc-separator\">\/<\/span><\/li><li class=\"active\" itemprop=\"itemListElement\" itemscope itemtype=\"https:\/\/schema.org\/ListItem\"><span itemprop=\"name\" title=\"Fomento Art\u00edstico y Cultural\">Fomento Art\u00edstico y Cultural<\/span><meta itemprop=\"position\" content=\"2\" \/><\/li>\t\t\t\t\t<\/ol>\r\n\t\t\t\t\t<div class=\"clearfix\"><\/div>\r\n\t\t\t\t<\/div>\r\n\t\t\t<\/div>\r\n\t\t\t\n\n\t\t<\/div>\n\t<\/div>\n\n\t\t<\/div> \n\t<\/div><\/div><\/div><\/div><div class=\"wpb-container \"><div class=\"container\"><div class=\"vc_row wpb_row vc_row-fluid row \"><div class=\"col-sm-12  vc_\">\n\t\t<div class=\"wpb_wrapper \">\n\t\t\t\n\t<div class=\"wpb_text_column wpb_content_element\" >\n\t\t<div class=\"wpb_wrapper\">\n\t\t\t<p>Para la Fundaci\u00f3n Universitaria Navarra &#8211; UNINAVARRA la formaci\u00f3n integral de su comunidad es uno de los objetivos fundamentales, por ende, se han creado estrategias para estimular y fortalecer la participaci\u00f3n de estudiantes, profesores, directivos, colaboradores y egresados en actividades complementarias a lo acad\u00e9mico y\/o laboral, involucr\u00e1ndose a trav\u00e9s de diversas actividades art\u00edsticas y culturales.<\/p>\n<p>Cada estrategia promueve diversos modos de participaci\u00f3n desde el \u00e1rea de inter\u00e9s de cada persona, ofertando la posibilidad de hacer parte de los grupos representativos de danza, teatro, m\u00fasica y artes pl\u00e1sticas de la instituci\u00f3n, la cual desarrolla talleres de formaci\u00f3n art\u00edstica y cultural tales como: dibujo, pintura, piano, percusi\u00f3n, t\u00e9cnica vocal, teatro, danza urbana, contempor\u00e1neo, folcl\u00f3rico, entre otros con actividades de ocio y entretenimiento, donde toda la comunidad universitaria podr\u00e1 disfrutar de un espacio cultural. Estas pr\u00e1cticas culturales son un recurso sustantivo y complementario al modelo curricular, fomentando \u201cun espacio de aprendizaje y ofreciendo un entorno \u00f3ptimo para el logro de una acci\u00f3n formativa innovadora\u201d.<\/p>\n<p>Dentro de las actividades propias del \u00e1rea de cultura, contemplamos el desarrollo de cada una de las modalidades art\u00edsticas y culturales las cuales tienen el prop\u00f3sito de fomentar el amor al arte y la cultura, adem\u00e1s de apoyar en la formaci\u00f3n integral, emocional y creativa de toda la comunidad Navarrista.<\/p>\n\n\t\t<\/div>\n\t<\/div>\n\n\t\t<\/div> \n\t<\/div><\/div><\/div><\/div><div class=\"wpb-container \"><div class=\"container\"><div class=\"vc_row wpb_row vc_row-fluid row \"><div class=\"col-sm-2  vc_\">\n\t\t<div class=\"wpb_wrapper \">\n\t\t\t\n\t\t<\/div> \n\t<\/div><div class=\"col-sm-4  vc_\">\n\t\t<div class=\"wpb_wrapper \">\n\t\t\t<div class=\"wpb_single_image wpb_content_element vc_align_center\">\n\t\t<div class=\"wpb_wrapper\">\n\t\t\t\n\t\t\t<a href=\"https:\/\/uninavarra.edu.co\/bienestar-universitario\/desarrollo-humano\/fomento-artistico-y-cultural\/formacion-artistica\/\" target=\"_self\"><img decoding=\"async\" width=\"1018\" height=\"710\" src=\"https:\/\/uninavarra.edu.co\/wp-content\/uploads\/2024\/04\/1-11.jpg\" class=\" vc_box_border_grey attachment-full\" alt=\"FORMACI\u00d3N ART\u00cdSTICA\" title=\"FORMACI\u00d3N ART\u00cdSTICA\" srcset=\"https:\/\/uninavarra.edu.co\/wp-content\/uploads\/2024\/04\/1-11.jpg 1018w, https:\/\/uninavarra.edu.co\/wp-content\/uploads\/2024\/04\/1-11-300x209.jpg 300w, https:\/\/uninavarra.edu.co\/wp-content\/uploads\/2024\/04\/1-11-150x105.jpg 150w, https:\/\/uninavarra.edu.co\/wp-content\/uploads\/2024\/04\/1-11-768x536.jpg 768w\" sizes=\"(max-width: 1018px) 100vw, 1018px\" \/><\/a>\n\t\t<\/div> \n\t<\/div>\n\t\t<\/div> \n\t<\/div><div class=\"col-sm-4  vc_\">\n\t\t<div class=\"wpb_wrapper \">\n\t\t\t<div class=\"wpb_single_image wpb_content_element vc_align_center\">\n\t\t<div class=\"wpb_wrapper\">\n\t\t\t\n\t\t\t<a href=\"https:\/\/uninavarra.edu.co\/bienestar-universitario\/desarrollo-humano\/fomento-artistico-y-cultural\/sala-de-exposiciones\/\" target=\"_self\"><img decoding=\"async\" width=\"1018\" height=\"710\" src=\"https:\/\/uninavarra.edu.co\/wp-content\/uploads\/2024\/04\/2-11.jpg\" class=\" vc_box_border_grey attachment-full\" alt=\"SALA DE EXPOSICIONES\" title=\"SALA DE EXPOSICIONES\" srcset=\"https:\/\/uninavarra.edu.co\/wp-content\/uploads\/2024\/04\/2-11.jpg 1018w, https:\/\/uninavarra.edu.co\/wp-content\/uploads\/2024\/04\/2-11-300x209.jpg 300w, https:\/\/uninavarra.edu.co\/wp-content\/uploads\/2024\/04\/2-11-150x105.jpg 150w, https:\/\/uninavarra.edu.co\/wp-content\/uploads\/2024\/04\/2-11-768x536.jpg 768w\" sizes=\"(max-width: 1018px) 100vw, 1018px\" \/><\/a>\n\t\t<\/div> \n\t<\/div>\n\t\t<\/div> \n\t<\/div><div class=\"col-sm-2  vc_\">\n\t\t<div class=\"wpb_wrapper \">\n\t\t\t\n\t\t<\/div> \n\t<\/div><\/div><\/div><\/div>\n<\/div>","protected":false},"excerpt":{"rendered":"FOMENTO ART\u00cdSTICO Y CULTURAL Home \/Fomento Art\u00edstico y Cultural Para la Fundaci\u00f3n Universitaria Navarra - UNINAVARRA la formaci\u00f3n integral de su comunidad es uno de los objetivos fundamentales, por ende, [...]","protected":false},"author":13,"featured_media":73611,"parent":17693,"menu_order":0,"comment_status":"closed","ping_status":"closed","template":"","meta":{"footnotes":""},"categories":[],"tags":[],"class_list":["post-73462","page","type-page","status-publish","has-post-thumbnail","hentry"],"yoast_head":"<!-- This site is optimized with the Yoast SEO plugin v27.2 - https:\/\/yoast.com\/product\/yoast-seo-wordpress\/ -->\n<title>Fomento Art\u00edstico y Cultural - Uninavarra<\/title>\n<meta name=\"robots\" content=\"index, follow, max-snippet:-1, max-image-preview:large, max-video-preview:-1\" \/>\n<link rel=\"canonical\" href=\"https:\/\/uninavarra.edu.co\/en\/bienestar-universitario\/desarrollo-humano\/fomento-artistico-y-cultural\/\" \/>\n<meta property=\"og:locale\" content=\"en_US\" \/>\n<meta property=\"og:type\" content=\"article\" \/>\n<meta property=\"og:title\" content=\"Fomento Art\u00edstico y Cultural - Uninavarra\" \/>\n<meta property=\"og:url\" content=\"https:\/\/uninavarra.edu.co\/en\/bienestar-universitario\/desarrollo-humano\/fomento-artistico-y-cultural\/\" \/>\n<meta property=\"og:site_name\" content=\"Uninavarra\" \/>\n<meta property=\"article:publisher\" content=\"https:\/\/www.facebook.com\/UninavarraEduca\" \/>\n<meta property=\"article:modified_time\" content=\"2024-08-20T13:21:32+00:00\" \/>\n<meta property=\"og:image\" content=\"https:\/\/uninavarra.edu.co\/wp-content\/uploads\/2024\/04\/ARTES-PLASTICAS-2023.jpg\" \/>\n\t<meta property=\"og:image:width\" content=\"2000\" \/>\n\t<meta property=\"og:image:height\" content=\"2000\" \/>\n\t<meta property=\"og:image:type\" content=\"image\/jpeg\" \/>\n<meta name=\"twitter:card\" content=\"summary_large_image\" \/>\n<meta name=\"twitter:site\" content=\"@uninavarraeduca\" \/>\n<meta name=\"twitter:label1\" content=\"Est. reading time\" \/>\n\t<meta name=\"twitter:data1\" content=\"3 minutes\" \/>\n<script type=\"application\/ld+json\" class=\"yoast-schema-graph\">{\"@context\":\"https:\/\/schema.org\",\"@graph\":[{\"@type\":\"WebPage\",\"@id\":\"https:\/\/uninavarra.edu.co\/bienestar-universitario\/desarrollo-humano\/fomento-artistico-y-cultural\/\",\"url\":\"https:\/\/uninavarra.edu.co\/bienestar-universitario\/desarrollo-humano\/fomento-artistico-y-cultural\/\",\"name\":\"Fomento Art\u00edstico y Cultural - Uninavarra\",\"isPartOf\":{\"@id\":\"https:\/\/uninavarra.edu.co\/#website\"},\"primaryImageOfPage\":{\"@id\":\"https:\/\/uninavarra.edu.co\/bienestar-universitario\/desarrollo-humano\/fomento-artistico-y-cultural\/#primaryimage\"},\"image\":{\"@id\":\"https:\/\/uninavarra.edu.co\/bienestar-universitario\/desarrollo-humano\/fomento-artistico-y-cultural\/#primaryimage\"},\"thumbnailUrl\":\"https:\/\/uninavarra.edu.co\/wp-content\/uploads\/2024\/04\/ARTES-PLASTICAS-2023.jpg\",\"datePublished\":\"2024-04-01T13:28:51+00:00\",\"dateModified\":\"2024-08-20T13:21:32+00:00\",\"breadcrumb\":{\"@id\":\"https:\/\/uninavarra.edu.co\/bienestar-universitario\/desarrollo-humano\/fomento-artistico-y-cultural\/#breadcrumb\"},\"inLanguage\":\"en-US\",\"potentialAction\":[{\"@type\":\"ReadAction\",\"target\":[\"https:\/\/uninavarra.edu.co\/bienestar-universitario\/desarrollo-humano\/fomento-artistico-y-cultural\/\"]}]},{\"@type\":\"ImageObject\",\"inLanguage\":\"en-US\",\"@id\":\"https:\/\/uninavarra.edu.co\/bienestar-universitario\/desarrollo-humano\/fomento-artistico-y-cultural\/#primaryimage\",\"url\":\"https:\/\/uninavarra.edu.co\/wp-content\/uploads\/2024\/04\/ARTES-PLASTICAS-2023.jpg\",\"contentUrl\":\"https:\/\/uninavarra.edu.co\/wp-content\/uploads\/2024\/04\/ARTES-PLASTICAS-2023.jpg\",\"width\":2000,\"height\":2000},{\"@type\":\"BreadcrumbList\",\"@id\":\"https:\/\/uninavarra.edu.co\/bienestar-universitario\/desarrollo-humano\/fomento-artistico-y-cultural\/#breadcrumb\",\"itemListElement\":[{\"@type\":\"ListItem\",\"position\":1,\"name\":\"Home\",\"item\":\"https:\/\/uninavarra.edu.co\/\"},{\"@type\":\"ListItem\",\"position\":2,\"name\":\"Bienestar Universitario\",\"item\":\"https:\/\/uninavarra.edu.co\/bienestar-universitario\/\"},{\"@type\":\"ListItem\",\"position\":3,\"name\":\"Desarrollo Humano\",\"item\":\"https:\/\/uninavarra.edu.co\/bienestar-universitario\/desarrollo-humano\/\"},{\"@type\":\"ListItem\",\"position\":4,\"name\":\"Fomento Art\u00edstico y Cultural\"}]},{\"@type\":\"WebSite\",\"@id\":\"https:\/\/uninavarra.edu.co\/#website\",\"url\":\"https:\/\/uninavarra.edu.co\/\",\"name\":\"UNINAVARRA\",\"description\":\"Haz realidad tu deseo de aprender\",\"publisher\":{\"@id\":\"https:\/\/uninavarra.edu.co\/#organization\"},\"potentialAction\":[{\"@type\":\"SearchAction\",\"target\":{\"@type\":\"EntryPoint\",\"urlTemplate\":\"https:\/\/uninavarra.edu.co\/?s={search_term_string}\"},\"query-input\":{\"@type\":\"PropertyValueSpecification\",\"valueRequired\":true,\"valueName\":\"search_term_string\"}}],\"inLanguage\":\"en-US\"},{\"@type\":\"Organization\",\"@id\":\"https:\/\/uninavarra.edu.co\/#organization\",\"name\":\"Fundaci\u00f3n Universitaria Navarra - UNINAVARRA\",\"url\":\"https:\/\/uninavarra.edu.co\/\",\"logo\":{\"@type\":\"ImageObject\",\"inLanguage\":\"en-US\",\"@id\":\"https:\/\/uninavarra.edu.co\/#\/schema\/logo\/image\/\",\"url\":\"https:\/\/uninavarra.edu.co\/wp-content\/uploads\/2024\/06\/Escudo-uninavarra-Solo.png\",\"contentUrl\":\"https:\/\/uninavarra.edu.co\/wp-content\/uploads\/2024\/06\/Escudo-uninavarra-Solo.png\",\"width\":1500,\"height\":1401,\"caption\":\"Fundaci\u00f3n Universitaria Navarra - UNINAVARRA\"},\"image\":{\"@id\":\"https:\/\/uninavarra.edu.co\/#\/schema\/logo\/image\/\"},\"sameAs\":[\"https:\/\/www.facebook.com\/UninavarraEduca\",\"https:\/\/x.com\/uninavarraeduca\",\"https:\/\/www.instagram.com\/uninavarra\/?hl=es\",\"https:\/\/www.linkedin.com\/in\/fundacin-universitaria-navarra-uninavarra-b41225222\/\"]}]}<\/script>\n<!-- \/ Yoast SEO plugin. -->","yoast_head_json":{"title":"Fomento Art\u00edstico y Cultural - Uninavarra","robots":{"index":"index","follow":"follow","max-snippet":"max-snippet:-1","max-image-preview":"max-image-preview:large","max-video-preview":"max-video-preview:-1"},"canonical":"https:\/\/uninavarra.edu.co\/en\/bienestar-universitario\/desarrollo-humano\/fomento-artistico-y-cultural\/","og_locale":"en_US","og_type":"article","og_title":"Fomento Art\u00edstico y Cultural - Uninavarra","og_url":"https:\/\/uninavarra.edu.co\/en\/bienestar-universitario\/desarrollo-humano\/fomento-artistico-y-cultural\/","og_site_name":"Uninavarra","article_publisher":"https:\/\/www.facebook.com\/UninavarraEduca","article_modified_time":"2024-08-20T13:21:32+00:00","og_image":[{"width":2000,"height":2000,"url":"https:\/\/uninavarra.edu.co\/wp-content\/uploads\/2024\/04\/ARTES-PLASTICAS-2023.jpg","type":"image\/jpeg"}],"twitter_card":"summary_large_image","twitter_site":"@uninavarraeduca","twitter_misc":{"Est. reading time":"3 minutes"},"schema":{"@context":"https:\/\/schema.org","@graph":[{"@type":"WebPage","@id":"https:\/\/uninavarra.edu.co\/bienestar-universitario\/desarrollo-humano\/fomento-artistico-y-cultural\/","url":"https:\/\/uninavarra.edu.co\/bienestar-universitario\/desarrollo-humano\/fomento-artistico-y-cultural\/","name":"Fomento Art\u00edstico y Cultural - Uninavarra","isPartOf":{"@id":"https:\/\/uninavarra.edu.co\/#website"},"primaryImageOfPage":{"@id":"https:\/\/uninavarra.edu.co\/bienestar-universitario\/desarrollo-humano\/fomento-artistico-y-cultural\/#primaryimage"},"image":{"@id":"https:\/\/uninavarra.edu.co\/bienestar-universitario\/desarrollo-humano\/fomento-artistico-y-cultural\/#primaryimage"},"thumbnailUrl":"https:\/\/uninavarra.edu.co\/wp-content\/uploads\/2024\/04\/ARTES-PLASTICAS-2023.jpg","datePublished":"2024-04-01T13:28:51+00:00","dateModified":"2024-08-20T13:21:32+00:00","breadcrumb":{"@id":"https:\/\/uninavarra.edu.co\/bienestar-universitario\/desarrollo-humano\/fomento-artistico-y-cultural\/#breadcrumb"},"inLanguage":"en-US","potentialAction":[{"@type":"ReadAction","target":["https:\/\/uninavarra.edu.co\/bienestar-universitario\/desarrollo-humano\/fomento-artistico-y-cultural\/"]}]},{"@type":"ImageObject","inLanguage":"en-US","@id":"https:\/\/uninavarra.edu.co\/bienestar-universitario\/desarrollo-humano\/fomento-artistico-y-cultural\/#primaryimage","url":"https:\/\/uninavarra.edu.co\/wp-content\/uploads\/2024\/04\/ARTES-PLASTICAS-2023.jpg","contentUrl":"https:\/\/uninavarra.edu.co\/wp-content\/uploads\/2024\/04\/ARTES-PLASTICAS-2023.jpg","width":2000,"height":2000},{"@type":"BreadcrumbList","@id":"https:\/\/uninavarra.edu.co\/bienestar-universitario\/desarrollo-humano\/fomento-artistico-y-cultural\/#breadcrumb","itemListElement":[{"@type":"ListItem","position":1,"name":"Home","item":"https:\/\/uninavarra.edu.co\/"},{"@type":"ListItem","position":2,"name":"Bienestar Universitario","item":"https:\/\/uninavarra.edu.co\/bienestar-universitario\/"},{"@type":"ListItem","position":3,"name":"Desarrollo Humano","item":"https:\/\/uninavarra.edu.co\/bienestar-universitario\/desarrollo-humano\/"},{"@type":"ListItem","position":4,"name":"Fomento Art\u00edstico y Cultural"}]},{"@type":"WebSite","@id":"https:\/\/uninavarra.edu.co\/#website","url":"https:\/\/uninavarra.edu.co\/","name":"UNINAVARRA","description":"Make your desire to learn a reality","publisher":{"@id":"https:\/\/uninavarra.edu.co\/#organization"},"potentialAction":[{"@type":"SearchAction","target":{"@type":"EntryPoint","urlTemplate":"https:\/\/uninavarra.edu.co\/?s={search_term_string}"},"query-input":{"@type":"PropertyValueSpecification","valueRequired":true,"valueName":"search_term_string"}}],"inLanguage":"en-US"},{"@type":"Organization","@id":"https:\/\/uninavarra.edu.co\/#organization","name":"Navarre University Foundation - UNINAVARRA","url":"https:\/\/uninavarra.edu.co\/","logo":{"@type":"ImageObject","inLanguage":"en-US","@id":"https:\/\/uninavarra.edu.co\/#\/schema\/logo\/image\/","url":"https:\/\/uninavarra.edu.co\/wp-content\/uploads\/2024\/06\/Escudo-uninavarra-Solo.png","contentUrl":"https:\/\/uninavarra.edu.co\/wp-content\/uploads\/2024\/06\/Escudo-uninavarra-Solo.png","width":1500,"height":1401,"caption":"Fundaci\u00f3n Universitaria Navarra - UNINAVARRA"},"image":{"@id":"https:\/\/uninavarra.edu.co\/#\/schema\/logo\/image\/"},"sameAs":["https:\/\/www.facebook.com\/UninavarraEduca","https:\/\/x.com\/uninavarraeduca","https:\/\/www.instagram.com\/uninavarra\/?hl=es","https:\/\/www.linkedin.com\/in\/fundacin-universitaria-navarra-uninavarra-b41225222\/"]}]}},"_links":{"self":[{"href":"https:\/\/uninavarra.edu.co\/en\/wp-json\/wp\/v2\/pages\/73462","targetHints":{"allow":["GET"]}}],"collection":[{"href":"https:\/\/uninavarra.edu.co\/en\/wp-json\/wp\/v2\/pages"}],"about":[{"href":"https:\/\/uninavarra.edu.co\/en\/wp-json\/wp\/v2\/types\/page"}],"author":[{"embeddable":true,"href":"https:\/\/uninavarra.edu.co\/en\/wp-json\/wp\/v2\/users\/13"}],"replies":[{"embeddable":true,"href":"https:\/\/uninavarra.edu.co\/en\/wp-json\/wp\/v2\/comments?post=73462"}],"version-history":[{"count":0,"href":"https:\/\/uninavarra.edu.co\/en\/wp-json\/wp\/v2\/pages\/73462\/revisions"}],"up":[{"embeddable":true,"href":"https:\/\/uninavarra.edu.co\/en\/wp-json\/wp\/v2\/pages\/17693"}],"wp:featuredmedia":[{"embeddable":true,"href":"https:\/\/uninavarra.edu.co\/en\/wp-json\/wp\/v2\/media\/73611"}],"wp:attachment":[{"href":"https:\/\/uninavarra.edu.co\/en\/wp-json\/wp\/v2\/media?parent=73462"}],"wp:term":[{"taxonomy":"category","embeddable":true,"href":"https:\/\/uninavarra.edu.co\/en\/wp-json\/wp\/v2\/categories?post=73462"},{"taxonomy":"post_tag","embeddable":true,"href":"https:\/\/uninavarra.edu.co\/en\/wp-json\/wp\/v2\/tags?post=73462"}],"curies":[{"name":"wp","href":"https:\/\/api.w.org\/{rel}","templated":true}]}}