{"id":72789,"date":"2024-03-19T09:11:07","date_gmt":"2024-03-19T14:11:07","guid":{"rendered":"https:\/\/uninavarra.edu.co\/?page_id=72789"},"modified":"2025-06-05T11:43:46","modified_gmt":"2025-06-05T16:43:46","slug":"politicas-publico","status":"publish","type":"page","link":"https:\/\/uninavarra.edu.co\/en\/sistema-gestion-calidad-publica\/politicas-publico\/","title":{"rendered":"SGSST Policies"},"content":{"rendered":"<div class=\"wpb-content-wrapper\"><div id=\"iconos_cina\" class=\"wpb-container\"><div class=\"container\"><div class=\"vc_row wpb_row vc_row-fluid row\"><div class=\"col-sm-12  vc_\">\n\t\t<div class=\"wpb_wrapper\">\n\t\t\t<div class=\"vc_tta-container\" data-vc-action=\"collapse\"><div class=\"vc_general vc_tta vc_tta-tabs vc_tta-color-navarra vc_tta-style-classic vc_tta-shape-rounded vc_tta-spacing-1 vc_tta-o-no-fill vc_tta-tabs-position-left vc_tta-controls-align-left\"><div class=\"vc_tta-tabs-container\"><ul class=\"vc_tta-tabs-list\"><li class=\"vc_tta-tab vc_active\" data-vc-tab><a href=\"#POLITICA_DE_SST\" data-vc-tabs data-vc-container=\".vc_tta\"><span class=\"vc_tta-title-text\">HSE POLICY<\/span><\/a><\/li><li class=\"vc_tta-tab\" data-vc-tab><a href=\"#POLITICA_DROGAS\" data-vc-tabs data-vc-container=\".vc_tta\"><span class=\"vc_tta-title-text\">ALCOHOL, DRUGS AND TOBACCO POLICY<\/span><\/a><\/li><\/ul><\/div><div class=\"vc_tta-panels-container\"><div class=\"vc_tta-panels\"><div class=\"vc_tta-panel vc_active\" id=\"POLITICA_DE_SST\" data-vc-content=\".vc_tta-panel-body\"><div class=\"vc_tta-panel-heading\"><h4 class=\"vc_tta-panel-title\"><a href=\"#POLITICA_DE_SST\" data-vc-accordion data-vc-container=\".vc_tta-container\"><span class=\"vc_tta-title-text\">HSE POLICY<\/span><\/a><\/h4><\/div><div class=\"vc_tta-panel-body\"><div class=\"vc_row wpb_row vc_inner vc_row-fluid\"><div class=\"vc_ col-sm-12\"><div class=\"vc_column-inner\"><div class=\"wpb_wrapper\">\n\t<div class=\"wpb_text_column wpb_content_element\" >\n\t\t<div class=\"wpb_wrapper\">\n\t\t\t<p style=\"text-align: center;\"><span style=\"font-size: 18px; color: #cf131f;\"><strong>INTEGRATED MANAGEMENT SYSTEM POLICY<\/strong><\/span><\/p>\n\n\t\t<\/div>\n\t<\/div>\n<\/div><\/div><\/div><\/div><div class=\"vc_row wpb_row vc_inner vc_row-fluid\"><div class=\"vc_ col-sm-12\"><div class=\"vc_column-inner\"><div class=\"wpb_wrapper\">\n\t<div class=\"wpb_text_column wpb_content_element\" >\n\t\t<div class=\"wpb_wrapper\">\n\t\t\t<div class=\"_df_book df-lite\" id=\"df_90662\"  _slug=\"acuerdo-001-de-2024-21-de-marzo-por-el-cual-se-adopta-la-politica-del-sistema-integrado-de-gestion-de-la-fundacion-universitaria-navarra-uninavarra-2\" data-title=\"acuerdo-001-de-2024-21-de-marzo-por-el-cual-se-adopta-la-politica-del-sistema-integrado-de-gestion-de-la-fundacion-universitaria-navarra-uninavarra\" wpoptions=\"true\" thumb=\"https:\/\/uninavarra.edu.co\/wp-content\/uploads\/2024\/07\/news-01-1-1.jpg\" thumbtype=\"\" ><\/div><script class=\"df-shortcode-script\" nowprocket type=\"application\/javascript\">window.option_df_90662 = {\"outline\":[],\"autoEnableOutline\":\"false\",\"autoEnableThumbnail\":\"false\",\"overwritePDFOutline\":\"false\",\"direction\":\"1\",\"pageSize\":\"0\",\"source\":\"https:\\\/\\\/uninavarra.edu.co\\\/wp-content\\\/uploads\\\/2025\\\/06\\\/Acuerdo-001-Politica-del-Sistema-Integrado-de-Gestion-1.pdf\",\"wpOptions\":\"true\"}; if(window.DFLIP && window.DFLIP.parseBooks){window.DFLIP.parseBooks();}<\/script>\n\n\t\t<\/div>\n\t<\/div>\n<\/div><\/div><\/div><\/div><div class=\"vc_row wpb_row vc_inner vc_row-fluid\"><div class=\"vc_ col-sm-12\"><div class=\"vc_column-inner\"><div class=\"wpb_wrapper\"><div class=\"vc_btn3-container vc_btn3-center vc_do_btn\" ><a class=\"vc_general vc_btn3 vc_btn3-size-md vc_btn3-shape-rounded vc_btn3-style-modern vc_btn3-color-navarra\" href=\"https:\/\/uninavarra.edu.co\/wp-content\/uploads\/2025\/06\/Acuerdo-001-Politica-del-Sistema-Integrado-de-Gestion-1.pdf\" title=\"\">Enlarge policy<\/a><\/div><\/div><\/div><\/div><\/div><\/div><\/div><div class=\"vc_tta-panel\" id=\"POLITICA_DROGAS\" data-vc-content=\".vc_tta-panel-body\"><div class=\"vc_tta-panel-heading\"><h4 class=\"vc_tta-panel-title\"><a href=\"#POLITICA_DROGAS\" data-vc-accordion data-vc-container=\".vc_tta-container\"><span class=\"vc_tta-title-text\">ALCOHOL, DRUGS AND TOBACCO POLICY<\/span><\/a><\/h4><\/div><div class=\"vc_tta-panel-body\"><div class=\"vc_row wpb_row vc_inner vc_row-fluid\"><div class=\"vc_ col-sm-12\"><div class=\"vc_column-inner\"><div class=\"wpb_wrapper\">\n\t<div class=\"wpb_text_column wpb_content_element\" >\n\t\t<div class=\"wpb_wrapper\">\n\t\t\t<p style=\"text-align: center;\"><span style=\"font-size: 18px; color: #cf131f;\"><strong>Policy for the Prevention of Alcohol, Drug and Tobacco Consumption<\/strong><\/span><\/p>\n\n\t\t<\/div>\n\t<\/div>\n<\/div><\/div><\/div><\/div><div class=\"vc_row wpb_row vc_inner vc_row-fluid\"><div class=\"vc_ col-sm-12\"><div class=\"vc_column-inner\"><div class=\"wpb_wrapper\">\n\t<div class=\"wpb_text_column wpb_content_element\" >\n\t\t<div class=\"wpb_wrapper\">\n\t\t\t<div class=\"_df_book df-lite\" id=\"df_90675\"  _slug=\"politica-para-la-prevencion-del-consumo-de-alcohol-drogas-y-tabaco\" data-title=\"politica-para-la-prevencion-del-consumo-de-alcohol-drogas-y-tabaco\" wpoptions=\"true\" thumb=\"https:\/\/uninavarra.edu.co\/wp-content\/uploads\/2024\/07\/news-01-1-1.jpg\" thumbtype=\"\" ><\/div><script class=\"df-shortcode-script\" nowprocket type=\"application\/javascript\">window.option_df_90675 = {\"outline\":[],\"autoEnableOutline\":\"false\",\"autoEnableThumbnail\":\"false\",\"overwritePDFOutline\":\"false\",\"direction\":\"1\",\"pageSize\":\"0\",\"source\":\"https:\\\/\\\/uninavarra.edu.co\\\/wp-content\\\/uploads\\\/2025\\\/06\\\/Acuerdo-001-de-2025-Politica-para-la-Prevencion-del-Consumo-de-Alcohol-Drogas-y-Tabaco-1.pdf\",\"wpOptions\":\"true\"}; if(window.DFLIP && window.DFLIP.parseBooks){window.DFLIP.parseBooks();}<\/script>\n\n\t\t<\/div>\n\t<\/div>\n<\/div><\/div><\/div><\/div><div class=\"vc_row wpb_row vc_inner vc_row-fluid\"><div class=\"vc_ col-sm-12\"><div class=\"vc_column-inner\"><div class=\"wpb_wrapper\"><div class=\"vc_btn3-container vc_btn3-center vc_do_btn\" ><a class=\"vc_general vc_btn3 vc_btn3-size-md vc_btn3-shape-rounded vc_btn3-style-modern vc_btn3-color-navarra\" href=\"https:\/\/uninavarra.edu.co\/wp-content\/uploads\/2025\/06\/Acuerdo-001-Politica-del-Sistema-Integrado-de-Gestion-1.pdf\" title=\"\">Enlarge policy<\/a><\/div><\/div><\/div><\/div><\/div><\/div><\/div><\/div><\/div><\/div><\/div>\n\t\t<\/div> \n\t<\/div><\/div><\/div><\/div>\n<\/div>","protected":false},"excerpt":{"rendered":"POL\u00cdTICA DE SSTPOL\u00cdTICA ALCOHOL DROGAS Y TABACOPOL\u00cdTICA DE SST POL\u00cdTICA DEL SISTEMA DE GESTI\u00d3N INTEGRADO Ampliar pol\u00edticaPOL\u00cdTICA ALCOHOL DROGAS Y TABACO Pol\u00edtica para la Prevenci\u00f3n del Consumo de Alcohol, Drogas [...]","protected":false},"author":1174,"featured_media":55459,"parent":69053,"menu_order":0,"comment_status":"closed","ping_status":"closed","template":"","meta":{"footnotes":""},"categories":[139],"tags":[],"class_list":["post-72789","page","type-page","status-publish","has-post-thumbnail","hentry","category-sistema-calidad"],"yoast_head":"<!-- This site is optimized with the Yoast SEO plugin v27.2 - https:\/\/yoast.com\/product\/yoast-seo-wordpress\/ -->\n<title>Pol\u00edticas SGSST - Uninavarra<\/title>\n<meta name=\"robots\" content=\"index, follow, max-snippet:-1, max-image-preview:large, max-video-preview:-1\" \/>\n<link rel=\"canonical\" href=\"https:\/\/uninavarra.edu.co\/en\/sistema-gestion-calidad-publica\/politicas-publico\/\" \/>\n<meta property=\"og:locale\" content=\"en_US\" \/>\n<meta property=\"og:type\" content=\"article\" \/>\n<meta property=\"og:title\" content=\"Pol\u00edticas SGSST - Uninavarra\" \/>\n<meta property=\"og:url\" content=\"https:\/\/uninavarra.edu.co\/en\/sistema-gestion-calidad-publica\/politicas-publico\/\" \/>\n<meta property=\"og:site_name\" content=\"Uninavarra\" \/>\n<meta property=\"article:publisher\" content=\"https:\/\/www.facebook.com\/UninavarraEduca\" \/>\n<meta property=\"article:modified_time\" content=\"2025-06-05T16:43:46+00:00\" \/>\n<meta property=\"og:image\" content=\"https:\/\/uninavarra.edu.co\/wp-content\/uploads\/2022\/12\/sistema-de-gestio\u0301n-banner-2.jpg\" \/>\n\t<meta property=\"og:image:width\" content=\"2480\" \/>\n\t<meta property=\"og:image:height\" content=\"276\" \/>\n\t<meta property=\"og:image:type\" content=\"image\/jpeg\" \/>\n<meta name=\"twitter:card\" content=\"summary_large_image\" \/>\n<meta name=\"twitter:site\" content=\"@uninavarraeduca\" \/>\n<meta name=\"twitter:label1\" content=\"Est. reading time\" \/>\n\t<meta name=\"twitter:data1\" content=\"1 minute\" \/>\n<script type=\"application\/ld+json\" class=\"yoast-schema-graph\">{\"@context\":\"https:\/\/schema.org\",\"@graph\":[{\"@type\":\"WebPage\",\"@id\":\"https:\/\/uninavarra.edu.co\/sistema-gestion-calidad-publica\/politicas-publico\/\",\"url\":\"https:\/\/uninavarra.edu.co\/sistema-gestion-calidad-publica\/politicas-publico\/\",\"name\":\"Pol\u00edticas SGSST - Uninavarra\",\"isPartOf\":{\"@id\":\"https:\/\/uninavarra.edu.co\/#website\"},\"primaryImageOfPage\":{\"@id\":\"https:\/\/uninavarra.edu.co\/sistema-gestion-calidad-publica\/politicas-publico\/#primaryimage\"},\"image\":{\"@id\":\"https:\/\/uninavarra.edu.co\/sistema-gestion-calidad-publica\/politicas-publico\/#primaryimage\"},\"thumbnailUrl\":\"https:\/\/uninavarra.edu.co\/wp-content\/uploads\/2022\/12\/sistema-de-gestio\u0301n-banner-2.jpg\",\"datePublished\":\"2024-03-19T14:11:07+00:00\",\"dateModified\":\"2025-06-05T16:43:46+00:00\",\"breadcrumb\":{\"@id\":\"https:\/\/uninavarra.edu.co\/sistema-gestion-calidad-publica\/politicas-publico\/#breadcrumb\"},\"inLanguage\":\"en-US\",\"potentialAction\":[{\"@type\":\"ReadAction\",\"target\":[\"https:\/\/uninavarra.edu.co\/sistema-gestion-calidad-publica\/politicas-publico\/\"]}]},{\"@type\":\"ImageObject\",\"inLanguage\":\"en-US\",\"@id\":\"https:\/\/uninavarra.edu.co\/sistema-gestion-calidad-publica\/politicas-publico\/#primaryimage\",\"url\":\"https:\/\/uninavarra.edu.co\/wp-content\/uploads\/2022\/12\/sistema-de-gestio\u0301n-banner-2.jpg\",\"contentUrl\":\"https:\/\/uninavarra.edu.co\/wp-content\/uploads\/2022\/12\/sistema-de-gestio\u0301n-banner-2.jpg\",\"width\":2480,\"height\":276,\"caption\":\"sistema-de-gestio\u0301n-banner-2\"},{\"@type\":\"BreadcrumbList\",\"@id\":\"https:\/\/uninavarra.edu.co\/sistema-gestion-calidad-publica\/politicas-publico\/#breadcrumb\",\"itemListElement\":[{\"@type\":\"ListItem\",\"position\":1,\"name\":\"Home\",\"item\":\"https:\/\/uninavarra.edu.co\/\"},{\"@type\":\"ListItem\",\"position\":2,\"name\":\"Sistemas de Gesti\u00f3n\",\"item\":\"https:\/\/uninavarra.edu.co\/sistema-gestion-calidad-publica\/\"},{\"@type\":\"ListItem\",\"position\":3,\"name\":\"Pol\u00edticas SGSST\"}]},{\"@type\":\"WebSite\",\"@id\":\"https:\/\/uninavarra.edu.co\/#website\",\"url\":\"https:\/\/uninavarra.edu.co\/\",\"name\":\"UNINAVARRA\",\"description\":\"Haz realidad tu deseo de aprender\",\"publisher\":{\"@id\":\"https:\/\/uninavarra.edu.co\/#organization\"},\"potentialAction\":[{\"@type\":\"SearchAction\",\"target\":{\"@type\":\"EntryPoint\",\"urlTemplate\":\"https:\/\/uninavarra.edu.co\/?s={search_term_string}\"},\"query-input\":{\"@type\":\"PropertyValueSpecification\",\"valueRequired\":true,\"valueName\":\"search_term_string\"}}],\"inLanguage\":\"en-US\"},{\"@type\":\"Organization\",\"@id\":\"https:\/\/uninavarra.edu.co\/#organization\",\"name\":\"Fundaci\u00f3n Universitaria Navarra - UNINAVARRA\",\"url\":\"https:\/\/uninavarra.edu.co\/\",\"logo\":{\"@type\":\"ImageObject\",\"inLanguage\":\"en-US\",\"@id\":\"https:\/\/uninavarra.edu.co\/#\/schema\/logo\/image\/\",\"url\":\"https:\/\/uninavarra.edu.co\/wp-content\/uploads\/2024\/06\/Escudo-uninavarra-Solo.png\",\"contentUrl\":\"https:\/\/uninavarra.edu.co\/wp-content\/uploads\/2024\/06\/Escudo-uninavarra-Solo.png\",\"width\":1500,\"height\":1401,\"caption\":\"Fundaci\u00f3n Universitaria Navarra - UNINAVARRA\"},\"image\":{\"@id\":\"https:\/\/uninavarra.edu.co\/#\/schema\/logo\/image\/\"},\"sameAs\":[\"https:\/\/www.facebook.com\/UninavarraEduca\",\"https:\/\/x.com\/uninavarraeduca\",\"https:\/\/www.instagram.com\/uninavarra\/?hl=es\",\"https:\/\/www.linkedin.com\/in\/fundacin-universitaria-navarra-uninavarra-b41225222\/\"]}]}<\/script>\n<!-- \/ Yoast SEO plugin. -->","yoast_head_json":{"title":"Pol\u00edticas SGSST - Uninavarra","robots":{"index":"index","follow":"follow","max-snippet":"max-snippet:-1","max-image-preview":"max-image-preview:large","max-video-preview":"max-video-preview:-1"},"canonical":"https:\/\/uninavarra.edu.co\/en\/sistema-gestion-calidad-publica\/politicas-publico\/","og_locale":"en_US","og_type":"article","og_title":"Pol\u00edticas SGSST - Uninavarra","og_url":"https:\/\/uninavarra.edu.co\/en\/sistema-gestion-calidad-publica\/politicas-publico\/","og_site_name":"Uninavarra","article_publisher":"https:\/\/www.facebook.com\/UninavarraEduca","article_modified_time":"2025-06-05T16:43:46+00:00","og_image":[{"width":2480,"height":276,"url":"https:\/\/uninavarra.edu.co\/wp-content\/uploads\/2022\/12\/sistema-de-gestio\u0301n-banner-2.jpg","type":"image\/jpeg"}],"twitter_card":"summary_large_image","twitter_site":"@uninavarraeduca","twitter_misc":{"Est. reading time":"1 minute"},"schema":{"@context":"https:\/\/schema.org","@graph":[{"@type":"WebPage","@id":"https:\/\/uninavarra.edu.co\/sistema-gestion-calidad-publica\/politicas-publico\/","url":"https:\/\/uninavarra.edu.co\/sistema-gestion-calidad-publica\/politicas-publico\/","name":"Pol\u00edticas SGSST - Uninavarra","isPartOf":{"@id":"https:\/\/uninavarra.edu.co\/#website"},"primaryImageOfPage":{"@id":"https:\/\/uninavarra.edu.co\/sistema-gestion-calidad-publica\/politicas-publico\/#primaryimage"},"image":{"@id":"https:\/\/uninavarra.edu.co\/sistema-gestion-calidad-publica\/politicas-publico\/#primaryimage"},"thumbnailUrl":"https:\/\/uninavarra.edu.co\/wp-content\/uploads\/2022\/12\/sistema-de-gestio\u0301n-banner-2.jpg","datePublished":"2024-03-19T14:11:07+00:00","dateModified":"2025-06-05T16:43:46+00:00","breadcrumb":{"@id":"https:\/\/uninavarra.edu.co\/sistema-gestion-calidad-publica\/politicas-publico\/#breadcrumb"},"inLanguage":"en-US","potentialAction":[{"@type":"ReadAction","target":["https:\/\/uninavarra.edu.co\/sistema-gestion-calidad-publica\/politicas-publico\/"]}]},{"@type":"ImageObject","inLanguage":"en-US","@id":"https:\/\/uninavarra.edu.co\/sistema-gestion-calidad-publica\/politicas-publico\/#primaryimage","url":"https:\/\/uninavarra.edu.co\/wp-content\/uploads\/2022\/12\/sistema-de-gestio\u0301n-banner-2.jpg","contentUrl":"https:\/\/uninavarra.edu.co\/wp-content\/uploads\/2022\/12\/sistema-de-gestio\u0301n-banner-2.jpg","width":2480,"height":276,"caption":"sistema-de-gestio\u0301n-banner-2"},{"@type":"BreadcrumbList","@id":"https:\/\/uninavarra.edu.co\/sistema-gestion-calidad-publica\/politicas-publico\/#breadcrumb","itemListElement":[{"@type":"ListItem","position":1,"name":"Home","item":"https:\/\/uninavarra.edu.co\/"},{"@type":"ListItem","position":2,"name":"Sistemas de Gesti\u00f3n","item":"https:\/\/uninavarra.edu.co\/sistema-gestion-calidad-publica\/"},{"@type":"ListItem","position":3,"name":"Pol\u00edticas SGSST"}]},{"@type":"WebSite","@id":"https:\/\/uninavarra.edu.co\/#website","url":"https:\/\/uninavarra.edu.co\/","name":"UNINAVARRA","description":"Make your desire to learn a reality","publisher":{"@id":"https:\/\/uninavarra.edu.co\/#organization"},"potentialAction":[{"@type":"SearchAction","target":{"@type":"EntryPoint","urlTemplate":"https:\/\/uninavarra.edu.co\/?s={search_term_string}"},"query-input":{"@type":"PropertyValueSpecification","valueRequired":true,"valueName":"search_term_string"}}],"inLanguage":"en-US"},{"@type":"Organization","@id":"https:\/\/uninavarra.edu.co\/#organization","name":"Navarre University Foundation - UNINAVARRA","url":"https:\/\/uninavarra.edu.co\/","logo":{"@type":"ImageObject","inLanguage":"en-US","@id":"https:\/\/uninavarra.edu.co\/#\/schema\/logo\/image\/","url":"https:\/\/uninavarra.edu.co\/wp-content\/uploads\/2024\/06\/Escudo-uninavarra-Solo.png","contentUrl":"https:\/\/uninavarra.edu.co\/wp-content\/uploads\/2024\/06\/Escudo-uninavarra-Solo.png","width":1500,"height":1401,"caption":"Fundaci\u00f3n Universitaria Navarra - UNINAVARRA"},"image":{"@id":"https:\/\/uninavarra.edu.co\/#\/schema\/logo\/image\/"},"sameAs":["https:\/\/www.facebook.com\/UninavarraEduca","https:\/\/x.com\/uninavarraeduca","https:\/\/www.instagram.com\/uninavarra\/?hl=es","https:\/\/www.linkedin.com\/in\/fundacin-universitaria-navarra-uninavarra-b41225222\/"]}]}},"_links":{"self":[{"href":"https:\/\/uninavarra.edu.co\/en\/wp-json\/wp\/v2\/pages\/72789","targetHints":{"allow":["GET"]}}],"collection":[{"href":"https:\/\/uninavarra.edu.co\/en\/wp-json\/wp\/v2\/pages"}],"about":[{"href":"https:\/\/uninavarra.edu.co\/en\/wp-json\/wp\/v2\/types\/page"}],"author":[{"embeddable":true,"href":"https:\/\/uninavarra.edu.co\/en\/wp-json\/wp\/v2\/users\/1174"}],"replies":[{"embeddable":true,"href":"https:\/\/uninavarra.edu.co\/en\/wp-json\/wp\/v2\/comments?post=72789"}],"version-history":[{"count":0,"href":"https:\/\/uninavarra.edu.co\/en\/wp-json\/wp\/v2\/pages\/72789\/revisions"}],"up":[{"embeddable":true,"href":"https:\/\/uninavarra.edu.co\/en\/wp-json\/wp\/v2\/pages\/69053"}],"wp:featuredmedia":[{"embeddable":true,"href":"https:\/\/uninavarra.edu.co\/en\/wp-json\/wp\/v2\/media\/55459"}],"wp:attachment":[{"href":"https:\/\/uninavarra.edu.co\/en\/wp-json\/wp\/v2\/media?parent=72789"}],"wp:term":[{"taxonomy":"category","embeddable":true,"href":"https:\/\/uninavarra.edu.co\/en\/wp-json\/wp\/v2\/categories?post=72789"},{"taxonomy":"post_tag","embeddable":true,"href":"https:\/\/uninavarra.edu.co\/en\/wp-json\/wp\/v2\/tags?post=72789"}],"curies":[{"name":"wp","href":"https:\/\/api.w.org\/{rel}","templated":true}]}}