{"id":71826,"date":"2024-03-08T16:00:36","date_gmt":"2024-03-08T21:00:36","guid":{"rendered":"https:\/\/uninavarra.edu.co\/?page_id=71826"},"modified":"2024-03-14T10:01:26","modified_gmt":"2024-03-14T15:01:26","slug":"mi-biblioteca-es-tu-biblioteca-2","status":"publish","type":"page","link":"https:\/\/uninavarra.edu.co\/en\/mi-biblioteca-es-tu-biblioteca-2\/","title":{"rendered":"MY LIBRARY IS YOUR LIBRARY"},"content":{"rendered":"<div data-elementor-type=\"wp-page\" data-elementor-id=\"71826\" class=\"elementor elementor-71826\" data-elementor-post-type=\"page\">\n\t\t\t\t\t\t<section class=\"elementor-section elementor-top-section elementor-element elementor-element-d6decec elementor-section-full_width elementor-section-stretched elementor-section-height-default elementor-section-height-default\" data-id=\"d6decec\" data-element_type=\"section\" data-e-type=\"section\" data-settings=\"{&quot;stretch_section&quot;:&quot;section-stretched&quot;}\">\n\t\t\t\t\t\t<div class=\"elementor-container elementor-column-gap-default\">\n\t\t\t\t\t<div class=\"elementor-column elementor-col-100 elementor-top-column elementor-element elementor-element-a5d5e1c\" data-id=\"a5d5e1c\" data-element_type=\"column\" data-e-type=\"column\">\n\t\t\t<div class=\"elementor-widget-wrap elementor-element-populated\">\n\t\t\t\t\t\t<div class=\"elementor-element elementor-element-6feb280 elementor-widget elementor-widget-image\" data-id=\"6feb280\" data-element_type=\"widget\" data-e-type=\"widget\" data-widget_type=\"image.default\">\n\t\t\t\t<div class=\"elementor-widget-container\">\n\t\t\t\t\t\t\t\t\t\t\t\t\t\t\t<img fetchpriority=\"high\" decoding=\"async\" width=\"2500\" height=\"625\" src=\"https:\/\/uninavarra.edu.co\/wp-content\/uploads\/2024\/03\/4.jpg\" class=\"attachment-full size-full wp-image-71763\" alt=\"\" srcset=\"https:\/\/uninavarra.edu.co\/wp-content\/uploads\/2024\/03\/4.jpg 2500w, https:\/\/uninavarra.edu.co\/wp-content\/uploads\/2024\/03\/4-300x75.jpg 300w, https:\/\/uninavarra.edu.co\/wp-content\/uploads\/2024\/03\/4-1024x256.jpg 1024w, https:\/\/uninavarra.edu.co\/wp-content\/uploads\/2024\/03\/4-150x38.jpg 150w, https:\/\/uninavarra.edu.co\/wp-content\/uploads\/2024\/03\/4-768x192.jpg 768w, https:\/\/uninavarra.edu.co\/wp-content\/uploads\/2024\/03\/4-1536x384.jpg 1536w, https:\/\/uninavarra.edu.co\/wp-content\/uploads\/2024\/03\/4-2048x512.jpg 2048w\" sizes=\"(max-width: 2500px) 100vw, 2500px\" \/>\t\t\t\t\t\t\t\t\t\t\t\t\t\t\t<\/div>\n\t\t\t\t<\/div>\n\t\t\t\t<div class=\"elementor-element elementor-element-33bd9dc elementor-widget elementor-widget-spacer\" data-id=\"33bd9dc\" data-element_type=\"widget\" data-e-type=\"widget\" data-widget_type=\"spacer.default\">\n\t\t\t\t<div class=\"elementor-widget-container\">\n\t\t\t\t\t\t\t<div class=\"elementor-spacer\">\n\t\t\t<div class=\"elementor-spacer-inner\"><\/div>\n\t\t<\/div>\n\t\t\t\t\t\t<\/div>\n\t\t\t\t<\/div>\n\t\t\t\t\t<\/div>\n\t\t<\/div>\n\t\t\t\t\t<\/div>\n\t\t<\/section>\n\t\t\t\t<section class=\"elementor-section elementor-top-section elementor-element elementor-element-88e28c7 elementor-section-boxed elementor-section-height-default elementor-section-height-default\" data-id=\"88e28c7\" data-element_type=\"section\" data-e-type=\"section\">\n\t\t\t\t\t\t<div class=\"elementor-container elementor-column-gap-default\">\n\t\t\t\t\t<div class=\"elementor-column elementor-col-100 elementor-top-column elementor-element elementor-element-0c3d4ba\" data-id=\"0c3d4ba\" data-element_type=\"column\" data-e-type=\"column\">\n\t\t\t<div class=\"elementor-widget-wrap elementor-element-populated\">\n\t\t\t\t\t\t<div class=\"elementor-element elementor-element-653d3ea elementor-widget elementor-widget-text-editor\" data-id=\"653d3ea\" data-element_type=\"widget\" data-e-type=\"widget\" data-widget_type=\"text-editor.default\">\n\t\t\t\t<div class=\"elementor-widget-container\">\n\t\t\t\t\t\t\t\t\t<p style=\"text-align: justify;\"><span lang=\"ES-MX\" style=\"font-family: 'Raleway', sans-serif; font-weight: 300;line-height: 30px; mso-ansi-language: ES-MX;\">The My Library is Your Library axis focuses on providing a space for comprehensive academic support to students with major academic weaknesses, especially in critical areas such as reading comprehension, mathematical logic and English. The main objective of this axis is to strengthen these fundamental areas of knowledge, with the intention of improving the academic performance of students in all areas of the school curriculum.<\/span><\/p>\n<p style=\"text-align: justify;\"><span lang=\"ES-MX\" style=\"font-family: 'Raleway', sans-serif; font-weight: 300;line-height: 30px; mso-ansi-language: ES-MX;\">First, it focuses on the <b>strengthening reading comprehension<\/b>. Programs and activities designed to improve students' reading, comprehension and text analysis skills are implemented. Secondly, emphasis is placed on the <b>development of mathematical logic<\/b>. Activities and exercises are designed to encourage logical reasoning, problem solving and the application of mathematical concepts in everyday situations. Finally, we work on the <b>strengthening English as a second language<\/b>. English classes are structured and adapted to the needs of the students, focusing on the development of basic communication skills such as listening, speaking, reading and writing in English, using multimedia tools and playful activities to make language learning more dynamic and effective.<\/span><\/p>\n<p style=\"text-align: justify;\"><span lang=\"ES-MX\" style=\"font-family: 'Raleway', sans-serif; font-weight: 300;line-height: 30px; mso-ansi-language: ES-MX;\">It is important to note that this axis is specifically aimed at public institutions, with the objective of providing support to students who face academic challenges due to various socioeconomic and educational situations. By strengthening these fundamental areas of knowledge, students are expected to improve their academic performance in a comprehensive manner.<\/span><\/p>\t\t\t\t\t\t\t\t<\/div>\n\t\t\t\t<\/div>\n\t\t\t\t\t<\/div>\n\t\t<\/div>\n\t\t\t\t\t<\/div>\n\t\t<\/section>\n\t\t\t\t<\/div>","protected":false},"excerpt":{"rendered":"<p>El eje Mi Biblioteca es tu biblioteca, se enfoca en proporcionar un espacio de apoyo acad\u00e9mico integral a estudiantes con mayores debilidades acad\u00e9micas, especialmente en \u00e1reas cr\u00edticas como la comprensi\u00f3n [&hellip;]<\/p>\n","protected":false},"author":1174,"featured_media":0,"parent":0,"menu_order":0,"comment_status":"closed","ping_status":"closed","template":"","meta":{"footnotes":""},"categories":[],"tags":[],"class_list":["post-71826","page","type-page","status-publish","hentry"],"yoast_head":"<!-- This site is optimized with the Yoast SEO plugin v27.4 - https:\/\/yoast.com\/product\/yoast-seo-wordpress\/ -->\n<title>MI BIBLIOTECA ES TU BIBLIOTECA - Uninavarra<\/title>\n<meta name=\"robots\" content=\"index, follow, max-snippet:-1, max-image-preview:large, max-video-preview:-1\" \/>\n<link rel=\"canonical\" href=\"https:\/\/uninavarra.edu.co\/en\/mi-biblioteca-es-tu-biblioteca-2\/\" \/>\n<meta property=\"og:locale\" content=\"en_US\" \/>\n<meta property=\"og:type\" content=\"article\" \/>\n<meta property=\"og:title\" content=\"MI BIBLIOTECA ES TU BIBLIOTECA - Uninavarra\" \/>\n<meta property=\"og:description\" content=\"El eje Mi Biblioteca es tu biblioteca, se enfoca en proporcionar un espacio de apoyo acad\u00e9mico integral a estudiantes con mayores debilidades acad\u00e9micas, especialmente en \u00e1reas cr\u00edticas como la comprensi\u00f3n [&hellip;]\" \/>\n<meta property=\"og:url\" content=\"https:\/\/uninavarra.edu.co\/en\/mi-biblioteca-es-tu-biblioteca-2\/\" \/>\n<meta property=\"og:site_name\" content=\"Uninavarra\" \/>\n<meta property=\"article:publisher\" content=\"https:\/\/www.facebook.com\/UninavarraEduca\" \/>\n<meta property=\"article:modified_time\" content=\"2024-03-14T15:01:26+00:00\" \/>\n<meta property=\"og:image\" content=\"https:\/\/uninavarra.edu.co\/wp-content\/uploads\/2024\/03\/4.jpg\" \/>\n<meta name=\"twitter:card\" content=\"summary_large_image\" \/>\n<meta name=\"twitter:site\" content=\"@uninavarraeduca\" \/>\n<meta name=\"twitter:label1\" content=\"Est. reading time\" \/>\n\t<meta name=\"twitter:data1\" content=\"1 minute\" \/>\n<script type=\"application\/ld+json\" class=\"yoast-schema-graph\">{\"@context\":\"https:\\\/\\\/schema.org\",\"@graph\":[{\"@type\":\"WebPage\",\"@id\":\"https:\\\/\\\/uninavarra.edu.co\\\/en\\\/mi-biblioteca-es-tu-biblioteca-2\\\/\",\"url\":\"https:\\\/\\\/uninavarra.edu.co\\\/en\\\/mi-biblioteca-es-tu-biblioteca-2\\\/\",\"name\":\"MI BIBLIOTECA ES TU BIBLIOTECA - Uninavarra\",\"isPartOf\":{\"@id\":\"https:\\\/\\\/uninavarra.edu.co\\\/#website\"},\"primaryImageOfPage\":{\"@id\":\"https:\\\/\\\/uninavarra.edu.co\\\/en\\\/mi-biblioteca-es-tu-biblioteca-2\\\/#primaryimage\"},\"image\":{\"@id\":\"https:\\\/\\\/uninavarra.edu.co\\\/en\\\/mi-biblioteca-es-tu-biblioteca-2\\\/#primaryimage\"},\"thumbnailUrl\":\"https:\\\/\\\/uninavarra.edu.co\\\/wp-content\\\/uploads\\\/2024\\\/03\\\/4.jpg\",\"datePublished\":\"2024-03-08T21:00:36+00:00\",\"dateModified\":\"2024-03-14T15:01:26+00:00\",\"breadcrumb\":{\"@id\":\"https:\\\/\\\/uninavarra.edu.co\\\/en\\\/mi-biblioteca-es-tu-biblioteca-2\\\/#breadcrumb\"},\"inLanguage\":\"en-US\",\"potentialAction\":[{\"@type\":\"ReadAction\",\"target\":[\"https:\\\/\\\/uninavarra.edu.co\\\/en\\\/mi-biblioteca-es-tu-biblioteca-2\\\/\"]}]},{\"@type\":\"ImageObject\",\"inLanguage\":\"en-US\",\"@id\":\"https:\\\/\\\/uninavarra.edu.co\\\/en\\\/mi-biblioteca-es-tu-biblioteca-2\\\/#primaryimage\",\"url\":\"https:\\\/\\\/uninavarra.edu.co\\\/wp-content\\\/uploads\\\/2024\\\/03\\\/4.jpg\",\"contentUrl\":\"https:\\\/\\\/uninavarra.edu.co\\\/wp-content\\\/uploads\\\/2024\\\/03\\\/4.jpg\"},{\"@type\":\"BreadcrumbList\",\"@id\":\"https:\\\/\\\/uninavarra.edu.co\\\/en\\\/mi-biblioteca-es-tu-biblioteca-2\\\/#breadcrumb\",\"itemListElement\":[{\"@type\":\"ListItem\",\"position\":1,\"name\":\"Home\",\"item\":\"https:\\\/\\\/uninavarra.edu.co\\\/\"},{\"@type\":\"ListItem\",\"position\":2,\"name\":\"MI BIBLIOTECA ES TU BIBLIOTECA\"}]},{\"@type\":\"WebSite\",\"@id\":\"https:\\\/\\\/uninavarra.edu.co\\\/#website\",\"url\":\"https:\\\/\\\/uninavarra.edu.co\\\/\",\"name\":\"UNINAVARRA\",\"description\":\"Haz realidad tu deseo de aprender\",\"publisher\":{\"@id\":\"https:\\\/\\\/uninavarra.edu.co\\\/#organization\"},\"potentialAction\":[{\"@type\":\"SearchAction\",\"target\":{\"@type\":\"EntryPoint\",\"urlTemplate\":\"https:\\\/\\\/uninavarra.edu.co\\\/?s={search_term_string}\"},\"query-input\":{\"@type\":\"PropertyValueSpecification\",\"valueRequired\":true,\"valueName\":\"search_term_string\"}}],\"inLanguage\":\"en-US\"},{\"@type\":\"Organization\",\"@id\":\"https:\\\/\\\/uninavarra.edu.co\\\/#organization\",\"name\":\"Fundaci\u00f3n Universitaria Navarra - UNINAVARRA\",\"url\":\"https:\\\/\\\/uninavarra.edu.co\\\/\",\"logo\":{\"@type\":\"ImageObject\",\"inLanguage\":\"en-US\",\"@id\":\"https:\\\/\\\/uninavarra.edu.co\\\/#\\\/schema\\\/logo\\\/image\\\/\",\"url\":\"https:\\\/\\\/uninavarra.edu.co\\\/wp-content\\\/uploads\\\/2024\\\/06\\\/Escudo-uninavarra-Solo.png\",\"contentUrl\":\"https:\\\/\\\/uninavarra.edu.co\\\/wp-content\\\/uploads\\\/2024\\\/06\\\/Escudo-uninavarra-Solo.png\",\"width\":1500,\"height\":1401,\"caption\":\"Fundaci\u00f3n Universitaria Navarra - UNINAVARRA\"},\"image\":{\"@id\":\"https:\\\/\\\/uninavarra.edu.co\\\/#\\\/schema\\\/logo\\\/image\\\/\"},\"sameAs\":[\"https:\\\/\\\/www.facebook.com\\\/UninavarraEduca\",\"https:\\\/\\\/x.com\\\/uninavarraeduca\",\"https:\\\/\\\/www.instagram.com\\\/uninavarra\\\/?hl=es\",\"https:\\\/\\\/www.linkedin.com\\\/in\\\/fundacin-universitaria-navarra-uninavarra-b41225222\\\/\"]}]}<\/script>\n<!-- \/ Yoast SEO plugin. -->","yoast_head_json":{"title":"MI BIBLIOTECA ES TU BIBLIOTECA - Uninavarra","robots":{"index":"index","follow":"follow","max-snippet":"max-snippet:-1","max-image-preview":"max-image-preview:large","max-video-preview":"max-video-preview:-1"},"canonical":"https:\/\/uninavarra.edu.co\/en\/mi-biblioteca-es-tu-biblioteca-2\/","og_locale":"en_US","og_type":"article","og_title":"MI BIBLIOTECA ES TU BIBLIOTECA - Uninavarra","og_description":"El eje Mi Biblioteca es tu biblioteca, se enfoca en proporcionar un espacio de apoyo acad\u00e9mico integral a estudiantes con mayores debilidades acad\u00e9micas, especialmente en \u00e1reas cr\u00edticas como la comprensi\u00f3n [&hellip;]","og_url":"https:\/\/uninavarra.edu.co\/en\/mi-biblioteca-es-tu-biblioteca-2\/","og_site_name":"Uninavarra","article_publisher":"https:\/\/www.facebook.com\/UninavarraEduca","article_modified_time":"2024-03-14T15:01:26+00:00","og_image":[{"url":"https:\/\/uninavarra.edu.co\/wp-content\/uploads\/2024\/03\/4.jpg","type":"","width":"","height":""}],"twitter_card":"summary_large_image","twitter_site":"@uninavarraeduca","twitter_misc":{"Est. reading time":"1 minute"},"schema":{"@context":"https:\/\/schema.org","@graph":[{"@type":"WebPage","@id":"https:\/\/uninavarra.edu.co\/en\/mi-biblioteca-es-tu-biblioteca-2\/","url":"https:\/\/uninavarra.edu.co\/en\/mi-biblioteca-es-tu-biblioteca-2\/","name":"MI BIBLIOTECA ES TU BIBLIOTECA - Uninavarra","isPartOf":{"@id":"https:\/\/uninavarra.edu.co\/#website"},"primaryImageOfPage":{"@id":"https:\/\/uninavarra.edu.co\/en\/mi-biblioteca-es-tu-biblioteca-2\/#primaryimage"},"image":{"@id":"https:\/\/uninavarra.edu.co\/en\/mi-biblioteca-es-tu-biblioteca-2\/#primaryimage"},"thumbnailUrl":"https:\/\/uninavarra.edu.co\/wp-content\/uploads\/2024\/03\/4.jpg","datePublished":"2024-03-08T21:00:36+00:00","dateModified":"2024-03-14T15:01:26+00:00","breadcrumb":{"@id":"https:\/\/uninavarra.edu.co\/en\/mi-biblioteca-es-tu-biblioteca-2\/#breadcrumb"},"inLanguage":"en-US","potentialAction":[{"@type":"ReadAction","target":["https:\/\/uninavarra.edu.co\/en\/mi-biblioteca-es-tu-biblioteca-2\/"]}]},{"@type":"ImageObject","inLanguage":"en-US","@id":"https:\/\/uninavarra.edu.co\/en\/mi-biblioteca-es-tu-biblioteca-2\/#primaryimage","url":"https:\/\/uninavarra.edu.co\/wp-content\/uploads\/2024\/03\/4.jpg","contentUrl":"https:\/\/uninavarra.edu.co\/wp-content\/uploads\/2024\/03\/4.jpg"},{"@type":"BreadcrumbList","@id":"https:\/\/uninavarra.edu.co\/en\/mi-biblioteca-es-tu-biblioteca-2\/#breadcrumb","itemListElement":[{"@type":"ListItem","position":1,"name":"Home","item":"https:\/\/uninavarra.edu.co\/"},{"@type":"ListItem","position":2,"name":"MI BIBLIOTECA ES TU BIBLIOTECA"}]},{"@type":"WebSite","@id":"https:\/\/uninavarra.edu.co\/#website","url":"https:\/\/uninavarra.edu.co\/","name":"UNINAVARRA","description":"Make your desire to learn a reality","publisher":{"@id":"https:\/\/uninavarra.edu.co\/#organization"},"potentialAction":[{"@type":"SearchAction","target":{"@type":"EntryPoint","urlTemplate":"https:\/\/uninavarra.edu.co\/?s={search_term_string}"},"query-input":{"@type":"PropertyValueSpecification","valueRequired":true,"valueName":"search_term_string"}}],"inLanguage":"en-US"},{"@type":"Organization","@id":"https:\/\/uninavarra.edu.co\/#organization","name":"Navarre University Foundation - UNINAVARRA","url":"https:\/\/uninavarra.edu.co\/","logo":{"@type":"ImageObject","inLanguage":"en-US","@id":"https:\/\/uninavarra.edu.co\/#\/schema\/logo\/image\/","url":"https:\/\/uninavarra.edu.co\/wp-content\/uploads\/2024\/06\/Escudo-uninavarra-Solo.png","contentUrl":"https:\/\/uninavarra.edu.co\/wp-content\/uploads\/2024\/06\/Escudo-uninavarra-Solo.png","width":1500,"height":1401,"caption":"Fundaci\u00f3n Universitaria Navarra - UNINAVARRA"},"image":{"@id":"https:\/\/uninavarra.edu.co\/#\/schema\/logo\/image\/"},"sameAs":["https:\/\/www.facebook.com\/UninavarraEduca","https:\/\/x.com\/uninavarraeduca","https:\/\/www.instagram.com\/uninavarra\/?hl=es","https:\/\/www.linkedin.com\/in\/fundacin-universitaria-navarra-uninavarra-b41225222\/"]}]}},"_links":{"self":[{"href":"https:\/\/uninavarra.edu.co\/en\/wp-json\/wp\/v2\/pages\/71826","targetHints":{"allow":["GET"]}}],"collection":[{"href":"https:\/\/uninavarra.edu.co\/en\/wp-json\/wp\/v2\/pages"}],"about":[{"href":"https:\/\/uninavarra.edu.co\/en\/wp-json\/wp\/v2\/types\/page"}],"author":[{"embeddable":true,"href":"https:\/\/uninavarra.edu.co\/en\/wp-json\/wp\/v2\/users\/1174"}],"replies":[{"embeddable":true,"href":"https:\/\/uninavarra.edu.co\/en\/wp-json\/wp\/v2\/comments?post=71826"}],"version-history":[{"count":0,"href":"https:\/\/uninavarra.edu.co\/en\/wp-json\/wp\/v2\/pages\/71826\/revisions"}],"wp:attachment":[{"href":"https:\/\/uninavarra.edu.co\/en\/wp-json\/wp\/v2\/media?parent=71826"}],"wp:term":[{"taxonomy":"category","embeddable":true,"href":"https:\/\/uninavarra.edu.co\/en\/wp-json\/wp\/v2\/categories?post=71826"},{"taxonomy":"post_tag","embeddable":true,"href":"https:\/\/uninavarra.edu.co\/en\/wp-json\/wp\/v2\/tags?post=71826"}],"curies":[{"name":"wp","href":"https:\/\/api.w.org\/{rel}","templated":true}]}}