{"id":68143,"date":"2023-12-06T11:41:15","date_gmt":"2023-12-06T16:41:15","guid":{"rendered":"https:\/\/uninavarra.edu.co\/?page_id=68143"},"modified":"2024-04-30T10:18:23","modified_gmt":"2024-04-30T15:18:23","slug":"lineamientos-pedagogicos-y-comunicativos-para-el-uso-de-las-tic-en-educacion","status":"publish","type":"page","link":"https:\/\/uninavarra.edu.co\/en\/ciina\/editorial-uninavarra\/libros\/lineamientos-pedagogicos-y-comunicativos-para-el-uso-de-las-tic-en-educacion\/","title":{"rendered":"Pedagogical and communicative guidelines for the use of ICTs in education"},"content":{"rendered":"<div class=\"wpb-content-wrapper\"><div class=\"wpb-container\"><div class=\"container\"><div class=\"vc_row wpb_row vc_row-fluid row\"><div class=\"col-sm-3  vc_\">\n\t\t<div class=\"wpb_wrapper\">\n\t\t\t<div class=\"wpb_single_image wpb_content_element vc_align_center\">\n\t\t<div class=\"wpb_wrapper\">\n\t\t\t\n\t\t\t<a href=\"https:\/\/uninavarra.edu.co\/wp-content\/uploads\/2023\/12\/Lineamientos-pedagogicos-y-comunicativos-para-el-uso-de-las-TIC-en-educacion.jpg\" target=\"_self\"><img fetchpriority=\"high\" decoding=\"async\" width=\"1004\" height=\"1418\" src=\"https:\/\/uninavarra.edu.co\/wp-content\/uploads\/2023\/12\/Lineamientos-pedagogicos-y-comunicativos-para-el-uso-de-las-TIC-en-educacion.jpg\" class=\"vc_box_border_grey attachment-full\" alt=\"Lineamientos pedag\u00f3gicos y comunicativos para el uso de las TIC en educaci\u00f3n\" title=\"Pedagogical and communicative guidelines for the use of ICTs in education\" srcset=\"https:\/\/uninavarra.edu.co\/wp-content\/uploads\/2023\/12\/Lineamientos-pedagogicos-y-comunicativos-para-el-uso-de-las-TIC-en-educacion.jpg 1004w, https:\/\/uninavarra.edu.co\/wp-content\/uploads\/2023\/12\/Lineamientos-pedagogicos-y-comunicativos-para-el-uso-de-las-TIC-en-educacion-212x300.jpg 212w, https:\/\/uninavarra.edu.co\/wp-content\/uploads\/2023\/12\/Lineamientos-pedagogicos-y-comunicativos-para-el-uso-de-las-TIC-en-educacion-725x1024.jpg 725w, https:\/\/uninavarra.edu.co\/wp-content\/uploads\/2023\/12\/Lineamientos-pedagogicos-y-comunicativos-para-el-uso-de-las-TIC-en-educacion-106x150.jpg 106w, https:\/\/uninavarra.edu.co\/wp-content\/uploads\/2023\/12\/Lineamientos-pedagogicos-y-comunicativos-para-el-uso-de-las-TIC-en-educacion-768x1085.jpg 768w\" sizes=\"(max-width: 1004px) 100vw, 1004px\" \/><\/a>\n\t\t<\/div> \n\t<\/div>\n\t\t<\/div> \n\t<\/div><div class=\"col-sm-9  vc_\">\n\t\t<div class=\"wpb_wrapper\">\n\t\t\t\n\t<div class=\"wpb_text_column wpb_content_element\" >\n\t\t<div class=\"wpb_wrapper\">\n\t\t\t<p style=\"text-align: justify;\"><strong>Authors:<\/strong> Thiago Andr\u00e9s Navarro \u00c1lvarez, Sandra Liliana Navarro Parra, Jaime Antonio Navarro Parra, Miller Antonio P\u00e9rez Lasprilla<\/p>\n<p style=\"text-align: justify;\"><strong>ISBN:<\/strong> 978-958-53898-5-4<\/p>\n<p style=\"text-align: justify;\"><strong>Digital ISBN:<\/strong>978-958-53898-6-1<\/p>\n<p style=\"text-align: justify;\"><strong>Price:<\/strong> $76.000<\/p>\n<p style=\"text-align: justify;\"><strong>Ebook: <\/strong>soon<\/p>\n<p style=\"text-align: justify;\"><strong>Description:<\/strong> The Fundaci\u00f3n Universitaria Navarra - UNINAVARRA, interested in building analytical frameworks on the present of the university educational experience and, specifically, on the way in which different forms of didactic knowledge are managed to face the development of technology as a dynamizer of the educational act, presents the book Pedagogical and communicative guidelines for the use of ICT in education. This text is a bet to expand the reflective field of university didactic theory from the knowledge produced in UNINAVARRA. Therefore, the reflections are situated in the objectives and experiences of the educational action of this institution of higher education. In this way, a theoretical journey through the pedagogical and didactic structure of university education is presented from the tensions and possibilities opened by the use of ICT in the current scenario, and, in addition, a structured proposal is presented to pedagogically address this issue. The book advances in the construction of pedagogical references for a current and, in many ways, novel topic, which can contribute to the theoretical, practical, didactic and formative university field.<\/p>\n<p class=\"comprar\" style=\"text-align: justify;\"><a href=\"https:\/\/uninavarra.edu.co\/wp-content\/uploads\/2024\/04\/Contenido_Lineamientos-TIC_Uninavarra.pdf\">Table of Contents<\/a> \u00a0\u00a0 \u00a0<a href=\"https:\/\/uninavarra.edu.co\/?page_id=9826&amp;preview=true\">Buy<\/a><\/p>\n<h4 style=\"text-align: justify;\"><\/h4>\n\n\t\t<\/div>\n\t<\/div>\n\n\t\t<\/div> \n\t<\/div><\/div><\/div><\/div>\n<\/div>","protected":false},"excerpt":{"rendered":"Autores: Thiago Andr\u00e9s Navarro \u00c1lvarez, Sandra Liliana Navarro Parra, Jaime Antonio Navarro Parra, Miller Antonio P\u00e9rez Lasprilla ISBN: 978-958-53898-5-4 ISBN digital:978-958-53898-6-1 Precio: $76.000 Ebook: pr\u00f3ximamente Descripci\u00f3n: La Fundaci\u00f3n Universitaria Navarra [...]","protected":false},"author":13,"featured_media":0,"parent":31344,"menu_order":0,"comment_status":"closed","ping_status":"closed","template":"","meta":{"footnotes":""},"categories":[1],"tags":[],"class_list":["post-68143","page","type-page","status-publish","hentry","category-uncategorized"],"yoast_head":"<!-- This site is optimized with the Yoast SEO plugin v27.2 - https:\/\/yoast.com\/product\/yoast-seo-wordpress\/ -->\n<title>Lineamientos pedag\u00f3gicos y comunicativos para el uso de las TIC en educaci\u00f3n - Uninavarra<\/title>\n<meta name=\"robots\" content=\"index, follow, max-snippet:-1, max-image-preview:large, max-video-preview:-1\" \/>\n<link rel=\"canonical\" href=\"https:\/\/uninavarra.edu.co\/en\/ciina\/editorial-uninavarra\/libros\/lineamientos-pedagogicos-y-comunicativos-para-el-uso-de-las-tic-en-educacion\/\" \/>\n<meta property=\"og:locale\" content=\"en_US\" \/>\n<meta property=\"og:type\" content=\"article\" \/>\n<meta property=\"og:title\" content=\"Lineamientos pedag\u00f3gicos y comunicativos para el uso de las TIC en educaci\u00f3n - Uninavarra\" \/>\n<meta property=\"og:url\" content=\"https:\/\/uninavarra.edu.co\/en\/ciina\/editorial-uninavarra\/libros\/lineamientos-pedagogicos-y-comunicativos-para-el-uso-de-las-tic-en-educacion\/\" \/>\n<meta property=\"og:site_name\" content=\"Uninavarra\" \/>\n<meta property=\"article:publisher\" content=\"https:\/\/www.facebook.com\/UninavarraEduca\" \/>\n<meta property=\"article:modified_time\" content=\"2024-04-30T15:18:23+00:00\" \/>\n<meta name=\"twitter:card\" content=\"summary_large_image\" \/>\n<meta name=\"twitter:site\" content=\"@uninavarraeduca\" \/>\n<meta name=\"twitter:label1\" content=\"Est. reading time\" \/>\n\t<meta name=\"twitter:data1\" content=\"1 minute\" \/>\n<script type=\"application\/ld+json\" class=\"yoast-schema-graph\">{\"@context\":\"https:\/\/schema.org\",\"@graph\":[{\"@type\":\"WebPage\",\"@id\":\"https:\/\/uninavarra.edu.co\/ciina\/editorial-uninavarra\/libros\/lineamientos-pedagogicos-y-comunicativos-para-el-uso-de-las-tic-en-educacion\/\",\"url\":\"https:\/\/uninavarra.edu.co\/ciina\/editorial-uninavarra\/libros\/lineamientos-pedagogicos-y-comunicativos-para-el-uso-de-las-tic-en-educacion\/\",\"name\":\"Lineamientos pedag\u00f3gicos y comunicativos para el uso de las TIC en educaci\u00f3n - Uninavarra\",\"isPartOf\":{\"@id\":\"https:\/\/uninavarra.edu.co\/#website\"},\"datePublished\":\"2023-12-06T16:41:15+00:00\",\"dateModified\":\"2024-04-30T15:18:23+00:00\",\"breadcrumb\":{\"@id\":\"https:\/\/uninavarra.edu.co\/ciina\/editorial-uninavarra\/libros\/lineamientos-pedagogicos-y-comunicativos-para-el-uso-de-las-tic-en-educacion\/#breadcrumb\"},\"inLanguage\":\"en-US\",\"potentialAction\":[{\"@type\":\"ReadAction\",\"target\":[\"https:\/\/uninavarra.edu.co\/ciina\/editorial-uninavarra\/libros\/lineamientos-pedagogicos-y-comunicativos-para-el-uso-de-las-tic-en-educacion\/\"]}]},{\"@type\":\"BreadcrumbList\",\"@id\":\"https:\/\/uninavarra.edu.co\/ciina\/editorial-uninavarra\/libros\/lineamientos-pedagogicos-y-comunicativos-para-el-uso-de-las-tic-en-educacion\/#breadcrumb\",\"itemListElement\":[{\"@type\":\"ListItem\",\"position\":1,\"name\":\"Home\",\"item\":\"https:\/\/uninavarra.edu.co\/\"},{\"@type\":\"ListItem\",\"position\":2,\"name\":\"CIINA\",\"item\":\"https:\/\/uninavarra.edu.co\/ciina\/\"},{\"@type\":\"ListItem\",\"position\":3,\"name\":\"Editorial UNINAVARRA\",\"item\":\"https:\/\/uninavarra.edu.co\/ciina\/editorial-uninavarra\/\"},{\"@type\":\"ListItem\",\"position\":4,\"name\":\"Libros\",\"item\":\"https:\/\/uninavarra.edu.co\/ciina\/editorial-uninavarra\/libros\/\"},{\"@type\":\"ListItem\",\"position\":5,\"name\":\"Lineamientos pedag\u00f3gicos y comunicativos para el uso de las TIC en educaci\u00f3n\"}]},{\"@type\":\"WebSite\",\"@id\":\"https:\/\/uninavarra.edu.co\/#website\",\"url\":\"https:\/\/uninavarra.edu.co\/\",\"name\":\"UNINAVARRA\",\"description\":\"Haz realidad tu deseo de aprender\",\"publisher\":{\"@id\":\"https:\/\/uninavarra.edu.co\/#organization\"},\"potentialAction\":[{\"@type\":\"SearchAction\",\"target\":{\"@type\":\"EntryPoint\",\"urlTemplate\":\"https:\/\/uninavarra.edu.co\/?s={search_term_string}\"},\"query-input\":{\"@type\":\"PropertyValueSpecification\",\"valueRequired\":true,\"valueName\":\"search_term_string\"}}],\"inLanguage\":\"en-US\"},{\"@type\":\"Organization\",\"@id\":\"https:\/\/uninavarra.edu.co\/#organization\",\"name\":\"Fundaci\u00f3n Universitaria Navarra - UNINAVARRA\",\"url\":\"https:\/\/uninavarra.edu.co\/\",\"logo\":{\"@type\":\"ImageObject\",\"inLanguage\":\"en-US\",\"@id\":\"https:\/\/uninavarra.edu.co\/#\/schema\/logo\/image\/\",\"url\":\"https:\/\/uninavarra.edu.co\/wp-content\/uploads\/2024\/06\/Escudo-uninavarra-Solo.png\",\"contentUrl\":\"https:\/\/uninavarra.edu.co\/wp-content\/uploads\/2024\/06\/Escudo-uninavarra-Solo.png\",\"width\":1500,\"height\":1401,\"caption\":\"Fundaci\u00f3n Universitaria Navarra - UNINAVARRA\"},\"image\":{\"@id\":\"https:\/\/uninavarra.edu.co\/#\/schema\/logo\/image\/\"},\"sameAs\":[\"https:\/\/www.facebook.com\/UninavarraEduca\",\"https:\/\/x.com\/uninavarraeduca\",\"https:\/\/www.instagram.com\/uninavarra\/?hl=es\",\"https:\/\/www.linkedin.com\/in\/fundacin-universitaria-navarra-uninavarra-b41225222\/\"]}]}<\/script>\n<!-- \/ Yoast SEO plugin. -->","yoast_head_json":{"title":"Lineamientos pedag\u00f3gicos y comunicativos para el uso de las TIC en educaci\u00f3n - Uninavarra","robots":{"index":"index","follow":"follow","max-snippet":"max-snippet:-1","max-image-preview":"max-image-preview:large","max-video-preview":"max-video-preview:-1"},"canonical":"https:\/\/uninavarra.edu.co\/en\/ciina\/editorial-uninavarra\/libros\/lineamientos-pedagogicos-y-comunicativos-para-el-uso-de-las-tic-en-educacion\/","og_locale":"en_US","og_type":"article","og_title":"Lineamientos pedag\u00f3gicos y comunicativos para el uso de las TIC en educaci\u00f3n - Uninavarra","og_url":"https:\/\/uninavarra.edu.co\/en\/ciina\/editorial-uninavarra\/libros\/lineamientos-pedagogicos-y-comunicativos-para-el-uso-de-las-tic-en-educacion\/","og_site_name":"Uninavarra","article_publisher":"https:\/\/www.facebook.com\/UninavarraEduca","article_modified_time":"2024-04-30T15:18:23+00:00","twitter_card":"summary_large_image","twitter_site":"@uninavarraeduca","twitter_misc":{"Est. reading time":"1 minute"},"schema":{"@context":"https:\/\/schema.org","@graph":[{"@type":"WebPage","@id":"https:\/\/uninavarra.edu.co\/ciina\/editorial-uninavarra\/libros\/lineamientos-pedagogicos-y-comunicativos-para-el-uso-de-las-tic-en-educacion\/","url":"https:\/\/uninavarra.edu.co\/ciina\/editorial-uninavarra\/libros\/lineamientos-pedagogicos-y-comunicativos-para-el-uso-de-las-tic-en-educacion\/","name":"Lineamientos pedag\u00f3gicos y comunicativos para el uso de las TIC en educaci\u00f3n - Uninavarra","isPartOf":{"@id":"https:\/\/uninavarra.edu.co\/#website"},"datePublished":"2023-12-06T16:41:15+00:00","dateModified":"2024-04-30T15:18:23+00:00","breadcrumb":{"@id":"https:\/\/uninavarra.edu.co\/ciina\/editorial-uninavarra\/libros\/lineamientos-pedagogicos-y-comunicativos-para-el-uso-de-las-tic-en-educacion\/#breadcrumb"},"inLanguage":"en-US","potentialAction":[{"@type":"ReadAction","target":["https:\/\/uninavarra.edu.co\/ciina\/editorial-uninavarra\/libros\/lineamientos-pedagogicos-y-comunicativos-para-el-uso-de-las-tic-en-educacion\/"]}]},{"@type":"BreadcrumbList","@id":"https:\/\/uninavarra.edu.co\/ciina\/editorial-uninavarra\/libros\/lineamientos-pedagogicos-y-comunicativos-para-el-uso-de-las-tic-en-educacion\/#breadcrumb","itemListElement":[{"@type":"ListItem","position":1,"name":"Home","item":"https:\/\/uninavarra.edu.co\/"},{"@type":"ListItem","position":2,"name":"CIINA","item":"https:\/\/uninavarra.edu.co\/ciina\/"},{"@type":"ListItem","position":3,"name":"Editorial UNINAVARRA","item":"https:\/\/uninavarra.edu.co\/ciina\/editorial-uninavarra\/"},{"@type":"ListItem","position":4,"name":"Libros","item":"https:\/\/uninavarra.edu.co\/ciina\/editorial-uninavarra\/libros\/"},{"@type":"ListItem","position":5,"name":"Lineamientos pedag\u00f3gicos y comunicativos para el uso de las TIC en educaci\u00f3n"}]},{"@type":"WebSite","@id":"https:\/\/uninavarra.edu.co\/#website","url":"https:\/\/uninavarra.edu.co\/","name":"UNINAVARRA","description":"Make your desire to learn a reality","publisher":{"@id":"https:\/\/uninavarra.edu.co\/#organization"},"potentialAction":[{"@type":"SearchAction","target":{"@type":"EntryPoint","urlTemplate":"https:\/\/uninavarra.edu.co\/?s={search_term_string}"},"query-input":{"@type":"PropertyValueSpecification","valueRequired":true,"valueName":"search_term_string"}}],"inLanguage":"en-US"},{"@type":"Organization","@id":"https:\/\/uninavarra.edu.co\/#organization","name":"Navarre University Foundation - UNINAVARRA","url":"https:\/\/uninavarra.edu.co\/","logo":{"@type":"ImageObject","inLanguage":"en-US","@id":"https:\/\/uninavarra.edu.co\/#\/schema\/logo\/image\/","url":"https:\/\/uninavarra.edu.co\/wp-content\/uploads\/2024\/06\/Escudo-uninavarra-Solo.png","contentUrl":"https:\/\/uninavarra.edu.co\/wp-content\/uploads\/2024\/06\/Escudo-uninavarra-Solo.png","width":1500,"height":1401,"caption":"Fundaci\u00f3n Universitaria Navarra - UNINAVARRA"},"image":{"@id":"https:\/\/uninavarra.edu.co\/#\/schema\/logo\/image\/"},"sameAs":["https:\/\/www.facebook.com\/UninavarraEduca","https:\/\/x.com\/uninavarraeduca","https:\/\/www.instagram.com\/uninavarra\/?hl=es","https:\/\/www.linkedin.com\/in\/fundacin-universitaria-navarra-uninavarra-b41225222\/"]}]}},"_links":{"self":[{"href":"https:\/\/uninavarra.edu.co\/en\/wp-json\/wp\/v2\/pages\/68143","targetHints":{"allow":["GET"]}}],"collection":[{"href":"https:\/\/uninavarra.edu.co\/en\/wp-json\/wp\/v2\/pages"}],"about":[{"href":"https:\/\/uninavarra.edu.co\/en\/wp-json\/wp\/v2\/types\/page"}],"author":[{"embeddable":true,"href":"https:\/\/uninavarra.edu.co\/en\/wp-json\/wp\/v2\/users\/13"}],"replies":[{"embeddable":true,"href":"https:\/\/uninavarra.edu.co\/en\/wp-json\/wp\/v2\/comments?post=68143"}],"version-history":[{"count":0,"href":"https:\/\/uninavarra.edu.co\/en\/wp-json\/wp\/v2\/pages\/68143\/revisions"}],"up":[{"embeddable":true,"href":"https:\/\/uninavarra.edu.co\/en\/wp-json\/wp\/v2\/pages\/31344"}],"wp:attachment":[{"href":"https:\/\/uninavarra.edu.co\/en\/wp-json\/wp\/v2\/media?parent=68143"}],"wp:term":[{"taxonomy":"category","embeddable":true,"href":"https:\/\/uninavarra.edu.co\/en\/wp-json\/wp\/v2\/categories?post=68143"},{"taxonomy":"post_tag","embeddable":true,"href":"https:\/\/uninavarra.edu.co\/en\/wp-json\/wp\/v2\/tags?post=68143"}],"curies":[{"name":"wp","href":"https:\/\/api.w.org\/{rel}","templated":true}]}}