{"id":66479,"date":"2023-10-11T17:16:52","date_gmt":"2023-10-11T22:16:52","guid":{"rendered":"https:\/\/uninavarra.edu.co\/?page_id=66479"},"modified":"2024-10-31T17:23:24","modified_gmt":"2024-10-31T22:23:24","slug":"guia-infantil-para-el-avistamiento-de-aves-del-huila","status":"publish","type":"page","link":"https:\/\/uninavarra.edu.co\/en\/ciina\/editorial-uninavarra\/libros\/guia-infantil-para-el-avistamiento-de-aves-del-huila\/","title":{"rendered":"Children's guide for birdwatching in Huila"},"content":{"rendered":"<div class=\"wpb-content-wrapper\"><div class=\"wpb-container\"><div class=\"container\"><div class=\"vc_row wpb_row vc_row-fluid row\"><div class=\"col-sm-3  vc_\">\n\t\t<div class=\"wpb_wrapper\">\n\t\t\t<div class=\"wpb_single_image wpb_content_element vc_align_center\">\n\t\t<div class=\"wpb_wrapper\">\n\t\t\t\n\t\t\t<a href=\"https:\/\/uninavarra.edu.co\/wp-content\/uploads\/2023\/10\/Portada-libro-Aves.jpg\" target=\"_self\"><img fetchpriority=\"high\" decoding=\"async\" width=\"399\" height=\"599\" src=\"https:\/\/uninavarra.edu.co\/wp-content\/uploads\/2023\/10\/Portada-libro-Aves.jpg\" class=\"vc_box_border_grey attachment-full\" alt=\"Portada libro Aves\" title=\"Cover of the book Birds\" srcset=\"https:\/\/uninavarra.edu.co\/wp-content\/uploads\/2023\/10\/Portada-libro-Aves.jpg 399w, https:\/\/uninavarra.edu.co\/wp-content\/uploads\/2023\/10\/Portada-libro-Aves-200x300.jpg 200w, https:\/\/uninavarra.edu.co\/wp-content\/uploads\/2023\/10\/Portada-libro-Aves-100x150.jpg 100w\" sizes=\"(max-width: 399px) 100vw, 399px\" \/><\/a>\n\t\t<\/div> \n\t<\/div>\n\t\t<\/div> \n\t<\/div><div class=\"col-sm-9  vc_\">\n\t\t<div class=\"wpb_wrapper\">\n\t\t\t\n\t<div class=\"wpb_text_column wpb_content_element\" >\n\t\t<div class=\"wpb_wrapper\">\n\t\t\t<p style=\"text-align: justify;\"><strong>Authors:<\/strong><br \/>\nMaira Alexandra Ma\u00f1osca Lasso<br \/>\nAndr\u00e9s Felipe Algarra Cer\u00f3n<\/p>\n<p style=\"text-align: justify;\"><strong>Price:<\/strong> Restricted distribution document. Only available for training workshops of the project \"Implementation of strategies to promote the culture of social appropriation of knowledge for the protection and conservation of birds in the department of Huila\".<br \/>\n<b>Available for consultation:\u00a0<\/b>Abner Lozano Losada Library (Navarra University Foundation Main Office)<b><\/b><\/p>\n<div style=\"text-align: justify;\"><\/div>\n<p style=\"text-align: justify;\"><b>Year:\u00a0<\/b>2023<\/p>\n<div style=\"text-align: justify;\"><\/div>\n<p style=\"text-align: justify;\"><b>ISBN<\/b>: 978-958-53898-1-6<br \/>\n<strong>Description:<\/strong> In this manual, you will find support to learn the tools (clothing, equipment, materials and data to take) necessary to carry out activities and observations related to birds. The goal is to become familiar with those morphological characteristics that will lead you to identify from a specimen to its taxonomic family and, if possible, to its common name. Birds can teach us about our true relationship with the environment.<\/p>\n<p class=\"descargar\" style=\"text-align: justify;\"><a href=\"https:\/\/arbapublishing.com\/project\/guia-infantil-para-el-avistamiento-de-aves-del-huila\/\">Download book<\/a><\/p>\n<h4 style=\"text-align: justify;\"><\/h4>\n\n\t\t<\/div>\n\t<\/div>\n\n\t\t<\/div> \n\t<\/div><\/div><\/div><\/div>\n<\/div>","protected":false},"excerpt":{"rendered":"Autores: Maira Alexandra Ma\u00f1osca Lasso Andr\u00e9s Felipe Algarra Cer\u00f3n Precio: Documento de distribuci\u00f3n restringida. Solo dispuesto para los talleres de capacitaci\u00f3n del proyecto \"Implementaci\u00f3n de estrategias de fomento a la [...]","protected":false},"author":13,"featured_media":0,"parent":31344,"menu_order":0,"comment_status":"closed","ping_status":"closed","template":"","meta":{"footnotes":""},"categories":[1],"tags":[],"class_list":["post-66479","page","type-page","status-publish","hentry","category-uncategorized"],"yoast_head":"<!-- This site is optimized with the Yoast SEO plugin v27.2 - https:\/\/yoast.com\/product\/yoast-seo-wordpress\/ -->\n<title>Gu\u00eda infantil para el avistamiento de aves del Huila - Uninavarra<\/title>\n<meta name=\"robots\" content=\"index, follow, max-snippet:-1, max-image-preview:large, max-video-preview:-1\" \/>\n<link rel=\"canonical\" href=\"https:\/\/uninavarra.edu.co\/en\/ciina\/editorial-uninavarra\/libros\/guia-infantil-para-el-avistamiento-de-aves-del-huila\/\" \/>\n<meta property=\"og:locale\" content=\"en_US\" \/>\n<meta property=\"og:type\" content=\"article\" \/>\n<meta property=\"og:title\" content=\"Gu\u00eda infantil para el avistamiento de aves del Huila - Uninavarra\" \/>\n<meta property=\"og:url\" content=\"https:\/\/uninavarra.edu.co\/en\/ciina\/editorial-uninavarra\/libros\/guia-infantil-para-el-avistamiento-de-aves-del-huila\/\" \/>\n<meta property=\"og:site_name\" content=\"Uninavarra\" \/>\n<meta property=\"article:publisher\" content=\"https:\/\/www.facebook.com\/UninavarraEduca\" \/>\n<meta property=\"article:modified_time\" content=\"2024-10-31T22:23:24+00:00\" \/>\n<meta name=\"twitter:card\" content=\"summary_large_image\" \/>\n<meta name=\"twitter:site\" content=\"@uninavarraeduca\" \/>\n<meta name=\"twitter:label1\" content=\"Est. reading time\" \/>\n\t<meta name=\"twitter:data1\" content=\"1 minute\" \/>\n<script type=\"application\/ld+json\" class=\"yoast-schema-graph\">{\"@context\":\"https:\/\/schema.org\",\"@graph\":[{\"@type\":\"WebPage\",\"@id\":\"https:\/\/uninavarra.edu.co\/ciina\/editorial-uninavarra\/libros\/guia-infantil-para-el-avistamiento-de-aves-del-huila\/\",\"url\":\"https:\/\/uninavarra.edu.co\/ciina\/editorial-uninavarra\/libros\/guia-infantil-para-el-avistamiento-de-aves-del-huila\/\",\"name\":\"Gu\u00eda infantil para el avistamiento de aves del Huila - Uninavarra\",\"isPartOf\":{\"@id\":\"https:\/\/uninavarra.edu.co\/#website\"},\"datePublished\":\"2023-10-11T22:16:52+00:00\",\"dateModified\":\"2024-10-31T22:23:24+00:00\",\"breadcrumb\":{\"@id\":\"https:\/\/uninavarra.edu.co\/ciina\/editorial-uninavarra\/libros\/guia-infantil-para-el-avistamiento-de-aves-del-huila\/#breadcrumb\"},\"inLanguage\":\"en-US\",\"potentialAction\":[{\"@type\":\"ReadAction\",\"target\":[\"https:\/\/uninavarra.edu.co\/ciina\/editorial-uninavarra\/libros\/guia-infantil-para-el-avistamiento-de-aves-del-huila\/\"]}]},{\"@type\":\"BreadcrumbList\",\"@id\":\"https:\/\/uninavarra.edu.co\/ciina\/editorial-uninavarra\/libros\/guia-infantil-para-el-avistamiento-de-aves-del-huila\/#breadcrumb\",\"itemListElement\":[{\"@type\":\"ListItem\",\"position\":1,\"name\":\"Home\",\"item\":\"https:\/\/uninavarra.edu.co\/\"},{\"@type\":\"ListItem\",\"position\":2,\"name\":\"CIINA\",\"item\":\"https:\/\/uninavarra.edu.co\/ciina\/\"},{\"@type\":\"ListItem\",\"position\":3,\"name\":\"Editorial UNINAVARRA\",\"item\":\"https:\/\/uninavarra.edu.co\/ciina\/editorial-uninavarra\/\"},{\"@type\":\"ListItem\",\"position\":4,\"name\":\"Libros\",\"item\":\"https:\/\/uninavarra.edu.co\/ciina\/editorial-uninavarra\/libros\/\"},{\"@type\":\"ListItem\",\"position\":5,\"name\":\"Gu\u00eda infantil para el avistamiento de aves del Huila\"}]},{\"@type\":\"WebSite\",\"@id\":\"https:\/\/uninavarra.edu.co\/#website\",\"url\":\"https:\/\/uninavarra.edu.co\/\",\"name\":\"UNINAVARRA\",\"description\":\"Haz realidad tu deseo de aprender\",\"publisher\":{\"@id\":\"https:\/\/uninavarra.edu.co\/#organization\"},\"potentialAction\":[{\"@type\":\"SearchAction\",\"target\":{\"@type\":\"EntryPoint\",\"urlTemplate\":\"https:\/\/uninavarra.edu.co\/?s={search_term_string}\"},\"query-input\":{\"@type\":\"PropertyValueSpecification\",\"valueRequired\":true,\"valueName\":\"search_term_string\"}}],\"inLanguage\":\"en-US\"},{\"@type\":\"Organization\",\"@id\":\"https:\/\/uninavarra.edu.co\/#organization\",\"name\":\"Fundaci\u00f3n Universitaria Navarra - UNINAVARRA\",\"url\":\"https:\/\/uninavarra.edu.co\/\",\"logo\":{\"@type\":\"ImageObject\",\"inLanguage\":\"en-US\",\"@id\":\"https:\/\/uninavarra.edu.co\/#\/schema\/logo\/image\/\",\"url\":\"https:\/\/uninavarra.edu.co\/wp-content\/uploads\/2024\/06\/Escudo-uninavarra-Solo.png\",\"contentUrl\":\"https:\/\/uninavarra.edu.co\/wp-content\/uploads\/2024\/06\/Escudo-uninavarra-Solo.png\",\"width\":1500,\"height\":1401,\"caption\":\"Fundaci\u00f3n Universitaria Navarra - UNINAVARRA\"},\"image\":{\"@id\":\"https:\/\/uninavarra.edu.co\/#\/schema\/logo\/image\/\"},\"sameAs\":[\"https:\/\/www.facebook.com\/UninavarraEduca\",\"https:\/\/x.com\/uninavarraeduca\",\"https:\/\/www.instagram.com\/uninavarra\/?hl=es\",\"https:\/\/www.linkedin.com\/in\/fundacin-universitaria-navarra-uninavarra-b41225222\/\"]}]}<\/script>\n<!-- \/ Yoast SEO plugin. -->","yoast_head_json":{"title":"Gu\u00eda infantil para el avistamiento de aves del Huila - Uninavarra","robots":{"index":"index","follow":"follow","max-snippet":"max-snippet:-1","max-image-preview":"max-image-preview:large","max-video-preview":"max-video-preview:-1"},"canonical":"https:\/\/uninavarra.edu.co\/en\/ciina\/editorial-uninavarra\/libros\/guia-infantil-para-el-avistamiento-de-aves-del-huila\/","og_locale":"en_US","og_type":"article","og_title":"Gu\u00eda infantil para el avistamiento de aves del Huila - Uninavarra","og_url":"https:\/\/uninavarra.edu.co\/en\/ciina\/editorial-uninavarra\/libros\/guia-infantil-para-el-avistamiento-de-aves-del-huila\/","og_site_name":"Uninavarra","article_publisher":"https:\/\/www.facebook.com\/UninavarraEduca","article_modified_time":"2024-10-31T22:23:24+00:00","twitter_card":"summary_large_image","twitter_site":"@uninavarraeduca","twitter_misc":{"Est. reading time":"1 minute"},"schema":{"@context":"https:\/\/schema.org","@graph":[{"@type":"WebPage","@id":"https:\/\/uninavarra.edu.co\/ciina\/editorial-uninavarra\/libros\/guia-infantil-para-el-avistamiento-de-aves-del-huila\/","url":"https:\/\/uninavarra.edu.co\/ciina\/editorial-uninavarra\/libros\/guia-infantil-para-el-avistamiento-de-aves-del-huila\/","name":"Gu\u00eda infantil para el avistamiento de aves del Huila - Uninavarra","isPartOf":{"@id":"https:\/\/uninavarra.edu.co\/#website"},"datePublished":"2023-10-11T22:16:52+00:00","dateModified":"2024-10-31T22:23:24+00:00","breadcrumb":{"@id":"https:\/\/uninavarra.edu.co\/ciina\/editorial-uninavarra\/libros\/guia-infantil-para-el-avistamiento-de-aves-del-huila\/#breadcrumb"},"inLanguage":"en-US","potentialAction":[{"@type":"ReadAction","target":["https:\/\/uninavarra.edu.co\/ciina\/editorial-uninavarra\/libros\/guia-infantil-para-el-avistamiento-de-aves-del-huila\/"]}]},{"@type":"BreadcrumbList","@id":"https:\/\/uninavarra.edu.co\/ciina\/editorial-uninavarra\/libros\/guia-infantil-para-el-avistamiento-de-aves-del-huila\/#breadcrumb","itemListElement":[{"@type":"ListItem","position":1,"name":"Home","item":"https:\/\/uninavarra.edu.co\/"},{"@type":"ListItem","position":2,"name":"CIINA","item":"https:\/\/uninavarra.edu.co\/ciina\/"},{"@type":"ListItem","position":3,"name":"Editorial UNINAVARRA","item":"https:\/\/uninavarra.edu.co\/ciina\/editorial-uninavarra\/"},{"@type":"ListItem","position":4,"name":"Libros","item":"https:\/\/uninavarra.edu.co\/ciina\/editorial-uninavarra\/libros\/"},{"@type":"ListItem","position":5,"name":"Gu\u00eda infantil para el avistamiento de aves del Huila"}]},{"@type":"WebSite","@id":"https:\/\/uninavarra.edu.co\/#website","url":"https:\/\/uninavarra.edu.co\/","name":"UNINAVARRA","description":"Make your desire to learn a reality","publisher":{"@id":"https:\/\/uninavarra.edu.co\/#organization"},"potentialAction":[{"@type":"SearchAction","target":{"@type":"EntryPoint","urlTemplate":"https:\/\/uninavarra.edu.co\/?s={search_term_string}"},"query-input":{"@type":"PropertyValueSpecification","valueRequired":true,"valueName":"search_term_string"}}],"inLanguage":"en-US"},{"@type":"Organization","@id":"https:\/\/uninavarra.edu.co\/#organization","name":"Navarre University Foundation - UNINAVARRA","url":"https:\/\/uninavarra.edu.co\/","logo":{"@type":"ImageObject","inLanguage":"en-US","@id":"https:\/\/uninavarra.edu.co\/#\/schema\/logo\/image\/","url":"https:\/\/uninavarra.edu.co\/wp-content\/uploads\/2024\/06\/Escudo-uninavarra-Solo.png","contentUrl":"https:\/\/uninavarra.edu.co\/wp-content\/uploads\/2024\/06\/Escudo-uninavarra-Solo.png","width":1500,"height":1401,"caption":"Fundaci\u00f3n Universitaria Navarra - UNINAVARRA"},"image":{"@id":"https:\/\/uninavarra.edu.co\/#\/schema\/logo\/image\/"},"sameAs":["https:\/\/www.facebook.com\/UninavarraEduca","https:\/\/x.com\/uninavarraeduca","https:\/\/www.instagram.com\/uninavarra\/?hl=es","https:\/\/www.linkedin.com\/in\/fundacin-universitaria-navarra-uninavarra-b41225222\/"]}]}},"_links":{"self":[{"href":"https:\/\/uninavarra.edu.co\/en\/wp-json\/wp\/v2\/pages\/66479","targetHints":{"allow":["GET"]}}],"collection":[{"href":"https:\/\/uninavarra.edu.co\/en\/wp-json\/wp\/v2\/pages"}],"about":[{"href":"https:\/\/uninavarra.edu.co\/en\/wp-json\/wp\/v2\/types\/page"}],"author":[{"embeddable":true,"href":"https:\/\/uninavarra.edu.co\/en\/wp-json\/wp\/v2\/users\/13"}],"replies":[{"embeddable":true,"href":"https:\/\/uninavarra.edu.co\/en\/wp-json\/wp\/v2\/comments?post=66479"}],"version-history":[{"count":0,"href":"https:\/\/uninavarra.edu.co\/en\/wp-json\/wp\/v2\/pages\/66479\/revisions"}],"up":[{"embeddable":true,"href":"https:\/\/uninavarra.edu.co\/en\/wp-json\/wp\/v2\/pages\/31344"}],"wp:attachment":[{"href":"https:\/\/uninavarra.edu.co\/en\/wp-json\/wp\/v2\/media?parent=66479"}],"wp:term":[{"taxonomy":"category","embeddable":true,"href":"https:\/\/uninavarra.edu.co\/en\/wp-json\/wp\/v2\/categories?post=66479"},{"taxonomy":"post_tag","embeddable":true,"href":"https:\/\/uninavarra.edu.co\/en\/wp-json\/wp\/v2\/tags?post=66479"}],"curies":[{"name":"wp","href":"https:\/\/api.w.org\/{rel}","templated":true}]}}