{"id":66090,"date":"2023-08-15T10:40:48","date_gmt":"2023-08-15T15:40:48","guid":{"rendered":"https:\/\/uninavarra.edu.co\/?page_id=66090"},"modified":"2023-12-05T15:13:45","modified_gmt":"2023-12-05T20:13:45","slug":"segunda-convocatoria-seleccion-de-investigador-etnografico","status":"publish","type":"page","link":"https:\/\/uninavarra.edu.co\/en\/red-aves-huila\/segunda-convocatoria-seleccion-de-investigador-etnografico\/","title":{"rendered":"Second Call for Selection of Ethnographic Researcher"},"content":{"rendered":"<div class=\"wpb-content-wrapper\"><div class=\"wpb-container\"><div class=\"container\"><div class=\"vc_row wpb_row vc_row-fluid row\"><div class=\"col-sm-12  vc_\">\n\t\t<div class=\"wpb_wrapper\">\n\t\t\t<div class=\"wpb_single_image wpb_content_element vc_align_center\">\n\t\t<div class=\"wpb_wrapper\">\n\t\t\t\n\t\t\t<a href=\"#\" target=\"_self\"><img fetchpriority=\"high\" decoding=\"async\" width=\"2560\" height=\"615\" src=\"https:\/\/uninavarra.edu.co\/wp-content\/uploads\/2023\/09\/Convocatoria-seleccio\u0301n-de-investigador-etnogra\u0301fico-encabezado-scaled.jpg\" class=\"vc_box_border_grey attachment-full\" alt=\"Convocatoria-seleccio\u0301n-de-investigador-etnogra\u0301fico-encabezado\" title=\"Call-for-selection-of-ethnographic-researcher-header\" srcset=\"https:\/\/uninavarra.edu.co\/wp-content\/uploads\/2023\/09\/Convocatoria-seleccio\u0301n-de-investigador-etnogra\u0301fico-encabezado-scaled.jpg 2560w, https:\/\/uninavarra.edu.co\/wp-content\/uploads\/2023\/09\/Convocatoria-seleccio\u0301n-de-investigador-etnogra\u0301fico-encabezado-300x72.jpg 300w, https:\/\/uninavarra.edu.co\/wp-content\/uploads\/2023\/09\/Convocatoria-seleccio\u0301n-de-investigador-etnogra\u0301fico-encabezado-1024x246.jpg 1024w, https:\/\/uninavarra.edu.co\/wp-content\/uploads\/2023\/09\/Convocatoria-seleccio\u0301n-de-investigador-etnogra\u0301fico-encabezado-150x36.jpg 150w, https:\/\/uninavarra.edu.co\/wp-content\/uploads\/2023\/09\/Convocatoria-seleccio\u0301n-de-investigador-etnogra\u0301fico-encabezado-768x184.jpg 768w, https:\/\/uninavarra.edu.co\/wp-content\/uploads\/2023\/09\/Convocatoria-seleccio\u0301n-de-investigador-etnogra\u0301fico-encabezado-1536x369.jpg 1536w, https:\/\/uninavarra.edu.co\/wp-content\/uploads\/2023\/09\/Convocatoria-seleccio\u0301n-de-investigador-etnogra\u0301fico-encabezado-2048x492.jpg 2048w\" sizes=\"(max-width: 2560px) 100vw, 2560px\" \/><\/a>\n\t\t<\/div> \n\t<\/div><div class=\"vc_empty_space\"   style=\"height: 32px\"><span class=\"vc_empty_space_inner\"><\/span><\/div>\n\t<div class=\"wpb_text_column wpb_content_element\" >\n\t\t<div class=\"wpb_wrapper\">\n\t\t\t<p style=\"text-align: center;\"><span style=\"color: #0000a8;\"><strong><span style=\"font-size: 40px; font-family: helvetica, arial, sans-serif;\">Registration Open<\/span><\/strong><\/span><\/p>\n\n\t\t<\/div>\n\t<\/div>\n\n\t\t<\/div> \n\t<\/div><\/div><\/div><\/div><div class=\"wpb-container\"><div class=\"container\"><div class=\"vc_row wpb_row vc_row-fluid row\"><div class=\"col-sm-12  vc_\">\n\t\t<div class=\"wpb_wrapper\">\n\t\t\t\n\t<div class=\"wpb_text_column wpb_content_element\" >\n\t\t<div class=\"wpb_wrapper\">\n\t\t\t<p><object data=\"https:\/\/drive.google.com\/file\/d\/1bQiDvAVR_X_3A3__wd2pZ3UswkMtp3Gu\/preview\" width=\"100%\" height=\"800\"><iframe src=\"https:\/\/drive.google.com\/file\/d\/1bQiDvAVR_X_3A3__wd2pZ3UswkMtp3Gu\/preview\" width=\"1920\" height=\"1080\"><\/iframe><\/object><\/p>\n\n\t\t<\/div>\n\t<\/div>\n\n\t\t<\/div> \n\t<\/div><\/div><\/div><\/div><div class=\"wpb-container\"><div class=\"container\"><div class=\"vc_row wpb_row vc_row-fluid row\"><div class=\"col-sm-12  vc_\">\n\t\t<div class=\"wpb_wrapper\">\n\t\t\t\n\t<div class=\"wpb_text_column wpb_content_element\" >\n\t\t<div class=\"wpb_wrapper\">\n\t\t\t<p><em>Download the following documents, fill them out and upload them on the registration link<\/em><\/p>\n\n\t\t<\/div>\n\t<\/div>\n\n\t\t<\/div> \n\t<\/div><\/div><\/div><\/div><div class=\"wpb-container\"><div class=\"container\"><div class=\"vc_row wpb_row vc_row-fluid row\"><div class=\"col-sm-4  vc_\">\n\t\t<div class=\"wpb_wrapper\">\n\t\t\t\n\t\t<\/div> \n\t<\/div><div class=\"col-sm-4  vc_\">\n\t\t<div class=\"wpb_wrapper\">\n\t\t\t<div class=\"vc_btn3-container vc_btn3-center vc_do_btn\" ><a class=\"vc_general vc_btn3 vc_btn3-size-md vc_btn3-shape-rounded vc_btn3-style-modern vc_btn3-color-navarra\" href=\"https:\/\/uninavarra.edu.co\/wp-content\/uploads\/2023\/09\/Anexo_1_Declaracion_Juramentada_Investigador-etnografico.pdf\" title=\"\">Attachment 1. Affidavit<\/a><\/div>\n\t\t<\/div> \n\t<\/div><div class=\"col-sm-4  vc_\">\n\t\t<div class=\"wpb_wrapper\">\n\t\t\t\n\t\t<\/div> \n\t<\/div><\/div><\/div><\/div><div class=\"wpb-container\"><div class=\"container\"><div class=\"vc_row wpb_row vc_row-fluid row\"><div class=\"col-sm-12  vc_\">\n\t\t<div class=\"wpb_wrapper\">\n\t\t\t\n\t<div class=\"wpb_text_column wpb_content_element\" >\n\t\t<div class=\"wpb_wrapper\">\n\t\t\t<p><span style=\"font-size: 16px;\"><strong>NOTE:<\/strong> please note that only documents uploaded through the registration form will be considered, applications and documents sent by e-mail will not be taken into account.<\/span><\/p>\n\n\t\t<\/div>\n\t<\/div>\n\n\t\t<\/div> \n\t<\/div><\/div><\/div><\/div><div class=\"wpb-container\"><div class=\"container\"><div class=\"vc_row wpb_row vc_row-fluid row\"><div class=\"col-sm-2  vc_\">\n\t\t<div class=\"wpb_wrapper\">\n\t\t\t\n\t\t<\/div> \n\t<\/div><div class=\"col-sm-8  vc_\">\n\t\t<div class=\"wpb_wrapper\">\n\t\t\t\n\t<div class=\"wpb_text_column wpb_content_element\" >\n\t\t<div class=\"wpb_wrapper\">\n\t\t\t<p style=\"text-align: center;\"><span style=\"font-size: 16px;\">If you have any questions or doubts, please write to us at:<strong> redaveshuila@uninavarra.edu.co<\/strong><\/span><\/p>\n\n\t\t<\/div>\n\t<\/div>\n\n\t\t<\/div> \n\t<\/div><div class=\"col-sm-2  vc_\">\n\t\t<div class=\"wpb_wrapper\">\n\t\t\t\n\t\t<\/div> \n\t<\/div><\/div><\/div><\/div>\n<\/div>","protected":false},"excerpt":{"rendered":"Inscripciones Abiertas Descarga lo siguientes documentos, diligencialos y subelos en el link de inscripci\u00f3n Anexo 1. Declaraci\u00f3n juramentada NOTA: ten en cuenta que s\u00f3lo ser\u00e1n considerados los documentos que sean [...]","protected":false},"author":13,"featured_media":62314,"parent":52755,"menu_order":0,"comment_status":"closed","ping_status":"closed","template":"","meta":{"footnotes":""},"categories":[],"tags":[],"class_list":["post-66090","page","type-page","status-publish","has-post-thumbnail","hentry"],"yoast_head":"<!-- This site is optimized with the Yoast SEO plugin v27.4 - https:\/\/yoast.com\/product\/yoast-seo-wordpress\/ -->\n<title>Segunda Convocatoria Selecci\u00f3n de Investigador Etnogr\u00e1fico - Uninavarra<\/title>\n<meta name=\"robots\" content=\"index, follow, max-snippet:-1, max-image-preview:large, max-video-preview:-1\" \/>\n<link rel=\"canonical\" href=\"https:\/\/uninavarra.edu.co\/en\/red-aves-huila\/segunda-convocatoria-seleccion-de-investigador-etnografico\/\" \/>\n<meta property=\"og:locale\" content=\"en_US\" \/>\n<meta property=\"og:type\" content=\"article\" \/>\n<meta property=\"og:title\" content=\"Segunda Convocatoria Selecci\u00f3n de Investigador Etnogr\u00e1fico - Uninavarra\" \/>\n<meta property=\"og:url\" content=\"https:\/\/uninavarra.edu.co\/en\/red-aves-huila\/segunda-convocatoria-seleccion-de-investigador-etnografico\/\" \/>\n<meta property=\"og:site_name\" content=\"Uninavarra\" \/>\n<meta property=\"article:publisher\" content=\"https:\/\/www.facebook.com\/UninavarraEduca\" \/>\n<meta property=\"article:modified_time\" content=\"2023-12-05T20:13:45+00:00\" \/>\n<meta property=\"og:image\" content=\"https:\/\/uninavarra.edu.co\/wp-content\/uploads\/2023\/06\/Banner-1-scaled.jpg\" \/>\n\t<meta property=\"og:image:width\" content=\"2560\" \/>\n\t<meta property=\"og:image:height\" content=\"615\" \/>\n\t<meta property=\"og:image:type\" content=\"image\/jpeg\" \/>\n<meta name=\"twitter:card\" content=\"summary_large_image\" \/>\n<meta name=\"twitter:site\" content=\"@uninavarraeduca\" \/>\n<meta name=\"twitter:label1\" content=\"Est. reading time\" \/>\n\t<meta name=\"twitter:data1\" content=\"1 minute\" \/>\n<script type=\"application\/ld+json\" class=\"yoast-schema-graph\">{\"@context\":\"https:\\\/\\\/schema.org\",\"@graph\":[{\"@type\":\"WebPage\",\"@id\":\"https:\\\/\\\/uninavarra.edu.co\\\/red-aves-huila\\\/segunda-convocatoria-seleccion-de-investigador-etnografico\\\/\",\"url\":\"https:\\\/\\\/uninavarra.edu.co\\\/red-aves-huila\\\/segunda-convocatoria-seleccion-de-investigador-etnografico\\\/\",\"name\":\"Segunda Convocatoria Selecci\u00f3n de Investigador Etnogr\u00e1fico - Uninavarra\",\"isPartOf\":{\"@id\":\"https:\\\/\\\/uninavarra.edu.co\\\/#website\"},\"primaryImageOfPage\":{\"@id\":\"https:\\\/\\\/uninavarra.edu.co\\\/red-aves-huila\\\/segunda-convocatoria-seleccion-de-investigador-etnografico\\\/#primaryimage\"},\"image\":{\"@id\":\"https:\\\/\\\/uninavarra.edu.co\\\/red-aves-huila\\\/segunda-convocatoria-seleccion-de-investigador-etnografico\\\/#primaryimage\"},\"thumbnailUrl\":\"https:\\\/\\\/uninavarra.edu.co\\\/wp-content\\\/uploads\\\/2023\\\/06\\\/Banner-1-scaled.jpg\",\"datePublished\":\"2023-08-15T15:40:48+00:00\",\"dateModified\":\"2023-12-05T20:13:45+00:00\",\"breadcrumb\":{\"@id\":\"https:\\\/\\\/uninavarra.edu.co\\\/red-aves-huila\\\/segunda-convocatoria-seleccion-de-investigador-etnografico\\\/#breadcrumb\"},\"inLanguage\":\"en-US\",\"potentialAction\":[{\"@type\":\"ReadAction\",\"target\":[\"https:\\\/\\\/uninavarra.edu.co\\\/red-aves-huila\\\/segunda-convocatoria-seleccion-de-investigador-etnografico\\\/\"]}]},{\"@type\":\"ImageObject\",\"inLanguage\":\"en-US\",\"@id\":\"https:\\\/\\\/uninavarra.edu.co\\\/red-aves-huila\\\/segunda-convocatoria-seleccion-de-investigador-etnografico\\\/#primaryimage\",\"url\":\"https:\\\/\\\/uninavarra.edu.co\\\/wp-content\\\/uploads\\\/2023\\\/06\\\/Banner-1-scaled.jpg\",\"contentUrl\":\"https:\\\/\\\/uninavarra.edu.co\\\/wp-content\\\/uploads\\\/2023\\\/06\\\/Banner-1-scaled.jpg\",\"width\":2560,\"height\":615,\"caption\":\"banner segunda convocatoria red aves huila\"},{\"@type\":\"BreadcrumbList\",\"@id\":\"https:\\\/\\\/uninavarra.edu.co\\\/red-aves-huila\\\/segunda-convocatoria-seleccion-de-investigador-etnografico\\\/#breadcrumb\",\"itemListElement\":[{\"@type\":\"ListItem\",\"position\":1,\"name\":\"Home\",\"item\":\"https:\\\/\\\/uninavarra.edu.co\\\/\"},{\"@type\":\"ListItem\",\"position\":2,\"name\":\"Red Aves Huila\",\"item\":\"https:\\\/\\\/uninavarra.edu.co\\\/en\\\/red-aves-huila\\\/\"},{\"@type\":\"ListItem\",\"position\":3,\"name\":\"Segunda Convocatoria Selecci\u00f3n de Investigador Etnogr\u00e1fico\"}]},{\"@type\":\"WebSite\",\"@id\":\"https:\\\/\\\/uninavarra.edu.co\\\/#website\",\"url\":\"https:\\\/\\\/uninavarra.edu.co\\\/\",\"name\":\"UNINAVARRA\",\"description\":\"Haz realidad tu deseo de aprender\",\"publisher\":{\"@id\":\"https:\\\/\\\/uninavarra.edu.co\\\/#organization\"},\"potentialAction\":[{\"@type\":\"SearchAction\",\"target\":{\"@type\":\"EntryPoint\",\"urlTemplate\":\"https:\\\/\\\/uninavarra.edu.co\\\/?s={search_term_string}\"},\"query-input\":{\"@type\":\"PropertyValueSpecification\",\"valueRequired\":true,\"valueName\":\"search_term_string\"}}],\"inLanguage\":\"en-US\"},{\"@type\":\"Organization\",\"@id\":\"https:\\\/\\\/uninavarra.edu.co\\\/#organization\",\"name\":\"Fundaci\u00f3n Universitaria Navarra - UNINAVARRA\",\"url\":\"https:\\\/\\\/uninavarra.edu.co\\\/\",\"logo\":{\"@type\":\"ImageObject\",\"inLanguage\":\"en-US\",\"@id\":\"https:\\\/\\\/uninavarra.edu.co\\\/#\\\/schema\\\/logo\\\/image\\\/\",\"url\":\"https:\\\/\\\/uninavarra.edu.co\\\/wp-content\\\/uploads\\\/2024\\\/06\\\/Escudo-uninavarra-Solo.png\",\"contentUrl\":\"https:\\\/\\\/uninavarra.edu.co\\\/wp-content\\\/uploads\\\/2024\\\/06\\\/Escudo-uninavarra-Solo.png\",\"width\":1500,\"height\":1401,\"caption\":\"Fundaci\u00f3n Universitaria Navarra - UNINAVARRA\"},\"image\":{\"@id\":\"https:\\\/\\\/uninavarra.edu.co\\\/#\\\/schema\\\/logo\\\/image\\\/\"},\"sameAs\":[\"https:\\\/\\\/www.facebook.com\\\/UninavarraEduca\",\"https:\\\/\\\/x.com\\\/uninavarraeduca\",\"https:\\\/\\\/www.instagram.com\\\/uninavarra\\\/?hl=es\",\"https:\\\/\\\/www.linkedin.com\\\/in\\\/fundacin-universitaria-navarra-uninavarra-b41225222\\\/\"]}]}<\/script>\n<!-- \/ Yoast SEO plugin. -->","yoast_head_json":{"title":"Segunda Convocatoria Selecci\u00f3n de Investigador Etnogr\u00e1fico - Uninavarra","robots":{"index":"index","follow":"follow","max-snippet":"max-snippet:-1","max-image-preview":"max-image-preview:large","max-video-preview":"max-video-preview:-1"},"canonical":"https:\/\/uninavarra.edu.co\/en\/red-aves-huila\/segunda-convocatoria-seleccion-de-investigador-etnografico\/","og_locale":"en_US","og_type":"article","og_title":"Segunda Convocatoria Selecci\u00f3n de Investigador Etnogr\u00e1fico - Uninavarra","og_url":"https:\/\/uninavarra.edu.co\/en\/red-aves-huila\/segunda-convocatoria-seleccion-de-investigador-etnografico\/","og_site_name":"Uninavarra","article_publisher":"https:\/\/www.facebook.com\/UninavarraEduca","article_modified_time":"2023-12-05T20:13:45+00:00","og_image":[{"width":2560,"height":615,"url":"https:\/\/uninavarra.edu.co\/wp-content\/uploads\/2023\/06\/Banner-1-scaled.jpg","type":"image\/jpeg"}],"twitter_card":"summary_large_image","twitter_site":"@uninavarraeduca","twitter_misc":{"Est. reading time":"1 minute"},"schema":{"@context":"https:\/\/schema.org","@graph":[{"@type":"WebPage","@id":"https:\/\/uninavarra.edu.co\/red-aves-huila\/segunda-convocatoria-seleccion-de-investigador-etnografico\/","url":"https:\/\/uninavarra.edu.co\/red-aves-huila\/segunda-convocatoria-seleccion-de-investigador-etnografico\/","name":"Segunda Convocatoria Selecci\u00f3n de Investigador Etnogr\u00e1fico - Uninavarra","isPartOf":{"@id":"https:\/\/uninavarra.edu.co\/#website"},"primaryImageOfPage":{"@id":"https:\/\/uninavarra.edu.co\/red-aves-huila\/segunda-convocatoria-seleccion-de-investigador-etnografico\/#primaryimage"},"image":{"@id":"https:\/\/uninavarra.edu.co\/red-aves-huila\/segunda-convocatoria-seleccion-de-investigador-etnografico\/#primaryimage"},"thumbnailUrl":"https:\/\/uninavarra.edu.co\/wp-content\/uploads\/2023\/06\/Banner-1-scaled.jpg","datePublished":"2023-08-15T15:40:48+00:00","dateModified":"2023-12-05T20:13:45+00:00","breadcrumb":{"@id":"https:\/\/uninavarra.edu.co\/red-aves-huila\/segunda-convocatoria-seleccion-de-investigador-etnografico\/#breadcrumb"},"inLanguage":"en-US","potentialAction":[{"@type":"ReadAction","target":["https:\/\/uninavarra.edu.co\/red-aves-huila\/segunda-convocatoria-seleccion-de-investigador-etnografico\/"]}]},{"@type":"ImageObject","inLanguage":"en-US","@id":"https:\/\/uninavarra.edu.co\/red-aves-huila\/segunda-convocatoria-seleccion-de-investigador-etnografico\/#primaryimage","url":"https:\/\/uninavarra.edu.co\/wp-content\/uploads\/2023\/06\/Banner-1-scaled.jpg","contentUrl":"https:\/\/uninavarra.edu.co\/wp-content\/uploads\/2023\/06\/Banner-1-scaled.jpg","width":2560,"height":615,"caption":"banner segunda convocatoria red aves huila"},{"@type":"BreadcrumbList","@id":"https:\/\/uninavarra.edu.co\/red-aves-huila\/segunda-convocatoria-seleccion-de-investigador-etnografico\/#breadcrumb","itemListElement":[{"@type":"ListItem","position":1,"name":"Home","item":"https:\/\/uninavarra.edu.co\/"},{"@type":"ListItem","position":2,"name":"Red Aves Huila","item":"https:\/\/uninavarra.edu.co\/en\/red-aves-huila\/"},{"@type":"ListItem","position":3,"name":"Segunda Convocatoria Selecci\u00f3n de Investigador Etnogr\u00e1fico"}]},{"@type":"WebSite","@id":"https:\/\/uninavarra.edu.co\/#website","url":"https:\/\/uninavarra.edu.co\/","name":"UNINAVARRA","description":"Make your desire to learn a reality","publisher":{"@id":"https:\/\/uninavarra.edu.co\/#organization"},"potentialAction":[{"@type":"SearchAction","target":{"@type":"EntryPoint","urlTemplate":"https:\/\/uninavarra.edu.co\/?s={search_term_string}"},"query-input":{"@type":"PropertyValueSpecification","valueRequired":true,"valueName":"search_term_string"}}],"inLanguage":"en-US"},{"@type":"Organization","@id":"https:\/\/uninavarra.edu.co\/#organization","name":"Navarre University Foundation - UNINAVARRA","url":"https:\/\/uninavarra.edu.co\/","logo":{"@type":"ImageObject","inLanguage":"en-US","@id":"https:\/\/uninavarra.edu.co\/#\/schema\/logo\/image\/","url":"https:\/\/uninavarra.edu.co\/wp-content\/uploads\/2024\/06\/Escudo-uninavarra-Solo.png","contentUrl":"https:\/\/uninavarra.edu.co\/wp-content\/uploads\/2024\/06\/Escudo-uninavarra-Solo.png","width":1500,"height":1401,"caption":"Fundaci\u00f3n Universitaria Navarra - UNINAVARRA"},"image":{"@id":"https:\/\/uninavarra.edu.co\/#\/schema\/logo\/image\/"},"sameAs":["https:\/\/www.facebook.com\/UninavarraEduca","https:\/\/x.com\/uninavarraeduca","https:\/\/www.instagram.com\/uninavarra\/?hl=es","https:\/\/www.linkedin.com\/in\/fundacin-universitaria-navarra-uninavarra-b41225222\/"]}]}},"_links":{"self":[{"href":"https:\/\/uninavarra.edu.co\/en\/wp-json\/wp\/v2\/pages\/66090","targetHints":{"allow":["GET"]}}],"collection":[{"href":"https:\/\/uninavarra.edu.co\/en\/wp-json\/wp\/v2\/pages"}],"about":[{"href":"https:\/\/uninavarra.edu.co\/en\/wp-json\/wp\/v2\/types\/page"}],"author":[{"embeddable":true,"href":"https:\/\/uninavarra.edu.co\/en\/wp-json\/wp\/v2\/users\/13"}],"replies":[{"embeddable":true,"href":"https:\/\/uninavarra.edu.co\/en\/wp-json\/wp\/v2\/comments?post=66090"}],"version-history":[{"count":0,"href":"https:\/\/uninavarra.edu.co\/en\/wp-json\/wp\/v2\/pages\/66090\/revisions"}],"up":[{"embeddable":true,"href":"https:\/\/uninavarra.edu.co\/en\/wp-json\/wp\/v2\/pages\/52755"}],"wp:featuredmedia":[{"embeddable":true,"href":"https:\/\/uninavarra.edu.co\/en\/wp-json\/wp\/v2\/media\/62314"}],"wp:attachment":[{"href":"https:\/\/uninavarra.edu.co\/en\/wp-json\/wp\/v2\/media?parent=66090"}],"wp:term":[{"taxonomy":"category","embeddable":true,"href":"https:\/\/uninavarra.edu.co\/en\/wp-json\/wp\/v2\/categories?post=66090"},{"taxonomy":"post_tag","embeddable":true,"href":"https:\/\/uninavarra.edu.co\/en\/wp-json\/wp\/v2\/tags?post=66090"}],"curies":[{"name":"wp","href":"https:\/\/api.w.org\/{rel}","templated":true}]}}