{"id":65035,"date":"2023-09-01T07:15:11","date_gmt":"2023-09-01T12:15:11","guid":{"rendered":"https:\/\/uninavarra.edu.co\/?page_id=65035"},"modified":"2023-11-11T11:57:30","modified_gmt":"2023-11-11T16:57:30","slug":"elecciones-uninavarra-2023","status":"publish","type":"page","link":"https:\/\/uninavarra.edu.co\/en\/elecciones-uninavarra-2023\/","title":{"rendered":"Uninavarra 2023 Elections"},"content":{"rendered":"<div class=\"wpb-content-wrapper\"><section id=\"elecciones\" class=\"vc_section\"><div data-vc-full-width=\"true\" data-vc-full-width-init=\"false\" data-vc-stretch-content=\"true\" class=\"wpb-container\"><div class=\"container-full\"><div class=\"vc_row wpb_row vc_row-fluid row\"><div class=\"col-sm-12  vc_\">\n\t\t<div class=\"wpb_wrapper\">\n\t\t\t<div class=\"wpb_single_image wpb_content_element vc_align_center\">\n\t\t<div class=\"wpb_wrapper\">\n\t\t\t\n\t\t\t<a href=\"#\" target=\"_self\"><img fetchpriority=\"high\" decoding=\"async\" width=\"10417\" height=\"2928\" src=\"https:\/\/uninavarra.edu.co\/wp-content\/uploads\/2021\/09\/banner-elecciones-uninavarra-2021-scaled.jpg\" class=\"vc_box_border_grey attachment-full\" alt=\"\" title=\"banner-elections-uninavarra-2021\" \/><\/a>\n\t\t<\/div> \n\t<\/div>\n\t\t<\/div> \n\t<\/div><\/div><\/div><\/div><div class=\"vc_row-full-width\"><\/div><div class=\"wpb-container\"><div class=\"container\"><div class=\"vc_row wpb_row vc_row-fluid row\"><div class=\"col-sm-4  vc_\">\n\t\t<div class=\"wpb_wrapper\">\n\t\t\t<div class=\"vc_btn3-container vc_btn3-inline vc_do_btn\" ><a style=\"background-color:#e30613; color:#ffffff;\" class=\"vc_general vc_btn3 vc_btn3-size-md vc_btn3-shape-rounded vc_btn3-style-custom\" href=\"#\" title=\"\">Election of Student Representatives - UNINAVARRA's highest governing and management bodies.<\/a><\/div>\n\t\t<\/div> \n\t<\/div><div class=\"col-sm-4  vc_\">\n\t\t<div class=\"wpb_wrapper\">\n\t\t\t<div class=\"vc_btn3-container vc_btn3-center vc_do_btn\" ><a style=\"background-color:#e30613; color:#ffffff;\" class=\"vc_general vc_btn3 vc_btn3-size-md vc_btn3-shape-rounded vc_btn3-style-custom\" href=\"https:\/\/uninavarra.edu.co\/wp-content\/uploads\/2023\/11\/PUESTOS-DE-VOTACION-ELECCIONES-2023-2.pdf\" title=\"\" target=\"_blank\">Polling Places<\/a><\/div>\n\t\t<\/div> \n\t<\/div><div class=\"col-sm-4  vc_\">\n\t\t<div class=\"wpb_wrapper\">\n\t\t\t<div class=\"vc_btn3-container vc_btn3-inline vc_do_btn\" ><a style=\"background-color:#e30613; color:#ffffff;\" class=\"vc_general vc_btn3 vc_btn3-size-md vc_btn3-shape-rounded vc_btn3-style-custom\" href=\"#\" title=\"\">Election of Teachers' Representative - UNINAVARRA's Highest Governing and Management Bodies<\/a><\/div>\n\t\t<\/div> \n\t<\/div><\/div><\/div><\/div><div class=\"wpb-container\"><div class=\"container\"><div class=\"vc_row wpb_row vc_row-fluid row\"><div class=\"col-sm-12  vc_\">\n\t\t<div class=\"wpb_wrapper\">\n\t\t\t\n\t<div class=\"wpb_raw_code wpb_raw_html wpb_content_element\" >\n\t\t<div class=\"wpb_wrapper\">\n\t\t\t<div class=\"card mb-3\">\n  <div class=\"card-body\">\n    <h2 class=\"card-title\">Results<\/h2>\n<hr>\n<ul class=\"description\">\n\n\n<li><h5><a href=\"https:\/\/uninavarra.edu.co\/wp-content\/uploads\/2023\/11\/LISTADO-DEFINITIVO-DE-CANDIDATOS-HABILITADOS-2023-2.pdf\">Final List of Qualified Candidates<\/a><h5><\/li>\n<li><h5><a href=\"https:\/\/uninavarra.edu.co\/wp-content\/uploads\/2023\/11\/LISTADO-ELECTORES-HABILITADOS-DOCENTES-2023-2.pdf\">List of Qualified Voters - Teachers<\/a><h5><\/li>\n<li><h5><a href=\"https:\/\/uninavarra.edu.co\/wp-content\/uploads\/2023\/11\/LISTADO-ELECTORES-HABILITADOS-ESTUDIANTES-2023-2.pdf\">List of Eligible Voters - Students<\/a><h5><\/li>\n<li><h5><a href=\"https:\/\/uninavarra.edu.co\/wp-content\/uploads\/2023\/11\/ACTA-GENERAL-DE-RESULTADOS-2023-2.pdf\">General Minutes of Results<\/a><h5><\/li>\n   <\/ul>\n\n \n  <\/div>\n<\/div>\n\n\n\n\n<div class=\"card mb-3\">\n  <div class=\"card-body\">\n    <h2 class=\"card-title\">Resolutions<\/h2>\n    <hr>\n<ul class=\"description\">\n <li><h5><a href=\"https:\/\/uninavarra.edu.co\/wp-content\/uploads\/2023\/08\/Resolucion-No.-008-Convocatoria-Elecciones-2023.pdf\">Resolution No.008 DE 2023 (AUGUST 31) \"By which the process of election of Student and Faculty Representatives to the collegiate bodies of the Navarra University Foundation-UNINAVARRA is called\".<\/a><h5><\/li>\n<li><h5><a href=\"https:\/\/uninavarra.edu.co\/wp-content\/uploads\/2023\/10\/Resolucion-No.-012-2da-Ampliacion-Convocatoria-Elecciones-2023-2.pdf\">Resolution No.012 OF 2023 (OCTOBER 13) \"Whereby Resolution 008 of August 31, 2023 is amended\" - Extension of registration until October 19, 2023.<\/a><h5><\/li>\n<li><h5><a href=\"https:\/\/uninavarra.edu.co\/wp-content\/uploads\/2023\/10\/Resolucion-No.-013-3ra-Ampliacion-Convocatoria-Elecciones-2023-2.pdf\">Resolution No.013 OF 2023 (OCTOBER 20) \"Whereby Resolution 008 of August 31, 2023 is amended\" - Extension of registration until October 26, 2023 - last deadline.<\/a><h5><\/li>\n<li><h5><a href=\"https:\/\/uninavarra.edu.co\/wp-content\/uploads\/2023\/10\/ACTA-DE-INSCRITOS-Y-VERIFICACION-DE-REQUISITOS-27-octubre-PUBLICAR.pdf\">Registration and verification of requirements for student and teacher elections.<\/a><h5><\/li>\n\n   <\/ul>\n  <\/div>\n<\/div>\n\n\n<div class=\"card mb-3\">\n  <div class=\"card-body\">\n    <h2 class=\"card-title\">Registration forms<\/h2>\n<hr>\n<ul class=\"description\">\n      <li><h5><a href=\"https:\/\/uninavarra.edu.co\/wp-content\/uploads\/2023\/04\/DO-FO-31-Ficha-de-inscripcion-Estudiantes-V01.xlsx\">DO-FO-31 Enrollment Form Students 2023<\/a><h5><\/li>\n   <\/ul>\n<ul class=\"description\">\n      <li><h5><a href=\"https:\/\/uninavarra.edu.co\/wp-content\/uploads\/2023\/04\/DO-FO-32-Ficha-de-Inscripcion-Docentes-V01.xlsx\">DO-FO-32 Registration Form for Teachers 2023<\/a><h5><\/li>\n   <\/ul>\n    <hr>\n  <\/div>\n<\/div>\n\n\t\t<\/div>\n\t<\/div>\n\n\t\t<\/div> \n\t<\/div><\/div><\/div><\/div><div class=\"wpb-container\"><div class=\"container\"><div class=\"vc_row wpb_row vc_row-fluid row\"><div class=\"col-sm-12  vc_\">\n\t\t<div class=\"wpb_wrapper\">\n\t\t\t\n\t<div class=\"wpb_raw_code wpb_raw_html wpb_content_element\" >\n\t\t<div class=\"wpb_wrapper\">\n\t\t\t<link href=\"https:\/\/fonts.googleapis.com\/css?family=Comfortaa|Questrial|Quicksand|Raleway&display=swap\" rel=\"stylesheet\">\n\t\t<\/div>\n\t<\/div>\n\n\t\t<\/div> \n\t<\/div><\/div><\/div><\/div><\/section>\n<\/div>","protected":false},"excerpt":{"rendered":"Elecci\u00f3n Representante de Estudiantes - \u00d3rganos M\u00e1ximos de Gobierno y Direcci\u00f3n de UNINAVARRA Puestos de Votaci\u00f3n Elecci\u00f3n Representante de Docentes - \u00d3rganos M\u00e1ximos de Gobierno y Direcci\u00f3n de UNINAVARRA Resultados [...]","protected":false},"author":13,"featured_media":0,"parent":0,"menu_order":0,"comment_status":"closed","ping_status":"closed","template":"","meta":{"footnotes":""},"categories":[],"tags":[],"class_list":["post-65035","page","type-page","status-publish","hentry"],"yoast_head":"<!-- This site is optimized with the Yoast SEO plugin v27.4 - https:\/\/yoast.com\/product\/yoast-seo-wordpress\/ -->\n<title>Elecciones Uninavarra 2023 - Uninavarra<\/title>\n<meta name=\"robots\" content=\"index, follow, max-snippet:-1, max-image-preview:large, max-video-preview:-1\" \/>\n<link rel=\"canonical\" href=\"https:\/\/uninavarra.edu.co\/en\/elecciones-uninavarra-2023\/\" \/>\n<meta property=\"og:locale\" content=\"en_US\" \/>\n<meta property=\"og:type\" content=\"article\" \/>\n<meta property=\"og:title\" content=\"Elecciones Uninavarra 2023 - Uninavarra\" \/>\n<meta property=\"og:url\" content=\"https:\/\/uninavarra.edu.co\/en\/elecciones-uninavarra-2023\/\" \/>\n<meta property=\"og:site_name\" content=\"Uninavarra\" \/>\n<meta property=\"article:publisher\" content=\"https:\/\/www.facebook.com\/UninavarraEduca\" \/>\n<meta property=\"article:modified_time\" content=\"2023-11-11T16:57:30+00:00\" \/>\n<meta name=\"twitter:card\" content=\"summary_large_image\" \/>\n<meta name=\"twitter:site\" content=\"@uninavarraeduca\" \/>\n<meta name=\"twitter:label1\" content=\"Est. reading time\" \/>\n\t<meta name=\"twitter:data1\" content=\"3 minutes\" \/>\n<script type=\"application\/ld+json\" class=\"yoast-schema-graph\">{\"@context\":\"https:\\\/\\\/schema.org\",\"@graph\":[{\"@type\":\"WebPage\",\"@id\":\"https:\\\/\\\/uninavarra.edu.co\\\/elecciones-uninavarra-2023\\\/\",\"url\":\"https:\\\/\\\/uninavarra.edu.co\\\/elecciones-uninavarra-2023\\\/\",\"name\":\"Elecciones Uninavarra 2023 - Uninavarra\",\"isPartOf\":{\"@id\":\"https:\\\/\\\/uninavarra.edu.co\\\/#website\"},\"datePublished\":\"2023-09-01T12:15:11+00:00\",\"dateModified\":\"2023-11-11T16:57:30+00:00\",\"breadcrumb\":{\"@id\":\"https:\\\/\\\/uninavarra.edu.co\\\/elecciones-uninavarra-2023\\\/#breadcrumb\"},\"inLanguage\":\"en-US\",\"potentialAction\":[{\"@type\":\"ReadAction\",\"target\":[\"https:\\\/\\\/uninavarra.edu.co\\\/elecciones-uninavarra-2023\\\/\"]}]},{\"@type\":\"BreadcrumbList\",\"@id\":\"https:\\\/\\\/uninavarra.edu.co\\\/elecciones-uninavarra-2023\\\/#breadcrumb\",\"itemListElement\":[{\"@type\":\"ListItem\",\"position\":1,\"name\":\"Home\",\"item\":\"https:\\\/\\\/uninavarra.edu.co\\\/\"},{\"@type\":\"ListItem\",\"position\":2,\"name\":\"Elecciones Uninavarra 2023\"}]},{\"@type\":\"WebSite\",\"@id\":\"https:\\\/\\\/uninavarra.edu.co\\\/#website\",\"url\":\"https:\\\/\\\/uninavarra.edu.co\\\/\",\"name\":\"UNINAVARRA\",\"description\":\"Haz realidad tu deseo de aprender\",\"publisher\":{\"@id\":\"https:\\\/\\\/uninavarra.edu.co\\\/#organization\"},\"potentialAction\":[{\"@type\":\"SearchAction\",\"target\":{\"@type\":\"EntryPoint\",\"urlTemplate\":\"https:\\\/\\\/uninavarra.edu.co\\\/?s={search_term_string}\"},\"query-input\":{\"@type\":\"PropertyValueSpecification\",\"valueRequired\":true,\"valueName\":\"search_term_string\"}}],\"inLanguage\":\"en-US\"},{\"@type\":\"Organization\",\"@id\":\"https:\\\/\\\/uninavarra.edu.co\\\/#organization\",\"name\":\"Fundaci\u00f3n Universitaria Navarra - UNINAVARRA\",\"url\":\"https:\\\/\\\/uninavarra.edu.co\\\/\",\"logo\":{\"@type\":\"ImageObject\",\"inLanguage\":\"en-US\",\"@id\":\"https:\\\/\\\/uninavarra.edu.co\\\/#\\\/schema\\\/logo\\\/image\\\/\",\"url\":\"https:\\\/\\\/uninavarra.edu.co\\\/wp-content\\\/uploads\\\/2024\\\/06\\\/Escudo-uninavarra-Solo.png\",\"contentUrl\":\"https:\\\/\\\/uninavarra.edu.co\\\/wp-content\\\/uploads\\\/2024\\\/06\\\/Escudo-uninavarra-Solo.png\",\"width\":1500,\"height\":1401,\"caption\":\"Fundaci\u00f3n Universitaria Navarra - UNINAVARRA\"},\"image\":{\"@id\":\"https:\\\/\\\/uninavarra.edu.co\\\/#\\\/schema\\\/logo\\\/image\\\/\"},\"sameAs\":[\"https:\\\/\\\/www.facebook.com\\\/UninavarraEduca\",\"https:\\\/\\\/x.com\\\/uninavarraeduca\",\"https:\\\/\\\/www.instagram.com\\\/uninavarra\\\/?hl=es\",\"https:\\\/\\\/www.linkedin.com\\\/in\\\/fundacin-universitaria-navarra-uninavarra-b41225222\\\/\"]}]}<\/script>\n<!-- \/ Yoast SEO plugin. -->","yoast_head_json":{"title":"Uninavarra 2023 Elections - Uninavarra","robots":{"index":"index","follow":"follow","max-snippet":"max-snippet:-1","max-image-preview":"max-image-preview:large","max-video-preview":"max-video-preview:-1"},"canonical":"https:\/\/uninavarra.edu.co\/en\/elecciones-uninavarra-2023\/","og_locale":"en_US","og_type":"article","og_title":"Elecciones Uninavarra 2023 - Uninavarra","og_url":"https:\/\/uninavarra.edu.co\/en\/elecciones-uninavarra-2023\/","og_site_name":"Uninavarra","article_publisher":"https:\/\/www.facebook.com\/UninavarraEduca","article_modified_time":"2023-11-11T16:57:30+00:00","twitter_card":"summary_large_image","twitter_site":"@uninavarraeduca","twitter_misc":{"Est. reading time":"3 minutes"},"schema":{"@context":"https:\/\/schema.org","@graph":[{"@type":"WebPage","@id":"https:\/\/uninavarra.edu.co\/elecciones-uninavarra-2023\/","url":"https:\/\/uninavarra.edu.co\/elecciones-uninavarra-2023\/","name":"Uninavarra 2023 Elections - Uninavarra","isPartOf":{"@id":"https:\/\/uninavarra.edu.co\/#website"},"datePublished":"2023-09-01T12:15:11+00:00","dateModified":"2023-11-11T16:57:30+00:00","breadcrumb":{"@id":"https:\/\/uninavarra.edu.co\/elecciones-uninavarra-2023\/#breadcrumb"},"inLanguage":"en-US","potentialAction":[{"@type":"ReadAction","target":["https:\/\/uninavarra.edu.co\/elecciones-uninavarra-2023\/"]}]},{"@type":"BreadcrumbList","@id":"https:\/\/uninavarra.edu.co\/elecciones-uninavarra-2023\/#breadcrumb","itemListElement":[{"@type":"ListItem","position":1,"name":"Home","item":"https:\/\/uninavarra.edu.co\/"},{"@type":"ListItem","position":2,"name":"Elecciones Uninavarra 2023"}]},{"@type":"WebSite","@id":"https:\/\/uninavarra.edu.co\/#website","url":"https:\/\/uninavarra.edu.co\/","name":"UNINAVARRA","description":"Make your desire to learn a reality","publisher":{"@id":"https:\/\/uninavarra.edu.co\/#organization"},"potentialAction":[{"@type":"SearchAction","target":{"@type":"EntryPoint","urlTemplate":"https:\/\/uninavarra.edu.co\/?s={search_term_string}"},"query-input":{"@type":"PropertyValueSpecification","valueRequired":true,"valueName":"search_term_string"}}],"inLanguage":"en-US"},{"@type":"Organization","@id":"https:\/\/uninavarra.edu.co\/#organization","name":"Navarre University Foundation - UNINAVARRA","url":"https:\/\/uninavarra.edu.co\/","logo":{"@type":"ImageObject","inLanguage":"en-US","@id":"https:\/\/uninavarra.edu.co\/#\/schema\/logo\/image\/","url":"https:\/\/uninavarra.edu.co\/wp-content\/uploads\/2024\/06\/Escudo-uninavarra-Solo.png","contentUrl":"https:\/\/uninavarra.edu.co\/wp-content\/uploads\/2024\/06\/Escudo-uninavarra-Solo.png","width":1500,"height":1401,"caption":"Fundaci\u00f3n Universitaria Navarra - UNINAVARRA"},"image":{"@id":"https:\/\/uninavarra.edu.co\/#\/schema\/logo\/image\/"},"sameAs":["https:\/\/www.facebook.com\/UninavarraEduca","https:\/\/x.com\/uninavarraeduca","https:\/\/www.instagram.com\/uninavarra\/?hl=es","https:\/\/www.linkedin.com\/in\/fundacin-universitaria-navarra-uninavarra-b41225222\/"]}]}},"_links":{"self":[{"href":"https:\/\/uninavarra.edu.co\/en\/wp-json\/wp\/v2\/pages\/65035","targetHints":{"allow":["GET"]}}],"collection":[{"href":"https:\/\/uninavarra.edu.co\/en\/wp-json\/wp\/v2\/pages"}],"about":[{"href":"https:\/\/uninavarra.edu.co\/en\/wp-json\/wp\/v2\/types\/page"}],"author":[{"embeddable":true,"href":"https:\/\/uninavarra.edu.co\/en\/wp-json\/wp\/v2\/users\/13"}],"replies":[{"embeddable":true,"href":"https:\/\/uninavarra.edu.co\/en\/wp-json\/wp\/v2\/comments?post=65035"}],"version-history":[{"count":0,"href":"https:\/\/uninavarra.edu.co\/en\/wp-json\/wp\/v2\/pages\/65035\/revisions"}],"wp:attachment":[{"href":"https:\/\/uninavarra.edu.co\/en\/wp-json\/wp\/v2\/media?parent=65035"}],"wp:term":[{"taxonomy":"category","embeddable":true,"href":"https:\/\/uninavarra.edu.co\/en\/wp-json\/wp\/v2\/categories?post=65035"},{"taxonomy":"post_tag","embeddable":true,"href":"https:\/\/uninavarra.edu.co\/en\/wp-json\/wp\/v2\/tags?post=65035"}],"curies":[{"name":"wp","href":"https:\/\/api.w.org\/{rel}","templated":true}]}}