{"id":62753,"date":"2023-06-10T10:13:30","date_gmt":"2023-06-10T15:13:30","guid":{"rendered":"https:\/\/uninavarra.edu.co\/?page_id=62753"},"modified":"2023-06-10T11:54:33","modified_gmt":"2023-06-10T16:54:33","slug":"red-col-paz","status":"publish","type":"page","link":"https:\/\/uninavarra.edu.co\/en\/oficina-paz\/aliados-estrategicos\/red-col-paz\/","title":{"rendered":"COLPAZ Network"},"content":{"rendered":"<div class=\"wpb-content-wrapper\"><div class=\"wpb-container\"><div class=\"container\"><div class=\"vc_row wpb_row vc_row-fluid row\"><div class=\"col-sm-12  vc_\">\n\t\t<div class=\"wpb_wrapper\">\n\t\t\t<div class=\"vc_tta-container\" data-vc-action=\"collapse\"><div class=\"vc_general vc_tta vc_tta-tabs vc_tta-color-navarra vc_tta-style-classic vc_tta-shape-rounded vc_tta-spacing-1 vc_tta-o-no-fill vc_tta-tabs-position-left vc_tta-controls-align-left\"><div class=\"vc_tta-tabs-container\"><ul class=\"vc_tta-tabs-list\"><li class=\"vc_tta-tab vc_active\" data-vc-tab><a href=\"#1655331904609-834af6f1-29a9\" data-vc-tabs data-vc-container=\".vc_tta\"><span class=\"vc_tta-title-text\">What is the COLPAZ Network?<\/span><\/a><\/li><li class=\"vc_tta-tab\" data-vc-tab><a href=\"#1682030354420-088712c7-c620\" data-vc-tabs data-vc-container=\".vc_tta\"><span class=\"vc_tta-title-text\">Who are we and what are we looking for?<\/span><\/a><\/li><li class=\"vc_tta-tab\" data-vc-tab><a href=\"#1655331958073-a8808849-866c\" data-vc-tabs data-vc-container=\".vc_tta\"><span class=\"vc_tta-title-text\">REDCOLPAZ Newsletter<\/span><\/a><\/li><li class=\"vc_tta-tab\" data-vc-tab><a href=\"#1655331904617-b61312fa-df7f\" data-vc-tabs data-vc-container=\".vc_tta\"><span class=\"vc_tta-title-text\">Itinerant Workshop for the Defense and Promotion of Human Rights<\/span><\/a><\/li><\/ul><\/div><div class=\"vc_tta-panels-container\"><div class=\"vc_tta-panels\"><div class=\"vc_tta-panel vc_active\" id=\"1655331904609-834af6f1-29a9\" data-vc-content=\".vc_tta-panel-body\"><div class=\"vc_tta-panel-heading\"><h4 class=\"vc_tta-panel-title\"><a href=\"#1655331904609-834af6f1-29a9\" data-vc-accordion data-vc-container=\".vc_tta-container\"><span class=\"vc_tta-title-text\">What is the COLPAZ Network?<\/span><\/a><\/h4><\/div><div class=\"vc_tta-panel-body\"><\/div><\/div><div class=\"vc_tta-panel\" id=\"1682030354420-088712c7-c620\" data-vc-content=\".vc_tta-panel-body\"><div class=\"vc_tta-panel-heading\"><h4 class=\"vc_tta-panel-title\"><a href=\"#1682030354420-088712c7-c620\" data-vc-accordion data-vc-container=\".vc_tta-container\"><span class=\"vc_tta-title-text\">Who are we and what are we looking for?<\/span><\/a><\/h4><\/div><div class=\"vc_tta-panel-body\"><div class=\"vc_row wpb_row vc_inner vc_row-fluid\"><div class=\"vc_ col-sm-12\"><div class=\"vc_column-inner\"><div class=\"wpb_wrapper\">\n\t<div class=\"wpb_text_column wpb_content_element\" >\n\t\t<div class=\"wpb_wrapper\">\n\t\t\t<p><span class=\"ui-provider cdz cea c d e f g h i j k l m n o p q r s t ceb cec w x y z ab ac ae af ag ah ai aj ak\" dir=\"ltr\">The Network of Schools for Peace COLPAZ, is integrated by the following educational institutions: Aspaen Gimnasio La Fragua, Instituto T\u00e9cnico y Acad\u00e9mico Scout Jos\u00e9 Mart\u00ed, Colombus American School, Instituci\u00f3n Educativa Ceinar, Instituci\u00f3n Educativa Santa Teresa and Fundaci\u00f3n Universitaria Navarra - UNINAVARRA. \u00a0 \u00a0<\/span><\/p>\n\n\t\t<\/div>\n\t<\/div>\n<\/div><\/div><\/div><\/div><\/div><\/div><div class=\"vc_tta-panel\" id=\"1655331958073-a8808849-866c\" data-vc-content=\".vc_tta-panel-body\"><div class=\"vc_tta-panel-heading\"><h4 class=\"vc_tta-panel-title\"><a href=\"#1655331958073-a8808849-866c\" data-vc-accordion data-vc-container=\".vc_tta-container\"><span class=\"vc_tta-title-text\">REDCOLPAZ Newsletter<\/span><\/a><\/h4><\/div><div class=\"vc_tta-panel-body\"><div class=\"vc_row wpb_row vc_inner vc_row-fluid\"><div class=\"vc_ col-sm-12\"><div class=\"vc_column-inner\"><div class=\"wpb_wrapper\">\n\t<div class=\"wpb_text_column wpb_content_element\" >\n\t\t<div class=\"wpb_wrapper\">\n\t\t\t<div class=\"_df_book df-lite\" id=\"df_62765\"  _slug=\"boletin-redcolpaz\" data-title=\"boletin-redcolpaz\" wpoptions=\"true\" thumb=\"https:\/\/uninavarra.edu.co\/wp-content\/uploads\/2021\/07\/news-01.jpg\" thumbtype=\"\" ><\/div><script class=\"df-shortcode-script\" nowprocket type=\"application\/javascript\">window.option_df_62765 = {\"outline\":[],\"autoEnableOutline\":\"false\",\"autoEnableThumbnail\":\"false\",\"overwritePDFOutline\":\"false\",\"direction\":\"1\",\"pageSize\":\"0\",\"pageMode\":\"2\",\"source\":\"https:\\\/\\\/uninavarra.edu.co\\\/wp-content\\\/uploads\\\/2023\\\/06\\\/Red-de-colegios-por-la-paz-1-1.pdf\",\"wpOptions\":\"true\"}; if(window.DFLIP && window.DFLIP.parseBooks){window.DFLIP.parseBooks();}<\/script>\n\n\t\t<\/div>\n\t<\/div>\n<\/div><\/div><\/div><\/div><\/div><\/div><div class=\"vc_tta-panel\" id=\"1655331904617-b61312fa-df7f\" data-vc-content=\".vc_tta-panel-body\"><div class=\"vc_tta-panel-heading\"><h4 class=\"vc_tta-panel-title\"><a href=\"#1655331904617-b61312fa-df7f\" data-vc-accordion data-vc-container=\".vc_tta-container\"><span class=\"vc_tta-title-text\">Itinerant Workshop for the Defense and Promotion of Human Rights<\/span><\/a><\/h4><\/div><div class=\"vc_tta-panel-body\"><\/div><\/div><\/div><\/div><\/div><\/div>\n\t\t<\/div> \n\t<\/div><\/div><\/div><\/div>\n<\/div>","protected":false},"excerpt":{"rendered":"\u00bfQu\u00e9 es la Red COLPAZ?\u00bfQui\u00e9nes somos y qu\u00e9 buscamos?Bolet\u00edn REDCOLPAZTaller Itinerante Defensa y Promoci\u00f3n de los Derechos Humanos\u00bfQu\u00e9 es la Red COLPAZ?\u00bfQui\u00e9nes somos y qu\u00e9 buscamos? La Red de Colegios [...]","protected":false},"author":13,"featured_media":54595,"parent":60497,"menu_order":0,"comment_status":"closed","ping_status":"closed","template":"","meta":{"footnotes":""},"categories":[84],"tags":[],"class_list":["post-62753","page","type-page","status-publish","has-post-thumbnail","hentry","category-convocatoria"],"yoast_head":"<!-- This site is optimized with the Yoast SEO plugin v27.2 - https:\/\/yoast.com\/product\/yoast-seo-wordpress\/ -->\n<title>Red COLPAZ - Uninavarra<\/title>\n<meta name=\"robots\" content=\"index, follow, max-snippet:-1, max-image-preview:large, max-video-preview:-1\" \/>\n<link rel=\"canonical\" href=\"https:\/\/uninavarra.edu.co\/en\/oficina-paz\/aliados-estrategicos\/red-col-paz\/\" \/>\n<meta property=\"og:locale\" content=\"en_US\" \/>\n<meta property=\"og:type\" content=\"article\" \/>\n<meta property=\"og:title\" content=\"Red COLPAZ - Uninavarra\" \/>\n<meta property=\"og:url\" content=\"https:\/\/uninavarra.edu.co\/en\/oficina-paz\/aliados-estrategicos\/red-col-paz\/\" \/>\n<meta property=\"og:site_name\" content=\"Uninavarra\" \/>\n<meta property=\"article:publisher\" content=\"https:\/\/www.facebook.com\/UninavarraEduca\" \/>\n<meta property=\"article:modified_time\" content=\"2023-06-10T16:54:33+00:00\" \/>\n<meta property=\"og:image\" content=\"https:\/\/uninavarra.edu.co\/wp-content\/uploads\/2022\/12\/banner-home.jpg\" \/>\n\t<meta property=\"og:image:width\" content=\"2480\" \/>\n\t<meta property=\"og:image:height\" content=\"276\" \/>\n\t<meta property=\"og:image:type\" content=\"image\/jpeg\" \/>\n<meta name=\"twitter:card\" content=\"summary_large_image\" \/>\n<meta name=\"twitter:site\" content=\"@uninavarraeduca\" \/>\n<meta name=\"twitter:label1\" content=\"Est. reading time\" \/>\n\t<meta name=\"twitter:data1\" content=\"1 minute\" \/>\n<script type=\"application\/ld+json\" class=\"yoast-schema-graph\">{\"@context\":\"https:\/\/schema.org\",\"@graph\":[{\"@type\":\"WebPage\",\"@id\":\"https:\/\/uninavarra.edu.co\/oficina-paz\/aliados-estrategicos\/red-col-paz\/\",\"url\":\"https:\/\/uninavarra.edu.co\/oficina-paz\/aliados-estrategicos\/red-col-paz\/\",\"name\":\"Red COLPAZ - Uninavarra\",\"isPartOf\":{\"@id\":\"https:\/\/uninavarra.edu.co\/#website\"},\"primaryImageOfPage\":{\"@id\":\"https:\/\/uninavarra.edu.co\/oficina-paz\/aliados-estrategicos\/red-col-paz\/#primaryimage\"},\"image\":{\"@id\":\"https:\/\/uninavarra.edu.co\/oficina-paz\/aliados-estrategicos\/red-col-paz\/#primaryimage\"},\"thumbnailUrl\":\"https:\/\/uninavarra.edu.co\/wp-content\/uploads\/2022\/12\/banner-home.jpg\",\"datePublished\":\"2023-06-10T15:13:30+00:00\",\"dateModified\":\"2023-06-10T16:54:33+00:00\",\"breadcrumb\":{\"@id\":\"https:\/\/uninavarra.edu.co\/oficina-paz\/aliados-estrategicos\/red-col-paz\/#breadcrumb\"},\"inLanguage\":\"en-US\",\"potentialAction\":[{\"@type\":\"ReadAction\",\"target\":[\"https:\/\/uninavarra.edu.co\/oficina-paz\/aliados-estrategicos\/red-col-paz\/\"]}]},{\"@type\":\"ImageObject\",\"inLanguage\":\"en-US\",\"@id\":\"https:\/\/uninavarra.edu.co\/oficina-paz\/aliados-estrategicos\/red-col-paz\/#primaryimage\",\"url\":\"https:\/\/uninavarra.edu.co\/wp-content\/uploads\/2022\/12\/banner-home.jpg\",\"contentUrl\":\"https:\/\/uninavarra.edu.co\/wp-content\/uploads\/2022\/12\/banner-home.jpg\",\"width\":2480,\"height\":276},{\"@type\":\"BreadcrumbList\",\"@id\":\"https:\/\/uninavarra.edu.co\/oficina-paz\/aliados-estrategicos\/red-col-paz\/#breadcrumb\",\"itemListElement\":[{\"@type\":\"ListItem\",\"position\":1,\"name\":\"Home\",\"item\":\"https:\/\/uninavarra.edu.co\/\"},{\"@type\":\"ListItem\",\"position\":2,\"name\":\"Oficina de Paz\",\"item\":\"https:\/\/uninavarra.edu.co\/oficina-paz\/\"},{\"@type\":\"ListItem\",\"position\":3,\"name\":\"Aliados Estrat\u00e9gicos\",\"item\":\"https:\/\/uninavarra.edu.co\/oficina-paz\/aliados-estrategicos\/\"},{\"@type\":\"ListItem\",\"position\":4,\"name\":\"Red COLPAZ\"}]},{\"@type\":\"WebSite\",\"@id\":\"https:\/\/uninavarra.edu.co\/#website\",\"url\":\"https:\/\/uninavarra.edu.co\/\",\"name\":\"UNINAVARRA\",\"description\":\"Haz realidad tu deseo de aprender\",\"publisher\":{\"@id\":\"https:\/\/uninavarra.edu.co\/#organization\"},\"potentialAction\":[{\"@type\":\"SearchAction\",\"target\":{\"@type\":\"EntryPoint\",\"urlTemplate\":\"https:\/\/uninavarra.edu.co\/?s={search_term_string}\"},\"query-input\":{\"@type\":\"PropertyValueSpecification\",\"valueRequired\":true,\"valueName\":\"search_term_string\"}}],\"inLanguage\":\"en-US\"},{\"@type\":\"Organization\",\"@id\":\"https:\/\/uninavarra.edu.co\/#organization\",\"name\":\"Fundaci\u00f3n Universitaria Navarra - UNINAVARRA\",\"url\":\"https:\/\/uninavarra.edu.co\/\",\"logo\":{\"@type\":\"ImageObject\",\"inLanguage\":\"en-US\",\"@id\":\"https:\/\/uninavarra.edu.co\/#\/schema\/logo\/image\/\",\"url\":\"https:\/\/uninavarra.edu.co\/wp-content\/uploads\/2024\/06\/Escudo-uninavarra-Solo.png\",\"contentUrl\":\"https:\/\/uninavarra.edu.co\/wp-content\/uploads\/2024\/06\/Escudo-uninavarra-Solo.png\",\"width\":1500,\"height\":1401,\"caption\":\"Fundaci\u00f3n Universitaria Navarra - UNINAVARRA\"},\"image\":{\"@id\":\"https:\/\/uninavarra.edu.co\/#\/schema\/logo\/image\/\"},\"sameAs\":[\"https:\/\/www.facebook.com\/UninavarraEduca\",\"https:\/\/x.com\/uninavarraeduca\",\"https:\/\/www.instagram.com\/uninavarra\/?hl=es\",\"https:\/\/www.linkedin.com\/in\/fundacin-universitaria-navarra-uninavarra-b41225222\/\"]}]}<\/script>\n<!-- \/ Yoast SEO plugin. -->","yoast_head_json":{"title":"Red COLPAZ - Uninavarra","robots":{"index":"index","follow":"follow","max-snippet":"max-snippet:-1","max-image-preview":"max-image-preview:large","max-video-preview":"max-video-preview:-1"},"canonical":"https:\/\/uninavarra.edu.co\/en\/oficina-paz\/aliados-estrategicos\/red-col-paz\/","og_locale":"en_US","og_type":"article","og_title":"Red COLPAZ - Uninavarra","og_url":"https:\/\/uninavarra.edu.co\/en\/oficina-paz\/aliados-estrategicos\/red-col-paz\/","og_site_name":"Uninavarra","article_publisher":"https:\/\/www.facebook.com\/UninavarraEduca","article_modified_time":"2023-06-10T16:54:33+00:00","og_image":[{"width":2480,"height":276,"url":"https:\/\/uninavarra.edu.co\/wp-content\/uploads\/2022\/12\/banner-home.jpg","type":"image\/jpeg"}],"twitter_card":"summary_large_image","twitter_site":"@uninavarraeduca","twitter_misc":{"Est. reading time":"1 minute"},"schema":{"@context":"https:\/\/schema.org","@graph":[{"@type":"WebPage","@id":"https:\/\/uninavarra.edu.co\/oficina-paz\/aliados-estrategicos\/red-col-paz\/","url":"https:\/\/uninavarra.edu.co\/oficina-paz\/aliados-estrategicos\/red-col-paz\/","name":"Red COLPAZ - Uninavarra","isPartOf":{"@id":"https:\/\/uninavarra.edu.co\/#website"},"primaryImageOfPage":{"@id":"https:\/\/uninavarra.edu.co\/oficina-paz\/aliados-estrategicos\/red-col-paz\/#primaryimage"},"image":{"@id":"https:\/\/uninavarra.edu.co\/oficina-paz\/aliados-estrategicos\/red-col-paz\/#primaryimage"},"thumbnailUrl":"https:\/\/uninavarra.edu.co\/wp-content\/uploads\/2022\/12\/banner-home.jpg","datePublished":"2023-06-10T15:13:30+00:00","dateModified":"2023-06-10T16:54:33+00:00","breadcrumb":{"@id":"https:\/\/uninavarra.edu.co\/oficina-paz\/aliados-estrategicos\/red-col-paz\/#breadcrumb"},"inLanguage":"en-US","potentialAction":[{"@type":"ReadAction","target":["https:\/\/uninavarra.edu.co\/oficina-paz\/aliados-estrategicos\/red-col-paz\/"]}]},{"@type":"ImageObject","inLanguage":"en-US","@id":"https:\/\/uninavarra.edu.co\/oficina-paz\/aliados-estrategicos\/red-col-paz\/#primaryimage","url":"https:\/\/uninavarra.edu.co\/wp-content\/uploads\/2022\/12\/banner-home.jpg","contentUrl":"https:\/\/uninavarra.edu.co\/wp-content\/uploads\/2022\/12\/banner-home.jpg","width":2480,"height":276},{"@type":"BreadcrumbList","@id":"https:\/\/uninavarra.edu.co\/oficina-paz\/aliados-estrategicos\/red-col-paz\/#breadcrumb","itemListElement":[{"@type":"ListItem","position":1,"name":"Home","item":"https:\/\/uninavarra.edu.co\/"},{"@type":"ListItem","position":2,"name":"Oficina de Paz","item":"https:\/\/uninavarra.edu.co\/oficina-paz\/"},{"@type":"ListItem","position":3,"name":"Aliados Estrat\u00e9gicos","item":"https:\/\/uninavarra.edu.co\/oficina-paz\/aliados-estrategicos\/"},{"@type":"ListItem","position":4,"name":"Red COLPAZ"}]},{"@type":"WebSite","@id":"https:\/\/uninavarra.edu.co\/#website","url":"https:\/\/uninavarra.edu.co\/","name":"UNINAVARRA","description":"Make your desire to learn a reality","publisher":{"@id":"https:\/\/uninavarra.edu.co\/#organization"},"potentialAction":[{"@type":"SearchAction","target":{"@type":"EntryPoint","urlTemplate":"https:\/\/uninavarra.edu.co\/?s={search_term_string}"},"query-input":{"@type":"PropertyValueSpecification","valueRequired":true,"valueName":"search_term_string"}}],"inLanguage":"en-US"},{"@type":"Organization","@id":"https:\/\/uninavarra.edu.co\/#organization","name":"Navarre University Foundation - UNINAVARRA","url":"https:\/\/uninavarra.edu.co\/","logo":{"@type":"ImageObject","inLanguage":"en-US","@id":"https:\/\/uninavarra.edu.co\/#\/schema\/logo\/image\/","url":"https:\/\/uninavarra.edu.co\/wp-content\/uploads\/2024\/06\/Escudo-uninavarra-Solo.png","contentUrl":"https:\/\/uninavarra.edu.co\/wp-content\/uploads\/2024\/06\/Escudo-uninavarra-Solo.png","width":1500,"height":1401,"caption":"Fundaci\u00f3n Universitaria Navarra - UNINAVARRA"},"image":{"@id":"https:\/\/uninavarra.edu.co\/#\/schema\/logo\/image\/"},"sameAs":["https:\/\/www.facebook.com\/UninavarraEduca","https:\/\/x.com\/uninavarraeduca","https:\/\/www.instagram.com\/uninavarra\/?hl=es","https:\/\/www.linkedin.com\/in\/fundacin-universitaria-navarra-uninavarra-b41225222\/"]}]}},"_links":{"self":[{"href":"https:\/\/uninavarra.edu.co\/en\/wp-json\/wp\/v2\/pages\/62753","targetHints":{"allow":["GET"]}}],"collection":[{"href":"https:\/\/uninavarra.edu.co\/en\/wp-json\/wp\/v2\/pages"}],"about":[{"href":"https:\/\/uninavarra.edu.co\/en\/wp-json\/wp\/v2\/types\/page"}],"author":[{"embeddable":true,"href":"https:\/\/uninavarra.edu.co\/en\/wp-json\/wp\/v2\/users\/13"}],"replies":[{"embeddable":true,"href":"https:\/\/uninavarra.edu.co\/en\/wp-json\/wp\/v2\/comments?post=62753"}],"version-history":[{"count":0,"href":"https:\/\/uninavarra.edu.co\/en\/wp-json\/wp\/v2\/pages\/62753\/revisions"}],"up":[{"embeddable":true,"href":"https:\/\/uninavarra.edu.co\/en\/wp-json\/wp\/v2\/pages\/60497"}],"wp:featuredmedia":[{"embeddable":true,"href":"https:\/\/uninavarra.edu.co\/en\/wp-json\/wp\/v2\/media\/54595"}],"wp:attachment":[{"href":"https:\/\/uninavarra.edu.co\/en\/wp-json\/wp\/v2\/media?parent=62753"}],"wp:term":[{"taxonomy":"category","embeddable":true,"href":"https:\/\/uninavarra.edu.co\/en\/wp-json\/wp\/v2\/categories?post=62753"},{"taxonomy":"post_tag","embeddable":true,"href":"https:\/\/uninavarra.edu.co\/en\/wp-json\/wp\/v2\/tags?post=62753"}],"curies":[{"name":"wp","href":"https:\/\/api.w.org\/{rel}","templated":true}]}}