{"id":62648,"date":"2023-06-08T16:15:01","date_gmt":"2023-06-08T21:15:01","guid":{"rendered":"https:\/\/uninavarra.edu.co\/?page_id=62648"},"modified":"2023-06-13T09:33:44","modified_gmt":"2023-06-13T14:33:44","slug":"consultorio-juridico-y-centro-de-conciliacion-martin-luther-king-de-la-fundacion-universitaria-navarra-uninavarra","status":"publish","type":"page","link":"https:\/\/uninavarra.edu.co\/en\/oficina-paz\/acciones-de-articulacion\/consultorio-juridico-y-centro-de-conciliacion-martin-luther-king-de-la-fundacion-universitaria-navarra-uninavarra\/","title":{"rendered":"Legal and<\/br> Martin Luther King Conciliation Center"},"content":{"rendered":"<div class=\"wpb-content-wrapper\"><section id=\"elecciones\" class=\"vc_section\"><div class=\"wpb-container\"><div class=\"container\"><div class=\"vc_row wpb_row vc_row-fluid row\"><div class=\"col-sm-12  vc_\">\n\t\t<div class=\"wpb_wrapper\">\n\t\t\t\n\t<div class=\"wpb_raw_code wpb_raw_html wpb_content_element\" >\n\t\t<div class=\"wpb_wrapper\">\n\t\t\t<link href=\"https:\/\/fonts.googleapis.com\/css?family=Comfortaa|Questrial|Quicksand|Raleway&display=swap\" rel=\"stylesheet\">\n\t\t<\/div>\n\t<\/div>\n\n\t\t<\/div> \n\t<\/div><\/div><\/div><\/div><div class=\"wpb-container\"><div class=\"container\"><div class=\"vc_row wpb_row vc_row-fluid row\"><div class=\"col-sm-3  vc_\">\n\t\t<div class=\"wpb_wrapper\">\n\t\t\t\n\t<div class=\"wpb_text_column wpb_content_element\" >\n\t\t<div class=\"wpb_wrapper\">\n\t\t\t<h3 style=\"text-align: center;\"><span style=\"color: #ff0000;\">CRAV LEGAL BRIGADE <\/span><\/h3>\n<p style=\"text-align: justify;\"><span style=\"font-family: verdana, geneva, sans-serif; font-size: 14px;\">The Legal Clinic and Martin Luther King Conciliation Center of the Navarra University Foundation UNINAVARRA carried out a Legal Brigade thanks to the articulation between the Peace Office and the Regional Center for Attention to Victims of the Municipality of Neiva.<br \/>\nDuring the day, students of the Law Program attended to the needs of the victims of the armed conflict within the framework of the competencies of the Legal Clinic.<br \/>\nUNINAVARRA advances in its institutional purpose of consolidating a culture of Peace and from academia and knowledge makes significant contributions to the region and the country.\u00a0<\/span><\/p>\n\n\t\t<\/div>\n\t<\/div>\n\n\t\t<\/div> \n\t<\/div><div class=\"col-sm-9  vc_\">\n\t\t<div class=\"wpb_wrapper\">\n\t\t\t\n<div class=\"vc_grid-container-wrapper vc_clearfix vc_grid-animation-none\">\n\t<div class=\"vc_grid-container vc_clearfix wpb_content_element vc_media_grid\" data-initial-loading-animation=\"none\" data-vc-grid-settings=\"{&quot;page_id&quot;:62648,&quot;style&quot;:&quot;all&quot;,&quot;action&quot;:&quot;vc_get_vc_grid_data&quot;,&quot;shortcode_id&quot;:&quot;1686259318010-2d357b54-d997-2&quot;,&quot;tag&quot;:&quot;vc_media_grid&quot;}\" data-vc-request=\"https:\/\/uninavarra.edu.co\/wp-admin\/admin-ajax.php\" data-vc-post-id=\"62648\" data-vc-public-nonce=\"7eec1b20cd\">\n\t\t\n\t<\/div>\n<\/div>\n\t\t<\/div> \n\t<\/div><\/div><\/div><\/div><\/section>\n<\/div>","protected":false},"excerpt":{"rendered":"BRIGADA JUR\u00cdDICA CRAV El Consultorio Jur\u00eddico y Centro de Conciliaci\u00f3n Martin Luther King de la Fundaci\u00f3n Universitaria Navarra UNINAVARRA llev\u00f3 a cabo Brigada Jur\u00eddica gracias a la articulaci\u00f3n entre la [...]","protected":false},"author":13,"featured_media":54596,"parent":60363,"menu_order":0,"comment_status":"closed","ping_status":"closed","template":"","meta":{"footnotes":""},"categories":[],"tags":[],"class_list":["post-62648","page","type-page","status-publish","has-post-thumbnail","hentry"],"yoast_head":"<!-- This site is optimized with the Yoast SEO plugin v27.2 - https:\/\/yoast.com\/product\/yoast-seo-wordpress\/ -->\n<title>Consultorio Jur\u00eddico y Centro de Conciliaci\u00f3n Martin Luther King - Uninavarra<\/title>\n<meta name=\"robots\" content=\"index, follow, max-snippet:-1, max-image-preview:large, max-video-preview:-1\" \/>\n<link rel=\"canonical\" href=\"https:\/\/uninavarra.edu.co\/en\/oficina-paz\/acciones-de-articulacion\/consultorio-juridico-y-centro-de-conciliacion-martin-luther-king-de-la-fundacion-universitaria-navarra-uninavarra\/\" \/>\n<meta property=\"og:locale\" content=\"en_US\" \/>\n<meta property=\"og:type\" content=\"article\" \/>\n<meta property=\"og:title\" content=\"Consultorio Jur\u00eddico y Centro de Conciliaci\u00f3n Martin Luther King - Uninavarra\" \/>\n<meta property=\"og:url\" content=\"https:\/\/uninavarra.edu.co\/en\/oficina-paz\/acciones-de-articulacion\/consultorio-juridico-y-centro-de-conciliacion-martin-luther-king-de-la-fundacion-universitaria-navarra-uninavarra\/\" \/>\n<meta property=\"og:site_name\" content=\"Uninavarra\" \/>\n<meta property=\"article:publisher\" content=\"https:\/\/www.facebook.com\/UninavarraEduca\" \/>\n<meta property=\"article:modified_time\" content=\"2023-06-13T14:33:44+00:00\" \/>\n<meta property=\"og:image\" content=\"https:\/\/uninavarra.edu.co\/wp-content\/uploads\/2022\/12\/banner-calidad.jpg\" \/>\n\t<meta property=\"og:image:width\" content=\"2480\" \/>\n\t<meta property=\"og:image:height\" content=\"276\" \/>\n\t<meta property=\"og:image:type\" content=\"image\/jpeg\" \/>\n<meta name=\"twitter:card\" content=\"summary_large_image\" \/>\n<meta name=\"twitter:site\" content=\"@uninavarraeduca\" \/>\n<meta name=\"twitter:label1\" content=\"Est. reading time\" \/>\n\t<meta name=\"twitter:data1\" content=\"1 minute\" \/>\n<script type=\"application\/ld+json\" class=\"yoast-schema-graph\">{\"@context\":\"https:\/\/schema.org\",\"@graph\":[{\"@type\":\"WebPage\",\"@id\":\"https:\/\/uninavarra.edu.co\/oficina-paz\/acciones-de-articulacion\/consultorio-juridico-y-centro-de-conciliacion-martin-luther-king-de-la-fundacion-universitaria-navarra-uninavarra\/\",\"url\":\"https:\/\/uninavarra.edu.co\/oficina-paz\/acciones-de-articulacion\/consultorio-juridico-y-centro-de-conciliacion-martin-luther-king-de-la-fundacion-universitaria-navarra-uninavarra\/\",\"name\":\"Consultorio Jur\u00eddico y Centro de Conciliaci\u00f3n Martin Luther King - Uninavarra\",\"isPartOf\":{\"@id\":\"https:\/\/uninavarra.edu.co\/#website\"},\"primaryImageOfPage\":{\"@id\":\"https:\/\/uninavarra.edu.co\/oficina-paz\/acciones-de-articulacion\/consultorio-juridico-y-centro-de-conciliacion-martin-luther-king-de-la-fundacion-universitaria-navarra-uninavarra\/#primaryimage\"},\"image\":{\"@id\":\"https:\/\/uninavarra.edu.co\/oficina-paz\/acciones-de-articulacion\/consultorio-juridico-y-centro-de-conciliacion-martin-luther-king-de-la-fundacion-universitaria-navarra-uninavarra\/#primaryimage\"},\"thumbnailUrl\":\"https:\/\/uninavarra.edu.co\/wp-content\/uploads\/2022\/12\/banner-calidad.jpg\",\"datePublished\":\"2023-06-08T21:15:01+00:00\",\"dateModified\":\"2023-06-13T14:33:44+00:00\",\"breadcrumb\":{\"@id\":\"https:\/\/uninavarra.edu.co\/oficina-paz\/acciones-de-articulacion\/consultorio-juridico-y-centro-de-conciliacion-martin-luther-king-de-la-fundacion-universitaria-navarra-uninavarra\/#breadcrumb\"},\"inLanguage\":\"en-US\",\"potentialAction\":[{\"@type\":\"ReadAction\",\"target\":[\"https:\/\/uninavarra.edu.co\/oficina-paz\/acciones-de-articulacion\/consultorio-juridico-y-centro-de-conciliacion-martin-luther-king-de-la-fundacion-universitaria-navarra-uninavarra\/\"]}]},{\"@type\":\"ImageObject\",\"inLanguage\":\"en-US\",\"@id\":\"https:\/\/uninavarra.edu.co\/oficina-paz\/acciones-de-articulacion\/consultorio-juridico-y-centro-de-conciliacion-martin-luther-king-de-la-fundacion-universitaria-navarra-uninavarra\/#primaryimage\",\"url\":\"https:\/\/uninavarra.edu.co\/wp-content\/uploads\/2022\/12\/banner-calidad.jpg\",\"contentUrl\":\"https:\/\/uninavarra.edu.co\/wp-content\/uploads\/2022\/12\/banner-calidad.jpg\",\"width\":2480,\"height\":276,\"caption\":\"banner- paz\"},{\"@type\":\"BreadcrumbList\",\"@id\":\"https:\/\/uninavarra.edu.co\/oficina-paz\/acciones-de-articulacion\/consultorio-juridico-y-centro-de-conciliacion-martin-luther-king-de-la-fundacion-universitaria-navarra-uninavarra\/#breadcrumb\",\"itemListElement\":[{\"@type\":\"ListItem\",\"position\":1,\"name\":\"Home\",\"item\":\"https:\/\/uninavarra.edu.co\/\"},{\"@type\":\"ListItem\",\"position\":2,\"name\":\"Oficina de Paz\",\"item\":\"https:\/\/uninavarra.edu.co\/oficina-paz\/\"},{\"@type\":\"ListItem\",\"position\":3,\"name\":\"Acciones de Articulaci\u00f3n\",\"item\":\"https:\/\/uninavarra.edu.co\/oficina-paz\/acciones-de-articulacion\/\"},{\"@type\":\"ListItem\",\"position\":4,\"name\":\"Consultorio Jur\u00eddico y Centro de Conciliaci\u00f3n Martin Luther King\"}]},{\"@type\":\"WebSite\",\"@id\":\"https:\/\/uninavarra.edu.co\/#website\",\"url\":\"https:\/\/uninavarra.edu.co\/\",\"name\":\"UNINAVARRA\",\"description\":\"Haz realidad tu deseo de aprender\",\"publisher\":{\"@id\":\"https:\/\/uninavarra.edu.co\/#organization\"},\"potentialAction\":[{\"@type\":\"SearchAction\",\"target\":{\"@type\":\"EntryPoint\",\"urlTemplate\":\"https:\/\/uninavarra.edu.co\/?s={search_term_string}\"},\"query-input\":{\"@type\":\"PropertyValueSpecification\",\"valueRequired\":true,\"valueName\":\"search_term_string\"}}],\"inLanguage\":\"en-US\"},{\"@type\":\"Organization\",\"@id\":\"https:\/\/uninavarra.edu.co\/#organization\",\"name\":\"Fundaci\u00f3n Universitaria Navarra - UNINAVARRA\",\"url\":\"https:\/\/uninavarra.edu.co\/\",\"logo\":{\"@type\":\"ImageObject\",\"inLanguage\":\"en-US\",\"@id\":\"https:\/\/uninavarra.edu.co\/#\/schema\/logo\/image\/\",\"url\":\"https:\/\/uninavarra.edu.co\/wp-content\/uploads\/2024\/06\/Escudo-uninavarra-Solo.png\",\"contentUrl\":\"https:\/\/uninavarra.edu.co\/wp-content\/uploads\/2024\/06\/Escudo-uninavarra-Solo.png\",\"width\":1500,\"height\":1401,\"caption\":\"Fundaci\u00f3n Universitaria Navarra - UNINAVARRA\"},\"image\":{\"@id\":\"https:\/\/uninavarra.edu.co\/#\/schema\/logo\/image\/\"},\"sameAs\":[\"https:\/\/www.facebook.com\/UninavarraEduca\",\"https:\/\/x.com\/uninavarraeduca\",\"https:\/\/www.instagram.com\/uninavarra\/?hl=es\",\"https:\/\/www.linkedin.com\/in\/fundacin-universitaria-navarra-uninavarra-b41225222\/\"]}]}<\/script>\n<!-- \/ Yoast SEO plugin. -->","yoast_head_json":{"title":"Consultorio Jur\u00eddico y Centro de Conciliaci\u00f3n Martin Luther King - Uninavarra","robots":{"index":"index","follow":"follow","max-snippet":"max-snippet:-1","max-image-preview":"max-image-preview:large","max-video-preview":"max-video-preview:-1"},"canonical":"https:\/\/uninavarra.edu.co\/en\/oficina-paz\/acciones-de-articulacion\/consultorio-juridico-y-centro-de-conciliacion-martin-luther-king-de-la-fundacion-universitaria-navarra-uninavarra\/","og_locale":"en_US","og_type":"article","og_title":"Consultorio Jur\u00eddico y Centro de Conciliaci\u00f3n Martin Luther King - Uninavarra","og_url":"https:\/\/uninavarra.edu.co\/en\/oficina-paz\/acciones-de-articulacion\/consultorio-juridico-y-centro-de-conciliacion-martin-luther-king-de-la-fundacion-universitaria-navarra-uninavarra\/","og_site_name":"Uninavarra","article_publisher":"https:\/\/www.facebook.com\/UninavarraEduca","article_modified_time":"2023-06-13T14:33:44+00:00","og_image":[{"width":2480,"height":276,"url":"https:\/\/uninavarra.edu.co\/wp-content\/uploads\/2022\/12\/banner-calidad.jpg","type":"image\/jpeg"}],"twitter_card":"summary_large_image","twitter_site":"@uninavarraeduca","twitter_misc":{"Est. reading time":"1 minute"},"schema":{"@context":"https:\/\/schema.org","@graph":[{"@type":"WebPage","@id":"https:\/\/uninavarra.edu.co\/oficina-paz\/acciones-de-articulacion\/consultorio-juridico-y-centro-de-conciliacion-martin-luther-king-de-la-fundacion-universitaria-navarra-uninavarra\/","url":"https:\/\/uninavarra.edu.co\/oficina-paz\/acciones-de-articulacion\/consultorio-juridico-y-centro-de-conciliacion-martin-luther-king-de-la-fundacion-universitaria-navarra-uninavarra\/","name":"Consultorio Jur\u00eddico y Centro de Conciliaci\u00f3n Martin Luther King - Uninavarra","isPartOf":{"@id":"https:\/\/uninavarra.edu.co\/#website"},"primaryImageOfPage":{"@id":"https:\/\/uninavarra.edu.co\/oficina-paz\/acciones-de-articulacion\/consultorio-juridico-y-centro-de-conciliacion-martin-luther-king-de-la-fundacion-universitaria-navarra-uninavarra\/#primaryimage"},"image":{"@id":"https:\/\/uninavarra.edu.co\/oficina-paz\/acciones-de-articulacion\/consultorio-juridico-y-centro-de-conciliacion-martin-luther-king-de-la-fundacion-universitaria-navarra-uninavarra\/#primaryimage"},"thumbnailUrl":"https:\/\/uninavarra.edu.co\/wp-content\/uploads\/2022\/12\/banner-calidad.jpg","datePublished":"2023-06-08T21:15:01+00:00","dateModified":"2023-06-13T14:33:44+00:00","breadcrumb":{"@id":"https:\/\/uninavarra.edu.co\/oficina-paz\/acciones-de-articulacion\/consultorio-juridico-y-centro-de-conciliacion-martin-luther-king-de-la-fundacion-universitaria-navarra-uninavarra\/#breadcrumb"},"inLanguage":"en-US","potentialAction":[{"@type":"ReadAction","target":["https:\/\/uninavarra.edu.co\/oficina-paz\/acciones-de-articulacion\/consultorio-juridico-y-centro-de-conciliacion-martin-luther-king-de-la-fundacion-universitaria-navarra-uninavarra\/"]}]},{"@type":"ImageObject","inLanguage":"en-US","@id":"https:\/\/uninavarra.edu.co\/oficina-paz\/acciones-de-articulacion\/consultorio-juridico-y-centro-de-conciliacion-martin-luther-king-de-la-fundacion-universitaria-navarra-uninavarra\/#primaryimage","url":"https:\/\/uninavarra.edu.co\/wp-content\/uploads\/2022\/12\/banner-calidad.jpg","contentUrl":"https:\/\/uninavarra.edu.co\/wp-content\/uploads\/2022\/12\/banner-calidad.jpg","width":2480,"height":276,"caption":"banner- paz"},{"@type":"BreadcrumbList","@id":"https:\/\/uninavarra.edu.co\/oficina-paz\/acciones-de-articulacion\/consultorio-juridico-y-centro-de-conciliacion-martin-luther-king-de-la-fundacion-universitaria-navarra-uninavarra\/#breadcrumb","itemListElement":[{"@type":"ListItem","position":1,"name":"Home","item":"https:\/\/uninavarra.edu.co\/"},{"@type":"ListItem","position":2,"name":"Oficina de Paz","item":"https:\/\/uninavarra.edu.co\/oficina-paz\/"},{"@type":"ListItem","position":3,"name":"Acciones de Articulaci\u00f3n","item":"https:\/\/uninavarra.edu.co\/oficina-paz\/acciones-de-articulacion\/"},{"@type":"ListItem","position":4,"name":"Consultorio Jur\u00eddico y Centro de Conciliaci\u00f3n Martin Luther King"}]},{"@type":"WebSite","@id":"https:\/\/uninavarra.edu.co\/#website","url":"https:\/\/uninavarra.edu.co\/","name":"UNINAVARRA","description":"Make your desire to learn a reality","publisher":{"@id":"https:\/\/uninavarra.edu.co\/#organization"},"potentialAction":[{"@type":"SearchAction","target":{"@type":"EntryPoint","urlTemplate":"https:\/\/uninavarra.edu.co\/?s={search_term_string}"},"query-input":{"@type":"PropertyValueSpecification","valueRequired":true,"valueName":"search_term_string"}}],"inLanguage":"en-US"},{"@type":"Organization","@id":"https:\/\/uninavarra.edu.co\/#organization","name":"Navarre University Foundation - UNINAVARRA","url":"https:\/\/uninavarra.edu.co\/","logo":{"@type":"ImageObject","inLanguage":"en-US","@id":"https:\/\/uninavarra.edu.co\/#\/schema\/logo\/image\/","url":"https:\/\/uninavarra.edu.co\/wp-content\/uploads\/2024\/06\/Escudo-uninavarra-Solo.png","contentUrl":"https:\/\/uninavarra.edu.co\/wp-content\/uploads\/2024\/06\/Escudo-uninavarra-Solo.png","width":1500,"height":1401,"caption":"Fundaci\u00f3n Universitaria Navarra - UNINAVARRA"},"image":{"@id":"https:\/\/uninavarra.edu.co\/#\/schema\/logo\/image\/"},"sameAs":["https:\/\/www.facebook.com\/UninavarraEduca","https:\/\/x.com\/uninavarraeduca","https:\/\/www.instagram.com\/uninavarra\/?hl=es","https:\/\/www.linkedin.com\/in\/fundacin-universitaria-navarra-uninavarra-b41225222\/"]}]}},"_links":{"self":[{"href":"https:\/\/uninavarra.edu.co\/en\/wp-json\/wp\/v2\/pages\/62648","targetHints":{"allow":["GET"]}}],"collection":[{"href":"https:\/\/uninavarra.edu.co\/en\/wp-json\/wp\/v2\/pages"}],"about":[{"href":"https:\/\/uninavarra.edu.co\/en\/wp-json\/wp\/v2\/types\/page"}],"author":[{"embeddable":true,"href":"https:\/\/uninavarra.edu.co\/en\/wp-json\/wp\/v2\/users\/13"}],"replies":[{"embeddable":true,"href":"https:\/\/uninavarra.edu.co\/en\/wp-json\/wp\/v2\/comments?post=62648"}],"version-history":[{"count":0,"href":"https:\/\/uninavarra.edu.co\/en\/wp-json\/wp\/v2\/pages\/62648\/revisions"}],"up":[{"embeddable":true,"href":"https:\/\/uninavarra.edu.co\/en\/wp-json\/wp\/v2\/pages\/60363"}],"wp:featuredmedia":[{"embeddable":true,"href":"https:\/\/uninavarra.edu.co\/en\/wp-json\/wp\/v2\/media\/54596"}],"wp:attachment":[{"href":"https:\/\/uninavarra.edu.co\/en\/wp-json\/wp\/v2\/media?parent=62648"}],"wp:term":[{"taxonomy":"category","embeddable":true,"href":"https:\/\/uninavarra.edu.co\/en\/wp-json\/wp\/v2\/categories?post=62648"},{"taxonomy":"post_tag","embeddable":true,"href":"https:\/\/uninavarra.edu.co\/en\/wp-json\/wp\/v2\/tags?post=62648"}],"curies":[{"name":"wp","href":"https:\/\/api.w.org\/{rel}","templated":true}]}}