{"id":61675,"date":"2023-05-09T08:24:08","date_gmt":"2023-05-09T13:24:08","guid":{"rendered":"https:\/\/uninavarra.edu.co\/?page_id=61675"},"modified":"2023-11-25T11:45:50","modified_gmt":"2023-11-25T16:45:50","slug":"aseguramiento-de-la-calidad-estructura-siac","status":"publish","type":"page","link":"https:\/\/uninavarra.edu.co\/en\/aseguramiento-de-la-calidad-estructura-siac\/","title":{"rendered":"Quality Assurance - SIAC"},"content":{"rendered":"<div class=\"wpb-content-wrapper\"><div data-vc-full-width=\"true\" data-vc-full-width-init=\"false\" data-vc-stretch-content=\"true\" class=\"wpb-container\"><div class=\"container-full\"><div class=\"vc_row wpb_row vc_row-fluid row\"><div class=\"col-sm-12  vc_\">\n\t\t<div class=\"wpb_wrapper\">\n\t\t\t\n\t<div class=\"wpb_raw_code wpb_raw_html wpb_content_element\" >\n\t\t<div class=\"wpb_wrapper\">\n\t\t\t<link rel=\"preconnect\" href=\"https:\/\/fonts.gstatic.com\">\n<link href=\"https:\/\/fonts.googleapis.com\/css2?family=Raleway:ital,wght@0,400;0,700;1,400&display=swap\" rel=\"stylesheet\">\n<link href=\"https:\/\/fonts.googleapis.com\/css2?family=Lato:wght@400;700&display=swap\" rel=\"stylesheet\">\n<link href=\"https:\/\/fonts.googleapis.com\/icon?family=Material+Icons\" rel=\"stylesheet\">\n\n<style>\n\/* Arregla el tama\u00f1o de la letra del slider cina ya que esta en 'rem' *\/ html {font-size: 100%} .navbar-mega .navbar-nav > li .dropdown-menu li a {font-size: 14px !important;}\n\n\/* CAMBIO COLOR DE LA LETRA Y ESTILO *\/\n#wpo-mainbody, #wpo-mainbody h2, #wpo-mainbody h3, #wpo-mainbody h4, #wpo-mainbody p, #wpo-mainbody a, #wpo-mainbody strong, #wpo-mainbody em, #wpo-mainbody th, #wpo-mainbody tr, #wpo-mainbody td, #wpo-mainbody ol, #wpo-mainbody ul, #wpo-mainbody li, #wpo-mainbody :after {\n    font-family: 'Lato', sans-serif\n}\n\n#wpo-mainbody p {\n    font-size: 18px;\n    line-height: 30px;\n}\n\n#wpo-mainbody li {\n    font-size: 18px;\n    line-height: 30px;\n}\n\n#wpo-mainbody a {\n    text-decoration: none;\n    \/*color: #555;*\/\n}\n\n#wpo-mainbody a:hover {\n    transition: 0.4s;\n    \/*color: rgb(239, 184, 16);*\/\n}\n\n#wpo-mainbody strong {\n    line-height: 30px\n}\n\n\/* Estilo Aplicado en Listas de Semilleros de los Grupos de Investigaci\u00f3n *\/\n#wpo-mainbody .lista_semilleros ul {\n    padding-inline-start: 35px;\n}\n\n#wpo-mainbody .lista_semilleros li {\n\tline-height: 20px\n}\n\n#wpo-mainbody .lista_semilleros ul li {\n\tfont-size: 15px;\n\tmargin-left: 20px;\n\tmargin-bottom: 15px\n}\n\n#wpo-mainbody .lista_semilleros li:last-child ul li {\n\tmargin-bottom: 0\n}\n\n#wpo-mainbody .lista_semilleros ul li:before {\n    position: absolute;\n    background: none;\n}\n<\/style>\n\t\t<\/div>\n\t<\/div>\n\n\t\t<\/div> \n\t<\/div><\/div><\/div><\/div><div class=\"vc_row-full-width\"><\/div><div data-vc-full-width=\"true\" data-vc-full-width-init=\"false\" class=\"wpb-container\"><div class=\"container-full\"><div class=\"vc_row wpb_row vc_row-fluid row  accordeon\"><div class=\"col-sm-12  vc_\">\n\t\t<div class=\"wpb_wrapper\">\n\t\t\t<div class=\"vc_tta-container\" data-vc-action=\"collapse\"><div class=\"vc_general vc_tta vc_tta-tabs vc_tta-color-navarra vc_tta-style-classic vc_tta-shape-rounded vc_tta-spacing-1 vc_tta-o-no-fill vc_tta-tabs-position-left vc_tta-controls-align-left\"><div class=\"vc_tta-tabs-container\"><ul class=\"vc_tta-tabs-list\"><li class=\"vc_tta-tab vc_active\" data-vc-tab><a href=\"#1683646859646-3172eb5f-440e\" data-vc-tabs data-vc-container=\".vc_tta\"><span class=\"vc_tta-title-text\">SIAC UNINAVARRA<\/span><\/a><\/li><li class=\"vc_tta-tab\" data-vc-tab><a href=\"#1683646859663-3b496c3f-7c3e\" data-vc-tabs data-vc-container=\".vc_tta\"><span class=\"vc_tta-title-text\">Internal Structure SIAC<\/span><\/a><\/li><li class=\"vc_tta-tab\" data-vc-tab><a href=\"#1683647122732-717819a0-4c72\" data-vc-tabs data-vc-container=\".vc_tta\"><span class=\"vc_tta-title-text\">SIAC Policy<\/span><\/a><\/li><li class=\"vc_tta-tab\" data-vc-tab><a href=\"#1683647136153-1129481c-d8d8\" data-vc-tabs data-vc-container=\".vc_tta\"><span class=\"vc_tta-title-text\">SIAC Strategies<\/span><\/a><\/li><li class=\"vc_tta-tab\" data-vc-tab><a href=\"#1683647152270-a778f265-91c8\" data-vc-tabs data-vc-container=\".vc_tta\"><span class=\"vc_tta-title-text\">Quality Concept<\/span><\/a><\/li><\/ul><\/div><div class=\"vc_tta-panels-container\"><div class=\"vc_tta-panels\"><div class=\"vc_tta-panel vc_active\" id=\"1683646859646-3172eb5f-440e\" data-vc-content=\".vc_tta-panel-body\"><div class=\"vc_tta-panel-heading\"><h4 class=\"vc_tta-panel-title\"><a href=\"#1683646859646-3172eb5f-440e\" data-vc-accordion data-vc-container=\".vc_tta-container\"><span class=\"vc_tta-title-text\">SIAC UNINAVARRA<\/span><\/a><\/h4><\/div><div class=\"vc_tta-panel-body\"><div class=\"vc_row wpb_row vc_inner vc_row-fluid\"><div class=\"vc_ col-sm-12\"><div class=\"vc_column-inner\"><div class=\"wpb_wrapper\">\n\t<div class=\"wpb_text_column wpb_content_element\" >\n\t\t<div class=\"wpb_wrapper\">\n\t\t\t<h2 class=\"section-title\" style=\"text-align: center;\">SIAC UNINAVARRA<\/h2>\n\n\t\t<\/div>\n\t<\/div>\n<\/div><\/div><\/div><\/div><div class=\"vc_row wpb_row vc_inner vc_row-fluid\"><div class=\"vc_ col-sm-12\"><div class=\"vc_column-inner\"><div class=\"wpb_wrapper\"><div class=\"wpb_single_image wpb_content_element vc_align_center\">\n\t\t<div class=\"wpb_wrapper\">\n\t\t\t\n\t\t\t<a href=\"https:\/\/uninavarra.edu.co\/wp-content\/uploads\/2023\/09\/MicrosoftTeams-image-53.jpg\" target=\"_self\"><img fetchpriority=\"high\" decoding=\"async\" width=\"2000\" height=\"2000\" src=\"https:\/\/uninavarra.edu.co\/wp-content\/uploads\/2023\/09\/MicrosoftTeams-image-53.jpg\" class=\"vc_box_border_grey attachment-full\" alt=\"Flujograma 3.0\" title=\"Flowchart 3.0\" srcset=\"https:\/\/uninavarra.edu.co\/wp-content\/uploads\/2023\/09\/MicrosoftTeams-image-53.jpg 2000w, https:\/\/uninavarra.edu.co\/wp-content\/uploads\/2023\/09\/MicrosoftTeams-image-53-300x300.jpg 300w, https:\/\/uninavarra.edu.co\/wp-content\/uploads\/2023\/09\/MicrosoftTeams-image-53-1024x1024.jpg 1024w, https:\/\/uninavarra.edu.co\/wp-content\/uploads\/2023\/09\/MicrosoftTeams-image-53-150x150.jpg 150w, https:\/\/uninavarra.edu.co\/wp-content\/uploads\/2023\/09\/MicrosoftTeams-image-53-768x768.jpg 768w, https:\/\/uninavarra.edu.co\/wp-content\/uploads\/2023\/09\/MicrosoftTeams-image-53-500x500.jpg 500w, https:\/\/uninavarra.edu.co\/wp-content\/uploads\/2023\/09\/MicrosoftTeams-image-53-800x800.jpg 800w, https:\/\/uninavarra.edu.co\/wp-content\/uploads\/2023\/09\/MicrosoftTeams-image-53-1536x1536.jpg 1536w\" sizes=\"(max-width: 2000px) 100vw, 2000px\" \/><\/a>\n\t\t<\/div> \n\t<\/div><\/div><\/div><\/div><\/div><\/div><\/div><div class=\"vc_tta-panel\" id=\"1683646859663-3b496c3f-7c3e\" data-vc-content=\".vc_tta-panel-body\"><div class=\"vc_tta-panel-heading\"><h4 class=\"vc_tta-panel-title\"><a href=\"#1683646859663-3b496c3f-7c3e\" data-vc-accordion data-vc-container=\".vc_tta-container\"><span class=\"vc_tta-title-text\">Internal Structure SIAC<\/span><\/a><\/h4><\/div><div class=\"vc_tta-panel-body\"><div class=\"vc_row wpb_row vc_inner vc_row-fluid\"><div class=\"vc_ col-sm-12\"><div class=\"vc_column-inner\"><div class=\"wpb_wrapper\">\n\t<div class=\"wpb_text_column wpb_content_element\" >\n\t\t<div class=\"wpb_wrapper\">\n\t\t\t<h2 class=\"section-title\" style=\"text-align: center;\">Internal Structure SIAC<\/h2>\n\n\t\t<\/div>\n\t<\/div>\n<\/div><\/div><\/div><\/div><div class=\"vc_row wpb_row vc_inner vc_row-fluid\"><div class=\"vc_ col-sm-12\"><div class=\"vc_column-inner\"><div class=\"wpb_wrapper\"><div class=\"wpb_single_image wpb_content_element vc_align_left\">\n\t\t<div class=\"wpb_wrapper\">\n\t\t\t\n\t\t\t<a href=\"https:\/\/uninavarra.edu.co\/wp-content\/uploads\/2023\/09\/MicrosoftTeams-image-47.jpg\" target=\"_self\"><img decoding=\"async\" width=\"2000\" height=\"2000\" src=\"https:\/\/uninavarra.edu.co\/wp-content\/uploads\/2023\/09\/MicrosoftTeams-image-47.jpg\" class=\"vc_box_border_grey attachment-full\" alt=\"Estructura SIAC l\u00ednea del tiempo\" title=\"SIAC structure timeline\" srcset=\"https:\/\/uninavarra.edu.co\/wp-content\/uploads\/2023\/09\/MicrosoftTeams-image-47.jpg 2000w, https:\/\/uninavarra.edu.co\/wp-content\/uploads\/2023\/09\/MicrosoftTeams-image-47-300x300.jpg 300w, https:\/\/uninavarra.edu.co\/wp-content\/uploads\/2023\/09\/MicrosoftTeams-image-47-1024x1024.jpg 1024w, https:\/\/uninavarra.edu.co\/wp-content\/uploads\/2023\/09\/MicrosoftTeams-image-47-150x150.jpg 150w, https:\/\/uninavarra.edu.co\/wp-content\/uploads\/2023\/09\/MicrosoftTeams-image-47-768x768.jpg 768w, https:\/\/uninavarra.edu.co\/wp-content\/uploads\/2023\/09\/MicrosoftTeams-image-47-500x500.jpg 500w, https:\/\/uninavarra.edu.co\/wp-content\/uploads\/2023\/09\/MicrosoftTeams-image-47-800x800.jpg 800w, https:\/\/uninavarra.edu.co\/wp-content\/uploads\/2023\/09\/MicrosoftTeams-image-47-1536x1536.jpg 1536w\" sizes=\"(max-width: 2000px) 100vw, 2000px\" \/><\/a>\n\t\t<\/div> \n\t<\/div><\/div><\/div><\/div><\/div><\/div><\/div><div class=\"vc_tta-panel\" id=\"1683647122732-717819a0-4c72\" data-vc-content=\".vc_tta-panel-body\"><div class=\"vc_tta-panel-heading\"><h4 class=\"vc_tta-panel-title\"><a href=\"#1683647122732-717819a0-4c72\" data-vc-accordion data-vc-container=\".vc_tta-container\"><span class=\"vc_tta-title-text\">SIAC Policy<\/span><\/a><\/h4><\/div><div class=\"vc_tta-panel-body\"><div class=\"vc_row wpb_row vc_inner vc_row-fluid\"><div class=\"vc_ col-sm-12\"><div class=\"vc_column-inner\"><div class=\"wpb_wrapper\">\n\t<div class=\"wpb_text_column wpb_content_element\" >\n\t\t<div class=\"wpb_wrapper\">\n\t\t\t<h2 class=\"section-title\" style=\"text-align: center;\">SIAC Policy<\/h2>\n\n\t\t<\/div>\n\t<\/div>\n<\/div><\/div><\/div><\/div><div class=\"vc_row wpb_row vc_inner vc_row-fluid\"><div class=\"vc_ col-sm-12\"><div class=\"vc_column-inner\"><div class=\"wpb_wrapper\">\n\t<div class=\"wpb_text_column wpb_content_element\" >\n\t\t<div class=\"wpb_wrapper\">\n\t\t\t<p><b>Definition of the quality assurance policy:<\/b><\/p>\n<p style=\"text-align: justify;\">The Navarra University Foundation - UNINAVARRA in developing its mission, which emanates from the attributes of its nature and supported by its principles, values and the human and professional quality of its actors, projects, strengthens, develops and ensures its educational quality through continuous improvement and innovation, through self-evaluation and self-regulation to guarantee the excellence of its academic and administrative processes and the provision of its services, which allow it to respond with social responsibility to the cultural, social, economic, technological, political and scientific requirements of the city, the region and the country, within an increasingly international context.<\/p>\n\n\t\t<\/div>\n\t<\/div>\n<\/div><\/div><\/div><\/div><div class=\"vc_row wpb_row vc_inner vc_row-fluid\"><div class=\"vc_ col-sm-12\"><div class=\"vc_column-inner\"><div class=\"wpb_wrapper\"><div class=\"vc_btn3-container vc_btn3-center vc_do_btn\" ><a class=\"vc_general vc_btn3 vc_btn3-size-md vc_btn3-shape-rounded vc_btn3-style-modern vc_btn3-color-navarra\" href=\"https:\/\/uninavarra.edu.co\/wp-content\/uploads\/2020\/08\/SISTEMA-INTEGRAL-ASEGURAMIENTO-CALIDAD.pdf\" title=\"\">Quality Assurance Policy<\/a><\/div><\/div><\/div><\/div><\/div><\/div><\/div><div class=\"vc_tta-panel\" id=\"1683647136153-1129481c-d8d8\" data-vc-content=\".vc_tta-panel-body\"><div class=\"vc_tta-panel-heading\"><h4 class=\"vc_tta-panel-title\"><a href=\"#1683647136153-1129481c-d8d8\" data-vc-accordion data-vc-container=\".vc_tta-container\"><span class=\"vc_tta-title-text\">SIAC Strategies<\/span><\/a><\/h4><\/div><div class=\"vc_tta-panel-body\"><div class=\"vc_row wpb_row vc_inner vc_row-fluid\"><div class=\"vc_ col-sm-12\"><div class=\"vc_column-inner\"><div class=\"wpb_wrapper\">\n\t<div class=\"wpb_text_column wpb_content_element\" >\n\t\t<div class=\"wpb_wrapper\">\n\t\t\t<h2 class=\"section-title\" style=\"text-align: center;\">SIAC Strategies<\/h2>\n\n\t\t<\/div>\n\t<\/div>\n<\/div><\/div><\/div><\/div><div class=\"vc_row wpb_row vc_inner vc_row-fluid\"><div class=\"vc_ col-sm-12\"><div class=\"vc_column-inner\"><div class=\"wpb_wrapper\">\n\t<div class=\"wpb_text_column wpb_content_element\" >\n\t\t<div class=\"wpb_wrapper\">\n\t\t\t<p><strong>Quality assurance policy strategies:<\/strong><\/p>\n<p style=\"text-align: justify;\">Consistent with the quality policies established in UNINAVARRA's PEU, strategies were established to generate a culture of self-evaluation and quality within UNINAVARRA, among them:<\/p>\n\n\t\t<\/div>\n\t<\/div>\n<\/div><\/div><\/div><\/div><div class=\"vc_row wpb_row vc_inner vc_row-fluid\"><div class=\"vc_ col-sm-12\"><div class=\"vc_column-inner\"><div class=\"wpb_wrapper\">\n\t<div class=\"wpb_text_column wpb_content_element\" >\n\t\t<div class=\"wpb_wrapper\">\n\t\t\t\n\n\t\t<\/div>\n\t<\/div>\n<\/div><\/div><\/div><\/div><\/div><\/div><div class=\"vc_tta-panel\" id=\"1683647152270-a778f265-91c8\" data-vc-content=\".vc_tta-panel-body\"><div class=\"vc_tta-panel-heading\"><h4 class=\"vc_tta-panel-title\"><a href=\"#1683647152270-a778f265-91c8\" data-vc-accordion data-vc-container=\".vc_tta-container\"><span class=\"vc_tta-title-text\">Quality Concept<\/span><\/a><\/h4><\/div><div class=\"vc_tta-panel-body\"><div class=\"vc_row wpb_row vc_inner vc_row-fluid\"><div class=\"vc_ col-sm-12\"><div class=\"vc_column-inner\"><div class=\"wpb_wrapper\">\n\t<div class=\"wpb_text_column wpb_content_element\" >\n\t\t<div class=\"wpb_wrapper\">\n\t\t\t<p><strong><span class=\"ui-provider baq bar bas bat bau bav baw bax bay baz bba bbb bbc bbd bbe bbf bbg bbh bbi bbj bbk bbl bbm bbn bbo bbp bbq bbr bbs bbt bbu bbv bbw bbx bby\" dir=\"ltr\">Quality Concept<\/span><\/strong><\/p>\n<p style=\"text-align: justify;\"><span class=\"ui-provider baq bar bas bat bau bav baw bax bay baz bba bbb bbc bbd bbe bbf bbg bbh bbi bbj bbk bbl bbm bbn bbo bbp bbq bbr bbs bbt bbu bbv bbw bbx bby\" dir=\"ltr\">The Navarra University Foundation - UNINAVARRA aware of the conceptual update given by the national regulatory framework of the National Quality Assurance System and the National Accreditation System on the concept of \"quality\" and the importance of consolidating an Internal Quality Assurance System, which responds integrally to both models along with the processes of qualified registration and accreditation in high quality, adopts the concepts defined by Decree 1330 of 2019 and CESU Agreement 02 of 2020 as follows:<\/span><\/p>\n\n\t\t<\/div>\n\t<\/div>\n<\/div><\/div><\/div><\/div><div class=\"vc_row wpb_row vc_inner vc_row-fluid\"><div class=\"vc_ col-sm-12\"><div class=\"vc_column-inner\"><div class=\"wpb_wrapper\"><div class=\"vc_toggle vc_toggle_default vc_toggle_color_navarra  vc_toggle_size_md\">\n\t<div class=\"vc_toggle_title\"><h4>Quality<\/h4><i class=\"vc_toggle_icon\"><\/i><\/div>\n\t<div class=\"vc_toggle_content\"><p style=\"text-align: justify;\"><span class=\"ui-provider baq bar bas bat bau bav baw bax bay baz bba bbb bbc bbd bbe bbf bbg bbh bbi bbj bbk bbl bbm bbn bbo bbp bbq bbr bbs bbt bbu bbv bbw bbx bby\" dir=\"ltr\">A set of articulated, interdependent, dynamic attributes, built by the academic community as references and that respond to social, cultural and environmental demands. These attributes allow internal and external assessments to be made to the institutions, in order to promote their transformation and the permanent development of their training, academic, teaching, scientific, cultural and extension work (Decree 1330 of 2019).<\/span><\/p>\n<\/div>\n<\/div><div class=\"vc_toggle vc_toggle_default vc_toggle_color_navarra  vc_toggle_size_md\">\n\t<div class=\"vc_toggle_title\"><h4>High Quality<\/h4><i class=\"vc_toggle_icon\"><\/i><\/div>\n\t<div class=\"vc_toggle_content\"><p style=\"text-align: justify;\"><span class=\"ui-provider baq bar bas bat bau bav baw bax bay baz bba bbb bbc bbd bbe bbf bbg bbh bbi bbj bbk bbl bbm bbn bbo bbp bbq bbr bbs bbt bbu bbv bbw bbx bby\" dir=\"ltr\">Characteristics that allow recognizing an academic program or institution and making a judgment within the framework of continuous improvement and its diversity, on its capacity for transformation, given by the proximity between the optimum corresponding to the character of the academic program or to the legal nature, identity, mission and typology of the institution, and the way in which it provides the public service of education, the achievements attained and the impacts generated (CESU Agreement 02 of 2020).<\/span><\/p>\n<\/div>\n<\/div><\/div><\/div><\/div><\/div><\/div><\/div><\/div><\/div><\/div><\/div>\n\t\t<\/div> \n\t<\/div><\/div><\/div><\/div><div class=\"vc_row-full-width\"><\/div>\n<\/div>","protected":false},"excerpt":{"rendered":"SIAC UNINAVARRAEstructura Interna SIACPol\u00edtica del SIACEstrategias del SIACConcepto de CalidadSIAC UNINAVARRA SIAC UNINAVARRA Estructura Interna SIAC Estructura Interna SIAC Pol\u00edtica del SIAC Pol\u00edtica del SIAC Definici\u00f3n de la pol\u00edtica de [...]","protected":false},"author":13,"featured_media":55458,"parent":0,"menu_order":0,"comment_status":"closed","ping_status":"closed","template":"","meta":{"footnotes":""},"categories":[],"tags":[],"class_list":["post-61675","page","type-page","status-publish","has-post-thumbnail","hentry"],"yoast_head":"<!-- This site is optimized with the Yoast SEO plugin v27.2 - https:\/\/yoast.com\/product\/yoast-seo-wordpress\/ -->\n<title>Aseguramiento de la Calidad - SIAC - Uninavarra<\/title>\n<meta name=\"robots\" content=\"index, follow, max-snippet:-1, max-image-preview:large, max-video-preview:-1\" \/>\n<link rel=\"canonical\" href=\"https:\/\/uninavarra.edu.co\/en\/aseguramiento-de-la-calidad-estructura-siac\/\" \/>\n<meta property=\"og:locale\" content=\"en_US\" \/>\n<meta property=\"og:type\" content=\"article\" \/>\n<meta property=\"og:title\" content=\"Aseguramiento de la Calidad - SIAC - Uninavarra\" \/>\n<meta property=\"og:url\" content=\"https:\/\/uninavarra.edu.co\/en\/aseguramiento-de-la-calidad-estructura-siac\/\" \/>\n<meta property=\"og:site_name\" content=\"Uninavarra\" \/>\n<meta property=\"article:publisher\" content=\"https:\/\/www.facebook.com\/UninavarraEduca\" \/>\n<meta property=\"article:modified_time\" content=\"2023-11-25T16:45:50+00:00\" \/>\n<meta property=\"og:image\" content=\"https:\/\/uninavarra.edu.co\/wp-content\/uploads\/2022\/12\/sistema-de-gestio\u0301n-banner.jpg\" \/>\n\t<meta property=\"og:image:width\" content=\"2480\" \/>\n\t<meta property=\"og:image:height\" content=\"276\" \/>\n\t<meta property=\"og:image:type\" content=\"image\/jpeg\" \/>\n<meta name=\"twitter:card\" content=\"summary_large_image\" \/>\n<meta name=\"twitter:site\" content=\"@uninavarraeduca\" \/>\n<meta name=\"twitter:label1\" content=\"Est. reading time\" \/>\n\t<meta name=\"twitter:data1\" content=\"6 minutes\" \/>\n<script type=\"application\/ld+json\" class=\"yoast-schema-graph\">{\"@context\":\"https:\/\/schema.org\",\"@graph\":[{\"@type\":\"WebPage\",\"@id\":\"https:\/\/uninavarra.edu.co\/aseguramiento-de-la-calidad-estructura-siac\/\",\"url\":\"https:\/\/uninavarra.edu.co\/aseguramiento-de-la-calidad-estructura-siac\/\",\"name\":\"Aseguramiento de la Calidad - SIAC - Uninavarra\",\"isPartOf\":{\"@id\":\"https:\/\/uninavarra.edu.co\/#website\"},\"primaryImageOfPage\":{\"@id\":\"https:\/\/uninavarra.edu.co\/aseguramiento-de-la-calidad-estructura-siac\/#primaryimage\"},\"image\":{\"@id\":\"https:\/\/uninavarra.edu.co\/aseguramiento-de-la-calidad-estructura-siac\/#primaryimage\"},\"thumbnailUrl\":\"https:\/\/uninavarra.edu.co\/wp-content\/uploads\/2022\/12\/sistema-de-gestio\u0301n-banner.jpg\",\"datePublished\":\"2023-05-09T13:24:08+00:00\",\"dateModified\":\"2023-11-25T16:45:50+00:00\",\"breadcrumb\":{\"@id\":\"https:\/\/uninavarra.edu.co\/aseguramiento-de-la-calidad-estructura-siac\/#breadcrumb\"},\"inLanguage\":\"en-US\",\"potentialAction\":[{\"@type\":\"ReadAction\",\"target\":[\"https:\/\/uninavarra.edu.co\/aseguramiento-de-la-calidad-estructura-siac\/\"]}]},{\"@type\":\"ImageObject\",\"inLanguage\":\"en-US\",\"@id\":\"https:\/\/uninavarra.edu.co\/aseguramiento-de-la-calidad-estructura-siac\/#primaryimage\",\"url\":\"https:\/\/uninavarra.edu.co\/wp-content\/uploads\/2022\/12\/sistema-de-gestio\u0301n-banner.jpg\",\"contentUrl\":\"https:\/\/uninavarra.edu.co\/wp-content\/uploads\/2022\/12\/sistema-de-gestio\u0301n-banner.jpg\",\"width\":2480,\"height\":276,\"caption\":\"sistema-de-gestio\u0301n-banner\"},{\"@type\":\"BreadcrumbList\",\"@id\":\"https:\/\/uninavarra.edu.co\/aseguramiento-de-la-calidad-estructura-siac\/#breadcrumb\",\"itemListElement\":[{\"@type\":\"ListItem\",\"position\":1,\"name\":\"Home\",\"item\":\"https:\/\/uninavarra.edu.co\/\"},{\"@type\":\"ListItem\",\"position\":2,\"name\":\"Aseguramiento de la Calidad &#8211; SIAC\"}]},{\"@type\":\"WebSite\",\"@id\":\"https:\/\/uninavarra.edu.co\/#website\",\"url\":\"https:\/\/uninavarra.edu.co\/\",\"name\":\"UNINAVARRA\",\"description\":\"Haz realidad tu deseo de aprender\",\"publisher\":{\"@id\":\"https:\/\/uninavarra.edu.co\/#organization\"},\"potentialAction\":[{\"@type\":\"SearchAction\",\"target\":{\"@type\":\"EntryPoint\",\"urlTemplate\":\"https:\/\/uninavarra.edu.co\/?s={search_term_string}\"},\"query-input\":{\"@type\":\"PropertyValueSpecification\",\"valueRequired\":true,\"valueName\":\"search_term_string\"}}],\"inLanguage\":\"en-US\"},{\"@type\":\"Organization\",\"@id\":\"https:\/\/uninavarra.edu.co\/#organization\",\"name\":\"Fundaci\u00f3n Universitaria Navarra - UNINAVARRA\",\"url\":\"https:\/\/uninavarra.edu.co\/\",\"logo\":{\"@type\":\"ImageObject\",\"inLanguage\":\"en-US\",\"@id\":\"https:\/\/uninavarra.edu.co\/#\/schema\/logo\/image\/\",\"url\":\"https:\/\/uninavarra.edu.co\/wp-content\/uploads\/2024\/06\/Escudo-uninavarra-Solo.png\",\"contentUrl\":\"https:\/\/uninavarra.edu.co\/wp-content\/uploads\/2024\/06\/Escudo-uninavarra-Solo.png\",\"width\":1500,\"height\":1401,\"caption\":\"Fundaci\u00f3n Universitaria Navarra - UNINAVARRA\"},\"image\":{\"@id\":\"https:\/\/uninavarra.edu.co\/#\/schema\/logo\/image\/\"},\"sameAs\":[\"https:\/\/www.facebook.com\/UninavarraEduca\",\"https:\/\/x.com\/uninavarraeduca\",\"https:\/\/www.instagram.com\/uninavarra\/?hl=es\",\"https:\/\/www.linkedin.com\/in\/fundacin-universitaria-navarra-uninavarra-b41225222\/\"]}]}<\/script>\n<!-- \/ Yoast SEO plugin. -->","yoast_head_json":{"title":"Aseguramiento de la Calidad - SIAC - Uninavarra","robots":{"index":"index","follow":"follow","max-snippet":"max-snippet:-1","max-image-preview":"max-image-preview:large","max-video-preview":"max-video-preview:-1"},"canonical":"https:\/\/uninavarra.edu.co\/en\/aseguramiento-de-la-calidad-estructura-siac\/","og_locale":"en_US","og_type":"article","og_title":"Aseguramiento de la Calidad - SIAC - Uninavarra","og_url":"https:\/\/uninavarra.edu.co\/en\/aseguramiento-de-la-calidad-estructura-siac\/","og_site_name":"Uninavarra","article_publisher":"https:\/\/www.facebook.com\/UninavarraEduca","article_modified_time":"2023-11-25T16:45:50+00:00","og_image":[{"width":2480,"height":276,"url":"https:\/\/uninavarra.edu.co\/wp-content\/uploads\/2022\/12\/sistema-de-gestio\u0301n-banner.jpg","type":"image\/jpeg"}],"twitter_card":"summary_large_image","twitter_site":"@uninavarraeduca","twitter_misc":{"Est. reading time":"6 minutes"},"schema":{"@context":"https:\/\/schema.org","@graph":[{"@type":"WebPage","@id":"https:\/\/uninavarra.edu.co\/aseguramiento-de-la-calidad-estructura-siac\/","url":"https:\/\/uninavarra.edu.co\/aseguramiento-de-la-calidad-estructura-siac\/","name":"Aseguramiento de la Calidad - SIAC - Uninavarra","isPartOf":{"@id":"https:\/\/uninavarra.edu.co\/#website"},"primaryImageOfPage":{"@id":"https:\/\/uninavarra.edu.co\/aseguramiento-de-la-calidad-estructura-siac\/#primaryimage"},"image":{"@id":"https:\/\/uninavarra.edu.co\/aseguramiento-de-la-calidad-estructura-siac\/#primaryimage"},"thumbnailUrl":"https:\/\/uninavarra.edu.co\/wp-content\/uploads\/2022\/12\/sistema-de-gestio\u0301n-banner.jpg","datePublished":"2023-05-09T13:24:08+00:00","dateModified":"2023-11-25T16:45:50+00:00","breadcrumb":{"@id":"https:\/\/uninavarra.edu.co\/aseguramiento-de-la-calidad-estructura-siac\/#breadcrumb"},"inLanguage":"en-US","potentialAction":[{"@type":"ReadAction","target":["https:\/\/uninavarra.edu.co\/aseguramiento-de-la-calidad-estructura-siac\/"]}]},{"@type":"ImageObject","inLanguage":"en-US","@id":"https:\/\/uninavarra.edu.co\/aseguramiento-de-la-calidad-estructura-siac\/#primaryimage","url":"https:\/\/uninavarra.edu.co\/wp-content\/uploads\/2022\/12\/sistema-de-gestio\u0301n-banner.jpg","contentUrl":"https:\/\/uninavarra.edu.co\/wp-content\/uploads\/2022\/12\/sistema-de-gestio\u0301n-banner.jpg","width":2480,"height":276,"caption":"sistema-de-gestio\u0301n-banner"},{"@type":"BreadcrumbList","@id":"https:\/\/uninavarra.edu.co\/aseguramiento-de-la-calidad-estructura-siac\/#breadcrumb","itemListElement":[{"@type":"ListItem","position":1,"name":"Home","item":"https:\/\/uninavarra.edu.co\/"},{"@type":"ListItem","position":2,"name":"Aseguramiento de la Calidad &#8211; SIAC"}]},{"@type":"WebSite","@id":"https:\/\/uninavarra.edu.co\/#website","url":"https:\/\/uninavarra.edu.co\/","name":"UNINAVARRA","description":"Make your desire to learn a reality","publisher":{"@id":"https:\/\/uninavarra.edu.co\/#organization"},"potentialAction":[{"@type":"SearchAction","target":{"@type":"EntryPoint","urlTemplate":"https:\/\/uninavarra.edu.co\/?s={search_term_string}"},"query-input":{"@type":"PropertyValueSpecification","valueRequired":true,"valueName":"search_term_string"}}],"inLanguage":"en-US"},{"@type":"Organization","@id":"https:\/\/uninavarra.edu.co\/#organization","name":"Navarre University Foundation - UNINAVARRA","url":"https:\/\/uninavarra.edu.co\/","logo":{"@type":"ImageObject","inLanguage":"en-US","@id":"https:\/\/uninavarra.edu.co\/#\/schema\/logo\/image\/","url":"https:\/\/uninavarra.edu.co\/wp-content\/uploads\/2024\/06\/Escudo-uninavarra-Solo.png","contentUrl":"https:\/\/uninavarra.edu.co\/wp-content\/uploads\/2024\/06\/Escudo-uninavarra-Solo.png","width":1500,"height":1401,"caption":"Fundaci\u00f3n Universitaria Navarra - UNINAVARRA"},"image":{"@id":"https:\/\/uninavarra.edu.co\/#\/schema\/logo\/image\/"},"sameAs":["https:\/\/www.facebook.com\/UninavarraEduca","https:\/\/x.com\/uninavarraeduca","https:\/\/www.instagram.com\/uninavarra\/?hl=es","https:\/\/www.linkedin.com\/in\/fundacin-universitaria-navarra-uninavarra-b41225222\/"]}]}},"_links":{"self":[{"href":"https:\/\/uninavarra.edu.co\/en\/wp-json\/wp\/v2\/pages\/61675","targetHints":{"allow":["GET"]}}],"collection":[{"href":"https:\/\/uninavarra.edu.co\/en\/wp-json\/wp\/v2\/pages"}],"about":[{"href":"https:\/\/uninavarra.edu.co\/en\/wp-json\/wp\/v2\/types\/page"}],"author":[{"embeddable":true,"href":"https:\/\/uninavarra.edu.co\/en\/wp-json\/wp\/v2\/users\/13"}],"replies":[{"embeddable":true,"href":"https:\/\/uninavarra.edu.co\/en\/wp-json\/wp\/v2\/comments?post=61675"}],"version-history":[{"count":0,"href":"https:\/\/uninavarra.edu.co\/en\/wp-json\/wp\/v2\/pages\/61675\/revisions"}],"wp:featuredmedia":[{"embeddable":true,"href":"https:\/\/uninavarra.edu.co\/en\/wp-json\/wp\/v2\/media\/55458"}],"wp:attachment":[{"href":"https:\/\/uninavarra.edu.co\/en\/wp-json\/wp\/v2\/media?parent=61675"}],"wp:term":[{"taxonomy":"category","embeddable":true,"href":"https:\/\/uninavarra.edu.co\/en\/wp-json\/wp\/v2\/categories?post=61675"},{"taxonomy":"post_tag","embeddable":true,"href":"https:\/\/uninavarra.edu.co\/en\/wp-json\/wp\/v2\/tags?post=61675"}],"curies":[{"name":"wp","href":"https:\/\/api.w.org\/{rel}","templated":true}]}}