{"id":58395,"date":"2023-03-02T09:39:32","date_gmt":"2023-03-02T14:39:32","guid":{"rendered":"https:\/\/uninavarra.edu.co\/?page_id=58395"},"modified":"2025-04-30T15:50:22","modified_gmt":"2025-04-30T20:50:22","slug":"consultorio-ambiental","status":"publish","type":"page","link":"https:\/\/uninavarra.edu.co\/en\/consultorio-ambiental\/","title":{"rendered":"Environmental Consulting"},"content":{"rendered":"<div class=\"wpb-content-wrapper\"><div id=\"estilos\" class=\"wpb-container\"><div class=\"container-full\"><div class=\"vc_row wpb_row vc_row-fluid row\"><div class=\"col-sm-12  vc_\">\n\t\t<div class=\"wpb_wrapper\">\n\t\t\t\n\t<div class=\"wpb_raw_code wpb_raw_html wpb_content_element\" >\n\t\t<div class=\"wpb_wrapper\">\n\t\t\t<link rel=\"preconnect\" href=\"https:\/\/fonts.gstatic.com\">\n<link href=\"https:\/\/fonts.googleapis.com\/css2?family=Raleway:ital,wght@0,400;0,700;1,400&display=swap\" rel=\"stylesheet\">\n<link href=\"https:\/\/fonts.googleapis.com\/css2?family=Lato:wght@400;700&display=swap\" rel=\"stylesheet\">\n<link href=\"https:\/\/fonts.googleapis.com\/icon?family=Material+Icons\" rel=\"stylesheet\">\n\n<style>\n\n\n#wpo-mainbody p {\n    font-size: 18px;\n    line-height: 30px;\n}\n\n#wpo-mainbody li {\n    font-size: 18px;\n    line-height: 30px;\n}\n\n#wpo-mainbody a {\n    text-decoration: none;\n    \/*color: #555;*\/\n}\n\n#wpo-mainbody a:hover {\n    transition: 0.4s;\n    \/*color: rgb(239, 184, 16);*\/\n}\n\n#wpo-mainbody strong {\n    line-height: 30px\n}\n\n\/* Estilo Aplicado en Listas de Semilleros de los Grupos de Investigaci\u00f3n *\/\n#wpo-mainbody .lista_semilleros ul {\n    padding-inline-start: 35px;\n}\n\n#wpo-mainbody .lista_semilleros li {\n\tline-height: 20px\n}\n\n#wpo-mainbody .lista_semilleros ul li {\n\tfont-size: 15px;\n\tmargin-left: 20px;\n\tmargin-bottom: 15px\n}\n\n#wpo-mainbody .lista_semilleros li:last-child ul li {\n\tmargin-bottom: 0\n}\n\n#wpo-mainbody .lista_semilleros ul li:before {\n    position: absolute;\n    background: none;\n}\n<\/style>\n\t\t<\/div>\n\t<\/div>\n\n\t\t<\/div> \n\t<\/div><\/div><\/div><\/div><div id=\"nosotros\" data-vc-full-width=\"true\" data-vc-full-width-init=\"false\" data-vc-stretch-content=\"true\" class=\"wpb-container\"><div class=\"container\"><div class=\"vc_row wpb_row vc_row-fluid row\"><div class=\"col-sm-12  vc_\">\n\t\t<div class=\"wpb_wrapper\">\n\t\t\t<div class=\"vc_empty_space\"   style=\"height: 32px\"><span class=\"vc_empty_space_inner\"><\/span><\/div><div class=\"vc_tta-container\" data-vc-action=\"collapse\"><div class=\"vc_general vc_tta vc_tta-tabs vc_tta-color-navarra vc_tta-style-classic vc_tta-shape-rounded vc_tta-spacing-1 vc_tta-o-no-fill vc_tta-tabs-position-left vc_tta-controls-align-left\"><div class=\"vc_tta-tabs-container\"><ul class=\"vc_tta-tabs-list\"><li class=\"vc_tta-tab vc_active\" data-vc-tab><a href=\"#1732980123677-3f54d957-5ea5\" data-vc-tabs data-vc-container=\".vc_tta\"><span class=\"vc_tta-title-text\">Who are we?<\/span><\/a><\/li><li class=\"vc_tta-tab\" data-vc-tab><a href=\"#servicios\" data-vc-tabs data-vc-container=\".vc_tta\"><span class=\"vc_tta-title-text\">Services<\/span><\/a><\/li><li class=\"vc_tta-tab\" data-vc-tab><a href=\"#equipo\" data-vc-tabs data-vc-container=\".vc_tta\"><span class=\"vc_tta-title-text\">Teamwork<\/span><\/a><\/li><\/ul><\/div><div class=\"vc_tta-panels-container\"><div class=\"vc_tta-panels\"><div class=\"vc_tta-panel vc_active\" id=\"1732980123677-3f54d957-5ea5\" data-vc-content=\".vc_tta-panel-body\"><div class=\"vc_tta-panel-heading\"><h4 class=\"vc_tta-panel-title\"><a href=\"#1732980123677-3f54d957-5ea5\" data-vc-accordion data-vc-container=\".vc_tta-container\"><span class=\"vc_tta-title-text\">Who are we?<\/span><\/a><\/h4><\/div><div class=\"vc_tta-panel-body\"><div class=\"vc_row wpb_row vc_inner vc_row-fluid\"><div class=\"vc_ col-sm-2\"><div class=\"vc_column-inner\"><div class=\"wpb_wrapper\"><\/div><\/div><\/div><div class=\"vc_ col-sm-8\"><div class=\"vc_column-inner\"><div class=\"wpb_wrapper\">\n\t<div class=\"wpb_text_column wpb_content_element\" >\n\t\t<div class=\"wpb_wrapper\">\n\t\t\t<h2 class=\"section-title\" style=\"text-align: center;\">Who we are<\/h2>\n\n\t\t<\/div>\n\t<\/div>\n<\/div><\/div><\/div><div class=\"vc_ col-sm-2\"><div class=\"vc_column-inner\"><div class=\"wpb_wrapper\"><\/div><\/div><\/div><\/div><div class=\"vc_row wpb_row vc_inner vc_row-fluid\"><div class=\"vc_ col-sm-12\"><div class=\"vc_column-inner\"><div class=\"wpb_wrapper\">\n\t<div class=\"wpb_text_column wpb_content_element\" >\n\t\t<div class=\"wpb_wrapper\">\n\t\t\t<p style=\"text-align: justify;\"><span style=\"font-family: 'Raleway', sans-serif; font-size: 20px;\"> The Environmental Consultancy of the Navarra University Foundation - UNINAVARRA, is an academic-administrative unit dedicated to promote spaces for training, research and social projection in the environmental field, our work is focused on providing advice, training and support in the guidance of procedures related to environmental issues, aimed at individuals, legal entities, as well as public and private entities.<\/span><\/p>\n<p style=\"text-align: justify;\"><span style=\"font-family: 'Raleway', sans-serif; font-size: 20px;\"><br \/>\nAs part of the School of Engineering, Architecture and Urban Planning, the Environmental Consultancy operates under its academic and administrative supervision, with the support of the Environmental Engineering Program, thus guaranteeing an efficient operation aligned with institutional objectives.<\/span><\/p>\n<p style=\"text-align: justify;\"><span style=\"font-family: 'Raleway', sans-serif; font-size: 20px;\">\u00a0<\/span><\/p>\n\n\t\t<\/div>\n\t<\/div>\n<\/div><\/div><\/div><\/div><div class=\"vc_row wpb_row vc_inner vc_row-fluid\"><div class=\"vc_ col-sm-6\"><div class=\"vc_column-inner\"><div class=\"wpb_wrapper\">\n\t<div class=\"wpb_text_column wpb_content_element\" >\n\t\t<div class=\"wpb_wrapper\">\n\t\t\t<p style=\"text-align: justify;\"><span style=\"font-family: 'Raleway', sans-serif; font-size: 20px;\"><strong>VISION:<\/strong> The Environmental Consultancy, in coherence with the institutional vision, will be recognized locally and regionally for its contributions in environmental education and its social commitment, in the orientation of consultancy, training and services in environmental procedures, for the protection, conservation and balance of the environment, under the highest standards of excellence, ethics and social responsibility.<\/span><\/p>\n\n\t\t<\/div>\n\t<\/div>\n<\/div><\/div><\/div><div class=\"vc_ col-sm-6\"><div class=\"vc_column-inner\"><div class=\"wpb_wrapper\">\n\t<div class=\"wpb_text_column wpb_content_element\" >\n\t\t<div class=\"wpb_wrapper\">\n\t\t\t<p style=\"text-align: justify;\"><span style=\"font-family: 'Raleway', sans-serif; font-size: 20px;\"><strong>MISSION:<\/strong> In accordance with the mission of the Fundaci\u00f3n Universitaria Navarra-UNINAVARRA, the Environmental Consultancy as an academic administrative unit advocates for the preservation of the environment, the balance of natural resources and seeks for the integral formation of enterprising students, aware of the reality of the country and the region of southern Colombia, with the ability to contribute their knowledge to society, with ethics and social responsibility, towards the practice of solutions to environmental problems posed by natural and\/or legal persons and that are within their competence.<\/span><\/p>\n\n\t\t<\/div>\n\t<\/div>\n<\/div><\/div><\/div><\/div><\/div><\/div><div class=\"vc_tta-panel\" id=\"servicios\" data-vc-content=\".vc_tta-panel-body\"><div class=\"vc_tta-panel-heading\"><h4 class=\"vc_tta-panel-title\"><a href=\"#servicios\" data-vc-accordion data-vc-container=\".vc_tta-container\"><span class=\"vc_tta-title-text\">Services<\/span><\/a><\/h4><\/div><div class=\"vc_tta-panel-body\"><div class=\"vc_row wpb_row vc_inner vc_row-fluid imagenes-portafolio\"><div class=\"vc_ col-sm-2\"><div class=\"vc_column-inner\"><div class=\"wpb_wrapper\"><\/div><\/div><\/div><div class=\"vc_ col-sm-8\"><div class=\"vc_column-inner\"><div class=\"wpb_wrapper\">\n\t<div class=\"wpb_text_column wpb_content_element\" >\n\t\t<div class=\"wpb_wrapper\">\n\t\t\t<h2 class=\"section-title\" style=\"text-align: center;\">Services Portfolio<\/h2>\n\n\t\t<\/div>\n\t<\/div>\n<\/div><\/div><\/div><div class=\"vc_ col-sm-2\"><div class=\"vc_column-inner\"><div class=\"wpb_wrapper\"><\/div><\/div><\/div><\/div><div class=\"vc_row wpb_row vc_inner vc_row-fluid imagenes-portafolio\"><div class=\"vc_ col-sm-12\"><div class=\"vc_column-inner\"><div class=\"wpb_wrapper\">\n\t<div class=\"wpb_raw_code wpb_raw_html wpb_content_element\" >\n\t\t<div class=\"wpb_wrapper\">\n\t\t\t<style>\n  .servicios-container {\n    display: flex;\n    gap: 2rem;\n    flex-wrap: wrap;\n    justify-content: center;\n    padding: 2rem 0;\n  }\n\n  .tarjeta-servicio {\n    background: #ffffff;\n    border-radius: 16px;\n    box-shadow: 0 4px 20px rgba(0, 0, 0, 0.1);\n    transition: transform 0.3s, box-shadow 0.3s;\n    max-width: 360px;\n    overflow: hidden;\n    text-align: center;\n    border: 1px solid #e0e0e0;\n  }\n\n  .tarjeta-servicio:hover {\n    transform: translateY(-10px);\n    box-shadow: 0 8px 30px rgba(0, 0, 0, 0.15);\n  }\n\n  .tarjeta-banner {\n    position: relative;\n    width: 100%;\n    height: 180px;\n    background-size: cover;\n    background-position: center;\n  }\n\n  .tarjeta-banner::after {\n    content: \"\";\n    position: absolute;\n    top: 0; left: 0;\n    width: 100%; height: 100%;\n    background: rgba(0, 0, 0, 0.5); \/* Overlay oscuro *\/\n  }\n\n  .tarjeta-contenido {\n    padding: 1.5rem;\n  }\n\n  .tarjeta-servicio h3 {\n    margin-top: 0.5rem;\n    font-size: 1.4rem;\n    color: #1a3c57;\n  }\n\n  .tarjeta-servicio p {\n    font-size: 0.95rem;\n    color: #444;\n    margin-top: 0.5rem;\n    line-height: 1.5;\n  }\n<\/style>\n\n<div class=\"servicios-container\">\n  <div class=\"tarjeta-servicio\">\n    <div class=\"tarjeta-banner\" style=\"background-image: url('https:\/\/uninavarra.edu.co\/wp-content\/uploads\/2023\/12\/banner-generico.png');\"><\/div>\n    <div class=\"tarjeta-contenido\">\n      <h3>Academic Advisories<\/h3>\n      <p>Corresponds to the group of teachers organized by areas of environmental knowledge.<\/p>\n    <\/div>\n  <\/div>\n\n  <div class=\"tarjeta-servicio\">\n    <div class=\"tarjeta-banner\" style=\"background-image: url('https:\/\/uninavarra.edu.co\/wp-content\/uploads\/2023\/12\/banner-generico.png');\"><\/div>\n    <div class=\"tarjeta-contenido\">\n      <h3>Consulting, Assistance and Training<\/h3>\n      <p>Integrated by academically outstanding teachers and students who carry out their field and professional internships as a degree modality, according to UNINAVARRA's regulations.<\/p>\n    <\/div>\n  <\/div>\n<\/div>\n\n\t\t<\/div>\n\t<\/div>\n\n\t<div class=\"wpb_text_column wpb_content_element\" >\n\t\t<div class=\"wpb_wrapper\">\n\t\t\t<p style=\"text-align: center;\"><strong>Contact e-mail: direccioningenieriaambiental@uninavarra.edu.do<\/strong><\/p>\n\n\t\t<\/div>\n\t<\/div>\n<\/div><\/div><\/div><\/div><\/div><\/div><div class=\"vc_tta-panel\" id=\"equipo\" data-vc-content=\".vc_tta-panel-body\"><div class=\"vc_tta-panel-heading\"><h4 class=\"vc_tta-panel-title\"><a href=\"#equipo\" data-vc-accordion data-vc-container=\".vc_tta-container\"><span class=\"vc_tta-title-text\">Teamwork<\/span><\/a><\/h4><\/div><div class=\"vc_tta-panel-body\"><div class=\"vc_row wpb_row vc_inner vc_row-fluid\"><div class=\"vc_ col-sm-2\"><div class=\"vc_column-inner\"><div class=\"wpb_wrapper\"><\/div><\/div><\/div><div class=\"vc_ col-sm-8\"><div class=\"vc_column-inner\"><div class=\"wpb_wrapper\">\n\t<div class=\"wpb_text_column wpb_content_element\" >\n\t\t<div class=\"wpb_wrapper\">\n\t\t\t<h2 class=\"section-title\" style=\"text-align: center;\">Teamwork<\/h2>\n\n\t\t<\/div>\n\t<\/div>\n\n\t<div class=\"wpb_raw_code wpb_raw_html wpb_content_element\" >\n\t\t<div class=\"wpb_wrapper\">\n\t\t\t<style>\n  .profile-card {\n    max-width: 400px;\n    margin: 40px auto;\n    text-align: center;\n    font-family: Arial, sans-serif;\n    padding: 20px;\n  }\n\n  .profile-image {\n    width: 160px;\n    height: 160px;\n    border-radius: 50%;\n    object-fit: cover;\n    margin-bottom: 20px;\n  }\n\n  .name {\n    font-size: 1.5em;\n    margin: 10px 0 5px;\n  }\n\n  .position {\n    font-weight: bold;\n    color: #2c3e50;\n    margin-bottom: 15px;\n  }\n\n  .description {\n    font-size: 0.95em;\n    line-height: 1.6;\n    color: #333;\n  }\n<\/style>\n<div class=\"profile-card\">\n  <img decoding=\"async\" src=\"https:\/\/uninavarra.edu.co\/wp-content\/uploads\/2024\/11\/FOTOS-COLABORADORES-UNINAVARRA-5.png\" alt=\"Diana Carolina Viveros Monje\" class=\"profile-image\">\n  <h2 class=\"name\">Diana Carolina Viveros Monje<\/h2>\n  <p class=\"position\">Director of Environmental Consultancy - UNINAVARRA<\/p>\n  <p class=\"description\">\n    Environmental Engineer, Master in Sustainable Development and Environment from the University of Manizales,\n    with 7 years of work experience in higher education and higher education administration,\n    1 year in the hydrocarbon sector and 1 year in the metal mechanic sector.\n  <\/p>\n<\/div>\n\n\n\n\t\t<\/div>\n\t<\/div>\n<\/div><\/div><\/div><div class=\"vc_ col-sm-2\"><div class=\"vc_column-inner\"><div class=\"wpb_wrapper\"><\/div><\/div><\/div><\/div><\/div><\/div><\/div><\/div><\/div><\/div>\n\t\t<\/div> \n\t<\/div><\/div><\/div><\/div><div class=\"vc_row-full-width\"><\/div>\n<\/div>","protected":false},"excerpt":{"rendered":"\u00bfQui\u00e9nes somos?ServiciosEquipo de Trabajo\u00bfQui\u00e9nes somos? Qui\u00e9nes somos El Consultorio Ambiental de la Fundaci\u00f3n Universitaria Navarra \u2013 UNINAVARRA, es una unidad acad\u00e9mico-administrativa dedicada a fomentar espacios de formaci\u00f3n, investigaci\u00f3n y proyecci\u00f3n [...]","protected":false},"author":13,"featured_media":84865,"parent":0,"menu_order":0,"comment_status":"closed","ping_status":"closed","template":"","meta":{"footnotes":""},"categories":[],"tags":[],"class_list":["post-58395","page","type-page","status-publish","has-post-thumbnail","hentry"],"yoast_head":"<!-- This site is optimized with the Yoast SEO plugin v27.4 - https:\/\/yoast.com\/product\/yoast-seo-wordpress\/ -->\n<title>Consultorio Ambiental - Uninavarra<\/title>\n<meta name=\"robots\" content=\"index, follow, max-snippet:-1, max-image-preview:large, max-video-preview:-1\" \/>\n<link rel=\"canonical\" href=\"https:\/\/uninavarra.edu.co\/en\/consultorio-ambiental\/\" \/>\n<meta property=\"og:locale\" content=\"en_US\" \/>\n<meta property=\"og:type\" content=\"article\" \/>\n<meta property=\"og:title\" content=\"Consultorio Ambiental - Uninavarra\" \/>\n<meta property=\"og:url\" content=\"https:\/\/uninavarra.edu.co\/en\/consultorio-ambiental\/\" \/>\n<meta property=\"og:site_name\" content=\"Uninavarra\" \/>\n<meta property=\"article:publisher\" content=\"https:\/\/www.facebook.com\/UninavarraEduca\" \/>\n<meta property=\"article:modified_time\" content=\"2025-04-30T20:50:22+00:00\" \/>\n<meta property=\"og:image\" content=\"https:\/\/uninavarra.edu.co\/wp-content\/uploads\/2024\/12\/Banner-pagina-web-Consultorio-Derecho-Martin-Luther-King-1.png\" \/>\n\t<meta property=\"og:image:width\" content=\"2560\" \/>\n\t<meta property=\"og:image:height\" content=\"761\" \/>\n\t<meta property=\"og:image:type\" content=\"image\/png\" \/>\n<meta name=\"twitter:card\" content=\"summary_large_image\" \/>\n<meta name=\"twitter:site\" content=\"@uninavarraeduca\" \/>\n<meta name=\"twitter:label1\" content=\"Est. reading time\" \/>\n\t<meta name=\"twitter:data1\" content=\"2 minutes\" \/>\n<script type=\"application\/ld+json\" class=\"yoast-schema-graph\">{\"@context\":\"https:\\\/\\\/schema.org\",\"@graph\":[{\"@type\":\"WebPage\",\"@id\":\"https:\\\/\\\/uninavarra.edu.co\\\/en\\\/consultorio-ambiental\\\/\",\"url\":\"https:\\\/\\\/uninavarra.edu.co\\\/en\\\/consultorio-ambiental\\\/\",\"name\":\"Consultorio Ambiental - Uninavarra\",\"isPartOf\":{\"@id\":\"https:\\\/\\\/uninavarra.edu.co\\\/#website\"},\"primaryImageOfPage\":{\"@id\":\"https:\\\/\\\/uninavarra.edu.co\\\/en\\\/consultorio-ambiental\\\/#primaryimage\"},\"image\":{\"@id\":\"https:\\\/\\\/uninavarra.edu.co\\\/en\\\/consultorio-ambiental\\\/#primaryimage\"},\"thumbnailUrl\":\"https:\\\/\\\/uninavarra.edu.co\\\/wp-content\\\/uploads\\\/2024\\\/12\\\/Banner-pagina-web-Consultorio-Derecho-Martin-Luther-King-1.png\",\"datePublished\":\"2023-03-02T14:39:32+00:00\",\"dateModified\":\"2025-04-30T20:50:22+00:00\",\"breadcrumb\":{\"@id\":\"https:\\\/\\\/uninavarra.edu.co\\\/en\\\/consultorio-ambiental\\\/#breadcrumb\"},\"inLanguage\":\"en-US\",\"potentialAction\":[{\"@type\":\"ReadAction\",\"target\":[\"https:\\\/\\\/uninavarra.edu.co\\\/en\\\/consultorio-ambiental\\\/\"]}]},{\"@type\":\"ImageObject\",\"inLanguage\":\"en-US\",\"@id\":\"https:\\\/\\\/uninavarra.edu.co\\\/en\\\/consultorio-ambiental\\\/#primaryimage\",\"url\":\"https:\\\/\\\/uninavarra.edu.co\\\/wp-content\\\/uploads\\\/2024\\\/12\\\/Banner-pagina-web-Consultorio-Derecho-Martin-Luther-King-1.png\",\"contentUrl\":\"https:\\\/\\\/uninavarra.edu.co\\\/wp-content\\\/uploads\\\/2024\\\/12\\\/Banner-pagina-web-Consultorio-Derecho-Martin-Luther-King-1.png\",\"width\":2560,\"height\":761},{\"@type\":\"BreadcrumbList\",\"@id\":\"https:\\\/\\\/uninavarra.edu.co\\\/en\\\/consultorio-ambiental\\\/#breadcrumb\",\"itemListElement\":[{\"@type\":\"ListItem\",\"position\":1,\"name\":\"Home\",\"item\":\"https:\\\/\\\/uninavarra.edu.co\\\/\"},{\"@type\":\"ListItem\",\"position\":2,\"name\":\"Consultorio Ambiental\"}]},{\"@type\":\"WebSite\",\"@id\":\"https:\\\/\\\/uninavarra.edu.co\\\/#website\",\"url\":\"https:\\\/\\\/uninavarra.edu.co\\\/\",\"name\":\"UNINAVARRA\",\"description\":\"Haz realidad tu deseo de aprender\",\"publisher\":{\"@id\":\"https:\\\/\\\/uninavarra.edu.co\\\/#organization\"},\"potentialAction\":[{\"@type\":\"SearchAction\",\"target\":{\"@type\":\"EntryPoint\",\"urlTemplate\":\"https:\\\/\\\/uninavarra.edu.co\\\/?s={search_term_string}\"},\"query-input\":{\"@type\":\"PropertyValueSpecification\",\"valueRequired\":true,\"valueName\":\"search_term_string\"}}],\"inLanguage\":\"en-US\"},{\"@type\":\"Organization\",\"@id\":\"https:\\\/\\\/uninavarra.edu.co\\\/#organization\",\"name\":\"Fundaci\u00f3n Universitaria Navarra - UNINAVARRA\",\"url\":\"https:\\\/\\\/uninavarra.edu.co\\\/\",\"logo\":{\"@type\":\"ImageObject\",\"inLanguage\":\"en-US\",\"@id\":\"https:\\\/\\\/uninavarra.edu.co\\\/#\\\/schema\\\/logo\\\/image\\\/\",\"url\":\"https:\\\/\\\/uninavarra.edu.co\\\/wp-content\\\/uploads\\\/2024\\\/06\\\/Escudo-uninavarra-Solo.png\",\"contentUrl\":\"https:\\\/\\\/uninavarra.edu.co\\\/wp-content\\\/uploads\\\/2024\\\/06\\\/Escudo-uninavarra-Solo.png\",\"width\":1500,\"height\":1401,\"caption\":\"Fundaci\u00f3n Universitaria Navarra - UNINAVARRA\"},\"image\":{\"@id\":\"https:\\\/\\\/uninavarra.edu.co\\\/#\\\/schema\\\/logo\\\/image\\\/\"},\"sameAs\":[\"https:\\\/\\\/www.facebook.com\\\/UninavarraEduca\",\"https:\\\/\\\/x.com\\\/uninavarraeduca\",\"https:\\\/\\\/www.instagram.com\\\/uninavarra\\\/?hl=es\",\"https:\\\/\\\/www.linkedin.com\\\/in\\\/fundacin-universitaria-navarra-uninavarra-b41225222\\\/\"]}]}<\/script>\n<!-- \/ Yoast SEO plugin. -->","yoast_head_json":{"title":"Consultorio Ambiental - Uninavarra","robots":{"index":"index","follow":"follow","max-snippet":"max-snippet:-1","max-image-preview":"max-image-preview:large","max-video-preview":"max-video-preview:-1"},"canonical":"https:\/\/uninavarra.edu.co\/en\/consultorio-ambiental\/","og_locale":"en_US","og_type":"article","og_title":"Consultorio Ambiental - Uninavarra","og_url":"https:\/\/uninavarra.edu.co\/en\/consultorio-ambiental\/","og_site_name":"Uninavarra","article_publisher":"https:\/\/www.facebook.com\/UninavarraEduca","article_modified_time":"2025-04-30T20:50:22+00:00","og_image":[{"width":2560,"height":761,"url":"https:\/\/uninavarra.edu.co\/wp-content\/uploads\/2024\/12\/Banner-pagina-web-Consultorio-Derecho-Martin-Luther-King-1.png","type":"image\/png"}],"twitter_card":"summary_large_image","twitter_site":"@uninavarraeduca","twitter_misc":{"Est. reading time":"2 minutes"},"schema":{"@context":"https:\/\/schema.org","@graph":[{"@type":"WebPage","@id":"https:\/\/uninavarra.edu.co\/en\/consultorio-ambiental\/","url":"https:\/\/uninavarra.edu.co\/en\/consultorio-ambiental\/","name":"Consultorio Ambiental - Uninavarra","isPartOf":{"@id":"https:\/\/uninavarra.edu.co\/#website"},"primaryImageOfPage":{"@id":"https:\/\/uninavarra.edu.co\/en\/consultorio-ambiental\/#primaryimage"},"image":{"@id":"https:\/\/uninavarra.edu.co\/en\/consultorio-ambiental\/#primaryimage"},"thumbnailUrl":"https:\/\/uninavarra.edu.co\/wp-content\/uploads\/2024\/12\/Banner-pagina-web-Consultorio-Derecho-Martin-Luther-King-1.png","datePublished":"2023-03-02T14:39:32+00:00","dateModified":"2025-04-30T20:50:22+00:00","breadcrumb":{"@id":"https:\/\/uninavarra.edu.co\/en\/consultorio-ambiental\/#breadcrumb"},"inLanguage":"en-US","potentialAction":[{"@type":"ReadAction","target":["https:\/\/uninavarra.edu.co\/en\/consultorio-ambiental\/"]}]},{"@type":"ImageObject","inLanguage":"en-US","@id":"https:\/\/uninavarra.edu.co\/en\/consultorio-ambiental\/#primaryimage","url":"https:\/\/uninavarra.edu.co\/wp-content\/uploads\/2024\/12\/Banner-pagina-web-Consultorio-Derecho-Martin-Luther-King-1.png","contentUrl":"https:\/\/uninavarra.edu.co\/wp-content\/uploads\/2024\/12\/Banner-pagina-web-Consultorio-Derecho-Martin-Luther-King-1.png","width":2560,"height":761},{"@type":"BreadcrumbList","@id":"https:\/\/uninavarra.edu.co\/en\/consultorio-ambiental\/#breadcrumb","itemListElement":[{"@type":"ListItem","position":1,"name":"Home","item":"https:\/\/uninavarra.edu.co\/"},{"@type":"ListItem","position":2,"name":"Consultorio Ambiental"}]},{"@type":"WebSite","@id":"https:\/\/uninavarra.edu.co\/#website","url":"https:\/\/uninavarra.edu.co\/","name":"UNINAVARRA","description":"Make your desire to learn a reality","publisher":{"@id":"https:\/\/uninavarra.edu.co\/#organization"},"potentialAction":[{"@type":"SearchAction","target":{"@type":"EntryPoint","urlTemplate":"https:\/\/uninavarra.edu.co\/?s={search_term_string}"},"query-input":{"@type":"PropertyValueSpecification","valueRequired":true,"valueName":"search_term_string"}}],"inLanguage":"en-US"},{"@type":"Organization","@id":"https:\/\/uninavarra.edu.co\/#organization","name":"Navarre University Foundation - UNINAVARRA","url":"https:\/\/uninavarra.edu.co\/","logo":{"@type":"ImageObject","inLanguage":"en-US","@id":"https:\/\/uninavarra.edu.co\/#\/schema\/logo\/image\/","url":"https:\/\/uninavarra.edu.co\/wp-content\/uploads\/2024\/06\/Escudo-uninavarra-Solo.png","contentUrl":"https:\/\/uninavarra.edu.co\/wp-content\/uploads\/2024\/06\/Escudo-uninavarra-Solo.png","width":1500,"height":1401,"caption":"Fundaci\u00f3n Universitaria Navarra - UNINAVARRA"},"image":{"@id":"https:\/\/uninavarra.edu.co\/#\/schema\/logo\/image\/"},"sameAs":["https:\/\/www.facebook.com\/UninavarraEduca","https:\/\/x.com\/uninavarraeduca","https:\/\/www.instagram.com\/uninavarra\/?hl=es","https:\/\/www.linkedin.com\/in\/fundacin-universitaria-navarra-uninavarra-b41225222\/"]}]}},"_links":{"self":[{"href":"https:\/\/uninavarra.edu.co\/en\/wp-json\/wp\/v2\/pages\/58395","targetHints":{"allow":["GET"]}}],"collection":[{"href":"https:\/\/uninavarra.edu.co\/en\/wp-json\/wp\/v2\/pages"}],"about":[{"href":"https:\/\/uninavarra.edu.co\/en\/wp-json\/wp\/v2\/types\/page"}],"author":[{"embeddable":true,"href":"https:\/\/uninavarra.edu.co\/en\/wp-json\/wp\/v2\/users\/13"}],"replies":[{"embeddable":true,"href":"https:\/\/uninavarra.edu.co\/en\/wp-json\/wp\/v2\/comments?post=58395"}],"version-history":[{"count":0,"href":"https:\/\/uninavarra.edu.co\/en\/wp-json\/wp\/v2\/pages\/58395\/revisions"}],"wp:featuredmedia":[{"embeddable":true,"href":"https:\/\/uninavarra.edu.co\/en\/wp-json\/wp\/v2\/media\/84865"}],"wp:attachment":[{"href":"https:\/\/uninavarra.edu.co\/en\/wp-json\/wp\/v2\/media?parent=58395"}],"wp:term":[{"taxonomy":"category","embeddable":true,"href":"https:\/\/uninavarra.edu.co\/en\/wp-json\/wp\/v2\/categories?post=58395"},{"taxonomy":"post_tag","embeddable":true,"href":"https:\/\/uninavarra.edu.co\/en\/wp-json\/wp\/v2\/tags?post=58395"}],"curies":[{"name":"wp","href":"https:\/\/api.w.org\/{rel}","templated":true}]}}