{"id":54541,"date":"2022-12-07T08:14:55","date_gmt":"2022-12-07T13:14:55","guid":{"rendered":"https:\/\/uninavarra.edu.co\/?page_id=54541"},"modified":"2025-12-01T10:55:15","modified_gmt":"2025-12-01T15:55:15","slug":"educacion-continua","status":"publish","type":"page","link":"https:\/\/uninavarra.edu.co\/en\/educacion-continua\/","title":{"rendered":"Continuing Education"},"content":{"rendered":"<div class=\"wpb-content-wrapper\"><div class=\"wpb-container \"><div class=\"container\"><div class=\"vc_row wpb_row vc_row-fluid row \"><div class=\"col-sm-12  vc_\">\n\t\t<div class=\"wpb_wrapper \">\n\t\t\t\n\t<div class=\"wpb_raw_code wpb_raw_html wpb_content_element\" >\n\t\t<div class=\"wpb_wrapper\">\n\t\t\t<link rel=\"preconnect\" href=\"https:\/\/fonts.gstatic.com\">\n<link href=\"https:\/\/fonts.googleapis.com\/css2?family=Raleway:ital,wght@0,400;0,700;1,400&display=swap\" rel=\"stylesheet\">\n<link href=\"https:\/\/fonts.googleapis.com\/css2?family=Lato:wght@400;700&display=swap\" rel=\"stylesheet\">\n<link href=\"https:\/\/fonts.googleapis.com\/icon?family=Material+Icons\" rel=\"stylesheet\">\n<script src=\"https:\/\/code.jquery.com\/jquery-3.6.0.min.js\"><\/script>\n\n<style>\n\/* Arregla el tama\u00f1o de la letra del slider cina ya que esta en 'rem' *\/ html {font-size: 100%} .navbar-mega .navbar-nav > li .dropdown-menu li a {font-size: 14px !important;}\n\n\/* CAMBIO COLOR DE LA LETRA Y ESTILO *\/\n#wpo-mainbody, #wpo-mainbody h2, #wpo-mainbody h3, #wpo-mainbody h4, #wpo-mainbody p, #wpo-mainbody a, #wpo-mainbody strong, #wpo-mainbody em, #wpo-mainbody th, #wpo-mainbody tr, #wpo-mainbody td, #wpo-mainbody ol, #wpo-mainbody ul, #wpo-mainbody li, #wpo-mainbody :after {\n    font-family: 'Raleway', sans-serif\n}\n\n#wpo-mainbody p {\n    font-size: 16px;\n    line-height: 20px;\n}\n\n#wpo-mainbody h4{\n        overflow: hidden;\n   text-overflow: ellipsis;\n   display: -webkit-box;\n   -webkit-line-clamp: 2; \/* number of lines to show *\/\n           line-clamp: 2; \n   -webkit-box-orient: vertical;\n    }\n\n#wpo-mainbody li {\n    font-size: 18px;\n    line-height: 30px;\n}\n\n#wpo-mainbody a {\n    text-decoration: none;\n    \/*color: #555;*\/\n}\n\n#wpo-mainbody a:hover {\n    transition: 0.4s;\n    \/*color: rgb(239, 184, 16);*\/\n}\n\n#wpo-mainbody strong {\n    line-height: 30px\n}\n\n\/* Estilo Aplicado en Listas de Semilleros de los Grupos de Investigaci\u00f3n *\/\n#wpo-mainbody .lista_semilleros ul {\n    padding-inline-start: 35px;\n}\n\n#wpo-mainbody .lista_semilleros li {\n\tline-height: 20px\n}\n\n#wpo-mainbody .lista_semilleros ul li {\n\tfont-size: 15px;\n\tmargin-left: 20px;\n\tmargin-bottom: 15px\n}\n\n#wpo-mainbody .lista_semilleros li:last-child ul li {\n\tmargin-bottom: 0\n}\n\n#wpo-mainbody .lista_semilleros ul li:before {\n    position: absolute;\n    background: none;\n}\n<\/style>\n\t\t<\/div>\n\t<\/div>\n\n\t<div class=\"wpb_raw_code wpb_raw_html wpb_content_element\" >\n\t\t<div class=\"wpb_wrapper\">\n\t\t\t  <div id=\"whatsapp-edu-continua\">\n      <a href=\"https:\/\/wa.me\/573134481343?text=Hola,%20quisiera%20saber%20mas%20acerca%20del%20programa:\" target=\"_blank\" class=\"element\">\n        <div class=\"wa-icon\"><i class=\"fas fa-envelope-open-text\"><\/i><div class=\"wa-label\">M\u00e1s Informaci\u00f3n! <\/div><\/div>        \n      <\/a>\n  <\/div>\n\t\t<\/div>\n\t<\/div>\n\n\t\t<\/div> \n\t<\/div><\/div><\/div><\/div><div class=\"wpb-container \"><div class=\"container\"><div class=\"vc_row wpb_row vc_row-fluid row \"><div class=\"col-sm-12  vc_\">\n\t\t<div class=\"wpb_wrapper \">\n\t\t\t\n\t<div class=\"wpb_raw_code wpb_raw_html wpb_content_element\" >\n\t\t<div class=\"wpb_wrapper\">\n\t\t\t<div class=\"container\">\n<div id=\"search\">\n    <form id=\"search-form\" action=\"\" method=\"POST\" enctype=\"multipart\/form-data\">\n        <div class=\"search-container\">\n            <input class=\"search-input\" type=\"text\" placeholder=\"Buscar\" \/>\n            <button type=\"submit\" class=\"search-button\">\n                <i class=\"fas fa-search\"><\/i> <!-- \u00cdcono de lupa -->\n            <\/button>\n        <\/div>\n    <\/form>\n<\/div>\n\t<div class=\"row\" id=\"filter\">\n<form id=\"filters\">\n    <div class=\"form-group col-sm-3 col-xs-6\">\n        <label for=\"filter-oferta\">Oferta<\/label>\n        <select id=\"filter-oferta\" data-filter=\"oferta\" class=\"filter-oferta filter form-control\" style=\"border-radius:4px\">\n            <option value=\"\">Mostrar Todos<\/option>\n            <!-- Opciones din\u00e1micas de ofertas -->\n        <\/select>\n    <\/div>\n    \n    <div class=\"form-group col-sm-3 col-xs-6\">\n        <label for=\"filter-modalidad\">Modalidad<\/label>\n        <select id=\"filter-modalidad\" data-filter=\"modalidad\" class=\"filter-modalidad filter form-control\" style=\"border-radius:4px\">\n            <option value=\"\">Mostrar Todos<\/option>\n            <!-- Opciones din\u00e1micas de modalidades -->\n        <\/select>\n    <\/div>\n    \n    <div class=\"form-group col-sm-3 col-xs-6\">\n        <label for=\"filter-curso\">Curso<\/label>\n        <select id=\"filter-curso\" data-filter=\"curso\" class=\"filter-curso filter form-control\" style=\"border-radius:4px\">\n            <option value=\"\">Mostrar Todos<\/option>\n            <!-- Opciones din\u00e1micas de cursos -->\n        <\/select>\n    <\/div>\n    \n    <div class=\"form-group col-sm-3 col-xs-6\">\n        <label for=\"filter-facultad\">Facultad<\/label>\n        <select id=\"filter-facultad\" data-filter=\"facultad\" class=\"filter-facultad filter form-control\" style=\"border-radius:4px\">\n            <option value=\"\">Mostrar Todos<\/option>\n            <!-- Opciones din\u00e1micas de facultades -->\n        <\/select>\n    <\/div>\n    \n    <div class=\"form-group col-sm-3 col-xs-6\">\n        <label for=\"filter-disponibilidad\">Disponibilidad<\/label>\n        <select id=\"filter-disponibilidad\" data-filter=\"disponibilidad\" class=\"filter-disponibilidad filter form-control\" style=\"border-radius:4px\">\n            <option value=\"\">Mostrar Todos<\/option>\n        <\/select>\n    <\/div>\n<\/form>\n\t<\/div>\n\n    <div class=\"container2 extension\" id=\"extension\" >\n\t\t\n\t<\/div>\n<\/div>\n\t\t<\/div>\n\t<\/div>\n\n\t\t<\/div> \n\t<\/div><\/div><\/div><\/div><div class=\"wpb-container \"><div class=\"container\"><div class=\"vc_row wpb_row vc_row-fluid row \"><div class=\"col-sm-12  vc_\">\n\t\t<div class=\"wpb_wrapper \">\n\t\t\t\n\t<div class=\"wpb_raw_code wpb_raw_js\" >\n\t\t<div class=\"wpb_wrapper\">\n\t\t\t<script>\ngetCSVFByDocId('1gdKlT6iI-QUCxX5seqmtHjwlSoMo2dGKQQKU7dTofkk', 'A:Z', 'AIzaSyBnk4I7IbLq1GV4wVuIypF6lAXijdVknSw').then(procesaDatosAJSON);\nasync function getCSVFByDocId(id, rango, key) {\n  let url = `https:\/\/sheets.googleapis.com\/v4\/spreadsheets\/${id}\/values\/${rango}?key=${key}`;\n  const response = await fetch(url);\n  return response.json();\n}\n\nfunction procesaDatosAJSON(infoJson) {\n  let entries = infoJson.values;\n  let numFilas = entries.length;\n  \n  \/\/Procesamos los datos\n  let campos = [];\n  let datos = [];\n  let filasCursos = [];\n\n  for(var f = 0; f < numFilas; f++) {\n    let fila = entries[f];\n    filasCursos[f] = fila;\n    \n    \/\/Recorremos cada fila y por cada columna creamos un nuevo objeto\n    let obj = {};\n\n    for(var c = 0; c < fila.length; c++) {\n      celda = fila[c];\n      if (f == 0){\n        \/\/ Nombres de los campos ubicados en el thead\n        campos.push(celda);\n      } else {\n        \/\/En las dem\u00e1s filas asignamos la propiedad que corresponda seg\u00fan la posici\u00f3n\n        obj[campos[c]] = celda;\n      }\n    }\n  \n    \/\/A\u00f1adimos el nuevo objeto a la colecci\u00f3n de datos (si no es la primera fila)\n    if (f > 0) datos.push(obj);\n  }\n\n  \/\/ Ya no filtraremos por disponibilidad, mostraremos todos pero con diferentes estilos\n  const datosDisponibles = datos.filter(item => item.disponibilidad !== 'Quitar');\n\n  \/\/variables para el html\n  var extension = \"\",\n    ofertas = \"\",\n    modalidades = \"\",\n    cursosOptions = \"\",\n    facultades = \"\";\n\n  \/\/ciclo para rellenar las cards - mostrar todos los cursos pero con overlay para los no disponibles\n  for (var i = 0; i < datosDisponibles.length; i++) {\n    \n    var id_cur = datosDisponibles[i].id_cur,\n        curso = datosDisponibles[i].curso;\n        duracion = datosDisponibles[i].duracion;\n        portada = datosDisponibles[i].portada;\n        inicio = datosDisponibles[i].inicio\n\n        \/\/para los filtros\n        formacion = datosDisponibles[i].oferta;\n        facultad = datosDisponibles[i].facultad;\n        modalidad = datosDisponibles[i].modalidad;\n        tiempo = datosDisponibles[i].tiempo;\n        precio = datosDisponibles[i].precio;\n        url = datosDisponibles[i].url;\n        color = datosDisponibles[i].color;\n        oferta = datosDisponibles[i].oferta;\n        disponibilidad = datosDisponibles[i].disponibilidad;\n\n        \/\/ Verificar disponibilidad para agregar overlay\n        var overlayClass = \"\";\n        var overlayContent = \"\";\n        var estadoDisponibilidad = \"vigente\"; \/\/ Por defecto\n\n       \/\/ Verificar disponibilidad para agregar la cinta y el overlay oscuro en la imagen\nvar cintaProximamente = \"\";\nvar overlayImagen = \"\";\nvar estadoDisponibilidad = \"vigente\"; \/\/ Por defecto\n\nif (disponibilidad === 'no') {\n  cintaProximamente = '<div class=\"cinta-proximamente\">Pr\u00f3ximamente<\/div>';\n  overlayImagen = '<div class=\"overlay\"><\/div>';\n  estadoDisponibilidad = \"proximamente\";\n}\nextension += \"<div><a href='\" + url + \"'>\" +\n            \"<div class='card exte' data-oferta='\" + oferta + \n            \"' data-modalidad='\" + modalidad + \n            \"' data-curso='\" + curso + \n            \"' data-facultad='\" + facultad + \n            \"' data-disponibilidad='\" + estadoDisponibilidad + \"'>\" +\n            cintaProximamente + \/\/ Agregar la cinta en la parte superior\n            \"<div class='card-header' style='position: relative;'>\" + \/\/ Asegurar que el contenedor es relativo\n            \"<img src='\" + portada + \"' alt='\"+ curso +\"'\/>\" +\n            overlayImagen +  \/\/ Agregar el overlay oscuro en la imagen\n            \"<\/div>\" +\n            \"<div class='card-body'>\" +\n            (oferta ? \"<span class='tag tag-teal' style='background-color:\"+ color +\"'>\"+ oferta +\"<\/span>\" : \"\") +\n            (curso ? \"<h4 style='color:#e30613;'> \" + curso + \"<\/h4>\" : \"\") +\n            \"<p style='color: #000000'>\" + \n            (duracion ? \"Duraci\u00f3n: \" + duracion + \"<br \/>\" : \"\") + \n            (inicio ? \"Inicio: \" + inicio + \"<br \/>\" : \"\") + \n            (modalidad ? \"Modalidad: \" + modalidad + \"<br \/>\" : \"\") + \n            (facultad ? \"Facultad: \" + facultad : \"\") + \n            \"<\/p>\" +\n            \"<\/div>\" +\n            \"<div class='card-footer'>\" +\n            \"<a class='btn btn-block' style='background-color:#ff0000; margin-bottom:0; color:#ffffff' href='\" + url + \"'>\" + \n            (disponibilidad === 'no' ? \"Pr\u00f3ximamente\" : \"\u00a1Conoce m\u00e1s!\") + \"<\/a>\" +\n            \"<\/div>\" +\n            \"<\/div><\/a><\/div>\";\n  }\n\n  \/\/ Usar todos los datos para rellenar los filtros\n  for (var i = 0; i < datosDisponibles.length; i++) {\n    var oferta = datosDisponibles[i].oferta;\n    var modalidad = datosDisponibles[i].modalidad;\n    var curso = datosDisponibles[i].curso;\n    var facultad = datosDisponibles[i].facultad;\n    \n    \/\/oferta\n    if (ofertas.indexOf(\"<option value='\" + oferta + \"'>\" + oferta + \"<\/option>\") == -1) {\n        ofertas += \"<option value='\" + oferta + \"'>\" + oferta + \"<\/option>\";\n    }\n    \/\/modalidad\n    if (modalidades.indexOf(\"<option value='\" + modalidad + \"'>\" + modalidad + \"<\/option>\") == -1) {\n        modalidades += \"<option value='\" + modalidad + \"'>\" + modalidad + \"<\/option>\";\n    }\n    \/\/curso\n    if (cursosOptions.indexOf(\"<option value='\" + curso + \"'>\" + curso + \"<\/option>\") == -1) {\n        cursosOptions += \"<option value='\" + curso + \"'>\" + curso + \"<\/option>\";\n    }\n    \/\/facultad\n    if (facultades.indexOf(\"<option value='\" + facultad + \"'>\" + facultad + \"<\/option>\") == -1) {\n        facultades += \"<option value='\" + facultad + \"'>\" + facultad + \"<\/option>\";\n    }\n  }\n\n  \/\/ A\u00f1adir las opciones de disponibilidad din\u00e1micamente\n  $(\".filter-disponibilidad\").append(\"<option value='vigente' selected>Vigente<\/option>\");\n  $(\".filter-disponibilidad\").append(\"<option value='proximamente'>Pr\u00f3ximamente<\/option>\");\n\n  \/\/ A\u00f1adir las opciones a los elementos select\n  $(\".filter-oferta\").append(ofertas);\n  $(\".filter-modalidad\").append(modalidades);\n  $(\".filter-curso\").append(cursosOptions);\n  $(\".filter-facultad\").append(facultades);\n  \n  \/\/ Mostrar los cursos en el contenedor\n  $(\"#extension\").html(extension);\n  \n  \/\/ Activar el filtro \"Vigente\" por defecto al cargar la p\u00e1gina\n  \/\/ Esperar a que el DOM est\u00e9 listo para aplicar el filtro\n  setTimeout(function() {\n    filtersObject[\"disponibilidad\"] = \"vigente\";\n    actualizarFiltros();\n  }, 500);\n}\n\nvar filtersObject = {};\n\n\/\/ Funci\u00f3n para actualizar la visualizaci\u00f3n seg\u00fan los filtros actuales\nfunction actualizarFiltros() {\n    var filters = \"\";\n    \n    for (var key in filtersObject) {\n          if (filtersObject.hasOwnProperty(key)) {\n            filters += \"[data-\"+key+\"='\"+filtersObject[key]+\"']\";\n         }\n    }\n    \n    if (filters == \"\") {\n        $(\".exte\").show();\n    } else {\n        $(\".exte\").hide();\n        $(\".exte\").filter(filters).show();\n    }\n}\n\n\/\/on filter change\n$(\".filter\").on(\"change\",function() {\n    var filterName = $(this).data(\"filter\"),\n        filterVal = $(this).val();\n    \n    if (filterVal == \"\") {\n        delete filtersObject[filterName];\n    } else {\n        filtersObject[filterName] = filterVal;\n    }\n    \n    actualizarFiltros();\n});\n\n\/\/on search form submit\n$(\"#search-form\").submit(function(e) {\n    e.preventDefault();\n    var query = $(\"#search-form input\").val().toLowerCase();\n    \n    $(\".exte\").hide();\n    $(\".exte\").each(function() {\n        var oferta = $(this).data(\"oferta\").toLowerCase(),\n            modalidad = $(this).data(\"modalidad\").toLowerCase(),\n            curso = $(this).data(\"curso\").toLowerCase(),\n            facultad = $(this).data(\"facultad\").toLowerCase();\n            \n        if (oferta.indexOf(query) > -1 || modalidad.indexOf(query) > -1 || curso.indexOf(query) > -1 || facultad.indexOf(query) > -1) {\n            $(this).show();\n        }\n    });\n});\n\n\/\/ Al cargar la p\u00e1gina, asegurarse de que todo est\u00e9 inicializado correctamente\n$(document).ready(function() {\n    \/\/ Inicializar los filtros una vez que el documento est\u00e9 completamente cargado\n    if ($.isEmptyObject(filtersObject)) {\n        $(\".filter-disponibilidad\").val(\"vigente\").trigger(\"change\");\n    }\n});\n\n\n<\/script>\n\t\t<\/div>\n\t<\/div>\n\n\t\t<\/div> \n\t<\/div><\/div><\/div><\/div><div class=\"wpb-container \"><div class=\"container\"><div class=\"vc_row wpb_row vc_row-fluid row \"><div class=\"col-sm-12  vc_\">\n\t\t<div class=\"wpb_wrapper \">\n\t\t\t\n\t<div class=\"wpb_raw_code wpb_raw_html wpb_content_element\" >\n\t\t<div class=\"wpb_wrapper\">\n\t\t\t\n\t\t<\/div>\n\t<\/div>\n\n\t\t<\/div> \n\t<\/div><\/div><\/div><\/div>\n<\/div>","protected":false},"excerpt":{"rendered":"More Information! Offer Show All Modality Show All Course Show All Faculty Show All Availability Show All","protected":false},"author":13,"featured_media":53050,"parent":0,"menu_order":0,"comment_status":"closed","ping_status":"closed","template":"","meta":{"footnotes":""},"categories":[],"tags":[],"class_list":["post-54541","page","type-page","status-publish","has-post-thumbnail","hentry"],"yoast_head":"<!-- This site is optimized with the Yoast SEO plugin v27.4 - https:\/\/yoast.com\/product\/yoast-seo-wordpress\/ -->\n<title>Educaci\u00f3n Continua - Uninavarra<\/title>\n<meta name=\"robots\" content=\"index, follow, max-snippet:-1, max-image-preview:large, max-video-preview:-1\" \/>\n<link rel=\"canonical\" href=\"https:\/\/uninavarra.edu.co\/en\/educacion-continua\/\" \/>\n<meta property=\"og:locale\" content=\"en_US\" \/>\n<meta property=\"og:type\" content=\"article\" \/>\n<meta property=\"og:title\" content=\"Educaci\u00f3n Continua - Uninavarra\" \/>\n<meta property=\"og:url\" content=\"https:\/\/uninavarra.edu.co\/en\/educacion-continua\/\" \/>\n<meta property=\"og:site_name\" content=\"Uninavarra\" \/>\n<meta property=\"article:publisher\" content=\"https:\/\/www.facebook.com\/UninavarraEduca\" \/>\n<meta property=\"article:modified_time\" content=\"2025-12-01T15:55:15+00:00\" \/>\n<meta property=\"og:image\" content=\"https:\/\/uninavarra.edu.co\/wp-content\/uploads\/2022\/10\/banner-web-estudiante-1.png\" \/>\n\t<meta property=\"og:image:width\" content=\"1920\" \/>\n\t<meta property=\"og:image:height\" content=\"250\" \/>\n\t<meta property=\"og:image:type\" content=\"image\/png\" \/>\n<meta name=\"twitter:card\" content=\"summary_large_image\" \/>\n<meta name=\"twitter:site\" content=\"@uninavarraeduca\" \/>\n<meta name=\"twitter:label1\" content=\"Est. reading time\" \/>\n\t<meta name=\"twitter:data1\" content=\"1 minute\" \/>\n<script type=\"application\/ld+json\" class=\"yoast-schema-graph\">{\"@context\":\"https:\\\/\\\/schema.org\",\"@graph\":[{\"@type\":\"WebPage\",\"@id\":\"https:\\\/\\\/uninavarra.edu.co\\\/educacion-continua\\\/\",\"url\":\"https:\\\/\\\/uninavarra.edu.co\\\/educacion-continua\\\/\",\"name\":\"Educaci\u00f3n Continua - Uninavarra\",\"isPartOf\":{\"@id\":\"https:\\\/\\\/uninavarra.edu.co\\\/#website\"},\"primaryImageOfPage\":{\"@id\":\"https:\\\/\\\/uninavarra.edu.co\\\/educacion-continua\\\/#primaryimage\"},\"image\":{\"@id\":\"https:\\\/\\\/uninavarra.edu.co\\\/educacion-continua\\\/#primaryimage\"},\"thumbnailUrl\":\"https:\\\/\\\/uninavarra.edu.co\\\/wp-content\\\/uploads\\\/2022\\\/10\\\/banner-web-estudiante-1.png\",\"datePublished\":\"2022-12-07T13:14:55+00:00\",\"dateModified\":\"2025-12-01T15:55:15+00:00\",\"breadcrumb\":{\"@id\":\"https:\\\/\\\/uninavarra.edu.co\\\/educacion-continua\\\/#breadcrumb\"},\"inLanguage\":\"en-US\",\"potentialAction\":[{\"@type\":\"ReadAction\",\"target\":[\"https:\\\/\\\/uninavarra.edu.co\\\/educacion-continua\\\/\"]}]},{\"@type\":\"ImageObject\",\"inLanguage\":\"en-US\",\"@id\":\"https:\\\/\\\/uninavarra.edu.co\\\/educacion-continua\\\/#primaryimage\",\"url\":\"https:\\\/\\\/uninavarra.edu.co\\\/wp-content\\\/uploads\\\/2022\\\/10\\\/banner-web-estudiante-1.png\",\"contentUrl\":\"https:\\\/\\\/uninavarra.edu.co\\\/wp-content\\\/uploads\\\/2022\\\/10\\\/banner-web-estudiante-1.png\",\"width\":1920,\"height\":250},{\"@type\":\"BreadcrumbList\",\"@id\":\"https:\\\/\\\/uninavarra.edu.co\\\/educacion-continua\\\/#breadcrumb\",\"itemListElement\":[{\"@type\":\"ListItem\",\"position\":1,\"name\":\"Home\",\"item\":\"https:\\\/\\\/uninavarra.edu.co\\\/\"},{\"@type\":\"ListItem\",\"position\":2,\"name\":\"Educaci\u00f3n Continua\"}]},{\"@type\":\"WebSite\",\"@id\":\"https:\\\/\\\/uninavarra.edu.co\\\/#website\",\"url\":\"https:\\\/\\\/uninavarra.edu.co\\\/\",\"name\":\"UNINAVARRA\",\"description\":\"Haz realidad tu deseo de aprender\",\"publisher\":{\"@id\":\"https:\\\/\\\/uninavarra.edu.co\\\/#organization\"},\"potentialAction\":[{\"@type\":\"SearchAction\",\"target\":{\"@type\":\"EntryPoint\",\"urlTemplate\":\"https:\\\/\\\/uninavarra.edu.co\\\/?s={search_term_string}\"},\"query-input\":{\"@type\":\"PropertyValueSpecification\",\"valueRequired\":true,\"valueName\":\"search_term_string\"}}],\"inLanguage\":\"en-US\"},{\"@type\":\"Organization\",\"@id\":\"https:\\\/\\\/uninavarra.edu.co\\\/#organization\",\"name\":\"Fundaci\u00f3n Universitaria Navarra - UNINAVARRA\",\"url\":\"https:\\\/\\\/uninavarra.edu.co\\\/\",\"logo\":{\"@type\":\"ImageObject\",\"inLanguage\":\"en-US\",\"@id\":\"https:\\\/\\\/uninavarra.edu.co\\\/#\\\/schema\\\/logo\\\/image\\\/\",\"url\":\"https:\\\/\\\/uninavarra.edu.co\\\/wp-content\\\/uploads\\\/2024\\\/06\\\/Escudo-uninavarra-Solo.png\",\"contentUrl\":\"https:\\\/\\\/uninavarra.edu.co\\\/wp-content\\\/uploads\\\/2024\\\/06\\\/Escudo-uninavarra-Solo.png\",\"width\":1500,\"height\":1401,\"caption\":\"Fundaci\u00f3n Universitaria Navarra - UNINAVARRA\"},\"image\":{\"@id\":\"https:\\\/\\\/uninavarra.edu.co\\\/#\\\/schema\\\/logo\\\/image\\\/\"},\"sameAs\":[\"https:\\\/\\\/www.facebook.com\\\/UninavarraEduca\",\"https:\\\/\\\/x.com\\\/uninavarraeduca\",\"https:\\\/\\\/www.instagram.com\\\/uninavarra\\\/?hl=es\",\"https:\\\/\\\/www.linkedin.com\\\/in\\\/fundacin-universitaria-navarra-uninavarra-b41225222\\\/\"]}]}<\/script>\n<!-- \/ Yoast SEO plugin. -->","yoast_head_json":{"title":"Educaci\u00f3n Continua - Uninavarra","robots":{"index":"index","follow":"follow","max-snippet":"max-snippet:-1","max-image-preview":"max-image-preview:large","max-video-preview":"max-video-preview:-1"},"canonical":"https:\/\/uninavarra.edu.co\/en\/educacion-continua\/","og_locale":"en_US","og_type":"article","og_title":"Educaci\u00f3n Continua - Uninavarra","og_url":"https:\/\/uninavarra.edu.co\/en\/educacion-continua\/","og_site_name":"Uninavarra","article_publisher":"https:\/\/www.facebook.com\/UninavarraEduca","article_modified_time":"2025-12-01T15:55:15+00:00","og_image":[{"width":1920,"height":250,"url":"https:\/\/uninavarra.edu.co\/wp-content\/uploads\/2022\/10\/banner-web-estudiante-1.png","type":"image\/png"}],"twitter_card":"summary_large_image","twitter_site":"@uninavarraeduca","twitter_misc":{"Est. reading time":"1 minute"},"schema":{"@context":"https:\/\/schema.org","@graph":[{"@type":"WebPage","@id":"https:\/\/uninavarra.edu.co\/educacion-continua\/","url":"https:\/\/uninavarra.edu.co\/educacion-continua\/","name":"Educaci\u00f3n Continua - Uninavarra","isPartOf":{"@id":"https:\/\/uninavarra.edu.co\/#website"},"primaryImageOfPage":{"@id":"https:\/\/uninavarra.edu.co\/educacion-continua\/#primaryimage"},"image":{"@id":"https:\/\/uninavarra.edu.co\/educacion-continua\/#primaryimage"},"thumbnailUrl":"https:\/\/uninavarra.edu.co\/wp-content\/uploads\/2022\/10\/banner-web-estudiante-1.png","datePublished":"2022-12-07T13:14:55+00:00","dateModified":"2025-12-01T15:55:15+00:00","breadcrumb":{"@id":"https:\/\/uninavarra.edu.co\/educacion-continua\/#breadcrumb"},"inLanguage":"en-US","potentialAction":[{"@type":"ReadAction","target":["https:\/\/uninavarra.edu.co\/educacion-continua\/"]}]},{"@type":"ImageObject","inLanguage":"en-US","@id":"https:\/\/uninavarra.edu.co\/educacion-continua\/#primaryimage","url":"https:\/\/uninavarra.edu.co\/wp-content\/uploads\/2022\/10\/banner-web-estudiante-1.png","contentUrl":"https:\/\/uninavarra.edu.co\/wp-content\/uploads\/2022\/10\/banner-web-estudiante-1.png","width":1920,"height":250},{"@type":"BreadcrumbList","@id":"https:\/\/uninavarra.edu.co\/educacion-continua\/#breadcrumb","itemListElement":[{"@type":"ListItem","position":1,"name":"Home","item":"https:\/\/uninavarra.edu.co\/"},{"@type":"ListItem","position":2,"name":"Educaci\u00f3n Continua"}]},{"@type":"WebSite","@id":"https:\/\/uninavarra.edu.co\/#website","url":"https:\/\/uninavarra.edu.co\/","name":"UNINAVARRA","description":"Make your desire to learn a reality","publisher":{"@id":"https:\/\/uninavarra.edu.co\/#organization"},"potentialAction":[{"@type":"SearchAction","target":{"@type":"EntryPoint","urlTemplate":"https:\/\/uninavarra.edu.co\/?s={search_term_string}"},"query-input":{"@type":"PropertyValueSpecification","valueRequired":true,"valueName":"search_term_string"}}],"inLanguage":"en-US"},{"@type":"Organization","@id":"https:\/\/uninavarra.edu.co\/#organization","name":"Navarre University Foundation - UNINAVARRA","url":"https:\/\/uninavarra.edu.co\/","logo":{"@type":"ImageObject","inLanguage":"en-US","@id":"https:\/\/uninavarra.edu.co\/#\/schema\/logo\/image\/","url":"https:\/\/uninavarra.edu.co\/wp-content\/uploads\/2024\/06\/Escudo-uninavarra-Solo.png","contentUrl":"https:\/\/uninavarra.edu.co\/wp-content\/uploads\/2024\/06\/Escudo-uninavarra-Solo.png","width":1500,"height":1401,"caption":"Fundaci\u00f3n Universitaria Navarra - UNINAVARRA"},"image":{"@id":"https:\/\/uninavarra.edu.co\/#\/schema\/logo\/image\/"},"sameAs":["https:\/\/www.facebook.com\/UninavarraEduca","https:\/\/x.com\/uninavarraeduca","https:\/\/www.instagram.com\/uninavarra\/?hl=es","https:\/\/www.linkedin.com\/in\/fundacin-universitaria-navarra-uninavarra-b41225222\/"]}]}},"_links":{"self":[{"href":"https:\/\/uninavarra.edu.co\/en\/wp-json\/wp\/v2\/pages\/54541","targetHints":{"allow":["GET"]}}],"collection":[{"href":"https:\/\/uninavarra.edu.co\/en\/wp-json\/wp\/v2\/pages"}],"about":[{"href":"https:\/\/uninavarra.edu.co\/en\/wp-json\/wp\/v2\/types\/page"}],"author":[{"embeddable":true,"href":"https:\/\/uninavarra.edu.co\/en\/wp-json\/wp\/v2\/users\/13"}],"replies":[{"embeddable":true,"href":"https:\/\/uninavarra.edu.co\/en\/wp-json\/wp\/v2\/comments?post=54541"}],"version-history":[{"count":0,"href":"https:\/\/uninavarra.edu.co\/en\/wp-json\/wp\/v2\/pages\/54541\/revisions"}],"wp:featuredmedia":[{"embeddable":true,"href":"https:\/\/uninavarra.edu.co\/en\/wp-json\/wp\/v2\/media\/53050"}],"wp:attachment":[{"href":"https:\/\/uninavarra.edu.co\/en\/wp-json\/wp\/v2\/media?parent=54541"}],"wp:term":[{"taxonomy":"category","embeddable":true,"href":"https:\/\/uninavarra.edu.co\/en\/wp-json\/wp\/v2\/categories?post=54541"},{"taxonomy":"post_tag","embeddable":true,"href":"https:\/\/uninavarra.edu.co\/en\/wp-json\/wp\/v2\/tags?post=54541"}],"curies":[{"name":"wp","href":"https:\/\/api.w.org\/{rel}","templated":true}]}}