{"id":52755,"date":"2022-10-14T10:33:16","date_gmt":"2022-10-14T15:33:16","guid":{"rendered":"https:\/\/uninavarra.edu.co\/?page_id=52755"},"modified":"2023-06-01T16:27:11","modified_gmt":"2023-06-01T21:27:11","slug":"red-aves-huila","status":"publish","type":"page","link":"https:\/\/uninavarra.edu.co\/en\/red-aves-huila\/","title":{"rendered":"Huila Bird Network"},"content":{"rendered":"<div class=\"wpb-content-wrapper\"><section id=\"contenido_cina\" class=\"vc_section\"><div id=\"quienes_somos\" data-vc-full-width=\"true\" data-vc-full-width-init=\"false\" data-vc-stretch-content=\"true\" class=\"wpb-container\"><div class=\"container\"><div class=\"vc_row wpb_row vc_row-fluid row\"><div class=\"col-sm-12  vc_\">\n\t\t<div class=\"wpb_wrapper\">\n\t\t\t\n\t<div class=\"wpb_text_column wpb_content_element\" >\n\t\t<div class=\"wpb_wrapper\">\n\t\t\t<h2 style=\"text-align: center;\"><strong>Who are we?<\/strong><\/h2>\n<p><img fetchpriority=\"high\" decoding=\"async\" class=\"aligncenter wp-image-52871\" src=\"https:\/\/uninavarra.edu.co\/wp-content\/uploads\/2022\/10\/fasdfasdas-300x232.jpg\" alt=\"\" width=\"870\" height=\"672\" srcset=\"https:\/\/uninavarra.edu.co\/wp-content\/uploads\/2022\/10\/fasdfasdas-300x232.jpg 300w, https:\/\/uninavarra.edu.co\/wp-content\/uploads\/2022\/10\/fasdfasdas-150x116.jpg 150w, https:\/\/uninavarra.edu.co\/wp-content\/uploads\/2022\/10\/fasdfasdas-768x594.jpg 768w, https:\/\/uninavarra.edu.co\/wp-content\/uploads\/2022\/10\/fasdfasdas-1024x791.jpg 1024w, https:\/\/uninavarra.edu.co\/wp-content\/uploads\/2022\/10\/fasdfasdas.jpg 1303w\" sizes=\"(max-width: 870px) 100vw, 870px\" \/><\/p>\n<p><img decoding=\"async\" class=\"aligncenter wp-image-62296 size-full\" src=\"https:\/\/uninavarra.edu.co\/wp-content\/uploads\/2023\/06\/Logos-proyecto-1-.jpg\" alt=\"Patrocinadores red aves huila\" width=\"759\" height=\"108\" srcset=\"https:\/\/uninavarra.edu.co\/wp-content\/uploads\/2023\/06\/Logos-proyecto-1-.jpg 759w, https:\/\/uninavarra.edu.co\/wp-content\/uploads\/2023\/06\/Logos-proyecto-1--300x43.jpg 300w, https:\/\/uninavarra.edu.co\/wp-content\/uploads\/2023\/06\/Logos-proyecto-1--150x21.jpg 150w\" sizes=\"(max-width: 759px) 100vw, 759px\" \/><\/p>\n<p><span style=\"font-size: 11.0pt; font-family: 'Arial Narrow',sans-serif;\">The <b>HUILA CHILD BIRDERS' NETWORK<\/b> was born from the project \"Implementation of strategies to promote the culture of social appropriation of knowledge for the protection and conservation of birds in the department of Huila\", which is an initiative led by the <b>University Foundation of Navarra - UNINAVARRA<\/b> in alliance with the <b>Government of Huila<\/b>the <b>Regional Autonomous Corporation of Alto Magdalena - CAM<\/b> and the <b>Ornithological Association of Huila - ASORHUI<\/b>to strengthen the processes of social appropriation of knowledge in the framework of the <b>Science, Technology and Innovation - CteI<\/b> in children and adolescents in the department of Huila. <\/span><\/p>\n<p><span style=\"font-size: 11.0pt; font-family: 'Arial Narrow',sans-serif;\">This proposal arises in response to the need evidenced in the department as a territorial demand to promote a culture and social appropriation of knowledge for the protection and knowledge of birds in the department of Huila, a situation evidenced through the analysis of indicators of coverage and access to such processes in different municipalities and educational education in the territory. <\/span><\/p>\n<p><span style=\"font-size: 11.0pt; font-family: 'Arial Narrow',sans-serif;\">The problem from which the solution alternatives are addressed, focuses on the analysis of the deficient strategies in children and adolescents for the protection and conservation of birds in the department of Huila; and the main causes of this situation, firstly the disarticulation of the actors of the system for the promotion of social appropriation of knowledge about the avifauna of the department; and secondly the inefficient processes of dissemination and public communication of knowledge of the avifauna in the department; and secondly the inefficient processes of dissemination and public communication of knowledge of the avifauna in the department of Huila. <b>Department of Huila<\/b>. <\/span><\/p>\n<p><span style=\"font-size: 11.0pt; font-family: 'Arial Narrow',sans-serif;\">Based on these elements, within the framework of the fundamental concepts of the Social Appropriation of Science, Technology and Innovation - ASCTI and the capacities of the allied entities, the intervention strategies are proposed as follows: first, the creation of the departmental network of child bird watchers of Huila for the protection and conservation of avifauna. This strategy seeks the articulation of actors around the theme defined as strategic by the department and consists of the generation of a series of tools, methodologies and research processes focused on children and adolescents, as the main generators and replicators of knowledge in their educational institutions and communities. <\/span><\/p>\n<p><span style=\"font-size: 11.0pt; font-family: 'Arial Narrow',sans-serif;\">Secondly, to implement a strategy for the dissemination and public communication of knowledge of the avifauna in the area. <b>Department of Huila<\/b>. Strategy that seeks the effective and transversal dissemination of the knowledge generated, to support pedagogical and empowerment processes of the communities around the respect, protection and conservation of the natural resources that the territory has and that many times is unknown by the different population groups. <\/span><\/p>\n<p><span style=\"font-size: 11.0pt; font-family: 'Arial Narrow',sans-serif;\">For the implementation of these strategies, the participation of different actors is proposed in order to guarantee the adaptability and adoption of collaborative work practices and methodologies that guarantee the sustainability of the project's results. These actors and stakeholders are: boys and girls between 10 and 13 years of age, parents, educational institutions, foundations and community-based associations. <\/span><\/p>\n<p><span style=\"font-size: 11.0pt; font-family: 'Arial Narrow',sans-serif;\">The creation of this departmental network and the implementation of the activities and products proposed in this project, with the support, participation and commitment of both the institutions and the other actors in the system, will make it possible to demonstrate, after 18 months of implementation, a positive change in the indicators promoting the culture of social appropriation of knowledge in a total of 1,010 beneficiaries distributed in 12 municipalities of the department (see table 1).<b>Aipe, Colombia, Garz\u00f3n, Gigante, Isnos, La Plata, Paicol, Palestina, Santa Mar\u00eda, Teruel, Villavieja and Yaguar\u00e1.<\/b>). <\/span><\/p>\n<p><span style=\"font-size: 11.0pt; font-family: 'Arial Narrow',sans-serif;\">Once the project is completed, the sustainability of the processes developed there will be guaranteed through CAM, an entity that has the experience, capacity and administrative and technical conditions to provide continuity in the medium and long term to the initiatives that will be derived from the social appropriation of knowledge generated in the impacted populations.<\/span><\/p>\n<p><a href=\"https:\/\/uninavarra.edu.co\/wp-content\/uploads\/2022\/10\/fasfasdfasdf-1024x764.jpg\"><img decoding=\"async\" class=\"aligncenter wp-image-52873\" src=\"https:\/\/uninavarra.edu.co\/wp-content\/uploads\/2022\/10\/fasfasdfasdf-300x224.jpg\" alt=\"\" width=\"870\" height=\"650\" srcset=\"https:\/\/uninavarra.edu.co\/wp-content\/uploads\/2022\/10\/fasfasdfasdf-300x224.jpg 300w, https:\/\/uninavarra.edu.co\/wp-content\/uploads\/2022\/10\/fasfasdfasdf-150x112.jpg 150w, https:\/\/uninavarra.edu.co\/wp-content\/uploads\/2022\/10\/fasfasdfasdf-768x573.jpg 768w, https:\/\/uninavarra.edu.co\/wp-content\/uploads\/2022\/10\/fasfasdfasdf-1024x764.jpg 1024w, https:\/\/uninavarra.edu.co\/wp-content\/uploads\/2022\/10\/fasfasdfasdf.jpg 1310w\" sizes=\"(max-width: 870px) 100vw, 870px\" \/><\/a><\/p>\n\n\t\t<\/div>\n\t<\/div>\n\n\t\t<\/div> \n\t<\/div><\/div><\/div><\/div><div class=\"vc_row-full-width\"><\/div><div data-vc-full-width=\"true\" data-vc-full-width-init=\"false\" data-vc-stretch-content=\"true\" class=\"wpb-container vc_custom_1666097002392\"><div class=\"container\"><div class=\"vc_row wpb_row vc_row-fluid row\"><div class=\"col-sm-12  vc_\">\n\t\t<div class=\"wpb_wrapper\">\n\t\t\t\n\t<div class=\"wpb_text_column wpb_content_element\" >\n\t\t<div class=\"wpb_wrapper\">\n\t\t\t<h2 class=\"section-title\" style=\"text-align: center;\">Teamwork<\/h2>\n\n\t\t<\/div>\n\t<\/div>\n\n\t\t<\/div> \n\t<\/div><\/div><\/div><\/div><div class=\"vc_row-full-width\"><\/div><div id=\"slider-ciina\" data-vc-full-width=\"true\" data-vc-full-width-init=\"false\" data-vc-stretch-content=\"true\" class=\"wpb-container vc_custom_1666097002392\"><div class=\"container\"><div class=\"vc_row wpb_row vc_row-fluid row\"><div class=\"col-sm-12  vc_\">\n\t\t<div class=\"wpb_wrapper\">\n\t\t\t\n\t<div class=\"wpb_text_column wpb_content_element\" >\n\t\t<div class=\"wpb_wrapper\">\n\t\t\t<div class=\"slider--teams equipos equipos_equipo-red-aves-huila\"><div class=\"slider--teams__team equipos_3_columns equipos_wrap equipos_plugin_f\"><ul id=\"list\" class=\"cf equipos_container\"><li><figure class=\"\"><div class=\"equipos_member\" style=\"border-top:#dd3333 solid 5px;\"><div class=\"equipos_photo equipos_pic_equipo-red-aves-huila_0\" style=\"background: url(https:\/\/uninavarra.edu.co\/wp-content\/uploads\/2023\/06\/Foto-1-e1685654934816.jpeg); margin-left: auto; margin-right:auto; background-size:cover !important;\"><\/div><div class=\"equipos_textblock\"><div class=\"equipos_names\"><span class=\"equipos_fname\">Mijael <\/span> <span class=\"equipos_lname\">Brand Prada<\/span><\/div><div class=\"equipos_job\"><h4 style=\"color:#e30613\">Ornithological Leader<\/h4><\/div><div class=\"equipos_scblock\"><\/div><\/div><\/div><\/figure><\/li><li><figure class=\"\"><div class=\"equipos_member\" style=\"border-top:#dd3333 solid 5px;\"><div class=\"equipos_photo equipos_pic_equipo-red-aves-huila_1\" style=\"background: url(https:\/\/uninavarra.edu.co\/wp-content\/uploads\/2023\/06\/Foto-2-e1685654959273.jpeg); margin-left: auto; margin-right:auto; background-size:cover !important;\"><\/div><div class=\"equipos_textblock\"><div class=\"equipos_names\"><span class=\"equipos_fname\">Erik Camilo <\/span> <span class=\"equipos_lname\">Gaitan<\/span><\/div><div class=\"equipos_job\"><h4 style=\"color:#e30613\">Pedagogical leader<\/h4><\/div><div class=\"equipos_scblock\"><\/div><\/div><\/div><\/figure><\/li><div style=\"clear:both;\"><\/div><\/ul><\/div><\/div>\n\n\t\t<\/div>\n\t<\/div>\n\n\t\t<\/div> \n\t<\/div><\/div><\/div><\/div><div class=\"vc_row-full-width\"><\/div><\/section>\n<\/div>","protected":false},"excerpt":{"rendered":"","protected":false},"author":13,"featured_media":53733,"parent":0,"menu_order":0,"comment_status":"closed","ping_status":"closed","template":"","meta":{"footnotes":""},"categories":[],"tags":[],"class_list":["post-52755","page","type-page","status-publish","has-post-thumbnail","hentry"],"yoast_head":"<!-- This site is optimized with the Yoast SEO plugin v27.2 - https:\/\/yoast.com\/product\/yoast-seo-wordpress\/ -->\n<title>Red Aves Huila - Uninavarra<\/title>\n<meta name=\"robots\" content=\"index, follow, max-snippet:-1, max-image-preview:large, max-video-preview:-1\" \/>\n<link rel=\"canonical\" href=\"https:\/\/uninavarra.edu.co\/en\/red-aves-huila\/\" \/>\n<meta property=\"og:locale\" content=\"en_US\" \/>\n<meta property=\"og:type\" content=\"article\" \/>\n<meta property=\"og:title\" content=\"Red Aves Huila - Uninavarra\" \/>\n<meta property=\"og:url\" content=\"https:\/\/uninavarra.edu.co\/en\/red-aves-huila\/\" \/>\n<meta property=\"og:site_name\" content=\"Uninavarra\" \/>\n<meta property=\"article:publisher\" content=\"https:\/\/www.facebook.com\/UninavarraEduca\" \/>\n<meta property=\"article:modified_time\" content=\"2023-06-01T21:27:11+00:00\" \/>\n<meta property=\"og:image\" content=\"https:\/\/uninavarra.edu.co\/wp-content\/uploads\/2022\/11\/unnamed-scaled.jpg\" \/>\n\t<meta property=\"og:image:width\" content=\"7793\" \/>\n\t<meta property=\"og:image:height\" content=\"647\" \/>\n\t<meta property=\"og:image:type\" content=\"image\/jpeg\" \/>\n<meta name=\"twitter:card\" content=\"summary_large_image\" \/>\n<meta name=\"twitter:site\" content=\"@uninavarraeduca\" \/>\n<meta name=\"twitter:label1\" content=\"Est. reading time\" \/>\n\t<meta name=\"twitter:data1\" content=\"4 minutes\" \/>\n<script type=\"application\/ld+json\" class=\"yoast-schema-graph\">{\"@context\":\"https:\/\/schema.org\",\"@graph\":[{\"@type\":\"WebPage\",\"@id\":\"https:\/\/uninavarra.edu.co\/en\/red-aves-huila\/\",\"url\":\"https:\/\/uninavarra.edu.co\/en\/red-aves-huila\/\",\"name\":\"Red Aves Huila - Uninavarra\",\"isPartOf\":{\"@id\":\"https:\/\/uninavarra.edu.co\/#website\"},\"primaryImageOfPage\":{\"@id\":\"https:\/\/uninavarra.edu.co\/en\/red-aves-huila\/#primaryimage\"},\"image\":{\"@id\":\"https:\/\/uninavarra.edu.co\/en\/red-aves-huila\/#primaryimage\"},\"thumbnailUrl\":\"https:\/\/uninavarra.edu.co\/wp-content\/uploads\/2022\/11\/unnamed-scaled.jpg\",\"datePublished\":\"2022-10-14T15:33:16+00:00\",\"dateModified\":\"2023-06-01T21:27:11+00:00\",\"breadcrumb\":{\"@id\":\"https:\/\/uninavarra.edu.co\/en\/red-aves-huila\/#breadcrumb\"},\"inLanguage\":\"en-US\",\"potentialAction\":[{\"@type\":\"ReadAction\",\"target\":[\"https:\/\/uninavarra.edu.co\/en\/red-aves-huila\/\"]}]},{\"@type\":\"ImageObject\",\"inLanguage\":\"en-US\",\"@id\":\"https:\/\/uninavarra.edu.co\/en\/red-aves-huila\/#primaryimage\",\"url\":\"https:\/\/uninavarra.edu.co\/wp-content\/uploads\/2022\/11\/unnamed-scaled.jpg\",\"contentUrl\":\"https:\/\/uninavarra.edu.co\/wp-content\/uploads\/2022\/11\/unnamed-scaled.jpg\",\"width\":7793,\"height\":647,\"caption\":\"noticia-observadores-de aves\"},{\"@type\":\"BreadcrumbList\",\"@id\":\"https:\/\/uninavarra.edu.co\/en\/red-aves-huila\/#breadcrumb\",\"itemListElement\":[{\"@type\":\"ListItem\",\"position\":1,\"name\":\"Home\",\"item\":\"https:\/\/uninavarra.edu.co\/\"},{\"@type\":\"ListItem\",\"position\":2,\"name\":\"Red Aves Huila\"}]},{\"@type\":\"WebSite\",\"@id\":\"https:\/\/uninavarra.edu.co\/#website\",\"url\":\"https:\/\/uninavarra.edu.co\/\",\"name\":\"UNINAVARRA\",\"description\":\"Haz realidad tu deseo de aprender\",\"publisher\":{\"@id\":\"https:\/\/uninavarra.edu.co\/#organization\"},\"potentialAction\":[{\"@type\":\"SearchAction\",\"target\":{\"@type\":\"EntryPoint\",\"urlTemplate\":\"https:\/\/uninavarra.edu.co\/?s={search_term_string}\"},\"query-input\":{\"@type\":\"PropertyValueSpecification\",\"valueRequired\":true,\"valueName\":\"search_term_string\"}}],\"inLanguage\":\"en-US\"},{\"@type\":\"Organization\",\"@id\":\"https:\/\/uninavarra.edu.co\/#organization\",\"name\":\"Fundaci\u00f3n Universitaria Navarra - UNINAVARRA\",\"url\":\"https:\/\/uninavarra.edu.co\/\",\"logo\":{\"@type\":\"ImageObject\",\"inLanguage\":\"en-US\",\"@id\":\"https:\/\/uninavarra.edu.co\/#\/schema\/logo\/image\/\",\"url\":\"https:\/\/uninavarra.edu.co\/wp-content\/uploads\/2024\/06\/Escudo-uninavarra-Solo.png\",\"contentUrl\":\"https:\/\/uninavarra.edu.co\/wp-content\/uploads\/2024\/06\/Escudo-uninavarra-Solo.png\",\"width\":1500,\"height\":1401,\"caption\":\"Fundaci\u00f3n Universitaria Navarra - UNINAVARRA\"},\"image\":{\"@id\":\"https:\/\/uninavarra.edu.co\/#\/schema\/logo\/image\/\"},\"sameAs\":[\"https:\/\/www.facebook.com\/UninavarraEduca\",\"https:\/\/x.com\/uninavarraeduca\",\"https:\/\/www.instagram.com\/uninavarra\/?hl=es\",\"https:\/\/www.linkedin.com\/in\/fundacin-universitaria-navarra-uninavarra-b41225222\/\"]}]}<\/script>\n<!-- \/ Yoast SEO plugin. -->","yoast_head_json":{"title":"Red Aves Huila - Uninavarra","robots":{"index":"index","follow":"follow","max-snippet":"max-snippet:-1","max-image-preview":"max-image-preview:large","max-video-preview":"max-video-preview:-1"},"canonical":"https:\/\/uninavarra.edu.co\/en\/red-aves-huila\/","og_locale":"en_US","og_type":"article","og_title":"Red Aves Huila - Uninavarra","og_url":"https:\/\/uninavarra.edu.co\/en\/red-aves-huila\/","og_site_name":"Uninavarra","article_publisher":"https:\/\/www.facebook.com\/UninavarraEduca","article_modified_time":"2023-06-01T21:27:11+00:00","og_image":[{"width":7793,"height":647,"url":"https:\/\/uninavarra.edu.co\/wp-content\/uploads\/2022\/11\/unnamed-scaled.jpg","type":"image\/jpeg"}],"twitter_card":"summary_large_image","twitter_site":"@uninavarraeduca","twitter_misc":{"Est. reading time":"4 minutes"},"schema":{"@context":"https:\/\/schema.org","@graph":[{"@type":"WebPage","@id":"https:\/\/uninavarra.edu.co\/en\/red-aves-huila\/","url":"https:\/\/uninavarra.edu.co\/en\/red-aves-huila\/","name":"Red Aves Huila - Uninavarra","isPartOf":{"@id":"https:\/\/uninavarra.edu.co\/#website"},"primaryImageOfPage":{"@id":"https:\/\/uninavarra.edu.co\/en\/red-aves-huila\/#primaryimage"},"image":{"@id":"https:\/\/uninavarra.edu.co\/en\/red-aves-huila\/#primaryimage"},"thumbnailUrl":"https:\/\/uninavarra.edu.co\/wp-content\/uploads\/2022\/11\/unnamed-scaled.jpg","datePublished":"2022-10-14T15:33:16+00:00","dateModified":"2023-06-01T21:27:11+00:00","breadcrumb":{"@id":"https:\/\/uninavarra.edu.co\/en\/red-aves-huila\/#breadcrumb"},"inLanguage":"en-US","potentialAction":[{"@type":"ReadAction","target":["https:\/\/uninavarra.edu.co\/en\/red-aves-huila\/"]}]},{"@type":"ImageObject","inLanguage":"en-US","@id":"https:\/\/uninavarra.edu.co\/en\/red-aves-huila\/#primaryimage","url":"https:\/\/uninavarra.edu.co\/wp-content\/uploads\/2022\/11\/unnamed-scaled.jpg","contentUrl":"https:\/\/uninavarra.edu.co\/wp-content\/uploads\/2022\/11\/unnamed-scaled.jpg","width":7793,"height":647,"caption":"noticia-observadores-de aves"},{"@type":"BreadcrumbList","@id":"https:\/\/uninavarra.edu.co\/en\/red-aves-huila\/#breadcrumb","itemListElement":[{"@type":"ListItem","position":1,"name":"Home","item":"https:\/\/uninavarra.edu.co\/"},{"@type":"ListItem","position":2,"name":"Red Aves Huila"}]},{"@type":"WebSite","@id":"https:\/\/uninavarra.edu.co\/#website","url":"https:\/\/uninavarra.edu.co\/","name":"UNINAVARRA","description":"Make your desire to learn a reality","publisher":{"@id":"https:\/\/uninavarra.edu.co\/#organization"},"potentialAction":[{"@type":"SearchAction","target":{"@type":"EntryPoint","urlTemplate":"https:\/\/uninavarra.edu.co\/?s={search_term_string}"},"query-input":{"@type":"PropertyValueSpecification","valueRequired":true,"valueName":"search_term_string"}}],"inLanguage":"en-US"},{"@type":"Organization","@id":"https:\/\/uninavarra.edu.co\/#organization","name":"Navarre University Foundation - UNINAVARRA","url":"https:\/\/uninavarra.edu.co\/","logo":{"@type":"ImageObject","inLanguage":"en-US","@id":"https:\/\/uninavarra.edu.co\/#\/schema\/logo\/image\/","url":"https:\/\/uninavarra.edu.co\/wp-content\/uploads\/2024\/06\/Escudo-uninavarra-Solo.png","contentUrl":"https:\/\/uninavarra.edu.co\/wp-content\/uploads\/2024\/06\/Escudo-uninavarra-Solo.png","width":1500,"height":1401,"caption":"Fundaci\u00f3n Universitaria Navarra - UNINAVARRA"},"image":{"@id":"https:\/\/uninavarra.edu.co\/#\/schema\/logo\/image\/"},"sameAs":["https:\/\/www.facebook.com\/UninavarraEduca","https:\/\/x.com\/uninavarraeduca","https:\/\/www.instagram.com\/uninavarra\/?hl=es","https:\/\/www.linkedin.com\/in\/fundacin-universitaria-navarra-uninavarra-b41225222\/"]}]}},"_links":{"self":[{"href":"https:\/\/uninavarra.edu.co\/en\/wp-json\/wp\/v2\/pages\/52755","targetHints":{"allow":["GET"]}}],"collection":[{"href":"https:\/\/uninavarra.edu.co\/en\/wp-json\/wp\/v2\/pages"}],"about":[{"href":"https:\/\/uninavarra.edu.co\/en\/wp-json\/wp\/v2\/types\/page"}],"author":[{"embeddable":true,"href":"https:\/\/uninavarra.edu.co\/en\/wp-json\/wp\/v2\/users\/13"}],"replies":[{"embeddable":true,"href":"https:\/\/uninavarra.edu.co\/en\/wp-json\/wp\/v2\/comments?post=52755"}],"version-history":[{"count":0,"href":"https:\/\/uninavarra.edu.co\/en\/wp-json\/wp\/v2\/pages\/52755\/revisions"}],"wp:featuredmedia":[{"embeddable":true,"href":"https:\/\/uninavarra.edu.co\/en\/wp-json\/wp\/v2\/media\/53733"}],"wp:attachment":[{"href":"https:\/\/uninavarra.edu.co\/en\/wp-json\/wp\/v2\/media?parent=52755"}],"wp:term":[{"taxonomy":"category","embeddable":true,"href":"https:\/\/uninavarra.edu.co\/en\/wp-json\/wp\/v2\/categories?post=52755"},{"taxonomy":"post_tag","embeddable":true,"href":"https:\/\/uninavarra.edu.co\/en\/wp-json\/wp\/v2\/tags?post=52755"}],"curies":[{"name":"wp","href":"https:\/\/api.w.org\/{rel}","templated":true}]}}