{"id":51232,"date":"2022-09-10T10:35:06","date_gmt":"2022-09-10T15:35:06","guid":{"rendered":"https:\/\/uninavarra.edu.co\/?page_id=51232"},"modified":"2022-09-10T11:46:25","modified_gmt":"2022-09-10T16:46:25","slug":"objetivos-especificos","status":"publish","type":"page","link":"https:\/\/uninavarra.edu.co\/en\/observatorios-uninavarra\/observatorio-uninavarra-de-salud-publica-del-huila\/objetivos-especificos\/","title":{"rendered":"Observatory - UNINAVARRA - of Public Health of Huila (Objectives)"},"content":{"rendered":"<div class=\"wpb-content-wrapper\"><div class=\"wpb-container\"><div class=\"container\"><div class=\"vc_row wpb_row vc_row-fluid row\"><div class=\"col-sm-3  vc_\">\n\t\t<div class=\"wpb_wrapper\">\n\t\t\t<div class=\"vc_btn3-container vc_btn3-center vc_do_btn\" ><a class=\"vc_general vc_btn3 vc_btn3-size-lg vc_btn3-shape-rounded vc_btn3-style-modern vc_btn3-block vc_btn3-color-navarra\" href=\"https:\/\/uninavarra.edu.co\/observatorios-uninavarra\/observatorio-uninavarra-de-salud-publica-del-huila\/\" title=\"\">Mission<\/a><\/div>\n\t\t<\/div> \n\t<\/div><div class=\"col-sm-3  vc_\">\n\t\t<div class=\"wpb_wrapper\">\n\t\t\t<div class=\"vc_btn3-container vc_btn3-center vc_do_btn\" ><a class=\"vc_general vc_btn3 vc_btn3-size-lg vc_btn3-shape-rounded vc_btn3-style-modern vc_btn3-block vc_btn3-color-navarra\" href=\"https:\/\/uninavarra.edu.co\/observatorios-uninavarra\/observatorio-uninavarra-de-salud-publica-del-huila\/vision\/\" title=\"\">Vision<\/a><\/div>\n\t\t<\/div> \n\t<\/div><div class=\"col-sm-3  vc_\">\n\t\t<div class=\"wpb_wrapper\">\n\t\t\t<div class=\"vc_btn3-container vc_btn3-center vc_do_btn\" ><a class=\"vc_general vc_btn3 vc_btn3-size-lg vc_btn3-shape-rounded vc_btn3-style-modern vc_btn3-block vc_btn3-color-navarra\" href=\"#\" title=\"\">Objectives<\/a><\/div>\n\t\t<\/div> \n\t<\/div><div class=\"col-sm-3  vc_\">\n\t\t<div class=\"wpb_wrapper\">\n\t\t\t<div class=\"vc_btn3-container vc_btn3-center vc_do_btn\" ><a class=\"vc_general vc_btn3 vc_btn3-size-lg vc_btn3-shape-rounded vc_btn3-style-modern vc_btn3-block vc_btn3-color-navarra\" href=\"https:\/\/uninavarra.edu.co\/observatorios-uninavarra\/observatorio-uninavarra-de-salud-publica-del-huila\/ejes-estrategicos\/\" title=\"\">Strategic axes<\/a><\/div>\n\t\t<\/div> \n\t<\/div><\/div><\/div><\/div><div class=\"wpb-container\"><div class=\"container\"><div class=\"vc_row wpb_row vc_row-fluid row\"><div class=\"col-sm-2  vc_\">\n\t\t<div class=\"wpb_wrapper\">\n\t\t\t\n\t\t<\/div> \n\t<\/div><div class=\"col-sm-8  vc_\">\n\t\t<div class=\"wpb_wrapper\">\n\t\t\t<h2 style=\"text-align: center\" class=\"vc_custom_heading vc_do_custom_heading\" >GENERAL OBJECTIVE<\/h2><div class=\"vc_empty_space\"   style=\"height: 32px\"><span class=\"vc_empty_space_inner\"><\/span><\/div>\n\t<div class=\"wpb_text_column wpb_content_element\" >\n\t\t<div class=\"wpb_wrapper\">\n\t\t\t<p style=\"text-align: justify;\">Manage information and create knowledge, through observation and analysis, about the progress and fulfillment of the Sustainable Development Goals -ODS-, in the line of Health and Welfare, using the academic-administrative structure of UNINAVARRA in order to contribute projects that serve as a reference in public or private decision making, aimed at achieving a better Public Health in the department of Huila and the Municipality of Neiva.<\/p>\n\n\t\t<\/div>\n\t<\/div>\n<h2 style=\"text-align: center\" class=\"vc_custom_heading vc_do_custom_heading\" >SPECIFIC OBJECTIVES<\/h2><div class=\"vc_empty_space\"   style=\"height: 32px\"><span class=\"vc_empty_space_inner\"><\/span><\/div>\n\t<div class=\"wpb_text_column wpb_content_element\" >\n\t\t<div class=\"wpb_wrapper\">\n\t\t\t<p style=\"text-align: justify;\">a) Analyze the progress of the Department of Huila and the Municipality of Neiva, in relation to the fulfillment of the 2030 agenda of the Sustainable Development Goals in the line of Health and Well-being, especially in the area of Public Health.<br \/>\nb) Build and implement a system of indicators to monitor the evolution of the department of Huila and the Municipality of Neiva, in relation to the development of the 2030 agenda and the achievement of the Sustainable Development Goals, in the line of Health and Well-being, especially in Public Health.<br \/>\nc) Promote the development of research projects by the Research Groups recognized by the Institution and the seedlings attached to the programs, whose core problem corresponds to the Sustainable Development Goals -ODS, facilitating the observatory, the management of knowledge generated, in order to achieve the referencing and impact on decision-making in the public and private sector in the line of Health and Welfare, especially in Public Health, in the department of Huila and the Municipality of Neiva.<br \/>\nd) Manage the existing knowledge related to the Sustainable Development Goals - SDGs, in the line of Health and Well-being, especially in Public Health, of the department of Huila and the Municipality of Neiva, through a system of indicators, bulletins, scientific events, publications, continuing education services, projects, consultancies and advisory services.<br \/>\ne) Evaluate, propose proposals and support the Senior Management in the fulfillment of the goals established in the Quality Management Systems, the Quality Assurance System, the CIINA and the Institutional Development Plan of UNINAVARRA.<\/p>\n\n\t\t<\/div>\n\t<\/div>\n\n\t\t<\/div> \n\t<\/div><div class=\"col-sm-2  vc_\">\n\t\t<div class=\"wpb_wrapper\">\n\t\t\t\n\t\t<\/div> \n\t<\/div><\/div><\/div><\/div>\n<\/div>","protected":false},"excerpt":{"rendered":"Misi\u00f3n Visi\u00f3n Objetivos Ejes estrat\u00e9gicos OBJETIVO GENERAL Gestionar informaci\u00f3n y crear conocimiento, mediante la observaci\u00f3n y an\u00e1lisis, acerca de los avances y cumplimiento de los Objetivos de Desarrollo Sostenible -ODS-, [...]","protected":false},"author":13,"featured_media":41435,"parent":51229,"menu_order":0,"comment_status":"closed","ping_status":"closed","template":"","meta":{"footnotes":""},"categories":[],"tags":[],"class_list":["post-51232","page","type-page","status-publish","has-post-thumbnail","hentry"],"yoast_head":"<!-- This site is optimized with the Yoast SEO plugin v27.2 - https:\/\/yoast.com\/product\/yoast-seo-wordpress\/ -->\n<title>Observatorio \u2013 UNINAVARRA \u2013 de Salud P\u00fablica del Huila (Objetivos) - Uninavarra<\/title>\n<meta name=\"robots\" content=\"index, follow, max-snippet:-1, max-image-preview:large, max-video-preview:-1\" \/>\n<link rel=\"canonical\" href=\"https:\/\/uninavarra.edu.co\/en\/observatorios-uninavarra\/observatorio-uninavarra-de-salud-publica-del-huila\/objetivos-especificos\/\" \/>\n<meta property=\"og:locale\" content=\"en_US\" \/>\n<meta property=\"og:type\" content=\"article\" \/>\n<meta property=\"og:title\" content=\"Observatorio \u2013 UNINAVARRA \u2013 de Salud P\u00fablica del Huila (Objetivos) - Uninavarra\" \/>\n<meta property=\"og:url\" content=\"https:\/\/uninavarra.edu.co\/en\/observatorios-uninavarra\/observatorio-uninavarra-de-salud-publica-del-huila\/objetivos-especificos\/\" \/>\n<meta property=\"og:site_name\" content=\"Uninavarra\" \/>\n<meta property=\"article:publisher\" content=\"https:\/\/www.facebook.com\/UninavarraEduca\" \/>\n<meta property=\"article:modified_time\" content=\"2022-09-10T16:46:25+00:00\" \/>\n<meta property=\"og:image\" content=\"https:\/\/uninavarra.edu.co\/wp-content\/uploads\/2021\/10\/banner-emprendimiento.jpg\" \/>\n\t<meta property=\"og:image:width\" content=\"2000\" \/>\n\t<meta property=\"og:image:height\" content=\"300\" \/>\n\t<meta property=\"og:image:type\" content=\"image\/jpeg\" \/>\n<meta name=\"twitter:card\" content=\"summary_large_image\" \/>\n<meta name=\"twitter:site\" content=\"@uninavarraeduca\" \/>\n<meta name=\"twitter:label1\" content=\"Est. reading time\" \/>\n\t<meta name=\"twitter:data1\" content=\"3 minutes\" \/>\n<script type=\"application\/ld+json\" class=\"yoast-schema-graph\">{\"@context\":\"https:\/\/schema.org\",\"@graph\":[{\"@type\":\"WebPage\",\"@id\":\"https:\/\/uninavarra.edu.co\/observatorios-uninavarra\/observatorio-uninavarra-de-salud-publica-del-huila\/objetivos-especificos\/\",\"url\":\"https:\/\/uninavarra.edu.co\/observatorios-uninavarra\/observatorio-uninavarra-de-salud-publica-del-huila\/objetivos-especificos\/\",\"name\":\"Observatorio \u2013 UNINAVARRA \u2013 de Salud P\u00fablica del Huila (Objetivos) - Uninavarra\",\"isPartOf\":{\"@id\":\"https:\/\/uninavarra.edu.co\/#website\"},\"primaryImageOfPage\":{\"@id\":\"https:\/\/uninavarra.edu.co\/observatorios-uninavarra\/observatorio-uninavarra-de-salud-publica-del-huila\/objetivos-especificos\/#primaryimage\"},\"image\":{\"@id\":\"https:\/\/uninavarra.edu.co\/observatorios-uninavarra\/observatorio-uninavarra-de-salud-publica-del-huila\/objetivos-especificos\/#primaryimage\"},\"thumbnailUrl\":\"https:\/\/uninavarra.edu.co\/wp-content\/uploads\/2021\/10\/banner-emprendimiento.jpg\",\"datePublished\":\"2022-09-10T15:35:06+00:00\",\"dateModified\":\"2022-09-10T16:46:25+00:00\",\"breadcrumb\":{\"@id\":\"https:\/\/uninavarra.edu.co\/observatorios-uninavarra\/observatorio-uninavarra-de-salud-publica-del-huila\/objetivos-especificos\/#breadcrumb\"},\"inLanguage\":\"en-US\",\"potentialAction\":[{\"@type\":\"ReadAction\",\"target\":[\"https:\/\/uninavarra.edu.co\/observatorios-uninavarra\/observatorio-uninavarra-de-salud-publica-del-huila\/objetivos-especificos\/\"]}]},{\"@type\":\"ImageObject\",\"inLanguage\":\"en-US\",\"@id\":\"https:\/\/uninavarra.edu.co\/observatorios-uninavarra\/observatorio-uninavarra-de-salud-publica-del-huila\/objetivos-especificos\/#primaryimage\",\"url\":\"https:\/\/uninavarra.edu.co\/wp-content\/uploads\/2021\/10\/banner-emprendimiento.jpg\",\"contentUrl\":\"https:\/\/uninavarra.edu.co\/wp-content\/uploads\/2021\/10\/banner-emprendimiento.jpg\",\"width\":2000,\"height\":300},{\"@type\":\"BreadcrumbList\",\"@id\":\"https:\/\/uninavarra.edu.co\/observatorios-uninavarra\/observatorio-uninavarra-de-salud-publica-del-huila\/objetivos-especificos\/#breadcrumb\",\"itemListElement\":[{\"@type\":\"ListItem\",\"position\":1,\"name\":\"Home\",\"item\":\"https:\/\/uninavarra.edu.co\/\"},{\"@type\":\"ListItem\",\"position\":2,\"name\":\"Observatorios -UNINAVARRA-\",\"item\":\"https:\/\/uninavarra.edu.co\/observatorios-uninavarra\/\"},{\"@type\":\"ListItem\",\"position\":3,\"name\":\"Observatorio \u2013 UNINAVARRA \u2013 de Salud P\u00fablica del Huila (Misi\u00f3n)\",\"item\":\"https:\/\/uninavarra.edu.co\/observatorios-uninavarra\/observatorio-uninavarra-de-salud-publica-del-huila\/\"},{\"@type\":\"ListItem\",\"position\":4,\"name\":\"Observatorio \u2013 UNINAVARRA \u2013 de Salud P\u00fablica del Huila (Objetivos)\"}]},{\"@type\":\"WebSite\",\"@id\":\"https:\/\/uninavarra.edu.co\/#website\",\"url\":\"https:\/\/uninavarra.edu.co\/\",\"name\":\"UNINAVARRA\",\"description\":\"Haz realidad tu deseo de aprender\",\"publisher\":{\"@id\":\"https:\/\/uninavarra.edu.co\/#organization\"},\"potentialAction\":[{\"@type\":\"SearchAction\",\"target\":{\"@type\":\"EntryPoint\",\"urlTemplate\":\"https:\/\/uninavarra.edu.co\/?s={search_term_string}\"},\"query-input\":{\"@type\":\"PropertyValueSpecification\",\"valueRequired\":true,\"valueName\":\"search_term_string\"}}],\"inLanguage\":\"en-US\"},{\"@type\":\"Organization\",\"@id\":\"https:\/\/uninavarra.edu.co\/#organization\",\"name\":\"Fundaci\u00f3n Universitaria Navarra - UNINAVARRA\",\"url\":\"https:\/\/uninavarra.edu.co\/\",\"logo\":{\"@type\":\"ImageObject\",\"inLanguage\":\"en-US\",\"@id\":\"https:\/\/uninavarra.edu.co\/#\/schema\/logo\/image\/\",\"url\":\"https:\/\/uninavarra.edu.co\/wp-content\/uploads\/2024\/06\/Escudo-uninavarra-Solo.png\",\"contentUrl\":\"https:\/\/uninavarra.edu.co\/wp-content\/uploads\/2024\/06\/Escudo-uninavarra-Solo.png\",\"width\":1500,\"height\":1401,\"caption\":\"Fundaci\u00f3n Universitaria Navarra - UNINAVARRA\"},\"image\":{\"@id\":\"https:\/\/uninavarra.edu.co\/#\/schema\/logo\/image\/\"},\"sameAs\":[\"https:\/\/www.facebook.com\/UninavarraEduca\",\"https:\/\/x.com\/uninavarraeduca\",\"https:\/\/www.instagram.com\/uninavarra\/?hl=es\",\"https:\/\/www.linkedin.com\/in\/fundacin-universitaria-navarra-uninavarra-b41225222\/\"]}]}<\/script>\n<!-- \/ Yoast SEO plugin. -->","yoast_head_json":{"title":"Observatorio \u2013 UNINAVARRA \u2013 de Salud P\u00fablica del Huila (Objetivos) - Uninavarra","robots":{"index":"index","follow":"follow","max-snippet":"max-snippet:-1","max-image-preview":"max-image-preview:large","max-video-preview":"max-video-preview:-1"},"canonical":"https:\/\/uninavarra.edu.co\/en\/observatorios-uninavarra\/observatorio-uninavarra-de-salud-publica-del-huila\/objetivos-especificos\/","og_locale":"en_US","og_type":"article","og_title":"Observatorio \u2013 UNINAVARRA \u2013 de Salud P\u00fablica del Huila (Objetivos) - Uninavarra","og_url":"https:\/\/uninavarra.edu.co\/en\/observatorios-uninavarra\/observatorio-uninavarra-de-salud-publica-del-huila\/objetivos-especificos\/","og_site_name":"Uninavarra","article_publisher":"https:\/\/www.facebook.com\/UninavarraEduca","article_modified_time":"2022-09-10T16:46:25+00:00","og_image":[{"width":2000,"height":300,"url":"https:\/\/uninavarra.edu.co\/wp-content\/uploads\/2021\/10\/banner-emprendimiento.jpg","type":"image\/jpeg"}],"twitter_card":"summary_large_image","twitter_site":"@uninavarraeduca","twitter_misc":{"Est. reading time":"3 minutes"},"schema":{"@context":"https:\/\/schema.org","@graph":[{"@type":"WebPage","@id":"https:\/\/uninavarra.edu.co\/observatorios-uninavarra\/observatorio-uninavarra-de-salud-publica-del-huila\/objetivos-especificos\/","url":"https:\/\/uninavarra.edu.co\/observatorios-uninavarra\/observatorio-uninavarra-de-salud-publica-del-huila\/objetivos-especificos\/","name":"Observatorio \u2013 UNINAVARRA \u2013 de Salud P\u00fablica del Huila (Objetivos) - Uninavarra","isPartOf":{"@id":"https:\/\/uninavarra.edu.co\/#website"},"primaryImageOfPage":{"@id":"https:\/\/uninavarra.edu.co\/observatorios-uninavarra\/observatorio-uninavarra-de-salud-publica-del-huila\/objetivos-especificos\/#primaryimage"},"image":{"@id":"https:\/\/uninavarra.edu.co\/observatorios-uninavarra\/observatorio-uninavarra-de-salud-publica-del-huila\/objetivos-especificos\/#primaryimage"},"thumbnailUrl":"https:\/\/uninavarra.edu.co\/wp-content\/uploads\/2021\/10\/banner-emprendimiento.jpg","datePublished":"2022-09-10T15:35:06+00:00","dateModified":"2022-09-10T16:46:25+00:00","breadcrumb":{"@id":"https:\/\/uninavarra.edu.co\/observatorios-uninavarra\/observatorio-uninavarra-de-salud-publica-del-huila\/objetivos-especificos\/#breadcrumb"},"inLanguage":"en-US","potentialAction":[{"@type":"ReadAction","target":["https:\/\/uninavarra.edu.co\/observatorios-uninavarra\/observatorio-uninavarra-de-salud-publica-del-huila\/objetivos-especificos\/"]}]},{"@type":"ImageObject","inLanguage":"en-US","@id":"https:\/\/uninavarra.edu.co\/observatorios-uninavarra\/observatorio-uninavarra-de-salud-publica-del-huila\/objetivos-especificos\/#primaryimage","url":"https:\/\/uninavarra.edu.co\/wp-content\/uploads\/2021\/10\/banner-emprendimiento.jpg","contentUrl":"https:\/\/uninavarra.edu.co\/wp-content\/uploads\/2021\/10\/banner-emprendimiento.jpg","width":2000,"height":300},{"@type":"BreadcrumbList","@id":"https:\/\/uninavarra.edu.co\/observatorios-uninavarra\/observatorio-uninavarra-de-salud-publica-del-huila\/objetivos-especificos\/#breadcrumb","itemListElement":[{"@type":"ListItem","position":1,"name":"Home","item":"https:\/\/uninavarra.edu.co\/"},{"@type":"ListItem","position":2,"name":"Observatorios -UNINAVARRA-","item":"https:\/\/uninavarra.edu.co\/observatorios-uninavarra\/"},{"@type":"ListItem","position":3,"name":"Observatorio \u2013 UNINAVARRA \u2013 de Salud P\u00fablica del Huila (Misi\u00f3n)","item":"https:\/\/uninavarra.edu.co\/observatorios-uninavarra\/observatorio-uninavarra-de-salud-publica-del-huila\/"},{"@type":"ListItem","position":4,"name":"Observatorio \u2013 UNINAVARRA \u2013 de Salud P\u00fablica del Huila (Objetivos)"}]},{"@type":"WebSite","@id":"https:\/\/uninavarra.edu.co\/#website","url":"https:\/\/uninavarra.edu.co\/","name":"UNINAVARRA","description":"Make your desire to learn a reality","publisher":{"@id":"https:\/\/uninavarra.edu.co\/#organization"},"potentialAction":[{"@type":"SearchAction","target":{"@type":"EntryPoint","urlTemplate":"https:\/\/uninavarra.edu.co\/?s={search_term_string}"},"query-input":{"@type":"PropertyValueSpecification","valueRequired":true,"valueName":"search_term_string"}}],"inLanguage":"en-US"},{"@type":"Organization","@id":"https:\/\/uninavarra.edu.co\/#organization","name":"Navarre University Foundation - UNINAVARRA","url":"https:\/\/uninavarra.edu.co\/","logo":{"@type":"ImageObject","inLanguage":"en-US","@id":"https:\/\/uninavarra.edu.co\/#\/schema\/logo\/image\/","url":"https:\/\/uninavarra.edu.co\/wp-content\/uploads\/2024\/06\/Escudo-uninavarra-Solo.png","contentUrl":"https:\/\/uninavarra.edu.co\/wp-content\/uploads\/2024\/06\/Escudo-uninavarra-Solo.png","width":1500,"height":1401,"caption":"Fundaci\u00f3n Universitaria Navarra - UNINAVARRA"},"image":{"@id":"https:\/\/uninavarra.edu.co\/#\/schema\/logo\/image\/"},"sameAs":["https:\/\/www.facebook.com\/UninavarraEduca","https:\/\/x.com\/uninavarraeduca","https:\/\/www.instagram.com\/uninavarra\/?hl=es","https:\/\/www.linkedin.com\/in\/fundacin-universitaria-navarra-uninavarra-b41225222\/"]}]}},"_links":{"self":[{"href":"https:\/\/uninavarra.edu.co\/en\/wp-json\/wp\/v2\/pages\/51232","targetHints":{"allow":["GET"]}}],"collection":[{"href":"https:\/\/uninavarra.edu.co\/en\/wp-json\/wp\/v2\/pages"}],"about":[{"href":"https:\/\/uninavarra.edu.co\/en\/wp-json\/wp\/v2\/types\/page"}],"author":[{"embeddable":true,"href":"https:\/\/uninavarra.edu.co\/en\/wp-json\/wp\/v2\/users\/13"}],"replies":[{"embeddable":true,"href":"https:\/\/uninavarra.edu.co\/en\/wp-json\/wp\/v2\/comments?post=51232"}],"version-history":[{"count":0,"href":"https:\/\/uninavarra.edu.co\/en\/wp-json\/wp\/v2\/pages\/51232\/revisions"}],"up":[{"embeddable":true,"href":"https:\/\/uninavarra.edu.co\/en\/wp-json\/wp\/v2\/pages\/51229"}],"wp:featuredmedia":[{"embeddable":true,"href":"https:\/\/uninavarra.edu.co\/en\/wp-json\/wp\/v2\/media\/41435"}],"wp:attachment":[{"href":"https:\/\/uninavarra.edu.co\/en\/wp-json\/wp\/v2\/media?parent=51232"}],"wp:term":[{"taxonomy":"category","embeddable":true,"href":"https:\/\/uninavarra.edu.co\/en\/wp-json\/wp\/v2\/categories?post=51232"},{"taxonomy":"post_tag","embeddable":true,"href":"https:\/\/uninavarra.edu.co\/en\/wp-json\/wp\/v2\/tags?post=51232"}],"curies":[{"name":"wp","href":"https:\/\/api.w.org\/{rel}","templated":true}]}}