{"id":51229,"date":"2022-09-10T10:36:58","date_gmt":"2022-09-10T15:36:58","guid":{"rendered":"https:\/\/uninavarra.edu.co\/?page_id=51229"},"modified":"2022-09-10T11:42:26","modified_gmt":"2022-09-10T16:42:26","slug":"observatorio-uninavarra-de-salud-publica-del-huila","status":"publish","type":"page","link":"https:\/\/uninavarra.edu.co\/en\/observatorios-uninavarra\/observatorio-uninavarra-de-salud-publica-del-huila\/","title":{"rendered":"Observatory - UNINAVARRA - of Public Health of Huila (Mission)"},"content":{"rendered":"<div class=\"wpb-content-wrapper\"><div class=\"wpb-container\"><div class=\"container\"><div class=\"vc_row wpb_row vc_row-fluid row\"><div class=\"col-sm-3  vc_\">\n\t\t<div class=\"wpb_wrapper\">\n\t\t\t<div class=\"vc_btn3-container vc_btn3-center vc_do_btn\" ><a class=\"vc_general vc_btn3 vc_btn3-size-lg vc_btn3-shape-rounded vc_btn3-style-modern vc_btn3-block vc_btn3-color-navarra\" href=\"#\" title=\"\">Mission<\/a><\/div>\n\t\t<\/div> \n\t<\/div><div class=\"col-sm-3  vc_\">\n\t\t<div class=\"wpb_wrapper\">\n\t\t\t<div class=\"vc_btn3-container vc_btn3-center vc_do_btn\" ><a class=\"vc_general vc_btn3 vc_btn3-size-lg vc_btn3-shape-rounded vc_btn3-style-modern vc_btn3-block vc_btn3-color-navarra\" href=\"https:\/\/uninavarra.edu.co\/observatorios-uninavarra\/observatorio-uninavarra-de-salud-publica-del-huila\/vision\/\" title=\"\">Vision<\/a><\/div>\n\t\t<\/div> \n\t<\/div><div class=\"col-sm-3  vc_\">\n\t\t<div class=\"wpb_wrapper\">\n\t\t\t<div class=\"vc_btn3-container vc_btn3-center vc_do_btn\" ><a class=\"vc_general vc_btn3 vc_btn3-size-lg vc_btn3-shape-rounded vc_btn3-style-modern vc_btn3-block vc_btn3-color-navarra\" href=\"https:\/\/uninavarra.edu.co\/observatorios-uninavarra\/observatorio-uninavarra-de-salud-publica-del-huila\/objetivos-especificos\/\" title=\"\">Objectives<\/a><\/div>\n\t\t<\/div> \n\t<\/div><div class=\"col-sm-3  vc_\">\n\t\t<div class=\"wpb_wrapper\">\n\t\t\t<div class=\"vc_btn3-container vc_btn3-center vc_do_btn\" ><a class=\"vc_general vc_btn3 vc_btn3-size-lg vc_btn3-shape-rounded vc_btn3-style-modern vc_btn3-block vc_btn3-color-navarra\" href=\"https:\/\/uninavarra.edu.co\/observatorios-uninavarra\/observatorio-uninavarra-de-salud-publica-del-huila\/ejes-estrategicos\/\" title=\"\">Strategic axes<\/a><\/div>\n\t\t<\/div> \n\t<\/div><\/div><\/div><\/div><div class=\"wpb-container\"><div class=\"container\"><div class=\"vc_row wpb_row vc_row-fluid row\"><div class=\"col-sm-3  vc_\">\n\t\t<div class=\"wpb_wrapper\">\n\t\t\t\n\t\t<\/div> \n\t<\/div><div class=\"col-sm-6  vc_\">\n\t\t<div class=\"wpb_wrapper\">\n\t\t\t<h2 style=\"text-align: center\" class=\"vc_custom_heading vc_do_custom_heading\" >MISSION<\/h2><div class=\"vc_empty_space\"   style=\"height: 32px\"><span class=\"vc_empty_space_inner\"><\/span><\/div>\n\t<div class=\"wpb_text_column wpb_content_element\" >\n\t\t<div class=\"wpb_wrapper\">\n\t\t\t<p style=\"text-align: justify;\">The Observatory - UNINAVARRA- of Public Health of Huila is an academic administrative unit and think tank, which manages and creates knowledge regarding the progress of the Sustainable Development Goals, in the line of Health and Wellness, which allow governmental and non-governmental entities to make strategic decisions to ensure continuous improvement in public health in Huila and the municipality of Neiva, with criteria of social responsibility, using the resources, structure and research capabilities that the Institution has and that are at the service of Huila's society.<\/p>\n\n\t\t<\/div>\n\t<\/div>\n\n\t\t<\/div> \n\t<\/div><div class=\"col-sm-3  vc_\">\n\t\t<div class=\"wpb_wrapper\">\n\t\t\t\n\t\t<\/div> \n\t<\/div><\/div><\/div><\/div>\n<\/div>","protected":false},"excerpt":{"rendered":"Misi\u00f3n Visi\u00f3n Objetivos Ejes estrat\u00e9gicos MISI\u00d3N El Observatorio \u2013 UNINAVARRA- de Salud P\u00fablica del Huila es una unidad acad\u00e9mico administrativa y centro de pensamiento, que gestiona y crea conocimiento con [...]","protected":false},"author":13,"featured_media":41435,"parent":49157,"menu_order":0,"comment_status":"closed","ping_status":"closed","template":"","meta":{"footnotes":""},"categories":[],"tags":[],"class_list":["post-51229","page","type-page","status-publish","has-post-thumbnail","hentry"],"yoast_head":"<!-- This site is optimized with the Yoast SEO plugin v27.2 - https:\/\/yoast.com\/product\/yoast-seo-wordpress\/ -->\n<title>Observatorio \u2013 UNINAVARRA \u2013 de Salud P\u00fablica del Huila (Misi\u00f3n) - Uninavarra<\/title>\n<meta name=\"robots\" content=\"index, follow, max-snippet:-1, max-image-preview:large, max-video-preview:-1\" \/>\n<link rel=\"canonical\" href=\"https:\/\/uninavarra.edu.co\/en\/observatorios-uninavarra\/observatorio-uninavarra-de-salud-publica-del-huila\/\" \/>\n<meta property=\"og:locale\" content=\"en_US\" \/>\n<meta property=\"og:type\" content=\"article\" \/>\n<meta property=\"og:title\" content=\"Observatorio \u2013 UNINAVARRA \u2013 de Salud P\u00fablica del Huila (Misi\u00f3n) - Uninavarra\" \/>\n<meta property=\"og:url\" content=\"https:\/\/uninavarra.edu.co\/en\/observatorios-uninavarra\/observatorio-uninavarra-de-salud-publica-del-huila\/\" \/>\n<meta property=\"og:site_name\" content=\"Uninavarra\" \/>\n<meta property=\"article:publisher\" content=\"https:\/\/www.facebook.com\/UninavarraEduca\" \/>\n<meta property=\"article:modified_time\" content=\"2022-09-10T16:42:26+00:00\" \/>\n<meta property=\"og:image\" content=\"https:\/\/uninavarra.edu.co\/wp-content\/uploads\/2021\/10\/banner-emprendimiento.jpg\" \/>\n\t<meta property=\"og:image:width\" content=\"2000\" \/>\n\t<meta property=\"og:image:height\" content=\"300\" \/>\n\t<meta property=\"og:image:type\" content=\"image\/jpeg\" \/>\n<meta name=\"twitter:card\" content=\"summary_large_image\" \/>\n<meta name=\"twitter:site\" content=\"@uninavarraeduca\" \/>\n<meta name=\"twitter:label1\" content=\"Est. reading time\" \/>\n\t<meta name=\"twitter:data1\" content=\"1 minute\" \/>\n<script type=\"application\/ld+json\" class=\"yoast-schema-graph\">{\"@context\":\"https:\/\/schema.org\",\"@graph\":[{\"@type\":\"WebPage\",\"@id\":\"https:\/\/uninavarra.edu.co\/observatorios-uninavarra\/observatorio-uninavarra-de-salud-publica-del-huila\/\",\"url\":\"https:\/\/uninavarra.edu.co\/observatorios-uninavarra\/observatorio-uninavarra-de-salud-publica-del-huila\/\",\"name\":\"Observatorio \u2013 UNINAVARRA \u2013 de Salud P\u00fablica del Huila (Misi\u00f3n) - Uninavarra\",\"isPartOf\":{\"@id\":\"https:\/\/uninavarra.edu.co\/#website\"},\"primaryImageOfPage\":{\"@id\":\"https:\/\/uninavarra.edu.co\/observatorios-uninavarra\/observatorio-uninavarra-de-salud-publica-del-huila\/#primaryimage\"},\"image\":{\"@id\":\"https:\/\/uninavarra.edu.co\/observatorios-uninavarra\/observatorio-uninavarra-de-salud-publica-del-huila\/#primaryimage\"},\"thumbnailUrl\":\"https:\/\/uninavarra.edu.co\/wp-content\/uploads\/2021\/10\/banner-emprendimiento.jpg\",\"datePublished\":\"2022-09-10T15:36:58+00:00\",\"dateModified\":\"2022-09-10T16:42:26+00:00\",\"breadcrumb\":{\"@id\":\"https:\/\/uninavarra.edu.co\/observatorios-uninavarra\/observatorio-uninavarra-de-salud-publica-del-huila\/#breadcrumb\"},\"inLanguage\":\"en-US\",\"potentialAction\":[{\"@type\":\"ReadAction\",\"target\":[\"https:\/\/uninavarra.edu.co\/observatorios-uninavarra\/observatorio-uninavarra-de-salud-publica-del-huila\/\"]}]},{\"@type\":\"ImageObject\",\"inLanguage\":\"en-US\",\"@id\":\"https:\/\/uninavarra.edu.co\/observatorios-uninavarra\/observatorio-uninavarra-de-salud-publica-del-huila\/#primaryimage\",\"url\":\"https:\/\/uninavarra.edu.co\/wp-content\/uploads\/2021\/10\/banner-emprendimiento.jpg\",\"contentUrl\":\"https:\/\/uninavarra.edu.co\/wp-content\/uploads\/2021\/10\/banner-emprendimiento.jpg\",\"width\":2000,\"height\":300},{\"@type\":\"BreadcrumbList\",\"@id\":\"https:\/\/uninavarra.edu.co\/observatorios-uninavarra\/observatorio-uninavarra-de-salud-publica-del-huila\/#breadcrumb\",\"itemListElement\":[{\"@type\":\"ListItem\",\"position\":1,\"name\":\"Home\",\"item\":\"https:\/\/uninavarra.edu.co\/\"},{\"@type\":\"ListItem\",\"position\":2,\"name\":\"Observatorios -UNINAVARRA-\",\"item\":\"https:\/\/uninavarra.edu.co\/observatorios-uninavarra\/\"},{\"@type\":\"ListItem\",\"position\":3,\"name\":\"Observatorio \u2013 UNINAVARRA \u2013 de Salud P\u00fablica del Huila (Misi\u00f3n)\"}]},{\"@type\":\"WebSite\",\"@id\":\"https:\/\/uninavarra.edu.co\/#website\",\"url\":\"https:\/\/uninavarra.edu.co\/\",\"name\":\"UNINAVARRA\",\"description\":\"Haz realidad tu deseo de aprender\",\"publisher\":{\"@id\":\"https:\/\/uninavarra.edu.co\/#organization\"},\"potentialAction\":[{\"@type\":\"SearchAction\",\"target\":{\"@type\":\"EntryPoint\",\"urlTemplate\":\"https:\/\/uninavarra.edu.co\/?s={search_term_string}\"},\"query-input\":{\"@type\":\"PropertyValueSpecification\",\"valueRequired\":true,\"valueName\":\"search_term_string\"}}],\"inLanguage\":\"en-US\"},{\"@type\":\"Organization\",\"@id\":\"https:\/\/uninavarra.edu.co\/#organization\",\"name\":\"Fundaci\u00f3n Universitaria Navarra - UNINAVARRA\",\"url\":\"https:\/\/uninavarra.edu.co\/\",\"logo\":{\"@type\":\"ImageObject\",\"inLanguage\":\"en-US\",\"@id\":\"https:\/\/uninavarra.edu.co\/#\/schema\/logo\/image\/\",\"url\":\"https:\/\/uninavarra.edu.co\/wp-content\/uploads\/2024\/06\/Escudo-uninavarra-Solo.png\",\"contentUrl\":\"https:\/\/uninavarra.edu.co\/wp-content\/uploads\/2024\/06\/Escudo-uninavarra-Solo.png\",\"width\":1500,\"height\":1401,\"caption\":\"Fundaci\u00f3n Universitaria Navarra - UNINAVARRA\"},\"image\":{\"@id\":\"https:\/\/uninavarra.edu.co\/#\/schema\/logo\/image\/\"},\"sameAs\":[\"https:\/\/www.facebook.com\/UninavarraEduca\",\"https:\/\/x.com\/uninavarraeduca\",\"https:\/\/www.instagram.com\/uninavarra\/?hl=es\",\"https:\/\/www.linkedin.com\/in\/fundacin-universitaria-navarra-uninavarra-b41225222\/\"]}]}<\/script>\n<!-- \/ Yoast SEO plugin. -->","yoast_head_json":{"title":"Observatorio \u2013 UNINAVARRA \u2013 de Salud P\u00fablica del Huila (Misi\u00f3n) - Uninavarra","robots":{"index":"index","follow":"follow","max-snippet":"max-snippet:-1","max-image-preview":"max-image-preview:large","max-video-preview":"max-video-preview:-1"},"canonical":"https:\/\/uninavarra.edu.co\/en\/observatorios-uninavarra\/observatorio-uninavarra-de-salud-publica-del-huila\/","og_locale":"en_US","og_type":"article","og_title":"Observatorio \u2013 UNINAVARRA \u2013 de Salud P\u00fablica del Huila (Misi\u00f3n) - Uninavarra","og_url":"https:\/\/uninavarra.edu.co\/en\/observatorios-uninavarra\/observatorio-uninavarra-de-salud-publica-del-huila\/","og_site_name":"Uninavarra","article_publisher":"https:\/\/www.facebook.com\/UninavarraEduca","article_modified_time":"2022-09-10T16:42:26+00:00","og_image":[{"width":2000,"height":300,"url":"https:\/\/uninavarra.edu.co\/wp-content\/uploads\/2021\/10\/banner-emprendimiento.jpg","type":"image\/jpeg"}],"twitter_card":"summary_large_image","twitter_site":"@uninavarraeduca","twitter_misc":{"Est. reading time":"1 minute"},"schema":{"@context":"https:\/\/schema.org","@graph":[{"@type":"WebPage","@id":"https:\/\/uninavarra.edu.co\/observatorios-uninavarra\/observatorio-uninavarra-de-salud-publica-del-huila\/","url":"https:\/\/uninavarra.edu.co\/observatorios-uninavarra\/observatorio-uninavarra-de-salud-publica-del-huila\/","name":"Observatorio \u2013 UNINAVARRA \u2013 de Salud P\u00fablica del Huila (Misi\u00f3n) - Uninavarra","isPartOf":{"@id":"https:\/\/uninavarra.edu.co\/#website"},"primaryImageOfPage":{"@id":"https:\/\/uninavarra.edu.co\/observatorios-uninavarra\/observatorio-uninavarra-de-salud-publica-del-huila\/#primaryimage"},"image":{"@id":"https:\/\/uninavarra.edu.co\/observatorios-uninavarra\/observatorio-uninavarra-de-salud-publica-del-huila\/#primaryimage"},"thumbnailUrl":"https:\/\/uninavarra.edu.co\/wp-content\/uploads\/2021\/10\/banner-emprendimiento.jpg","datePublished":"2022-09-10T15:36:58+00:00","dateModified":"2022-09-10T16:42:26+00:00","breadcrumb":{"@id":"https:\/\/uninavarra.edu.co\/observatorios-uninavarra\/observatorio-uninavarra-de-salud-publica-del-huila\/#breadcrumb"},"inLanguage":"en-US","potentialAction":[{"@type":"ReadAction","target":["https:\/\/uninavarra.edu.co\/observatorios-uninavarra\/observatorio-uninavarra-de-salud-publica-del-huila\/"]}]},{"@type":"ImageObject","inLanguage":"en-US","@id":"https:\/\/uninavarra.edu.co\/observatorios-uninavarra\/observatorio-uninavarra-de-salud-publica-del-huila\/#primaryimage","url":"https:\/\/uninavarra.edu.co\/wp-content\/uploads\/2021\/10\/banner-emprendimiento.jpg","contentUrl":"https:\/\/uninavarra.edu.co\/wp-content\/uploads\/2021\/10\/banner-emprendimiento.jpg","width":2000,"height":300},{"@type":"BreadcrumbList","@id":"https:\/\/uninavarra.edu.co\/observatorios-uninavarra\/observatorio-uninavarra-de-salud-publica-del-huila\/#breadcrumb","itemListElement":[{"@type":"ListItem","position":1,"name":"Home","item":"https:\/\/uninavarra.edu.co\/"},{"@type":"ListItem","position":2,"name":"Observatorios -UNINAVARRA-","item":"https:\/\/uninavarra.edu.co\/observatorios-uninavarra\/"},{"@type":"ListItem","position":3,"name":"Observatorio \u2013 UNINAVARRA \u2013 de Salud P\u00fablica del Huila (Misi\u00f3n)"}]},{"@type":"WebSite","@id":"https:\/\/uninavarra.edu.co\/#website","url":"https:\/\/uninavarra.edu.co\/","name":"UNINAVARRA","description":"Make your desire to learn a reality","publisher":{"@id":"https:\/\/uninavarra.edu.co\/#organization"},"potentialAction":[{"@type":"SearchAction","target":{"@type":"EntryPoint","urlTemplate":"https:\/\/uninavarra.edu.co\/?s={search_term_string}"},"query-input":{"@type":"PropertyValueSpecification","valueRequired":true,"valueName":"search_term_string"}}],"inLanguage":"en-US"},{"@type":"Organization","@id":"https:\/\/uninavarra.edu.co\/#organization","name":"Navarre University Foundation - UNINAVARRA","url":"https:\/\/uninavarra.edu.co\/","logo":{"@type":"ImageObject","inLanguage":"en-US","@id":"https:\/\/uninavarra.edu.co\/#\/schema\/logo\/image\/","url":"https:\/\/uninavarra.edu.co\/wp-content\/uploads\/2024\/06\/Escudo-uninavarra-Solo.png","contentUrl":"https:\/\/uninavarra.edu.co\/wp-content\/uploads\/2024\/06\/Escudo-uninavarra-Solo.png","width":1500,"height":1401,"caption":"Fundaci\u00f3n Universitaria Navarra - UNINAVARRA"},"image":{"@id":"https:\/\/uninavarra.edu.co\/#\/schema\/logo\/image\/"},"sameAs":["https:\/\/www.facebook.com\/UninavarraEduca","https:\/\/x.com\/uninavarraeduca","https:\/\/www.instagram.com\/uninavarra\/?hl=es","https:\/\/www.linkedin.com\/in\/fundacin-universitaria-navarra-uninavarra-b41225222\/"]}]}},"_links":{"self":[{"href":"https:\/\/uninavarra.edu.co\/en\/wp-json\/wp\/v2\/pages\/51229","targetHints":{"allow":["GET"]}}],"collection":[{"href":"https:\/\/uninavarra.edu.co\/en\/wp-json\/wp\/v2\/pages"}],"about":[{"href":"https:\/\/uninavarra.edu.co\/en\/wp-json\/wp\/v2\/types\/page"}],"author":[{"embeddable":true,"href":"https:\/\/uninavarra.edu.co\/en\/wp-json\/wp\/v2\/users\/13"}],"replies":[{"embeddable":true,"href":"https:\/\/uninavarra.edu.co\/en\/wp-json\/wp\/v2\/comments?post=51229"}],"version-history":[{"count":0,"href":"https:\/\/uninavarra.edu.co\/en\/wp-json\/wp\/v2\/pages\/51229\/revisions"}],"up":[{"embeddable":true,"href":"https:\/\/uninavarra.edu.co\/en\/wp-json\/wp\/v2\/pages\/49157"}],"wp:featuredmedia":[{"embeddable":true,"href":"https:\/\/uninavarra.edu.co\/en\/wp-json\/wp\/v2\/media\/41435"}],"wp:attachment":[{"href":"https:\/\/uninavarra.edu.co\/en\/wp-json\/wp\/v2\/media?parent=51229"}],"wp:term":[{"taxonomy":"category","embeddable":true,"href":"https:\/\/uninavarra.edu.co\/en\/wp-json\/wp\/v2\/categories?post=51229"},{"taxonomy":"post_tag","embeddable":true,"href":"https:\/\/uninavarra.edu.co\/en\/wp-json\/wp\/v2\/tags?post=51229"}],"curies":[{"name":"wp","href":"https:\/\/api.w.org\/{rel}","templated":true}]}}