{"id":51146,"date":"2022-09-09T14:07:34","date_gmt":"2022-09-09T19:07:34","guid":{"rendered":"https:\/\/uninavarra.edu.co\/?page_id=51146"},"modified":"2025-04-22T08:15:39","modified_gmt":"2025-04-22T13:15:39","slug":"graduados-sobresalientes","status":"publish","type":"page","link":"https:\/\/uninavarra.edu.co\/en\/egresados\/graduados-sobresalientes\/","title":{"rendered":"Processing of Professional Cards"},"content":{"rendered":"<div class=\"wpb-content-wrapper\"><div class=\"wpb-container\"><div class=\"container\"><div class=\"vc_row wpb_row vc_row-fluid row\"><div class=\"col-sm-12  vc_\">\n\t\t<div class=\"wpb_wrapper\">\n\t\t\t\n\t<div class=\"wpb_raw_code wpb_raw_html wpb_content_element\" >\n\t\t<div class=\"wpb_wrapper\">\n\t\t\t    <style>\n        .tp-outer-wrapper {\n            margin: 0;\n            padding: 0;\n            box-sizing: border-box;\n            font-family: 'Segoe UI', Tahoma, Geneva, Verdana, sans-serif;\n        }\n        .tp-main-area {\n            background-color: #FFFFFF;\n            padding: 20px;\n        }\n        .tp-card-grid {\n            display: flex;\n            flex-wrap: wrap;\n            justify-content: center;\n            gap: 20px;\n            max-width: 1200px;\n            margin: 0 auto;\n        }\n        .tp-profession-card {\n            background-color: #FFFFFF;\n            border-radius: 10px;\n            box-shadow: 0 4px 8px rgba(0, 0, 0, 0.1);\n            overflow: hidden;\n            width: 340px;\n            transition: transform 0.3s ease, box-shadow 0.3s ease;\n        }\n        .tp-profession-card:hover {\n            transform: translateY(-5px);\n            box-shadow: 0 8px 16px rgba(0, 0, 0, 0.15);\n        }\n        .tp-card-image-container {\n            width: 100%;\n            height: 140px;\n            background-color: #FFFFFF;\n            position: relative;\n            display: flex;\n            align-items: center;\n            justify-content: center;\n            border-bottom: 1px solid #eaeaea;\n            padding: 10px;\n            overflow: hidden;\n        }\n        .tp-entity-logo {\n            max-width: 90%;\n            max-height: 120px;\n            object-fit: contain;\n            position: relative;\n            z-index: 1;\n        }\n        .tp-image-overlay {\n            position: absolute;\n            top: 0;\n            left: 0;\n            width: 100%;\n            height: 100%;\n            background-color: rgba(255, 0, 0, 0.1);\n            z-index: 2;\n        }\n        .tp-card-content {\n            padding: 20px;\n        }\n        .tp-entity-title {\n            font-size: 16px;\n            font-weight: 600;\n            color: #333;\n            line-height: 1.3;\n            margin-bottom: 15px;\n            text-align: center;\n        }\n        .tp-profession-title {\n            font-size: 18px;\n            font-weight: 700;\n            color: #2d3748;\n            margin-bottom: 15px;\n            text-transform: uppercase;\n            text-align: center;\n            border-bottom: 2px solid #e2e8f0;\n            padding-bottom: 10px;\n        }\n        .tp-links-container {\n            display: flex;\n            flex-direction: column;\n            gap: 12px;\n        }\n        .tp-resource-link {\n            display: flex;\n            align-items: center;\n            justify-content: center;\n            padding: 12px 15px;\n            background-color: #E30613;\n            border-radius: 6px;\n            color: #FFFFFF !important;\n            text-decoration: none;\n            font-weight: 500;\n            transition: all 0.2s ease;\n            text-align: center;\n        }\n        .tp-resource-link:hover {\n            background-color: #c7050f;\n            box-shadow: 0 2px 6px rgba(227, 6, 19, 0.3);\n        }\n        .tp-link-icon {\n            margin-right: 10px;\n            color: #FFFFFF;\n        }\n    <\/style>\n\t\t<\/div>\n\t<\/div>\n\n\t\t<\/div> \n\t<\/div><\/div><\/div><\/div><div class=\"wpb-container\"><div class=\"container\"><div class=\"vc_row wpb_row vc_row-fluid row\"><div class=\"col-sm-12  vc_\">\n\t\t<div class=\"wpb_wrapper\">\n\t\t\t\n\t<div class=\"wpb_raw_code wpb_raw_html wpb_content_element\" >\n\t\t<div class=\"wpb_wrapper\">\n\t\t\t<div class=\"tp-outer-wrapper\">\n    <div class=\"tp-main-area\">\n        <div class=\"tp-card-grid\">\n            <!-- Tarjeta de Medicina -->\n            <div class=\"tp-profession-card\">\n                <div class=\"tp-card-image-container\">\n                    <img decoding=\"async\" src=\"https:\/\/uninavarra.edu.co\/wp-content\/uploads\/2025\/04\/colegio-medico-colombiano-cmc.png\" alt=\"Logo Colegio M\u00e9dico Colombiano\" class=\"tp-entity-logo\">\n                    <div class=\"tp-image-overlay\"><\/div>\n                <\/div>\n                <div class=\"tp-card-content\">\n                    <div class=\"tp-entity-title\">Colombian Medical College CMC<\/div>\n                    <h3 class=\"tp-profession-title\">Medicine<\/h3>\n                    <div class=\"tp-links-container\">\n                        <a href=\"https:\/\/colegiomedicocolombiano.org\/expedicion-tarjeta-primera-vez\/\" target=\"_blank\" class=\"tp-resource-link\">\n                            <svg class=\"tp-link-icon\" width=\"20\" height=\"20\" viewbox=\"0 0 24 24\" fill=\"none\" stroke=\"currentColor\" stroke-width=\"2\" stroke-linecap=\"round\" stroke-linejoin=\"round\">\n                                <path d=\"M18 13v6a2 2 0 0 1-2 2H5a2 2 0 0 1-2-2V8a2 2 0 0 1 2-2h6\"><\/path>\n                                <polyline points=\"15 3 21 3 21 9\"><\/polyline>\n                                <line x1=\"10\" y1=\"14\" x2=\"21\" y2=\"3\"><\/line>\n                            <\/svg>\n                            Professional Card Processing\n                        <\/a>\n                        <a href=\"https:\/\/www.youtube.com\/watch?v=x3iTZdfyaJ8\" target=\"_blank\" class=\"tp-resource-link\">\n                            <svg class=\"tp-link-icon\" width=\"20\" height=\"20\" viewbox=\"0 0 24 24\" fill=\"none\" stroke=\"currentColor\" stroke-width=\"2\" stroke-linecap=\"round\" stroke-linejoin=\"round\">\n                                <path d=\"M22.54 6.42a2.78 2.78 0 0 0-1.94-2C18.88 4 12 4 12 4s-6.88 0-8.6.46a2.78 2.78 0 0 0-1.94 2A29 29 0 0 0 1 11.75a29 29 0 0 0 .46 5.33A2.78 2.78 0 0 0 3.4 19c1.72.46 8.6.46 8.6.46s6.88 0 8.6-.46a2.78 2.78 0 0 0 1.94-2 29 29 0 0 0 .46-5.25 29 29 0 0 0-.46-5.33z\"><\/path>\n                                <polygon points=\"9.75 15.02 15.5 11.75 9.75 8.48 9.75 15.02\"><\/polygon>\n                            <\/svg>\n                            Video Tutorial\n                        <\/a>\n                    <\/div>\n                <\/div>\n            <\/div>\n\n            <!-- Tarjeta de Enfermer\u00eda -->\n            <div class=\"tp-profession-card\">\n                <div class=\"tp-card-image-container\">\n                    <img decoding=\"async\" src=\"https:\/\/uninavarra.edu.co\/wp-content\/uploads\/2025\/04\/colegial-de-enfermeria.gif\" alt=\"Logo Organizaci\u00f3n Colegial de Enfermer\u00eda\" class=\"tp-entity-logo\">\n                    <div class=\"tp-image-overlay\"><\/div>\n                <\/div>\n                <div class=\"tp-card-content\">\n                    <div class=\"tp-entity-title\">Collegiate Nursing Organization<\/div>\n                    <h3 class=\"tp-profession-title\">Nursing<\/h3>\n                    <div class=\"tp-links-container\">\n                        <a href=\"https:\/\/www.oceinfo.org.co\/tramites\/inscripcion-rethus\" target=\"_blank\" class=\"tp-resource-link\">\n                            <svg class=\"tp-link-icon\" width=\"20\" height=\"20\" viewbox=\"0 0 24 24\" fill=\"none\" stroke=\"currentColor\" stroke-width=\"2\" stroke-linecap=\"round\" stroke-linejoin=\"round\">\n                                <path d=\"M18 13v6a2 2 0 0 1-2 2H5a2 2 0 0 1-2-2V8a2 2 0 0 1 2-2h6\"><\/path>\n                                <polyline points=\"15 3 21 3 21 9\"><\/polyline>\n                                <line x1=\"10\" y1=\"14\" x2=\"21\" y2=\"3\"><\/line>\n                            <\/svg>\n                            RETHUS Registration\n                        <\/a>\n                    <\/div>\n                <\/div>\n            <\/div>\n\n            <!-- Tarjeta de Administraci\u00f3n de Empresas -->\n            <div class=\"tp-profession-card\">\n                <div class=\"tp-card-image-container\">\n                    <img decoding=\"async\" src=\"https:\/\/uninavarra.edu.co\/wp-content\/uploads\/2025\/04\/consejo-profesional.jpg\" alt=\"Logo Consejo Profesional de Administraci\u00f3n de Empresas\" class=\"tp-entity-logo\">\n                    <div class=\"tp-image-overlay\"><\/div>\n                <\/div>\n                <div class=\"tp-card-content\">\n                    <div class=\"tp-entity-title\">Professional Council of Business Administration<\/div>\n                    <h3 class=\"tp-profession-title\">Business Administration<\/h3>\n                    <div class=\"tp-links-container\">\n                        <a href=\"https:\/\/tramites.cpae.gov.co\/public\" target=\"_blank\" class=\"tp-resource-link\">\n                            <svg class=\"tp-link-icon\" width=\"20\" height=\"20\" viewbox=\"0 0 24 24\" fill=\"none\" stroke=\"currentColor\" stroke-width=\"2\" stroke-linecap=\"round\" stroke-linejoin=\"round\">\n                                <path d=\"M18 13v6a2 2 0 0 1-2 2H5a2 2 0 0 1-2-2V8a2 2 0 0 1 2-2h6\"><\/path>\n                                <polyline points=\"15 3 21 3 21 9\"><\/polyline>\n                                <line x1=\"10\" y1=\"14\" x2=\"21\" y2=\"3\"><\/line>\n                            <\/svg>\n                            Procedures Portal\n                        <\/a>\n                    <\/div>\n                <\/div>\n            <\/div>\n\n            <!-- Tarjeta de Derecho -->\n            <div class=\"tp-profession-card\">\n                <div class=\"tp-card-image-container\">\n                    <img decoding=\"async\" src=\"https:\/\/uninavarra.edu.co\/wp-content\/uploads\/2025\/04\/sirna.png\" alt=\"Logo Rama Judicial\" class=\"tp-entity-logo\">\n                    <div class=\"tp-image-overlay\"><\/div>\n                <\/div>\n                <div class=\"tp-card-content\">\n                    <div class=\"tp-entity-title\">Judicial Branch Superior Council of the Judiciary<\/div>\n                    <h3 class=\"tp-profession-title\">Law<\/h3>\n                    <div class=\"tp-links-container\">\n                        <a href=\"https:\/\/sirna.ramajudicial.gov.co\/Paginas\/Tramites.aspx\" target=\"_blank\" class=\"tp-resource-link\">\n                            <svg class=\"tp-link-icon\" width=\"20\" height=\"20\" viewbox=\"0 0 24 24\" fill=\"none\" stroke=\"currentColor\" stroke-width=\"2\" stroke-linecap=\"round\" stroke-linejoin=\"round\">\n                                <path d=\"M18 13v6a2 2 0 0 1-2 2H5a2 2 0 0 1-2-2V8a2 2 0 0 1 2-2h6\"><\/path>\n                                <polyline points=\"15 3 21 3 21 9\"><\/polyline>\n                                <line x1=\"10\" y1=\"14\" x2=\"21\" y2=\"3\"><\/line>\n                            <\/svg>\n                            SIRNA System - Procedures\n                        <\/a>\n                    <\/div>\n                <\/div>\n            <\/div>\n\n            <!-- Tarjeta de Ingenier\u00edas -->\n            <div class=\"tp-profession-card\">\n                <div class=\"tp-card-image-container\">\n                    <img decoding=\"async\" src=\"https:\/\/uninavarra.edu.co\/wp-content\/uploads\/2025\/04\/copnia.png\" alt=\"Logo COPNIA\" class=\"tp-entity-logo\">\n                    <div class=\"tp-image-overlay\"><\/div>\n                <\/div>\n                <div class=\"tp-card-content\">\n                    <div class=\"tp-entity-title\">COPNIA - National Professional Engineering Council<\/div>\n                    <h3 class=\"tp-profession-title\">Engineering<\/h3>\n                    <div class=\"tp-links-container\">\n                        <a href=\"https:\/\/tramites.copnia.gov.co\/Copnia_Microsite\/ProfessionalCertificateAndRelated\/ProcessInformation\" target=\"_blank\" class=\"tp-resource-link\">\n                            <svg class=\"tp-link-icon\" width=\"20\" height=\"20\" viewbox=\"0 0 24 24\" fill=\"none\" stroke=\"currentColor\" stroke-width=\"2\" stroke-linecap=\"round\" stroke-linejoin=\"round\">\n                                <path d=\"M18 13v6a2 2 0 0 1-2 2H5a2 2 0 0 1-2-2V8a2 2 0 0 1 2-2h6\"><\/path>\n                                <polyline points=\"15 3 21 3 21 9\"><\/polyline>\n                                <line x1=\"10\" y1=\"14\" x2=\"21\" y2=\"3\"><\/line>\n                            <\/svg>\n                            Process Information\n                        <\/a>\n                    <\/div>\n                <\/div>\n            <\/div>\n        <\/div>\n    <\/div>\n<\/div>\n\t\t<\/div>\n\t<\/div>\n\n\t\t<\/div> \n\t<\/div><\/div><\/div><\/div>\n<\/div>","protected":false},"excerpt":{"rendered":"Colegio M\u00e9dico Colombiano CMC Medicina Tr\u00e1mite de Tarjeta Profesional Video Tutorial Organizaci\u00f3n Colegial de Enfermer\u00eda Enfermer\u00eda Inscripci\u00f3n RETHUS Consejo Profesional de Administraci\u00f3n de Empresas Administraci\u00f3n de Empresas Portal de Tr\u00e1mites [...]","protected":false},"author":13,"featured_media":68058,"parent":10,"menu_order":0,"comment_status":"closed","ping_status":"closed","template":"","meta":{"footnotes":""},"categories":[1],"tags":[],"class_list":["post-51146","page","type-page","status-publish","has-post-thumbnail","hentry","category-uncategorized"],"yoast_head":"<!-- This site is optimized with the Yoast SEO plugin v27.2 - https:\/\/yoast.com\/product\/yoast-seo-wordpress\/ -->\n<title>Tr\u00e1mite de Tarjetas Profesionales - Uninavarra<\/title>\n<meta name=\"robots\" content=\"index, follow, max-snippet:-1, max-image-preview:large, max-video-preview:-1\" \/>\n<link rel=\"canonical\" href=\"https:\/\/uninavarra.edu.co\/en\/egresados\/graduados-sobresalientes\/\" \/>\n<meta property=\"og:locale\" content=\"en_US\" \/>\n<meta property=\"og:type\" content=\"article\" \/>\n<meta property=\"og:title\" content=\"Tr\u00e1mite de Tarjetas Profesionales - Uninavarra\" \/>\n<meta property=\"og:url\" content=\"https:\/\/uninavarra.edu.co\/en\/egresados\/graduados-sobresalientes\/\" \/>\n<meta property=\"og:site_name\" content=\"Uninavarra\" \/>\n<meta property=\"article:publisher\" content=\"https:\/\/www.facebook.com\/UninavarraEduca\" \/>\n<meta property=\"article:modified_time\" content=\"2025-04-22T13:15:39+00:00\" \/>\n<meta property=\"og:image\" content=\"https:\/\/uninavarra.edu.co\/wp-content\/uploads\/2023\/12\/banner-generico.png\" \/>\n\t<meta property=\"og:image:width\" content=\"2480\" \/>\n\t<meta property=\"og:image:height\" content=\"276\" \/>\n\t<meta property=\"og:image:type\" content=\"image\/png\" \/>\n<meta name=\"twitter:card\" content=\"summary_large_image\" \/>\n<meta name=\"twitter:site\" content=\"@uninavarraeduca\" \/>\n<meta name=\"twitter:label1\" content=\"Est. reading time\" \/>\n\t<meta name=\"twitter:data1\" content=\"1 minute\" \/>\n<script type=\"application\/ld+json\" class=\"yoast-schema-graph\">{\"@context\":\"https:\/\/schema.org\",\"@graph\":[{\"@type\":\"WebPage\",\"@id\":\"https:\/\/uninavarra.edu.co\/egresados\/graduados-sobresalientes\/\",\"url\":\"https:\/\/uninavarra.edu.co\/egresados\/graduados-sobresalientes\/\",\"name\":\"Tr\u00e1mite de Tarjetas Profesionales - Uninavarra\",\"isPartOf\":{\"@id\":\"https:\/\/uninavarra.edu.co\/#website\"},\"primaryImageOfPage\":{\"@id\":\"https:\/\/uninavarra.edu.co\/egresados\/graduados-sobresalientes\/#primaryimage\"},\"image\":{\"@id\":\"https:\/\/uninavarra.edu.co\/egresados\/graduados-sobresalientes\/#primaryimage\"},\"thumbnailUrl\":\"https:\/\/uninavarra.edu.co\/wp-content\/uploads\/2023\/12\/banner-generico.png\",\"datePublished\":\"2022-09-09T19:07:34+00:00\",\"dateModified\":\"2025-04-22T13:15:39+00:00\",\"breadcrumb\":{\"@id\":\"https:\/\/uninavarra.edu.co\/egresados\/graduados-sobresalientes\/#breadcrumb\"},\"inLanguage\":\"en-US\",\"potentialAction\":[{\"@type\":\"ReadAction\",\"target\":[\"https:\/\/uninavarra.edu.co\/egresados\/graduados-sobresalientes\/\"]}]},{\"@type\":\"ImageObject\",\"inLanguage\":\"en-US\",\"@id\":\"https:\/\/uninavarra.edu.co\/egresados\/graduados-sobresalientes\/#primaryimage\",\"url\":\"https:\/\/uninavarra.edu.co\/wp-content\/uploads\/2023\/12\/banner-generico.png\",\"contentUrl\":\"https:\/\/uninavarra.edu.co\/wp-content\/uploads\/2023\/12\/banner-generico.png\",\"width\":2480,\"height\":276,\"caption\":\"banner generico\"},{\"@type\":\"BreadcrumbList\",\"@id\":\"https:\/\/uninavarra.edu.co\/egresados\/graduados-sobresalientes\/#breadcrumb\",\"itemListElement\":[{\"@type\":\"ListItem\",\"position\":1,\"name\":\"Home\",\"item\":\"https:\/\/uninavarra.edu.co\/\"},{\"@type\":\"ListItem\",\"position\":2,\"name\":\"Graduados\",\"item\":\"https:\/\/uninavarra.edu.co\/egresados\/\"},{\"@type\":\"ListItem\",\"position\":3,\"name\":\"Tr\u00e1mite de Tarjetas Profesionales\"}]},{\"@type\":\"WebSite\",\"@id\":\"https:\/\/uninavarra.edu.co\/#website\",\"url\":\"https:\/\/uninavarra.edu.co\/\",\"name\":\"UNINAVARRA\",\"description\":\"Haz realidad tu deseo de aprender\",\"publisher\":{\"@id\":\"https:\/\/uninavarra.edu.co\/#organization\"},\"potentialAction\":[{\"@type\":\"SearchAction\",\"target\":{\"@type\":\"EntryPoint\",\"urlTemplate\":\"https:\/\/uninavarra.edu.co\/?s={search_term_string}\"},\"query-input\":{\"@type\":\"PropertyValueSpecification\",\"valueRequired\":true,\"valueName\":\"search_term_string\"}}],\"inLanguage\":\"en-US\"},{\"@type\":\"Organization\",\"@id\":\"https:\/\/uninavarra.edu.co\/#organization\",\"name\":\"Fundaci\u00f3n Universitaria Navarra - UNINAVARRA\",\"url\":\"https:\/\/uninavarra.edu.co\/\",\"logo\":{\"@type\":\"ImageObject\",\"inLanguage\":\"en-US\",\"@id\":\"https:\/\/uninavarra.edu.co\/#\/schema\/logo\/image\/\",\"url\":\"https:\/\/uninavarra.edu.co\/wp-content\/uploads\/2024\/06\/Escudo-uninavarra-Solo.png\",\"contentUrl\":\"https:\/\/uninavarra.edu.co\/wp-content\/uploads\/2024\/06\/Escudo-uninavarra-Solo.png\",\"width\":1500,\"height\":1401,\"caption\":\"Fundaci\u00f3n Universitaria Navarra - UNINAVARRA\"},\"image\":{\"@id\":\"https:\/\/uninavarra.edu.co\/#\/schema\/logo\/image\/\"},\"sameAs\":[\"https:\/\/www.facebook.com\/UninavarraEduca\",\"https:\/\/x.com\/uninavarraeduca\",\"https:\/\/www.instagram.com\/uninavarra\/?hl=es\",\"https:\/\/www.linkedin.com\/in\/fundacin-universitaria-navarra-uninavarra-b41225222\/\"]}]}<\/script>\n<!-- \/ Yoast SEO plugin. -->","yoast_head_json":{"title":"Tr\u00e1mite de Tarjetas Profesionales - Uninavarra","robots":{"index":"index","follow":"follow","max-snippet":"max-snippet:-1","max-image-preview":"max-image-preview:large","max-video-preview":"max-video-preview:-1"},"canonical":"https:\/\/uninavarra.edu.co\/en\/egresados\/graduados-sobresalientes\/","og_locale":"en_US","og_type":"article","og_title":"Tr\u00e1mite de Tarjetas Profesionales - Uninavarra","og_url":"https:\/\/uninavarra.edu.co\/en\/egresados\/graduados-sobresalientes\/","og_site_name":"Uninavarra","article_publisher":"https:\/\/www.facebook.com\/UninavarraEduca","article_modified_time":"2025-04-22T13:15:39+00:00","og_image":[{"width":2480,"height":276,"url":"https:\/\/uninavarra.edu.co\/wp-content\/uploads\/2023\/12\/banner-generico.png","type":"image\/png"}],"twitter_card":"summary_large_image","twitter_site":"@uninavarraeduca","twitter_misc":{"Est. reading time":"1 minute"},"schema":{"@context":"https:\/\/schema.org","@graph":[{"@type":"WebPage","@id":"https:\/\/uninavarra.edu.co\/egresados\/graduados-sobresalientes\/","url":"https:\/\/uninavarra.edu.co\/egresados\/graduados-sobresalientes\/","name":"Tr\u00e1mite de Tarjetas Profesionales - Uninavarra","isPartOf":{"@id":"https:\/\/uninavarra.edu.co\/#website"},"primaryImageOfPage":{"@id":"https:\/\/uninavarra.edu.co\/egresados\/graduados-sobresalientes\/#primaryimage"},"image":{"@id":"https:\/\/uninavarra.edu.co\/egresados\/graduados-sobresalientes\/#primaryimage"},"thumbnailUrl":"https:\/\/uninavarra.edu.co\/wp-content\/uploads\/2023\/12\/banner-generico.png","datePublished":"2022-09-09T19:07:34+00:00","dateModified":"2025-04-22T13:15:39+00:00","breadcrumb":{"@id":"https:\/\/uninavarra.edu.co\/egresados\/graduados-sobresalientes\/#breadcrumb"},"inLanguage":"en-US","potentialAction":[{"@type":"ReadAction","target":["https:\/\/uninavarra.edu.co\/egresados\/graduados-sobresalientes\/"]}]},{"@type":"ImageObject","inLanguage":"en-US","@id":"https:\/\/uninavarra.edu.co\/egresados\/graduados-sobresalientes\/#primaryimage","url":"https:\/\/uninavarra.edu.co\/wp-content\/uploads\/2023\/12\/banner-generico.png","contentUrl":"https:\/\/uninavarra.edu.co\/wp-content\/uploads\/2023\/12\/banner-generico.png","width":2480,"height":276,"caption":"banner generico"},{"@type":"BreadcrumbList","@id":"https:\/\/uninavarra.edu.co\/egresados\/graduados-sobresalientes\/#breadcrumb","itemListElement":[{"@type":"ListItem","position":1,"name":"Home","item":"https:\/\/uninavarra.edu.co\/"},{"@type":"ListItem","position":2,"name":"Graduados","item":"https:\/\/uninavarra.edu.co\/egresados\/"},{"@type":"ListItem","position":3,"name":"Tr\u00e1mite de Tarjetas Profesionales"}]},{"@type":"WebSite","@id":"https:\/\/uninavarra.edu.co\/#website","url":"https:\/\/uninavarra.edu.co\/","name":"UNINAVARRA","description":"Make your desire to learn a reality","publisher":{"@id":"https:\/\/uninavarra.edu.co\/#organization"},"potentialAction":[{"@type":"SearchAction","target":{"@type":"EntryPoint","urlTemplate":"https:\/\/uninavarra.edu.co\/?s={search_term_string}"},"query-input":{"@type":"PropertyValueSpecification","valueRequired":true,"valueName":"search_term_string"}}],"inLanguage":"en-US"},{"@type":"Organization","@id":"https:\/\/uninavarra.edu.co\/#organization","name":"Navarre University Foundation - UNINAVARRA","url":"https:\/\/uninavarra.edu.co\/","logo":{"@type":"ImageObject","inLanguage":"en-US","@id":"https:\/\/uninavarra.edu.co\/#\/schema\/logo\/image\/","url":"https:\/\/uninavarra.edu.co\/wp-content\/uploads\/2024\/06\/Escudo-uninavarra-Solo.png","contentUrl":"https:\/\/uninavarra.edu.co\/wp-content\/uploads\/2024\/06\/Escudo-uninavarra-Solo.png","width":1500,"height":1401,"caption":"Fundaci\u00f3n Universitaria Navarra - UNINAVARRA"},"image":{"@id":"https:\/\/uninavarra.edu.co\/#\/schema\/logo\/image\/"},"sameAs":["https:\/\/www.facebook.com\/UninavarraEduca","https:\/\/x.com\/uninavarraeduca","https:\/\/www.instagram.com\/uninavarra\/?hl=es","https:\/\/www.linkedin.com\/in\/fundacin-universitaria-navarra-uninavarra-b41225222\/"]}]}},"_links":{"self":[{"href":"https:\/\/uninavarra.edu.co\/en\/wp-json\/wp\/v2\/pages\/51146","targetHints":{"allow":["GET"]}}],"collection":[{"href":"https:\/\/uninavarra.edu.co\/en\/wp-json\/wp\/v2\/pages"}],"about":[{"href":"https:\/\/uninavarra.edu.co\/en\/wp-json\/wp\/v2\/types\/page"}],"author":[{"embeddable":true,"href":"https:\/\/uninavarra.edu.co\/en\/wp-json\/wp\/v2\/users\/13"}],"replies":[{"embeddable":true,"href":"https:\/\/uninavarra.edu.co\/en\/wp-json\/wp\/v2\/comments?post=51146"}],"version-history":[{"count":0,"href":"https:\/\/uninavarra.edu.co\/en\/wp-json\/wp\/v2\/pages\/51146\/revisions"}],"up":[{"embeddable":true,"href":"https:\/\/uninavarra.edu.co\/en\/wp-json\/wp\/v2\/pages\/10"}],"wp:featuredmedia":[{"embeddable":true,"href":"https:\/\/uninavarra.edu.co\/en\/wp-json\/wp\/v2\/media\/68058"}],"wp:attachment":[{"href":"https:\/\/uninavarra.edu.co\/en\/wp-json\/wp\/v2\/media?parent=51146"}],"wp:term":[{"taxonomy":"category","embeddable":true,"href":"https:\/\/uninavarra.edu.co\/en\/wp-json\/wp\/v2\/categories?post=51146"},{"taxonomy":"post_tag","embeddable":true,"href":"https:\/\/uninavarra.edu.co\/en\/wp-json\/wp\/v2\/tags?post=51146"}],"curies":[{"name":"wp","href":"https:\/\/api.w.org\/{rel}","templated":true}]}}