{"id":51,"date":"2015-10-23T15:54:21","date_gmt":"2015-10-23T20:54:21","guid":{"rendered":"https:\/\/uninavarra.edu.co\/?page_id=51"},"modified":"2024-08-29T14:30:11","modified_gmt":"2024-08-29T19:30:11","slug":"ingenieria-industrial-old","status":"publish","type":"page","link":"https:\/\/uninavarra.edu.co\/en\/landing\/ingenieria-industrial-old\/","title":{"rendered":"Industrial Engineering"},"content":{"rendered":"<p><a id=\"intro\"><\/a><br \/>\nThe Industrial Engineering program of the NAVARRA UNIVERSITY FOUNDATION -UNINAVARRA- is structured on the basis of two training components, the basic (semesters I, II, III, IV and V) and the professionalization (semesters VI, VII, VIII, IX, and X), and five areas: basic sciences, basic engineering sciences, applied engineering, humanities and social sciences and the complementary area; with 54 subjects and 163 academic credits, structure based on the training demands of the industrial engineer.<\/p>\n<p>This program proposes a training that aims to develop skills and abilities in students in the management of productivity and business logistics. Therefore, it proposes a curriculum that contributes to this training and differentiates it from other curricula.<\/p>\n<p>The curriculum then makes explicit a greater training in the subject of productivity and logistics. To this end, it offers three production courses and two business logistics courses during the professionalization component, in semesters VII to IX. Likewise, the topic of productivity appears as a transversal element in all the other subjects of the professional component.<\/p>\n<p>The curricular structure proposed for the program also makes it distinctive with respect to others offered in the region, in the way it builds meaning from the needs detected in the environment, translated into research questions that allow establishing a dialogue of subjects and promoting teaching and learning processes for both students and teachers that allow interdisciplinary views of the objects of study, allow students to play a leading role in the process of knowledge construction, develop autonomous work strategies and result in the construction of a research culture.<\/p>\n<p><a id=\"mision-vision\"><\/a><br \/>\n<div class=\"vc_tta-container\" data-vc-action=\"collapse\"><div class=\"vc_general vc_tta vc_tta-tabs vc_tta-color-grey vc_tta-style-classic vc_tta-shape-rounded vc_tta-spacing-1 vc_tta-tabs-position-top vc_tta-controls-align-left\"><div class=\"vc_tta-tabs-container\"><ul class=\"vc_tta-tabs-list\"><li class=\"vc_tta-tab vc_active\" data-vc-tab><a href=\"#mision\" data-vc-tabs data-vc-container=\".vc_tta\"><span class=\"vc_tta-title-text\">Mission<\/span><\/a><\/li><li class=\"vc_tta-tab\" data-vc-tab><a href=\"#vision\" data-vc-tabs data-vc-container=\".vc_tta\"><span class=\"vc_tta-title-text\">Vision<\/span><\/a><\/li><\/ul><\/div><div class=\"vc_tta-panels-container\"><div class=\"vc_tta-panels\"><div class=\"vc_tta-panel vc_active\" id=\"mision\" data-vc-content=\".vc_tta-panel-body\"><div class=\"vc_tta-panel-heading\"><h4 class=\"vc_tta-panel-title\"><a href=\"#mision\" data-vc-accordion data-vc-container=\".vc_tta-container\"><span class=\"vc_tta-title-text\">Mission<\/span><\/a><\/h4><\/div><div class=\"vc_tta-panel-body\">To provide society with integrally trained engineers, committed to the industrial development of the department of Huila for the growth and prosperity of its environment.<\/div><\/div><div class=\"vc_tta-panel\" id=\"vision\" data-vc-content=\".vc_tta-panel-body\"><div class=\"vc_tta-panel-heading\"><h4 class=\"vc_tta-panel-title\"><a href=\"#vision\" data-vc-accordion data-vc-container=\".vc_tta-container\"><span class=\"vc_tta-title-text\">Vision<\/span><\/a><\/h4><\/div><div class=\"vc_tta-panel-body\">UNINAVARRA's industrial engineering program will be positioned professionally by the academic and human quality of its graduates, who will permanently demonstrate their capacity for work and leadership.<\/div><\/div><\/div><\/div><\/div><\/div>\n<h2 id=\"perfil\">Applicant Profile<\/h2>\n<h3>General admission profile and admission requirements:<\/h3>\n<p>Admission to UNINAVARRA is free and voluntary by enrollment processes of applicants according to their vocation. Admission to UNINAVARRA is based on three profiles:<\/p>\n<ul class=\"icon\">\n<li>Personal profile where personality traits of the applicants are evaluated to verify affinity with the entrance profile of each program.<\/li>\n<li>Intellectual profile where the degree of knowledge is evaluated and based on the State Aptitude and Knowledge Tests of the Colombian Institute for the Promotion of Higher Education ICFES, minimum admission scores will be established for each program.<\/li>\n<li>Attitudinal profile determined in interview processes in which the Program Director will determine the affinity between the student and the formative requirements of the program.<\/li>\n<\/ul>\n<h3 id=\"perfil-profesional\">Professional profile<\/h3>\n<p>The Industrial Engineering graduate has a comprehensive training, with knowledge to: make diagnoses of the environment that allow him\/her to provide solutions based on Industrial Engineering; the design and implementation of logistics chains; the organization of the production of a company of goods or services; the design and implementation of solutions to improve productivity in production processes of goods and services; the design and implementation of integrated management systems, the design and implementation of solutions to marketing problems of any type of company, the creation of companies; the application of the administrative process in other fields of knowledge.<\/p>\n<h3 id=\"perfil-ocupacional\">Occupational profile<\/h3>\n<p>The professional of the Industrial Engineering program is the person who, after finishing his career, can work in the field of operations management, supply chain management; formulation, evaluation and administration of projects; marketing management, administrative and financial management in any type of company.<\/p>\n<h2 id=\"convenios\">Internship Agreement<\/h2>\n<p>Currently, there are Academic Cooperation Framework Agreements and Cooperation Agreements for academic or professional internships with the following entities:<\/p>\n<ul class=\"icon\">\n<li>Electrificadora del Huila<\/li>\n<li>Neiva Chamber of Commerce<\/li>\n<li>Friends Like Rice Foundation<\/li>\n<li>Flower Mills Huila<\/li>\n<li>Molinos Roa S.A.<\/li>\n<li>TDH S.A.<\/li>\n<li>Corporaci\u00f3n Universitaria de Ciencia y Tecnolog\u00eda de Colombia<\/li>\n<li>Regional Autonomous Corporation of Alto Magdalena - CAM<\/li>\n<\/ul>","protected":false},"excerpt":{"rendered":"<p>El programa de Ingenier\u00eda industrial de la FUNDACI\u00d3N UNIVERSITARIA NAVARRA -UNINAVARRA- se estructura sobre la base de dos componentes de formaci\u00f3n, el b\u00e1sico (semestres I, II, III, IV y V) [&hellip;]<\/p>\n","protected":false},"author":165,"featured_media":0,"parent":50515,"menu_order":5,"comment_status":"closed","ping_status":"closed","template":"","meta":{"footnotes":""},"categories":[134],"tags":[],"class_list":["post-51","page","type-page","status-publish","hentry","category-programas"],"yoast_head":"<!-- This site is optimized with the Yoast SEO plugin v27.2 - https:\/\/yoast.com\/product\/yoast-seo-wordpress\/ -->\n<title>Ingenier\u00eda Industrial - Uninavarra<\/title>\n<meta name=\"robots\" content=\"index, follow, max-snippet:-1, max-image-preview:large, max-video-preview:-1\" \/>\n<link rel=\"canonical\" href=\"https:\/\/uninavarra.edu.co\/en\/landing\/ingenieria-industrial-old\/\" \/>\n<meta property=\"og:locale\" content=\"en_US\" \/>\n<meta property=\"og:type\" content=\"article\" \/>\n<meta property=\"og:title\" content=\"Ingenier\u00eda Industrial - Uninavarra\" \/>\n<meta property=\"og:description\" content=\"El programa de Ingenier\u00eda industrial de la FUNDACI\u00d3N UNIVERSITARIA NAVARRA -UNINAVARRA- se estructura sobre la base de dos componentes de formaci\u00f3n, el b\u00e1sico (semestres I, II, III, IV y V) [&hellip;]\" \/>\n<meta property=\"og:url\" content=\"https:\/\/uninavarra.edu.co\/en\/landing\/ingenieria-industrial-old\/\" \/>\n<meta property=\"og:site_name\" content=\"Uninavarra\" \/>\n<meta property=\"article:publisher\" content=\"https:\/\/www.facebook.com\/UninavarraEduca\" \/>\n<meta property=\"article:modified_time\" content=\"2024-08-29T19:30:11+00:00\" \/>\n<meta name=\"twitter:card\" content=\"summary_large_image\" \/>\n<meta name=\"twitter:site\" content=\"@uninavarraeduca\" \/>\n<meta name=\"twitter:label1\" content=\"Est. reading time\" \/>\n\t<meta name=\"twitter:data1\" content=\"4 minutes\" \/>\n<script type=\"application\/ld+json\" class=\"yoast-schema-graph\">{\"@context\":\"https:\/\/schema.org\",\"@graph\":[{\"@type\":\"WebPage\",\"@id\":\"https:\/\/uninavarra.edu.co\/en\/landing\/ingenieria-industrial-old\/\",\"url\":\"https:\/\/uninavarra.edu.co\/en\/landing\/ingenieria-industrial-old\/\",\"name\":\"Ingenier\u00eda Industrial - Uninavarra\",\"isPartOf\":{\"@id\":\"https:\/\/uninavarra.edu.co\/#website\"},\"datePublished\":\"2015-10-23T20:54:21+00:00\",\"dateModified\":\"2024-08-29T19:30:11+00:00\",\"breadcrumb\":{\"@id\":\"https:\/\/uninavarra.edu.co\/en\/landing\/ingenieria-industrial-old\/#breadcrumb\"},\"inLanguage\":\"en-US\",\"potentialAction\":[{\"@type\":\"ReadAction\",\"target\":[\"https:\/\/uninavarra.edu.co\/en\/landing\/ingenieria-industrial-old\/\"]}]},{\"@type\":\"BreadcrumbList\",\"@id\":\"https:\/\/uninavarra.edu.co\/en\/landing\/ingenieria-industrial-old\/#breadcrumb\",\"itemListElement\":[{\"@type\":\"ListItem\",\"position\":1,\"name\":\"Home\",\"item\":\"https:\/\/uninavarra.edu.co\/\"},{\"@type\":\"ListItem\",\"position\":2,\"name\":\"Oferta acad\u00e9mica\",\"item\":\"https:\/\/uninavarra.edu.co\/landing\/\"},{\"@type\":\"ListItem\",\"position\":3,\"name\":\"Ingenier\u00eda Industrial\"}]},{\"@type\":\"WebSite\",\"@id\":\"https:\/\/uninavarra.edu.co\/#website\",\"url\":\"https:\/\/uninavarra.edu.co\/\",\"name\":\"UNINAVARRA\",\"description\":\"Haz realidad tu deseo de aprender\",\"publisher\":{\"@id\":\"https:\/\/uninavarra.edu.co\/#organization\"},\"potentialAction\":[{\"@type\":\"SearchAction\",\"target\":{\"@type\":\"EntryPoint\",\"urlTemplate\":\"https:\/\/uninavarra.edu.co\/?s={search_term_string}\"},\"query-input\":{\"@type\":\"PropertyValueSpecification\",\"valueRequired\":true,\"valueName\":\"search_term_string\"}}],\"inLanguage\":\"en-US\"},{\"@type\":\"Organization\",\"@id\":\"https:\/\/uninavarra.edu.co\/#organization\",\"name\":\"Fundaci\u00f3n Universitaria Navarra - UNINAVARRA\",\"url\":\"https:\/\/uninavarra.edu.co\/\",\"logo\":{\"@type\":\"ImageObject\",\"inLanguage\":\"en-US\",\"@id\":\"https:\/\/uninavarra.edu.co\/#\/schema\/logo\/image\/\",\"url\":\"https:\/\/uninavarra.edu.co\/wp-content\/uploads\/2024\/06\/Escudo-uninavarra-Solo.png\",\"contentUrl\":\"https:\/\/uninavarra.edu.co\/wp-content\/uploads\/2024\/06\/Escudo-uninavarra-Solo.png\",\"width\":1500,\"height\":1401,\"caption\":\"Fundaci\u00f3n Universitaria Navarra - UNINAVARRA\"},\"image\":{\"@id\":\"https:\/\/uninavarra.edu.co\/#\/schema\/logo\/image\/\"},\"sameAs\":[\"https:\/\/www.facebook.com\/UninavarraEduca\",\"https:\/\/x.com\/uninavarraeduca\",\"https:\/\/www.instagram.com\/uninavarra\/?hl=es\",\"https:\/\/www.linkedin.com\/in\/fundacin-universitaria-navarra-uninavarra-b41225222\/\"]}]}<\/script>\n<!-- \/ Yoast SEO plugin. -->","yoast_head_json":{"title":"Ingenier\u00eda Industrial - Uninavarra","robots":{"index":"index","follow":"follow","max-snippet":"max-snippet:-1","max-image-preview":"max-image-preview:large","max-video-preview":"max-video-preview:-1"},"canonical":"https:\/\/uninavarra.edu.co\/en\/landing\/ingenieria-industrial-old\/","og_locale":"en_US","og_type":"article","og_title":"Ingenier\u00eda Industrial - Uninavarra","og_description":"El programa de Ingenier\u00eda industrial de la FUNDACI\u00d3N UNIVERSITARIA NAVARRA -UNINAVARRA- se estructura sobre la base de dos componentes de formaci\u00f3n, el b\u00e1sico (semestres I, II, III, IV y V) [&hellip;]","og_url":"https:\/\/uninavarra.edu.co\/en\/landing\/ingenieria-industrial-old\/","og_site_name":"Uninavarra","article_publisher":"https:\/\/www.facebook.com\/UninavarraEduca","article_modified_time":"2024-08-29T19:30:11+00:00","twitter_card":"summary_large_image","twitter_site":"@uninavarraeduca","twitter_misc":{"Est. reading time":"4 minutes"},"schema":{"@context":"https:\/\/schema.org","@graph":[{"@type":"WebPage","@id":"https:\/\/uninavarra.edu.co\/en\/landing\/ingenieria-industrial-old\/","url":"https:\/\/uninavarra.edu.co\/en\/landing\/ingenieria-industrial-old\/","name":"Ingenier\u00eda Industrial - Uninavarra","isPartOf":{"@id":"https:\/\/uninavarra.edu.co\/#website"},"datePublished":"2015-10-23T20:54:21+00:00","dateModified":"2024-08-29T19:30:11+00:00","breadcrumb":{"@id":"https:\/\/uninavarra.edu.co\/en\/landing\/ingenieria-industrial-old\/#breadcrumb"},"inLanguage":"en-US","potentialAction":[{"@type":"ReadAction","target":["https:\/\/uninavarra.edu.co\/en\/landing\/ingenieria-industrial-old\/"]}]},{"@type":"BreadcrumbList","@id":"https:\/\/uninavarra.edu.co\/en\/landing\/ingenieria-industrial-old\/#breadcrumb","itemListElement":[{"@type":"ListItem","position":1,"name":"Home","item":"https:\/\/uninavarra.edu.co\/"},{"@type":"ListItem","position":2,"name":"Oferta acad\u00e9mica","item":"https:\/\/uninavarra.edu.co\/landing\/"},{"@type":"ListItem","position":3,"name":"Ingenier\u00eda Industrial"}]},{"@type":"WebSite","@id":"https:\/\/uninavarra.edu.co\/#website","url":"https:\/\/uninavarra.edu.co\/","name":"UNINAVARRA","description":"Make your desire to learn a reality","publisher":{"@id":"https:\/\/uninavarra.edu.co\/#organization"},"potentialAction":[{"@type":"SearchAction","target":{"@type":"EntryPoint","urlTemplate":"https:\/\/uninavarra.edu.co\/?s={search_term_string}"},"query-input":{"@type":"PropertyValueSpecification","valueRequired":true,"valueName":"search_term_string"}}],"inLanguage":"en-US"},{"@type":"Organization","@id":"https:\/\/uninavarra.edu.co\/#organization","name":"Navarre University Foundation - UNINAVARRA","url":"https:\/\/uninavarra.edu.co\/","logo":{"@type":"ImageObject","inLanguage":"en-US","@id":"https:\/\/uninavarra.edu.co\/#\/schema\/logo\/image\/","url":"https:\/\/uninavarra.edu.co\/wp-content\/uploads\/2024\/06\/Escudo-uninavarra-Solo.png","contentUrl":"https:\/\/uninavarra.edu.co\/wp-content\/uploads\/2024\/06\/Escudo-uninavarra-Solo.png","width":1500,"height":1401,"caption":"Fundaci\u00f3n Universitaria Navarra - UNINAVARRA"},"image":{"@id":"https:\/\/uninavarra.edu.co\/#\/schema\/logo\/image\/"},"sameAs":["https:\/\/www.facebook.com\/UninavarraEduca","https:\/\/x.com\/uninavarraeduca","https:\/\/www.instagram.com\/uninavarra\/?hl=es","https:\/\/www.linkedin.com\/in\/fundacin-universitaria-navarra-uninavarra-b41225222\/"]}]}},"_links":{"self":[{"href":"https:\/\/uninavarra.edu.co\/en\/wp-json\/wp\/v2\/pages\/51","targetHints":{"allow":["GET"]}}],"collection":[{"href":"https:\/\/uninavarra.edu.co\/en\/wp-json\/wp\/v2\/pages"}],"about":[{"href":"https:\/\/uninavarra.edu.co\/en\/wp-json\/wp\/v2\/types\/page"}],"author":[{"embeddable":true,"href":"https:\/\/uninavarra.edu.co\/en\/wp-json\/wp\/v2\/users\/165"}],"replies":[{"embeddable":true,"href":"https:\/\/uninavarra.edu.co\/en\/wp-json\/wp\/v2\/comments?post=51"}],"version-history":[{"count":0,"href":"https:\/\/uninavarra.edu.co\/en\/wp-json\/wp\/v2\/pages\/51\/revisions"}],"up":[{"embeddable":true,"href":"https:\/\/uninavarra.edu.co\/en\/wp-json\/wp\/v2\/pages\/50515"}],"wp:attachment":[{"href":"https:\/\/uninavarra.edu.co\/en\/wp-json\/wp\/v2\/media?parent=51"}],"wp:term":[{"taxonomy":"category","embeddable":true,"href":"https:\/\/uninavarra.edu.co\/en\/wp-json\/wp\/v2\/categories?post=51"},{"taxonomy":"post_tag","embeddable":true,"href":"https:\/\/uninavarra.edu.co\/en\/wp-json\/wp\/v2\/tags?post=51"}],"curies":[{"name":"wp","href":"https:\/\/api.w.org\/{rel}","templated":true}]}}