{"id":49739,"date":"2022-08-05T14:52:39","date_gmt":"2022-08-05T19:52:39","guid":{"rendered":"https:\/\/uninavarra.edu.co\/?page_id=49739"},"modified":"2022-08-05T15:06:11","modified_gmt":"2022-08-05T20:06:11","slug":"husac-eventos-wcms-2022-program","status":"publish","type":"page","link":"https:\/\/uninavarra.edu.co\/en\/husac\/husac-wcms-2022\/husac-eventos-wcms-2022-program\/","title":{"rendered":"HUSAC - Events - WCMS 2022 - Program"},"content":{"rendered":"<div class=\"wpb-content-wrapper\"><section id=\"ivcii\" class=\"vc_section\"><div id=\"menu\" data-vc-full-width=\"true\" data-vc-full-width-init=\"false\" data-vc-stretch-content=\"true\" class=\"wpb-container\"><div class=\"container-full\"><div class=\"vc_row wpb_row vc_row-fluid row\"><div class=\"col-sm-12  vc_\">\n\t\t<div class=\"wpb_wrapper\">\n\t\t\t\n\t<div class=\"wpb_raw_code wpb_raw_html wpb_content_element\" >\n\t\t<div class=\"wpb_wrapper\">\n\t\t\t<div class=\"topnav\" id=\"myTopnav\">\n<div id=\"fila-prueba\">\n<div class=\"menu_cina\">\n<nav class=\"nav_cina\">\n<ul>\n  <li class=\"item1\"><a href=\"https:\/\/uninavarra.edu.co\/husac\/husac-wcms-2022\/husac-eventos-wcms-2022-program\/\">Program<\/a><\/li>\n  <li><a href=\"https:\/\/uninavarra.edu.co\/husac\/husac-wcms-2022\/husac-eventos-wcms-2022-abstracts\/\">Abstracts<\/a><\/li>\n  <li><a href=\"#\">Registration<\/a><\/li>\n  <li><a href=\"#\">WCMS<\/a><\/li>\n  <li><a href=\"#\">COVID-19 Information<\/a><\/li>\n<li><a href=\"#\">Contact<\/a><\/li>\n<\/ul>\n<\/nav>\n<\/div>\n<\/div>\n  <a href=\"javascript:void(0);\" class=\"icon\" onclick=\"myFunction()\">\n    <i class=\"fa fa-bars\"><\/i>\n  <\/a>\n<\/div>\n\n\n<script>\nfunction myFunction() {\n  var x = document.getElementById(\"myTopnav\");\n  if (x.className === \"topnav\") {\n    x.className += \" responsive\";\n  } else {\n    x.className = \"topnav\";\n  }\n}\n<\/script>\n\t\t<\/div>\n\t<\/div>\n\n\t\t<\/div> \n\t<\/div><\/div><\/div><\/div><div class=\"vc_row-full-width\"><\/div><div class=\"wpb-container\"><div class=\"container\"><div class=\"vc_row wpb_row vc_row-fluid row\"><div class=\"col-sm-12  vc_\">\n\t\t<div class=\"wpb_wrapper\">\n\t\t\t\n\t<div class=\"wpb_raw_code wpb_raw_html wpb_content_element\" >\n\t\t<div class=\"wpb_wrapper\">\n\t\t\t<h2 style=\"text-align: center;\" class=\"colorTexto\">Important dates<\/h2>\n<table class=\"tabla_fechas\" align=\"center\">\n<tbody>\n<tr>\n<td><strong>Call for papers :<\/strong><\/td>\n<td>until July 1, 2022<\/td>\n<\/tr>\n<tr>\n<td><strong>Deadline for receipt of poster abstracts :<\/strong><\/td>\n<td>until July 30, 2022<\/td>\n<\/tr>\n<tr>\n<td><strong>Deadline for receipt of full papers for oral presentation :<\/strong><\/td>\n<td>until August 18, 2022<\/td>\n<\/tr>\n<tr>\n<td><strong>Request for clarifications and\/or corrections :<\/strong><\/td>\n<td>until August 30, 2022<\/td>\n<\/tr>\n<tr>\n<td><strong>Deadline for receipt of full papers for oral presentation :<\/strong><\/td>\n<td>until August 20, 2021<\/td>\n<\/tr>\n<tr>\n<td><strong>Receipt of final version of abstracts and full papers :<\/strong><\/td>\n<td>until August 20, 2021<\/td>\n<\/tr>\n<\/tbody>\n<\/table>\n<br>\n<br>\n<br>\n\t\t<\/div>\n\t<\/div>\n\n\t\t<\/div> \n\t<\/div><\/div><\/div><\/div><\/section>\n<\/div>","protected":false},"excerpt":{"rendered":"Program Abstracts Registration WCMS COVID-19 Information Contact Fechas importantes Apertura de convocatoria para recepci\u00f3n de trabajos : hasta el 1 de julio del 2022 Fecha l\u00edmite de recepci\u00f3n de abstracts [...]","protected":false},"author":13,"featured_media":48125,"parent":49729,"menu_order":0,"comment_status":"closed","ping_status":"closed","template":"","meta":{"footnotes":""},"categories":[],"tags":[],"class_list":["post-49739","page","type-page","status-publish","has-post-thumbnail","hentry"],"yoast_head":"<!-- This site is optimized with the Yoast SEO plugin v27.4 - https:\/\/yoast.com\/product\/yoast-seo-wordpress\/ -->\n<title>HUSAC \u2013 Eventos \u2013 WCMS 2022 - Program - Uninavarra<\/title>\n<meta name=\"robots\" content=\"index, follow, max-snippet:-1, max-image-preview:large, max-video-preview:-1\" \/>\n<link rel=\"canonical\" href=\"https:\/\/uninavarra.edu.co\/en\/husac\/husac-wcms-2022\/husac-eventos-wcms-2022-program\/\" \/>\n<meta property=\"og:locale\" content=\"en_US\" \/>\n<meta property=\"og:type\" content=\"article\" \/>\n<meta property=\"og:title\" content=\"HUSAC \u2013 Eventos \u2013 WCMS 2022 - Program - Uninavarra\" \/>\n<meta property=\"og:url\" content=\"https:\/\/uninavarra.edu.co\/en\/husac\/husac-wcms-2022\/husac-eventos-wcms-2022-program\/\" \/>\n<meta property=\"og:site_name\" content=\"Uninavarra\" \/>\n<meta property=\"article:publisher\" content=\"https:\/\/www.facebook.com\/UninavarraEduca\" \/>\n<meta property=\"article:modified_time\" content=\"2022-08-05T20:06:11+00:00\" \/>\n<meta property=\"og:image\" content=\"https:\/\/uninavarra.edu.co\/wp-content\/uploads\/2022\/06\/Background-WCMS-UNINAVARRA-1-1-scaled.jpg\" \/>\n\t<meta property=\"og:image:width\" content=\"10000\" \/>\n\t<meta property=\"og:image:height\" content=\"2500\" \/>\n\t<meta property=\"og:image:type\" content=\"image\/jpeg\" \/>\n<meta name=\"twitter:card\" content=\"summary_large_image\" \/>\n<meta name=\"twitter:site\" content=\"@uninavarraeduca\" \/>\n<meta name=\"twitter:label1\" content=\"Est. reading time\" \/>\n\t<meta name=\"twitter:data1\" content=\"2 minutes\" \/>\n<script type=\"application\/ld+json\" class=\"yoast-schema-graph\">{\"@context\":\"https:\\\/\\\/schema.org\",\"@graph\":[{\"@type\":\"WebPage\",\"@id\":\"https:\\\/\\\/uninavarra.edu.co\\\/husac\\\/husac-wcms-2022\\\/husac-eventos-wcms-2022-program\\\/\",\"url\":\"https:\\\/\\\/uninavarra.edu.co\\\/husac\\\/husac-wcms-2022\\\/husac-eventos-wcms-2022-program\\\/\",\"name\":\"HUSAC \u2013 Eventos \u2013 WCMS 2022 - Program - Uninavarra\",\"isPartOf\":{\"@id\":\"https:\\\/\\\/uninavarra.edu.co\\\/#website\"},\"primaryImageOfPage\":{\"@id\":\"https:\\\/\\\/uninavarra.edu.co\\\/husac\\\/husac-wcms-2022\\\/husac-eventos-wcms-2022-program\\\/#primaryimage\"},\"image\":{\"@id\":\"https:\\\/\\\/uninavarra.edu.co\\\/husac\\\/husac-wcms-2022\\\/husac-eventos-wcms-2022-program\\\/#primaryimage\"},\"thumbnailUrl\":\"https:\\\/\\\/uninavarra.edu.co\\\/wp-content\\\/uploads\\\/2022\\\/06\\\/Background-WCMS-UNINAVARRA-1-1-scaled.jpg\",\"datePublished\":\"2022-08-05T19:52:39+00:00\",\"dateModified\":\"2022-08-05T20:06:11+00:00\",\"breadcrumb\":{\"@id\":\"https:\\\/\\\/uninavarra.edu.co\\\/husac\\\/husac-wcms-2022\\\/husac-eventos-wcms-2022-program\\\/#breadcrumb\"},\"inLanguage\":\"en-US\",\"potentialAction\":[{\"@type\":\"ReadAction\",\"target\":[\"https:\\\/\\\/uninavarra.edu.co\\\/husac\\\/husac-wcms-2022\\\/husac-eventos-wcms-2022-program\\\/\"]}]},{\"@type\":\"ImageObject\",\"inLanguage\":\"en-US\",\"@id\":\"https:\\\/\\\/uninavarra.edu.co\\\/husac\\\/husac-wcms-2022\\\/husac-eventos-wcms-2022-program\\\/#primaryimage\",\"url\":\"https:\\\/\\\/uninavarra.edu.co\\\/wp-content\\\/uploads\\\/2022\\\/06\\\/Background-WCMS-UNINAVARRA-1-1-scaled.jpg\",\"contentUrl\":\"https:\\\/\\\/uninavarra.edu.co\\\/wp-content\\\/uploads\\\/2022\\\/06\\\/Background-WCMS-UNINAVARRA-1-1-scaled.jpg\",\"width\":10000,\"height\":2500},{\"@type\":\"BreadcrumbList\",\"@id\":\"https:\\\/\\\/uninavarra.edu.co\\\/husac\\\/husac-wcms-2022\\\/husac-eventos-wcms-2022-program\\\/#breadcrumb\",\"itemListElement\":[{\"@type\":\"ListItem\",\"position\":1,\"name\":\"Home\",\"item\":\"https:\\\/\\\/uninavarra.edu.co\\\/\"},{\"@type\":\"ListItem\",\"position\":2,\"name\":\"Hospital Universitario Simulado de Alta Complejidad &#8211; HUSAC\",\"item\":\"https:\\\/\\\/uninavarra.edu.co\\\/husac\\\/\"},{\"@type\":\"ListItem\",\"position\":3,\"name\":\"HUSAC &#8211; Eventos &#8211; WCMS 2022\",\"item\":\"https:\\\/\\\/uninavarra.edu.co\\\/husac\\\/husac-wcms-2022\\\/\"},{\"@type\":\"ListItem\",\"position\":4,\"name\":\"HUSAC \u2013 Eventos \u2013 WCMS 2022 &#8211; Program\"}]},{\"@type\":\"WebSite\",\"@id\":\"https:\\\/\\\/uninavarra.edu.co\\\/#website\",\"url\":\"https:\\\/\\\/uninavarra.edu.co\\\/\",\"name\":\"UNINAVARRA\",\"description\":\"Haz realidad tu deseo de aprender\",\"publisher\":{\"@id\":\"https:\\\/\\\/uninavarra.edu.co\\\/#organization\"},\"potentialAction\":[{\"@type\":\"SearchAction\",\"target\":{\"@type\":\"EntryPoint\",\"urlTemplate\":\"https:\\\/\\\/uninavarra.edu.co\\\/?s={search_term_string}\"},\"query-input\":{\"@type\":\"PropertyValueSpecification\",\"valueRequired\":true,\"valueName\":\"search_term_string\"}}],\"inLanguage\":\"en-US\"},{\"@type\":\"Organization\",\"@id\":\"https:\\\/\\\/uninavarra.edu.co\\\/#organization\",\"name\":\"Fundaci\u00f3n Universitaria Navarra - UNINAVARRA\",\"url\":\"https:\\\/\\\/uninavarra.edu.co\\\/\",\"logo\":{\"@type\":\"ImageObject\",\"inLanguage\":\"en-US\",\"@id\":\"https:\\\/\\\/uninavarra.edu.co\\\/#\\\/schema\\\/logo\\\/image\\\/\",\"url\":\"https:\\\/\\\/uninavarra.edu.co\\\/wp-content\\\/uploads\\\/2024\\\/06\\\/Escudo-uninavarra-Solo.png\",\"contentUrl\":\"https:\\\/\\\/uninavarra.edu.co\\\/wp-content\\\/uploads\\\/2024\\\/06\\\/Escudo-uninavarra-Solo.png\",\"width\":1500,\"height\":1401,\"caption\":\"Fundaci\u00f3n Universitaria Navarra - UNINAVARRA\"},\"image\":{\"@id\":\"https:\\\/\\\/uninavarra.edu.co\\\/#\\\/schema\\\/logo\\\/image\\\/\"},\"sameAs\":[\"https:\\\/\\\/www.facebook.com\\\/UninavarraEduca\",\"https:\\\/\\\/x.com\\\/uninavarraeduca\",\"https:\\\/\\\/www.instagram.com\\\/uninavarra\\\/?hl=es\",\"https:\\\/\\\/www.linkedin.com\\\/in\\\/fundacin-universitaria-navarra-uninavarra-b41225222\\\/\"]}]}<\/script>\n<!-- \/ Yoast SEO plugin. -->","yoast_head_json":{"title":"HUSAC \u2013 Eventos \u2013 WCMS 2022 - Program - Uninavarra","robots":{"index":"index","follow":"follow","max-snippet":"max-snippet:-1","max-image-preview":"max-image-preview:large","max-video-preview":"max-video-preview:-1"},"canonical":"https:\/\/uninavarra.edu.co\/en\/husac\/husac-wcms-2022\/husac-eventos-wcms-2022-program\/","og_locale":"en_US","og_type":"article","og_title":"HUSAC \u2013 Eventos \u2013 WCMS 2022 - Program - Uninavarra","og_url":"https:\/\/uninavarra.edu.co\/en\/husac\/husac-wcms-2022\/husac-eventos-wcms-2022-program\/","og_site_name":"Uninavarra","article_publisher":"https:\/\/www.facebook.com\/UninavarraEduca","article_modified_time":"2022-08-05T20:06:11+00:00","og_image":[{"width":10000,"height":2500,"url":"https:\/\/uninavarra.edu.co\/wp-content\/uploads\/2022\/06\/Background-WCMS-UNINAVARRA-1-1-scaled.jpg","type":"image\/jpeg"}],"twitter_card":"summary_large_image","twitter_site":"@uninavarraeduca","twitter_misc":{"Est. reading time":"2 minutes"},"schema":{"@context":"https:\/\/schema.org","@graph":[{"@type":"WebPage","@id":"https:\/\/uninavarra.edu.co\/husac\/husac-wcms-2022\/husac-eventos-wcms-2022-program\/","url":"https:\/\/uninavarra.edu.co\/husac\/husac-wcms-2022\/husac-eventos-wcms-2022-program\/","name":"HUSAC \u2013 Eventos \u2013 WCMS 2022 - Program - Uninavarra","isPartOf":{"@id":"https:\/\/uninavarra.edu.co\/#website"},"primaryImageOfPage":{"@id":"https:\/\/uninavarra.edu.co\/husac\/husac-wcms-2022\/husac-eventos-wcms-2022-program\/#primaryimage"},"image":{"@id":"https:\/\/uninavarra.edu.co\/husac\/husac-wcms-2022\/husac-eventos-wcms-2022-program\/#primaryimage"},"thumbnailUrl":"https:\/\/uninavarra.edu.co\/wp-content\/uploads\/2022\/06\/Background-WCMS-UNINAVARRA-1-1-scaled.jpg","datePublished":"2022-08-05T19:52:39+00:00","dateModified":"2022-08-05T20:06:11+00:00","breadcrumb":{"@id":"https:\/\/uninavarra.edu.co\/husac\/husac-wcms-2022\/husac-eventos-wcms-2022-program\/#breadcrumb"},"inLanguage":"en-US","potentialAction":[{"@type":"ReadAction","target":["https:\/\/uninavarra.edu.co\/husac\/husac-wcms-2022\/husac-eventos-wcms-2022-program\/"]}]},{"@type":"ImageObject","inLanguage":"en-US","@id":"https:\/\/uninavarra.edu.co\/husac\/husac-wcms-2022\/husac-eventos-wcms-2022-program\/#primaryimage","url":"https:\/\/uninavarra.edu.co\/wp-content\/uploads\/2022\/06\/Background-WCMS-UNINAVARRA-1-1-scaled.jpg","contentUrl":"https:\/\/uninavarra.edu.co\/wp-content\/uploads\/2022\/06\/Background-WCMS-UNINAVARRA-1-1-scaled.jpg","width":10000,"height":2500},{"@type":"BreadcrumbList","@id":"https:\/\/uninavarra.edu.co\/husac\/husac-wcms-2022\/husac-eventos-wcms-2022-program\/#breadcrumb","itemListElement":[{"@type":"ListItem","position":1,"name":"Home","item":"https:\/\/uninavarra.edu.co\/"},{"@type":"ListItem","position":2,"name":"Hospital Universitario Simulado de Alta Complejidad &#8211; HUSAC","item":"https:\/\/uninavarra.edu.co\/husac\/"},{"@type":"ListItem","position":3,"name":"HUSAC &#8211; Eventos &#8211; WCMS 2022","item":"https:\/\/uninavarra.edu.co\/husac\/husac-wcms-2022\/"},{"@type":"ListItem","position":4,"name":"HUSAC \u2013 Eventos \u2013 WCMS 2022 &#8211; Program"}]},{"@type":"WebSite","@id":"https:\/\/uninavarra.edu.co\/#website","url":"https:\/\/uninavarra.edu.co\/","name":"UNINAVARRA","description":"Make your desire to learn a reality","publisher":{"@id":"https:\/\/uninavarra.edu.co\/#organization"},"potentialAction":[{"@type":"SearchAction","target":{"@type":"EntryPoint","urlTemplate":"https:\/\/uninavarra.edu.co\/?s={search_term_string}"},"query-input":{"@type":"PropertyValueSpecification","valueRequired":true,"valueName":"search_term_string"}}],"inLanguage":"en-US"},{"@type":"Organization","@id":"https:\/\/uninavarra.edu.co\/#organization","name":"Navarre University Foundation - UNINAVARRA","url":"https:\/\/uninavarra.edu.co\/","logo":{"@type":"ImageObject","inLanguage":"en-US","@id":"https:\/\/uninavarra.edu.co\/#\/schema\/logo\/image\/","url":"https:\/\/uninavarra.edu.co\/wp-content\/uploads\/2024\/06\/Escudo-uninavarra-Solo.png","contentUrl":"https:\/\/uninavarra.edu.co\/wp-content\/uploads\/2024\/06\/Escudo-uninavarra-Solo.png","width":1500,"height":1401,"caption":"Fundaci\u00f3n Universitaria Navarra - UNINAVARRA"},"image":{"@id":"https:\/\/uninavarra.edu.co\/#\/schema\/logo\/image\/"},"sameAs":["https:\/\/www.facebook.com\/UninavarraEduca","https:\/\/x.com\/uninavarraeduca","https:\/\/www.instagram.com\/uninavarra\/?hl=es","https:\/\/www.linkedin.com\/in\/fundacin-universitaria-navarra-uninavarra-b41225222\/"]}]}},"_links":{"self":[{"href":"https:\/\/uninavarra.edu.co\/en\/wp-json\/wp\/v2\/pages\/49739","targetHints":{"allow":["GET"]}}],"collection":[{"href":"https:\/\/uninavarra.edu.co\/en\/wp-json\/wp\/v2\/pages"}],"about":[{"href":"https:\/\/uninavarra.edu.co\/en\/wp-json\/wp\/v2\/types\/page"}],"author":[{"embeddable":true,"href":"https:\/\/uninavarra.edu.co\/en\/wp-json\/wp\/v2\/users\/13"}],"replies":[{"embeddable":true,"href":"https:\/\/uninavarra.edu.co\/en\/wp-json\/wp\/v2\/comments?post=49739"}],"version-history":[{"count":0,"href":"https:\/\/uninavarra.edu.co\/en\/wp-json\/wp\/v2\/pages\/49739\/revisions"}],"up":[{"embeddable":true,"href":"https:\/\/uninavarra.edu.co\/en\/wp-json\/wp\/v2\/pages\/49729"}],"wp:featuredmedia":[{"embeddable":true,"href":"https:\/\/uninavarra.edu.co\/en\/wp-json\/wp\/v2\/media\/48125"}],"wp:attachment":[{"href":"https:\/\/uninavarra.edu.co\/en\/wp-json\/wp\/v2\/media?parent=49739"}],"wp:term":[{"taxonomy":"category","embeddable":true,"href":"https:\/\/uninavarra.edu.co\/en\/wp-json\/wp\/v2\/categories?post=49739"},{"taxonomy":"post_tag","embeddable":true,"href":"https:\/\/uninavarra.edu.co\/en\/wp-json\/wp\/v2\/tags?post=49739"}],"curies":[{"name":"wp","href":"https:\/\/api.w.org\/{rel}","templated":true}]}}