{"id":47724,"date":"2022-06-22T10:18:01","date_gmt":"2022-06-22T15:18:01","guid":{"rendered":"https:\/\/uninavarra.edu.co\/?page_id=47724"},"modified":"2022-06-24T09:57:40","modified_gmt":"2022-06-24T14:57:40","slug":"husac-areas-y-humanoides","status":"publish","type":"page","link":"https:\/\/uninavarra.edu.co\/en\/husac\/husac-areas-y-humanoides\/","title":{"rendered":"HUSAC - Areas and Humanoids"},"content":{"rendered":"<div class=\"wpb-content-wrapper\"><div class=\"wpb-container\"><div class=\"container\"><div class=\"vc_row wpb_row vc_row-fluid row\"><div class=\"col-sm-2  vc_\">\n\t\t<div class=\"wpb_wrapper\">\n\t\t\t\n\t\t<\/div> \n\t<\/div><div class=\"col-sm-8  vc_\">\n\t\t<div class=\"wpb_wrapper\">\n\t\t\t\n\t<div class=\"wpb_raw_code wpb_raw_html wpb_content_element\" >\n\t\t<div class=\"wpb_wrapper\">\n\t\t\t<head>\n<link href=\"https:\/\/fonts.googleapis.com\/css?family=Comfortaa|Questrial|Quicksand|Raleway&display=swap\" rel=\"stylesheet\">\n<\/head>\n\n\t\t<\/div>\n\t<\/div>\n<h2 style=\"text-align: center;font-family:Abril Fatface;font-weight:400;font-style:normal\" class=\"vc_custom_heading vc_do_custom_heading\" >Semiology<\/h2><h3 style=\"color: #000000;text-align: center;font-family:Abril Fatface;font-weight:400;font-style:normal\" class=\"vc_custom_heading vc_do_custom_heading\" >SAM<\/h3><div class=\"wpb_single_image wpb_content_element vc_align_center\">\n\t\t<div class=\"wpb_wrapper\">\n\t\t\t\n\t\t\t<a href=\"#\" target=\"_self\"><img decoding=\"async\" width=\"145\" height=\"218\" src=\"https:\/\/uninavarra.edu.co\/wp-content\/uploads\/2022\/06\/Imagen5.jpg\" class=\"vc_box_border_grey attachment-full\" alt=\"\" title=\"Image5\" srcset=\"https:\/\/uninavarra.edu.co\/wp-content\/uploads\/2022\/06\/Imagen5.jpg 145w, https:\/\/uninavarra.edu.co\/wp-content\/uploads\/2022\/06\/Imagen5-100x150.jpg 100w\" sizes=\"(max-width: 145px) 100vw, 145px\" \/><\/a>\n\t\t<\/div> \n\t<\/div><div class=\"vc_empty_space\"   style=\"height: 16px\"><span class=\"vc_empty_space_inner\"><\/span><\/div>\n\t<div class=\"wpb_text_column wpb_content_element\" >\n\t\t<div class=\"wpb_wrapper\">\n\t\t\t<p><span style=\"font-family: helvetica, arial, sans-serif;\">The SAM auscultation training humanoid was developed to be simple and easy to operate. Configurable to teach desired heart, lung, bowel or murmur sounds.<\/span><\/p>\n<ul>\n<li><span style=\"font-family: helvetica, arial, sans-serif;\">* Extensive auscultation library consisting of 34 heart sounds, 11 heart-lung combinations, 45 lung sounds, 11 bowel sounds and 4 murmurs.<\/span><\/li>\n<li><span style=\"font-family: helvetica, arial, sans-serif;\">* 24 Real Sounds, 24 case studies and 12 echocardiogram videos incorporated into the software.<\/span><\/li>\n<li><span style=\"font-family: helvetica, arial, sans-serif;\">* ECG waveforms for all heart sounds<\/span><\/li>\n<li><span style=\"font-family: helvetica, arial, sans-serif;\">* Auscultation with any clinical stethoscope<\/span><\/li>\n<li><span style=\"font-family: helvetica, arial, sans-serif;\">* Palpable carotid pulse<\/span><\/li>\n<\/ul>\n\n\t\t<\/div>\n\t<\/div>\n<div class=\"vc_empty_space\"   style=\"height: 16px\"><span class=\"vc_empty_space_inner\"><\/span><\/div>\n\t\t<\/div> \n\t<\/div><div class=\"col-sm-2  vc_\">\n\t\t<div class=\"wpb_wrapper\">\n\t\t\t\n\t\t<\/div> \n\t<\/div><\/div><\/div><\/div><div class=\"wpb-container\"><div class=\"container\"><div class=\"vc_row wpb_row vc_row-fluid row\"><div class=\"col-sm-6  vc_\">\n\t\t<div class=\"wpb_wrapper\">\n\t\t\t<h2 style=\"text-align: center;font-family:Abril Fatface;font-weight:400;font-style:normal\" class=\"vc_custom_heading vc_do_custom_heading\" >Internal Medicine<\/h2><h3 style=\"color: #000000;text-align: center;font-family:Abril Fatface;font-weight:400;font-style:normal\" class=\"vc_custom_heading vc_do_custom_heading\" >SimMan 3G<\/h3><div class=\"wpb_single_image wpb_content_element vc_align_center\">\n\t\t<div class=\"wpb_wrapper\">\n\t\t\t\n\t\t\t<a href=\"#\" target=\"_self\"><img fetchpriority=\"high\" decoding=\"async\" width=\"340\" height=\"227\" src=\"https:\/\/uninavarra.edu.co\/wp-content\/uploads\/2022\/06\/Imagen1.jpg\" class=\"vc_box_border_grey attachment-full\" alt=\"\" title=\"Image1\" srcset=\"https:\/\/uninavarra.edu.co\/wp-content\/uploads\/2022\/06\/Imagen1.jpg 340w, https:\/\/uninavarra.edu.co\/wp-content\/uploads\/2022\/06\/Imagen1-150x100.jpg 150w, https:\/\/uninavarra.edu.co\/wp-content\/uploads\/2022\/06\/Imagen1-300x200.jpg 300w\" sizes=\"(max-width: 340px) 100vw, 340px\" \/><\/a>\n\t\t<\/div> \n\t<\/div><div class=\"vc_row wpb_row vc_inner vc_row-fluid\"><div class=\"vc_ col-sm-12\"><div class=\"vc_column-inner\"><div class=\"wpb_wrapper\">\n\t<div class=\"wpb_text_column wpb_content_element\" >\n\t\t<div class=\"wpb_wrapper\">\n\t\t\t<p>Advanced patient simulation system that facilitates basic and advanced life support training.<\/p>\n<ul>\n<li>Recommended procedures:\n<ul>\n<li>* i-Gel<\/li>\n<li>* Fiberoptic intubation<\/li>\n<li>* Combitube (the small adult size is adequate)<\/li>\n<li>* Retrograde intubation<\/li>\n<li>* Needle cricothyrotomy<\/li>\n<li>* Surgical cricothyrotomy<\/li>\n<\/ul>\n<\/li>\n<\/ul>\n\n\t\t<\/div>\n\t<\/div>\n<\/div><\/div><\/div><\/div>\n\t\t<\/div> \n\t<\/div><div class=\"col-sm-6  vc_\">\n\t\t<div class=\"wpb_wrapper\">\n\t\t\t<h2 style=\"text-align: center;font-family:Abril Fatface;font-weight:400;font-style:normal\" class=\"vc_custom_heading vc_do_custom_heading\" >Pediatrics<\/h2><div class=\"vc_row wpb_row vc_inner vc_row-fluid\"><div class=\"vc_ col-sm-6\"><div class=\"vc_column-inner\"><div class=\"wpb_wrapper\"><h3 style=\"color: #000000;text-align: center;font-family:Abril Fatface;font-weight:400;font-style:normal\" class=\"vc_custom_heading vc_do_custom_heading\" >Advanced pediatric hall<\/h3><div class=\"wpb_single_image wpb_content_element vc_align_center\">\n\t\t<div class=\"wpb_wrapper\">\n\t\t\t\n\t\t\t<a href=\"#\" target=\"_self\"><img decoding=\"async\" width=\"340\" height=\"227\" src=\"https:\/\/uninavarra.edu.co\/wp-content\/uploads\/2022\/06\/Imagen3.jpg\" class=\"vc_box_border_grey attachment-full\" alt=\"\" title=\"Image3\" srcset=\"https:\/\/uninavarra.edu.co\/wp-content\/uploads\/2022\/06\/Imagen3.jpg 340w, https:\/\/uninavarra.edu.co\/wp-content\/uploads\/2022\/06\/Imagen3-150x100.jpg 150w, https:\/\/uninavarra.edu.co\/wp-content\/uploads\/2022\/06\/Imagen3-300x200.jpg 300w\" sizes=\"(max-width: 340px) 100vw, 340px\" \/><\/a>\n\t\t<\/div> \n\t<\/div><\/div><\/div><\/div><div class=\"vc_ col-sm-6\"><div class=\"vc_column-inner\"><div class=\"wpb_wrapper\"><h3 style=\"color: #000000;text-align: center;font-family:Abril Fatface;font-weight:400;font-style:normal\" class=\"vc_custom_heading vc_do_custom_heading\" >Super Tory<\/h3><div class=\"vc_empty_space\"   style=\"height: 16px\"><span class=\"vc_empty_space_inner\"><\/span><\/div><div class=\"wpb_single_image wpb_content_element vc_align_center\">\n\t\t<div class=\"wpb_wrapper\">\n\t\t\t\n\t\t\t<a href=\"#\" target=\"_self\"><img loading=\"lazy\" decoding=\"async\" width=\"340\" height=\"227\" src=\"https:\/\/uninavarra.edu.co\/wp-content\/uploads\/2022\/06\/Imagen2.jpg\" class=\"vc_box_border_grey attachment-full\" alt=\"\" title=\"Image2\" srcset=\"https:\/\/uninavarra.edu.co\/wp-content\/uploads\/2022\/06\/Imagen2.jpg 340w, https:\/\/uninavarra.edu.co\/wp-content\/uploads\/2022\/06\/Imagen2-150x100.jpg 150w, https:\/\/uninavarra.edu.co\/wp-content\/uploads\/2022\/06\/Imagen2-300x200.jpg 300w\" sizes=\"(max-width: 340px) 100vw, 340px\" \/><\/a>\n\t\t<\/div> \n\t<\/div><\/div><\/div><\/div><\/div><div class=\"vc_row wpb_row vc_inner vc_row-fluid\"><div class=\"vc_ col-sm-12\"><div class=\"vc_column-inner\"><div class=\"wpb_wrapper\">\n\t<div class=\"wpb_text_column wpb_content_element\" >\n\t\t<div class=\"wpb_wrapper\">\n\t\t\t<p>Pediatric simulator designed to help providers at all levels develop the specialized skills needed to effectively communicate, diagnose and treat young patients in nearly all clinical areas.<\/p>\n<ul>\n<li>* Active robotics simulates realistic facial expressions including: anger, transient pain, continuous pain, astonishment, questioning, crying and yawning.<\/li>\n<li>* Pre-programmed emotional states automatically express associated verbal and non-verbal signals without manual input: worried, anxious, lethargic and distracted.<\/li>\n<li>* Create customized facial expressions through the UNI interface.<\/li>\n<li>* Programmable jaw movement, bilateral or unilateral eyebrows movement and horizontal neck rotation<\/li>\n<li>* Automatically turns head and eyes toward approaching subjects within sensor range<\/li>\n<li>* Stiffness in the neck (torticollis)<\/li>\n<li>* The interactive eyes can automatically follow a moving object.<\/li>\n<li>* Programmable flicker rate, pupil response, bilateral and unilateral eye movement<\/li>\n<\/ul>\n\n\t\t<\/div>\n\t<\/div>\n<\/div><\/div><\/div><\/div>\n\t\t<\/div> \n\t<\/div><\/div><\/div><\/div><div class=\"wpb-container\"><div class=\"container\"><div class=\"vc_row wpb_row vc_row-fluid row\"><div class=\"col-sm-6  vc_\">\n\t\t<div class=\"wpb_wrapper\">\n\t\t\t<h2 style=\"text-align: center;font-family:Abril Fatface;font-weight:400;font-style:normal\" class=\"vc_custom_heading vc_do_custom_heading\" >Gynecology and Obstetrics<\/h2><h3 style=\"color: #000000;text-align: center;font-family:Abril Fatface;font-weight:400;font-style:normal\" class=\"vc_custom_heading vc_do_custom_heading\" >Sim Mom<\/h3><div class=\"wpb_single_image wpb_content_element vc_align_center\">\n\t\t<div class=\"wpb_wrapper\">\n\t\t\t\n\t\t\t<a href=\"#\" target=\"_self\"><img loading=\"lazy\" decoding=\"async\" width=\"340\" height=\"227\" src=\"https:\/\/uninavarra.edu.co\/wp-content\/uploads\/2022\/06\/Imagen4.jpg\" class=\"vc_box_border_grey attachment-full\" alt=\"\" title=\"Image4\" srcset=\"https:\/\/uninavarra.edu.co\/wp-content\/uploads\/2022\/06\/Imagen4.jpg 340w, https:\/\/uninavarra.edu.co\/wp-content\/uploads\/2022\/06\/Imagen4-150x100.jpg 150w, https:\/\/uninavarra.edu.co\/wp-content\/uploads\/2022\/06\/Imagen4-300x200.jpg 300w\" sizes=\"(max-width: 340px) 100vw, 340px\" \/><\/a>\n\t\t<\/div> \n\t<\/div>\n\t<div class=\"wpb_text_column wpb_content_element\" >\n\t\t<div class=\"wpb_wrapper\">\n\t\t\t<p>Childbirth simulator representing an adult woman pregnant at term.<\/p>\n<p>By manipulating the simulator's limbs and rotating its shoulder and hip joints, you can simulate the following birthing positions:<\/p>\n<ul>\n<li>* Supine<\/li>\n<li>* Left lateral<\/li>\n<li>* Semi-recumbent<\/li>\n<li>* Legs on stirrups<\/li>\n<li>* On all fours<\/li>\n<li>* Mcroberts<\/li>\n<\/ul>\n\n\t\t<\/div>\n\t<\/div>\n\n\t\t<\/div> \n\t<\/div><div class=\"col-sm-6  vc_\">\n\t\t<div class=\"wpb_wrapper\">\n\t\t\t<h2 style=\"text-align: center;font-family:Abril Fatface;font-weight:400;font-style:normal\" class=\"vc_custom_heading vc_do_custom_heading\" >General Surgery<\/h2><h3 style=\"color: #000000;text-align: center;font-family:Abril Fatface;font-weight:400;font-style:normal\" class=\"vc_custom_heading vc_do_custom_heading\" >AngioSuite\/CathLab<\/h3><div class=\"wpb_single_image wpb_content_element vc_align_center\">\n\t\t<div class=\"wpb_wrapper\">\n\t\t\t\n\t\t\t<a href=\"#\" target=\"_self\"><img loading=\"lazy\" decoding=\"async\" width=\"300\" height=\"200\" src=\"https:\/\/uninavarra.edu.co\/wp-content\/uploads\/2022\/06\/IMG_5616-300x200.jpg\" class=\"vc_box_border_grey attachment-medium\" alt=\"\" title=\"IMG_5616\" srcset=\"https:\/\/uninavarra.edu.co\/wp-content\/uploads\/2022\/06\/IMG_5616-300x200.jpg 300w, https:\/\/uninavarra.edu.co\/wp-content\/uploads\/2022\/06\/IMG_5616-150x100.jpg 150w, https:\/\/uninavarra.edu.co\/wp-content\/uploads\/2022\/06\/IMG_5616-768x512.jpg 768w, https:\/\/uninavarra.edu.co\/wp-content\/uploads\/2022\/06\/IMG_5616-1024x683.jpg 1024w, https:\/\/uninavarra.edu.co\/wp-content\/uploads\/2022\/06\/IMG_5616-1536x1024.jpg 1536w, https:\/\/uninavarra.edu.co\/wp-content\/uploads\/2022\/06\/IMG_5616-2048x1365.jpg 2048w\" sizes=\"(max-width: 300px) 100vw, 300px\" \/><\/a>\n\t\t<\/div> \n\t<\/div>\n\t<div class=\"wpb_text_column wpb_content_element\" >\n\t\t<div class=\"wpb_wrapper\">\n\t\t\t<p>Room for advanced simulation of catheterization and hemodynamics processes in general, together with a simulation area for laparoscopic surgery procedures.<\/p>\n\n\t\t<\/div>\n\t<\/div>\n\n\t\t<\/div> \n\t<\/div><\/div><\/div><\/div>\n<\/div>","protected":false},"excerpt":{"rendered":"Semiolog\u00edaSAM El humanoide de entrenamiento para auscultaci\u00f3n SAM fue desarrollado para ser simple y f\u00e1cil de operar. Configurable para ense\u00f1ar los sonidos card\u00edacos, pulmonares, intestinales o soplos deseados. * Amplia [...]","protected":false},"author":13,"featured_media":48125,"parent":47712,"menu_order":0,"comment_status":"closed","ping_status":"closed","template":"","meta":{"footnotes":""},"categories":[1],"tags":[],"class_list":["post-47724","page","type-page","status-publish","has-post-thumbnail","hentry","category-uncategorized"],"yoast_head":"<!-- This site is optimized with the Yoast SEO plugin v27.2 - https:\/\/yoast.com\/product\/yoast-seo-wordpress\/ -->\n<title>HUSAC - Areas y Humanoides - Uninavarra<\/title>\n<meta name=\"robots\" content=\"index, follow, max-snippet:-1, max-image-preview:large, max-video-preview:-1\" \/>\n<link rel=\"canonical\" href=\"https:\/\/uninavarra.edu.co\/en\/husac\/husac-areas-y-humanoides\/\" \/>\n<meta property=\"og:locale\" content=\"en_US\" \/>\n<meta property=\"og:type\" content=\"article\" \/>\n<meta property=\"og:title\" content=\"HUSAC - Areas y Humanoides - Uninavarra\" \/>\n<meta property=\"og:url\" content=\"https:\/\/uninavarra.edu.co\/en\/husac\/husac-areas-y-humanoides\/\" \/>\n<meta property=\"og:site_name\" content=\"Uninavarra\" \/>\n<meta property=\"article:publisher\" content=\"https:\/\/www.facebook.com\/UninavarraEduca\" \/>\n<meta property=\"article:modified_time\" content=\"2022-06-24T14:57:40+00:00\" \/>\n<meta property=\"og:image\" content=\"https:\/\/uninavarra.edu.co\/wp-content\/uploads\/2022\/06\/Background-WCMS-UNINAVARRA-1-1-scaled.jpg\" \/>\n\t<meta property=\"og:image:width\" content=\"10000\" \/>\n\t<meta property=\"og:image:height\" content=\"2500\" \/>\n\t<meta property=\"og:image:type\" content=\"image\/jpeg\" \/>\n<meta name=\"twitter:card\" content=\"summary_large_image\" \/>\n<meta name=\"twitter:site\" content=\"@uninavarraeduca\" \/>\n<meta name=\"twitter:label1\" content=\"Est. reading time\" \/>\n\t<meta name=\"twitter:data1\" content=\"4 minutes\" \/>\n<script type=\"application\/ld+json\" class=\"yoast-schema-graph\">{\"@context\":\"https:\/\/schema.org\",\"@graph\":[{\"@type\":\"WebPage\",\"@id\":\"https:\/\/uninavarra.edu.co\/husac\/husac-areas-y-humanoides\/\",\"url\":\"https:\/\/uninavarra.edu.co\/husac\/husac-areas-y-humanoides\/\",\"name\":\"HUSAC - Areas y Humanoides - Uninavarra\",\"isPartOf\":{\"@id\":\"https:\/\/uninavarra.edu.co\/#website\"},\"primaryImageOfPage\":{\"@id\":\"https:\/\/uninavarra.edu.co\/husac\/husac-areas-y-humanoides\/#primaryimage\"},\"image\":{\"@id\":\"https:\/\/uninavarra.edu.co\/husac\/husac-areas-y-humanoides\/#primaryimage\"},\"thumbnailUrl\":\"https:\/\/uninavarra.edu.co\/wp-content\/uploads\/2022\/06\/Background-WCMS-UNINAVARRA-1-1-scaled.jpg\",\"datePublished\":\"2022-06-22T15:18:01+00:00\",\"dateModified\":\"2022-06-24T14:57:40+00:00\",\"breadcrumb\":{\"@id\":\"https:\/\/uninavarra.edu.co\/husac\/husac-areas-y-humanoides\/#breadcrumb\"},\"inLanguage\":\"en-US\",\"potentialAction\":[{\"@type\":\"ReadAction\",\"target\":[\"https:\/\/uninavarra.edu.co\/husac\/husac-areas-y-humanoides\/\"]}]},{\"@type\":\"ImageObject\",\"inLanguage\":\"en-US\",\"@id\":\"https:\/\/uninavarra.edu.co\/husac\/husac-areas-y-humanoides\/#primaryimage\",\"url\":\"https:\/\/uninavarra.edu.co\/wp-content\/uploads\/2022\/06\/Background-WCMS-UNINAVARRA-1-1-scaled.jpg\",\"contentUrl\":\"https:\/\/uninavarra.edu.co\/wp-content\/uploads\/2022\/06\/Background-WCMS-UNINAVARRA-1-1-scaled.jpg\",\"width\":10000,\"height\":2500},{\"@type\":\"BreadcrumbList\",\"@id\":\"https:\/\/uninavarra.edu.co\/husac\/husac-areas-y-humanoides\/#breadcrumb\",\"itemListElement\":[{\"@type\":\"ListItem\",\"position\":1,\"name\":\"Home\",\"item\":\"https:\/\/uninavarra.edu.co\/\"},{\"@type\":\"ListItem\",\"position\":2,\"name\":\"Hospital Universitario Simulado de Alta Complejidad &#8211; HUSAC\",\"item\":\"https:\/\/uninavarra.edu.co\/husac\/\"},{\"@type\":\"ListItem\",\"position\":3,\"name\":\"HUSAC &#8211; Areas y Humanoides\"}]},{\"@type\":\"WebSite\",\"@id\":\"https:\/\/uninavarra.edu.co\/#website\",\"url\":\"https:\/\/uninavarra.edu.co\/\",\"name\":\"UNINAVARRA\",\"description\":\"Haz realidad tu deseo de aprender\",\"publisher\":{\"@id\":\"https:\/\/uninavarra.edu.co\/#organization\"},\"potentialAction\":[{\"@type\":\"SearchAction\",\"target\":{\"@type\":\"EntryPoint\",\"urlTemplate\":\"https:\/\/uninavarra.edu.co\/?s={search_term_string}\"},\"query-input\":{\"@type\":\"PropertyValueSpecification\",\"valueRequired\":true,\"valueName\":\"search_term_string\"}}],\"inLanguage\":\"en-US\"},{\"@type\":\"Organization\",\"@id\":\"https:\/\/uninavarra.edu.co\/#organization\",\"name\":\"Fundaci\u00f3n Universitaria Navarra - UNINAVARRA\",\"url\":\"https:\/\/uninavarra.edu.co\/\",\"logo\":{\"@type\":\"ImageObject\",\"inLanguage\":\"en-US\",\"@id\":\"https:\/\/uninavarra.edu.co\/#\/schema\/logo\/image\/\",\"url\":\"https:\/\/uninavarra.edu.co\/wp-content\/uploads\/2024\/06\/Escudo-uninavarra-Solo.png\",\"contentUrl\":\"https:\/\/uninavarra.edu.co\/wp-content\/uploads\/2024\/06\/Escudo-uninavarra-Solo.png\",\"width\":1500,\"height\":1401,\"caption\":\"Fundaci\u00f3n Universitaria Navarra - UNINAVARRA\"},\"image\":{\"@id\":\"https:\/\/uninavarra.edu.co\/#\/schema\/logo\/image\/\"},\"sameAs\":[\"https:\/\/www.facebook.com\/UninavarraEduca\",\"https:\/\/x.com\/uninavarraeduca\",\"https:\/\/www.instagram.com\/uninavarra\/?hl=es\",\"https:\/\/www.linkedin.com\/in\/fundacin-universitaria-navarra-uninavarra-b41225222\/\"]}]}<\/script>\n<!-- \/ Yoast SEO plugin. -->","yoast_head_json":{"title":"HUSAC - Areas y Humanoides - Uninavarra","robots":{"index":"index","follow":"follow","max-snippet":"max-snippet:-1","max-image-preview":"max-image-preview:large","max-video-preview":"max-video-preview:-1"},"canonical":"https:\/\/uninavarra.edu.co\/en\/husac\/husac-areas-y-humanoides\/","og_locale":"en_US","og_type":"article","og_title":"HUSAC - Areas y Humanoides - Uninavarra","og_url":"https:\/\/uninavarra.edu.co\/en\/husac\/husac-areas-y-humanoides\/","og_site_name":"Uninavarra","article_publisher":"https:\/\/www.facebook.com\/UninavarraEduca","article_modified_time":"2022-06-24T14:57:40+00:00","og_image":[{"width":10000,"height":2500,"url":"https:\/\/uninavarra.edu.co\/wp-content\/uploads\/2022\/06\/Background-WCMS-UNINAVARRA-1-1-scaled.jpg","type":"image\/jpeg"}],"twitter_card":"summary_large_image","twitter_site":"@uninavarraeduca","twitter_misc":{"Est. reading time":"4 minutes"},"schema":{"@context":"https:\/\/schema.org","@graph":[{"@type":"WebPage","@id":"https:\/\/uninavarra.edu.co\/husac\/husac-areas-y-humanoides\/","url":"https:\/\/uninavarra.edu.co\/husac\/husac-areas-y-humanoides\/","name":"HUSAC - Areas y Humanoides - Uninavarra","isPartOf":{"@id":"https:\/\/uninavarra.edu.co\/#website"},"primaryImageOfPage":{"@id":"https:\/\/uninavarra.edu.co\/husac\/husac-areas-y-humanoides\/#primaryimage"},"image":{"@id":"https:\/\/uninavarra.edu.co\/husac\/husac-areas-y-humanoides\/#primaryimage"},"thumbnailUrl":"https:\/\/uninavarra.edu.co\/wp-content\/uploads\/2022\/06\/Background-WCMS-UNINAVARRA-1-1-scaled.jpg","datePublished":"2022-06-22T15:18:01+00:00","dateModified":"2022-06-24T14:57:40+00:00","breadcrumb":{"@id":"https:\/\/uninavarra.edu.co\/husac\/husac-areas-y-humanoides\/#breadcrumb"},"inLanguage":"en-US","potentialAction":[{"@type":"ReadAction","target":["https:\/\/uninavarra.edu.co\/husac\/husac-areas-y-humanoides\/"]}]},{"@type":"ImageObject","inLanguage":"en-US","@id":"https:\/\/uninavarra.edu.co\/husac\/husac-areas-y-humanoides\/#primaryimage","url":"https:\/\/uninavarra.edu.co\/wp-content\/uploads\/2022\/06\/Background-WCMS-UNINAVARRA-1-1-scaled.jpg","contentUrl":"https:\/\/uninavarra.edu.co\/wp-content\/uploads\/2022\/06\/Background-WCMS-UNINAVARRA-1-1-scaled.jpg","width":10000,"height":2500},{"@type":"BreadcrumbList","@id":"https:\/\/uninavarra.edu.co\/husac\/husac-areas-y-humanoides\/#breadcrumb","itemListElement":[{"@type":"ListItem","position":1,"name":"Home","item":"https:\/\/uninavarra.edu.co\/"},{"@type":"ListItem","position":2,"name":"Hospital Universitario Simulado de Alta Complejidad &#8211; HUSAC","item":"https:\/\/uninavarra.edu.co\/husac\/"},{"@type":"ListItem","position":3,"name":"HUSAC &#8211; Areas y Humanoides"}]},{"@type":"WebSite","@id":"https:\/\/uninavarra.edu.co\/#website","url":"https:\/\/uninavarra.edu.co\/","name":"UNINAVARRA","description":"Make your desire to learn a reality","publisher":{"@id":"https:\/\/uninavarra.edu.co\/#organization"},"potentialAction":[{"@type":"SearchAction","target":{"@type":"EntryPoint","urlTemplate":"https:\/\/uninavarra.edu.co\/?s={search_term_string}"},"query-input":{"@type":"PropertyValueSpecification","valueRequired":true,"valueName":"search_term_string"}}],"inLanguage":"en-US"},{"@type":"Organization","@id":"https:\/\/uninavarra.edu.co\/#organization","name":"Navarre University Foundation - UNINAVARRA","url":"https:\/\/uninavarra.edu.co\/","logo":{"@type":"ImageObject","inLanguage":"en-US","@id":"https:\/\/uninavarra.edu.co\/#\/schema\/logo\/image\/","url":"https:\/\/uninavarra.edu.co\/wp-content\/uploads\/2024\/06\/Escudo-uninavarra-Solo.png","contentUrl":"https:\/\/uninavarra.edu.co\/wp-content\/uploads\/2024\/06\/Escudo-uninavarra-Solo.png","width":1500,"height":1401,"caption":"Fundaci\u00f3n Universitaria Navarra - UNINAVARRA"},"image":{"@id":"https:\/\/uninavarra.edu.co\/#\/schema\/logo\/image\/"},"sameAs":["https:\/\/www.facebook.com\/UninavarraEduca","https:\/\/x.com\/uninavarraeduca","https:\/\/www.instagram.com\/uninavarra\/?hl=es","https:\/\/www.linkedin.com\/in\/fundacin-universitaria-navarra-uninavarra-b41225222\/"]}]}},"_links":{"self":[{"href":"https:\/\/uninavarra.edu.co\/en\/wp-json\/wp\/v2\/pages\/47724","targetHints":{"allow":["GET"]}}],"collection":[{"href":"https:\/\/uninavarra.edu.co\/en\/wp-json\/wp\/v2\/pages"}],"about":[{"href":"https:\/\/uninavarra.edu.co\/en\/wp-json\/wp\/v2\/types\/page"}],"author":[{"embeddable":true,"href":"https:\/\/uninavarra.edu.co\/en\/wp-json\/wp\/v2\/users\/13"}],"replies":[{"embeddable":true,"href":"https:\/\/uninavarra.edu.co\/en\/wp-json\/wp\/v2\/comments?post=47724"}],"version-history":[{"count":0,"href":"https:\/\/uninavarra.edu.co\/en\/wp-json\/wp\/v2\/pages\/47724\/revisions"}],"up":[{"embeddable":true,"href":"https:\/\/uninavarra.edu.co\/en\/wp-json\/wp\/v2\/pages\/47712"}],"wp:featuredmedia":[{"embeddable":true,"href":"https:\/\/uninavarra.edu.co\/en\/wp-json\/wp\/v2\/media\/48125"}],"wp:attachment":[{"href":"https:\/\/uninavarra.edu.co\/en\/wp-json\/wp\/v2\/media?parent=47724"}],"wp:term":[{"taxonomy":"category","embeddable":true,"href":"https:\/\/uninavarra.edu.co\/en\/wp-json\/wp\/v2\/categories?post=47724"},{"taxonomy":"post_tag","embeddable":true,"href":"https:\/\/uninavarra.edu.co\/en\/wp-json\/wp\/v2\/tags?post=47724"}],"curies":[{"name":"wp","href":"https:\/\/api.w.org\/{rel}","templated":true}]}}