{"id":47720,"date":"2022-06-22T10:14:25","date_gmt":"2022-06-22T15:14:25","guid":{"rendered":"https:\/\/uninavarra.edu.co\/?page_id=47720"},"modified":"2022-06-24T10:21:46","modified_gmt":"2022-06-24T15:21:46","slug":"husac-nosotros","status":"publish","type":"page","link":"https:\/\/uninavarra.edu.co\/en\/husac\/husac-nosotros\/","title":{"rendered":"HUSAC - About us"},"content":{"rendered":"<div class=\"wpb-content-wrapper\"><div class=\"wpb-container\"><div class=\"container\"><div class=\"vc_row wpb_row vc_row-fluid row\"><div class=\"col-sm-6  vc_\">\n\t\t<div class=\"wpb_wrapper\">\n\t\t\t\n\t<div class=\"wpb_raw_code wpb_raw_html wpb_content_element\" >\n\t\t<div class=\"wpb_wrapper\">\n\t\t\t<head>\n<link href=\"https:\/\/fonts.googleapis.com\/css?family=Comfortaa|Questrial|Quicksand|Raleway&display=swap\" rel=\"stylesheet\">\n<\/head>\n\n\t\t<\/div>\n\t<\/div>\n\n\t<div class=\"wpb_text_column wpb_content_element\" >\n\t\t<div class=\"wpb_wrapper\">\n\t\t\t<p>Currently, the Fundaci\u00f3n Universitaria Navarra in collaboration with the Universidad de la Sabana is developing a research project called \".<em>The Simulation Clinic as an Innovative Interdisciplinary Learning Environment<\/em>\"which has the following objectives:<\/p>\n<p><strong>General Objective:<\/strong><\/p>\n<p>to identify the scope and limitations of an interdisciplinary learning environment through an innovative initiative called \"...\".<em>Simulation clinic<\/em>\u201c.<\/p>\n<p><strong>Specific objectives:<\/strong><\/p>\n<ol>\n<li>To implement the didactic strategy of Simulation Based Learning - ABS in the simulation clinic, as a quality guideline in the university training process.<\/li>\n<li>Adapt the curriculum of university programs, through the inclusion of Simulation Based Learning - ABS, as part of the training of students, prior to the beginning of the interdisciplinary and transdisciplinary training practice in the real scenario.<\/li>\n<li>To determine the effects of the simulation clinic on student learning in the context of the competencies acquired during the internship stage.<\/li>\n<\/ol>\n\n\t\t<\/div>\n\t<\/div>\n\n\t\t<\/div> \n\t<\/div><div class=\"col-sm-6  vc_\">\n\t\t<div class=\"wpb_wrapper\">\n\t\t\t<div class=\"wpb_single_image wpb_content_element vc_align_center\">\n\t\t<div class=\"wpb_wrapper\">\n\t\t\t\n\t\t\t<a href=\"#\" target=\"_self\"><img fetchpriority=\"high\" decoding=\"async\" width=\"4624\" height=\"3468\" src=\"https:\/\/uninavarra.edu.co\/wp-content\/uploads\/2022\/06\/20201002_162010-scaled.jpg\" class=\"vc_box_border_grey attachment-full\" alt=\"\" title=\"20201002_162010\" \/><\/a>\n\t\t<\/div> \n\t<\/div>\n\t<div class=\"wpb_text_column wpb_content_element\" >\n\t\t<div class=\"wpb_wrapper\">\n\t\t\t<p><em>Joint simulation practice (students of the gynecology course and the pediatrics course). Own source<\/em><\/p>\n\n\t\t<\/div>\n\t<\/div>\n\n\t\t<\/div> \n\t<\/div><\/div><\/div><\/div><div class=\"wpb-container\"><div class=\"container\"><div class=\"vc_row wpb_row vc_row-fluid row\"><div class=\"col-sm-12  vc_\">\n\t\t<div class=\"wpb_wrapper\">\n\t\t\t<div class=\"vc_empty_space\"   style=\"height: 16px\"><span class=\"vc_empty_space_inner\"><\/span><\/div>\n\t<div class=\"wpb_video_widget wpb_content_element vc_clearfix   vc_video-aspect-ratio-169 vc_video-el-width-100 vc_video-align-center\" >\n\t\t<div class=\"wpb_wrapper\">\n\t\t\t\n\t\t\t<div class=\"wpb_video_wrapper\"><iframe title=\"TRAINING IN INTERDISCIPLINARY SIMULATED ENVIRONMENTS PRIOR TO TRAINING INTERNSHIPS\" width=\"500\" height=\"281\" src=\"https:\/\/www.youtube.com\/embed\/zS3I62z9clE?feature=oembed\" frameborder=\"0\" allow=\"accelerometer; autoplay; clipboard-write; encrypted-media; gyroscope; picture-in-picture; web-share\" allowfullscreen><\/iframe><\/div>\n\t\t<\/div>\n\t<\/div>\n\n\t\t<\/div> \n\t<\/div><\/div><\/div><\/div>\n<\/div>","protected":false},"excerpt":{"rendered":"Actualmente la Fundaci\u00f3n Universitaria Navarra en colaboraci\u00f3n con la Universidad de la Sabana se encuentra desarrollando el proyecto de investigaci\u00f3n denominado \"La Cl\u00ednica de Simulaci\u00f3n como Entorno Innovador de Aprendizaje [...]","protected":false},"author":13,"featured_media":48125,"parent":47712,"menu_order":0,"comment_status":"closed","ping_status":"closed","template":"","meta":{"footnotes":""},"categories":[1],"tags":[],"class_list":["post-47720","page","type-page","status-publish","has-post-thumbnail","hentry","category-uncategorized"],"yoast_head":"<!-- This site is optimized with the Yoast SEO plugin v27.2 - https:\/\/yoast.com\/product\/yoast-seo-wordpress\/ -->\n<title>HUSAC - Nosotros - Uninavarra<\/title>\n<meta name=\"robots\" content=\"index, follow, max-snippet:-1, max-image-preview:large, max-video-preview:-1\" \/>\n<link rel=\"canonical\" href=\"https:\/\/uninavarra.edu.co\/en\/husac\/husac-nosotros\/\" \/>\n<meta property=\"og:locale\" content=\"en_US\" \/>\n<meta property=\"og:type\" content=\"article\" \/>\n<meta property=\"og:title\" content=\"HUSAC - Nosotros - Uninavarra\" \/>\n<meta property=\"og:url\" content=\"https:\/\/uninavarra.edu.co\/en\/husac\/husac-nosotros\/\" \/>\n<meta property=\"og:site_name\" content=\"Uninavarra\" \/>\n<meta property=\"article:publisher\" content=\"https:\/\/www.facebook.com\/UninavarraEduca\" \/>\n<meta property=\"article:modified_time\" content=\"2022-06-24T15:21:46+00:00\" \/>\n<meta property=\"og:image\" content=\"https:\/\/uninavarra.edu.co\/wp-content\/uploads\/2022\/06\/Background-WCMS-UNINAVARRA-1-1-scaled.jpg\" \/>\n\t<meta property=\"og:image:width\" content=\"10000\" \/>\n\t<meta property=\"og:image:height\" content=\"2500\" \/>\n\t<meta property=\"og:image:type\" content=\"image\/jpeg\" \/>\n<meta name=\"twitter:card\" content=\"summary_large_image\" \/>\n<meta name=\"twitter:site\" content=\"@uninavarraeduca\" \/>\n<meta name=\"twitter:label1\" content=\"Est. reading time\" \/>\n\t<meta name=\"twitter:data1\" content=\"1 minute\" \/>\n<script type=\"application\/ld+json\" class=\"yoast-schema-graph\">{\"@context\":\"https:\/\/schema.org\",\"@graph\":[{\"@type\":\"WebPage\",\"@id\":\"https:\/\/uninavarra.edu.co\/husac\/husac-nosotros\/\",\"url\":\"https:\/\/uninavarra.edu.co\/husac\/husac-nosotros\/\",\"name\":\"HUSAC - Nosotros - Uninavarra\",\"isPartOf\":{\"@id\":\"https:\/\/uninavarra.edu.co\/#website\"},\"primaryImageOfPage\":{\"@id\":\"https:\/\/uninavarra.edu.co\/husac\/husac-nosotros\/#primaryimage\"},\"image\":{\"@id\":\"https:\/\/uninavarra.edu.co\/husac\/husac-nosotros\/#primaryimage\"},\"thumbnailUrl\":\"https:\/\/uninavarra.edu.co\/wp-content\/uploads\/2022\/06\/Background-WCMS-UNINAVARRA-1-1-scaled.jpg\",\"datePublished\":\"2022-06-22T15:14:25+00:00\",\"dateModified\":\"2022-06-24T15:21:46+00:00\",\"breadcrumb\":{\"@id\":\"https:\/\/uninavarra.edu.co\/husac\/husac-nosotros\/#breadcrumb\"},\"inLanguage\":\"en-US\",\"potentialAction\":[{\"@type\":\"ReadAction\",\"target\":[\"https:\/\/uninavarra.edu.co\/husac\/husac-nosotros\/\"]}]},{\"@type\":\"ImageObject\",\"inLanguage\":\"en-US\",\"@id\":\"https:\/\/uninavarra.edu.co\/husac\/husac-nosotros\/#primaryimage\",\"url\":\"https:\/\/uninavarra.edu.co\/wp-content\/uploads\/2022\/06\/Background-WCMS-UNINAVARRA-1-1-scaled.jpg\",\"contentUrl\":\"https:\/\/uninavarra.edu.co\/wp-content\/uploads\/2022\/06\/Background-WCMS-UNINAVARRA-1-1-scaled.jpg\",\"width\":10000,\"height\":2500},{\"@type\":\"BreadcrumbList\",\"@id\":\"https:\/\/uninavarra.edu.co\/husac\/husac-nosotros\/#breadcrumb\",\"itemListElement\":[{\"@type\":\"ListItem\",\"position\":1,\"name\":\"Home\",\"item\":\"https:\/\/uninavarra.edu.co\/\"},{\"@type\":\"ListItem\",\"position\":2,\"name\":\"Hospital Universitario Simulado de Alta Complejidad &#8211; HUSAC\",\"item\":\"https:\/\/uninavarra.edu.co\/husac\/\"},{\"@type\":\"ListItem\",\"position\":3,\"name\":\"HUSAC &#8211; Nosotros\"}]},{\"@type\":\"WebSite\",\"@id\":\"https:\/\/uninavarra.edu.co\/#website\",\"url\":\"https:\/\/uninavarra.edu.co\/\",\"name\":\"UNINAVARRA\",\"description\":\"Haz realidad tu deseo de aprender\",\"publisher\":{\"@id\":\"https:\/\/uninavarra.edu.co\/#organization\"},\"potentialAction\":[{\"@type\":\"SearchAction\",\"target\":{\"@type\":\"EntryPoint\",\"urlTemplate\":\"https:\/\/uninavarra.edu.co\/?s={search_term_string}\"},\"query-input\":{\"@type\":\"PropertyValueSpecification\",\"valueRequired\":true,\"valueName\":\"search_term_string\"}}],\"inLanguage\":\"en-US\"},{\"@type\":\"Organization\",\"@id\":\"https:\/\/uninavarra.edu.co\/#organization\",\"name\":\"Fundaci\u00f3n Universitaria Navarra - UNINAVARRA\",\"url\":\"https:\/\/uninavarra.edu.co\/\",\"logo\":{\"@type\":\"ImageObject\",\"inLanguage\":\"en-US\",\"@id\":\"https:\/\/uninavarra.edu.co\/#\/schema\/logo\/image\/\",\"url\":\"https:\/\/uninavarra.edu.co\/wp-content\/uploads\/2024\/06\/Escudo-uninavarra-Solo.png\",\"contentUrl\":\"https:\/\/uninavarra.edu.co\/wp-content\/uploads\/2024\/06\/Escudo-uninavarra-Solo.png\",\"width\":1500,\"height\":1401,\"caption\":\"Fundaci\u00f3n Universitaria Navarra - UNINAVARRA\"},\"image\":{\"@id\":\"https:\/\/uninavarra.edu.co\/#\/schema\/logo\/image\/\"},\"sameAs\":[\"https:\/\/www.facebook.com\/UninavarraEduca\",\"https:\/\/x.com\/uninavarraeduca\",\"https:\/\/www.instagram.com\/uninavarra\/?hl=es\",\"https:\/\/www.linkedin.com\/in\/fundacin-universitaria-navarra-uninavarra-b41225222\/\"]}]}<\/script>\n<!-- \/ Yoast SEO plugin. -->","yoast_head_json":{"title":"HUSAC - Nosotros - Uninavarra","robots":{"index":"index","follow":"follow","max-snippet":"max-snippet:-1","max-image-preview":"max-image-preview:large","max-video-preview":"max-video-preview:-1"},"canonical":"https:\/\/uninavarra.edu.co\/en\/husac\/husac-nosotros\/","og_locale":"en_US","og_type":"article","og_title":"HUSAC - Nosotros - Uninavarra","og_url":"https:\/\/uninavarra.edu.co\/en\/husac\/husac-nosotros\/","og_site_name":"Uninavarra","article_publisher":"https:\/\/www.facebook.com\/UninavarraEduca","article_modified_time":"2022-06-24T15:21:46+00:00","og_image":[{"width":10000,"height":2500,"url":"https:\/\/uninavarra.edu.co\/wp-content\/uploads\/2022\/06\/Background-WCMS-UNINAVARRA-1-1-scaled.jpg","type":"image\/jpeg"}],"twitter_card":"summary_large_image","twitter_site":"@uninavarraeduca","twitter_misc":{"Est. reading time":"1 minute"},"schema":{"@context":"https:\/\/schema.org","@graph":[{"@type":"WebPage","@id":"https:\/\/uninavarra.edu.co\/husac\/husac-nosotros\/","url":"https:\/\/uninavarra.edu.co\/husac\/husac-nosotros\/","name":"HUSAC - Nosotros - Uninavarra","isPartOf":{"@id":"https:\/\/uninavarra.edu.co\/#website"},"primaryImageOfPage":{"@id":"https:\/\/uninavarra.edu.co\/husac\/husac-nosotros\/#primaryimage"},"image":{"@id":"https:\/\/uninavarra.edu.co\/husac\/husac-nosotros\/#primaryimage"},"thumbnailUrl":"https:\/\/uninavarra.edu.co\/wp-content\/uploads\/2022\/06\/Background-WCMS-UNINAVARRA-1-1-scaled.jpg","datePublished":"2022-06-22T15:14:25+00:00","dateModified":"2022-06-24T15:21:46+00:00","breadcrumb":{"@id":"https:\/\/uninavarra.edu.co\/husac\/husac-nosotros\/#breadcrumb"},"inLanguage":"en-US","potentialAction":[{"@type":"ReadAction","target":["https:\/\/uninavarra.edu.co\/husac\/husac-nosotros\/"]}]},{"@type":"ImageObject","inLanguage":"en-US","@id":"https:\/\/uninavarra.edu.co\/husac\/husac-nosotros\/#primaryimage","url":"https:\/\/uninavarra.edu.co\/wp-content\/uploads\/2022\/06\/Background-WCMS-UNINAVARRA-1-1-scaled.jpg","contentUrl":"https:\/\/uninavarra.edu.co\/wp-content\/uploads\/2022\/06\/Background-WCMS-UNINAVARRA-1-1-scaled.jpg","width":10000,"height":2500},{"@type":"BreadcrumbList","@id":"https:\/\/uninavarra.edu.co\/husac\/husac-nosotros\/#breadcrumb","itemListElement":[{"@type":"ListItem","position":1,"name":"Home","item":"https:\/\/uninavarra.edu.co\/"},{"@type":"ListItem","position":2,"name":"Hospital Universitario Simulado de Alta Complejidad &#8211; HUSAC","item":"https:\/\/uninavarra.edu.co\/husac\/"},{"@type":"ListItem","position":3,"name":"HUSAC &#8211; Nosotros"}]},{"@type":"WebSite","@id":"https:\/\/uninavarra.edu.co\/#website","url":"https:\/\/uninavarra.edu.co\/","name":"UNINAVARRA","description":"Make your desire to learn a reality","publisher":{"@id":"https:\/\/uninavarra.edu.co\/#organization"},"potentialAction":[{"@type":"SearchAction","target":{"@type":"EntryPoint","urlTemplate":"https:\/\/uninavarra.edu.co\/?s={search_term_string}"},"query-input":{"@type":"PropertyValueSpecification","valueRequired":true,"valueName":"search_term_string"}}],"inLanguage":"en-US"},{"@type":"Organization","@id":"https:\/\/uninavarra.edu.co\/#organization","name":"Navarre University Foundation - UNINAVARRA","url":"https:\/\/uninavarra.edu.co\/","logo":{"@type":"ImageObject","inLanguage":"en-US","@id":"https:\/\/uninavarra.edu.co\/#\/schema\/logo\/image\/","url":"https:\/\/uninavarra.edu.co\/wp-content\/uploads\/2024\/06\/Escudo-uninavarra-Solo.png","contentUrl":"https:\/\/uninavarra.edu.co\/wp-content\/uploads\/2024\/06\/Escudo-uninavarra-Solo.png","width":1500,"height":1401,"caption":"Fundaci\u00f3n Universitaria Navarra - UNINAVARRA"},"image":{"@id":"https:\/\/uninavarra.edu.co\/#\/schema\/logo\/image\/"},"sameAs":["https:\/\/www.facebook.com\/UninavarraEduca","https:\/\/x.com\/uninavarraeduca","https:\/\/www.instagram.com\/uninavarra\/?hl=es","https:\/\/www.linkedin.com\/in\/fundacin-universitaria-navarra-uninavarra-b41225222\/"]}]}},"_links":{"self":[{"href":"https:\/\/uninavarra.edu.co\/en\/wp-json\/wp\/v2\/pages\/47720","targetHints":{"allow":["GET"]}}],"collection":[{"href":"https:\/\/uninavarra.edu.co\/en\/wp-json\/wp\/v2\/pages"}],"about":[{"href":"https:\/\/uninavarra.edu.co\/en\/wp-json\/wp\/v2\/types\/page"}],"author":[{"embeddable":true,"href":"https:\/\/uninavarra.edu.co\/en\/wp-json\/wp\/v2\/users\/13"}],"replies":[{"embeddable":true,"href":"https:\/\/uninavarra.edu.co\/en\/wp-json\/wp\/v2\/comments?post=47720"}],"version-history":[{"count":0,"href":"https:\/\/uninavarra.edu.co\/en\/wp-json\/wp\/v2\/pages\/47720\/revisions"}],"up":[{"embeddable":true,"href":"https:\/\/uninavarra.edu.co\/en\/wp-json\/wp\/v2\/pages\/47712"}],"wp:featuredmedia":[{"embeddable":true,"href":"https:\/\/uninavarra.edu.co\/en\/wp-json\/wp\/v2\/media\/48125"}],"wp:attachment":[{"href":"https:\/\/uninavarra.edu.co\/en\/wp-json\/wp\/v2\/media?parent=47720"}],"wp:term":[{"taxonomy":"category","embeddable":true,"href":"https:\/\/uninavarra.edu.co\/en\/wp-json\/wp\/v2\/categories?post=47720"},{"taxonomy":"post_tag","embeddable":true,"href":"https:\/\/uninavarra.edu.co\/en\/wp-json\/wp\/v2\/tags?post=47720"}],"curies":[{"name":"wp","href":"https:\/\/api.w.org\/{rel}","templated":true}]}}