{"id":47712,"date":"2022-06-22T09:40:10","date_gmt":"2022-06-22T14:40:10","guid":{"rendered":"https:\/\/uninavarra.edu.co\/?page_id=47712"},"modified":"2026-03-25T10:40:43","modified_gmt":"2026-03-25T15:40:43","slug":"husac","status":"publish","type":"page","link":"https:\/\/uninavarra.edu.co\/en\/husac\/","title":{"rendered":"High Complexity Simulated University Hospital - HUSAC"},"content":{"rendered":"<div class=\"wpb-content-wrapper\"><section id=\"ivcii\" class=\"vc_section\"><div class=\"wpb-container\"><div class=\"container\"><div class=\"vc_row wpb_row vc_row-fluid row\"><div class=\"col-sm-12  vc_\">\n\t\t<div class=\"wpb_wrapper\">\n\t\t\t\n\t\t<\/div> \n\t<\/div><\/div><\/div><\/div><div id=\"menu\" data-vc-full-width=\"true\" data-vc-full-width-init=\"false\" data-vc-stretch-content=\"true\" class=\"wpb-container vc_custom_1627480623666\"><div class=\"container-full\"><div class=\"vc_row wpb_row vc_row-fluid row  prueba\"><div class=\"col-sm-12  vc_\">\n\t\t<div class=\"wpb_wrapper\">\n\t\t\t\n\t<div class=\"wpb_raw_code wpb_raw_html wpb_content_element vc_custom_1737578744281\" >\n\t\t<div class=\"wpb_wrapper\">\n\t\t\t<div class=\"topnav\" id=\"myTopnav\"> \n  <div id=\"fila-prueba\">\n    <div class=\"menu_cina\">\n      <nav class=\"nav_cina\">\n        <ul>\n          <li class=\"item1\"><a href=\"https:\/\/uninavarra.edu.co\/ciii\/husac-nosotros\/\">We<\/a><\/li>\n          <li><a href=\"https:\/\/uninavarra.edu.co\/husac\/husac-areas-y-humanoides\/\">Areas and Humanoids<\/a><\/li>\n          <li><a href=\"https:\/\/uninavarra.edu.co\/husac\/husac-educacion\/\">Education<\/a><\/li>\n          <li>\n            <a href=\"https:\/\/uninavarra.edu.co\/husac\/husac-eventos\/\">Events<\/a>\n            <ul>\n              <li><a href=\"https:\/\/uninavarra.edu.co\/husac\/wcms\/\">WCMS<\/a><\/li>\n              <li><a href=\"https:\/\/uninavarra.edu.co\/husac\/husac-eventos\/\">Launches<\/a><\/li>\n              <li><a href=\"https:\/\/uninavarra.edu.co\/husac\/master-class-endonudos\/\">Master Class Endonudos<\/a><\/li>\n              <li><a href=\"https:\/\/uninavarra.edu.co\/husac\/trombectomia-mecanica\/\">Mechanical Thrombectomy Course<\/a><\/li>\n              <li><a href=\"https:\/\/uninavarra.edu.co\/husac\/suturas\/\">Theoretical-practical workshop Sutures<\/a><\/li>\n              <li><a href=\"https:\/\/uninavarra.edu.co\/husac\/via-aerea\/\">Theoretical-practical workshop Airway<\/a><\/li>\n            <\/ul>\n          <\/li>\n          <li><a href=\"https:\/\/uninavarra.edu.co\/husac\/husac-equipo\/\">Team<\/a><\/li>\n          <li><a href=\"https:\/\/uninavarra.edu.co\/husac\/visitanos\/\">Visit us at<\/a><\/li>\n          <li><a href=\"https:\/\/uninavarra.edu.co\/husac\/husac-contacto\/\">Contact<\/a><\/li>\n        <\/ul>\n      <\/nav>\n    <\/div>\n  <\/div>\n  <a href=\"javascript:void(0);\" class=\"icon\" onclick=\"myFunction()\">\n    <i class=\"fa fa-bars\"><\/i>\n  <\/a>\n<\/div>\n\n<script>\nfunction myFunction() {\n  var x = document.getElementById(\"myTopnav\");\n  if (x.className === \"topnav\") {\n    x.className += \" responsive\";\n  } else {\n    x.className = \"topnav\";\n  }\n}\n<\/script>\n\n\t\t<\/div>\n\t<\/div>\n<div class=\"wpb_single_image wpb_content_element vc_align_center\">\n\t\t<div class=\"wpb_wrapper\">\n\t\t\t\n\t\t\t<a href=\"#\" target=\"_self\"><img fetchpriority=\"high\" decoding=\"async\" width=\"2560\" height=\"761\" src=\"https:\/\/uninavarra.edu.co\/wp-content\/uploads\/2025\/01\/banner-HUSAC.jpg\" class=\"vc_box_border_grey attachment-full\" alt=\"banner HUSAC\" title=\"HUSAC banner\" srcset=\"https:\/\/uninavarra.edu.co\/wp-content\/uploads\/2025\/01\/banner-HUSAC.jpg 2560w, https:\/\/uninavarra.edu.co\/wp-content\/uploads\/2025\/01\/banner-HUSAC-300x89.jpg 300w, https:\/\/uninavarra.edu.co\/wp-content\/uploads\/2025\/01\/banner-HUSAC-1024x304.jpg 1024w, https:\/\/uninavarra.edu.co\/wp-content\/uploads\/2025\/01\/banner-HUSAC-150x45.jpg 150w, https:\/\/uninavarra.edu.co\/wp-content\/uploads\/2025\/01\/banner-HUSAC-768x228.jpg 768w, https:\/\/uninavarra.edu.co\/wp-content\/uploads\/2025\/01\/banner-HUSAC-1536x457.jpg 1536w, https:\/\/uninavarra.edu.co\/wp-content\/uploads\/2025\/01\/banner-HUSAC-2048x609.jpg 2048w, https:\/\/uninavarra.edu.co\/wp-content\/uploads\/2025\/01\/banner-HUSAC-18x5.jpg 18w\" sizes=\"(max-width: 2560px) 100vw, 2560px\" \/><\/a>\n\t\t<\/div> \n\t<\/div>\n\t\t<\/div> \n\t<\/div><\/div><\/div><\/div><div class=\"vc_row-full-width\"><\/div><div id=\"banner\" data-vc-full-width=\"true\" data-vc-full-width-init=\"false\" data-vc-stretch-content=\"true\" class=\"wpb-container vc_custom_1627480017687\"><div class=\"container-full\"><div class=\"vc_row wpb_row vc_row-fluid row\"><div class=\"col-sm-12  vc_\">\n\t\t<div class=\"wpb_wrapper\">\n\t\t\t\n\t\t<\/div> \n\t<\/div><\/div><\/div><\/div><div class=\"vc_row-full-width\"><\/div><div id=\"presentacion\" data-vc-full-width=\"true\" data-vc-full-width-init=\"false\" class=\"wpb-container\"><div class=\"container\"><div class=\"vc_row wpb_row vc_row-fluid row\"><div class=\"col-sm-12  vc_\">\n\t\t<div class=\"wpb_wrapper\">\n\t\t\t<h2 style=\"color: #000000;text-align: center\" class=\"vc_custom_heading vc_do_custom_heading\" ><b>Greetings from the HUSAC Team<\/b><\/h2><div class=\"vc_empty_space\"   style=\"height: 32px\"><span class=\"vc_empty_space_inner\"><\/span><\/div><div class=\"wpb_single_image wpb_content_element vc_align_center\">\n\t\t<div class=\"wpb_wrapper\">\n\t\t\t\n\t\t\t<a href=\"#\" target=\"_self\"><img decoding=\"async\" width=\"300\" height=\"300\" src=\"https:\/\/uninavarra.edu.co\/wp-content\/uploads\/2022\/06\/Thiago-Andres-Navarro-Alvarez-300x300.jpg\" class=\"vc_box_rounded vc_box_border_grey attachment-medium\" alt=\"\" title=\"Thiago Andr\u00e9s Navarro \u00c1lvarez\" srcset=\"https:\/\/uninavarra.edu.co\/wp-content\/uploads\/2022\/06\/Thiago-Andres-Navarro-Alvarez-300x300.jpg 300w, https:\/\/uninavarra.edu.co\/wp-content\/uploads\/2022\/06\/Thiago-Andres-Navarro-Alvarez-150x150.jpg 150w, https:\/\/uninavarra.edu.co\/wp-content\/uploads\/2022\/06\/Thiago-Andres-Navarro-Alvarez-768x768.jpg 768w, https:\/\/uninavarra.edu.co\/wp-content\/uploads\/2022\/06\/Thiago-Andres-Navarro-Alvarez-1024x1024.jpg 1024w, https:\/\/uninavarra.edu.co\/wp-content\/uploads\/2022\/06\/Thiago-Andres-Navarro-Alvarez.jpg 1181w\" sizes=\"(max-width: 300px) 100vw, 300px\" \/><\/a>\n\t\t<\/div> \n\t<\/div><div class=\"vc_empty_space\"   style=\"height: 32px\"><span class=\"vc_empty_space_inner\"><\/span><\/div>\n\t<div class=\"wpb_text_column wpb_content_element\" >\n\t\t<div class=\"wpb_wrapper\">\n\t\t\t<p style=\"text-align: justify;\">Welcome to a new vision of the great medicine universe future and its education process in all its contexts.<\/p>\n<p style=\"text-align: justify;\">The High Complexity Simulated University Hospital - HUSAC at Fundaci\u00f3n Universitaria Navarra - UNINAVARRA, is a high technology center equipped with comprehensive scenarios that allow training, retraining and development of the skills required in medical practice, as well as in the competencies of other health science professionals or future professionals, and even other professions that in a real context, are directly or indirectly related to this type of health service providers.<\/p>\n<p style=\"text-align: justify;\">That is why the Simulated University Hospital is a center with an interdisciplinary and interprofessional approach in order to provide a better and more complete educational experience in different pathological complexities that affect the human being, starting from its sudden onset, assistance, intervention, to the patient's stable rest at home. This experience has been designed not only for students, professionals, specialists, subspecialists, Fellows in the field of medicine, but also for various actors associated with their daily activities, such as health care institutions, the medical industry, research centers, and all the people directly or indirectly linked to their activity.<\/p>\n<p style=\"text-align: justify;\">With the advent of contingency measures for the pandemic caused by COVID-19, the High Complexity Simulated University Hospital - HUSAC, was a fundamental tool that developed methodologies and used its own digital resources to ensure the continuity of quality education for students within the framework of safety, training in biosecurity protocols and training in the management of patients with respiratory symptoms. Today, when despite the massive vaccination the health crisis has not been completely overcome, the High Complexity Simulated University Hospital - HUSAC is proud to have contributed to public health and to have generated an institutional culture of prospective, interdisciplinary and interprofessional simulation-based learning of high fidelity. Enjoy the medical and educational future, with love and respect.<\/p>\n<p>&nbsp;<\/p>\n<p style=\"text-align: justify;\">Thiago Andr\u00e9s Navarro \u00c1lvarez, MD<\/p>\n<p style=\"text-align: justify;\">Medical Specialist in University Teaching<\/p>\n<p style=\"text-align: justify;\">Delegate - Founding Member of the Assembly of Founders<\/p>\n\n\t\t<\/div>\n\t<\/div>\n<div class=\"vc_empty_space\"   style=\"height: 32px\"><span class=\"vc_empty_space_inner\"><\/span><\/div><h3 style=\"color: #000000;text-align: center;font-family:Abril Fatface;font-weight:400;font-style:normal\" class=\"vc_custom_heading vc_do_custom_heading\" ><em>Greetings from the Delegate - Founding Member Assembly of Founders<em><\/h3>\n\t<div class=\"wpb_text_column wpb_content_element\" >\n\t\t<div class=\"wpb_wrapper\">\n\t\t\t<p>\u00a0<\/em><\/em><\/p>\n<p style=\"text-align: justify;\"><span style=\"font-size: 14px;\"><em>Welcome to a new vision of the future of the great universe of medicine and its teaching in all its contexts.<\/em><\/span><\/p>\n<p style=\"text-align: justify;\"><span style=\"font-size: 14px;\"><em>The High Complexity Simulated University Hospital - <\/em><em>\u00a0HUSAC of the Navarra University Foundation - UNINAVARRA, is a high technology center equipped with integral scenarios that allow training, retraining and development of the skills required in medical practice, as well as in the competencies of professionals or future professionals in other areas of health, and even other professions that in a real context, are directly or indirectly related to this type of health service providers. <\/em><\/span><\/p>\n<p style=\"text-align: justify;\"><span style=\"font-size: 14px;\"><em>That is why the Simulated University Hospital is a center with an interdisciplinary and interprofessional approach in order to provide a better and more complete educational experience in the various pathological complexities that affect the human being, starting from its sudden onset, assistance, intervention, to the stable rest at home of the patient. This experience has been designed not only for students, professionals, specialists and subspecialists, <\/em><em>Fellows in the field of medicine, but also to the various actors associated with its daily life, such as health care institutions, the medical industry, research centers, and all the human talent directly or indirectly linked to its activity.<\/em><\/span><\/p>\n<p style=\"text-align: justify;\"><span style=\"font-size: 14px;\"><em>With the advent of the pandemic contingency measures caused by COVID-19, the High Complexity Simulated University Hospital - Hospital Universitario Simulado de Alta Complejidad - <\/em><em>HUSAC was a fundamental tool that developed methodologies and used its own digital resources to ensure the continuity of quality training of students within the framework of safety, training in biosafety protocols and training in the management of patients with respiratory symptoms. Today, when despite the massive vaccination the health crisis has not been completely overcome, the Hospital Universitario Simulado de Alta Complejidad - HUSAC is proud to have contributed to public health and to have generated an institutional culture of prospective, interdisciplinary and interprofessional simulation-based learning of high fidelity. Enjoy the medical and educational future, with love and respect.<\/em>.<\/span><\/p>\n<p>&nbsp;<\/p>\n<p style=\"text-align: justify;\"><span style=\"font-size: 14px;\"><em>Thiago Andr\u00e9s Navarro \u00c1lvarez, MD <\/em><\/span><\/p>\n<p style=\"text-align: justify;\"><span style=\"font-size: 14px;\"><em>Medical Specialist in University Teaching<\/em><\/span><\/p>\n<p style=\"text-align: justify;\"><span style=\"font-size: 14px;\"><em>Delegate - Founding Member Assembly of Founders<\/em><\/span><\/p>\n\n\t\t<\/div>\n\t<\/div>\n<div class=\"vc_empty_space\"   style=\"height: 32px\"><span class=\"vc_empty_space_inner\"><\/span><\/div>\n\t<div class=\"wpb_video_widget wpb_content_element vc_clearfix   vc_video-aspect-ratio-169 vc_video-el-width-70 vc_video-align-center\" >\n\t\t<div class=\"wpb_wrapper\">\n\t\t\t\n\t\t\t<div class=\"wpb_video_wrapper\"><iframe title=\"SIMULATED HIGH COMPLEXITY UNIVERSITY HOSPITAL 2025\" width=\"500\" height=\"281\" src=\"https:\/\/www.youtube.com\/embed\/SiesC9qLdsM?feature=oembed\" frameborder=\"0\" allow=\"accelerometer; autoplay; clipboard-write; encrypted-media; gyroscope; picture-in-picture; web-share\" referrerpolicy=\"strict-origin-when-cross-origin\" allowfullscreen><\/iframe><\/div>\n\t\t<\/div>\n\t<\/div>\n\n\t\t<\/div> \n\t<\/div><div class=\"col-sm-12  vc_\">\n\t\t<div class=\"wpb_wrapper\">\n\t\t\t\n\t\t<\/div> \n\t<\/div><\/div><\/div><\/div><div class=\"vc_row-full-width\"><\/div><div id=\"registro_iiicii\" data-vc-full-width=\"true\" data-vc-full-width-init=\"false\" class=\"wpb-container\"><div class=\"container\"><div class=\"vc_row wpb_row vc_row-fluid row\"><div class=\"col-sm-12  vc_\">\n\t\t<div class=\"wpb_wrapper\">\n\t\t\t\n\t<div class=\"wpb_raw_code wpb_raw_html wpb_content_element\" >\n\t\t<div class=\"wpb_wrapper\">\n\t\t\t<h2 style=\"text-align: center;\">Forms of Payment<\/h2>\n<ol>\n     <li>\n        <br><br>\n        In person at the following banks:\n        <ul class=\"icon\">\n \t        <li class=\"fp-bancos\">Banco Pichincha<\/li>\n \t        <li class=\"fp-bancos\">Banco de Occidente<\/li>\n        <\/ul>\n        <strong class=\"importante\">Important:<\/strong>\n            <ul class=\"icon\">\n                <li>This modality applies only for teachers and students of the <em>Navarra University Foundation<\/em>.<\/li>\n                <li>The receipt must be previously submitted to the Treasury and Accounting office.<\/li>\n                <li>It is not required to send the payment support by e-mail.<\/li>\n            <\/ul>\n    <\/li>\n \t<li>\n        <br><br>\n            <a class=\"imagen_pse\" title=\"PSE button\" href=\"https:\/\/www.banco.colpatria.com.co\/PagosElectronicos\/Referencias.aspx?IdConvenio=7524\" target=\"_blank\" rel=\"noopener\"><img decoding=\"async\" src=\"https:\/\/uninavarra.edu.co\/wp-content\/uploads\/2020\/07\/logo-pse.png\" alt=\"Bot\u00f3n PSE\" width=\"60\" height=\"65\" \/><\/a>\n            Through the PSE button.\n            <br>\n            <strong class=\"importante imp-opc-2\">Important:<\/strong>\n            <ul class=\"icon\">\n                <li>In the field <em>\"No PAYMENT ORDER\".<\/em> enter your ID number.<\/li>\n                <li>It is compulsory for this modality to send the payment support to the following e-mail address <a href=\"mailto:cii@uninavarra.edu.co\">cii@uninavarra.edu.co<\/a>with the following information: Full name, Identification Number, Telephone, Address and Mail.<\/li>\n            <\/ul>\n    <\/li>\n<\/ol>\n\t\t<\/div>\n\t<\/div>\n\n\t\t<\/div> \n\t<\/div><\/div><\/div><\/div><div class=\"vc_row-full-width\"><\/div><div class=\"wpb-container\"><div class=\"container\"><div class=\"vc_row wpb_row vc_row-fluid row\"><div class=\"col-sm-12  vc_\">\n\t\t<div class=\"wpb_wrapper\">\n\t\t\t\n\t<div class=\"wpb_raw_code wpb_raw_html wpb_content_element\" >\n\t\t<div class=\"wpb_wrapper\">\n\t\t\t<link href=\"https:\/\/fonts.googleapis.com\/css?family=Comfortaa|Questrial|Quicksand|Raleway&display=swap\" rel=\"stylesheet\">\n\t\t<\/div>\n\t<\/div>\n\n\t\t<\/div> \n\t<\/div><\/div><\/div><\/div><\/section>\n<\/div>","protected":false},"excerpt":{"rendered":"Nosotros \u00c1reas y Humanoides Educaci\u00f3n Eventos WCMS Lanzamientos Master Class Endonudos Curso Trombectom\u00eda Mec\u00e1nica Taller te\u00f3rico-pr\u00e1ctico Suturas Taller te\u00f3rico-pr\u00e1ctico V\u00eda A\u00e9rea Equipo Vis\u00edtanos Contacto Greetings from the HUSAC Team Welcome [...]","protected":false},"author":13,"featured_media":0,"parent":0,"menu_order":0,"comment_status":"closed","ping_status":"closed","template":"","meta":{"footnotes":""},"categories":[1],"tags":[],"class_list":["post-47712","page","type-page","status-publish","hentry","category-uncategorized"],"yoast_head":"<!-- This site is optimized with the Yoast SEO plugin v27.2 - https:\/\/yoast.com\/product\/yoast-seo-wordpress\/ -->\n<title>Hospital Universitario Simulado de Alta Complejidad - HUSAC - Uninavarra<\/title>\n<meta name=\"robots\" content=\"index, follow, max-snippet:-1, max-image-preview:large, max-video-preview:-1\" \/>\n<link rel=\"canonical\" href=\"https:\/\/uninavarra.edu.co\/en\/husac\/\" \/>\n<meta property=\"og:locale\" content=\"en_US\" \/>\n<meta property=\"og:type\" content=\"article\" \/>\n<meta property=\"og:title\" content=\"Hospital Universitario Simulado de Alta Complejidad - HUSAC - Uninavarra\" \/>\n<meta property=\"og:url\" content=\"https:\/\/uninavarra.edu.co\/en\/husac\/\" \/>\n<meta property=\"og:site_name\" content=\"Uninavarra\" \/>\n<meta property=\"article:publisher\" content=\"https:\/\/www.facebook.com\/UninavarraEduca\" \/>\n<meta property=\"article:modified_time\" content=\"2026-03-25T15:40:43+00:00\" \/>\n<meta name=\"twitter:card\" content=\"summary_large_image\" \/>\n<meta name=\"twitter:site\" content=\"@uninavarraeduca\" \/>\n<meta name=\"twitter:label1\" content=\"Est. reading time\" \/>\n\t<meta name=\"twitter:data1\" content=\"4 minutes\" \/>\n<script type=\"application\/ld+json\" class=\"yoast-schema-graph\">{\"@context\":\"https:\/\/schema.org\",\"@graph\":[{\"@type\":\"WebPage\",\"@id\":\"https:\/\/uninavarra.edu.co\/husac\/\",\"url\":\"https:\/\/uninavarra.edu.co\/husac\/\",\"name\":\"Hospital Universitario Simulado de Alta Complejidad - HUSAC - Uninavarra\",\"isPartOf\":{\"@id\":\"https:\/\/uninavarra.edu.co\/#website\"},\"datePublished\":\"2022-06-22T14:40:10+00:00\",\"dateModified\":\"2026-03-25T15:40:43+00:00\",\"breadcrumb\":{\"@id\":\"https:\/\/uninavarra.edu.co\/husac\/#breadcrumb\"},\"inLanguage\":\"en-US\",\"potentialAction\":[{\"@type\":\"ReadAction\",\"target\":[\"https:\/\/uninavarra.edu.co\/husac\/\"]}]},{\"@type\":\"BreadcrumbList\",\"@id\":\"https:\/\/uninavarra.edu.co\/husac\/#breadcrumb\",\"itemListElement\":[{\"@type\":\"ListItem\",\"position\":1,\"name\":\"Home\",\"item\":\"https:\/\/uninavarra.edu.co\/\"},{\"@type\":\"ListItem\",\"position\":2,\"name\":\"Hospital Universitario Simulado de Alta Complejidad &#8211; HUSAC\"}]},{\"@type\":\"WebSite\",\"@id\":\"https:\/\/uninavarra.edu.co\/#website\",\"url\":\"https:\/\/uninavarra.edu.co\/\",\"name\":\"UNINAVARRA\",\"description\":\"Haz realidad tu deseo de aprender\",\"publisher\":{\"@id\":\"https:\/\/uninavarra.edu.co\/#organization\"},\"potentialAction\":[{\"@type\":\"SearchAction\",\"target\":{\"@type\":\"EntryPoint\",\"urlTemplate\":\"https:\/\/uninavarra.edu.co\/?s={search_term_string}\"},\"query-input\":{\"@type\":\"PropertyValueSpecification\",\"valueRequired\":true,\"valueName\":\"search_term_string\"}}],\"inLanguage\":\"en-US\"},{\"@type\":\"Organization\",\"@id\":\"https:\/\/uninavarra.edu.co\/#organization\",\"name\":\"Fundaci\u00f3n Universitaria Navarra - UNINAVARRA\",\"url\":\"https:\/\/uninavarra.edu.co\/\",\"logo\":{\"@type\":\"ImageObject\",\"inLanguage\":\"en-US\",\"@id\":\"https:\/\/uninavarra.edu.co\/#\/schema\/logo\/image\/\",\"url\":\"https:\/\/uninavarra.edu.co\/wp-content\/uploads\/2024\/06\/Escudo-uninavarra-Solo.png\",\"contentUrl\":\"https:\/\/uninavarra.edu.co\/wp-content\/uploads\/2024\/06\/Escudo-uninavarra-Solo.png\",\"width\":1500,\"height\":1401,\"caption\":\"Fundaci\u00f3n Universitaria Navarra - UNINAVARRA\"},\"image\":{\"@id\":\"https:\/\/uninavarra.edu.co\/#\/schema\/logo\/image\/\"},\"sameAs\":[\"https:\/\/www.facebook.com\/UninavarraEduca\",\"https:\/\/x.com\/uninavarraeduca\",\"https:\/\/www.instagram.com\/uninavarra\/?hl=es\",\"https:\/\/www.linkedin.com\/in\/fundacin-universitaria-navarra-uninavarra-b41225222\/\"]}]}<\/script>\n<!-- \/ Yoast SEO plugin. -->","yoast_head_json":{"title":"Hospital Universitario Simulado de Alta Complejidad - HUSAC - Uninavarra","robots":{"index":"index","follow":"follow","max-snippet":"max-snippet:-1","max-image-preview":"max-image-preview:large","max-video-preview":"max-video-preview:-1"},"canonical":"https:\/\/uninavarra.edu.co\/en\/husac\/","og_locale":"en_US","og_type":"article","og_title":"Hospital Universitario Simulado de Alta Complejidad - HUSAC - Uninavarra","og_url":"https:\/\/uninavarra.edu.co\/en\/husac\/","og_site_name":"Uninavarra","article_publisher":"https:\/\/www.facebook.com\/UninavarraEduca","article_modified_time":"2026-03-25T15:40:43+00:00","twitter_card":"summary_large_image","twitter_site":"@uninavarraeduca","twitter_misc":{"Est. reading time":"4 minutes"},"schema":{"@context":"https:\/\/schema.org","@graph":[{"@type":"WebPage","@id":"https:\/\/uninavarra.edu.co\/husac\/","url":"https:\/\/uninavarra.edu.co\/husac\/","name":"Hospital Universitario Simulado de Alta Complejidad - HUSAC - Uninavarra","isPartOf":{"@id":"https:\/\/uninavarra.edu.co\/#website"},"datePublished":"2022-06-22T14:40:10+00:00","dateModified":"2026-03-25T15:40:43+00:00","breadcrumb":{"@id":"https:\/\/uninavarra.edu.co\/husac\/#breadcrumb"},"inLanguage":"en-US","potentialAction":[{"@type":"ReadAction","target":["https:\/\/uninavarra.edu.co\/husac\/"]}]},{"@type":"BreadcrumbList","@id":"https:\/\/uninavarra.edu.co\/husac\/#breadcrumb","itemListElement":[{"@type":"ListItem","position":1,"name":"Home","item":"https:\/\/uninavarra.edu.co\/"},{"@type":"ListItem","position":2,"name":"Hospital Universitario Simulado de Alta Complejidad &#8211; HUSAC"}]},{"@type":"WebSite","@id":"https:\/\/uninavarra.edu.co\/#website","url":"https:\/\/uninavarra.edu.co\/","name":"UNINAVARRA","description":"Make your desire to learn a reality","publisher":{"@id":"https:\/\/uninavarra.edu.co\/#organization"},"potentialAction":[{"@type":"SearchAction","target":{"@type":"EntryPoint","urlTemplate":"https:\/\/uninavarra.edu.co\/?s={search_term_string}"},"query-input":{"@type":"PropertyValueSpecification","valueRequired":true,"valueName":"search_term_string"}}],"inLanguage":"en-US"},{"@type":"Organization","@id":"https:\/\/uninavarra.edu.co\/#organization","name":"Navarre University Foundation - UNINAVARRA","url":"https:\/\/uninavarra.edu.co\/","logo":{"@type":"ImageObject","inLanguage":"en-US","@id":"https:\/\/uninavarra.edu.co\/#\/schema\/logo\/image\/","url":"https:\/\/uninavarra.edu.co\/wp-content\/uploads\/2024\/06\/Escudo-uninavarra-Solo.png","contentUrl":"https:\/\/uninavarra.edu.co\/wp-content\/uploads\/2024\/06\/Escudo-uninavarra-Solo.png","width":1500,"height":1401,"caption":"Fundaci\u00f3n Universitaria Navarra - UNINAVARRA"},"image":{"@id":"https:\/\/uninavarra.edu.co\/#\/schema\/logo\/image\/"},"sameAs":["https:\/\/www.facebook.com\/UninavarraEduca","https:\/\/x.com\/uninavarraeduca","https:\/\/www.instagram.com\/uninavarra\/?hl=es","https:\/\/www.linkedin.com\/in\/fundacin-universitaria-navarra-uninavarra-b41225222\/"]}]}},"_links":{"self":[{"href":"https:\/\/uninavarra.edu.co\/en\/wp-json\/wp\/v2\/pages\/47712","targetHints":{"allow":["GET"]}}],"collection":[{"href":"https:\/\/uninavarra.edu.co\/en\/wp-json\/wp\/v2\/pages"}],"about":[{"href":"https:\/\/uninavarra.edu.co\/en\/wp-json\/wp\/v2\/types\/page"}],"author":[{"embeddable":true,"href":"https:\/\/uninavarra.edu.co\/en\/wp-json\/wp\/v2\/users\/13"}],"replies":[{"embeddable":true,"href":"https:\/\/uninavarra.edu.co\/en\/wp-json\/wp\/v2\/comments?post=47712"}],"version-history":[{"count":3,"href":"https:\/\/uninavarra.edu.co\/en\/wp-json\/wp\/v2\/pages\/47712\/revisions"}],"predecessor-version":[{"id":98650,"href":"https:\/\/uninavarra.edu.co\/en\/wp-json\/wp\/v2\/pages\/47712\/revisions\/98650"}],"wp:attachment":[{"href":"https:\/\/uninavarra.edu.co\/en\/wp-json\/wp\/v2\/media?parent=47712"}],"wp:term":[{"taxonomy":"category","embeddable":true,"href":"https:\/\/uninavarra.edu.co\/en\/wp-json\/wp\/v2\/categories?post=47712"},{"taxonomy":"post_tag","embeddable":true,"href":"https:\/\/uninavarra.edu.co\/en\/wp-json\/wp\/v2\/tags?post=47712"}],"curies":[{"name":"wp","href":"https:\/\/api.w.org\/{rel}","templated":true}]}}