{"id":47,"date":"2015-10-23T15:52:43","date_gmt":"2015-10-23T20:52:43","guid":{"rendered":"https:\/\/uninavarra.edu.co\/?page_id=47"},"modified":"2024-04-16T09:56:30","modified_gmt":"2024-04-16T14:56:30","slug":"derecho-old","status":"publish","type":"page","link":"https:\/\/uninavarra.edu.co\/en\/landing\/derecho-old\/","title":{"rendered":"Prior law"},"content":{"rendered":"<div class=\"wpb-content-wrapper\"><div id=\"contenido\" class=\"wpb-container\"><div class=\"container\"><div class=\"vc_row wpb_row vc_row-fluid row\"><div class=\"col-sm-12  vc_\">\n\t\t<div class=\"wpb_wrapper\">\n\t\t\t\n\t<div class=\"wpb_text_column wpb_content_element\" >\n\t\t<div class=\"wpb_wrapper\">\n\t\t\t<p><a id=\"intro\"><\/a><br \/>\nUNINAVARRA's LAW program interrelates the curricular contents with the areas of private law, public law, and promotes interaction with other areas of knowledge, within a modern, pertinent and attractive proposal, with emphasis on practical aspects and with an offer of selection, organization, structuring, distribution and evaluation of learning, which corresponds to the reality and needs of the Central South Amazon Region.<\/p>\n<p>The curricular contents and learning outcomes developed by the Law Program at UNINAVARRA are oriented to train professionals in the generation and updating of knowledge and in the acquisition of essential skills to understand, from the interaction of various disciplines, the importance of their area of knowledge, without neglecting its humanistic nature, studying the conducts that generate legal responsibility in this area and the situations that create risks that threaten the welfare of human beings, with a preventive and conciliatory approach, making available to the student the regulations, jurisprudential analysis, comparative law and doctrine.<\/p>\n<p><a id=\"mision-vision\"><\/a><br \/>\n<div class=\"vc_tta-container\" data-vc-action=\"collapse\"><div class=\"vc_general vc_tta vc_tta-tabs vc_tta-color-grey vc_tta-style-classic vc_tta-shape-rounded vc_tta-spacing-1 vc_tta-tabs-position-top vc_tta-controls-align-left\"><div class=\"vc_tta-tabs-container\"><ul class=\"vc_tta-tabs-list\"><li class=\"vc_tta-tab vc_active\" data-vc-tab><a href=\"#mision\" data-vc-tabs data-vc-container=\".vc_tta\"><span class=\"vc_tta-title-text\">Mission<\/span><\/a><\/li><li class=\"vc_tta-tab\" data-vc-tab><a href=\"#vision\" data-vc-tabs data-vc-container=\".vc_tta\"><span class=\"vc_tta-title-text\">Vision<\/span><\/a><\/li><\/ul><\/div><div class=\"vc_tta-panels-container\"><div class=\"vc_tta-panels\"><div class=\"vc_tta-panel vc_active\" id=\"mision\" data-vc-content=\".vc_tta-panel-body\"><div class=\"vc_tta-panel-heading\"><h4 class=\"vc_tta-panel-title\"><a href=\"#mision\" data-vc-accordion data-vc-container=\".vc_tta-container\"><span class=\"vc_tta-title-text\">Mission<\/span><\/a><\/h4><\/div><div class=\"vc_tta-panel-body\"><i>We are a university community committed to the comprehensive training of lawyers, with social responsibility, entrepreneurial vision and international projection, based on autonomous learning, with the ability to generate and apply new knowledge for scientific, cultural, political and ethical development in the service of management and peaceful resolution of conflicts, under the following principles\u00a0<\/i>principles<i>\u00a0of human dignity, orality, transparency and inclusion.<\/i><\/div><\/div><div class=\"vc_tta-panel\" id=\"vision\" data-vc-content=\".vc_tta-panel-body\"><div class=\"vc_tta-panel-heading\"><h4 class=\"vc_tta-panel-title\"><a href=\"#vision\" data-vc-accordion data-vc-container=\".vc_tta-container\"><span class=\"vc_tta-title-text\">Vision<\/span><\/a><\/h4><\/div><div class=\"vc_tta-panel-body\"><span class=\"gmail_default\">UNINAVARRA's Law Program S<\/span>will be recognized as a program of high academic quality, recognized regionally and nationally for its commitment to academic processes that have a component of international interaction, research, social projection, outreach and entrepreneurship; forming legal professionals who impact and transform society through the application of legal science with ethics and social responsibility.<\/div><\/div><\/div><\/div><\/div><\/div>\n<h2 id=\"perfil\">Applicant Profile<\/h2>\n<p>The applicant of the Law program at UNINAVARRA will have communicative skills to express the concepts acquired in their academic training, will have clarity in their professional choice. Solid ethical bases that are evidenced in their commitment to the community, the family and the State.<\/p>\n<h3>General entry profile and admission requirements<\/h3>\n<p>Admission to UNINAVARRA is free and voluntary by enrollment processes of applicants according to their vocation. Admission to UNINAVARRA is based on three profiles:<\/p>\n<ul class=\"icon\">\n<li>Personal profile where personality traits of the applicants are evaluated to verify affinity with the entrance profile of each program.<\/li>\n<li>Intellectual profile where the degree of knowledge is evaluated and based on the State Aptitude and Knowledge Tests of the Colombian Institute for the Promotion of Higher Education ICFES, minimum admission scores will be established for each program.<\/li>\n<li>Attitudinal profile determined in interview processes in which the Program Director will determine the affinity between the student and the formative requirements of the program.<\/li>\n<\/ul>\n<p>&nbsp;<\/p>\n<h3>UNINAVARRA's lawyer profile<\/h3>\n<p>The profile of the UNINAVARRA graduate is a conjunction of three fundamental elements for the development of the human being: personal, professional and occupational profile.<\/p>\n<ul class=\"icon\">\n<li>As a person, the UNINAVARRA graduate is an integral human being, aware of his or her life project and sensitive to the problems of society, being an actor in its transformation.<\/li>\n<li>As a professional, he understands that everything he has learned in his training has a clear and specific utility in the development of his profession.<\/li>\n<li>On the occupational side, they are objectively and demonstrably qualified in a series of skills recognized by the productive sector and the institution.<\/li>\n<\/ul>\n<p>The graduate is critical and proactive, and proposes solutions to specific problems by applying science and technology. They are fully aware of the implications of their profession and their ethical vision is based on deontological training and classroom experience. He tries to understand social phenomena as actions that guide the destinies of his community, on which he must have a position and an opinion that can and must be heard.<\/p>\n<h3 id=\"perfil-profesional\">Professional profile<\/h3>\n<p>It is based on four institutional pillars:<\/p>\n<ul class=\"icon\">\n<li>Theoretical and practical knowledge of the law.<\/li>\n<li>His training is oriented to the area of private law.<\/li>\n<li>His skills in legal conflict management, orality and socio-legal research.<\/li>\n<li>Its sense of justice, equity and the founding values of the social rule of law and citizenship.<\/li>\n<\/ul>\n<h3 id=\"perfil-ocupacional\">Occupational profile<\/h3>\n<p>The UNINAVARRA lawyer may work in the independent practice of law, as an advisor or consultant on legal issues, in private enterprise, in the public sector, in academia, as an official of the judicial branch, according to the skills and competencies developed within their academic training.<\/p>\n<h2 id=\"convenios\">Innovation in the training of lawyers<\/h2>\n<p>We have an organization of innovative academic activities that are articulated to the Curriculum and that strengthen the skills and competencies of future legal professionals, some of which are highlighted:<\/p>\n<div><\/div>\n<div style=\"margin-bottom: 10px; text-align: justify;\"><i class=\"vc_icon_element-icon fas fa-comments\"><\/i><strong>\u00a0Moot Court (Hypothetical or Real Cases in Oral Court)<\/strong>Practical exercises in the Oral Court Room of the University Foundation - UNINAVARRA, where hearings and oral trials are held, which will allow students to develop oral skills, based on the solution of hypothetical or real cases. These activities are carried out with the participation of other academic programs, such as the Medical Law and Family Medicine courses. In this way, collaborative work with other disciplines of knowledge is encouraged, allowing students to acquire competencies for their professional future.<\/div>\n<div><\/div>\n<div style=\"margin-bottom: 10px; text-align: justify;\"><i class=\"vc_icon_element-icon fas fa-user-injured\"><\/i>\u00a0<strong>Disciplinary and interdisciplinary legal bars in Medical Law:<\/strong>\u00a0Its purpose is to solve difficult cases through collaborative work between students, professors and invited experts. This space allows the development of complex thinking skills, argumentation and problem solving.<\/div>\n<div><\/div>\n<div style=\"margin-bottom: 10px; text-align: justify;\"><i class=\"vc_icon_element-icon fas fa-video\"><\/i> <strong>\u00a0Cinema and law:<\/strong>\u00a0It is a teaching strategy where film is used by the teacher as a multidisciplinary academic tool in order to articulate the different spheres of disciplinary knowledge in spaces of reflection and awareness.<\/div>\n<div><\/div>\n<div style=\"margin-bottom: 10px; text-align: justify;\"><i class=\"vc_icon_element-icon fas fa-book\"><\/i><strong>\u00a0Book Club: Gabo, other authors and human rights:\u00a0<\/strong>\u00a0In this academic space, the literary prose of Gabriel Garc\u00eda M\u00e1rquez and other Latin American authors is used as a pretext for the academic community to understand the relationship between literature and law. However, the main purpose of this space is that reading serves as a motive to reflect on human rights. In this way, students are encouraged to read, analyze the context and think critically.<\/div>\n<div><\/div>\n<div style=\"margin-bottom: 10px; text-align: justify;\"><i class=\"vc_icon_element-icon fas fa-hospital\"><\/i><strong>\u00a0UNINAVARRA Simulation Clinic:\u00a0\u00a0<\/strong>This space involves all UNINAVARRA's undergraduate academic programs, promoting interdisciplinary training.<\/div>\n<div><\/div>\n<div style=\"margin-bottom: 10px; text-align: justify;\"><i class=\"vc_icon_element-icon fas fa-user\"><\/i><strong>\u00a0Entrepreneurship:\u00a0\u00a0<\/strong>In accordance with the institutional mission and vision of UNINAVARRA, students are offered a course on entrepreneurship, which allows them to use the knowledge acquired in the construction and materialization of their life projects, resulting in their welfare. These activities are materialized with the participation of students of the law program in the Boot-Camp and the Lion Cage Reality Show organized by the Faculty of Economics and Administrative Sciences of UNINAVARRA.<\/div>\n<h2 id=\"convenios\">Why study law at UNINAVARRA?<\/h2>\n<ol>\n<li>You will have skills in legal conflict management, orality and socio-legal research.<\/li>\n<li>You will have a team of professors recognized for their academic training and professional experience (magistrates, judges, prosecutors, litigators).<\/li>\n<li>You will train in the classroom and in interdisciplinary simulation settings such as the oral and simulation clinic.<\/li>\n<li>You will have options for an academic exchange semester abroad, thanks to international mobility agreements (Spain, Mexico, United States, Chile, among others).<\/li>\n<li>You will learn to solve real problems from an interdisciplinary point of view, from the activities we carry out in the program.<\/li>\n<\/ol>\n<h2 id=\"convenios\"><\/h2>\n\n\t\t<\/div>\n\t<\/div>\n\n\t<div class=\"wpb_raw_code wpb_raw_html wpb_content_element\" >\n\t\t<div class=\"wpb_wrapper\">\n\t\t\t<h2 style=\"text-align:center;font-size:32px\">Teacher profiles<\/h2>\n<div class=\"gallery-invitados\">\n\n<div class=\"card\">\n  <div class=\"image-invitado\">\n    <img decoding=\"async\" src=\"https:\/\/uninavarra.edu.co\/wp-content\/uploads\/2023\/07\/3-6.jpg\">\n  <\/div>\n  <div class=\"card-body\">\n    <h4 class=\"card-title\">MARTHA CECILIA ABELLA<\/h4>\n    <p class=\"description\">Lawyer, Specialist in Administrative Law, in Legal-Political Institutions, Master in History, JUNIOR Researcher - MINCIENCIAS, Member of the DI\u00c1LOGOS Research Group, current Vice-Rector of the University Foundation of Navarra -UNINAVARRA.     <\/p>\n  <\/div>\n<\/div>\n\n<div class=\"card\">\n  <div class=\"image-invitado\">\n    <img decoding=\"async\" src=\"https:\/\/uninavarra.edu.co\/wp-content\/uploads\/2022\/10\/EDNA-ROCIO-HOYOS-LOZADA.jpeg\">\n  <\/div>\n  <div class=\"card-body\">\n    <h4 class=\"card-title\">EDNA ROCIO HOYOS LOZADA<\/h4>\n    <p class=\"description\">Lawyer, Specialist and Master in Medical Law. Candidate to Doctor in Law. Director of Medical Liability Medilaser Clinic. Professor of the Law Program of UNINAVARRA.<\/p>\n  <\/div>\n<\/div>\n\n<div class=\"card\">\n  <div class=\"image-invitado\">\n    <img decoding=\"async\" src=\"https:\/\/uninavarra.edu.co\/wp-content\/uploads\/2022\/12\/ESCUDO-Uninavarra.jpg\">\n  <\/div>\n  <div class=\"card-body\">\n    <h4 class=\"card-title\">MAGDA VIVIANA SANDOVAL CUMBE<\/h4>\n    <p class=\"description\">Lawyer, specialist in constitutional law and ISHR. Professor of the Law Program of UNINAVARRA.<\/p>\n  <\/div>\n<\/div>\n\n<div class=\"card\">\n  <div class=\"image-invitado\">\n    <img decoding=\"async\" src=\"https:\/\/uninavarra.edu.co\/wp-content\/uploads\/2022\/12\/ESCUDO-Uninavarra.jpg\">\n  <\/div>\n  <div class=\"card-body\">\n    <h4 class=\"card-title\">EDWIN ALIRIO TRUJILLO CERQUERA<\/h4>\n    <p class=\"description\">Bachelor in Humanities and Spanish Language, Lawyer, Specialist in Constitutional Law, Specialist in Probative Law, Master in Philosophy of Law and Legal Theory. Professor of the Law Program of UNINAVARRA.<\/p>\n  <\/div>\n<\/div>\n\n\n<div class=\"card\">\n  <div class=\"image-invitado\">\n    <img decoding=\"async\" src=\"https:\/\/uninavarra.edu.co\/wp-content\/uploads\/2022\/10\/JAIRO-ELBERT-GONZALES-RODRIGUEZ.jpeg\">\n  <\/div>\n  <div class=\"card-body\">\n    <h4 class=\"card-title\">JAIRO ELBERT GONZ\u00c1LEZ RODR\u00cdGUEZ<\/h4>\n    <p class=\"description\">Lawyer, specialist in administrative and constitutional sciences, specialist in criminal and criminological sciences, master's degree in criminal and criminological sciences, doctoral candidate in law.  Professor of the Law Program of UNINAVARRA.<\/p>\n  <\/div>\n<\/div>\n\n<div class=\"card\">\n  <div class=\"image-invitado\">\n    <img decoding=\"async\" src=\"https:\/\/uninavarra.edu.co\/wp-content\/uploads\/2022\/12\/ESCUDO-Uninavarra.jpg\">\n  <\/div>\n  <div class=\"card-body\">\n    <h4 class=\"card-title\">JORGE LORENZO ESCAND\u00d3N<\/h4>\n    <p class=\"description\">Bachelor in Theology, Lawyer, Specialist in Administrative Law, Master in Education and Community Development.  Professor of the Law Program of UNINAVARRA.<\/p>\n  <\/div>\n<\/div>\n\n\n\n\n<\/div>\n\n\t\t<\/div>\n\t<\/div>\n\n\t<div class=\"wpb_text_column wpb_content_element\" >\n\t\t<div class=\"wpb_wrapper\">\n\t\t\t<h2 id=\"convenios\">Internship Agreement<\/h2>\n<p>Currently, there are Academic Cooperation Framework Agreements and Cooperation Agreements for academic or professional internships with the following entities:<\/p>\n<ul class=\"icon\">\n<li>Electrificadora del Huila<\/li>\n<li>Neiva Chamber of Commerce<\/li>\n<li>Friends Like Rice Foundation<\/li>\n<li>Flower Mills Huila<\/li>\n<li>Molinos Roa S.A.<\/li>\n<li>TDH S.A.<\/li>\n<li>Corporaci\u00f3n Universitaria de Ciencia y Tecnolog\u00eda de Colombia<\/li>\n<li>Regional Autonomous Corporation of Alto Magdalena - CAM<\/li>\n<\/ul>\n\n\t\t<\/div>\n\t<\/div>\n\n\t\t<\/div> \n\t<\/div><\/div><\/div><\/div><div class=\"wpb-container\"><div class=\"container\"><div class=\"vc_row wpb_row vc_row-fluid row\"><div class=\"col-sm-12  vc_\">\n\t\t<div class=\"wpb_wrapper\">\n\t\t\t\n\t<div class=\"wpb_raw_code wpb_raw_js\" >\n\t\t<div class=\"wpb_wrapper\">\n\t\t\t<script>document.getElementById('contenido').classList.remove('container');<\/script>\n\t\t<\/div>\n\t<\/div>\n\n\t\t<\/div> \n\t<\/div><\/div><\/div><\/div>\n<\/div>","protected":false},"excerpt":{"rendered":"El programa de DERECHO de UNINAVARRA, interrelaciona los contenidos curriculares con las \u00e1reas del derecho privado, el derecho p\u00fablico y propende por la interacci\u00f3n con otras \u00e1reas del saber, dentro [...]","protected":false},"author":165,"featured_media":0,"parent":50515,"menu_order":1,"comment_status":"closed","ping_status":"closed","template":"","meta":{"footnotes":""},"categories":[134],"tags":[],"class_list":["post-47","page","type-page","status-publish","hentry","category-programas"],"yoast_head":"<!-- This site is optimized with the Yoast SEO plugin v27.2 - https:\/\/yoast.com\/product\/yoast-seo-wordpress\/ -->\n<title>Derecho anterior - Uninavarra<\/title>\n<meta name=\"robots\" content=\"index, follow, max-snippet:-1, max-image-preview:large, max-video-preview:-1\" \/>\n<link rel=\"canonical\" href=\"https:\/\/uninavarra.edu.co\/en\/landing\/derecho-old\/\" \/>\n<meta property=\"og:locale\" content=\"en_US\" \/>\n<meta property=\"og:type\" content=\"article\" \/>\n<meta property=\"og:title\" content=\"Derecho anterior - Uninavarra\" \/>\n<meta property=\"og:url\" content=\"https:\/\/uninavarra.edu.co\/en\/landing\/derecho-old\/\" \/>\n<meta property=\"og:site_name\" content=\"Uninavarra\" \/>\n<meta property=\"article:publisher\" content=\"https:\/\/www.facebook.com\/UninavarraEduca\" \/>\n<meta property=\"article:modified_time\" content=\"2024-04-16T14:56:30+00:00\" \/>\n<meta name=\"twitter:card\" content=\"summary_large_image\" \/>\n<meta name=\"twitter:site\" content=\"@uninavarraeduca\" \/>\n<meta name=\"twitter:label1\" content=\"Est. reading time\" \/>\n\t<meta name=\"twitter:data1\" content=\"10 minutes\" \/>\n<script type=\"application\/ld+json\" class=\"yoast-schema-graph\">{\"@context\":\"https:\/\/schema.org\",\"@graph\":[{\"@type\":\"WebPage\",\"@id\":\"https:\/\/uninavarra.edu.co\/landing\/derecho-old\/\",\"url\":\"https:\/\/uninavarra.edu.co\/landing\/derecho-old\/\",\"name\":\"Derecho anterior - Uninavarra\",\"isPartOf\":{\"@id\":\"https:\/\/uninavarra.edu.co\/#website\"},\"datePublished\":\"2015-10-23T20:52:43+00:00\",\"dateModified\":\"2024-04-16T14:56:30+00:00\",\"breadcrumb\":{\"@id\":\"https:\/\/uninavarra.edu.co\/landing\/derecho-old\/#breadcrumb\"},\"inLanguage\":\"en-US\",\"potentialAction\":[{\"@type\":\"ReadAction\",\"target\":[\"https:\/\/uninavarra.edu.co\/landing\/derecho-old\/\"]}]},{\"@type\":\"BreadcrumbList\",\"@id\":\"https:\/\/uninavarra.edu.co\/landing\/derecho-old\/#breadcrumb\",\"itemListElement\":[{\"@type\":\"ListItem\",\"position\":1,\"name\":\"Home\",\"item\":\"https:\/\/uninavarra.edu.co\/\"},{\"@type\":\"ListItem\",\"position\":2,\"name\":\"Oferta acad\u00e9mica\",\"item\":\"https:\/\/uninavarra.edu.co\/landing\/\"},{\"@type\":\"ListItem\",\"position\":3,\"name\":\"Derecho anterior\"}]},{\"@type\":\"WebSite\",\"@id\":\"https:\/\/uninavarra.edu.co\/#website\",\"url\":\"https:\/\/uninavarra.edu.co\/\",\"name\":\"UNINAVARRA\",\"description\":\"Haz realidad tu deseo de aprender\",\"publisher\":{\"@id\":\"https:\/\/uninavarra.edu.co\/#organization\"},\"potentialAction\":[{\"@type\":\"SearchAction\",\"target\":{\"@type\":\"EntryPoint\",\"urlTemplate\":\"https:\/\/uninavarra.edu.co\/?s={search_term_string}\"},\"query-input\":{\"@type\":\"PropertyValueSpecification\",\"valueRequired\":true,\"valueName\":\"search_term_string\"}}],\"inLanguage\":\"en-US\"},{\"@type\":\"Organization\",\"@id\":\"https:\/\/uninavarra.edu.co\/#organization\",\"name\":\"Fundaci\u00f3n Universitaria Navarra - UNINAVARRA\",\"url\":\"https:\/\/uninavarra.edu.co\/\",\"logo\":{\"@type\":\"ImageObject\",\"inLanguage\":\"en-US\",\"@id\":\"https:\/\/uninavarra.edu.co\/#\/schema\/logo\/image\/\",\"url\":\"https:\/\/uninavarra.edu.co\/wp-content\/uploads\/2024\/06\/Escudo-uninavarra-Solo.png\",\"contentUrl\":\"https:\/\/uninavarra.edu.co\/wp-content\/uploads\/2024\/06\/Escudo-uninavarra-Solo.png\",\"width\":1500,\"height\":1401,\"caption\":\"Fundaci\u00f3n Universitaria Navarra - UNINAVARRA\"},\"image\":{\"@id\":\"https:\/\/uninavarra.edu.co\/#\/schema\/logo\/image\/\"},\"sameAs\":[\"https:\/\/www.facebook.com\/UninavarraEduca\",\"https:\/\/x.com\/uninavarraeduca\",\"https:\/\/www.instagram.com\/uninavarra\/?hl=es\",\"https:\/\/www.linkedin.com\/in\/fundacin-universitaria-navarra-uninavarra-b41225222\/\"]}]}<\/script>\n<!-- \/ Yoast SEO plugin. -->","yoast_head_json":{"title":"Derecho anterior - Uninavarra","robots":{"index":"index","follow":"follow","max-snippet":"max-snippet:-1","max-image-preview":"max-image-preview:large","max-video-preview":"max-video-preview:-1"},"canonical":"https:\/\/uninavarra.edu.co\/en\/landing\/derecho-old\/","og_locale":"en_US","og_type":"article","og_title":"Derecho anterior - Uninavarra","og_url":"https:\/\/uninavarra.edu.co\/en\/landing\/derecho-old\/","og_site_name":"Uninavarra","article_publisher":"https:\/\/www.facebook.com\/UninavarraEduca","article_modified_time":"2024-04-16T14:56:30+00:00","twitter_card":"summary_large_image","twitter_site":"@uninavarraeduca","twitter_misc":{"Est. reading time":"10 minutes"},"schema":{"@context":"https:\/\/schema.org","@graph":[{"@type":"WebPage","@id":"https:\/\/uninavarra.edu.co\/landing\/derecho-old\/","url":"https:\/\/uninavarra.edu.co\/landing\/derecho-old\/","name":"Derecho anterior - Uninavarra","isPartOf":{"@id":"https:\/\/uninavarra.edu.co\/#website"},"datePublished":"2015-10-23T20:52:43+00:00","dateModified":"2024-04-16T14:56:30+00:00","breadcrumb":{"@id":"https:\/\/uninavarra.edu.co\/landing\/derecho-old\/#breadcrumb"},"inLanguage":"en-US","potentialAction":[{"@type":"ReadAction","target":["https:\/\/uninavarra.edu.co\/landing\/derecho-old\/"]}]},{"@type":"BreadcrumbList","@id":"https:\/\/uninavarra.edu.co\/landing\/derecho-old\/#breadcrumb","itemListElement":[{"@type":"ListItem","position":1,"name":"Home","item":"https:\/\/uninavarra.edu.co\/"},{"@type":"ListItem","position":2,"name":"Oferta acad\u00e9mica","item":"https:\/\/uninavarra.edu.co\/landing\/"},{"@type":"ListItem","position":3,"name":"Derecho anterior"}]},{"@type":"WebSite","@id":"https:\/\/uninavarra.edu.co\/#website","url":"https:\/\/uninavarra.edu.co\/","name":"UNINAVARRA","description":"Make your desire to learn a reality","publisher":{"@id":"https:\/\/uninavarra.edu.co\/#organization"},"potentialAction":[{"@type":"SearchAction","target":{"@type":"EntryPoint","urlTemplate":"https:\/\/uninavarra.edu.co\/?s={search_term_string}"},"query-input":{"@type":"PropertyValueSpecification","valueRequired":true,"valueName":"search_term_string"}}],"inLanguage":"en-US"},{"@type":"Organization","@id":"https:\/\/uninavarra.edu.co\/#organization","name":"Navarre University Foundation - UNINAVARRA","url":"https:\/\/uninavarra.edu.co\/","logo":{"@type":"ImageObject","inLanguage":"en-US","@id":"https:\/\/uninavarra.edu.co\/#\/schema\/logo\/image\/","url":"https:\/\/uninavarra.edu.co\/wp-content\/uploads\/2024\/06\/Escudo-uninavarra-Solo.png","contentUrl":"https:\/\/uninavarra.edu.co\/wp-content\/uploads\/2024\/06\/Escudo-uninavarra-Solo.png","width":1500,"height":1401,"caption":"Fundaci\u00f3n Universitaria Navarra - UNINAVARRA"},"image":{"@id":"https:\/\/uninavarra.edu.co\/#\/schema\/logo\/image\/"},"sameAs":["https:\/\/www.facebook.com\/UninavarraEduca","https:\/\/x.com\/uninavarraeduca","https:\/\/www.instagram.com\/uninavarra\/?hl=es","https:\/\/www.linkedin.com\/in\/fundacin-universitaria-navarra-uninavarra-b41225222\/"]}]}},"_links":{"self":[{"href":"https:\/\/uninavarra.edu.co\/en\/wp-json\/wp\/v2\/pages\/47","targetHints":{"allow":["GET"]}}],"collection":[{"href":"https:\/\/uninavarra.edu.co\/en\/wp-json\/wp\/v2\/pages"}],"about":[{"href":"https:\/\/uninavarra.edu.co\/en\/wp-json\/wp\/v2\/types\/page"}],"author":[{"embeddable":true,"href":"https:\/\/uninavarra.edu.co\/en\/wp-json\/wp\/v2\/users\/165"}],"replies":[{"embeddable":true,"href":"https:\/\/uninavarra.edu.co\/en\/wp-json\/wp\/v2\/comments?post=47"}],"version-history":[{"count":0,"href":"https:\/\/uninavarra.edu.co\/en\/wp-json\/wp\/v2\/pages\/47\/revisions"}],"up":[{"embeddable":true,"href":"https:\/\/uninavarra.edu.co\/en\/wp-json\/wp\/v2\/pages\/50515"}],"wp:attachment":[{"href":"https:\/\/uninavarra.edu.co\/en\/wp-json\/wp\/v2\/media?parent=47"}],"wp:term":[{"taxonomy":"category","embeddable":true,"href":"https:\/\/uninavarra.edu.co\/en\/wp-json\/wp\/v2\/categories?post=47"},{"taxonomy":"post_tag","embeddable":true,"href":"https:\/\/uninavarra.edu.co\/en\/wp-json\/wp\/v2\/tags?post=47"}],"curies":[{"name":"wp","href":"https:\/\/api.w.org\/{rel}","templated":true}]}}