{"id":4452,"date":"2017-02-28T14:58:38","date_gmt":"2017-02-28T19:58:38","guid":{"rendered":"https:\/\/uninavarra.edu.co\/?page_id=4452"},"modified":"2021-08-09T11:42:14","modified_gmt":"2021-08-09T16:42:14","slug":"convocatoria-elecciones-2017-2","status":"publish","type":"page","link":"https:\/\/uninavarra.edu.co\/en\/convocatoria-elecciones-2017-2\/","title":{"rendered":"Call for the election of Student and Faculty Representatives to the collegiate bodies of the Fundaci\u00f3n Universitaria Navarra"},"content":{"rendered":"<p><img fetchpriority=\"high\" decoding=\"async\" class=\"aligncenter\" src=\"https:\/\/uninavarra.edu.co\/wp-content\/uploads\/2017\/02\/image.png\" width=\"621\" height=\"632\" \/><\/p>\n<p><a href=\"https:\/\/uninavarra.edu.co\/wp-content\/uploads\/2017\/02\/Convocatoria-Elecciones-2017.pdf\"><img decoding=\"async\" class=\"aligncenter wp-image-4447\" src=\"https:\/\/uninavarra.edu.co\/wp-content\/uploads\/2017\/02\/Imagen1.png\" width=\"375\" height=\"152\" srcset=\"https:\/\/uninavarra.edu.co\/wp-content\/uploads\/2017\/02\/Imagen1.png 946w, https:\/\/uninavarra.edu.co\/wp-content\/uploads\/2017\/02\/Imagen1-150x61.png 150w, https:\/\/uninavarra.edu.co\/wp-content\/uploads\/2017\/02\/Imagen1-300x121.png 300w, https:\/\/uninavarra.edu.co\/wp-content\/uploads\/2017\/02\/Imagen1-768x311.png 768w\" sizes=\"(max-width: 375px) 100vw, 375px\" \/><\/a><\/p>\n<ul class=\"icon\">\n<li><a href=\"https:\/\/uninavarra.edu.co\/wp-content\/uploads\/2017\/03\/ACTA-DE-INSCRITOS.pdf\">REGISTRATION AND VERIFICATION OF REQUIREMENTS OF TEACHERS AND STUDENTS APPLICANT TO THE ELECTIONS CONVENED BY RESOLUTION No. 001 OF 2017<\/a><\/li>\n<li><a href=\"https:\/\/uninavarra.edu.co\/wp-content\/uploads\/2017\/03\/Acta-Declaratoria-Desierta-Elecciones.pdf\">MINUTES DECLARING THE CALL FOR THE ELECTION OF STUDENT AND TEACHER REPRESENTATIVES VOID<\/a><\/li>\n<li><a href=\"https:\/\/uninavarra.edu.co\/wp-content\/uploads\/2017\/03\/LISTADO-DE-DOCENTES.pdf\">LIST OF VOTING TEACHERS<\/a><\/li>\n<li><a href=\"https:\/\/uninavarra.edu.co\/wp-content\/uploads\/2017\/03\/LISTADO-DE-ESTUDIANTES.pdf\">LIST OF STUDENT VOTERS<\/a><\/li>\n<li><a href=\"https:\/\/uninavarra.edu.co\/wp-content\/uploads\/2017\/03\/Constancia-Secretarial.pdf\">SECRETARIAL EVIDENCE<\/a><\/li>\n<li><a href=\"https:\/\/uninavarra.edu.co\/wp-content\/uploads\/2017\/03\/ACTA-DE-LISTADO-DE-DOCENTES-Y-ESTUDIANTES.pdf\">MINUTES OF THE LIST OF TEACHERS AND STUDENTS<\/a><\/li>\n<li><a href=\"https:\/\/uninavarra.edu.co\/wp-content\/uploads\/2017\/03\/USO-DEL-TARJET%C3%93N.pdf\">USE OF THE CARD<\/a><\/li>\n<\/ul>","protected":false},"excerpt":{"rendered":"<p>ACTA DE INSCRITOS Y VERIFICACI\u00d3N DE REQUISITOS DE LOS DOCENTES Y ESTUDIANTES ASPIRANTES A LAS ELECCI\u00d3NES CONVOCADAS MEDIANTE LA RESOLUCI\u00d3N No. 001 DE 2017 ACTA MEDIANTE LA CUAL SE DECLARA [&hellip;]<\/p>\n","protected":false},"author":3,"featured_media":0,"parent":0,"menu_order":0,"comment_status":"closed","ping_status":"closed","template":"","meta":{"footnotes":""},"categories":[1],"tags":[],"class_list":["post-4452","page","type-page","status-publish","hentry","category-uncategorized"],"yoast_head":"<!-- This site is optimized with the Yoast SEO plugin v27.4 - https:\/\/yoast.com\/product\/yoast-seo-wordpress\/ -->\n<title>Convocatoria al proceso de elecci\u00f3n de los Representantes de los Estudiantes y Docentes ante los cuerpos colegiados de la Fundaci\u00f3n Universitaria Navarra - Uninavarra<\/title>\n<meta name=\"robots\" content=\"index, follow, max-snippet:-1, max-image-preview:large, max-video-preview:-1\" \/>\n<link rel=\"canonical\" href=\"https:\/\/uninavarra.edu.co\/en\/convocatoria-elecciones-2017-2\/\" \/>\n<meta property=\"og:locale\" content=\"en_US\" \/>\n<meta property=\"og:type\" content=\"article\" \/>\n<meta property=\"og:title\" content=\"Convocatoria al proceso de elecci\u00f3n de los Representantes de los Estudiantes y Docentes ante los cuerpos colegiados de la Fundaci\u00f3n Universitaria Navarra - Uninavarra\" \/>\n<meta property=\"og:description\" content=\"ACTA DE INSCRITOS Y VERIFICACI\u00d3N DE REQUISITOS DE LOS DOCENTES Y ESTUDIANTES ASPIRANTES A LAS ELECCI\u00d3NES CONVOCADAS MEDIANTE LA RESOLUCI\u00d3N No. 001 DE 2017 ACTA MEDIANTE LA CUAL SE DECLARA [&hellip;]\" \/>\n<meta property=\"og:url\" content=\"https:\/\/uninavarra.edu.co\/en\/convocatoria-elecciones-2017-2\/\" \/>\n<meta property=\"og:site_name\" content=\"Uninavarra\" \/>\n<meta property=\"article:publisher\" content=\"https:\/\/www.facebook.com\/UninavarraEduca\" \/>\n<meta property=\"article:modified_time\" content=\"2021-08-09T16:42:14+00:00\" \/>\n<meta property=\"og:image\" content=\"https:\/\/uninavarra.edu.co\/wp-content\/uploads\/2017\/02\/image.png\" \/>\n<meta name=\"twitter:card\" content=\"summary_large_image\" \/>\n<meta name=\"twitter:site\" content=\"@uninavarraeduca\" \/>\n<script type=\"application\/ld+json\" class=\"yoast-schema-graph\">{\"@context\":\"https:\\\/\\\/schema.org\",\"@graph\":[{\"@type\":\"WebPage\",\"@id\":\"https:\\\/\\\/uninavarra.edu.co\\\/en\\\/convocatoria-elecciones-2017-2\\\/\",\"url\":\"https:\\\/\\\/uninavarra.edu.co\\\/en\\\/convocatoria-elecciones-2017-2\\\/\",\"name\":\"Convocatoria al proceso de elecci\u00f3n de los Representantes de los Estudiantes y Docentes ante los cuerpos colegiados de la Fundaci\u00f3n Universitaria Navarra - Uninavarra\",\"isPartOf\":{\"@id\":\"https:\\\/\\\/uninavarra.edu.co\\\/#website\"},\"primaryImageOfPage\":{\"@id\":\"https:\\\/\\\/uninavarra.edu.co\\\/en\\\/convocatoria-elecciones-2017-2\\\/#primaryimage\"},\"image\":{\"@id\":\"https:\\\/\\\/uninavarra.edu.co\\\/en\\\/convocatoria-elecciones-2017-2\\\/#primaryimage\"},\"thumbnailUrl\":\"https:\\\/\\\/uninavarra.edu.co\\\/wp-content\\\/uploads\\\/2017\\\/02\\\/image.png\",\"datePublished\":\"2017-02-28T19:58:38+00:00\",\"dateModified\":\"2021-08-09T16:42:14+00:00\",\"breadcrumb\":{\"@id\":\"https:\\\/\\\/uninavarra.edu.co\\\/en\\\/convocatoria-elecciones-2017-2\\\/#breadcrumb\"},\"inLanguage\":\"en-US\",\"potentialAction\":[{\"@type\":\"ReadAction\",\"target\":[\"https:\\\/\\\/uninavarra.edu.co\\\/en\\\/convocatoria-elecciones-2017-2\\\/\"]}]},{\"@type\":\"ImageObject\",\"inLanguage\":\"en-US\",\"@id\":\"https:\\\/\\\/uninavarra.edu.co\\\/en\\\/convocatoria-elecciones-2017-2\\\/#primaryimage\",\"url\":\"https:\\\/\\\/uninavarra.edu.co\\\/wp-content\\\/uploads\\\/2017\\\/02\\\/image.png\",\"contentUrl\":\"https:\\\/\\\/uninavarra.edu.co\\\/wp-content\\\/uploads\\\/2017\\\/02\\\/image.png\"},{\"@type\":\"BreadcrumbList\",\"@id\":\"https:\\\/\\\/uninavarra.edu.co\\\/en\\\/convocatoria-elecciones-2017-2\\\/#breadcrumb\",\"itemListElement\":[{\"@type\":\"ListItem\",\"position\":1,\"name\":\"Home\",\"item\":\"https:\\\/\\\/uninavarra.edu.co\\\/\"},{\"@type\":\"ListItem\",\"position\":2,\"name\":\"Convocatoria al proceso de elecci\u00f3n de los Representantes de los Estudiantes y Docentes ante los cuerpos colegiados de la Fundaci\u00f3n Universitaria Navarra\"}]},{\"@type\":\"WebSite\",\"@id\":\"https:\\\/\\\/uninavarra.edu.co\\\/#website\",\"url\":\"https:\\\/\\\/uninavarra.edu.co\\\/\",\"name\":\"UNINAVARRA\",\"description\":\"Haz realidad tu deseo de aprender\",\"publisher\":{\"@id\":\"https:\\\/\\\/uninavarra.edu.co\\\/#organization\"},\"potentialAction\":[{\"@type\":\"SearchAction\",\"target\":{\"@type\":\"EntryPoint\",\"urlTemplate\":\"https:\\\/\\\/uninavarra.edu.co\\\/?s={search_term_string}\"},\"query-input\":{\"@type\":\"PropertyValueSpecification\",\"valueRequired\":true,\"valueName\":\"search_term_string\"}}],\"inLanguage\":\"en-US\"},{\"@type\":\"Organization\",\"@id\":\"https:\\\/\\\/uninavarra.edu.co\\\/#organization\",\"name\":\"Fundaci\u00f3n Universitaria Navarra - UNINAVARRA\",\"url\":\"https:\\\/\\\/uninavarra.edu.co\\\/\",\"logo\":{\"@type\":\"ImageObject\",\"inLanguage\":\"en-US\",\"@id\":\"https:\\\/\\\/uninavarra.edu.co\\\/#\\\/schema\\\/logo\\\/image\\\/\",\"url\":\"https:\\\/\\\/uninavarra.edu.co\\\/wp-content\\\/uploads\\\/2024\\\/06\\\/Escudo-uninavarra-Solo.png\",\"contentUrl\":\"https:\\\/\\\/uninavarra.edu.co\\\/wp-content\\\/uploads\\\/2024\\\/06\\\/Escudo-uninavarra-Solo.png\",\"width\":1500,\"height\":1401,\"caption\":\"Fundaci\u00f3n Universitaria Navarra - UNINAVARRA\"},\"image\":{\"@id\":\"https:\\\/\\\/uninavarra.edu.co\\\/#\\\/schema\\\/logo\\\/image\\\/\"},\"sameAs\":[\"https:\\\/\\\/www.facebook.com\\\/UninavarraEduca\",\"https:\\\/\\\/x.com\\\/uninavarraeduca\",\"https:\\\/\\\/www.instagram.com\\\/uninavarra\\\/?hl=es\",\"https:\\\/\\\/www.linkedin.com\\\/in\\\/fundacin-universitaria-navarra-uninavarra-b41225222\\\/\"]}]}<\/script>\n<!-- \/ Yoast SEO plugin. -->","yoast_head_json":{"title":"Convocatoria al proceso de elecci\u00f3n de los Representantes de los Estudiantes y Docentes ante los cuerpos colegiados de la Fundaci\u00f3n Universitaria Navarra - Uninavarra","robots":{"index":"index","follow":"follow","max-snippet":"max-snippet:-1","max-image-preview":"max-image-preview:large","max-video-preview":"max-video-preview:-1"},"canonical":"https:\/\/uninavarra.edu.co\/en\/convocatoria-elecciones-2017-2\/","og_locale":"en_US","og_type":"article","og_title":"Convocatoria al proceso de elecci\u00f3n de los Representantes de los Estudiantes y Docentes ante los cuerpos colegiados de la Fundaci\u00f3n Universitaria Navarra - Uninavarra","og_description":"ACTA DE INSCRITOS Y VERIFICACI\u00d3N DE REQUISITOS DE LOS DOCENTES Y ESTUDIANTES ASPIRANTES A LAS ELECCI\u00d3NES CONVOCADAS MEDIANTE LA RESOLUCI\u00d3N No. 001 DE 2017 ACTA MEDIANTE LA CUAL SE DECLARA [&hellip;]","og_url":"https:\/\/uninavarra.edu.co\/en\/convocatoria-elecciones-2017-2\/","og_site_name":"Uninavarra","article_publisher":"https:\/\/www.facebook.com\/UninavarraEduca","article_modified_time":"2021-08-09T16:42:14+00:00","og_image":[{"url":"https:\/\/uninavarra.edu.co\/wp-content\/uploads\/2017\/02\/image.png","type":"","width":"","height":""}],"twitter_card":"summary_large_image","twitter_site":"@uninavarraeduca","schema":{"@context":"https:\/\/schema.org","@graph":[{"@type":"WebPage","@id":"https:\/\/uninavarra.edu.co\/en\/convocatoria-elecciones-2017-2\/","url":"https:\/\/uninavarra.edu.co\/en\/convocatoria-elecciones-2017-2\/","name":"Convocatoria al proceso de elecci\u00f3n de los Representantes de los Estudiantes y Docentes ante los cuerpos colegiados de la Fundaci\u00f3n Universitaria Navarra - Uninavarra","isPartOf":{"@id":"https:\/\/uninavarra.edu.co\/#website"},"primaryImageOfPage":{"@id":"https:\/\/uninavarra.edu.co\/en\/convocatoria-elecciones-2017-2\/#primaryimage"},"image":{"@id":"https:\/\/uninavarra.edu.co\/en\/convocatoria-elecciones-2017-2\/#primaryimage"},"thumbnailUrl":"https:\/\/uninavarra.edu.co\/wp-content\/uploads\/2017\/02\/image.png","datePublished":"2017-02-28T19:58:38+00:00","dateModified":"2021-08-09T16:42:14+00:00","breadcrumb":{"@id":"https:\/\/uninavarra.edu.co\/en\/convocatoria-elecciones-2017-2\/#breadcrumb"},"inLanguage":"en-US","potentialAction":[{"@type":"ReadAction","target":["https:\/\/uninavarra.edu.co\/en\/convocatoria-elecciones-2017-2\/"]}]},{"@type":"ImageObject","inLanguage":"en-US","@id":"https:\/\/uninavarra.edu.co\/en\/convocatoria-elecciones-2017-2\/#primaryimage","url":"https:\/\/uninavarra.edu.co\/wp-content\/uploads\/2017\/02\/image.png","contentUrl":"https:\/\/uninavarra.edu.co\/wp-content\/uploads\/2017\/02\/image.png"},{"@type":"BreadcrumbList","@id":"https:\/\/uninavarra.edu.co\/en\/convocatoria-elecciones-2017-2\/#breadcrumb","itemListElement":[{"@type":"ListItem","position":1,"name":"Home","item":"https:\/\/uninavarra.edu.co\/"},{"@type":"ListItem","position":2,"name":"Convocatoria al proceso de elecci\u00f3n de los Representantes de los Estudiantes y Docentes ante los cuerpos colegiados de la Fundaci\u00f3n Universitaria Navarra"}]},{"@type":"WebSite","@id":"https:\/\/uninavarra.edu.co\/#website","url":"https:\/\/uninavarra.edu.co\/","name":"UNINAVARRA","description":"Make your desire to learn a reality","publisher":{"@id":"https:\/\/uninavarra.edu.co\/#organization"},"potentialAction":[{"@type":"SearchAction","target":{"@type":"EntryPoint","urlTemplate":"https:\/\/uninavarra.edu.co\/?s={search_term_string}"},"query-input":{"@type":"PropertyValueSpecification","valueRequired":true,"valueName":"search_term_string"}}],"inLanguage":"en-US"},{"@type":"Organization","@id":"https:\/\/uninavarra.edu.co\/#organization","name":"Navarre University Foundation - UNINAVARRA","url":"https:\/\/uninavarra.edu.co\/","logo":{"@type":"ImageObject","inLanguage":"en-US","@id":"https:\/\/uninavarra.edu.co\/#\/schema\/logo\/image\/","url":"https:\/\/uninavarra.edu.co\/wp-content\/uploads\/2024\/06\/Escudo-uninavarra-Solo.png","contentUrl":"https:\/\/uninavarra.edu.co\/wp-content\/uploads\/2024\/06\/Escudo-uninavarra-Solo.png","width":1500,"height":1401,"caption":"Fundaci\u00f3n Universitaria Navarra - UNINAVARRA"},"image":{"@id":"https:\/\/uninavarra.edu.co\/#\/schema\/logo\/image\/"},"sameAs":["https:\/\/www.facebook.com\/UninavarraEduca","https:\/\/x.com\/uninavarraeduca","https:\/\/www.instagram.com\/uninavarra\/?hl=es","https:\/\/www.linkedin.com\/in\/fundacin-universitaria-navarra-uninavarra-b41225222\/"]}]}},"_links":{"self":[{"href":"https:\/\/uninavarra.edu.co\/en\/wp-json\/wp\/v2\/pages\/4452","targetHints":{"allow":["GET"]}}],"collection":[{"href":"https:\/\/uninavarra.edu.co\/en\/wp-json\/wp\/v2\/pages"}],"about":[{"href":"https:\/\/uninavarra.edu.co\/en\/wp-json\/wp\/v2\/types\/page"}],"author":[{"embeddable":true,"href":"https:\/\/uninavarra.edu.co\/en\/wp-json\/wp\/v2\/users\/3"}],"replies":[{"embeddable":true,"href":"https:\/\/uninavarra.edu.co\/en\/wp-json\/wp\/v2\/comments?post=4452"}],"version-history":[{"count":0,"href":"https:\/\/uninavarra.edu.co\/en\/wp-json\/wp\/v2\/pages\/4452\/revisions"}],"wp:attachment":[{"href":"https:\/\/uninavarra.edu.co\/en\/wp-json\/wp\/v2\/media?parent=4452"}],"wp:term":[{"taxonomy":"category","embeddable":true,"href":"https:\/\/uninavarra.edu.co\/en\/wp-json\/wp\/v2\/categories?post=4452"},{"taxonomy":"post_tag","embeddable":true,"href":"https:\/\/uninavarra.edu.co\/en\/wp-json\/wp\/v2\/tags?post=4452"}],"curies":[{"name":"wp","href":"https:\/\/api.w.org\/{rel}","templated":true}]}}