{"id":43918,"date":"2021-12-20T13:10:41","date_gmt":"2021-12-20T18:10:41","guid":{"rendered":"https:\/\/uninavarra.edu.co\/?page_id=43918"},"modified":"2021-12-21T10:57:32","modified_gmt":"2021-12-21T15:57:32","slug":"contactenos","status":"publish","type":"page","link":"https:\/\/uninavarra.edu.co\/en\/egresados\/bolsa-de-empleo\/contactenos\/","title":{"rendered":"Contact us at"},"content":{"rendered":"<div class=\"wpb-content-wrapper\"><div class=\"wpb-container \"><div class=\"container\"><div class=\"vc_row wpb_row vc_row-fluid row \"><div class=\"col-sm-6  vc_\">\n\t\t<div class=\"wpb_wrapper \">\n\t\t\t\n\t<div class=\"wpb_text_column wpb_content_element\" >\n\t\t<div class=\"wpb_wrapper\">\n\t\t\t<h2>Gracias por visitar nuestra p\u00e1gina<\/h2>\n<hr \/>\n<p style=\"text-align: justify;\"><span style=\"font-size: 18px;\">Para nosotros es muy importante tu opini\u00f3n y sugerencias. Por favor diligencia el siguiente formato con tus comentarios o inquietudes de tipo t\u00e9cnico.<\/span><\/p>\n<p style=\"text-align: justify;\"><span style=\"font-size: 18px;\">El e-mail que escribas en el siguiente registro ser\u00e1 donde llegar\u00e1 la respuesta a tu inquietud. Por favor verifica que est\u00e9 escrito correctamente, antes de enviar tus comentarios. El \u00e1rea t\u00e9cnica de la bolsa de empleo responder\u00e1 sus inquietudes tan pronto como sea posible.<\/span><\/p>\n<p style=\"text-align: justify;\"><span style=\"font-size: 18px;\">En caso de tener inquietudes o sugerencias diferentes a las t\u00e9cnicas de la bolsa de empleo enviar su comentario a <a href=\"mailto:bolsadeempleo@uninavarra.edu.co\">bolsadeempleo@uninavarra.edu.co<\/a><\/span><\/p>\n\n\t\t<\/div>\n\t<\/div>\n\n\t\t<\/div> \n\t<\/div><div class=\"col-sm-6  vc_\">\n\t\t<div class=\"wpb_wrapper \">\n\t\t\t\n\t<div class=\"wpb_text_column wpb_content_element\" >\n\t\t<div class=\"wpb_wrapper\">\n\t\t\t\n<div class=\"wpcf7 no-js\" id=\"wpcf7-f43984-o1\" lang=\"es-ES\" dir=\"ltr\" data-wpcf7-id=\"43984\">\n<div class=\"screen-reader-response\"><p role=\"status\" aria-live=\"polite\" aria-atomic=\"true\"><\/p> <ul><\/ul><\/div>\n<form action=\"\/en\/wp-json\/wp\/v2\/pages\/43918#wpcf7-f43984-o1\" method=\"post\" class=\"wpcf7-form init\" aria-label=\"Formulario de contacto\" novalidate=\"novalidate\" data-status=\"init\">\n<fieldset class=\"hidden-fields-container\"><input type=\"hidden\" name=\"_wpcf7\" value=\"43984\" \/><input type=\"hidden\" name=\"_wpcf7_version\" value=\"6.1.5\" \/><input type=\"hidden\" name=\"_wpcf7_locale\" value=\"es_ES\" \/><input type=\"hidden\" name=\"_wpcf7_unit_tag\" value=\"wpcf7-f43984-o1\" \/><input type=\"hidden\" name=\"_wpcf7_container_post\" value=\"0\" \/><input type=\"hidden\" name=\"_wpcf7_posted_data_hash\" value=\"\" \/><input type=\"hidden\" name=\"_wpcf7cf_hidden_group_fields\" value=\"[]\" \/><input type=\"hidden\" name=\"_wpcf7cf_hidden_groups\" value=\"[]\" \/><input type=\"hidden\" name=\"_wpcf7cf_visible_groups\" value=\"[]\" \/><input type=\"hidden\" name=\"_wpcf7cf_repeaters\" value=\"[]\" \/><input type=\"hidden\" name=\"_wpcf7cf_steps\" value=\"{}\" \/><input type=\"hidden\" name=\"_wpcf7cf_options\" value=\"{&quot;form_id&quot;:43984,&quot;conditions&quot;:[],&quot;settings&quot;:{&quot;animation&quot;:&quot;yes&quot;,&quot;animation_intime&quot;:200,&quot;animation_outtime&quot;:200,&quot;conditions_ui&quot;:&quot;normal&quot;,&quot;notice_dismissed&quot;:false,&quot;notice_dismissed_update-cf7-5.7.5.1&quot;:true,&quot;notice_dismissed_rollback-cf7-5.8.5&quot;:true,&quot;notice_dismissed_rollback-cf7-5.8.6&quot;:true,&quot;notice_dismissed_rollback-cf7-5.9.7&quot;:true,&quot;notice_dismissed_update-cf7-6.1.3&quot;:true}}\" \/><input type=\"hidden\" name=\"_wpcf7_recaptcha_response\" value=\"\" \/>\n<\/fieldset>\n<div id=\"form-container\">\n\t<div id=\"form-content\">\n\t\t<div id=\"form-head\">\n\t\t\t<h1 class=\"pre\">Contacto\n\t\t\t<\/h1>\n\t\t\t<h1 class=\"post\">Gracias por tu mensaje!\n\t\t\t<\/h1>\n\t\t\t<p class=\"post\">Ha sido enviado. Estaremos en contacto lo antes posible\n\t\t\t<\/p>\n\t\t<\/div>\n\t\t<div id=\"form\">\n\t\t\t<div>\n\t\t\t\t<p><span class=\"wpcf7-form-control-wrap\" data-name=\"your-name\"><input size=\"40\" maxlength=\"400\" class=\"wpcf7-form-control wpcf7-text wpcf7-validates-as-required\" aria-required=\"true\" aria-invalid=\"false\" placeholder=\"Nombres y apellidos\" value=\"\" type=\"text\" name=\"your-name\" \/><\/span>\n\t\t\t\t<\/p>\n\t\t\t<\/div>\n\t\t\t<div class=\"row\">\n\t\t\t\t<div class=\"col-xs-12 col-sm-6\">\n\t\t\t\t\t<p><span class=\"wpcf7-form-control-wrap\" data-name=\"your-type-id\"><select class=\"wpcf7-form-control wpcf7-select wpcf7-validates-as-required\" aria-required=\"true\" aria-invalid=\"false\" name=\"your-type-id\"><option value=\"\">Tipo de documento<\/option><option value=\"C\u00e9dula\">C\u00e9dula<\/option><option value=\"C\u00e9dula extranjer\u00eda\">C\u00e9dula extranjer\u00eda<\/option><option value=\"Pasaporte\">Pasaporte<\/option><\/select><\/span>\n\t\t\t\t\t<\/p>\n\t\t\t\t<\/div>\n\t\t\t\t<div class=\"col-xs-12 col-sm-6\">\n\t\t\t\t\t<p><span class=\"wpcf7-form-control-wrap\" data-name=\"your-id\"><input size=\"40\" maxlength=\"400\" class=\"wpcf7-form-control wpcf7-text wpcf7-validates-as-required\" aria-required=\"true\" aria-invalid=\"false\" placeholder=\"N\u00famero de identificaci\u00f3n\" value=\"\" type=\"text\" name=\"your-id\" \/><\/span>\n\t\t\t\t\t<\/p>\n\t\t\t\t<\/div>\n\t\t\t<\/div>\n\t\t\t<div>\n\t\t\t\t<p><span class=\"wpcf7-form-control-wrap\" data-name=\"your-type-candidate\"><select class=\"wpcf7-form-control wpcf7-select wpcf7-validates-as-required\" aria-required=\"true\" aria-invalid=\"false\" name=\"your-type-candidate\"><option value=\"\">Tipo de candidato<\/option><option value=\"Estudiante\">Estudiante<\/option><option value=\"Practicante\">Practicante<\/option><option value=\"Egresado\">Egresado<\/option><\/select><\/span>\n\t\t\t\t<\/p>\n\t\t\t<\/div>\n\t\t\t<div>\n\t\t\t\t<p><span class=\"wpcf7-form-control-wrap\" data-name=\"your-email\"><input size=\"40\" maxlength=\"400\" class=\"wpcf7-form-control wpcf7-email wpcf7-validates-as-required wpcf7-text wpcf7-validates-as-email\" aria-required=\"true\" aria-invalid=\"false\" placeholder=\"Correo electr\u00f3nico\" value=\"\" type=\"email\" name=\"your-email\" \/><\/span>\n\t\t\t\t<\/p>\n\t\t\t<\/div>\n\t\t\t<div>\n\t\t\t\t<p><span class=\"wpcf7-form-control-wrap\" data-name=\"your-message\"><textarea cols=\"40\" rows=\"10\" maxlength=\"2000\" class=\"wpcf7-form-control wpcf7-textarea wpcf7-validates-as-required texto\" id=\"texto\" aria-required=\"true\" aria-invalid=\"false\" name=\"your-message\">Comentario<\/textarea><\/span>\n\t\t\t\t<\/p>\n\t\t\t<\/div>\n\t\t\t<div>\n\t\t\t\t<p><span class=\"wpcf7-form-control-wrap\" data-name=\"aceptacion-tratamiento-datos\"><span class=\"wpcf7-form-control wpcf7-acceptance\"><span class=\"wpcf7-list-item\"><label><input type=\"checkbox\" name=\"aceptacion-tratamiento-datos\" value=\"1\" aria-invalid=\"false\" \/><span class=\"wpcf7-list-item-label\">He le\u00eddo y acepto el tratamiento de datos personales.<\/span><\/label><\/span><\/span><\/span><input class=\"wpcf7-form-control wpcf7-submit has-spinner\" type=\"submit\" value=\"Enviar\" \/>\n\t\t\t\t<\/p>\n\t\t\t<\/div>\n\t\t<\/div>\n\t<\/div>\n<\/div><input type='hidden' class='wpcf7-pum' value='{\"closepopup\":false,\"closedelay\":0,\"openpopup\":false,\"openpopup_id\":0}' \/><div class=\"wpcf7-response-output\" aria-hidden=\"true\"><\/div>\n<\/form>\n<\/div>\n\n\n\t\t<\/div>\n\t<\/div>\n\n\t<div class=\"wpb_raw_code wpb_raw_js\" >\n\t\t<div class=\"wpb_wrapper\">\n\t\t\t<script> \n\njQuery(document).ready( function(){\n    jQuery('select option[value=\"\"]').attr('hidden',true);\n});\n\nvar formContainer = jQuery('#form-container');\n\n\/\/Form validation\njQuery('form').submit(function() {\n  var form = jQuery(this);\n  form.find('.form-error').removeClass('form-error');\n  var formError = false;\n  \n  form.find('.wpcf7-form-control').each(function() {\n    if (jQuery(this).hasClass('wpcf7-acceptance') && jQuery(this).val() == \"\") {\n        jQuery(this).removeClass('form-error');\n        formError = false;\n        return false;\n    }\n    else if (jQuery(this).val() == '') {\n      jQuery(this).addClass('form-error');\n      jQuery(this).select();\n      formError = true;\n      return false;\n    }\n    else if (jQuery(this).hasClass('wpcf7-email') && !isValidEmail(jQuery(this).val())) {\n      jQuery(this).addClass('form-error');\n      jQuery(this).select();\n      formError = true;\n      return false;\n    }\n   else if (jQuery(this).hasClass('wpcf7-tel') && !isValidPhone(jQuery(this).val())) {\n        jQuery(this).addClass('form-error');\n        jQuery(this).select();\n        formError = true;\n        return false;\n    }\n  });\n  \n  if (!formError) {\n    jQuery('body').addClass('form-submitted');\n    jQuery('#form-head').addClass('form-submitted'); \n    setTimeout(function(){\n      jQuery(form).trigger(\"reset\");\n    }, 1000);\n  }\n  return false;\n});\n\nfunction isValidEmail(email) {\n    var pattern = \/^([a-z\\d!#$%&'*+\\-\\\/=?^_`{|}~\\u00A0-\\uD7FF\\uF900-\\uFDCF\\uFDF0-\\uFFEF]+(\\.[a-z\\d!#$%&'*+\\-\\\/=?^_`{|}~\\u00A0-\\uD7FF\\uF900-\\uFDCF\\uFDF0-\\uFFEF]+)*|\"((([ \\t]*\\r\\n)?[ \\t]+)?([\\x01-\\x08\\x0b\\x0c\\x0e-\\x1f\\x7f\\x21\\x23-\\x5b\\x5d-\\x7e\\u00A0-\\uD7FF\\uF900-\\uFDCF\\uFDF0-\\uFFEF]|\\\\[\\x01-\\x09\\x0b\\x0c\\x0d-\\x7f\\u00A0-\\uD7FF\\uF900-\\uFDCF\\uFDF0-\\uFFEF]))*(([ \\t]*\\r\\n)?[ \\t]+)?\")@(([a-z\\d\\u00A0-\\uD7FF\\uF900-\\uFDCF\\uFDF0-\\uFFEF]|[a-z\\d\\u00A0-\\uD7FF\\uF900-\\uFDCF\\uFDF0-\\uFFEF][a-z\\d\\-._~\\u00A0-\\uD7FF\\uF900-\\uFDCF\\uFDF0-\\uFFEF]*[a-z\\d\\u00A0-\\uD7FF\\uF900-\\uFDCF\\uFDF0-\\uFFEF])\\.)+([a-z\\u00A0-\\uD7FF\\uF900-\\uFDCF\\uFDF0-\\uFFEF]|[a-z\\u00A0-\\uD7FF\\uF900-\\uFDCF\\uFDF0-\\uFFEF][a-z\\d\\-._~\\u00A0-\\uD7FF\\uF900-\\uFDCF\\uFDF0-\\uFFEF]*[a-z\\u00A0-\\uD7FF\\uF900-\\uFDCF\\uFDF0-\\uFFEF])\\.?$\/i;\n    return pattern.test(email);\n};\n\nfunction isValidPhone(phone) {\n    var pattern = \/^[\\+]?[(]?[0-9]{3}[)]?[-\\s\\.]?[0-9]{3}[-\\s\\.]?[0-9]{4,6}$\/im;\n    return pattern.test(phone);\n};\n\n<\/script>\n\t\t<\/div>\n\t<\/div>\n\n\t\t<\/div> \n\t<\/div><\/div><\/div><\/div>\n<\/div>","protected":false},"excerpt":{"rendered":"Gracias por visitar nuestra p\u00e1gina Para nosotros es muy importante tu opini\u00f3n y sugerencias. Por favor diligencia el siguiente formato con tus comentarios o inquietudes de tipo t\u00e9cnico. El e-mail [...]","protected":false},"author":13,"featured_media":43901,"parent":43873,"menu_order":0,"comment_status":"closed","ping_status":"closed","template":"","meta":{"footnotes":""},"class_list":["post-43918","page","type-page","status-publish","has-post-thumbnail","hentry"],"yoast_head":"<!-- This site is optimized with the Yoast SEO plugin v27.2 - https:\/\/yoast.com\/product\/yoast-seo-wordpress\/ -->\n<title>Cont\u00e1ctenos - Uninavarra<\/title>\n<meta name=\"robots\" content=\"index, follow, max-snippet:-1, max-image-preview:large, max-video-preview:-1\" \/>\n<link rel=\"canonical\" href=\"https:\/\/uninavarra.edu.co\/en\/egresados\/bolsa-de-empleo\/contactenos\/\" \/>\n<meta property=\"og:locale\" content=\"en_US\" \/>\n<meta property=\"og:type\" content=\"article\" \/>\n<meta property=\"og:title\" content=\"Cont\u00e1ctenos - Uninavarra\" \/>\n<meta property=\"og:url\" content=\"https:\/\/uninavarra.edu.co\/en\/egresados\/bolsa-de-empleo\/contactenos\/\" \/>\n<meta property=\"og:site_name\" content=\"Uninavarra\" \/>\n<meta property=\"article:publisher\" content=\"https:\/\/www.facebook.com\/UninavarraEduca\" \/>\n<meta property=\"article:modified_time\" content=\"2021-12-21T15:57:32+00:00\" \/>\n<meta property=\"og:image\" content=\"https:\/\/uninavarra.edu.co\/wp-content\/uploads\/2021\/12\/breadcrumb-bolsa-de-empleo.jpg\" \/>\n\t<meta property=\"og:image:width\" content=\"1140\" \/>\n\t<meta property=\"og:image:height\" content=\"246\" \/>\n\t<meta property=\"og:image:type\" content=\"image\/jpeg\" \/>\n<meta name=\"twitter:card\" content=\"summary_large_image\" \/>\n<meta name=\"twitter:site\" content=\"@uninavarraeduca\" \/>\n<meta name=\"twitter:label1\" content=\"Est. reading time\" \/>\n\t<meta name=\"twitter:data1\" content=\"3 minutes\" \/>\n<script type=\"application\/ld+json\" class=\"yoast-schema-graph\">{\"@context\":\"https:\/\/schema.org\",\"@graph\":[{\"@type\":\"WebPage\",\"@id\":\"https:\/\/uninavarra.edu.co\/egresados\/bolsa-de-empleo\/contactenos\/\",\"url\":\"https:\/\/uninavarra.edu.co\/egresados\/bolsa-de-empleo\/contactenos\/\",\"name\":\"Cont\u00e1ctenos - Uninavarra\",\"isPartOf\":{\"@id\":\"https:\/\/uninavarra.edu.co\/#website\"},\"primaryImageOfPage\":{\"@id\":\"https:\/\/uninavarra.edu.co\/egresados\/bolsa-de-empleo\/contactenos\/#primaryimage\"},\"image\":{\"@id\":\"https:\/\/uninavarra.edu.co\/egresados\/bolsa-de-empleo\/contactenos\/#primaryimage\"},\"thumbnailUrl\":\"https:\/\/uninavarra.edu.co\/wp-content\/uploads\/2021\/12\/breadcrumb-bolsa-de-empleo.jpg\",\"datePublished\":\"2021-12-20T18:10:41+00:00\",\"dateModified\":\"2021-12-21T15:57:32+00:00\",\"breadcrumb\":{\"@id\":\"https:\/\/uninavarra.edu.co\/egresados\/bolsa-de-empleo\/contactenos\/#breadcrumb\"},\"inLanguage\":\"en-US\",\"potentialAction\":[{\"@type\":\"ReadAction\",\"target\":[\"https:\/\/uninavarra.edu.co\/egresados\/bolsa-de-empleo\/contactenos\/\"]}]},{\"@type\":\"ImageObject\",\"inLanguage\":\"en-US\",\"@id\":\"https:\/\/uninavarra.edu.co\/egresados\/bolsa-de-empleo\/contactenos\/#primaryimage\",\"url\":\"https:\/\/uninavarra.edu.co\/wp-content\/uploads\/2021\/12\/breadcrumb-bolsa-de-empleo.jpg\",\"contentUrl\":\"https:\/\/uninavarra.edu.co\/wp-content\/uploads\/2021\/12\/breadcrumb-bolsa-de-empleo.jpg\",\"width\":1140,\"height\":246},{\"@type\":\"BreadcrumbList\",\"@id\":\"https:\/\/uninavarra.edu.co\/egresados\/bolsa-de-empleo\/contactenos\/#breadcrumb\",\"itemListElement\":[{\"@type\":\"ListItem\",\"position\":1,\"name\":\"Home\",\"item\":\"https:\/\/uninavarra.edu.co\/\"},{\"@type\":\"ListItem\",\"position\":2,\"name\":\"Graduados\",\"item\":\"https:\/\/uninavarra.edu.co\/egresados\/\"},{\"@type\":\"ListItem\",\"position\":3,\"name\":\"Bolsa de Empleo Uninavarra\",\"item\":\"https:\/\/uninavarra.edu.co\/egresados\/bolsa-de-empleo\/\"},{\"@type\":\"ListItem\",\"position\":4,\"name\":\"Cont\u00e1ctenos\"}]},{\"@type\":\"WebSite\",\"@id\":\"https:\/\/uninavarra.edu.co\/#website\",\"url\":\"https:\/\/uninavarra.edu.co\/\",\"name\":\"UNINAVARRA\",\"description\":\"Haz realidad tu deseo de aprender\",\"publisher\":{\"@id\":\"https:\/\/uninavarra.edu.co\/#organization\"},\"potentialAction\":[{\"@type\":\"SearchAction\",\"target\":{\"@type\":\"EntryPoint\",\"urlTemplate\":\"https:\/\/uninavarra.edu.co\/?s={search_term_string}\"},\"query-input\":{\"@type\":\"PropertyValueSpecification\",\"valueRequired\":true,\"valueName\":\"search_term_string\"}}],\"inLanguage\":\"en-US\"},{\"@type\":\"Organization\",\"@id\":\"https:\/\/uninavarra.edu.co\/#organization\",\"name\":\"Fundaci\u00f3n Universitaria Navarra - UNINAVARRA\",\"url\":\"https:\/\/uninavarra.edu.co\/\",\"logo\":{\"@type\":\"ImageObject\",\"inLanguage\":\"en-US\",\"@id\":\"https:\/\/uninavarra.edu.co\/#\/schema\/logo\/image\/\",\"url\":\"https:\/\/uninavarra.edu.co\/wp-content\/uploads\/2024\/06\/Escudo-uninavarra-Solo.png\",\"contentUrl\":\"https:\/\/uninavarra.edu.co\/wp-content\/uploads\/2024\/06\/Escudo-uninavarra-Solo.png\",\"width\":1500,\"height\":1401,\"caption\":\"Fundaci\u00f3n Universitaria Navarra - UNINAVARRA\"},\"image\":{\"@id\":\"https:\/\/uninavarra.edu.co\/#\/schema\/logo\/image\/\"},\"sameAs\":[\"https:\/\/www.facebook.com\/UninavarraEduca\",\"https:\/\/x.com\/uninavarraeduca\",\"https:\/\/www.instagram.com\/uninavarra\/?hl=es\",\"https:\/\/www.linkedin.com\/in\/fundacin-universitaria-navarra-uninavarra-b41225222\/\"]}]}<\/script>\n<!-- \/ Yoast SEO plugin. -->","yoast_head_json":{"title":"Cont\u00e1ctenos - Uninavarra","robots":{"index":"index","follow":"follow","max-snippet":"max-snippet:-1","max-image-preview":"max-image-preview:large","max-video-preview":"max-video-preview:-1"},"canonical":"https:\/\/uninavarra.edu.co\/en\/egresados\/bolsa-de-empleo\/contactenos\/","og_locale":"en_US","og_type":"article","og_title":"Cont\u00e1ctenos - Uninavarra","og_url":"https:\/\/uninavarra.edu.co\/en\/egresados\/bolsa-de-empleo\/contactenos\/","og_site_name":"Uninavarra","article_publisher":"https:\/\/www.facebook.com\/UninavarraEduca","article_modified_time":"2021-12-21T15:57:32+00:00","og_image":[{"width":1140,"height":246,"url":"https:\/\/uninavarra.edu.co\/wp-content\/uploads\/2021\/12\/breadcrumb-bolsa-de-empleo.jpg","type":"image\/jpeg"}],"twitter_card":"summary_large_image","twitter_site":"@uninavarraeduca","twitter_misc":{"Est. reading time":"3 minutes"},"schema":{"@context":"https:\/\/schema.org","@graph":[{"@type":"WebPage","@id":"https:\/\/uninavarra.edu.co\/egresados\/bolsa-de-empleo\/contactenos\/","url":"https:\/\/uninavarra.edu.co\/egresados\/bolsa-de-empleo\/contactenos\/","name":"Cont\u00e1ctenos - Uninavarra","isPartOf":{"@id":"https:\/\/uninavarra.edu.co\/#website"},"primaryImageOfPage":{"@id":"https:\/\/uninavarra.edu.co\/egresados\/bolsa-de-empleo\/contactenos\/#primaryimage"},"image":{"@id":"https:\/\/uninavarra.edu.co\/egresados\/bolsa-de-empleo\/contactenos\/#primaryimage"},"thumbnailUrl":"https:\/\/uninavarra.edu.co\/wp-content\/uploads\/2021\/12\/breadcrumb-bolsa-de-empleo.jpg","datePublished":"2021-12-20T18:10:41+00:00","dateModified":"2021-12-21T15:57:32+00:00","breadcrumb":{"@id":"https:\/\/uninavarra.edu.co\/egresados\/bolsa-de-empleo\/contactenos\/#breadcrumb"},"inLanguage":"en-US","potentialAction":[{"@type":"ReadAction","target":["https:\/\/uninavarra.edu.co\/egresados\/bolsa-de-empleo\/contactenos\/"]}]},{"@type":"ImageObject","inLanguage":"en-US","@id":"https:\/\/uninavarra.edu.co\/egresados\/bolsa-de-empleo\/contactenos\/#primaryimage","url":"https:\/\/uninavarra.edu.co\/wp-content\/uploads\/2021\/12\/breadcrumb-bolsa-de-empleo.jpg","contentUrl":"https:\/\/uninavarra.edu.co\/wp-content\/uploads\/2021\/12\/breadcrumb-bolsa-de-empleo.jpg","width":1140,"height":246},{"@type":"BreadcrumbList","@id":"https:\/\/uninavarra.edu.co\/egresados\/bolsa-de-empleo\/contactenos\/#breadcrumb","itemListElement":[{"@type":"ListItem","position":1,"name":"Home","item":"https:\/\/uninavarra.edu.co\/"},{"@type":"ListItem","position":2,"name":"Graduados","item":"https:\/\/uninavarra.edu.co\/egresados\/"},{"@type":"ListItem","position":3,"name":"Bolsa de Empleo Uninavarra","item":"https:\/\/uninavarra.edu.co\/egresados\/bolsa-de-empleo\/"},{"@type":"ListItem","position":4,"name":"Cont\u00e1ctenos"}]},{"@type":"WebSite","@id":"https:\/\/uninavarra.edu.co\/#website","url":"https:\/\/uninavarra.edu.co\/","name":"UNINAVARRA","description":"Make your desire to learn a reality","publisher":{"@id":"https:\/\/uninavarra.edu.co\/#organization"},"potentialAction":[{"@type":"SearchAction","target":{"@type":"EntryPoint","urlTemplate":"https:\/\/uninavarra.edu.co\/?s={search_term_string}"},"query-input":{"@type":"PropertyValueSpecification","valueRequired":true,"valueName":"search_term_string"}}],"inLanguage":"en-US"},{"@type":"Organization","@id":"https:\/\/uninavarra.edu.co\/#organization","name":"Navarre University Foundation - UNINAVARRA","url":"https:\/\/uninavarra.edu.co\/","logo":{"@type":"ImageObject","inLanguage":"en-US","@id":"https:\/\/uninavarra.edu.co\/#\/schema\/logo\/image\/","url":"https:\/\/uninavarra.edu.co\/wp-content\/uploads\/2024\/06\/Escudo-uninavarra-Solo.png","contentUrl":"https:\/\/uninavarra.edu.co\/wp-content\/uploads\/2024\/06\/Escudo-uninavarra-Solo.png","width":1500,"height":1401,"caption":"Fundaci\u00f3n Universitaria Navarra - UNINAVARRA"},"image":{"@id":"https:\/\/uninavarra.edu.co\/#\/schema\/logo\/image\/"},"sameAs":["https:\/\/www.facebook.com\/UninavarraEduca","https:\/\/x.com\/uninavarraeduca","https:\/\/www.instagram.com\/uninavarra\/?hl=es","https:\/\/www.linkedin.com\/in\/fundacin-universitaria-navarra-uninavarra-b41225222\/"]}]}},"_links":{"self":[{"href":"https:\/\/uninavarra.edu.co\/en\/wp-json\/wp\/v2\/pages\/43918","targetHints":{"allow":["GET"]}}],"collection":[{"href":"https:\/\/uninavarra.edu.co\/en\/wp-json\/wp\/v2\/pages"}],"about":[{"href":"https:\/\/uninavarra.edu.co\/en\/wp-json\/wp\/v2\/types\/page"}],"author":[{"embeddable":true,"href":"https:\/\/uninavarra.edu.co\/en\/wp-json\/wp\/v2\/users\/13"}],"replies":[{"embeddable":true,"href":"https:\/\/uninavarra.edu.co\/en\/wp-json\/wp\/v2\/comments?post=43918"}],"version-history":[{"count":0,"href":"https:\/\/uninavarra.edu.co\/en\/wp-json\/wp\/v2\/pages\/43918\/revisions"}],"up":[{"embeddable":true,"href":"https:\/\/uninavarra.edu.co\/en\/wp-json\/wp\/v2\/pages\/43873"}],"wp:featuredmedia":[{"embeddable":true,"href":"https:\/\/uninavarra.edu.co\/en\/wp-json\/wp\/v2\/media\/43901"}],"wp:attachment":[{"href":"https:\/\/uninavarra.edu.co\/en\/wp-json\/wp\/v2\/media?parent=43918"}],"curies":[{"name":"wp","href":"https:\/\/api.w.org\/{rel}","templated":true}]}}