{"id":43911,"date":"2021-12-20T13:07:10","date_gmt":"2021-12-20T18:07:10","guid":{"rendered":"https:\/\/uninavarra.edu.co\/?page_id=43911"},"modified":"2025-07-03T08:15:12","modified_gmt":"2025-07-03T13:15:12","slug":"quienes-somos","status":"publish","type":"page","link":"https:\/\/uninavarra.edu.co\/en\/egresados\/bolsa-de-empleo\/quienes-somos\/","title":{"rendered":"Who we are"},"content":{"rendered":"<div class=\"wpb-content-wrapper\"><div class=\"wpb-container\"><div class=\"container\"><div class=\"vc_row wpb_row vc_row-fluid row\"><div class=\"col-sm-12  vc_\">\n\t\t<div class=\"wpb_wrapper\">\n\t\t\t<div class=\"wpb_images_carousel wpb_content_element vc_clearfix wpb_content_element\"><div class=\"wpb_wrapper\"><div id=\"vc_images-carousel-1-1775725628\" data-ride=\"vc_carousel\" data-wrap=\"true\" style=\"width: 100%;\" data-interval=\"5000\" data-auto-height=\"yes\" data-mode=\"horizontal\" data-partial=\"false\" data-per-view=\"1\" data-hide-on-end=\"false\" class=\"vc_slide vc_images_carousel\"><ol class=\"vc_carousel-indicators\"><li data-target=\"#vc_images-carousel-1-1775725628\" data-slide-to=\"0\"><\/li><li data-target=\"#vc_images-carousel-1-1775725628\" data-slide-to=\"1\"><\/li><li data-target=\"#vc_images-carousel-1-1775725628\" data-slide-to=\"2\"><\/li><li data-target=\"#vc_images-carousel-1-1775725628\" data-slide-to=\"3\"><\/li><li data-target=\"#vc_images-carousel-1-1775725628\" data-slide-to=\"4\"><\/li><\/ol><div class=\"vc_carousel-inner\"><div class=\"vc_carousel-slideline\"><div class=\"vc_carousel-slideline-inner\"><div class=\"vc_item\"><div class=\"vc_inner\"><img fetchpriority=\"high\" decoding=\"async\" width=\"1140\" height=\"600\" src=\"https:\/\/uninavarra.edu.co\/wp-content\/uploads\/2021\/12\/banner-bolsa-de-empleo-quienes-somos-1.jpg\" class=\"attachment-full\" alt=\"\" title=\"banner-employment-banner-employment-bag-who-we-are-1\" srcset=\"https:\/\/uninavarra.edu.co\/wp-content\/uploads\/2021\/12\/banner-bolsa-de-empleo-quienes-somos-1.jpg 1140w, https:\/\/uninavarra.edu.co\/wp-content\/uploads\/2021\/12\/banner-bolsa-de-empleo-quienes-somos-1-150x79.jpg 150w, https:\/\/uninavarra.edu.co\/wp-content\/uploads\/2021\/12\/banner-bolsa-de-empleo-quienes-somos-1-300x158.jpg 300w, https:\/\/uninavarra.edu.co\/wp-content\/uploads\/2021\/12\/banner-bolsa-de-empleo-quienes-somos-1-768x404.jpg 768w, https:\/\/uninavarra.edu.co\/wp-content\/uploads\/2021\/12\/banner-bolsa-de-empleo-quienes-somos-1-1024x539.jpg 1024w\" sizes=\"(max-width: 1140px) 100vw, 1140px\" \/><\/div><\/div><div class=\"vc_item\"><div class=\"vc_inner\"><img decoding=\"async\" width=\"1140\" height=\"600\" src=\"https:\/\/uninavarra.edu.co\/wp-content\/uploads\/2021\/12\/banner-bolsa-de-empleo-quienes-somos-2.jpg\" class=\"attachment-full\" alt=\"\" title=\"banner-employment-banner-employment-banner-about-us-2\" srcset=\"https:\/\/uninavarra.edu.co\/wp-content\/uploads\/2021\/12\/banner-bolsa-de-empleo-quienes-somos-2.jpg 1140w, https:\/\/uninavarra.edu.co\/wp-content\/uploads\/2021\/12\/banner-bolsa-de-empleo-quienes-somos-2-150x79.jpg 150w, https:\/\/uninavarra.edu.co\/wp-content\/uploads\/2021\/12\/banner-bolsa-de-empleo-quienes-somos-2-300x158.jpg 300w, https:\/\/uninavarra.edu.co\/wp-content\/uploads\/2021\/12\/banner-bolsa-de-empleo-quienes-somos-2-768x404.jpg 768w, https:\/\/uninavarra.edu.co\/wp-content\/uploads\/2021\/12\/banner-bolsa-de-empleo-quienes-somos-2-1024x539.jpg 1024w\" sizes=\"(max-width: 1140px) 100vw, 1140px\" \/><\/div><\/div><div class=\"vc_item\"><div class=\"vc_inner\"><img decoding=\"async\" width=\"1140\" height=\"600\" src=\"https:\/\/uninavarra.edu.co\/wp-content\/uploads\/2021\/12\/banner-bolsa-de-empleo-quienes-somos-3.jpg\" class=\"attachment-full\" alt=\"\" title=\"banner-employment-banner-employment-bag-who-we-are-3\" srcset=\"https:\/\/uninavarra.edu.co\/wp-content\/uploads\/2021\/12\/banner-bolsa-de-empleo-quienes-somos-3.jpg 1140w, https:\/\/uninavarra.edu.co\/wp-content\/uploads\/2021\/12\/banner-bolsa-de-empleo-quienes-somos-3-150x79.jpg 150w, https:\/\/uninavarra.edu.co\/wp-content\/uploads\/2021\/12\/banner-bolsa-de-empleo-quienes-somos-3-300x158.jpg 300w, https:\/\/uninavarra.edu.co\/wp-content\/uploads\/2021\/12\/banner-bolsa-de-empleo-quienes-somos-3-768x404.jpg 768w, https:\/\/uninavarra.edu.co\/wp-content\/uploads\/2021\/12\/banner-bolsa-de-empleo-quienes-somos-3-1024x539.jpg 1024w\" sizes=\"(max-width: 1140px) 100vw, 1140px\" \/><\/div><\/div><div class=\"vc_item\"><div class=\"vc_inner\"><img loading=\"lazy\" decoding=\"async\" width=\"1140\" height=\"600\" src=\"https:\/\/uninavarra.edu.co\/wp-content\/uploads\/2021\/12\/banner-bolsa-de-empleo-quienes-somos-4.jpg\" class=\"attachment-full\" alt=\"\" title=\"banner-employment-banner-employment-banner-about-us-4\" srcset=\"https:\/\/uninavarra.edu.co\/wp-content\/uploads\/2021\/12\/banner-bolsa-de-empleo-quienes-somos-4.jpg 1140w, https:\/\/uninavarra.edu.co\/wp-content\/uploads\/2021\/12\/banner-bolsa-de-empleo-quienes-somos-4-150x79.jpg 150w, https:\/\/uninavarra.edu.co\/wp-content\/uploads\/2021\/12\/banner-bolsa-de-empleo-quienes-somos-4-300x158.jpg 300w, https:\/\/uninavarra.edu.co\/wp-content\/uploads\/2021\/12\/banner-bolsa-de-empleo-quienes-somos-4-768x404.jpg 768w, https:\/\/uninavarra.edu.co\/wp-content\/uploads\/2021\/12\/banner-bolsa-de-empleo-quienes-somos-4-1024x539.jpg 1024w\" sizes=\"(max-width: 1140px) 100vw, 1140px\" \/><\/div><\/div><div class=\"vc_item\"><div class=\"vc_inner\"><img loading=\"lazy\" decoding=\"async\" width=\"1140\" height=\"600\" src=\"https:\/\/uninavarra.edu.co\/wp-content\/uploads\/2021\/12\/banner-bolsa-de-empleo-quienes-somos-5.jpg\" class=\"attachment-full\" alt=\"\" title=\"banner-employment-banner-employment-banner-who-we-are-5\" srcset=\"https:\/\/uninavarra.edu.co\/wp-content\/uploads\/2021\/12\/banner-bolsa-de-empleo-quienes-somos-5.jpg 1140w, https:\/\/uninavarra.edu.co\/wp-content\/uploads\/2021\/12\/banner-bolsa-de-empleo-quienes-somos-5-150x79.jpg 150w, https:\/\/uninavarra.edu.co\/wp-content\/uploads\/2021\/12\/banner-bolsa-de-empleo-quienes-somos-5-300x158.jpg 300w, https:\/\/uninavarra.edu.co\/wp-content\/uploads\/2021\/12\/banner-bolsa-de-empleo-quienes-somos-5-768x404.jpg 768w, https:\/\/uninavarra.edu.co\/wp-content\/uploads\/2021\/12\/banner-bolsa-de-empleo-quienes-somos-5-1024x539.jpg 1024w\" sizes=\"(max-width: 1140px) 100vw, 1140px\" \/><\/div><\/div><\/div><\/div><\/div><\/div><\/div><\/div>\n\t\t<\/div> \n\t<\/div><\/div><\/div><\/div><div class=\"wpb-container\"><div class=\"container\"><div class=\"vc_row wpb_row vc_row-fluid row\"><div class=\"col-sm-12  vc_\">\n\t\t<div class=\"wpb_wrapper\">\n\t\t\t\n\t<div class=\"wpb_text_column wpb_content_element\" >\n\t\t<div class=\"wpb_wrapper\">\n\t\t\t<h2 style=\"text-align: center;\">Navarra University Foundation UNINAVARRA<\/h2>\n<hr \/>\n<p style=\"text-align: center;\"><small>The FUNDACI\u00d3N UNIVERSITARIA NAVARRA - UNINAVARRA- is a legal entity of private law, of common utility, non-profit, organized as a Foundation. Its main domicile is the city of Neiva, Department of Huila.<\/small><\/p>\n\n\t\t<\/div>\n\t<\/div>\n\n\t\t<\/div> \n\t<\/div><\/div><\/div><\/div><div class=\"wpb-container\"><div class=\"container\"><div class=\"vc_row wpb_row vc_row-fluid row\"><div class=\"col-sm-6  vc_\">\n\t\t<div class=\"wpb_wrapper\">\n\t\t\t\n\t<div class=\"wpb_text_column wpb_content_element\" >\n\t\t<div class=\"wpb_wrapper\">\n\t\t\t<h3 class=\"title\">MISSION<\/h3>\n<p style=\"text-align: justify;\"><span style=\"font-size: 18px;\">We are a university community of knowledge generation that with a business and social vision and under the principles of academic excellence, deepens in autonomous learning, production and application of knowledge for the integral formation of Colombians, qualifying them for the exercise of professional, research and social projection activities being an actor in the scientific, cultural, economic, political and ethical development at local and regional level with international vision.<\/span><\/p>\n\n\t\t<\/div>\n\t<\/div>\n\n\t\t<\/div> \n\t<\/div><div class=\"col-sm-6  vc_\">\n\t\t<div class=\"wpb_wrapper\">\n\t\t\t\n\t<div class=\"wpb_text_column wpb_content_element\" >\n\t\t<div class=\"wpb_wrapper\">\n\t\t\t<h3 class=\"title\">VISION<\/h3>\n<p style=\"text-align: justify;\"><span style=\"font-size: 18px;\">The NAVARRA UNIVERSITY FOUNDATION - UNINAVARRA - UNINAVARRA- will be recognized as an efficient and humane Higher Education Institution, consolidated in the region and articulated with national and foreign institutions, leader in the qualification of trained professionals linked to the real sector. Our academic programs will be recognized as high quality programs and distinguished by their academic and scientific level at the service of the community with social responsibility.<\/span><\/p>\n\n\t\t<\/div>\n\t<\/div>\n\n\t\t<\/div> \n\t<\/div><\/div><\/div><\/div><div id=\"programas\" class=\"wpb-container\"><div class=\"container\"><div class=\"vc_row wpb_row vc_row-fluid row\"><div class=\"col-sm-4  vc_\">\n\t\t<div class=\"wpb_wrapper\">\n\t\t\t\n\t<div class=\"wpb_text_column wpb_content_element\" >\n\t\t<div class=\"wpb_wrapper\">\n\t\t\t<h3 class=\"color-destacado\">Technological Programs:<\/h3>\n<ul class=\"icon\">\n<li><span style=\"color: #000000;\"><a style=\"color: #000000;\" href=\"https:\/\/uninavarra.edu.co\/landing\/tecnologia-en-radiologia-e-imagenes-diagnosticas\/\">Radiology and Diagnostic Imaging<\/a><\/span><\/li>\n<\/ul>\n\n\t\t<\/div>\n\t<\/div>\n\n\t\t<\/div> \n\t<\/div><div class=\"col-sm-4  vc_\">\n\t\t<div class=\"wpb_wrapper\">\n\t\t\t\n\t<div class=\"wpb_text_column wpb_content_element\" >\n\t\t<div class=\"wpb_wrapper\">\n\t\t\t<h3 class=\"color-destacado\">Undergraduate Programs:<\/h3>\n<ul class=\"icon\">\n<li><span style=\"color: #000000;\"><a style=\"color: #000000;\" href=\"https:\/\/uninavarra.edu.co\/landing\/administracion-de-empresas\/\">Business Administration<\/a><\/span><\/li>\n<li><span style=\"color: #000000;\"><a style=\"color: #000000;\" href=\"https:\/\/uninavarra.edu.co\/landing\/biologia\/\">Biology<\/a><\/span><\/li>\n<li><span style=\"color: #000000;\"><a style=\"color: #000000;\" href=\"https:\/\/uninavarra.edu.co\/landing\/derecho\/\">Law<\/a><\/span><\/li>\n<li><span style=\"color: #000000;\"><a style=\"color: #000000;\" href=\"https:\/\/uninavarra.edu.co\/landing\/enfermeria\/\">Nursing<\/a><\/span><\/li>\n<li><span style=\"color: #000000;\"><a style=\"color: #000000;\" href=\"https:\/\/uninavarra.edu.co\/landing\/ingenieria-ambiental\/\">Environmental Engineering<\/a><\/span><\/li>\n<li><span style=\"color: #000000;\"><a style=\"color: #000000;\" href=\"https:\/\/uninavarra.edu.co\/landing\/ingenieria-industrial\/\">Industrial Engineering<\/a><\/span><\/li>\n<li><span style=\"color: #000000;\"><a style=\"color: #000000;\" href=\"https:\/\/uninavarra.edu.co\/landing\/medicina\/\">Medicine<\/a><\/span><\/li>\n<\/ul>\n\n\t\t<\/div>\n\t<\/div>\n\n\t\t<\/div> \n\t<\/div><div class=\"col-sm-4  vc_\">\n\t\t<div class=\"wpb_wrapper\">\n\t\t\t\n\t<div class=\"wpb_text_column wpb_content_element\" >\n\t\t<div class=\"wpb_wrapper\">\n\t\t\t<h3 class=\"color-destacado\">Postgraduates:<\/h3>\n<ul class=\"icon\">\n<li><span style=\"color: #000000;\"><a style=\"color: #000000;\" href=\"https:\/\/uninavarra.edu.co\/especializacion-medicina-interna\/\">Specialization in Internal Medicine<\/a><\/span><\/li>\n<li><span style=\"color: #000000;\"><a style=\"color: #000000;\" href=\"https:\/\/uninavarra.edu.co\/especializacion-medicina-familiar\/\">Specialization in Family Medicine<\/a><\/span><\/li>\n<li><span style=\"color: #000000;\"><a style=\"color: #000000;\" href=\"https:\/\/uninavarra.edu.co\/especializacion-en-derecho-constitucional-y-sistema-interamericano-de-derechos-humanos\/\">Specialization in Constitutional Law and Inter-American Human Rights System<\/a><\/span><\/li>\n<li><span style=\"color: #000000;\"><a style=\"color: #000000;\" href=\"https:\/\/uninavarra.edu.co\/especializacion-en-derecho-medico\/\">Specialization in Medical Law<\/a><\/span><\/li>\n<li><span style=\"color: #000000;\"><a style=\"color: #000000;\" href=\"https:\/\/uninavarra.edu.co\/landing\/especializacion-en-docencia-universitaria\/\">Specialization in University Teaching<\/a><\/span><\/li>\n<li><span style=\"color: #000000;\"><a style=\"color: #000000;\" href=\"https:\/\/uninavarra.edu.co\/especializacion-en-derecho-laboral-y-seguridad-social-2\/\">Specialization in Labor Law and Social Security<\/a><\/span><\/li>\n<li><span style=\"color: #000000;\"><a style=\"color: #000000;\" href=\"https:\/\/uninavarra.edu.co\/especializacion-en-gerencia-de-seguridad-y-salud-en-el-trabajo-2\/\">Specialization in Occupational Health and Safety Management<\/a><\/span><\/li>\n<li><span style=\"color: #000000;\"><a style=\"color: #000000;\" href=\"https:\/\/uninavarra.edu.co\/especializacion-litigacion-oral\/\">Specialization in Oral Litigation<\/a><\/span><\/li>\n<\/ul>\n\n\t\t<\/div>\n\t<\/div>\n\n\t\t<\/div> \n\t<\/div><\/div><\/div><\/div>\n<\/div>","protected":false},"excerpt":{"rendered":"Fundaci\u00f3n Universitaria Navarra UNINAVARRA La FUNDACI\u00d3N UNIVERSITARIA NAVARRA \u2013 UNINAVARRA- es una persona jur\u00eddica de derecho privado, de utilidad com\u00fan, sin \u00e1nimo de lucro, organizada como Fundaci\u00f3n. Tiene como domicilio [...]","protected":false},"author":13,"featured_media":43901,"parent":43873,"menu_order":0,"comment_status":"closed","ping_status":"closed","template":"","meta":{"footnotes":""},"categories":[],"tags":[],"class_list":["post-43911","page","type-page","status-publish","has-post-thumbnail","hentry"],"yoast_head":"<!-- This site is optimized with the Yoast SEO plugin v27.2 - https:\/\/yoast.com\/product\/yoast-seo-wordpress\/ -->\n<title>Qui\u00e9nes Somos - Uninavarra<\/title>\n<meta name=\"robots\" content=\"index, follow, max-snippet:-1, max-image-preview:large, max-video-preview:-1\" \/>\n<link rel=\"canonical\" href=\"https:\/\/uninavarra.edu.co\/en\/egresados\/bolsa-de-empleo\/quienes-somos\/\" \/>\n<meta property=\"og:locale\" content=\"en_US\" \/>\n<meta property=\"og:type\" content=\"article\" \/>\n<meta property=\"og:title\" content=\"Qui\u00e9nes Somos - Uninavarra\" \/>\n<meta property=\"og:url\" content=\"https:\/\/uninavarra.edu.co\/en\/egresados\/bolsa-de-empleo\/quienes-somos\/\" \/>\n<meta property=\"og:site_name\" content=\"Uninavarra\" \/>\n<meta property=\"article:publisher\" content=\"https:\/\/www.facebook.com\/UninavarraEduca\" \/>\n<meta property=\"article:modified_time\" content=\"2025-07-03T13:15:12+00:00\" \/>\n<meta property=\"og:image\" content=\"https:\/\/uninavarra.edu.co\/wp-content\/uploads\/2021\/12\/breadcrumb-bolsa-de-empleo.jpg\" \/>\n\t<meta property=\"og:image:width\" content=\"1140\" \/>\n\t<meta property=\"og:image:height\" content=\"246\" \/>\n\t<meta property=\"og:image:type\" content=\"image\/jpeg\" \/>\n<meta name=\"twitter:card\" content=\"summary_large_image\" \/>\n<meta name=\"twitter:site\" content=\"@uninavarraeduca\" \/>\n<meta name=\"twitter:label1\" content=\"Est. reading time\" \/>\n\t<meta name=\"twitter:data1\" content=\"3 minutes\" \/>\n<script type=\"application\/ld+json\" class=\"yoast-schema-graph\">{\"@context\":\"https:\/\/schema.org\",\"@graph\":[{\"@type\":\"WebPage\",\"@id\":\"https:\/\/uninavarra.edu.co\/egresados\/bolsa-de-empleo\/quienes-somos\/\",\"url\":\"https:\/\/uninavarra.edu.co\/egresados\/bolsa-de-empleo\/quienes-somos\/\",\"name\":\"Qui\u00e9nes Somos - Uninavarra\",\"isPartOf\":{\"@id\":\"https:\/\/uninavarra.edu.co\/#website\"},\"primaryImageOfPage\":{\"@id\":\"https:\/\/uninavarra.edu.co\/egresados\/bolsa-de-empleo\/quienes-somos\/#primaryimage\"},\"image\":{\"@id\":\"https:\/\/uninavarra.edu.co\/egresados\/bolsa-de-empleo\/quienes-somos\/#primaryimage\"},\"thumbnailUrl\":\"https:\/\/uninavarra.edu.co\/wp-content\/uploads\/2021\/12\/breadcrumb-bolsa-de-empleo.jpg\",\"datePublished\":\"2021-12-20T18:07:10+00:00\",\"dateModified\":\"2025-07-03T13:15:12+00:00\",\"breadcrumb\":{\"@id\":\"https:\/\/uninavarra.edu.co\/egresados\/bolsa-de-empleo\/quienes-somos\/#breadcrumb\"},\"inLanguage\":\"en-US\",\"potentialAction\":[{\"@type\":\"ReadAction\",\"target\":[\"https:\/\/uninavarra.edu.co\/egresados\/bolsa-de-empleo\/quienes-somos\/\"]}]},{\"@type\":\"ImageObject\",\"inLanguage\":\"en-US\",\"@id\":\"https:\/\/uninavarra.edu.co\/egresados\/bolsa-de-empleo\/quienes-somos\/#primaryimage\",\"url\":\"https:\/\/uninavarra.edu.co\/wp-content\/uploads\/2021\/12\/breadcrumb-bolsa-de-empleo.jpg\",\"contentUrl\":\"https:\/\/uninavarra.edu.co\/wp-content\/uploads\/2021\/12\/breadcrumb-bolsa-de-empleo.jpg\",\"width\":1140,\"height\":246},{\"@type\":\"BreadcrumbList\",\"@id\":\"https:\/\/uninavarra.edu.co\/egresados\/bolsa-de-empleo\/quienes-somos\/#breadcrumb\",\"itemListElement\":[{\"@type\":\"ListItem\",\"position\":1,\"name\":\"Home\",\"item\":\"https:\/\/uninavarra.edu.co\/\"},{\"@type\":\"ListItem\",\"position\":2,\"name\":\"Graduados\",\"item\":\"https:\/\/uninavarra.edu.co\/egresados\/\"},{\"@type\":\"ListItem\",\"position\":3,\"name\":\"Bolsa de Empleo Uninavarra\",\"item\":\"https:\/\/uninavarra.edu.co\/egresados\/bolsa-de-empleo\/\"},{\"@type\":\"ListItem\",\"position\":4,\"name\":\"Qui\u00e9nes Somos\"}]},{\"@type\":\"WebSite\",\"@id\":\"https:\/\/uninavarra.edu.co\/#website\",\"url\":\"https:\/\/uninavarra.edu.co\/\",\"name\":\"UNINAVARRA\",\"description\":\"Haz realidad tu deseo de aprender\",\"publisher\":{\"@id\":\"https:\/\/uninavarra.edu.co\/#organization\"},\"potentialAction\":[{\"@type\":\"SearchAction\",\"target\":{\"@type\":\"EntryPoint\",\"urlTemplate\":\"https:\/\/uninavarra.edu.co\/?s={search_term_string}\"},\"query-input\":{\"@type\":\"PropertyValueSpecification\",\"valueRequired\":true,\"valueName\":\"search_term_string\"}}],\"inLanguage\":\"en-US\"},{\"@type\":\"Organization\",\"@id\":\"https:\/\/uninavarra.edu.co\/#organization\",\"name\":\"Fundaci\u00f3n Universitaria Navarra - UNINAVARRA\",\"url\":\"https:\/\/uninavarra.edu.co\/\",\"logo\":{\"@type\":\"ImageObject\",\"inLanguage\":\"en-US\",\"@id\":\"https:\/\/uninavarra.edu.co\/#\/schema\/logo\/image\/\",\"url\":\"https:\/\/uninavarra.edu.co\/wp-content\/uploads\/2024\/06\/Escudo-uninavarra-Solo.png\",\"contentUrl\":\"https:\/\/uninavarra.edu.co\/wp-content\/uploads\/2024\/06\/Escudo-uninavarra-Solo.png\",\"width\":1500,\"height\":1401,\"caption\":\"Fundaci\u00f3n Universitaria Navarra - UNINAVARRA\"},\"image\":{\"@id\":\"https:\/\/uninavarra.edu.co\/#\/schema\/logo\/image\/\"},\"sameAs\":[\"https:\/\/www.facebook.com\/UninavarraEduca\",\"https:\/\/x.com\/uninavarraeduca\",\"https:\/\/www.instagram.com\/uninavarra\/?hl=es\",\"https:\/\/www.linkedin.com\/in\/fundacin-universitaria-navarra-uninavarra-b41225222\/\"]}]}<\/script>\n<!-- \/ Yoast SEO plugin. -->","yoast_head_json":{"title":"Qui\u00e9nes Somos - Uninavarra","robots":{"index":"index","follow":"follow","max-snippet":"max-snippet:-1","max-image-preview":"max-image-preview:large","max-video-preview":"max-video-preview:-1"},"canonical":"https:\/\/uninavarra.edu.co\/en\/egresados\/bolsa-de-empleo\/quienes-somos\/","og_locale":"en_US","og_type":"article","og_title":"Qui\u00e9nes Somos - Uninavarra","og_url":"https:\/\/uninavarra.edu.co\/en\/egresados\/bolsa-de-empleo\/quienes-somos\/","og_site_name":"Uninavarra","article_publisher":"https:\/\/www.facebook.com\/UninavarraEduca","article_modified_time":"2025-07-03T13:15:12+00:00","og_image":[{"width":1140,"height":246,"url":"https:\/\/uninavarra.edu.co\/wp-content\/uploads\/2021\/12\/breadcrumb-bolsa-de-empleo.jpg","type":"image\/jpeg"}],"twitter_card":"summary_large_image","twitter_site":"@uninavarraeduca","twitter_misc":{"Est. reading time":"3 minutes"},"schema":{"@context":"https:\/\/schema.org","@graph":[{"@type":"WebPage","@id":"https:\/\/uninavarra.edu.co\/egresados\/bolsa-de-empleo\/quienes-somos\/","url":"https:\/\/uninavarra.edu.co\/egresados\/bolsa-de-empleo\/quienes-somos\/","name":"Qui\u00e9nes Somos - Uninavarra","isPartOf":{"@id":"https:\/\/uninavarra.edu.co\/#website"},"primaryImageOfPage":{"@id":"https:\/\/uninavarra.edu.co\/egresados\/bolsa-de-empleo\/quienes-somos\/#primaryimage"},"image":{"@id":"https:\/\/uninavarra.edu.co\/egresados\/bolsa-de-empleo\/quienes-somos\/#primaryimage"},"thumbnailUrl":"https:\/\/uninavarra.edu.co\/wp-content\/uploads\/2021\/12\/breadcrumb-bolsa-de-empleo.jpg","datePublished":"2021-12-20T18:07:10+00:00","dateModified":"2025-07-03T13:15:12+00:00","breadcrumb":{"@id":"https:\/\/uninavarra.edu.co\/egresados\/bolsa-de-empleo\/quienes-somos\/#breadcrumb"},"inLanguage":"en-US","potentialAction":[{"@type":"ReadAction","target":["https:\/\/uninavarra.edu.co\/egresados\/bolsa-de-empleo\/quienes-somos\/"]}]},{"@type":"ImageObject","inLanguage":"en-US","@id":"https:\/\/uninavarra.edu.co\/egresados\/bolsa-de-empleo\/quienes-somos\/#primaryimage","url":"https:\/\/uninavarra.edu.co\/wp-content\/uploads\/2021\/12\/breadcrumb-bolsa-de-empleo.jpg","contentUrl":"https:\/\/uninavarra.edu.co\/wp-content\/uploads\/2021\/12\/breadcrumb-bolsa-de-empleo.jpg","width":1140,"height":246},{"@type":"BreadcrumbList","@id":"https:\/\/uninavarra.edu.co\/egresados\/bolsa-de-empleo\/quienes-somos\/#breadcrumb","itemListElement":[{"@type":"ListItem","position":1,"name":"Home","item":"https:\/\/uninavarra.edu.co\/"},{"@type":"ListItem","position":2,"name":"Graduados","item":"https:\/\/uninavarra.edu.co\/egresados\/"},{"@type":"ListItem","position":3,"name":"Bolsa de Empleo Uninavarra","item":"https:\/\/uninavarra.edu.co\/egresados\/bolsa-de-empleo\/"},{"@type":"ListItem","position":4,"name":"Qui\u00e9nes Somos"}]},{"@type":"WebSite","@id":"https:\/\/uninavarra.edu.co\/#website","url":"https:\/\/uninavarra.edu.co\/","name":"UNINAVARRA","description":"Make your desire to learn a reality","publisher":{"@id":"https:\/\/uninavarra.edu.co\/#organization"},"potentialAction":[{"@type":"SearchAction","target":{"@type":"EntryPoint","urlTemplate":"https:\/\/uninavarra.edu.co\/?s={search_term_string}"},"query-input":{"@type":"PropertyValueSpecification","valueRequired":true,"valueName":"search_term_string"}}],"inLanguage":"en-US"},{"@type":"Organization","@id":"https:\/\/uninavarra.edu.co\/#organization","name":"Navarre University Foundation - UNINAVARRA","url":"https:\/\/uninavarra.edu.co\/","logo":{"@type":"ImageObject","inLanguage":"en-US","@id":"https:\/\/uninavarra.edu.co\/#\/schema\/logo\/image\/","url":"https:\/\/uninavarra.edu.co\/wp-content\/uploads\/2024\/06\/Escudo-uninavarra-Solo.png","contentUrl":"https:\/\/uninavarra.edu.co\/wp-content\/uploads\/2024\/06\/Escudo-uninavarra-Solo.png","width":1500,"height":1401,"caption":"Fundaci\u00f3n Universitaria Navarra - UNINAVARRA"},"image":{"@id":"https:\/\/uninavarra.edu.co\/#\/schema\/logo\/image\/"},"sameAs":["https:\/\/www.facebook.com\/UninavarraEduca","https:\/\/x.com\/uninavarraeduca","https:\/\/www.instagram.com\/uninavarra\/?hl=es","https:\/\/www.linkedin.com\/in\/fundacin-universitaria-navarra-uninavarra-b41225222\/"]}]}},"_links":{"self":[{"href":"https:\/\/uninavarra.edu.co\/en\/wp-json\/wp\/v2\/pages\/43911","targetHints":{"allow":["GET"]}}],"collection":[{"href":"https:\/\/uninavarra.edu.co\/en\/wp-json\/wp\/v2\/pages"}],"about":[{"href":"https:\/\/uninavarra.edu.co\/en\/wp-json\/wp\/v2\/types\/page"}],"author":[{"embeddable":true,"href":"https:\/\/uninavarra.edu.co\/en\/wp-json\/wp\/v2\/users\/13"}],"replies":[{"embeddable":true,"href":"https:\/\/uninavarra.edu.co\/en\/wp-json\/wp\/v2\/comments?post=43911"}],"version-history":[{"count":0,"href":"https:\/\/uninavarra.edu.co\/en\/wp-json\/wp\/v2\/pages\/43911\/revisions"}],"up":[{"embeddable":true,"href":"https:\/\/uninavarra.edu.co\/en\/wp-json\/wp\/v2\/pages\/43873"}],"wp:featuredmedia":[{"embeddable":true,"href":"https:\/\/uninavarra.edu.co\/en\/wp-json\/wp\/v2\/media\/43901"}],"wp:attachment":[{"href":"https:\/\/uninavarra.edu.co\/en\/wp-json\/wp\/v2\/media?parent=43911"}],"wp:term":[{"taxonomy":"category","embeddable":true,"href":"https:\/\/uninavarra.edu.co\/en\/wp-json\/wp\/v2\/categories?post=43911"},{"taxonomy":"post_tag","embeddable":true,"href":"https:\/\/uninavarra.edu.co\/en\/wp-json\/wp\/v2\/tags?post=43911"}],"curies":[{"name":"wp","href":"https:\/\/api.w.org\/{rel}","templated":true}]}}