{"id":43873,"date":"2021-12-20T11:08:46","date_gmt":"2021-12-20T16:08:46","guid":{"rendered":"https:\/\/uninavarra.edu.co\/?page_id=43873"},"modified":"2025-05-27T10:39:47","modified_gmt":"2025-05-27T15:39:47","slug":"bolsa-de-empleo","status":"publish","type":"page","link":"https:\/\/uninavarra.edu.co\/en\/egresados\/bolsa-de-empleo\/","title":{"rendered":"Uninavarra Employment Opportunities"},"content":{"rendered":"<div class=\"wpb-content-wrapper\"><div class=\"wpb-container\"><div class=\"container\"><div class=\"vc_row wpb_row vc_row-fluid row\"><div class=\"col-sm-2  vc_\">\n\t\t<div class=\"wpb_wrapper\">\n\t\t\t\n\t\t<\/div> \n\t<\/div><div class=\"col-sm-8  vc_\">\n\t\t<div class=\"wpb_wrapper\">\n\t\t\t\n\t<div class=\"wpb_text_column wpb_content_element\" >\n\t\t<div class=\"wpb_wrapper\">\n\t\t\t\n\n\t\t<\/div>\n\t<\/div>\n\n\t\t<\/div> \n\t<\/div><div class=\"col-sm-2  vc_\">\n\t\t<div class=\"wpb_wrapper\">\n\t\t\t\n\t\t<\/div> \n\t<\/div><\/div><\/div><\/div><div class=\"wpb-container\"><div class=\"container\"><div class=\"vc_row wpb_row vc_row-fluid row\"><div class=\"col-sm-12  vc_\">\n\t\t<div class=\"wpb_wrapper\">\n\t\t\t\n\t<div class=\"wpb_text_column wpb_content_element\" >\n\t\t<div class=\"wpb_wrapper\">\n\t\t\t<h2 style=\"text-align: center;\">University Welfare and Alumni Connected with You<\/h2>\n<hr \/>\n<h3 class=\"title\" style=\"text-align: center;\">Welcome to the Employability Route of the Navarra University Foundation UNINAVARRA!<\/h3>\n\n\t\t<\/div>\n\t<\/div>\n\n\t\t<\/div> \n\t<\/div><\/div><\/div><\/div><div class=\"wpb-container\"><div class=\"container\"><div class=\"vc_row wpb_row vc_row-fluid row\"><div class=\"col-sm-12  vc_\">\n\t\t<div class=\"wpb_wrapper\">\n\t\t\t\n\t<div class=\"wpb_text_column wpb_content_element\" >\n\t\t<div class=\"wpb_wrapper\">\n\t\t\t<p style=\"text-align: justify;\"><span style=\"font-size: 18px;\">Here you will find an open door to exciting career opportunities designed specifically for our students, undergraduates and graduates. This platform is carefully designed to provide you with the necessary support in your search for new and better job opportunities.<\/span><\/p>\n<p style=\"text-align: justify;\"><span style=\"font-size: 18px;\">Through the Employability Route, our institution is committed to actively contribute to your employability, strengthening the bond and loyalty with our student community and alumni.<\/span><\/p>\n\n\t\t<\/div>\n\t<\/div>\n\n\t\t<\/div> \n\t<\/div><\/div><\/div><\/div><div class=\"wpb-container\"><div class=\"container\"><div class=\"vc_row wpb_row vc_row-fluid row\"><div class=\"col-sm-3  vc_\">\n\t\t<div class=\"wpb_wrapper\">\n\t\t\t\n\t\t<\/div> \n\t<\/div><div class=\"col-sm-6  vc_\">\n\t\t<div class=\"wpb_wrapper\">\n\t\t\t<div class=\"wpb_single_image wpb_content_element vc_align_left\">\n\t\t<div class=\"wpb_wrapper\">\n\t\t\t\n\t\t\t<a href=\"https:\/\/uninavarra.edu.co\/wp-content\/uploads\/2025\/05\/Ruta-empleabilidad-2025-2-scaled.jpg\" target=\"_self\"><img fetchpriority=\"high\" decoding=\"async\" width=\"1440\" height=\"2560\" src=\"https:\/\/uninavarra.edu.co\/wp-content\/uploads\/2025\/05\/Ruta-empleabilidad-2025-2-scaled.jpg\" class=\"vc_box_border_grey attachment-full\" alt=\"Ruta empleabilidad 2025-2\" title=\"Employability Route 2025-2\" srcset=\"https:\/\/uninavarra.edu.co\/wp-content\/uploads\/2025\/05\/Ruta-empleabilidad-2025-2-scaled.jpg 1440w, https:\/\/uninavarra.edu.co\/wp-content\/uploads\/2025\/05\/Ruta-empleabilidad-2025-2-169x300.jpg 169w, https:\/\/uninavarra.edu.co\/wp-content\/uploads\/2025\/05\/Ruta-empleabilidad-2025-2-576x1024.jpg 576w, https:\/\/uninavarra.edu.co\/wp-content\/uploads\/2025\/05\/Ruta-empleabilidad-2025-2-84x150.jpg 84w, https:\/\/uninavarra.edu.co\/wp-content\/uploads\/2025\/05\/Ruta-empleabilidad-2025-2-768x1365.jpg 768w, https:\/\/uninavarra.edu.co\/wp-content\/uploads\/2025\/05\/Ruta-empleabilidad-2025-2-864x1536.jpg 864w, https:\/\/uninavarra.edu.co\/wp-content\/uploads\/2025\/05\/Ruta-empleabilidad-2025-2-1152x2048.jpg 1152w, https:\/\/uninavarra.edu.co\/wp-content\/uploads\/2025\/05\/Ruta-empleabilidad-2025-2-7x12.jpg 7w\" sizes=\"(max-width: 1440px) 100vw, 1440px\" \/><\/a>\n\t\t<\/div> \n\t<\/div>\n\t\t<\/div> \n\t<\/div><div class=\"col-sm-3  vc_\">\n\t\t<div class=\"wpb_wrapper\">\n\t\t\t\n\t\t<\/div> \n\t<\/div><\/div><\/div><\/div><div class=\"wpb-container\"><div class=\"container\"><div class=\"vc_row wpb_row vc_row-fluid row\"><div class=\"col-sm-12  vc_\">\n\t\t<div class=\"wpb_wrapper\">\n\t\t\t\n\t<div class=\"wpb_text_column wpb_content_element\" >\n\t\t<div class=\"wpb_wrapper\">\n\t\t\t<h3 class=\"title\" style=\"text-align: center;\">Why should you sign up for the Navarra University Foundation UNINAVARRA Job Opportunities?<\/h3>\n\n\t\t<\/div>\n\t<\/div>\n\n\t\t<\/div> \n\t<\/div><\/div><\/div><\/div><div class=\"wpb-container\"><div class=\"container\"><div class=\"vc_row wpb_row vc_row-fluid row\"><div class=\"col-sm-12  vc_\">\n\t\t<div class=\"wpb_wrapper\">\n\t\t\t\n\t<div class=\"wpb_text_column wpb_content_element\" >\n\t\t<div class=\"wpb_wrapper\">\n\t\t\t<ul class=\"icon\">\n<li><span style=\"font-size: 18px;\"><strong>Zero Cost:<\/strong> You don't have to worry about any associated costs. Access to this platform is completely free for you.<\/span><\/li>\n<li><span style=\"font-size: 18px;\"><strong>Access to Relevant Opportunities:<\/strong> Find job offers that match your professional profile and experience, allowing you to explore those that best suit your skills and aspirations.<\/span><\/li>\n<li><span style=\"font-size: 18px;\"><strong>Job Orientation:<\/strong> Get valuable guidance to help you stand out in your job search. From tips on how to improve your resume to interview preparation, we're here to support you every step of the way.<\/span><\/li>\n<li><span style=\"font-size: 18px;\"><strong>Strengthening the Bond:<\/strong> By participating in our Job Board, you will strengthen your connection to the institution and become part of a strong network of students and graduates committed to professional success.<\/span><\/li>\n<\/ul>\n\n\t\t<\/div>\n\t<\/div>\n\n\t\t<\/div> \n\t<\/div><\/div><\/div><\/div>\n<\/div>","protected":false},"excerpt":{"rendered":"Bienestar Universitario y Egresados Conectado Contigo \u00a1Bienvenido a la Ruta de la Empleabilidad de la Fundaci\u00f3n Universitaria Navarra UNINAVARRA! Aqu\u00ed encontrar\u00e1s una puerta abierta a emocionantes oportunidades laborales dise\u00f1adas espec\u00edficamente [...]","protected":false},"author":13,"featured_media":43901,"parent":10,"menu_order":0,"comment_status":"closed","ping_status":"closed","template":"","meta":{"footnotes":""},"categories":[],"tags":[],"class_list":["post-43873","page","type-page","status-publish","has-post-thumbnail","hentry"],"yoast_head":"<!-- This site is optimized with the Yoast SEO plugin v27.2 - https:\/\/yoast.com\/product\/yoast-seo-wordpress\/ -->\n<title>Bolsa de Empleo Uninavarra - Uninavarra<\/title>\n<meta name=\"robots\" content=\"index, follow, max-snippet:-1, max-image-preview:large, max-video-preview:-1\" \/>\n<link rel=\"canonical\" href=\"https:\/\/uninavarra.edu.co\/en\/egresados\/bolsa-de-empleo\/\" \/>\n<meta property=\"og:locale\" content=\"en_US\" \/>\n<meta property=\"og:type\" content=\"article\" \/>\n<meta property=\"og:title\" content=\"Bolsa de Empleo Uninavarra - Uninavarra\" \/>\n<meta property=\"og:url\" content=\"https:\/\/uninavarra.edu.co\/en\/egresados\/bolsa-de-empleo\/\" \/>\n<meta property=\"og:site_name\" content=\"Uninavarra\" \/>\n<meta property=\"article:publisher\" content=\"https:\/\/www.facebook.com\/UninavarraEduca\" \/>\n<meta property=\"article:modified_time\" content=\"2025-05-27T15:39:47+00:00\" \/>\n<meta property=\"og:image\" content=\"https:\/\/uninavarra.edu.co\/wp-content\/uploads\/2021\/12\/breadcrumb-bolsa-de-empleo.jpg\" \/>\n\t<meta property=\"og:image:width\" content=\"1140\" \/>\n\t<meta property=\"og:image:height\" content=\"246\" \/>\n\t<meta property=\"og:image:type\" content=\"image\/jpeg\" \/>\n<meta name=\"twitter:card\" content=\"summary_large_image\" \/>\n<meta name=\"twitter:site\" content=\"@uninavarraeduca\" \/>\n<meta name=\"twitter:label1\" content=\"Est. reading time\" \/>\n\t<meta name=\"twitter:data1\" content=\"2 minutes\" \/>\n<script type=\"application\/ld+json\" class=\"yoast-schema-graph\">{\"@context\":\"https:\/\/schema.org\",\"@graph\":[{\"@type\":\"WebPage\",\"@id\":\"https:\/\/uninavarra.edu.co\/egresados\/bolsa-de-empleo\/\",\"url\":\"https:\/\/uninavarra.edu.co\/egresados\/bolsa-de-empleo\/\",\"name\":\"Bolsa de Empleo Uninavarra - Uninavarra\",\"isPartOf\":{\"@id\":\"https:\/\/uninavarra.edu.co\/#website\"},\"primaryImageOfPage\":{\"@id\":\"https:\/\/uninavarra.edu.co\/egresados\/bolsa-de-empleo\/#primaryimage\"},\"image\":{\"@id\":\"https:\/\/uninavarra.edu.co\/egresados\/bolsa-de-empleo\/#primaryimage\"},\"thumbnailUrl\":\"https:\/\/uninavarra.edu.co\/wp-content\/uploads\/2021\/12\/breadcrumb-bolsa-de-empleo.jpg\",\"datePublished\":\"2021-12-20T16:08:46+00:00\",\"dateModified\":\"2025-05-27T15:39:47+00:00\",\"breadcrumb\":{\"@id\":\"https:\/\/uninavarra.edu.co\/egresados\/bolsa-de-empleo\/#breadcrumb\"},\"inLanguage\":\"en-US\",\"potentialAction\":[{\"@type\":\"ReadAction\",\"target\":[\"https:\/\/uninavarra.edu.co\/egresados\/bolsa-de-empleo\/\"]}]},{\"@type\":\"ImageObject\",\"inLanguage\":\"en-US\",\"@id\":\"https:\/\/uninavarra.edu.co\/egresados\/bolsa-de-empleo\/#primaryimage\",\"url\":\"https:\/\/uninavarra.edu.co\/wp-content\/uploads\/2021\/12\/breadcrumb-bolsa-de-empleo.jpg\",\"contentUrl\":\"https:\/\/uninavarra.edu.co\/wp-content\/uploads\/2021\/12\/breadcrumb-bolsa-de-empleo.jpg\",\"width\":1140,\"height\":246},{\"@type\":\"BreadcrumbList\",\"@id\":\"https:\/\/uninavarra.edu.co\/egresados\/bolsa-de-empleo\/#breadcrumb\",\"itemListElement\":[{\"@type\":\"ListItem\",\"position\":1,\"name\":\"Home\",\"item\":\"https:\/\/uninavarra.edu.co\/\"},{\"@type\":\"ListItem\",\"position\":2,\"name\":\"Graduados\",\"item\":\"https:\/\/uninavarra.edu.co\/egresados\/\"},{\"@type\":\"ListItem\",\"position\":3,\"name\":\"Bolsa de Empleo Uninavarra\"}]},{\"@type\":\"WebSite\",\"@id\":\"https:\/\/uninavarra.edu.co\/#website\",\"url\":\"https:\/\/uninavarra.edu.co\/\",\"name\":\"UNINAVARRA\",\"description\":\"Haz realidad tu deseo de aprender\",\"publisher\":{\"@id\":\"https:\/\/uninavarra.edu.co\/#organization\"},\"potentialAction\":[{\"@type\":\"SearchAction\",\"target\":{\"@type\":\"EntryPoint\",\"urlTemplate\":\"https:\/\/uninavarra.edu.co\/?s={search_term_string}\"},\"query-input\":{\"@type\":\"PropertyValueSpecification\",\"valueRequired\":true,\"valueName\":\"search_term_string\"}}],\"inLanguage\":\"en-US\"},{\"@type\":\"Organization\",\"@id\":\"https:\/\/uninavarra.edu.co\/#organization\",\"name\":\"Fundaci\u00f3n Universitaria Navarra - UNINAVARRA\",\"url\":\"https:\/\/uninavarra.edu.co\/\",\"logo\":{\"@type\":\"ImageObject\",\"inLanguage\":\"en-US\",\"@id\":\"https:\/\/uninavarra.edu.co\/#\/schema\/logo\/image\/\",\"url\":\"https:\/\/uninavarra.edu.co\/wp-content\/uploads\/2024\/06\/Escudo-uninavarra-Solo.png\",\"contentUrl\":\"https:\/\/uninavarra.edu.co\/wp-content\/uploads\/2024\/06\/Escudo-uninavarra-Solo.png\",\"width\":1500,\"height\":1401,\"caption\":\"Fundaci\u00f3n Universitaria Navarra - UNINAVARRA\"},\"image\":{\"@id\":\"https:\/\/uninavarra.edu.co\/#\/schema\/logo\/image\/\"},\"sameAs\":[\"https:\/\/www.facebook.com\/UninavarraEduca\",\"https:\/\/x.com\/uninavarraeduca\",\"https:\/\/www.instagram.com\/uninavarra\/?hl=es\",\"https:\/\/www.linkedin.com\/in\/fundacin-universitaria-navarra-uninavarra-b41225222\/\"]}]}<\/script>\n<!-- \/ Yoast SEO plugin. -->","yoast_head_json":{"title":"Bolsa de Empleo Uninavarra - Uninavarra","robots":{"index":"index","follow":"follow","max-snippet":"max-snippet:-1","max-image-preview":"max-image-preview:large","max-video-preview":"max-video-preview:-1"},"canonical":"https:\/\/uninavarra.edu.co\/en\/egresados\/bolsa-de-empleo\/","og_locale":"en_US","og_type":"article","og_title":"Bolsa de Empleo Uninavarra - Uninavarra","og_url":"https:\/\/uninavarra.edu.co\/en\/egresados\/bolsa-de-empleo\/","og_site_name":"Uninavarra","article_publisher":"https:\/\/www.facebook.com\/UninavarraEduca","article_modified_time":"2025-05-27T15:39:47+00:00","og_image":[{"width":1140,"height":246,"url":"https:\/\/uninavarra.edu.co\/wp-content\/uploads\/2021\/12\/breadcrumb-bolsa-de-empleo.jpg","type":"image\/jpeg"}],"twitter_card":"summary_large_image","twitter_site":"@uninavarraeduca","twitter_misc":{"Est. reading time":"2 minutes"},"schema":{"@context":"https:\/\/schema.org","@graph":[{"@type":"WebPage","@id":"https:\/\/uninavarra.edu.co\/egresados\/bolsa-de-empleo\/","url":"https:\/\/uninavarra.edu.co\/egresados\/bolsa-de-empleo\/","name":"Bolsa de Empleo Uninavarra - Uninavarra","isPartOf":{"@id":"https:\/\/uninavarra.edu.co\/#website"},"primaryImageOfPage":{"@id":"https:\/\/uninavarra.edu.co\/egresados\/bolsa-de-empleo\/#primaryimage"},"image":{"@id":"https:\/\/uninavarra.edu.co\/egresados\/bolsa-de-empleo\/#primaryimage"},"thumbnailUrl":"https:\/\/uninavarra.edu.co\/wp-content\/uploads\/2021\/12\/breadcrumb-bolsa-de-empleo.jpg","datePublished":"2021-12-20T16:08:46+00:00","dateModified":"2025-05-27T15:39:47+00:00","breadcrumb":{"@id":"https:\/\/uninavarra.edu.co\/egresados\/bolsa-de-empleo\/#breadcrumb"},"inLanguage":"en-US","potentialAction":[{"@type":"ReadAction","target":["https:\/\/uninavarra.edu.co\/egresados\/bolsa-de-empleo\/"]}]},{"@type":"ImageObject","inLanguage":"en-US","@id":"https:\/\/uninavarra.edu.co\/egresados\/bolsa-de-empleo\/#primaryimage","url":"https:\/\/uninavarra.edu.co\/wp-content\/uploads\/2021\/12\/breadcrumb-bolsa-de-empleo.jpg","contentUrl":"https:\/\/uninavarra.edu.co\/wp-content\/uploads\/2021\/12\/breadcrumb-bolsa-de-empleo.jpg","width":1140,"height":246},{"@type":"BreadcrumbList","@id":"https:\/\/uninavarra.edu.co\/egresados\/bolsa-de-empleo\/#breadcrumb","itemListElement":[{"@type":"ListItem","position":1,"name":"Home","item":"https:\/\/uninavarra.edu.co\/"},{"@type":"ListItem","position":2,"name":"Graduados","item":"https:\/\/uninavarra.edu.co\/egresados\/"},{"@type":"ListItem","position":3,"name":"Bolsa de Empleo Uninavarra"}]},{"@type":"WebSite","@id":"https:\/\/uninavarra.edu.co\/#website","url":"https:\/\/uninavarra.edu.co\/","name":"UNINAVARRA","description":"Make your desire to learn a reality","publisher":{"@id":"https:\/\/uninavarra.edu.co\/#organization"},"potentialAction":[{"@type":"SearchAction","target":{"@type":"EntryPoint","urlTemplate":"https:\/\/uninavarra.edu.co\/?s={search_term_string}"},"query-input":{"@type":"PropertyValueSpecification","valueRequired":true,"valueName":"search_term_string"}}],"inLanguage":"en-US"},{"@type":"Organization","@id":"https:\/\/uninavarra.edu.co\/#organization","name":"Navarre University Foundation - UNINAVARRA","url":"https:\/\/uninavarra.edu.co\/","logo":{"@type":"ImageObject","inLanguage":"en-US","@id":"https:\/\/uninavarra.edu.co\/#\/schema\/logo\/image\/","url":"https:\/\/uninavarra.edu.co\/wp-content\/uploads\/2024\/06\/Escudo-uninavarra-Solo.png","contentUrl":"https:\/\/uninavarra.edu.co\/wp-content\/uploads\/2024\/06\/Escudo-uninavarra-Solo.png","width":1500,"height":1401,"caption":"Fundaci\u00f3n Universitaria Navarra - UNINAVARRA"},"image":{"@id":"https:\/\/uninavarra.edu.co\/#\/schema\/logo\/image\/"},"sameAs":["https:\/\/www.facebook.com\/UninavarraEduca","https:\/\/x.com\/uninavarraeduca","https:\/\/www.instagram.com\/uninavarra\/?hl=es","https:\/\/www.linkedin.com\/in\/fundacin-universitaria-navarra-uninavarra-b41225222\/"]}]}},"_links":{"self":[{"href":"https:\/\/uninavarra.edu.co\/en\/wp-json\/wp\/v2\/pages\/43873","targetHints":{"allow":["GET"]}}],"collection":[{"href":"https:\/\/uninavarra.edu.co\/en\/wp-json\/wp\/v2\/pages"}],"about":[{"href":"https:\/\/uninavarra.edu.co\/en\/wp-json\/wp\/v2\/types\/page"}],"author":[{"embeddable":true,"href":"https:\/\/uninavarra.edu.co\/en\/wp-json\/wp\/v2\/users\/13"}],"replies":[{"embeddable":true,"href":"https:\/\/uninavarra.edu.co\/en\/wp-json\/wp\/v2\/comments?post=43873"}],"version-history":[{"count":0,"href":"https:\/\/uninavarra.edu.co\/en\/wp-json\/wp\/v2\/pages\/43873\/revisions"}],"up":[{"embeddable":true,"href":"https:\/\/uninavarra.edu.co\/en\/wp-json\/wp\/v2\/pages\/10"}],"wp:featuredmedia":[{"embeddable":true,"href":"https:\/\/uninavarra.edu.co\/en\/wp-json\/wp\/v2\/media\/43901"}],"wp:attachment":[{"href":"https:\/\/uninavarra.edu.co\/en\/wp-json\/wp\/v2\/media?parent=43873"}],"wp:term":[{"taxonomy":"category","embeddable":true,"href":"https:\/\/uninavarra.edu.co\/en\/wp-json\/wp\/v2\/categories?post=43873"},{"taxonomy":"post_tag","embeddable":true,"href":"https:\/\/uninavarra.edu.co\/en\/wp-json\/wp\/v2\/tags?post=43873"}],"curies":[{"name":"wp","href":"https:\/\/api.w.org\/{rel}","templated":true}]}}